{"id":2187,"date":"2025-10-01T20:41:37","date_gmt":"2025-10-01T20:41:37","guid":{"rendered":"https:\/\/happyinaknit.com\/?post_type=product&#038;p=2187"},"modified":"2026-04-04T15:17:04","modified_gmt":"2026-04-04T15:17:04","slug":"lana-grossa-natural-superkid-tweed","status":"publish","type":"product","link":"https:\/\/happyinaknit.com\/lt\/produktas\/lana-grossa-natural-superkid-tweed\/","title":{"rendered":"Lana Grossa  Natural Superkid Tweed"},"content":{"rendered":"<p data-start=\"77\" data-end=\"466\">Ploni prabang\u016bs si\u016blai \u0161ilko pagrindu su subtiliais tweed intarpais. Atrodo ne\u012fprastai, eleganti\u0161kai ir rafinuotai. Si\u016blai yra p\u016bkuoti \u00a0ir labai \u0161veln\u016bs, puikiai tinka kiaurara\u0161\u010diams bei lygioms akims. I\u0161 j\u0173 numegzti megztiniai ar kardiganai atrodo moteri\u0161kai \u00a0ir itin lengvai<\/p>\n<p data-start=\"468\" data-end=\"692\"><strong data-start=\"468\" data-end=\"482\">\u012ekv\u0117pimui:<\/strong> i\u0161 <em data-start=\"486\" data-end=\"502\">Superkid Tweed<\/em> galima numegzti dry\u017euot\u0105 polo pagal <em data-start=\"539\" data-end=\"552\">Lana Grossa<\/em> \u017eurnalo apra\u0161ym\u0105 \u2013 reik\u0117s 3 kamuoliuk\u0173 pagrindin\u0117s spalvos ir po 1 kamuoliuk\u0105 4 papildom\u0173 spalv\u0173. (Apra\u0161ymas dovanojamas perkant si\u016blus.)<\/p>\n<ul data-start=\"694\" data-end=\"1119\">\n<li data-start=\"694\" data-end=\"778\">\n<p data-start=\"696\" data-end=\"778\"><strong data-start=\"696\" data-end=\"708\">Sud\u0117tis:<\/strong> 60 % moheris (Superkid), 30 % \u0161ilkas, 7 % medviln\u0117, 3 % poliesteris<\/p>\n<\/li>\n<li data-start=\"806\" data-end=\"845\">\n<p data-start=\"808\" data-end=\"845\"><strong data-start=\"808\" data-end=\"830\">Svoris \/ metra\u017eas:<\/strong> 25 g &#8211; 200 m<\/p>\n<\/li>\n<li data-start=\"846\" data-end=\"889\">\n<p data-start=\"848\" data-end=\"889\"><strong data-start=\"848\" data-end=\"876\">Rekomenduojami virbalai:<\/strong> 4,5\u20135,0 mm<\/p>\n<\/li>\n<li data-start=\"890\" data-end=\"940\">\n<p data-start=\"892\" data-end=\"940\"><strong data-start=\"892\" data-end=\"918\">Tankumas (10 \u00d7 10 cm):<\/strong> ~21 akis \u00d7 30 eili\u0173<\/p>\n<\/li>\n<li data-start=\"941\" data-end=\"1028\">\n<p data-start=\"943\" data-end=\"1028\"><strong data-start=\"943\" data-end=\"971\">Apytikslis sunaudojimas:<\/strong> vidutiniam moteri\u0161kam gaminiui iki 44\u201346 dyd\u017eio ~150 g<\/p>\n<\/li>\n<li data-start=\"1029\" data-end=\"1119\">\n<p data-start=\"1031\" data-end=\"1047\"><strong data-start=\"1031\" data-end=\"1045\">Prie\u017ei\u016bra:<\/strong><\/p>\n<ul data-start=\"1050\" data-end=\"1119\">\n<li data-start=\"1050\" data-end=\"1080\">\n<p data-start=\"1052\" data-end=\"1080\">Skalbti rankomis iki 30 \u00b0C<\/p>\n<\/li>\n<li data-start=\"1083\" data-end=\"1119\">\n<p data-start=\"1085\" data-end=\"1119\">D\u017eiovinti patiesus horizontaliai<\/p>\n<\/li>\n<\/ul>\n<\/li>\n<\/ul>\n","protected":false},"excerpt":{"rendered":"<p>Ploni prabang\u016bs si\u016blai \u0161ilko pagrindu su subtiliais tweed intarpais. Atrodo ne\u012fprastai, eleganti\u0161kai ir rafinuotai. Si\u016blai yra p\u016bkuoti \u00a0ir labai \u0161veln\u016bs, puikiai tinka kiaurara\u0161\u010diams bei lygioms akims. I\u0161 j\u0173 numegzti megztiniai ar kardiganai atrodo moteri\u0161kai \u00a0ir itin lengvai \u012ekv\u0117pimui: i\u0161 Superkid Tweed galima numegzti dry\u017euot\u0105 polo pagal Lana Grossa \u017eurnalo apra\u0161ym\u0105 \u2013 reik\u0117s 3 kamuoliuk\u0173 pagrindin\u0117s [&hellip;]<\/p>\n","protected":false},"featured_media":2191,"comment_status":"open","ping_status":"closed","template":"","meta":{"_acf_changed":false},"product_brand":[67],"product_cat":[15,18],"product_tag":[],"pro-kategorijos":[74,77],"class_list":{"0":"post-2187","1":"product","2":"type-product","3":"status-publish","4":"has-post-thumbnail","6":"product_brand-lana-grossa","7":"product_cat-visi-produktai","8":"product_cat-siulai","9":"pro-kategorijos-moheras","10":"pro-kategorijos-silkas","12":"first","13":"instock","14":"shipping-taxable","15":"purchasable","16":"product-type-variable"},"acf":[],"yoast_head":"<!-- This site is optimized with the Yoast SEO plugin v26.8 - https:\/\/yoast.com\/product\/yoast-seo-wordpress\/ -->\n<title>Lana Grossa Natural Superkid Tweed - Happyinaknit.com<\/title>\n<meta name=\"robots\" content=\"index, follow, max-snippet:-1, max-image-preview:large, max-video-preview:-1\" \/>\n<link rel=\"canonical\" href=\"https:\/\/happyinaknit.com\/lt\/produktas\/lana-grossa-natural-superkid-tweed\/\" \/>\n<meta property=\"og:locale\" content=\"lt_LT\" \/>\n<meta property=\"og:type\" content=\"article\" \/>\n<meta property=\"og:title\" content=\"Lana Grossa Natural Superkid Tweed - Happyinaknit.com\" \/>\n<meta property=\"og:description\" content=\"Ploni prabang\u016bs si\u016blai \u0161ilko pagrindu su subtiliais tweed intarpais. Atrodo ne\u012fprastai, eleganti\u0161kai ir rafinuotai. Si\u016blai yra p\u016bkuoti \u00a0ir labai \u0161veln\u016bs, puikiai tinka kiaurara\u0161\u010diams bei lygioms akims. I\u0161 j\u0173 numegzti megztiniai ar kardiganai atrodo moteri\u0161kai \u00a0ir itin lengvai \u012ekv\u0117pimui: i\u0161 Superkid Tweed galima numegzti dry\u017euot\u0105 polo pagal Lana Grossa \u017eurnalo apra\u0161ym\u0105 \u2013 reik\u0117s 3 kamuoliuk\u0173 pagrindin\u0117s [&hellip;]\" \/>\n<meta property=\"og:url\" content=\"https:\/\/happyinaknit.com\/lt\/produktas\/lana-grossa-natural-superkid-tweed\/\" \/>\n<meta property=\"og:site_name\" content=\"Happyinaknit.com\" \/>\n<meta property=\"article:modified_time\" content=\"2026-04-04T15:17:04+00:00\" \/>\n<meta property=\"og:image\" content=\"https:\/\/happyinaknit.com\/wp-content\/uploads\/2025\/10\/IMG_8282.jpg\" \/>\n\t<meta property=\"og:image:width\" content=\"1280\" \/>\n\t<meta property=\"og:image:height\" content=\"1479\" \/>\n\t<meta property=\"og:image:type\" content=\"image\/jpeg\" \/>\n<meta name=\"twitter:card\" content=\"summary_large_image\" \/>\n<meta name=\"twitter:label1\" content=\"Est. reading time\" \/>\n\t<meta name=\"twitter:data1\" content=\"1 minut\u0117\" \/>\n<script type=\"application\/ld+json\" class=\"yoast-schema-graph\">{\"@context\":\"https:\/\/schema.org\",\"@graph\":[{\"@type\":\"WebPage\",\"@id\":\"https:\/\/happyinaknit.com\/produktas\/lana-grossa-natural-superkid-tweed\/\",\"url\":\"https:\/\/happyinaknit.com\/produktas\/lana-grossa-natural-superkid-tweed\/\",\"name\":\"Lana Grossa Natural Superkid Tweed - Happyinaknit.com\",\"isPartOf\":{\"@id\":\"https:\/\/happyinaknit.com\/lt\/#website\"},\"primaryImageOfPage\":{\"@id\":\"https:\/\/happyinaknit.com\/produktas\/lana-grossa-natural-superkid-tweed\/#primaryimage\"},\"image\":{\"@id\":\"https:\/\/happyinaknit.com\/produktas\/lana-grossa-natural-superkid-tweed\/#primaryimage\"},\"thumbnailUrl\":\"https:\/\/happyinaknit.com\/wp-content\/uploads\/2025\/10\/IMG_8282.jpg\",\"datePublished\":\"2025-10-01T20:41:37+00:00\",\"dateModified\":\"2026-04-04T15:17:04+00:00\",\"breadcrumb\":{\"@id\":\"https:\/\/happyinaknit.com\/produktas\/lana-grossa-natural-superkid-tweed\/#breadcrumb\"},\"inLanguage\":\"lt-LT\",\"potentialAction\":[{\"@type\":\"ReadAction\",\"target\":[\"https:\/\/happyinaknit.com\/produktas\/lana-grossa-natural-superkid-tweed\/\"]}]},{\"@type\":\"ImageObject\",\"inLanguage\":\"lt-LT\",\"@id\":\"https:\/\/happyinaknit.com\/produktas\/lana-grossa-natural-superkid-tweed\/#primaryimage\",\"url\":\"https:\/\/happyinaknit.com\/wp-content\/uploads\/2025\/10\/IMG_8282.jpg\",\"contentUrl\":\"https:\/\/happyinaknit.com\/wp-content\/uploads\/2025\/10\/IMG_8282.jpg\",\"width\":1280,\"height\":1479},{\"@type\":\"BreadcrumbList\",\"@id\":\"https:\/\/happyinaknit.com\/produktas\/lana-grossa-natural-superkid-tweed\/#breadcrumb\",\"itemListElement\":[{\"@type\":\"ListItem\",\"position\":1,\"name\":\"Home\",\"item\":\"https:\/\/happyinaknit.com\/lt\/\"},{\"@type\":\"ListItem\",\"position\":2,\"name\":\"Parduotuv\u0117\",\"item\":\"https:\/\/happyinaknit.com\/lt\/parduotuve\/\"},{\"@type\":\"ListItem\",\"position\":3,\"name\":\"Lana Grossa Natural Superkid Tweed\"}]},{\"@type\":\"WebSite\",\"@id\":\"https:\/\/happyinaknit.com\/lt\/#website\",\"url\":\"https:\/\/happyinaknit.com\/lt\/\",\"name\":\"Happyinaknit.com\",\"description\":\"\",\"potentialAction\":[{\"@type\":\"SearchAction\",\"target\":{\"@type\":\"EntryPoint\",\"urlTemplate\":\"https:\/\/happyinaknit.com\/lt\/?s={search_term_string}\"},\"query-input\":{\"@type\":\"PropertyValueSpecification\",\"valueRequired\":true,\"valueName\":\"search_term_string\"}}],\"inLanguage\":\"lt-LT\"}]}<\/script>\n<!-- \/ Yoast SEO plugin. -->","yoast_head_json":{"title":"Lana Grossa Natural Superkid Tweed - Happyinaknit.com","robots":{"index":"index","follow":"follow","max-snippet":"max-snippet:-1","max-image-preview":"max-image-preview:large","max-video-preview":"max-video-preview:-1"},"canonical":"https:\/\/happyinaknit.com\/lt\/produktas\/lana-grossa-natural-superkid-tweed\/","og_locale":"lt_LT","og_type":"article","og_title":"Lana Grossa Natural Superkid Tweed - Happyinaknit.com","og_description":"Ploni prabang\u016bs si\u016blai \u0161ilko pagrindu su subtiliais tweed intarpais. Atrodo ne\u012fprastai, eleganti\u0161kai ir rafinuotai. Si\u016blai yra p\u016bkuoti \u00a0ir labai \u0161veln\u016bs, puikiai tinka kiaurara\u0161\u010diams bei lygioms akims. I\u0161 j\u0173 numegzti megztiniai ar kardiganai atrodo moteri\u0161kai \u00a0ir itin lengvai \u012ekv\u0117pimui: i\u0161 Superkid Tweed galima numegzti dry\u017euot\u0105 polo pagal Lana Grossa \u017eurnalo apra\u0161ym\u0105 \u2013 reik\u0117s 3 kamuoliuk\u0173 pagrindin\u0117s [&hellip;]","og_url":"https:\/\/happyinaknit.com\/lt\/produktas\/lana-grossa-natural-superkid-tweed\/","og_site_name":"Happyinaknit.com","article_modified_time":"2026-04-04T15:17:04+00:00","og_image":[{"width":1280,"height":1479,"url":"https:\/\/happyinaknit.com\/wp-content\/uploads\/2025\/10\/IMG_8282.jpg","type":"image\/jpeg"}],"twitter_card":"summary_large_image","twitter_misc":{"Est. reading time":"1 minut\u0117"},"schema":{"@context":"https:\/\/schema.org","@graph":[{"@type":"WebPage","@id":"https:\/\/happyinaknit.com\/produktas\/lana-grossa-natural-superkid-tweed\/","url":"https:\/\/happyinaknit.com\/produktas\/lana-grossa-natural-superkid-tweed\/","name":"Lana Grossa Natural Superkid Tweed - Happyinaknit.com","isPartOf":{"@id":"https:\/\/happyinaknit.com\/lt\/#website"},"primaryImageOfPage":{"@id":"https:\/\/happyinaknit.com\/produktas\/lana-grossa-natural-superkid-tweed\/#primaryimage"},"image":{"@id":"https:\/\/happyinaknit.com\/produktas\/lana-grossa-natural-superkid-tweed\/#primaryimage"},"thumbnailUrl":"https:\/\/happyinaknit.com\/wp-content\/uploads\/2025\/10\/IMG_8282.jpg","datePublished":"2025-10-01T20:41:37+00:00","dateModified":"2026-04-04T15:17:04+00:00","breadcrumb":{"@id":"https:\/\/happyinaknit.com\/produktas\/lana-grossa-natural-superkid-tweed\/#breadcrumb"},"inLanguage":"lt-LT","potentialAction":[{"@type":"ReadAction","target":["https:\/\/happyinaknit.com\/produktas\/lana-grossa-natural-superkid-tweed\/"]}]},{"@type":"ImageObject","inLanguage":"lt-LT","@id":"https:\/\/happyinaknit.com\/produktas\/lana-grossa-natural-superkid-tweed\/#primaryimage","url":"https:\/\/happyinaknit.com\/wp-content\/uploads\/2025\/10\/IMG_8282.jpg","contentUrl":"https:\/\/happyinaknit.com\/wp-content\/uploads\/2025\/10\/IMG_8282.jpg","width":1280,"height":1479},{"@type":"BreadcrumbList","@id":"https:\/\/happyinaknit.com\/produktas\/lana-grossa-natural-superkid-tweed\/#breadcrumb","itemListElement":[{"@type":"ListItem","position":1,"name":"Home","item":"https:\/\/happyinaknit.com\/lt\/"},{"@type":"ListItem","position":2,"name":"Parduotuv\u0117","item":"https:\/\/happyinaknit.com\/lt\/parduotuve\/"},{"@type":"ListItem","position":3,"name":"Lana Grossa Natural Superkid Tweed"}]},{"@type":"WebSite","@id":"https:\/\/happyinaknit.com\/lt\/#website","url":"https:\/\/happyinaknit.com\/lt\/","name":"Happyinaknit.com","description":"","potentialAction":[{"@type":"SearchAction","target":{"@type":"EntryPoint","urlTemplate":"https:\/\/happyinaknit.com\/lt\/?s={search_term_string}"},"query-input":{"@type":"PropertyValueSpecification","valueRequired":true,"valueName":"search_term_string"}}],"inLanguage":"lt-LT"}]}},"_links":{"self":[{"href":"https:\/\/happyinaknit.com\/lt\/wp-json\/wp\/v2\/product\/2187","targetHints":{"allow":["GET"]}}],"collection":[{"href":"https:\/\/happyinaknit.com\/lt\/wp-json\/wp\/v2\/product"}],"about":[{"href":"https:\/\/happyinaknit.com\/lt\/wp-json\/wp\/v2\/types\/product"}],"replies":[{"embeddable":true,"href":"https:\/\/happyinaknit.com\/lt\/wp-json\/wp\/v2\/comments?post=2187"}],"wp:featuredmedia":[{"embeddable":true,"href":"https:\/\/happyinaknit.com\/lt\/wp-json\/wp\/v2\/media\/2191"}],"wp:attachment":[{"href":"https:\/\/happyinaknit.com\/lt\/wp-json\/wp\/v2\/media?parent=2187"}],"wp:term":[{"taxonomy":"product_brand","embeddable":true,"href":"https:\/\/happyinaknit.com\/lt\/wp-json\/wp\/v2\/product_brand?post=2187"},{"taxonomy":"product_cat","embeddable":true,"href":"https:\/\/happyinaknit.com\/lt\/wp-json\/wp\/v2\/product_cat?post=2187"},{"taxonomy":"product_tag","embeddable":true,"href":"https:\/\/happyinaknit.com\/lt\/wp-json\/wp\/v2\/product_tag?post=2187"},{"taxonomy":"pro-kategorijos","embeddable":true,"href":"https:\/\/happyinaknit.com\/lt\/wp-json\/wp\/v2\/pro-kategorijos?post=2187"}],"curies":[{"name":"wp","href":"https:\/\/api.w.org\/{rel}","templated":true}]}}