{"id":2180,"date":"2025-10-01T20:09:13","date_gmt":"2025-10-01T20:09:13","guid":{"rendered":"https:\/\/happyinaknit.com\/?post_type=product&#038;p=2180"},"modified":"2026-02-23T13:10:17","modified_gmt":"2026-02-23T13:10:17","slug":"lana-grossa-glamour","status":"publish","type":"product","link":"https:\/\/happyinaknit.com\/lt\/produktas\/lana-grossa-glamour\/","title":{"rendered":"Lana Grossa Glamour"},"content":{"rendered":"<p data-start=\"91\" data-end=\"427\">Eleganti\u0161ka prabangaus \u017evilgesio si\u016bl\u0173 r\u016b\u0161is su subtiliais blizgiais efektais. \u0160ie si\u016blai puikiai tinka ypatingoms progoms skirt\u0173 drabu\u017ei\u0173 ar aksesuar\u0173 mezgimui, suteikdami mezginiams rafinuotumo ir \u017eaismingos elegancijos. Gali b\u016bti naudojami tiek vieni, tiek derinant su kitais si\u016blais akcentams i\u0161ry\u0161kinti.<\/p>\n<ul data-start=\"429\" data-end=\"930\">\n<li data-start=\"429\" data-end=\"479\">\n<p data-start=\"431\" data-end=\"479\"><strong data-start=\"431\" data-end=\"443\">Sud\u0117tis:<\/strong> 55 % poliamidas, 45 % poliesteris<\/p>\n<\/li>\n<li data-start=\"480\" data-end=\"519\">\n<p data-start=\"482\" data-end=\"519\"><strong data-start=\"482\" data-end=\"504\">Svoris \/ metra\u017eas:<\/strong> 25 g &#8211; 115 m<\/p>\n<\/li>\n<li data-start=\"520\" data-end=\"614\">\n<p data-start=\"522\" data-end=\"614\"><strong data-start=\"522\" data-end=\"550\">Rekomenduojami virbalai:<\/strong> nenurodyti (da\u017eniausiai 3,5\u20134,5 mm, priklausomai nuo derinio)<\/p>\n<\/li>\n<li data-start=\"615\" data-end=\"713\">\n<p data-start=\"617\" data-end=\"713\"><strong data-start=\"617\" data-end=\"643\">Tankumas: <\/strong>nenurodytas (priklauso nuo mezgimo b\u016bdo ir naudojam\u0173 si\u016bl\u0173 derinio)<\/p>\n<\/li>\n<li data-start=\"714\" data-end=\"835\">\n<p data-start=\"716\" data-end=\"835\"><strong data-start=\"716\" data-end=\"744\">Apytikslis sunaudojimas:<\/strong> priklauso nuo projekto (da\u017eniausiai naudojami akcentams ar kaip priedas prie kit\u0173 si\u016bl\u0173)<\/p>\n<\/li>\n<li data-start=\"836\" data-end=\"930\">\n<p data-start=\"838\" data-end=\"930\"><strong data-start=\"838\" data-end=\"852\">Prie\u017ei\u016bra:<\/strong> rekomenduojama skalbti rankomis iki 30 \u00b0C, d\u017eiovinti patiesus horizontaliai<\/p>\n<\/li>\n<\/ul>\n","protected":false},"excerpt":{"rendered":"<p>Eleganti\u0161ka prabangaus \u017evilgesio si\u016bl\u0173 r\u016b\u0161is su subtiliais blizgiais efektais. \u0160ie si\u016blai puikiai tinka ypatingoms progoms skirt\u0173 drabu\u017ei\u0173 ar aksesuar\u0173 mezgimui, suteikdami mezginiams rafinuotumo ir \u017eaismingos elegancijos. Gali b\u016bti naudojami tiek vieni, tiek derinant su kitais si\u016blais akcentams i\u0161ry\u0161kinti. Sud\u0117tis: 55 % poliamidas, 45 % poliesteris Svoris \/ metra\u017eas: 25 g &#8211; 115 m Rekomenduojami virbalai: [&hellip;]<\/p>\n","protected":false},"featured_media":2181,"comment_status":"open","ping_status":"closed","template":"","meta":{"_acf_changed":false},"product_brand":[67],"product_cat":[15,18,323],"product_tag":[],"pro-kategorijos":[81],"class_list":{"0":"post-2180","1":"product","2":"type-product","3":"status-publish","4":"has-post-thumbnail","6":"product_brand-lana-grossa","7":"product_cat-visi-produktai","8":"product_cat-siulai","9":"product_cat-siulai-su-lureksu-ir-zvyneliais","10":"pro-kategorijos-poliamidas-zvyneliai","12":"first","13":"instock","14":"shipping-taxable","15":"purchasable","16":"product-type-variable"},"acf":[],"yoast_head":"<!-- This site is optimized with the Yoast SEO plugin v26.8 - https:\/\/yoast.com\/product\/yoast-seo-wordpress\/ -->\n<title>Lana Grossa Glamour - Happyinaknit.com<\/title>\n<meta name=\"robots\" content=\"index, follow, max-snippet:-1, max-image-preview:large, max-video-preview:-1\" \/>\n<link rel=\"canonical\" href=\"https:\/\/happyinaknit.com\/lt\/produktas\/lana-grossa-glamour\/\" \/>\n<meta property=\"og:locale\" content=\"lt_LT\" \/>\n<meta property=\"og:type\" content=\"article\" \/>\n<meta property=\"og:title\" content=\"Lana Grossa Glamour - Happyinaknit.com\" \/>\n<meta property=\"og:description\" content=\"Eleganti\u0161ka prabangaus \u017evilgesio si\u016bl\u0173 r\u016b\u0161is su subtiliais blizgiais efektais. \u0160ie si\u016blai puikiai tinka ypatingoms progoms skirt\u0173 drabu\u017ei\u0173 ar aksesuar\u0173 mezgimui, suteikdami mezginiams rafinuotumo ir \u017eaismingos elegancijos. Gali b\u016bti naudojami tiek vieni, tiek derinant su kitais si\u016blais akcentams i\u0161ry\u0161kinti. Sud\u0117tis: 55 % poliamidas, 45 % poliesteris Svoris \/ metra\u017eas: 25 g &#8211; 115 m Rekomenduojami virbalai: [&hellip;]\" \/>\n<meta property=\"og:url\" content=\"https:\/\/happyinaknit.com\/lt\/produktas\/lana-grossa-glamour\/\" \/>\n<meta property=\"og:site_name\" content=\"Happyinaknit.com\" \/>\n<meta property=\"article:modified_time\" content=\"2026-02-23T13:10:17+00:00\" \/>\n<meta property=\"og:image\" content=\"https:\/\/happyinaknit.com\/wp-content\/uploads\/2025\/10\/IMG_8267.jpg\" \/>\n\t<meta property=\"og:image:width\" content=\"1302\" \/>\n\t<meta property=\"og:image:height\" content=\"1582\" \/>\n\t<meta property=\"og:image:type\" content=\"image\/jpeg\" \/>\n<meta name=\"twitter:card\" content=\"summary_large_image\" \/>\n<meta name=\"twitter:label1\" content=\"Est. reading time\" \/>\n\t<meta name=\"twitter:data1\" content=\"1 minut\u0117\" \/>\n<script type=\"application\/ld+json\" class=\"yoast-schema-graph\">{\"@context\":\"https:\/\/schema.org\",\"@graph\":[{\"@type\":\"WebPage\",\"@id\":\"https:\/\/happyinaknit.com\/produktas\/lana-grossa-glamour\/\",\"url\":\"https:\/\/happyinaknit.com\/produktas\/lana-grossa-glamour\/\",\"name\":\"Lana Grossa Glamour - Happyinaknit.com\",\"isPartOf\":{\"@id\":\"https:\/\/happyinaknit.com\/lt\/#website\"},\"primaryImageOfPage\":{\"@id\":\"https:\/\/happyinaknit.com\/produktas\/lana-grossa-glamour\/#primaryimage\"},\"image\":{\"@id\":\"https:\/\/happyinaknit.com\/produktas\/lana-grossa-glamour\/#primaryimage\"},\"thumbnailUrl\":\"https:\/\/happyinaknit.com\/wp-content\/uploads\/2025\/10\/IMG_8267.jpg\",\"datePublished\":\"2025-10-01T20:09:13+00:00\",\"dateModified\":\"2026-02-23T13:10:17+00:00\",\"breadcrumb\":{\"@id\":\"https:\/\/happyinaknit.com\/produktas\/lana-grossa-glamour\/#breadcrumb\"},\"inLanguage\":\"lt-LT\",\"potentialAction\":[{\"@type\":\"ReadAction\",\"target\":[\"https:\/\/happyinaknit.com\/produktas\/lana-grossa-glamour\/\"]}]},{\"@type\":\"ImageObject\",\"inLanguage\":\"lt-LT\",\"@id\":\"https:\/\/happyinaknit.com\/produktas\/lana-grossa-glamour\/#primaryimage\",\"url\":\"https:\/\/happyinaknit.com\/wp-content\/uploads\/2025\/10\/IMG_8267.jpg\",\"contentUrl\":\"https:\/\/happyinaknit.com\/wp-content\/uploads\/2025\/10\/IMG_8267.jpg\",\"width\":1302,\"height\":1582},{\"@type\":\"BreadcrumbList\",\"@id\":\"https:\/\/happyinaknit.com\/produktas\/lana-grossa-glamour\/#breadcrumb\",\"itemListElement\":[{\"@type\":\"ListItem\",\"position\":1,\"name\":\"Home\",\"item\":\"https:\/\/happyinaknit.com\/lt\/\"},{\"@type\":\"ListItem\",\"position\":2,\"name\":\"Parduotuv\u0117\",\"item\":\"https:\/\/happyinaknit.com\/lt\/parduotuve\/\"},{\"@type\":\"ListItem\",\"position\":3,\"name\":\"Lana Grossa Glamour\"}]},{\"@type\":\"WebSite\",\"@id\":\"https:\/\/happyinaknit.com\/lt\/#website\",\"url\":\"https:\/\/happyinaknit.com\/lt\/\",\"name\":\"Happyinaknit.com\",\"description\":\"\",\"potentialAction\":[{\"@type\":\"SearchAction\",\"target\":{\"@type\":\"EntryPoint\",\"urlTemplate\":\"https:\/\/happyinaknit.com\/lt\/?s={search_term_string}\"},\"query-input\":{\"@type\":\"PropertyValueSpecification\",\"valueRequired\":true,\"valueName\":\"search_term_string\"}}],\"inLanguage\":\"lt-LT\"}]}<\/script>\n<!-- \/ Yoast SEO plugin. -->","yoast_head_json":{"title":"Lana Grossa Glamour - Happyinaknit.com","robots":{"index":"index","follow":"follow","max-snippet":"max-snippet:-1","max-image-preview":"max-image-preview:large","max-video-preview":"max-video-preview:-1"},"canonical":"https:\/\/happyinaknit.com\/lt\/produktas\/lana-grossa-glamour\/","og_locale":"lt_LT","og_type":"article","og_title":"Lana Grossa Glamour - Happyinaknit.com","og_description":"Eleganti\u0161ka prabangaus \u017evilgesio si\u016bl\u0173 r\u016b\u0161is su subtiliais blizgiais efektais. \u0160ie si\u016blai puikiai tinka ypatingoms progoms skirt\u0173 drabu\u017ei\u0173 ar aksesuar\u0173 mezgimui, suteikdami mezginiams rafinuotumo ir \u017eaismingos elegancijos. Gali b\u016bti naudojami tiek vieni, tiek derinant su kitais si\u016blais akcentams i\u0161ry\u0161kinti. Sud\u0117tis: 55 % poliamidas, 45 % poliesteris Svoris \/ metra\u017eas: 25 g &#8211; 115 m Rekomenduojami virbalai: [&hellip;]","og_url":"https:\/\/happyinaknit.com\/lt\/produktas\/lana-grossa-glamour\/","og_site_name":"Happyinaknit.com","article_modified_time":"2026-02-23T13:10:17+00:00","og_image":[{"width":1302,"height":1582,"url":"https:\/\/happyinaknit.com\/wp-content\/uploads\/2025\/10\/IMG_8267.jpg","type":"image\/jpeg"}],"twitter_card":"summary_large_image","twitter_misc":{"Est. reading time":"1 minut\u0117"},"schema":{"@context":"https:\/\/schema.org","@graph":[{"@type":"WebPage","@id":"https:\/\/happyinaknit.com\/produktas\/lana-grossa-glamour\/","url":"https:\/\/happyinaknit.com\/produktas\/lana-grossa-glamour\/","name":"Lana Grossa Glamour - Happyinaknit.com","isPartOf":{"@id":"https:\/\/happyinaknit.com\/lt\/#website"},"primaryImageOfPage":{"@id":"https:\/\/happyinaknit.com\/produktas\/lana-grossa-glamour\/#primaryimage"},"image":{"@id":"https:\/\/happyinaknit.com\/produktas\/lana-grossa-glamour\/#primaryimage"},"thumbnailUrl":"https:\/\/happyinaknit.com\/wp-content\/uploads\/2025\/10\/IMG_8267.jpg","datePublished":"2025-10-01T20:09:13+00:00","dateModified":"2026-02-23T13:10:17+00:00","breadcrumb":{"@id":"https:\/\/happyinaknit.com\/produktas\/lana-grossa-glamour\/#breadcrumb"},"inLanguage":"lt-LT","potentialAction":[{"@type":"ReadAction","target":["https:\/\/happyinaknit.com\/produktas\/lana-grossa-glamour\/"]}]},{"@type":"ImageObject","inLanguage":"lt-LT","@id":"https:\/\/happyinaknit.com\/produktas\/lana-grossa-glamour\/#primaryimage","url":"https:\/\/happyinaknit.com\/wp-content\/uploads\/2025\/10\/IMG_8267.jpg","contentUrl":"https:\/\/happyinaknit.com\/wp-content\/uploads\/2025\/10\/IMG_8267.jpg","width":1302,"height":1582},{"@type":"BreadcrumbList","@id":"https:\/\/happyinaknit.com\/produktas\/lana-grossa-glamour\/#breadcrumb","itemListElement":[{"@type":"ListItem","position":1,"name":"Home","item":"https:\/\/happyinaknit.com\/lt\/"},{"@type":"ListItem","position":2,"name":"Parduotuv\u0117","item":"https:\/\/happyinaknit.com\/lt\/parduotuve\/"},{"@type":"ListItem","position":3,"name":"Lana Grossa Glamour"}]},{"@type":"WebSite","@id":"https:\/\/happyinaknit.com\/lt\/#website","url":"https:\/\/happyinaknit.com\/lt\/","name":"Happyinaknit.com","description":"","potentialAction":[{"@type":"SearchAction","target":{"@type":"EntryPoint","urlTemplate":"https:\/\/happyinaknit.com\/lt\/?s={search_term_string}"},"query-input":{"@type":"PropertyValueSpecification","valueRequired":true,"valueName":"search_term_string"}}],"inLanguage":"lt-LT"}]}},"_links":{"self":[{"href":"https:\/\/happyinaknit.com\/lt\/wp-json\/wp\/v2\/product\/2180","targetHints":{"allow":["GET"]}}],"collection":[{"href":"https:\/\/happyinaknit.com\/lt\/wp-json\/wp\/v2\/product"}],"about":[{"href":"https:\/\/happyinaknit.com\/lt\/wp-json\/wp\/v2\/types\/product"}],"replies":[{"embeddable":true,"href":"https:\/\/happyinaknit.com\/lt\/wp-json\/wp\/v2\/comments?post=2180"}],"wp:featuredmedia":[{"embeddable":true,"href":"https:\/\/happyinaknit.com\/lt\/wp-json\/wp\/v2\/media\/2181"}],"wp:attachment":[{"href":"https:\/\/happyinaknit.com\/lt\/wp-json\/wp\/v2\/media?parent=2180"}],"wp:term":[{"taxonomy":"product_brand","embeddable":true,"href":"https:\/\/happyinaknit.com\/lt\/wp-json\/wp\/v2\/product_brand?post=2180"},{"taxonomy":"product_cat","embeddable":true,"href":"https:\/\/happyinaknit.com\/lt\/wp-json\/wp\/v2\/product_cat?post=2180"},{"taxonomy":"product_tag","embeddable":true,"href":"https:\/\/happyinaknit.com\/lt\/wp-json\/wp\/v2\/product_tag?post=2180"},{"taxonomy":"pro-kategorijos","embeddable":true,"href":"https:\/\/happyinaknit.com\/lt\/wp-json\/wp\/v2\/pro-kategorijos?post=2180"}],"curies":[{"name":"wp","href":"https:\/\/api.w.org\/{rel}","templated":true}]}}