{"id":1973,"date":"2025-09-30T20:46:08","date_gmt":"2025-09-30T20:46:08","guid":{"rendered":"https:\/\/happyinaknit.com\/?post_type=product&#038;p=1973"},"modified":"2026-04-06T20:49:27","modified_gmt":"2026-04-06T20:49:27","slug":"myak-baby-yak-medium","status":"publish","type":"product","link":"https:\/\/happyinaknit.com\/lt\/produktas\/myak-baby-yak-medium\/","title":{"rendered":"Myak &#8211; Baby Yak Medium"},"content":{"rendered":"<p data-start=\"173\" data-end=\"434\">Nat\u016bral\u016bs, prabang\u016bs si\u016blai i\u0161 100 % baby jaku vilnos. Jie pasi\u017eymi ypatingu mink\u0161tumu, \u0161iluma ir tvirtumu. Mezginiai i\u0161 \u0161i\u0173 si\u016bl\u0173 yra lengvi, \u0161veln\u016bs ir ilgaam\u017eiai \u2013 puikus pasirinkimas megztiniams, \u0161alikams ar kitiems jaukiems drabu\u017eiams bei aksesuarams.<\/p>\n<ul data-start=\"436\" data-end=\"790\">\n<li data-start=\"436\" data-end=\"474\">\n<p data-start=\"438\" data-end=\"474\"><strong data-start=\"438\" data-end=\"450\">Sud\u0117tis:<\/strong> 100 % baby yako vilna<\/p>\n<\/li>\n<li data-start=\"475\" data-end=\"513\">\n<p data-start=\"477\" data-end=\"513\"><strong data-start=\"477\" data-end=\"493\">Kamuoliukas:<\/strong> 50 g &#8211; 117 m<\/p>\n<\/li>\n<li data-start=\"514\" data-end=\"557\">\n<p data-start=\"516\" data-end=\"557\"><strong data-start=\"516\" data-end=\"544\">Rekomenduojami virbalai:<\/strong> 4,5\u20135,5 mm<\/p>\n<\/li>\n<li data-start=\"558\" data-end=\"607\">\n<p data-start=\"560\" data-end=\"607\"><strong data-start=\"560\" data-end=\"573\">Tankumas:<\/strong> 10 \u00d7 10 cm = 19 akys \u00d7 28 eil\u0117s<\/p>\n<\/li>\n<li data-start=\"608\" data-end=\"680\">\n<p data-start=\"610\" data-end=\"680\"><strong data-start=\"610\" data-end=\"633\">Reikalingas kiekis:<\/strong> S\/M dyd\u017eio megztiniui \u2013 apie 9\u201310 kamuoliuk\u0173<\/p>\n<\/li>\n<li data-start=\"681\" data-end=\"790\">\n<p data-start=\"683\" data-end=\"790\"><strong data-start=\"683\" data-end=\"697\">Prie\u017ei\u016bra:<\/strong> skalbti rankomis ne auk\u0161tesn\u0117je kaip 30 \u00b0C temperat\u016broje, d\u017eiovinti patiesus horizontaliai<\/p>\n<\/li>\n<\/ul>\n<p data-start=\"792\" data-end=\"888\">Tai \u2013 ypatingos kokyb\u0117s si\u016blai, suteikiantys mezginiams \u0161ilumos, jaukumo ir nat\u016bralaus gro\u017eio.<\/p>\n","protected":false},"excerpt":{"rendered":"<p>Nat\u016bral\u016bs, prabang\u016bs si\u016blai i\u0161 100 % baby jaku vilnos. Jie pasi\u017eymi ypatingu mink\u0161tumu, \u0161iluma ir tvirtumu. Mezginiai i\u0161 \u0161i\u0173 si\u016bl\u0173 yra lengvi, \u0161veln\u016bs ir ilgaam\u017eiai \u2013 puikus pasirinkimas megztiniams, \u0161alikams ar kitiems jaukiems drabu\u017eiams bei aksesuarams. Sud\u0117tis: 100 % baby yako vilna Kamuoliukas: 50 g &#8211; 117 m Rekomenduojami virbalai: 4,5\u20135,5 mm Tankumas: 10 \u00d7 [&hellip;]<\/p>\n","protected":false},"featured_media":1994,"comment_status":"open","ping_status":"closed","template":"","meta":{"_acf_changed":false},"product_brand":[63],"product_cat":[15,18],"product_tag":[],"pro-kategorijos":[76],"class_list":{"0":"post-1973","1":"product","2":"type-product","3":"status-publish","4":"has-post-thumbnail","6":"product_brand-myak","7":"product_cat-visi-produktai","8":"product_cat-siulai","9":"pro-kategorijos-baby-yako-vilna","11":"first","12":"instock","13":"shipping-taxable","14":"purchasable","15":"product-type-variable"},"acf":[],"yoast_head":"<!-- This site is optimized with the Yoast SEO plugin v26.8 - https:\/\/yoast.com\/product\/yoast-seo-wordpress\/ -->\n<title>Myak - Baby Yak Medium - Happyinaknit.com<\/title>\n<meta name=\"robots\" content=\"index, follow, max-snippet:-1, max-image-preview:large, max-video-preview:-1\" \/>\n<link rel=\"canonical\" href=\"https:\/\/happyinaknit.com\/lt\/produktas\/myak-baby-yak-medium\/\" \/>\n<meta property=\"og:locale\" content=\"lt_LT\" \/>\n<meta property=\"og:type\" content=\"article\" \/>\n<meta property=\"og:title\" content=\"Myak - Baby Yak Medium - Happyinaknit.com\" \/>\n<meta property=\"og:description\" content=\"Nat\u016bral\u016bs, prabang\u016bs si\u016blai i\u0161 100 % baby jaku vilnos. Jie pasi\u017eymi ypatingu mink\u0161tumu, \u0161iluma ir tvirtumu. Mezginiai i\u0161 \u0161i\u0173 si\u016bl\u0173 yra lengvi, \u0161veln\u016bs ir ilgaam\u017eiai \u2013 puikus pasirinkimas megztiniams, \u0161alikams ar kitiems jaukiems drabu\u017eiams bei aksesuarams. Sud\u0117tis: 100 % baby yako vilna Kamuoliukas: 50 g &#8211; 117 m Rekomenduojami virbalai: 4,5\u20135,5 mm Tankumas: 10 \u00d7 [&hellip;]\" \/>\n<meta property=\"og:url\" content=\"https:\/\/happyinaknit.com\/lt\/produktas\/myak-baby-yak-medium\/\" \/>\n<meta property=\"og:site_name\" content=\"Happyinaknit.com\" \/>\n<meta property=\"article:modified_time\" content=\"2026-04-06T20:49:27+00:00\" \/>\n<meta property=\"og:image\" content=\"https:\/\/happyinaknit.com\/wp-content\/uploads\/2025\/09\/\u0421\u043d\u0438\u043c\u043e\u043a-\u044d\u043a\u0440\u0430\u043d\u0430-2025-10-01-\u0432-00.13.14.png\" \/>\n\t<meta property=\"og:image:width\" content=\"1150\" \/>\n\t<meta property=\"og:image:height\" content=\"1118\" \/>\n\t<meta property=\"og:image:type\" content=\"image\/png\" \/>\n<meta name=\"twitter:card\" content=\"summary_large_image\" \/>\n<meta name=\"twitter:label1\" content=\"Est. reading time\" \/>\n\t<meta name=\"twitter:data1\" content=\"1 minut\u0117\" \/>\n<script type=\"application\/ld+json\" class=\"yoast-schema-graph\">{\"@context\":\"https:\/\/schema.org\",\"@graph\":[{\"@type\":\"WebPage\",\"@id\":\"https:\/\/happyinaknit.com\/produktas\/myak-baby-yak-medium\/\",\"url\":\"https:\/\/happyinaknit.com\/produktas\/myak-baby-yak-medium\/\",\"name\":\"Myak - Baby Yak Medium - Happyinaknit.com\",\"isPartOf\":{\"@id\":\"https:\/\/happyinaknit.com\/lt\/#website\"},\"primaryImageOfPage\":{\"@id\":\"https:\/\/happyinaknit.com\/produktas\/myak-baby-yak-medium\/#primaryimage\"},\"image\":{\"@id\":\"https:\/\/happyinaknit.com\/produktas\/myak-baby-yak-medium\/#primaryimage\"},\"thumbnailUrl\":\"https:\/\/happyinaknit.com\/wp-content\/uploads\/2025\/09\/\u0421\u043d\u0438\u043c\u043e\u043a-\u044d\u043a\u0440\u0430\u043d\u0430-2025-10-01-\u0432-00.13.14.png\",\"datePublished\":\"2025-09-30T20:46:08+00:00\",\"dateModified\":\"2026-04-06T20:49:27+00:00\",\"breadcrumb\":{\"@id\":\"https:\/\/happyinaknit.com\/produktas\/myak-baby-yak-medium\/#breadcrumb\"},\"inLanguage\":\"lt-LT\",\"potentialAction\":[{\"@type\":\"ReadAction\",\"target\":[\"https:\/\/happyinaknit.com\/produktas\/myak-baby-yak-medium\/\"]}]},{\"@type\":\"ImageObject\",\"inLanguage\":\"lt-LT\",\"@id\":\"https:\/\/happyinaknit.com\/produktas\/myak-baby-yak-medium\/#primaryimage\",\"url\":\"https:\/\/happyinaknit.com\/wp-content\/uploads\/2025\/09\/\u0421\u043d\u0438\u043c\u043e\u043a-\u044d\u043a\u0440\u0430\u043d\u0430-2025-10-01-\u0432-00.13.14.png\",\"contentUrl\":\"https:\/\/happyinaknit.com\/wp-content\/uploads\/2025\/09\/\u0421\u043d\u0438\u043c\u043e\u043a-\u044d\u043a\u0440\u0430\u043d\u0430-2025-10-01-\u0432-00.13.14.png\",\"width\":1150,\"height\":1118},{\"@type\":\"BreadcrumbList\",\"@id\":\"https:\/\/happyinaknit.com\/produktas\/myak-baby-yak-medium\/#breadcrumb\",\"itemListElement\":[{\"@type\":\"ListItem\",\"position\":1,\"name\":\"Home\",\"item\":\"https:\/\/happyinaknit.com\/lt\/\"},{\"@type\":\"ListItem\",\"position\":2,\"name\":\"Parduotuv\u0117\",\"item\":\"https:\/\/happyinaknit.com\/lt\/parduotuve\/\"},{\"@type\":\"ListItem\",\"position\":3,\"name\":\"Myak &#8211; Baby Yak Medium\"}]},{\"@type\":\"WebSite\",\"@id\":\"https:\/\/happyinaknit.com\/lt\/#website\",\"url\":\"https:\/\/happyinaknit.com\/lt\/\",\"name\":\"Happyinaknit.com\",\"description\":\"\",\"potentialAction\":[{\"@type\":\"SearchAction\",\"target\":{\"@type\":\"EntryPoint\",\"urlTemplate\":\"https:\/\/happyinaknit.com\/lt\/?s={search_term_string}\"},\"query-input\":{\"@type\":\"PropertyValueSpecification\",\"valueRequired\":true,\"valueName\":\"search_term_string\"}}],\"inLanguage\":\"lt-LT\"}]}<\/script>\n<!-- \/ Yoast SEO plugin. -->","yoast_head_json":{"title":"Myak - Baby Yak Medium - Happyinaknit.com","robots":{"index":"index","follow":"follow","max-snippet":"max-snippet:-1","max-image-preview":"max-image-preview:large","max-video-preview":"max-video-preview:-1"},"canonical":"https:\/\/happyinaknit.com\/lt\/produktas\/myak-baby-yak-medium\/","og_locale":"lt_LT","og_type":"article","og_title":"Myak - Baby Yak Medium - Happyinaknit.com","og_description":"Nat\u016bral\u016bs, prabang\u016bs si\u016blai i\u0161 100 % baby jaku vilnos. Jie pasi\u017eymi ypatingu mink\u0161tumu, \u0161iluma ir tvirtumu. Mezginiai i\u0161 \u0161i\u0173 si\u016bl\u0173 yra lengvi, \u0161veln\u016bs ir ilgaam\u017eiai \u2013 puikus pasirinkimas megztiniams, \u0161alikams ar kitiems jaukiems drabu\u017eiams bei aksesuarams. Sud\u0117tis: 100 % baby yako vilna Kamuoliukas: 50 g &#8211; 117 m Rekomenduojami virbalai: 4,5\u20135,5 mm Tankumas: 10 \u00d7 [&hellip;]","og_url":"https:\/\/happyinaknit.com\/lt\/produktas\/myak-baby-yak-medium\/","og_site_name":"Happyinaknit.com","article_modified_time":"2026-04-06T20:49:27+00:00","og_image":[{"width":1150,"height":1118,"url":"https:\/\/happyinaknit.com\/wp-content\/uploads\/2025\/09\/\u0421\u043d\u0438\u043c\u043e\u043a-\u044d\u043a\u0440\u0430\u043d\u0430-2025-10-01-\u0432-00.13.14.png","type":"image\/png"}],"twitter_card":"summary_large_image","twitter_misc":{"Est. reading time":"1 minut\u0117"},"schema":{"@context":"https:\/\/schema.org","@graph":[{"@type":"WebPage","@id":"https:\/\/happyinaknit.com\/produktas\/myak-baby-yak-medium\/","url":"https:\/\/happyinaknit.com\/produktas\/myak-baby-yak-medium\/","name":"Myak - Baby Yak Medium - Happyinaknit.com","isPartOf":{"@id":"https:\/\/happyinaknit.com\/lt\/#website"},"primaryImageOfPage":{"@id":"https:\/\/happyinaknit.com\/produktas\/myak-baby-yak-medium\/#primaryimage"},"image":{"@id":"https:\/\/happyinaknit.com\/produktas\/myak-baby-yak-medium\/#primaryimage"},"thumbnailUrl":"https:\/\/happyinaknit.com\/wp-content\/uploads\/2025\/09\/\u0421\u043d\u0438\u043c\u043e\u043a-\u044d\u043a\u0440\u0430\u043d\u0430-2025-10-01-\u0432-00.13.14.png","datePublished":"2025-09-30T20:46:08+00:00","dateModified":"2026-04-06T20:49:27+00:00","breadcrumb":{"@id":"https:\/\/happyinaknit.com\/produktas\/myak-baby-yak-medium\/#breadcrumb"},"inLanguage":"lt-LT","potentialAction":[{"@type":"ReadAction","target":["https:\/\/happyinaknit.com\/produktas\/myak-baby-yak-medium\/"]}]},{"@type":"ImageObject","inLanguage":"lt-LT","@id":"https:\/\/happyinaknit.com\/produktas\/myak-baby-yak-medium\/#primaryimage","url":"https:\/\/happyinaknit.com\/wp-content\/uploads\/2025\/09\/\u0421\u043d\u0438\u043c\u043e\u043a-\u044d\u043a\u0440\u0430\u043d\u0430-2025-10-01-\u0432-00.13.14.png","contentUrl":"https:\/\/happyinaknit.com\/wp-content\/uploads\/2025\/09\/\u0421\u043d\u0438\u043c\u043e\u043a-\u044d\u043a\u0440\u0430\u043d\u0430-2025-10-01-\u0432-00.13.14.png","width":1150,"height":1118},{"@type":"BreadcrumbList","@id":"https:\/\/happyinaknit.com\/produktas\/myak-baby-yak-medium\/#breadcrumb","itemListElement":[{"@type":"ListItem","position":1,"name":"Home","item":"https:\/\/happyinaknit.com\/lt\/"},{"@type":"ListItem","position":2,"name":"Parduotuv\u0117","item":"https:\/\/happyinaknit.com\/lt\/parduotuve\/"},{"@type":"ListItem","position":3,"name":"Myak &#8211; Baby Yak Medium"}]},{"@type":"WebSite","@id":"https:\/\/happyinaknit.com\/lt\/#website","url":"https:\/\/happyinaknit.com\/lt\/","name":"Happyinaknit.com","description":"","potentialAction":[{"@type":"SearchAction","target":{"@type":"EntryPoint","urlTemplate":"https:\/\/happyinaknit.com\/lt\/?s={search_term_string}"},"query-input":{"@type":"PropertyValueSpecification","valueRequired":true,"valueName":"search_term_string"}}],"inLanguage":"lt-LT"}]}},"_links":{"self":[{"href":"https:\/\/happyinaknit.com\/lt\/wp-json\/wp\/v2\/product\/1973","targetHints":{"allow":["GET"]}}],"collection":[{"href":"https:\/\/happyinaknit.com\/lt\/wp-json\/wp\/v2\/product"}],"about":[{"href":"https:\/\/happyinaknit.com\/lt\/wp-json\/wp\/v2\/types\/product"}],"replies":[{"embeddable":true,"href":"https:\/\/happyinaknit.com\/lt\/wp-json\/wp\/v2\/comments?post=1973"}],"wp:featuredmedia":[{"embeddable":true,"href":"https:\/\/happyinaknit.com\/lt\/wp-json\/wp\/v2\/media\/1994"}],"wp:attachment":[{"href":"https:\/\/happyinaknit.com\/lt\/wp-json\/wp\/v2\/media?parent=1973"}],"wp:term":[{"taxonomy":"product_brand","embeddable":true,"href":"https:\/\/happyinaknit.com\/lt\/wp-json\/wp\/v2\/product_brand?post=1973"},{"taxonomy":"product_cat","embeddable":true,"href":"https:\/\/happyinaknit.com\/lt\/wp-json\/wp\/v2\/product_cat?post=1973"},{"taxonomy":"product_tag","embeddable":true,"href":"https:\/\/happyinaknit.com\/lt\/wp-json\/wp\/v2\/product_tag?post=1973"},{"taxonomy":"pro-kategorijos","embeddable":true,"href":"https:\/\/happyinaknit.com\/lt\/wp-json\/wp\/v2\/pro-kategorijos?post=1973"}],"curies":[{"name":"wp","href":"https:\/\/api.w.org\/{rel}","templated":true}]}}