{"id":1881,"date":"2025-09-30T18:43:31","date_gmt":"2025-09-30T18:43:31","guid":{"rendered":"https:\/\/happyinaknit.com\/?post_type=product&#038;p=1881"},"modified":"2025-11-13T14:04:01","modified_gmt":"2025-11-13T14:04:01","slug":"cardiff-cashmere-large","status":"publish","type":"product","link":"https:\/\/happyinaknit.com\/lt\/produktas\/cardiff-cashmere-large\/","title":{"rendered":"Cardiff Cashmere Large"},"content":{"rendered":"<p data-start=\"181\" data-end=\"417\">Stori, mink\u0161ti ir prabang\u016bs 100 % ka\u0161myro si\u016blai, pasi\u017eymintys \u0161iluma ir purumu. D\u0117l savo apimties jie puikiai tinka \u0161iltiems megztiniams, kardiganams, \u0161alikams ar jaukiems aksesuarams, kurie suteiks i\u0161skirtin\u012f komfort\u0105 ir elegancij\u0105.<\/p>\n<ul data-start=\"419\" data-end=\"714\">\n<li data-start=\"419\" data-end=\"450\">\n<p data-start=\"421\" data-end=\"450\"><strong data-start=\"421\" data-end=\"433\">Sud\u0117tis:<\/strong> 100 % ka\u0161myras<\/p>\n<\/li>\n<li data-start=\"451\" data-end=\"488\">\n<p data-start=\"453\" data-end=\"488\"><strong data-start=\"453\" data-end=\"469\">Kamuoliukas:<\/strong> 25 g (apie 56 m)<\/p>\n<\/li>\n<li data-start=\"489\" data-end=\"532\">\n<p data-start=\"491\" data-end=\"532\"><strong data-start=\"491\" data-end=\"519\">Rekomenduojami virbalai:<\/strong> 5,0\u20135,5 mm<\/p>\n<\/li>\n<li data-start=\"533\" data-end=\"604\">\n<p data-start=\"535\" data-end=\"604\"><strong data-start=\"535\" data-end=\"558\">Reikalingas kiekis:<\/strong> M dyd\u017eio megztiniui \u2013 apie 16\u201318 kamuoliuk\u0173<\/p>\n<\/li>\n<li data-start=\"605\" data-end=\"714\">\n<p data-start=\"607\" data-end=\"714\"><strong data-start=\"607\" data-end=\"621\">Prie\u017ei\u016bra:<\/strong> skalbti rankomis ne auk\u0161tesn\u0117je kaip 30 \u00b0C temperat\u016broje, d\u017eiovinti patiesus horizontaliai<\/p>\n<\/li>\n<\/ul>\n<p data-start=\"716\" data-end=\"810\">Tai \u2013 i\u0161skirtin\u0117s kokyb\u0117s si\u016blai, skirti \u0161iltoms ir prabangioms mezgimo id\u0117joms \u012fgyvendinti.<\/p>\n","protected":false},"excerpt":{"rendered":"<p>Stori, mink\u0161ti ir prabang\u016bs 100 % ka\u0161myro si\u016blai, pasi\u017eymintys \u0161iluma ir purumu. D\u0117l savo apimties jie puikiai tinka \u0161iltiems megztiniams, kardiganams, \u0161alikams ar jaukiems aksesuarams, kurie suteiks i\u0161skirtin\u012f komfort\u0105 ir elegancij\u0105. Sud\u0117tis: 100 % ka\u0161myras Kamuoliukas: 25 g (apie 56 m) Rekomenduojami virbalai: 5,0\u20135,5 mm Reikalingas kiekis: M dyd\u017eio megztiniui \u2013 apie 16\u201318 kamuoliuk\u0173 Prie\u017ei\u016bra: [&hellip;]<\/p>\n","protected":false},"featured_media":1882,"comment_status":"open","ping_status":"closed","template":"","meta":{"_acf_changed":false},"product_brand":[44],"product_cat":[15,18],"product_tag":[],"pro-kategorijos":[46],"class_list":{"0":"post-1881","1":"product","2":"type-product","3":"status-publish","4":"has-post-thumbnail","6":"product_brand-cardiff-cashmere","7":"product_cat-visi-produktai","8":"product_cat-siulai","9":"pro-kategorijos-kasmyras","11":"first","12":"instock","13":"shipping-taxable","14":"purchasable","15":"product-type-variable"},"acf":[],"yoast_head":"<!-- This site is optimized with the Yoast SEO plugin v26.8 - https:\/\/yoast.com\/product\/yoast-seo-wordpress\/ -->\n<title>Cardiff Cashmere Large - Happyinaknit.com<\/title>\n<meta name=\"robots\" content=\"index, follow, max-snippet:-1, max-image-preview:large, max-video-preview:-1\" \/>\n<link rel=\"canonical\" href=\"https:\/\/happyinaknit.com\/lt\/produktas\/cardiff-cashmere-large\/\" \/>\n<meta property=\"og:locale\" content=\"lt_LT\" \/>\n<meta property=\"og:type\" content=\"article\" \/>\n<meta property=\"og:title\" content=\"Cardiff Cashmere Large - Happyinaknit.com\" \/>\n<meta property=\"og:description\" content=\"Stori, mink\u0161ti ir prabang\u016bs 100 % ka\u0161myro si\u016blai, pasi\u017eymintys \u0161iluma ir purumu. D\u0117l savo apimties jie puikiai tinka \u0161iltiems megztiniams, kardiganams, \u0161alikams ar jaukiems aksesuarams, kurie suteiks i\u0161skirtin\u012f komfort\u0105 ir elegancij\u0105. Sud\u0117tis: 100 % ka\u0161myras Kamuoliukas: 25 g (apie 56 m) Rekomenduojami virbalai: 5,0\u20135,5 mm Reikalingas kiekis: M dyd\u017eio megztiniui \u2013 apie 16\u201318 kamuoliuk\u0173 Prie\u017ei\u016bra: [&hellip;]\" \/>\n<meta property=\"og:url\" content=\"https:\/\/happyinaknit.com\/lt\/produktas\/cardiff-cashmere-large\/\" \/>\n<meta property=\"og:site_name\" content=\"Happyinaknit.com\" \/>\n<meta property=\"article:modified_time\" content=\"2025-11-13T14:04:01+00:00\" \/>\n<meta property=\"og:image\" content=\"https:\/\/happyinaknit.com\/wp-content\/uploads\/2025\/09\/Large_501_NEVE_-43820.jpg\" \/>\n\t<meta property=\"og:image:width\" content=\"2000\" \/>\n\t<meta property=\"og:image:height\" content=\"2000\" \/>\n\t<meta property=\"og:image:type\" content=\"image\/jpeg\" \/>\n<meta name=\"twitter:card\" content=\"summary_large_image\" \/>\n<script type=\"application\/ld+json\" class=\"yoast-schema-graph\">{\"@context\":\"https:\/\/schema.org\",\"@graph\":[{\"@type\":\"WebPage\",\"@id\":\"https:\/\/happyinaknit.com\/produktas\/cardiff-cashmere-large\/\",\"url\":\"https:\/\/happyinaknit.com\/produktas\/cardiff-cashmere-large\/\",\"name\":\"Cardiff Cashmere Large - Happyinaknit.com\",\"isPartOf\":{\"@id\":\"https:\/\/happyinaknit.com\/lt\/#website\"},\"primaryImageOfPage\":{\"@id\":\"https:\/\/happyinaknit.com\/produktas\/cardiff-cashmere-large\/#primaryimage\"},\"image\":{\"@id\":\"https:\/\/happyinaknit.com\/produktas\/cardiff-cashmere-large\/#primaryimage\"},\"thumbnailUrl\":\"https:\/\/happyinaknit.com\/wp-content\/uploads\/2025\/09\/Large_501_NEVE_-43820.jpg\",\"datePublished\":\"2025-09-30T18:43:31+00:00\",\"dateModified\":\"2025-11-13T14:04:01+00:00\",\"breadcrumb\":{\"@id\":\"https:\/\/happyinaknit.com\/produktas\/cardiff-cashmere-large\/#breadcrumb\"},\"inLanguage\":\"lt-LT\",\"potentialAction\":[{\"@type\":\"ReadAction\",\"target\":[\"https:\/\/happyinaknit.com\/produktas\/cardiff-cashmere-large\/\"]}]},{\"@type\":\"ImageObject\",\"inLanguage\":\"lt-LT\",\"@id\":\"https:\/\/happyinaknit.com\/produktas\/cardiff-cashmere-large\/#primaryimage\",\"url\":\"https:\/\/happyinaknit.com\/wp-content\/uploads\/2025\/09\/Large_501_NEVE_-43820.jpg\",\"contentUrl\":\"https:\/\/happyinaknit.com\/wp-content\/uploads\/2025\/09\/Large_501_NEVE_-43820.jpg\",\"width\":2000,\"height\":2000},{\"@type\":\"BreadcrumbList\",\"@id\":\"https:\/\/happyinaknit.com\/produktas\/cardiff-cashmere-large\/#breadcrumb\",\"itemListElement\":[{\"@type\":\"ListItem\",\"position\":1,\"name\":\"Home\",\"item\":\"https:\/\/happyinaknit.com\/lt\/\"},{\"@type\":\"ListItem\",\"position\":2,\"name\":\"Parduotuv\u0117\",\"item\":\"https:\/\/happyinaknit.com\/lt\/parduotuve\/\"},{\"@type\":\"ListItem\",\"position\":3,\"name\":\"Cardiff Cashmere Large\"}]},{\"@type\":\"WebSite\",\"@id\":\"https:\/\/happyinaknit.com\/lt\/#website\",\"url\":\"https:\/\/happyinaknit.com\/lt\/\",\"name\":\"Happyinaknit.com\",\"description\":\"\",\"potentialAction\":[{\"@type\":\"SearchAction\",\"target\":{\"@type\":\"EntryPoint\",\"urlTemplate\":\"https:\/\/happyinaknit.com\/lt\/?s={search_term_string}\"},\"query-input\":{\"@type\":\"PropertyValueSpecification\",\"valueRequired\":true,\"valueName\":\"search_term_string\"}}],\"inLanguage\":\"lt-LT\"}]}<\/script>\n<!-- \/ Yoast SEO plugin. -->","yoast_head_json":{"title":"Cardiff Cashmere Large - Happyinaknit.com","robots":{"index":"index","follow":"follow","max-snippet":"max-snippet:-1","max-image-preview":"max-image-preview:large","max-video-preview":"max-video-preview:-1"},"canonical":"https:\/\/happyinaknit.com\/lt\/produktas\/cardiff-cashmere-large\/","og_locale":"lt_LT","og_type":"article","og_title":"Cardiff Cashmere Large - Happyinaknit.com","og_description":"Stori, mink\u0161ti ir prabang\u016bs 100 % ka\u0161myro si\u016blai, pasi\u017eymintys \u0161iluma ir purumu. D\u0117l savo apimties jie puikiai tinka \u0161iltiems megztiniams, kardiganams, \u0161alikams ar jaukiems aksesuarams, kurie suteiks i\u0161skirtin\u012f komfort\u0105 ir elegancij\u0105. Sud\u0117tis: 100 % ka\u0161myras Kamuoliukas: 25 g (apie 56 m) Rekomenduojami virbalai: 5,0\u20135,5 mm Reikalingas kiekis: M dyd\u017eio megztiniui \u2013 apie 16\u201318 kamuoliuk\u0173 Prie\u017ei\u016bra: [&hellip;]","og_url":"https:\/\/happyinaknit.com\/lt\/produktas\/cardiff-cashmere-large\/","og_site_name":"Happyinaknit.com","article_modified_time":"2025-11-13T14:04:01+00:00","og_image":[{"width":2000,"height":2000,"url":"https:\/\/happyinaknit.com\/wp-content\/uploads\/2025\/09\/Large_501_NEVE_-43820.jpg","type":"image\/jpeg"}],"twitter_card":"summary_large_image","schema":{"@context":"https:\/\/schema.org","@graph":[{"@type":"WebPage","@id":"https:\/\/happyinaknit.com\/produktas\/cardiff-cashmere-large\/","url":"https:\/\/happyinaknit.com\/produktas\/cardiff-cashmere-large\/","name":"Cardiff Cashmere Large - Happyinaknit.com","isPartOf":{"@id":"https:\/\/happyinaknit.com\/lt\/#website"},"primaryImageOfPage":{"@id":"https:\/\/happyinaknit.com\/produktas\/cardiff-cashmere-large\/#primaryimage"},"image":{"@id":"https:\/\/happyinaknit.com\/produktas\/cardiff-cashmere-large\/#primaryimage"},"thumbnailUrl":"https:\/\/happyinaknit.com\/wp-content\/uploads\/2025\/09\/Large_501_NEVE_-43820.jpg","datePublished":"2025-09-30T18:43:31+00:00","dateModified":"2025-11-13T14:04:01+00:00","breadcrumb":{"@id":"https:\/\/happyinaknit.com\/produktas\/cardiff-cashmere-large\/#breadcrumb"},"inLanguage":"lt-LT","potentialAction":[{"@type":"ReadAction","target":["https:\/\/happyinaknit.com\/produktas\/cardiff-cashmere-large\/"]}]},{"@type":"ImageObject","inLanguage":"lt-LT","@id":"https:\/\/happyinaknit.com\/produktas\/cardiff-cashmere-large\/#primaryimage","url":"https:\/\/happyinaknit.com\/wp-content\/uploads\/2025\/09\/Large_501_NEVE_-43820.jpg","contentUrl":"https:\/\/happyinaknit.com\/wp-content\/uploads\/2025\/09\/Large_501_NEVE_-43820.jpg","width":2000,"height":2000},{"@type":"BreadcrumbList","@id":"https:\/\/happyinaknit.com\/produktas\/cardiff-cashmere-large\/#breadcrumb","itemListElement":[{"@type":"ListItem","position":1,"name":"Home","item":"https:\/\/happyinaknit.com\/lt\/"},{"@type":"ListItem","position":2,"name":"Parduotuv\u0117","item":"https:\/\/happyinaknit.com\/lt\/parduotuve\/"},{"@type":"ListItem","position":3,"name":"Cardiff Cashmere Large"}]},{"@type":"WebSite","@id":"https:\/\/happyinaknit.com\/lt\/#website","url":"https:\/\/happyinaknit.com\/lt\/","name":"Happyinaknit.com","description":"","potentialAction":[{"@type":"SearchAction","target":{"@type":"EntryPoint","urlTemplate":"https:\/\/happyinaknit.com\/lt\/?s={search_term_string}"},"query-input":{"@type":"PropertyValueSpecification","valueRequired":true,"valueName":"search_term_string"}}],"inLanguage":"lt-LT"}]}},"_links":{"self":[{"href":"https:\/\/happyinaknit.com\/lt\/wp-json\/wp\/v2\/product\/1881","targetHints":{"allow":["GET"]}}],"collection":[{"href":"https:\/\/happyinaknit.com\/lt\/wp-json\/wp\/v2\/product"}],"about":[{"href":"https:\/\/happyinaknit.com\/lt\/wp-json\/wp\/v2\/types\/product"}],"replies":[{"embeddable":true,"href":"https:\/\/happyinaknit.com\/lt\/wp-json\/wp\/v2\/comments?post=1881"}],"wp:featuredmedia":[{"embeddable":true,"href":"https:\/\/happyinaknit.com\/lt\/wp-json\/wp\/v2\/media\/1882"}],"wp:attachment":[{"href":"https:\/\/happyinaknit.com\/lt\/wp-json\/wp\/v2\/media?parent=1881"}],"wp:term":[{"taxonomy":"product_brand","embeddable":true,"href":"https:\/\/happyinaknit.com\/lt\/wp-json\/wp\/v2\/product_brand?post=1881"},{"taxonomy":"product_cat","embeddable":true,"href":"https:\/\/happyinaknit.com\/lt\/wp-json\/wp\/v2\/product_cat?post=1881"},{"taxonomy":"product_tag","embeddable":true,"href":"https:\/\/happyinaknit.com\/lt\/wp-json\/wp\/v2\/product_tag?post=1881"},{"taxonomy":"pro-kategorijos","embeddable":true,"href":"https:\/\/happyinaknit.com\/lt\/wp-json\/wp\/v2\/pro-kategorijos?post=1881"}],"curies":[{"name":"wp","href":"https:\/\/api.w.org\/{rel}","templated":true}]}}