{"id":1809,"date":"2025-09-30T08:21:20","date_gmt":"2025-09-30T08:21:20","guid":{"rendered":"https:\/\/happyinaknit.com\/?post_type=product&#038;p=1809"},"modified":"2025-12-14T15:15:31","modified_gmt":"2025-12-14T15:15:31","slug":"cardiff-cashmere-curly","status":"publish","type":"product","link":"https:\/\/happyinaknit.com\/lt\/produktas\/cardiff-cashmere-curly\/","title":{"rendered":"Cardiff Cashmere Curly"},"content":{"rendered":"<p data-start=\"173\" data-end=\"428\">Prabang\u016bs, ypatingai mink\u0161ti ir pur\u016bs 100 % ka\u0161myro si\u016blai, suteikiantys mezginiams i\u0161skirtin\u0119 tekst\u016br\u0105 bei jaukum\u0105. D\u0117l savo apimties jie puikiai tinka \u0161iltiems megztiniams, \u0161alikams ar kitiems aksesuarams, kurie bus ne tik patog\u016bs, bet ir eleganti\u0161ki.<\/p>\n<ul data-start=\"430\" data-end=\"721\">\n<li data-start=\"430\" data-end=\"461\">\n<p data-start=\"432\" data-end=\"461\"><strong data-start=\"432\" data-end=\"444\">Sud\u0117tis:<\/strong> 100 % ka\u0161myras<\/p>\n<\/li>\n<li data-start=\"462\" data-end=\"499\">\n<p data-start=\"464\" data-end=\"499\"><strong data-start=\"464\" data-end=\"480\">Kamuoliukas:<\/strong> 25 g (apie 45 m)<\/p>\n<\/li>\n<li data-start=\"500\" data-end=\"539\">\n<p data-start=\"502\" data-end=\"539\"><strong data-start=\"502\" data-end=\"530\">Rekomenduojami virbalai:<\/strong> 6,0 mm<\/p>\n<\/li>\n<li data-start=\"540\" data-end=\"611\">\n<p data-start=\"542\" data-end=\"611\"><strong data-start=\"542\" data-end=\"565\">Reikalingas kiekis:<\/strong> M dyd\u017eio megztiniui \u2013 apie 16\u201318 kamuoliuk\u0173<\/p>\n<\/li>\n<li data-start=\"612\" data-end=\"721\">\n<p data-start=\"614\" data-end=\"721\"><strong data-start=\"614\" data-end=\"628\">Prie\u017ei\u016bra:<\/strong> skalbti rankomis ne auk\u0161tesn\u0117je kaip 30 \u00b0C temperat\u016broje, d\u017eiovinti patiesus horizontaliai<\/p>\n<\/li>\n<\/ul>\n<p data-start=\"723\" data-end=\"806\">\u0160ie si\u016blai \u2013 tobula prabanga ir komfortas, sukurti ie\u0161kantiems ypatingos kokyb\u0117s.<\/p>\n","protected":false},"excerpt":{"rendered":"<p>Prabang\u016bs, ypatingai mink\u0161ti ir pur\u016bs 100 % ka\u0161myro si\u016blai, suteikiantys mezginiams i\u0161skirtin\u0119 tekst\u016br\u0105 bei jaukum\u0105. D\u0117l savo apimties jie puikiai tinka \u0161iltiems megztiniams, \u0161alikams ar kitiems aksesuarams, kurie bus ne tik patog\u016bs, bet ir eleganti\u0161ki. Sud\u0117tis: 100 % ka\u0161myras Kamuoliukas: 25 g (apie 45 m) Rekomenduojami virbalai: 6,0 mm Reikalingas kiekis: M dyd\u017eio megztiniui \u2013 [&hellip;]<\/p>\n","protected":false},"featured_media":1839,"comment_status":"open","ping_status":"closed","template":"","meta":{"_acf_changed":false},"product_brand":[44],"product_cat":[15,18],"product_tag":[],"pro-kategorijos":[46],"class_list":{"0":"post-1809","1":"product","2":"type-product","3":"status-publish","4":"has-post-thumbnail","6":"product_brand-cardiff-cashmere","7":"product_cat-visi-produktai","8":"product_cat-siulai","9":"pro-kategorijos-kasmyras","11":"first","12":"instock","13":"shipping-taxable","14":"purchasable","15":"product-type-variable"},"acf":[],"yoast_head":"<!-- This site is optimized with the Yoast SEO plugin v26.8 - https:\/\/yoast.com\/product\/yoast-seo-wordpress\/ -->\n<title>Cardiff Cashmere Curly - Happyinaknit.com<\/title>\n<meta name=\"robots\" content=\"index, follow, max-snippet:-1, max-image-preview:large, max-video-preview:-1\" \/>\n<link rel=\"canonical\" href=\"https:\/\/happyinaknit.com\/lt\/produktas\/cardiff-cashmere-curly\/\" \/>\n<meta property=\"og:locale\" content=\"lt_LT\" \/>\n<meta property=\"og:type\" content=\"article\" \/>\n<meta property=\"og:title\" content=\"Cardiff Cashmere Curly - Happyinaknit.com\" \/>\n<meta property=\"og:description\" content=\"Prabang\u016bs, ypatingai mink\u0161ti ir pur\u016bs 100 % ka\u0161myro si\u016blai, suteikiantys mezginiams i\u0161skirtin\u0119 tekst\u016br\u0105 bei jaukum\u0105. D\u0117l savo apimties jie puikiai tinka \u0161iltiems megztiniams, \u0161alikams ar kitiems aksesuarams, kurie bus ne tik patog\u016bs, bet ir eleganti\u0161ki. Sud\u0117tis: 100 % ka\u0161myras Kamuoliukas: 25 g (apie 45 m) Rekomenduojami virbalai: 6,0 mm Reikalingas kiekis: M dyd\u017eio megztiniui \u2013 [&hellip;]\" \/>\n<meta property=\"og:url\" content=\"https:\/\/happyinaknit.com\/lt\/produktas\/cardiff-cashmere-curly\/\" \/>\n<meta property=\"og:site_name\" content=\"Happyinaknit.com\" \/>\n<meta property=\"article:modified_time\" content=\"2025-12-14T15:15:31+00:00\" \/>\n<meta property=\"og:image\" content=\"https:\/\/happyinaknit.com\/wp-content\/uploads\/2025\/09\/CURLY_101_WHYTE_4899.jpg\" \/>\n\t<meta property=\"og:image:width\" content=\"2000\" \/>\n\t<meta property=\"og:image:height\" content=\"2000\" \/>\n\t<meta property=\"og:image:type\" content=\"image\/jpeg\" \/>\n<meta name=\"twitter:card\" content=\"summary_large_image\" \/>\n<script type=\"application\/ld+json\" class=\"yoast-schema-graph\">{\"@context\":\"https:\/\/schema.org\",\"@graph\":[{\"@type\":\"WebPage\",\"@id\":\"https:\/\/happyinaknit.com\/produktas\/cardiff-cashmere-curly\/\",\"url\":\"https:\/\/happyinaknit.com\/produktas\/cardiff-cashmere-curly\/\",\"name\":\"Cardiff Cashmere Curly - Happyinaknit.com\",\"isPartOf\":{\"@id\":\"https:\/\/happyinaknit.com\/lt\/#website\"},\"primaryImageOfPage\":{\"@id\":\"https:\/\/happyinaknit.com\/produktas\/cardiff-cashmere-curly\/#primaryimage\"},\"image\":{\"@id\":\"https:\/\/happyinaknit.com\/produktas\/cardiff-cashmere-curly\/#primaryimage\"},\"thumbnailUrl\":\"https:\/\/happyinaknit.com\/wp-content\/uploads\/2025\/09\/CURLY_101_WHYTE_4899.jpg\",\"datePublished\":\"2025-09-30T08:21:20+00:00\",\"dateModified\":\"2025-12-14T15:15:31+00:00\",\"breadcrumb\":{\"@id\":\"https:\/\/happyinaknit.com\/produktas\/cardiff-cashmere-curly\/#breadcrumb\"},\"inLanguage\":\"lt-LT\",\"potentialAction\":[{\"@type\":\"ReadAction\",\"target\":[\"https:\/\/happyinaknit.com\/produktas\/cardiff-cashmere-curly\/\"]}]},{\"@type\":\"ImageObject\",\"inLanguage\":\"lt-LT\",\"@id\":\"https:\/\/happyinaknit.com\/produktas\/cardiff-cashmere-curly\/#primaryimage\",\"url\":\"https:\/\/happyinaknit.com\/wp-content\/uploads\/2025\/09\/CURLY_101_WHYTE_4899.jpg\",\"contentUrl\":\"https:\/\/happyinaknit.com\/wp-content\/uploads\/2025\/09\/CURLY_101_WHYTE_4899.jpg\",\"width\":2000,\"height\":2000},{\"@type\":\"BreadcrumbList\",\"@id\":\"https:\/\/happyinaknit.com\/produktas\/cardiff-cashmere-curly\/#breadcrumb\",\"itemListElement\":[{\"@type\":\"ListItem\",\"position\":1,\"name\":\"Home\",\"item\":\"https:\/\/happyinaknit.com\/lt\/\"},{\"@type\":\"ListItem\",\"position\":2,\"name\":\"Parduotuv\u0117\",\"item\":\"https:\/\/happyinaknit.com\/lt\/parduotuve\/\"},{\"@type\":\"ListItem\",\"position\":3,\"name\":\"Cardiff Cashmere Curly\"}]},{\"@type\":\"WebSite\",\"@id\":\"https:\/\/happyinaknit.com\/lt\/#website\",\"url\":\"https:\/\/happyinaknit.com\/lt\/\",\"name\":\"Happyinaknit.com\",\"description\":\"\",\"potentialAction\":[{\"@type\":\"SearchAction\",\"target\":{\"@type\":\"EntryPoint\",\"urlTemplate\":\"https:\/\/happyinaknit.com\/lt\/?s={search_term_string}\"},\"query-input\":{\"@type\":\"PropertyValueSpecification\",\"valueRequired\":true,\"valueName\":\"search_term_string\"}}],\"inLanguage\":\"lt-LT\"}]}<\/script>\n<!-- \/ Yoast SEO plugin. -->","yoast_head_json":{"title":"Cardiff Cashmere Curly - Happyinaknit.com","robots":{"index":"index","follow":"follow","max-snippet":"max-snippet:-1","max-image-preview":"max-image-preview:large","max-video-preview":"max-video-preview:-1"},"canonical":"https:\/\/happyinaknit.com\/lt\/produktas\/cardiff-cashmere-curly\/","og_locale":"lt_LT","og_type":"article","og_title":"Cardiff Cashmere Curly - Happyinaknit.com","og_description":"Prabang\u016bs, ypatingai mink\u0161ti ir pur\u016bs 100 % ka\u0161myro si\u016blai, suteikiantys mezginiams i\u0161skirtin\u0119 tekst\u016br\u0105 bei jaukum\u0105. D\u0117l savo apimties jie puikiai tinka \u0161iltiems megztiniams, \u0161alikams ar kitiems aksesuarams, kurie bus ne tik patog\u016bs, bet ir eleganti\u0161ki. Sud\u0117tis: 100 % ka\u0161myras Kamuoliukas: 25 g (apie 45 m) Rekomenduojami virbalai: 6,0 mm Reikalingas kiekis: M dyd\u017eio megztiniui \u2013 [&hellip;]","og_url":"https:\/\/happyinaknit.com\/lt\/produktas\/cardiff-cashmere-curly\/","og_site_name":"Happyinaknit.com","article_modified_time":"2025-12-14T15:15:31+00:00","og_image":[{"width":2000,"height":2000,"url":"https:\/\/happyinaknit.com\/wp-content\/uploads\/2025\/09\/CURLY_101_WHYTE_4899.jpg","type":"image\/jpeg"}],"twitter_card":"summary_large_image","schema":{"@context":"https:\/\/schema.org","@graph":[{"@type":"WebPage","@id":"https:\/\/happyinaknit.com\/produktas\/cardiff-cashmere-curly\/","url":"https:\/\/happyinaknit.com\/produktas\/cardiff-cashmere-curly\/","name":"Cardiff Cashmere Curly - Happyinaknit.com","isPartOf":{"@id":"https:\/\/happyinaknit.com\/lt\/#website"},"primaryImageOfPage":{"@id":"https:\/\/happyinaknit.com\/produktas\/cardiff-cashmere-curly\/#primaryimage"},"image":{"@id":"https:\/\/happyinaknit.com\/produktas\/cardiff-cashmere-curly\/#primaryimage"},"thumbnailUrl":"https:\/\/happyinaknit.com\/wp-content\/uploads\/2025\/09\/CURLY_101_WHYTE_4899.jpg","datePublished":"2025-09-30T08:21:20+00:00","dateModified":"2025-12-14T15:15:31+00:00","breadcrumb":{"@id":"https:\/\/happyinaknit.com\/produktas\/cardiff-cashmere-curly\/#breadcrumb"},"inLanguage":"lt-LT","potentialAction":[{"@type":"ReadAction","target":["https:\/\/happyinaknit.com\/produktas\/cardiff-cashmere-curly\/"]}]},{"@type":"ImageObject","inLanguage":"lt-LT","@id":"https:\/\/happyinaknit.com\/produktas\/cardiff-cashmere-curly\/#primaryimage","url":"https:\/\/happyinaknit.com\/wp-content\/uploads\/2025\/09\/CURLY_101_WHYTE_4899.jpg","contentUrl":"https:\/\/happyinaknit.com\/wp-content\/uploads\/2025\/09\/CURLY_101_WHYTE_4899.jpg","width":2000,"height":2000},{"@type":"BreadcrumbList","@id":"https:\/\/happyinaknit.com\/produktas\/cardiff-cashmere-curly\/#breadcrumb","itemListElement":[{"@type":"ListItem","position":1,"name":"Home","item":"https:\/\/happyinaknit.com\/lt\/"},{"@type":"ListItem","position":2,"name":"Parduotuv\u0117","item":"https:\/\/happyinaknit.com\/lt\/parduotuve\/"},{"@type":"ListItem","position":3,"name":"Cardiff Cashmere Curly"}]},{"@type":"WebSite","@id":"https:\/\/happyinaknit.com\/lt\/#website","url":"https:\/\/happyinaknit.com\/lt\/","name":"Happyinaknit.com","description":"","potentialAction":[{"@type":"SearchAction","target":{"@type":"EntryPoint","urlTemplate":"https:\/\/happyinaknit.com\/lt\/?s={search_term_string}"},"query-input":{"@type":"PropertyValueSpecification","valueRequired":true,"valueName":"search_term_string"}}],"inLanguage":"lt-LT"}]}},"_links":{"self":[{"href":"https:\/\/happyinaknit.com\/lt\/wp-json\/wp\/v2\/product\/1809","targetHints":{"allow":["GET"]}}],"collection":[{"href":"https:\/\/happyinaknit.com\/lt\/wp-json\/wp\/v2\/product"}],"about":[{"href":"https:\/\/happyinaknit.com\/lt\/wp-json\/wp\/v2\/types\/product"}],"replies":[{"embeddable":true,"href":"https:\/\/happyinaknit.com\/lt\/wp-json\/wp\/v2\/comments?post=1809"}],"wp:featuredmedia":[{"embeddable":true,"href":"https:\/\/happyinaknit.com\/lt\/wp-json\/wp\/v2\/media\/1839"}],"wp:attachment":[{"href":"https:\/\/happyinaknit.com\/lt\/wp-json\/wp\/v2\/media?parent=1809"}],"wp:term":[{"taxonomy":"product_brand","embeddable":true,"href":"https:\/\/happyinaknit.com\/lt\/wp-json\/wp\/v2\/product_brand?post=1809"},{"taxonomy":"product_cat","embeddable":true,"href":"https:\/\/happyinaknit.com\/lt\/wp-json\/wp\/v2\/product_cat?post=1809"},{"taxonomy":"product_tag","embeddable":true,"href":"https:\/\/happyinaknit.com\/lt\/wp-json\/wp\/v2\/product_tag?post=1809"},{"taxonomy":"pro-kategorijos","embeddable":true,"href":"https:\/\/happyinaknit.com\/lt\/wp-json\/wp\/v2\/pro-kategorijos?post=1809"}],"curies":[{"name":"wp","href":"https:\/\/api.w.org\/{rel}","templated":true}]}}