{"id":1687,"date":"2025-09-29T13:18:48","date_gmt":"2025-09-29T13:18:48","guid":{"rendered":"https:\/\/happyinaknit.com\/?post_type=product&#038;p=1687"},"modified":"2025-11-13T20:54:34","modified_gmt":"2025-11-13T20:54:34","slug":"lang-yarns-vaya-medvilne-merino-vilna-yako-vilna","status":"publish","type":"product","link":"https:\/\/happyinaknit.com\/lt\/produktas\/lang-yarns-vaya-medvilne-merino-vilna-yako-vilna\/","title":{"rendered":"Lang Yarns Vaya"},"content":{"rendered":"<p data-start=\"93\" data-end=\"547\">\u0160ie si\u016blai sujungia visk\u0105, k\u0105 mezg\u0117jai labiausiai vertina \u2013 <strong data-start=\"175\" data-end=\"230\">vasaros lengvum\u0105, \u017eiemos \u0161ilum\u0105 ir prabangos poj\u016bt\u012f<\/strong>. D\u0117l unikalios sud\u0117ties, kurioje dera medviln\u0117, ypa\u010d plona merino vilna ir yakas, \u201eVaya\u201c puikiai tinka pereinamajam sezonui, kai norisi gamini\u0173, kuriuos malonu d\u0117v\u0117ti visus metus. Si\u016blai yra lengvi, \u0161veln\u016bs ir kv\u0117puojantys, o nat\u016brali\u0173 pluo\u0161t\u0173 derinys suteikia mezginiams subtil\u0173 \u017evilges\u012f bei jauk\u0173 \u0161ilumos poj\u016bt\u012f.<\/p>\n<ul data-start=\"549\" data-end=\"995\">\n<li data-start=\"549\" data-end=\"634\">\n<p data-start=\"551\" data-end=\"634\"><strong data-start=\"551\" data-end=\"563\">Sud\u0117tis:<\/strong> 74 % medviln\u0117, 16 % merino vilna (Merino extrafine), 10 % yako vilna<\/p>\n<\/li>\n<li data-start=\"662\" data-end=\"701\">\n<p data-start=\"664\" data-end=\"701\"><strong data-start=\"664\" data-end=\"686\">Svoris \/ metra\u017eas:<\/strong> 50 g &#8211; 200 m<\/p>\n<\/li>\n<li data-start=\"702\" data-end=\"745\">\n<p data-start=\"704\" data-end=\"745\"><strong data-start=\"704\" data-end=\"732\">Rekomenduojami virbalai:<\/strong> 3,5\u20134,0 mm<\/p>\n<\/li>\n<li data-start=\"746\" data-end=\"796\">\n<p data-start=\"748\" data-end=\"796\"><strong data-start=\"748\" data-end=\"774\">Tankumas (10 \u00d7 10 cm):<\/strong> ~22 akys \u00d7 33 eil\u0117s<\/p>\n<\/li>\n<li data-start=\"797\" data-end=\"904\">\n<p data-start=\"799\" data-end=\"829\"><strong data-start=\"799\" data-end=\"827\">Apytikslis sunaudojimas:<\/strong><\/p>\n<ul data-start=\"832\" data-end=\"904\">\n<li data-start=\"832\" data-end=\"871\">\n<p data-start=\"834\" data-end=\"871\">vyri\u0161kam gaminiui (M dyd\u017eio) ~400 g<\/p>\n<\/li>\n<li data-start=\"874\" data-end=\"904\">\n<p data-start=\"876\" data-end=\"904\">moteri\u0161kam gaminiui ~300 g<\/p>\n<\/li>\n<\/ul>\n<\/li>\n<li data-start=\"905\" data-end=\"995\">\n<p data-start=\"907\" data-end=\"923\"><strong data-start=\"907\" data-end=\"921\">Prie\u017ei\u016bra:<\/strong><\/p>\n<ul data-start=\"926\" data-end=\"995\">\n<li data-start=\"926\" data-end=\"956\">\n<p data-start=\"928\" data-end=\"956\">Skalbti rankomis iki 30 \u00b0C<\/p>\n<\/li>\n<li data-start=\"959\" data-end=\"995\">\n<p data-start=\"961\" data-end=\"995\">D\u017eiovinti patiesus horizontaliai<\/p>\n<\/li>\n<\/ul>\n<\/li>\n<\/ul>\n","protected":false},"excerpt":{"rendered":"<p>\u0160ie si\u016blai sujungia visk\u0105, k\u0105 mezg\u0117jai labiausiai vertina \u2013 vasaros lengvum\u0105, \u017eiemos \u0161ilum\u0105 ir prabangos poj\u016bt\u012f. D\u0117l unikalios sud\u0117ties, kurioje dera medviln\u0117, ypa\u010d plona merino vilna ir yakas, \u201eVaya\u201c puikiai tinka pereinamajam sezonui, kai norisi gamini\u0173, kuriuos malonu d\u0117v\u0117ti visus metus. Si\u016blai yra lengvi, \u0161veln\u016bs ir kv\u0117puojantys, o nat\u016brali\u0173 pluo\u0161t\u0173 derinys suteikia mezginiams subtil\u0173 \u017evilges\u012f [&hellip;]<\/p>\n","protected":false},"featured_media":1680,"comment_status":"open","ping_status":"closed","template":"","meta":{"_acf_changed":false},"product_brand":[70],"product_cat":[15,18],"product_tag":[],"pro-kategorijos":[76,55],"class_list":{"0":"post-1687","1":"product","2":"type-product","3":"status-publish","4":"has-post-thumbnail","6":"product_brand-lang-yarns","7":"product_cat-visi-produktai","8":"product_cat-siulai","9":"pro-kategorijos-baby-yako-vilna","10":"pro-kategorijos-medvilne","12":"first","13":"instock","14":"shipping-taxable","15":"purchasable","16":"product-type-variable"},"acf":[],"yoast_head":"<!-- This site is optimized with the Yoast SEO plugin v26.8 - https:\/\/yoast.com\/product\/yoast-seo-wordpress\/ -->\n<title>Lang Yarns Vaya - Happyinaknit.com<\/title>\n<meta name=\"robots\" content=\"index, follow, max-snippet:-1, max-image-preview:large, max-video-preview:-1\" \/>\n<link rel=\"canonical\" href=\"https:\/\/happyinaknit.com\/lt\/produktas\/lang-yarns-vaya-medvilne-merino-vilna-yako-vilna\/\" \/>\n<meta property=\"og:locale\" content=\"lt_LT\" \/>\n<meta property=\"og:type\" content=\"article\" \/>\n<meta property=\"og:title\" content=\"Lang Yarns Vaya - Happyinaknit.com\" \/>\n<meta property=\"og:description\" content=\"\u0160ie si\u016blai sujungia visk\u0105, k\u0105 mezg\u0117jai labiausiai vertina \u2013 vasaros lengvum\u0105, \u017eiemos \u0161ilum\u0105 ir prabangos poj\u016bt\u012f. D\u0117l unikalios sud\u0117ties, kurioje dera medviln\u0117, ypa\u010d plona merino vilna ir yakas, \u201eVaya\u201c puikiai tinka pereinamajam sezonui, kai norisi gamini\u0173, kuriuos malonu d\u0117v\u0117ti visus metus. Si\u016blai yra lengvi, \u0161veln\u016bs ir kv\u0117puojantys, o nat\u016brali\u0173 pluo\u0161t\u0173 derinys suteikia mezginiams subtil\u0173 \u017evilges\u012f [&hellip;]\" \/>\n<meta property=\"og:url\" content=\"https:\/\/happyinaknit.com\/lt\/produktas\/lang-yarns-vaya-medvilne-merino-vilna-yako-vilna\/\" \/>\n<meta property=\"og:site_name\" content=\"Happyinaknit.com\" \/>\n<meta property=\"article:modified_time\" content=\"2025-11-13T20:54:34+00:00\" \/>\n<meta property=\"og:image\" content=\"https:\/\/happyinaknit.com\/wp-content\/uploads\/2025\/09\/1135_0187_LANGYARNS_Vaya_1600_B.jpg\" \/>\n\t<meta property=\"og:image:width\" content=\"1600\" \/>\n\t<meta property=\"og:image:height\" content=\"1600\" \/>\n\t<meta property=\"og:image:type\" content=\"image\/jpeg\" \/>\n<meta name=\"twitter:card\" content=\"summary_large_image\" \/>\n<meta name=\"twitter:label1\" content=\"Est. reading time\" \/>\n\t<meta name=\"twitter:data1\" content=\"1 minut\u0117\" \/>\n<script type=\"application\/ld+json\" class=\"yoast-schema-graph\">{\"@context\":\"https:\/\/schema.org\",\"@graph\":[{\"@type\":\"WebPage\",\"@id\":\"https:\/\/happyinaknit.com\/produktas\/lang-yarns-vaya-medvilne-merino-vilna-yako-vilna\/\",\"url\":\"https:\/\/happyinaknit.com\/produktas\/lang-yarns-vaya-medvilne-merino-vilna-yako-vilna\/\",\"name\":\"Lang Yarns Vaya - Happyinaknit.com\",\"isPartOf\":{\"@id\":\"https:\/\/happyinaknit.com\/lt\/#website\"},\"primaryImageOfPage\":{\"@id\":\"https:\/\/happyinaknit.com\/produktas\/lang-yarns-vaya-medvilne-merino-vilna-yako-vilna\/#primaryimage\"},\"image\":{\"@id\":\"https:\/\/happyinaknit.com\/produktas\/lang-yarns-vaya-medvilne-merino-vilna-yako-vilna\/#primaryimage\"},\"thumbnailUrl\":\"https:\/\/happyinaknit.com\/wp-content\/uploads\/2025\/09\/1135_0187_LANGYARNS_Vaya_1600_B.jpg\",\"datePublished\":\"2025-09-29T13:18:48+00:00\",\"dateModified\":\"2025-11-13T20:54:34+00:00\",\"breadcrumb\":{\"@id\":\"https:\/\/happyinaknit.com\/produktas\/lang-yarns-vaya-medvilne-merino-vilna-yako-vilna\/#breadcrumb\"},\"inLanguage\":\"lt-LT\",\"potentialAction\":[{\"@type\":\"ReadAction\",\"target\":[\"https:\/\/happyinaknit.com\/produktas\/lang-yarns-vaya-medvilne-merino-vilna-yako-vilna\/\"]}]},{\"@type\":\"ImageObject\",\"inLanguage\":\"lt-LT\",\"@id\":\"https:\/\/happyinaknit.com\/produktas\/lang-yarns-vaya-medvilne-merino-vilna-yako-vilna\/#primaryimage\",\"url\":\"https:\/\/happyinaknit.com\/wp-content\/uploads\/2025\/09\/1135_0187_LANGYARNS_Vaya_1600_B.jpg\",\"contentUrl\":\"https:\/\/happyinaknit.com\/wp-content\/uploads\/2025\/09\/1135_0187_LANGYARNS_Vaya_1600_B.jpg\",\"width\":1600,\"height\":1600},{\"@type\":\"BreadcrumbList\",\"@id\":\"https:\/\/happyinaknit.com\/produktas\/lang-yarns-vaya-medvilne-merino-vilna-yako-vilna\/#breadcrumb\",\"itemListElement\":[{\"@type\":\"ListItem\",\"position\":1,\"name\":\"Home\",\"item\":\"https:\/\/happyinaknit.com\/lt\/\"},{\"@type\":\"ListItem\",\"position\":2,\"name\":\"Parduotuv\u0117\",\"item\":\"https:\/\/happyinaknit.com\/lt\/parduotuve\/\"},{\"@type\":\"ListItem\",\"position\":3,\"name\":\"Lang Yarns Vaya\"}]},{\"@type\":\"WebSite\",\"@id\":\"https:\/\/happyinaknit.com\/lt\/#website\",\"url\":\"https:\/\/happyinaknit.com\/lt\/\",\"name\":\"Happyinaknit.com\",\"description\":\"\",\"potentialAction\":[{\"@type\":\"SearchAction\",\"target\":{\"@type\":\"EntryPoint\",\"urlTemplate\":\"https:\/\/happyinaknit.com\/lt\/?s={search_term_string}\"},\"query-input\":{\"@type\":\"PropertyValueSpecification\",\"valueRequired\":true,\"valueName\":\"search_term_string\"}}],\"inLanguage\":\"lt-LT\"}]}<\/script>\n<!-- \/ Yoast SEO plugin. -->","yoast_head_json":{"title":"Lang Yarns Vaya - Happyinaknit.com","robots":{"index":"index","follow":"follow","max-snippet":"max-snippet:-1","max-image-preview":"max-image-preview:large","max-video-preview":"max-video-preview:-1"},"canonical":"https:\/\/happyinaknit.com\/lt\/produktas\/lang-yarns-vaya-medvilne-merino-vilna-yako-vilna\/","og_locale":"lt_LT","og_type":"article","og_title":"Lang Yarns Vaya - Happyinaknit.com","og_description":"\u0160ie si\u016blai sujungia visk\u0105, k\u0105 mezg\u0117jai labiausiai vertina \u2013 vasaros lengvum\u0105, \u017eiemos \u0161ilum\u0105 ir prabangos poj\u016bt\u012f. D\u0117l unikalios sud\u0117ties, kurioje dera medviln\u0117, ypa\u010d plona merino vilna ir yakas, \u201eVaya\u201c puikiai tinka pereinamajam sezonui, kai norisi gamini\u0173, kuriuos malonu d\u0117v\u0117ti visus metus. Si\u016blai yra lengvi, \u0161veln\u016bs ir kv\u0117puojantys, o nat\u016brali\u0173 pluo\u0161t\u0173 derinys suteikia mezginiams subtil\u0173 \u017evilges\u012f [&hellip;]","og_url":"https:\/\/happyinaknit.com\/lt\/produktas\/lang-yarns-vaya-medvilne-merino-vilna-yako-vilna\/","og_site_name":"Happyinaknit.com","article_modified_time":"2025-11-13T20:54:34+00:00","og_image":[{"width":1600,"height":1600,"url":"https:\/\/happyinaknit.com\/wp-content\/uploads\/2025\/09\/1135_0187_LANGYARNS_Vaya_1600_B.jpg","type":"image\/jpeg"}],"twitter_card":"summary_large_image","twitter_misc":{"Est. reading time":"1 minut\u0117"},"schema":{"@context":"https:\/\/schema.org","@graph":[{"@type":"WebPage","@id":"https:\/\/happyinaknit.com\/produktas\/lang-yarns-vaya-medvilne-merino-vilna-yako-vilna\/","url":"https:\/\/happyinaknit.com\/produktas\/lang-yarns-vaya-medvilne-merino-vilna-yako-vilna\/","name":"Lang Yarns Vaya - Happyinaknit.com","isPartOf":{"@id":"https:\/\/happyinaknit.com\/lt\/#website"},"primaryImageOfPage":{"@id":"https:\/\/happyinaknit.com\/produktas\/lang-yarns-vaya-medvilne-merino-vilna-yako-vilna\/#primaryimage"},"image":{"@id":"https:\/\/happyinaknit.com\/produktas\/lang-yarns-vaya-medvilne-merino-vilna-yako-vilna\/#primaryimage"},"thumbnailUrl":"https:\/\/happyinaknit.com\/wp-content\/uploads\/2025\/09\/1135_0187_LANGYARNS_Vaya_1600_B.jpg","datePublished":"2025-09-29T13:18:48+00:00","dateModified":"2025-11-13T20:54:34+00:00","breadcrumb":{"@id":"https:\/\/happyinaknit.com\/produktas\/lang-yarns-vaya-medvilne-merino-vilna-yako-vilna\/#breadcrumb"},"inLanguage":"lt-LT","potentialAction":[{"@type":"ReadAction","target":["https:\/\/happyinaknit.com\/produktas\/lang-yarns-vaya-medvilne-merino-vilna-yako-vilna\/"]}]},{"@type":"ImageObject","inLanguage":"lt-LT","@id":"https:\/\/happyinaknit.com\/produktas\/lang-yarns-vaya-medvilne-merino-vilna-yako-vilna\/#primaryimage","url":"https:\/\/happyinaknit.com\/wp-content\/uploads\/2025\/09\/1135_0187_LANGYARNS_Vaya_1600_B.jpg","contentUrl":"https:\/\/happyinaknit.com\/wp-content\/uploads\/2025\/09\/1135_0187_LANGYARNS_Vaya_1600_B.jpg","width":1600,"height":1600},{"@type":"BreadcrumbList","@id":"https:\/\/happyinaknit.com\/produktas\/lang-yarns-vaya-medvilne-merino-vilna-yako-vilna\/#breadcrumb","itemListElement":[{"@type":"ListItem","position":1,"name":"Home","item":"https:\/\/happyinaknit.com\/lt\/"},{"@type":"ListItem","position":2,"name":"Parduotuv\u0117","item":"https:\/\/happyinaknit.com\/lt\/parduotuve\/"},{"@type":"ListItem","position":3,"name":"Lang Yarns Vaya"}]},{"@type":"WebSite","@id":"https:\/\/happyinaknit.com\/lt\/#website","url":"https:\/\/happyinaknit.com\/lt\/","name":"Happyinaknit.com","description":"","potentialAction":[{"@type":"SearchAction","target":{"@type":"EntryPoint","urlTemplate":"https:\/\/happyinaknit.com\/lt\/?s={search_term_string}"},"query-input":{"@type":"PropertyValueSpecification","valueRequired":true,"valueName":"search_term_string"}}],"inLanguage":"lt-LT"}]}},"_links":{"self":[{"href":"https:\/\/happyinaknit.com\/lt\/wp-json\/wp\/v2\/product\/1687","targetHints":{"allow":["GET"]}}],"collection":[{"href":"https:\/\/happyinaknit.com\/lt\/wp-json\/wp\/v2\/product"}],"about":[{"href":"https:\/\/happyinaknit.com\/lt\/wp-json\/wp\/v2\/types\/product"}],"replies":[{"embeddable":true,"href":"https:\/\/happyinaknit.com\/lt\/wp-json\/wp\/v2\/comments?post=1687"}],"wp:featuredmedia":[{"embeddable":true,"href":"https:\/\/happyinaknit.com\/lt\/wp-json\/wp\/v2\/media\/1680"}],"wp:attachment":[{"href":"https:\/\/happyinaknit.com\/lt\/wp-json\/wp\/v2\/media?parent=1687"}],"wp:term":[{"taxonomy":"product_brand","embeddable":true,"href":"https:\/\/happyinaknit.com\/lt\/wp-json\/wp\/v2\/product_brand?post=1687"},{"taxonomy":"product_cat","embeddable":true,"href":"https:\/\/happyinaknit.com\/lt\/wp-json\/wp\/v2\/product_cat?post=1687"},{"taxonomy":"product_tag","embeddable":true,"href":"https:\/\/happyinaknit.com\/lt\/wp-json\/wp\/v2\/product_tag?post=1687"},{"taxonomy":"pro-kategorijos","embeddable":true,"href":"https:\/\/happyinaknit.com\/lt\/wp-json\/wp\/v2\/pro-kategorijos?post=1687"}],"curies":[{"name":"wp","href":"https:\/\/api.w.org\/{rel}","templated":true}]}}