{"id":1665,"date":"2025-09-29T12:41:43","date_gmt":"2025-09-29T12:41:43","guid":{"rendered":"https:\/\/happyinaknit.com\/?post_type=product&#038;p=1665"},"modified":"2026-03-26T14:55:12","modified_gmt":"2026-03-26T14:55:12","slug":"myak-baby-yak-lace-100-baby-yako-vilna","status":"publish","type":"product","link":"https:\/\/happyinaknit.com\/lt\/produktas\/myak-baby-yak-lace-100-baby-yako-vilna\/","title":{"rendered":"Myak \u2013 Baby Yak Lace"},"content":{"rendered":"<p class=\"p1\"><i>Baby Yak Lace<\/i> \u2013 itin ploni, \u0161veln\u016bs ir prabang\u016bs si\u016blai, pagaminti i\u0161 100 % baby yako vilnos. Tai unikalus pluo\u0161tas i\u0161 Tibeto auk\u0161tikalni\u0173, pasi\u017eymintis nepaprastu mink\u0161tumu, \u0161iluma ir ilgaam\u017ei\u0161kumu. \u0160ie si\u016blai yra nat\u016braliai \u0161veln\u016bs, be agresyvi\u0173 chemini\u0173 apdorojim\u0173, tod\u0117l puikiai tinka net jautriai odai.<\/p>\n<ul>\n<li>\n<p class=\"p1\"><span class=\"s1\"><b>Sud\u0117tis:<\/b><\/span> 100 % baby yako vilna<\/p>\n<\/li>\n<li>\n<p class=\"p1\"><b>Svoris \/ ilgis:<\/b><span class=\"s1\"> 50 g &#8211; 350 m<\/span><\/p>\n<\/li>\n<li>\n<p class=\"p1\"><span class=\"s1\"><b>Virbalai:<\/b><\/span> 1,5\u20133,25 mm<\/p>\n<\/li>\n<li>\n<p class=\"p1\"><b>Tankumas:<\/b><b><\/b><\/p>\n<ul>\n<li>\n<p class=\"p1\">10 \u00d7 10 cm = ~21 akys \u00d7 30 eili\u0173 (su 3,5 mm virbalais)<\/p>\n<\/li>\n<li>\n<p class=\"p1\">10 \u00d7 10 cm = ~20 aki\u0173 \u00d7 38 eil\u0117s (su 2,75 mm virbalais)<\/p>\n<\/li>\n<\/ul>\n<\/li>\n<li>\n<p class=\"p1\"><b>I\u0161eiga:<\/b><b><\/b><\/p>\n<ul>\n<li>\n<p class=\"p1\">S\u2013M dyd\u017eio megztiniui \u2013 5\u20136 kamuoliukai<\/p>\n<\/li>\n<li>\n<p class=\"p1\">Pir\u0161tin\u0117ms \u2013 1 kamuoliukas<\/p>\n<\/li>\n<li>\n<p class=\"p1\">Dvigubai kepurei \u2013 1 kamuoliukas<\/p>\n<\/li>\n<\/ul>\n<\/li>\n<\/ul>\n<h3><b>Prie\u017ei\u016bra:<\/b><\/h3>\n<p class=\"p1\">Skalbti rankomis ne auk\u0161tesn\u0117je nei 30 \u00b0C temperat\u016broje. D\u017eiovinti patiesus horizontaliai.<\/p>\n","protected":false},"excerpt":{"rendered":"<p>Baby Yak Lace \u2013 itin ploni, \u0161veln\u016bs ir prabang\u016bs si\u016blai, pagaminti i\u0161 100 % baby yako vilnos. Tai unikalus pluo\u0161tas i\u0161 Tibeto auk\u0161tikalni\u0173, pasi\u017eymintis nepaprastu mink\u0161tumu, \u0161iluma ir ilgaam\u017ei\u0161kumu. \u0160ie si\u016blai yra nat\u016braliai \u0161veln\u016bs, be agresyvi\u0173 chemini\u0173 apdorojim\u0173, tod\u0117l puikiai tinka net jautriai odai. Sud\u0117tis: 100 % baby yako vilna Svoris \/ ilgis: 50 g [&hellip;]<\/p>\n","protected":false},"featured_media":1759,"comment_status":"open","ping_status":"closed","template":"","meta":{"_acf_changed":false},"product_brand":[63],"product_cat":[15,18],"product_tag":[],"pro-kategorijos":[76],"class_list":{"0":"post-1665","1":"product","2":"type-product","3":"status-publish","4":"has-post-thumbnail","6":"product_brand-myak","7":"product_cat-visi-produktai","8":"product_cat-siulai","9":"pro-kategorijos-baby-yako-vilna","11":"first","12":"instock","13":"shipping-taxable","14":"purchasable","15":"product-type-variable"},"acf":[],"yoast_head":"<!-- This site is optimized with the Yoast SEO plugin v26.8 - https:\/\/yoast.com\/product\/yoast-seo-wordpress\/ -->\n<title>Myak \u2013 Baby Yak Lace - Happyinaknit.com<\/title>\n<meta name=\"robots\" content=\"index, follow, max-snippet:-1, max-image-preview:large, max-video-preview:-1\" \/>\n<link rel=\"canonical\" href=\"https:\/\/happyinaknit.com\/lt\/produktas\/myak-baby-yak-lace-100-baby-yako-vilna\/\" \/>\n<meta property=\"og:locale\" content=\"lt_LT\" \/>\n<meta property=\"og:type\" content=\"article\" \/>\n<meta property=\"og:title\" content=\"Myak \u2013 Baby Yak Lace - Happyinaknit.com\" \/>\n<meta property=\"og:description\" content=\"Baby Yak Lace \u2013 itin ploni, \u0161veln\u016bs ir prabang\u016bs si\u016blai, pagaminti i\u0161 100 % baby yako vilnos. Tai unikalus pluo\u0161tas i\u0161 Tibeto auk\u0161tikalni\u0173, pasi\u017eymintis nepaprastu mink\u0161tumu, \u0161iluma ir ilgaam\u017ei\u0161kumu. \u0160ie si\u016blai yra nat\u016braliai \u0161veln\u016bs, be agresyvi\u0173 chemini\u0173 apdorojim\u0173, tod\u0117l puikiai tinka net jautriai odai. Sud\u0117tis: 100 % baby yako vilna Svoris \/ ilgis: 50 g [&hellip;]\" \/>\n<meta property=\"og:url\" content=\"https:\/\/happyinaknit.com\/lt\/produktas\/myak-baby-yak-lace-100-baby-yako-vilna\/\" \/>\n<meta property=\"og:site_name\" content=\"Happyinaknit.com\" \/>\n<meta property=\"article:modified_time\" content=\"2026-03-26T14:55:12+00:00\" \/>\n<meta property=\"og:image\" content=\"https:\/\/happyinaknit.com\/wp-content\/uploads\/2025\/09\/19_mYak_Skein_DustyPink_lace_1080x.jpg.webp\" \/>\n\t<meta property=\"og:image:width\" content=\"800\" \/>\n\t<meta property=\"og:image:height\" content=\"800\" \/>\n\t<meta property=\"og:image:type\" content=\"image\/webp\" \/>\n<meta name=\"twitter:card\" content=\"summary_large_image\" \/>\n<meta name=\"twitter:label1\" content=\"Est. reading time\" \/>\n\t<meta name=\"twitter:data1\" content=\"1 minut\u0117\" \/>\n<script type=\"application\/ld+json\" class=\"yoast-schema-graph\">{\"@context\":\"https:\/\/schema.org\",\"@graph\":[{\"@type\":\"WebPage\",\"@id\":\"https:\/\/happyinaknit.com\/produktas\/myak-baby-yak-lace-100-baby-yako-vilna\/\",\"url\":\"https:\/\/happyinaknit.com\/produktas\/myak-baby-yak-lace-100-baby-yako-vilna\/\",\"name\":\"Myak \u2013 Baby Yak Lace - Happyinaknit.com\",\"isPartOf\":{\"@id\":\"https:\/\/happyinaknit.com\/lt\/#website\"},\"primaryImageOfPage\":{\"@id\":\"https:\/\/happyinaknit.com\/produktas\/myak-baby-yak-lace-100-baby-yako-vilna\/#primaryimage\"},\"image\":{\"@id\":\"https:\/\/happyinaknit.com\/produktas\/myak-baby-yak-lace-100-baby-yako-vilna\/#primaryimage\"},\"thumbnailUrl\":\"https:\/\/happyinaknit.com\/wp-content\/uploads\/2025\/09\/19_mYak_Skein_DustyPink_lace_1080x.jpg.webp\",\"datePublished\":\"2025-09-29T12:41:43+00:00\",\"dateModified\":\"2026-03-26T14:55:12+00:00\",\"breadcrumb\":{\"@id\":\"https:\/\/happyinaknit.com\/produktas\/myak-baby-yak-lace-100-baby-yako-vilna\/#breadcrumb\"},\"inLanguage\":\"lt-LT\",\"potentialAction\":[{\"@type\":\"ReadAction\",\"target\":[\"https:\/\/happyinaknit.com\/produktas\/myak-baby-yak-lace-100-baby-yako-vilna\/\"]}]},{\"@type\":\"ImageObject\",\"inLanguage\":\"lt-LT\",\"@id\":\"https:\/\/happyinaknit.com\/produktas\/myak-baby-yak-lace-100-baby-yako-vilna\/#primaryimage\",\"url\":\"https:\/\/happyinaknit.com\/wp-content\/uploads\/2025\/09\/19_mYak_Skein_DustyPink_lace_1080x.jpg.webp\",\"contentUrl\":\"https:\/\/happyinaknit.com\/wp-content\/uploads\/2025\/09\/19_mYak_Skein_DustyPink_lace_1080x.jpg.webp\",\"width\":800,\"height\":800},{\"@type\":\"BreadcrumbList\",\"@id\":\"https:\/\/happyinaknit.com\/produktas\/myak-baby-yak-lace-100-baby-yako-vilna\/#breadcrumb\",\"itemListElement\":[{\"@type\":\"ListItem\",\"position\":1,\"name\":\"Home\",\"item\":\"https:\/\/happyinaknit.com\/lt\/\"},{\"@type\":\"ListItem\",\"position\":2,\"name\":\"Parduotuv\u0117\",\"item\":\"https:\/\/happyinaknit.com\/lt\/parduotuve\/\"},{\"@type\":\"ListItem\",\"position\":3,\"name\":\"Myak \u2013 Baby Yak Lace\"}]},{\"@type\":\"WebSite\",\"@id\":\"https:\/\/happyinaknit.com\/lt\/#website\",\"url\":\"https:\/\/happyinaknit.com\/lt\/\",\"name\":\"Happyinaknit.com\",\"description\":\"\",\"potentialAction\":[{\"@type\":\"SearchAction\",\"target\":{\"@type\":\"EntryPoint\",\"urlTemplate\":\"https:\/\/happyinaknit.com\/lt\/?s={search_term_string}\"},\"query-input\":{\"@type\":\"PropertyValueSpecification\",\"valueRequired\":true,\"valueName\":\"search_term_string\"}}],\"inLanguage\":\"lt-LT\"}]}<\/script>\n<!-- \/ Yoast SEO plugin. -->","yoast_head_json":{"title":"Myak \u2013 Baby Yak Lace - Happyinaknit.com","robots":{"index":"index","follow":"follow","max-snippet":"max-snippet:-1","max-image-preview":"max-image-preview:large","max-video-preview":"max-video-preview:-1"},"canonical":"https:\/\/happyinaknit.com\/lt\/produktas\/myak-baby-yak-lace-100-baby-yako-vilna\/","og_locale":"lt_LT","og_type":"article","og_title":"Myak \u2013 Baby Yak Lace - Happyinaknit.com","og_description":"Baby Yak Lace \u2013 itin ploni, \u0161veln\u016bs ir prabang\u016bs si\u016blai, pagaminti i\u0161 100 % baby yako vilnos. Tai unikalus pluo\u0161tas i\u0161 Tibeto auk\u0161tikalni\u0173, pasi\u017eymintis nepaprastu mink\u0161tumu, \u0161iluma ir ilgaam\u017ei\u0161kumu. \u0160ie si\u016blai yra nat\u016braliai \u0161veln\u016bs, be agresyvi\u0173 chemini\u0173 apdorojim\u0173, tod\u0117l puikiai tinka net jautriai odai. Sud\u0117tis: 100 % baby yako vilna Svoris \/ ilgis: 50 g [&hellip;]","og_url":"https:\/\/happyinaknit.com\/lt\/produktas\/myak-baby-yak-lace-100-baby-yako-vilna\/","og_site_name":"Happyinaknit.com","article_modified_time":"2026-03-26T14:55:12+00:00","og_image":[{"width":800,"height":800,"url":"https:\/\/happyinaknit.com\/wp-content\/uploads\/2025\/09\/19_mYak_Skein_DustyPink_lace_1080x.jpg.webp","type":"image\/webp"}],"twitter_card":"summary_large_image","twitter_misc":{"Est. reading time":"1 minut\u0117"},"schema":{"@context":"https:\/\/schema.org","@graph":[{"@type":"WebPage","@id":"https:\/\/happyinaknit.com\/produktas\/myak-baby-yak-lace-100-baby-yako-vilna\/","url":"https:\/\/happyinaknit.com\/produktas\/myak-baby-yak-lace-100-baby-yako-vilna\/","name":"Myak \u2013 Baby Yak Lace - Happyinaknit.com","isPartOf":{"@id":"https:\/\/happyinaknit.com\/lt\/#website"},"primaryImageOfPage":{"@id":"https:\/\/happyinaknit.com\/produktas\/myak-baby-yak-lace-100-baby-yako-vilna\/#primaryimage"},"image":{"@id":"https:\/\/happyinaknit.com\/produktas\/myak-baby-yak-lace-100-baby-yako-vilna\/#primaryimage"},"thumbnailUrl":"https:\/\/happyinaknit.com\/wp-content\/uploads\/2025\/09\/19_mYak_Skein_DustyPink_lace_1080x.jpg.webp","datePublished":"2025-09-29T12:41:43+00:00","dateModified":"2026-03-26T14:55:12+00:00","breadcrumb":{"@id":"https:\/\/happyinaknit.com\/produktas\/myak-baby-yak-lace-100-baby-yako-vilna\/#breadcrumb"},"inLanguage":"lt-LT","potentialAction":[{"@type":"ReadAction","target":["https:\/\/happyinaknit.com\/produktas\/myak-baby-yak-lace-100-baby-yako-vilna\/"]}]},{"@type":"ImageObject","inLanguage":"lt-LT","@id":"https:\/\/happyinaknit.com\/produktas\/myak-baby-yak-lace-100-baby-yako-vilna\/#primaryimage","url":"https:\/\/happyinaknit.com\/wp-content\/uploads\/2025\/09\/19_mYak_Skein_DustyPink_lace_1080x.jpg.webp","contentUrl":"https:\/\/happyinaknit.com\/wp-content\/uploads\/2025\/09\/19_mYak_Skein_DustyPink_lace_1080x.jpg.webp","width":800,"height":800},{"@type":"BreadcrumbList","@id":"https:\/\/happyinaknit.com\/produktas\/myak-baby-yak-lace-100-baby-yako-vilna\/#breadcrumb","itemListElement":[{"@type":"ListItem","position":1,"name":"Home","item":"https:\/\/happyinaknit.com\/lt\/"},{"@type":"ListItem","position":2,"name":"Parduotuv\u0117","item":"https:\/\/happyinaknit.com\/lt\/parduotuve\/"},{"@type":"ListItem","position":3,"name":"Myak \u2013 Baby Yak Lace"}]},{"@type":"WebSite","@id":"https:\/\/happyinaknit.com\/lt\/#website","url":"https:\/\/happyinaknit.com\/lt\/","name":"Happyinaknit.com","description":"","potentialAction":[{"@type":"SearchAction","target":{"@type":"EntryPoint","urlTemplate":"https:\/\/happyinaknit.com\/lt\/?s={search_term_string}"},"query-input":{"@type":"PropertyValueSpecification","valueRequired":true,"valueName":"search_term_string"}}],"inLanguage":"lt-LT"}]}},"_links":{"self":[{"href":"https:\/\/happyinaknit.com\/lt\/wp-json\/wp\/v2\/product\/1665","targetHints":{"allow":["GET"]}}],"collection":[{"href":"https:\/\/happyinaknit.com\/lt\/wp-json\/wp\/v2\/product"}],"about":[{"href":"https:\/\/happyinaknit.com\/lt\/wp-json\/wp\/v2\/types\/product"}],"replies":[{"embeddable":true,"href":"https:\/\/happyinaknit.com\/lt\/wp-json\/wp\/v2\/comments?post=1665"}],"wp:featuredmedia":[{"embeddable":true,"href":"https:\/\/happyinaknit.com\/lt\/wp-json\/wp\/v2\/media\/1759"}],"wp:attachment":[{"href":"https:\/\/happyinaknit.com\/lt\/wp-json\/wp\/v2\/media?parent=1665"}],"wp:term":[{"taxonomy":"product_brand","embeddable":true,"href":"https:\/\/happyinaknit.com\/lt\/wp-json\/wp\/v2\/product_brand?post=1665"},{"taxonomy":"product_cat","embeddable":true,"href":"https:\/\/happyinaknit.com\/lt\/wp-json\/wp\/v2\/product_cat?post=1665"},{"taxonomy":"product_tag","embeddable":true,"href":"https:\/\/happyinaknit.com\/lt\/wp-json\/wp\/v2\/product_tag?post=1665"},{"taxonomy":"pro-kategorijos","embeddable":true,"href":"https:\/\/happyinaknit.com\/lt\/wp-json\/wp\/v2\/pro-kategorijos?post=1665"}],"curies":[{"name":"wp","href":"https:\/\/api.w.org\/{rel}","templated":true}]}}