{"id":1617,"date":"2025-09-25T19:16:45","date_gmt":"2025-09-25T19:16:45","guid":{"rendered":"https:\/\/happyinaknit.com\/?post_type=product&#038;p=1617"},"modified":"2026-03-23T14:48:05","modified_gmt":"2026-03-23T14:48:05","slug":"casagrande-stripy-merino-vilnos-siulai-kojinems","status":"publish","type":"product","link":"https:\/\/happyinaknit.com\/lt\/produktas\/casagrande-stripy-merino-vilnos-siulai-kojinems\/","title":{"rendered":"Casagrande Stripy"},"content":{"rendered":"<p class=\"p3\">Casagrande <i>Stripy<\/i> \u2013 tai auk\u0161tos kokyb\u0117s mezgimo si\u016blai, sukurti ypatingam patogumui ir ilgaam\u017ei\u0161kumui. Sud\u0117tyje esanti \u0161velni merino vilna (75 %) suteikia mink\u0161tumo ir \u0161ilumos, o poliamidas (25 %) u\u017etikrina si\u016bl\u0173 tvirtum\u0105, tod\u0117l jie puikiai tinka kojin\u0117ms megzti.<\/p>\n<p class=\"p1\"><strong>Sud\u0117tis:<\/strong> 75 % merino vilna, 25 % poliamidas<\/p>\n<p class=\"p1\"><strong>Svoris \/ metra\u017eas:<\/strong> 50 g \u00a0(apie 210 m)<\/p>\n<p class=\"p1\"><strong>Rekomenduojami virbalai:<\/strong> 2,0\u20133,0 mm<\/p>\n<p class=\"p1\"><strong>Tankumas :<\/strong> 10 \u00d7 10 cm = 28\u201332 akys \u00d7 36\u201342 eil\u0117s<\/p>\n<p class=\"p1\"><strong>Rekomenduojamas kiekis:<\/strong> Vienai porai kojini\u0173 iki 46 dyd\u017eio reikia 2 kamuoliuk\u0173<\/p>\n<p class=\"p1\"><b>Prie\u017ei\u016bra:<\/b><b><\/b><\/p>\n<p class=\"p3\">Skalbti rankomis ne auk\u0161tesn\u0117je kaip 30 \u00b0C temperat\u016broje. D\u017eiovinti patiesus horizontaliai.<\/p>\n","protected":false},"excerpt":{"rendered":"<p>Casagrande Stripy \u2013 tai auk\u0161tos kokyb\u0117s mezgimo si\u016blai, sukurti ypatingam patogumui ir ilgaam\u017ei\u0161kumui. Sud\u0117tyje esanti \u0161velni merino vilna (75 %) suteikia mink\u0161tumo ir \u0161ilumos, o poliamidas (25 %) u\u017etikrina si\u016bl\u0173 tvirtum\u0105, tod\u0117l jie puikiai tinka kojin\u0117ms megzti. Sud\u0117tis: 75 % merino vilna, 25 % poliamidas Svoris \/ metra\u017eas: 50 g \u00a0(apie 210 m) Rekomenduojami virbalai: [&hellip;]<\/p>\n","protected":false},"featured_media":1443,"comment_status":"open","ping_status":"closed","template":"","meta":{"_acf_changed":false},"product_brand":[58],"product_cat":[15,18,94],"product_tag":[],"pro-kategorijos":[71],"class_list":{"0":"post-1617","1":"product","2":"type-product","3":"status-publish","4":"has-post-thumbnail","6":"product_brand-casagrande","7":"product_cat-visi-produktai","8":"product_cat-siulai","9":"product_cat-siulai-kojinems","10":"pro-kategorijos-merino-vilna","12":"first","13":"instock","14":"shipping-taxable","15":"purchasable","16":"product-type-variable"},"acf":[],"yoast_head":"<!-- This site is optimized with the Yoast SEO plugin v26.8 - https:\/\/yoast.com\/product\/yoast-seo-wordpress\/ -->\n<title>Casagrande Stripy - Happyinaknit.com<\/title>\n<meta name=\"robots\" content=\"index, follow, max-snippet:-1, max-image-preview:large, max-video-preview:-1\" \/>\n<link rel=\"canonical\" href=\"https:\/\/happyinaknit.com\/lt\/produktas\/casagrande-stripy-merino-vilnos-siulai-kojinems\/\" \/>\n<meta property=\"og:locale\" content=\"lt_LT\" \/>\n<meta property=\"og:type\" content=\"article\" \/>\n<meta property=\"og:title\" content=\"Casagrande Stripy - Happyinaknit.com\" \/>\n<meta property=\"og:description\" content=\"Casagrande Stripy \u2013 tai auk\u0161tos kokyb\u0117s mezgimo si\u016blai, sukurti ypatingam patogumui ir ilgaam\u017ei\u0161kumui. Sud\u0117tyje esanti \u0161velni merino vilna (75 %) suteikia mink\u0161tumo ir \u0161ilumos, o poliamidas (25 %) u\u017etikrina si\u016bl\u0173 tvirtum\u0105, tod\u0117l jie puikiai tinka kojin\u0117ms megzti. Sud\u0117tis: 75 % merino vilna, 25 % poliamidas Svoris \/ metra\u017eas: 50 g \u00a0(apie 210 m) Rekomenduojami virbalai: [&hellip;]\" \/>\n<meta property=\"og:url\" content=\"https:\/\/happyinaknit.com\/lt\/produktas\/casagrande-stripy-merino-vilnos-siulai-kojinems\/\" \/>\n<meta property=\"og:site_name\" content=\"Happyinaknit.com\" \/>\n<meta property=\"article:modified_time\" content=\"2026-03-23T14:48:05+00:00\" \/>\n<meta property=\"og:image\" content=\"https:\/\/happyinaknit.com\/wp-content\/uploads\/2025\/09\/6847_middle.jpeg\" \/>\n\t<meta property=\"og:image:width\" content=\"550\" \/>\n\t<meta property=\"og:image:height\" content=\"550\" \/>\n\t<meta property=\"og:image:type\" content=\"image\/jpeg\" \/>\n<meta name=\"twitter:card\" content=\"summary_large_image\" \/>\n<script type=\"application\/ld+json\" class=\"yoast-schema-graph\">{\"@context\":\"https:\/\/schema.org\",\"@graph\":[{\"@type\":\"WebPage\",\"@id\":\"https:\/\/happyinaknit.com\/produktas\/casagrande-stripy-merino-vilnos-siulai-kojinems\/\",\"url\":\"https:\/\/happyinaknit.com\/produktas\/casagrande-stripy-merino-vilnos-siulai-kojinems\/\",\"name\":\"Casagrande Stripy - Happyinaknit.com\",\"isPartOf\":{\"@id\":\"https:\/\/happyinaknit.com\/lt\/#website\"},\"primaryImageOfPage\":{\"@id\":\"https:\/\/happyinaknit.com\/produktas\/casagrande-stripy-merino-vilnos-siulai-kojinems\/#primaryimage\"},\"image\":{\"@id\":\"https:\/\/happyinaknit.com\/produktas\/casagrande-stripy-merino-vilnos-siulai-kojinems\/#primaryimage\"},\"thumbnailUrl\":\"https:\/\/happyinaknit.com\/wp-content\/uploads\/2025\/09\/6847_middle.jpeg\",\"datePublished\":\"2025-09-25T19:16:45+00:00\",\"dateModified\":\"2026-03-23T14:48:05+00:00\",\"breadcrumb\":{\"@id\":\"https:\/\/happyinaknit.com\/produktas\/casagrande-stripy-merino-vilnos-siulai-kojinems\/#breadcrumb\"},\"inLanguage\":\"lt-LT\",\"potentialAction\":[{\"@type\":\"ReadAction\",\"target\":[\"https:\/\/happyinaknit.com\/produktas\/casagrande-stripy-merino-vilnos-siulai-kojinems\/\"]}]},{\"@type\":\"ImageObject\",\"inLanguage\":\"lt-LT\",\"@id\":\"https:\/\/happyinaknit.com\/produktas\/casagrande-stripy-merino-vilnos-siulai-kojinems\/#primaryimage\",\"url\":\"https:\/\/happyinaknit.com\/wp-content\/uploads\/2025\/09\/6847_middle.jpeg\",\"contentUrl\":\"https:\/\/happyinaknit.com\/wp-content\/uploads\/2025\/09\/6847_middle.jpeg\",\"width\":550,\"height\":550,\"caption\":\"Casagrande Stripy merino vilnos si\u016blai kojin\u0117ms, spalva 605, 50 g kamuoliukas\"},{\"@type\":\"BreadcrumbList\",\"@id\":\"https:\/\/happyinaknit.com\/produktas\/casagrande-stripy-merino-vilnos-siulai-kojinems\/#breadcrumb\",\"itemListElement\":[{\"@type\":\"ListItem\",\"position\":1,\"name\":\"Home\",\"item\":\"https:\/\/happyinaknit.com\/lt\/\"},{\"@type\":\"ListItem\",\"position\":2,\"name\":\"Parduotuv\u0117\",\"item\":\"https:\/\/happyinaknit.com\/lt\/parduotuve\/\"},{\"@type\":\"ListItem\",\"position\":3,\"name\":\"Casagrande Stripy\"}]},{\"@type\":\"WebSite\",\"@id\":\"https:\/\/happyinaknit.com\/lt\/#website\",\"url\":\"https:\/\/happyinaknit.com\/lt\/\",\"name\":\"Happyinaknit.com\",\"description\":\"\",\"potentialAction\":[{\"@type\":\"SearchAction\",\"target\":{\"@type\":\"EntryPoint\",\"urlTemplate\":\"https:\/\/happyinaknit.com\/lt\/?s={search_term_string}\"},\"query-input\":{\"@type\":\"PropertyValueSpecification\",\"valueRequired\":true,\"valueName\":\"search_term_string\"}}],\"inLanguage\":\"lt-LT\"}]}<\/script>\n<!-- \/ Yoast SEO plugin. -->","yoast_head_json":{"title":"Casagrande Stripy - Happyinaknit.com","robots":{"index":"index","follow":"follow","max-snippet":"max-snippet:-1","max-image-preview":"max-image-preview:large","max-video-preview":"max-video-preview:-1"},"canonical":"https:\/\/happyinaknit.com\/lt\/produktas\/casagrande-stripy-merino-vilnos-siulai-kojinems\/","og_locale":"lt_LT","og_type":"article","og_title":"Casagrande Stripy - Happyinaknit.com","og_description":"Casagrande Stripy \u2013 tai auk\u0161tos kokyb\u0117s mezgimo si\u016blai, sukurti ypatingam patogumui ir ilgaam\u017ei\u0161kumui. Sud\u0117tyje esanti \u0161velni merino vilna (75 %) suteikia mink\u0161tumo ir \u0161ilumos, o poliamidas (25 %) u\u017etikrina si\u016bl\u0173 tvirtum\u0105, tod\u0117l jie puikiai tinka kojin\u0117ms megzti. Sud\u0117tis: 75 % merino vilna, 25 % poliamidas Svoris \/ metra\u017eas: 50 g \u00a0(apie 210 m) Rekomenduojami virbalai: [&hellip;]","og_url":"https:\/\/happyinaknit.com\/lt\/produktas\/casagrande-stripy-merino-vilnos-siulai-kojinems\/","og_site_name":"Happyinaknit.com","article_modified_time":"2026-03-23T14:48:05+00:00","og_image":[{"width":550,"height":550,"url":"https:\/\/happyinaknit.com\/wp-content\/uploads\/2025\/09\/6847_middle.jpeg","type":"image\/jpeg"}],"twitter_card":"summary_large_image","schema":{"@context":"https:\/\/schema.org","@graph":[{"@type":"WebPage","@id":"https:\/\/happyinaknit.com\/produktas\/casagrande-stripy-merino-vilnos-siulai-kojinems\/","url":"https:\/\/happyinaknit.com\/produktas\/casagrande-stripy-merino-vilnos-siulai-kojinems\/","name":"Casagrande Stripy - Happyinaknit.com","isPartOf":{"@id":"https:\/\/happyinaknit.com\/lt\/#website"},"primaryImageOfPage":{"@id":"https:\/\/happyinaknit.com\/produktas\/casagrande-stripy-merino-vilnos-siulai-kojinems\/#primaryimage"},"image":{"@id":"https:\/\/happyinaknit.com\/produktas\/casagrande-stripy-merino-vilnos-siulai-kojinems\/#primaryimage"},"thumbnailUrl":"https:\/\/happyinaknit.com\/wp-content\/uploads\/2025\/09\/6847_middle.jpeg","datePublished":"2025-09-25T19:16:45+00:00","dateModified":"2026-03-23T14:48:05+00:00","breadcrumb":{"@id":"https:\/\/happyinaknit.com\/produktas\/casagrande-stripy-merino-vilnos-siulai-kojinems\/#breadcrumb"},"inLanguage":"lt-LT","potentialAction":[{"@type":"ReadAction","target":["https:\/\/happyinaknit.com\/produktas\/casagrande-stripy-merino-vilnos-siulai-kojinems\/"]}]},{"@type":"ImageObject","inLanguage":"lt-LT","@id":"https:\/\/happyinaknit.com\/produktas\/casagrande-stripy-merino-vilnos-siulai-kojinems\/#primaryimage","url":"https:\/\/happyinaknit.com\/wp-content\/uploads\/2025\/09\/6847_middle.jpeg","contentUrl":"https:\/\/happyinaknit.com\/wp-content\/uploads\/2025\/09\/6847_middle.jpeg","width":550,"height":550,"caption":"Casagrande Stripy merino vilnos si\u016blai kojin\u0117ms, spalva 605, 50 g kamuoliukas"},{"@type":"BreadcrumbList","@id":"https:\/\/happyinaknit.com\/produktas\/casagrande-stripy-merino-vilnos-siulai-kojinems\/#breadcrumb","itemListElement":[{"@type":"ListItem","position":1,"name":"Home","item":"https:\/\/happyinaknit.com\/lt\/"},{"@type":"ListItem","position":2,"name":"Parduotuv\u0117","item":"https:\/\/happyinaknit.com\/lt\/parduotuve\/"},{"@type":"ListItem","position":3,"name":"Casagrande Stripy"}]},{"@type":"WebSite","@id":"https:\/\/happyinaknit.com\/lt\/#website","url":"https:\/\/happyinaknit.com\/lt\/","name":"Happyinaknit.com","description":"","potentialAction":[{"@type":"SearchAction","target":{"@type":"EntryPoint","urlTemplate":"https:\/\/happyinaknit.com\/lt\/?s={search_term_string}"},"query-input":{"@type":"PropertyValueSpecification","valueRequired":true,"valueName":"search_term_string"}}],"inLanguage":"lt-LT"}]}},"_links":{"self":[{"href":"https:\/\/happyinaknit.com\/lt\/wp-json\/wp\/v2\/product\/1617","targetHints":{"allow":["GET"]}}],"collection":[{"href":"https:\/\/happyinaknit.com\/lt\/wp-json\/wp\/v2\/product"}],"about":[{"href":"https:\/\/happyinaknit.com\/lt\/wp-json\/wp\/v2\/types\/product"}],"replies":[{"embeddable":true,"href":"https:\/\/happyinaknit.com\/lt\/wp-json\/wp\/v2\/comments?post=1617"}],"wp:featuredmedia":[{"embeddable":true,"href":"https:\/\/happyinaknit.com\/lt\/wp-json\/wp\/v2\/media\/1443"}],"wp:attachment":[{"href":"https:\/\/happyinaknit.com\/lt\/wp-json\/wp\/v2\/media?parent=1617"}],"wp:term":[{"taxonomy":"product_brand","embeddable":true,"href":"https:\/\/happyinaknit.com\/lt\/wp-json\/wp\/v2\/product_brand?post=1617"},{"taxonomy":"product_cat","embeddable":true,"href":"https:\/\/happyinaknit.com\/lt\/wp-json\/wp\/v2\/product_cat?post=1617"},{"taxonomy":"product_tag","embeddable":true,"href":"https:\/\/happyinaknit.com\/lt\/wp-json\/wp\/v2\/product_tag?post=1617"},{"taxonomy":"pro-kategorijos","embeddable":true,"href":"https:\/\/happyinaknit.com\/lt\/wp-json\/wp\/v2\/pro-kategorijos?post=1617"}],"curies":[{"name":"wp","href":"https:\/\/api.w.org\/{rel}","templated":true}]}}