{"id":1409,"date":"2025-09-22T11:38:54","date_gmt":"2025-09-22T11:38:54","guid":{"rendered":"https:\/\/happyinaknit.com\/?post_type=product&#038;p=1409"},"modified":"2026-03-26T14:48:08","modified_gmt":"2026-03-26T14:48:08","slug":"automatine-matavimo-juosta","status":"publish","type":"product","link":"https:\/\/happyinaknit.com\/lt\/produktas\/automatine-matavimo-juosta\/","title":{"rendered":"Hemline automatin\u0117 matavimo juosta &#8222;Rose Gold&#8221; 150 cm"},"content":{"rendered":"<p data-start=\"48\" data-end=\"274\">Klasikin\u0117 <strong data-start=\"58\" data-end=\"69\">Hemline<\/strong> centimetrin\u0117 juostel\u0117 \u2013 tai patogus ir stilingas matavimo \u012frankis kiekvienai mezg\u0117jai ar siuv\u0117jai. Juostel\u0117 pasl\u0117pta kompakti\u0161kame, eleganti\u0161kame d\u0117kle, kuris apsaugo j\u0105 nuo susipainiojimo ir pa\u017eeidim\u0173.<\/p>\n<p data-start=\"276\" data-end=\"434\">D\u0117l patogaus mygtuko juostel\u0117 lengvai i\u0161sitraukia ir automati\u0161kai susisuka atgal paspaudus vidur\u012f \u2013 itin prakti\u0161kas sprendimas tiek namuose, tiek kelion\u0117je.<\/p>\n<p data-start=\"436\" data-end=\"450\"><strong data-start=\"436\" data-end=\"448\">Savyb\u0117s:<\/strong><\/p>\n<ul data-start=\"451\" data-end=\"645\">\n<li data-start=\"451\" data-end=\"468\">\n<p data-start=\"453\" data-end=\"468\">Ilgis: 150 cm<\/p>\n<\/li>\n<li data-start=\"469\" data-end=\"505\">\n<p data-start=\"471\" data-end=\"505\">Automatinis susukimo mechanizmas<\/p>\n<\/li>\n<li data-start=\"506\" data-end=\"541\">\n<p data-start=\"508\" data-end=\"541\">Patogus i\u0161traukiamas lie\u017euv\u0117lis<\/p>\n<\/li>\n<li data-start=\"542\" data-end=\"583\">\n<p data-start=\"544\" data-end=\"583\">Kompakti\u0161kas ir eleganti\u0161kas dizainas<\/p>\n<\/li>\n<li data-start=\"584\" data-end=\"645\">\n<p data-start=\"586\" data-end=\"645\">Puikiai tinka mezg\u0117joms, siuv\u0117joms ir rankdarbi\u0173 m\u0117g\u0117joms<\/p>\n<\/li>\n<\/ul>\n<p data-start=\"647\" data-end=\"672\"><strong data-start=\"647\" data-end=\"662\">Gamintojas:<\/strong> Hemline<\/p>\n<p data-start=\"674\" data-end=\"762\" data-is-last-node=\"\" data-is-only-node=\"\"><strong data-start=\"674\" data-end=\"686\">Pastaba:<\/strong> spalv\u0173 atspalviai gali \u0161iek tiek skirtis priklausomai nuo \u012frenginio ekrano.<\/p>\n","protected":false},"excerpt":{"rendered":"<p>Klasikin\u0117 Hemline centimetrin\u0117 juostel\u0117 \u2013 tai patogus ir stilingas matavimo \u012frankis kiekvienai mezg\u0117jai ar siuv\u0117jai. Juostel\u0117 pasl\u0117pta kompakti\u0161kame, eleganti\u0161kame d\u0117kle, kuris apsaugo j\u0105 nuo susipainiojimo ir pa\u017eeidim\u0173. D\u0117l patogaus mygtuko juostel\u0117 lengvai i\u0161sitraukia ir automati\u0161kai susisuka atgal paspaudus vidur\u012f \u2013 itin prakti\u0161kas sprendimas tiek namuose, tiek kelion\u0117je. Savyb\u0117s: Ilgis: 150 cm Automatinis susukimo mechanizmas Patogus [&hellip;]<\/p>\n","protected":false},"featured_media":1410,"comment_status":"open","ping_status":"closed","template":"","meta":{"_acf_changed":false},"product_brand":[93],"product_cat":[15,92,20],"product_tag":[],"pro-kategorijos":[],"class_list":{"0":"post-1409","1":"product","2":"type-product","3":"status-publish","4":"has-post-thumbnail","6":"product_brand-hemline","7":"product_cat-visi-produktai","8":"product_cat-matavimo-priemones","9":"product_cat-priedai-mezgimui","11":"first","12":"instock","13":"shipping-taxable","14":"purchasable","15":"product-type-simple"},"acf":[],"yoast_head":"<!-- This site is optimized with the Yoast SEO plugin v26.8 - https:\/\/yoast.com\/product\/yoast-seo-wordpress\/ -->\n<title>Hemline automatin\u0117 matavimo juosta &quot;Rose Gold&quot; 150 cm - Happyinaknit.com<\/title>\n<meta name=\"robots\" content=\"index, follow, max-snippet:-1, max-image-preview:large, max-video-preview:-1\" \/>\n<link rel=\"canonical\" href=\"https:\/\/happyinaknit.com\/lt\/produktas\/automatine-matavimo-juosta\/\" \/>\n<meta property=\"og:locale\" content=\"lt_LT\" \/>\n<meta property=\"og:type\" content=\"article\" \/>\n<meta property=\"og:title\" content=\"Hemline automatin\u0117 matavimo juosta &quot;Rose Gold&quot; 150 cm - Happyinaknit.com\" \/>\n<meta property=\"og:description\" content=\"Klasikin\u0117 Hemline centimetrin\u0117 juostel\u0117 \u2013 tai patogus ir stilingas matavimo \u012frankis kiekvienai mezg\u0117jai ar siuv\u0117jai. Juostel\u0117 pasl\u0117pta kompakti\u0161kame, eleganti\u0161kame d\u0117kle, kuris apsaugo j\u0105 nuo susipainiojimo ir pa\u017eeidim\u0173. D\u0117l patogaus mygtuko juostel\u0117 lengvai i\u0161sitraukia ir automati\u0161kai susisuka atgal paspaudus vidur\u012f \u2013 itin prakti\u0161kas sprendimas tiek namuose, tiek kelion\u0117je. Savyb\u0117s: Ilgis: 150 cm Automatinis susukimo mechanizmas Patogus [&hellip;]\" \/>\n<meta property=\"og:url\" content=\"https:\/\/happyinaknit.com\/lt\/produktas\/automatine-matavimo-juosta\/\" \/>\n<meta property=\"og:site_name\" content=\"Happyinaknit.com\" \/>\n<meta property=\"article:modified_time\" content=\"2026-03-26T14:48:08+00:00\" \/>\n<meta property=\"og:image\" content=\"https:\/\/happyinaknit.com\/wp-content\/uploads\/2025\/09\/Hemline3.jpg\" \/>\n\t<meta property=\"og:image:width\" content=\"447\" \/>\n\t<meta property=\"og:image:height\" content=\"447\" \/>\n\t<meta property=\"og:image:type\" content=\"image\/jpeg\" \/>\n<meta name=\"twitter:card\" content=\"summary_large_image\" \/>\n<meta name=\"twitter:label1\" content=\"Est. reading time\" \/>\n\t<meta name=\"twitter:data1\" content=\"1 minut\u0117\" \/>\n<script type=\"application\/ld+json\" class=\"yoast-schema-graph\">{\"@context\":\"https:\/\/schema.org\",\"@graph\":[{\"@type\":\"WebPage\",\"@id\":\"https:\/\/happyinaknit.com\/produktas\/automatine-matavimo-juosta\/\",\"url\":\"https:\/\/happyinaknit.com\/produktas\/automatine-matavimo-juosta\/\",\"name\":\"Hemline automatin\u0117 matavimo juosta \\\"Rose Gold\\\" 150 cm - Happyinaknit.com\",\"isPartOf\":{\"@id\":\"https:\/\/happyinaknit.com\/lt\/#website\"},\"primaryImageOfPage\":{\"@id\":\"https:\/\/happyinaknit.com\/produktas\/automatine-matavimo-juosta\/#primaryimage\"},\"image\":{\"@id\":\"https:\/\/happyinaknit.com\/produktas\/automatine-matavimo-juosta\/#primaryimage\"},\"thumbnailUrl\":\"https:\/\/happyinaknit.com\/wp-content\/uploads\/2025\/09\/Hemline3.jpg\",\"datePublished\":\"2025-09-22T11:38:54+00:00\",\"dateModified\":\"2026-03-26T14:48:08+00:00\",\"breadcrumb\":{\"@id\":\"https:\/\/happyinaknit.com\/produktas\/automatine-matavimo-juosta\/#breadcrumb\"},\"inLanguage\":\"lt-LT\",\"potentialAction\":[{\"@type\":\"ReadAction\",\"target\":[\"https:\/\/happyinaknit.com\/produktas\/automatine-matavimo-juosta\/\"]}]},{\"@type\":\"ImageObject\",\"inLanguage\":\"lt-LT\",\"@id\":\"https:\/\/happyinaknit.com\/produktas\/automatine-matavimo-juosta\/#primaryimage\",\"url\":\"https:\/\/happyinaknit.com\/wp-content\/uploads\/2025\/09\/Hemline3.jpg\",\"contentUrl\":\"https:\/\/happyinaknit.com\/wp-content\/uploads\/2025\/09\/Hemline3.jpg\",\"width\":447,\"height\":447},{\"@type\":\"BreadcrumbList\",\"@id\":\"https:\/\/happyinaknit.com\/produktas\/automatine-matavimo-juosta\/#breadcrumb\",\"itemListElement\":[{\"@type\":\"ListItem\",\"position\":1,\"name\":\"Home\",\"item\":\"https:\/\/happyinaknit.com\/lt\/\"},{\"@type\":\"ListItem\",\"position\":2,\"name\":\"Parduotuv\u0117\",\"item\":\"https:\/\/happyinaknit.com\/lt\/parduotuve\/\"},{\"@type\":\"ListItem\",\"position\":3,\"name\":\"Hemline automatin\u0117 matavimo juosta &#8222;Rose Gold&#8221; 150 cm\"}]},{\"@type\":\"WebSite\",\"@id\":\"https:\/\/happyinaknit.com\/lt\/#website\",\"url\":\"https:\/\/happyinaknit.com\/lt\/\",\"name\":\"Happyinaknit.com\",\"description\":\"\",\"potentialAction\":[{\"@type\":\"SearchAction\",\"target\":{\"@type\":\"EntryPoint\",\"urlTemplate\":\"https:\/\/happyinaknit.com\/lt\/?s={search_term_string}\"},\"query-input\":{\"@type\":\"PropertyValueSpecification\",\"valueRequired\":true,\"valueName\":\"search_term_string\"}}],\"inLanguage\":\"lt-LT\"}]}<\/script>\n<!-- \/ Yoast SEO plugin. -->","yoast_head_json":{"title":"Hemline automatin\u0117 matavimo juosta \"Rose Gold\" 150 cm - Happyinaknit.com","robots":{"index":"index","follow":"follow","max-snippet":"max-snippet:-1","max-image-preview":"max-image-preview:large","max-video-preview":"max-video-preview:-1"},"canonical":"https:\/\/happyinaknit.com\/lt\/produktas\/automatine-matavimo-juosta\/","og_locale":"lt_LT","og_type":"article","og_title":"Hemline automatin\u0117 matavimo juosta \"Rose Gold\" 150 cm - Happyinaknit.com","og_description":"Klasikin\u0117 Hemline centimetrin\u0117 juostel\u0117 \u2013 tai patogus ir stilingas matavimo \u012frankis kiekvienai mezg\u0117jai ar siuv\u0117jai. Juostel\u0117 pasl\u0117pta kompakti\u0161kame, eleganti\u0161kame d\u0117kle, kuris apsaugo j\u0105 nuo susipainiojimo ir pa\u017eeidim\u0173. D\u0117l patogaus mygtuko juostel\u0117 lengvai i\u0161sitraukia ir automati\u0161kai susisuka atgal paspaudus vidur\u012f \u2013 itin prakti\u0161kas sprendimas tiek namuose, tiek kelion\u0117je. Savyb\u0117s: Ilgis: 150 cm Automatinis susukimo mechanizmas Patogus [&hellip;]","og_url":"https:\/\/happyinaknit.com\/lt\/produktas\/automatine-matavimo-juosta\/","og_site_name":"Happyinaknit.com","article_modified_time":"2026-03-26T14:48:08+00:00","og_image":[{"width":447,"height":447,"url":"https:\/\/happyinaknit.com\/wp-content\/uploads\/2025\/09\/Hemline3.jpg","type":"image\/jpeg"}],"twitter_card":"summary_large_image","twitter_misc":{"Est. reading time":"1 minut\u0117"},"schema":{"@context":"https:\/\/schema.org","@graph":[{"@type":"WebPage","@id":"https:\/\/happyinaknit.com\/produktas\/automatine-matavimo-juosta\/","url":"https:\/\/happyinaknit.com\/produktas\/automatine-matavimo-juosta\/","name":"Hemline automatin\u0117 matavimo juosta \"Rose Gold\" 150 cm - Happyinaknit.com","isPartOf":{"@id":"https:\/\/happyinaknit.com\/lt\/#website"},"primaryImageOfPage":{"@id":"https:\/\/happyinaknit.com\/produktas\/automatine-matavimo-juosta\/#primaryimage"},"image":{"@id":"https:\/\/happyinaknit.com\/produktas\/automatine-matavimo-juosta\/#primaryimage"},"thumbnailUrl":"https:\/\/happyinaknit.com\/wp-content\/uploads\/2025\/09\/Hemline3.jpg","datePublished":"2025-09-22T11:38:54+00:00","dateModified":"2026-03-26T14:48:08+00:00","breadcrumb":{"@id":"https:\/\/happyinaknit.com\/produktas\/automatine-matavimo-juosta\/#breadcrumb"},"inLanguage":"lt-LT","potentialAction":[{"@type":"ReadAction","target":["https:\/\/happyinaknit.com\/produktas\/automatine-matavimo-juosta\/"]}]},{"@type":"ImageObject","inLanguage":"lt-LT","@id":"https:\/\/happyinaknit.com\/produktas\/automatine-matavimo-juosta\/#primaryimage","url":"https:\/\/happyinaknit.com\/wp-content\/uploads\/2025\/09\/Hemline3.jpg","contentUrl":"https:\/\/happyinaknit.com\/wp-content\/uploads\/2025\/09\/Hemline3.jpg","width":447,"height":447},{"@type":"BreadcrumbList","@id":"https:\/\/happyinaknit.com\/produktas\/automatine-matavimo-juosta\/#breadcrumb","itemListElement":[{"@type":"ListItem","position":1,"name":"Home","item":"https:\/\/happyinaknit.com\/lt\/"},{"@type":"ListItem","position":2,"name":"Parduotuv\u0117","item":"https:\/\/happyinaknit.com\/lt\/parduotuve\/"},{"@type":"ListItem","position":3,"name":"Hemline automatin\u0117 matavimo juosta &#8222;Rose Gold&#8221; 150 cm"}]},{"@type":"WebSite","@id":"https:\/\/happyinaknit.com\/lt\/#website","url":"https:\/\/happyinaknit.com\/lt\/","name":"Happyinaknit.com","description":"","potentialAction":[{"@type":"SearchAction","target":{"@type":"EntryPoint","urlTemplate":"https:\/\/happyinaknit.com\/lt\/?s={search_term_string}"},"query-input":{"@type":"PropertyValueSpecification","valueRequired":true,"valueName":"search_term_string"}}],"inLanguage":"lt-LT"}]}},"_links":{"self":[{"href":"https:\/\/happyinaknit.com\/lt\/wp-json\/wp\/v2\/product\/1409","targetHints":{"allow":["GET"]}}],"collection":[{"href":"https:\/\/happyinaknit.com\/lt\/wp-json\/wp\/v2\/product"}],"about":[{"href":"https:\/\/happyinaknit.com\/lt\/wp-json\/wp\/v2\/types\/product"}],"replies":[{"embeddable":true,"href":"https:\/\/happyinaknit.com\/lt\/wp-json\/wp\/v2\/comments?post=1409"}],"wp:featuredmedia":[{"embeddable":true,"href":"https:\/\/happyinaknit.com\/lt\/wp-json\/wp\/v2\/media\/1410"}],"wp:attachment":[{"href":"https:\/\/happyinaknit.com\/lt\/wp-json\/wp\/v2\/media?parent=1409"}],"wp:term":[{"taxonomy":"product_brand","embeddable":true,"href":"https:\/\/happyinaknit.com\/lt\/wp-json\/wp\/v2\/product_brand?post=1409"},{"taxonomy":"product_cat","embeddable":true,"href":"https:\/\/happyinaknit.com\/lt\/wp-json\/wp\/v2\/product_cat?post=1409"},{"taxonomy":"product_tag","embeddable":true,"href":"https:\/\/happyinaknit.com\/lt\/wp-json\/wp\/v2\/product_tag?post=1409"},{"taxonomy":"pro-kategorijos","embeddable":true,"href":"https:\/\/happyinaknit.com\/lt\/wp-json\/wp\/v2\/pro-kategorijos?post=1409"}],"curies":[{"name":"wp","href":"https:\/\/api.w.org\/{rel}","templated":true}]}}