{"id":1311,"date":"2025-09-19T06:11:28","date_gmt":"2025-09-19T06:11:28","guid":{"rendered":"https:\/\/happyinaknit.com\/?post_type=product&#038;p=1311"},"modified":"2025-11-19T13:18:50","modified_gmt":"2025-11-19T13:18:50","slug":"mini-zirkles","status":"publish","type":"product","link":"https:\/\/happyinaknit.com\/lt\/produktas\/mini-zirkles\/","title":{"rendered":"Cohana Seki  Kantsubaki Riboto leidimo  mini \u017eirkl\u0117s"},"content":{"rendered":"<p data-start=\"0\" data-end=\"286\"><strong data-start=\"0\" data-end=\"89\">Riboto leidimo japoni\u0161ka kolekcija \u201eCohana\u201c skirta Kanzubaki \u2013 japoni\u0161kajai kamelijai<\/strong>, g\u0117lei, kuri vertinama d\u0117l ankstyvo \u017eyd\u0117jimo. Tai vienas pirm\u0173j\u0173 \u017eied\u0173, pra\u017eystan\u010di\u0173 \u017eiemos pabaigoje. Kolekcijos <strong data-start=\"204\" data-end=\"252\">raudona spalva simbolizuoja kamelijos \u017eiedus<\/strong>, o <strong data-start=\"256\" data-end=\"283\">balti akcentai \u2013 snieg\u0105<\/strong>.<\/p>\n<p data-start=\"288\" data-end=\"697\"><strong data-start=\"288\" data-end=\"311\">Mini \u017eirkl\u0117s \u201eSeki\u201c<\/strong> \u2013 tai ne tik esteti\u0161kas, bet ir itin funkcionalus \u012frankis. Kirpimas atliekamas \u0161velniai suspaud\u017eiant spyruoklines ranken\u0117les dviem pir\u0161tais. \u017dirkles gamina garsus Japonijos peili\u0173 gamintojas <strong data-start=\"503\" data-end=\"523\">Hasegawa Cutlery<\/strong>.<br data-start=\"524\" data-end=\"527\" \/><strong data-start=\"527\" data-end=\"550\" data-is-only-node=\"\">Balta odin\u0117 mak\u0161tis<\/strong> saugo a\u0161menis, tod\u0117l \u0161ios \u017eirkl\u0117s idealiai tinka keliaujantiems rankdarbi\u0173 m\u0117g\u0117jams. <strong data-start=\"636\" data-end=\"655\">Atlasinis kutas<\/strong>suteikia eleganti\u0161k\u0105, i\u0161baigt\u0105 akcent\u0105.<\/p>\n<p data-start=\"699\" data-end=\"859\"><strong data-start=\"699\" data-end=\"715\">I\u0161matavimai:<\/strong> ilgis 35 mm, plotis 22 mm, storis 12 mm.<br data-start=\"756\" data-end=\"759\" \/><strong data-start=\"759\" data-end=\"773\">Med\u017eiagos:<\/strong> ner\u016bdijan\u010dio plieno a\u0161menys, plastikin\u0117s ranken\u0117l\u0117s, odinis d\u0117klas, \u0161ilkinis kutas.<\/p>\n<p data-start=\"861\" data-end=\"949\" data-is-last-node=\"\" data-is-only-node=\"\"><strong data-start=\"861\" data-end=\"873\">Pastaba:<\/strong> spalv\u0173 atspalviai gali \u0161iek tiek skirtis priklausomai nuo \u012frenginio ekrano.<\/p>\n","protected":false},"excerpt":{"rendered":"<p>Riboto leidimo japoni\u0161ka kolekcija \u201eCohana\u201c skirta Kanzubaki \u2013 japoni\u0161kajai kamelijai, g\u0117lei, kuri vertinama d\u0117l ankstyvo \u017eyd\u0117jimo. Tai vienas pirm\u0173j\u0173 \u017eied\u0173, pra\u017eystan\u010di\u0173 \u017eiemos pabaigoje. Kolekcijos raudona spalva simbolizuoja kamelijos \u017eiedus, o balti akcentai \u2013 snieg\u0105. Mini \u017eirkl\u0117s \u201eSeki\u201c \u2013 tai ne tik esteti\u0161kas, bet ir itin funkcionalus \u012frankis. Kirpimas atliekamas \u0161velniai suspaud\u017eiant spyruoklines ranken\u0117les dviem pir\u0161tais. [&hellip;]<\/p>\n","protected":false},"featured_media":1312,"comment_status":"open","ping_status":"closed","template":"","meta":{"_acf_changed":false},"product_brand":[89],"product_cat":[15,20,90],"product_tag":[],"pro-kategorijos":[],"class_list":{"0":"post-1311","1":"product","2":"type-product","3":"status-publish","4":"has-post-thumbnail","6":"product_brand-cohana","7":"product_cat-visi-produktai","8":"product_cat-priedai-mezgimui","9":"product_cat-zirkles","11":"first","12":"outofstock","13":"shipping-taxable","14":"purchasable","15":"product-type-simple"},"acf":[],"yoast_head":"<!-- This site is optimized with the Yoast SEO plugin v26.8 - https:\/\/yoast.com\/product\/yoast-seo-wordpress\/ -->\n<title>Cohana Seki Kantsubaki Riboto leidimo mini \u017eirkl\u0117s - Happyinaknit.com<\/title>\n<meta name=\"robots\" content=\"index, follow, max-snippet:-1, max-image-preview:large, max-video-preview:-1\" \/>\n<link rel=\"canonical\" href=\"https:\/\/happyinaknit.com\/lt\/produktas\/mini-zirkles\/\" \/>\n<meta property=\"og:locale\" content=\"lt_LT\" \/>\n<meta property=\"og:type\" content=\"article\" \/>\n<meta property=\"og:title\" content=\"Cohana Seki Kantsubaki Riboto leidimo mini \u017eirkl\u0117s - Happyinaknit.com\" \/>\n<meta property=\"og:description\" content=\"Riboto leidimo japoni\u0161ka kolekcija \u201eCohana\u201c skirta Kanzubaki \u2013 japoni\u0161kajai kamelijai, g\u0117lei, kuri vertinama d\u0117l ankstyvo \u017eyd\u0117jimo. Tai vienas pirm\u0173j\u0173 \u017eied\u0173, pra\u017eystan\u010di\u0173 \u017eiemos pabaigoje. Kolekcijos raudona spalva simbolizuoja kamelijos \u017eiedus, o balti akcentai \u2013 snieg\u0105. Mini \u017eirkl\u0117s \u201eSeki\u201c \u2013 tai ne tik esteti\u0161kas, bet ir itin funkcionalus \u012frankis. Kirpimas atliekamas \u0161velniai suspaud\u017eiant spyruoklines ranken\u0117les dviem pir\u0161tais. [&hellip;]\" \/>\n<meta property=\"og:url\" content=\"https:\/\/happyinaknit.com\/lt\/produktas\/mini-zirkles\/\" \/>\n<meta property=\"og:site_name\" content=\"Happyinaknit.com\" \/>\n<meta property=\"article:modified_time\" content=\"2025-11-19T13:18:50+00:00\" \/>\n<meta property=\"og:image\" content=\"https:\/\/happyinaknit.com\/wp-content\/uploads\/2025\/09\/KantsubakiLimited.webp\" \/>\n\t<meta property=\"og:image:width\" content=\"1080\" \/>\n\t<meta property=\"og:image:height\" content=\"1080\" \/>\n\t<meta property=\"og:image:type\" content=\"image\/webp\" \/>\n<meta name=\"twitter:card\" content=\"summary_large_image\" \/>\n<meta name=\"twitter:label1\" content=\"Est. reading time\" \/>\n\t<meta name=\"twitter:data1\" content=\"1 minut\u0117\" \/>\n<script type=\"application\/ld+json\" class=\"yoast-schema-graph\">{\"@context\":\"https:\/\/schema.org\",\"@graph\":[{\"@type\":\"WebPage\",\"@id\":\"https:\/\/happyinaknit.com\/produktas\/mini-zirkles\/\",\"url\":\"https:\/\/happyinaknit.com\/produktas\/mini-zirkles\/\",\"name\":\"Cohana Seki Kantsubaki Riboto leidimo mini \u017eirkl\u0117s - Happyinaknit.com\",\"isPartOf\":{\"@id\":\"https:\/\/happyinaknit.com\/lt\/#website\"},\"primaryImageOfPage\":{\"@id\":\"https:\/\/happyinaknit.com\/produktas\/mini-zirkles\/#primaryimage\"},\"image\":{\"@id\":\"https:\/\/happyinaknit.com\/produktas\/mini-zirkles\/#primaryimage\"},\"thumbnailUrl\":\"https:\/\/happyinaknit.com\/wp-content\/uploads\/2025\/09\/KantsubakiLimited.webp\",\"datePublished\":\"2025-09-19T06:11:28+00:00\",\"dateModified\":\"2025-11-19T13:18:50+00:00\",\"breadcrumb\":{\"@id\":\"https:\/\/happyinaknit.com\/produktas\/mini-zirkles\/#breadcrumb\"},\"inLanguage\":\"lt-LT\",\"potentialAction\":[{\"@type\":\"ReadAction\",\"target\":[\"https:\/\/happyinaknit.com\/produktas\/mini-zirkles\/\"]}]},{\"@type\":\"ImageObject\",\"inLanguage\":\"lt-LT\",\"@id\":\"https:\/\/happyinaknit.com\/produktas\/mini-zirkles\/#primaryimage\",\"url\":\"https:\/\/happyinaknit.com\/wp-content\/uploads\/2025\/09\/KantsubakiLimited.webp\",\"contentUrl\":\"https:\/\/happyinaknit.com\/wp-content\/uploads\/2025\/09\/KantsubakiLimited.webp\",\"width\":1080,\"height\":1080},{\"@type\":\"BreadcrumbList\",\"@id\":\"https:\/\/happyinaknit.com\/produktas\/mini-zirkles\/#breadcrumb\",\"itemListElement\":[{\"@type\":\"ListItem\",\"position\":1,\"name\":\"Home\",\"item\":\"https:\/\/happyinaknit.com\/lt\/\"},{\"@type\":\"ListItem\",\"position\":2,\"name\":\"Parduotuv\u0117\",\"item\":\"https:\/\/happyinaknit.com\/lt\/parduotuve\/\"},{\"@type\":\"ListItem\",\"position\":3,\"name\":\"Cohana Seki Kantsubaki Riboto leidimo mini \u017eirkl\u0117s\"}]},{\"@type\":\"WebSite\",\"@id\":\"https:\/\/happyinaknit.com\/lt\/#website\",\"url\":\"https:\/\/happyinaknit.com\/lt\/\",\"name\":\"Happyinaknit.com\",\"description\":\"\",\"potentialAction\":[{\"@type\":\"SearchAction\",\"target\":{\"@type\":\"EntryPoint\",\"urlTemplate\":\"https:\/\/happyinaknit.com\/lt\/?s={search_term_string}\"},\"query-input\":{\"@type\":\"PropertyValueSpecification\",\"valueRequired\":true,\"valueName\":\"search_term_string\"}}],\"inLanguage\":\"lt-LT\"}]}<\/script>\n<!-- \/ Yoast SEO plugin. -->","yoast_head_json":{"title":"Cohana Seki Kantsubaki Riboto leidimo mini \u017eirkl\u0117s - Happyinaknit.com","robots":{"index":"index","follow":"follow","max-snippet":"max-snippet:-1","max-image-preview":"max-image-preview:large","max-video-preview":"max-video-preview:-1"},"canonical":"https:\/\/happyinaknit.com\/lt\/produktas\/mini-zirkles\/","og_locale":"lt_LT","og_type":"article","og_title":"Cohana Seki Kantsubaki Riboto leidimo mini \u017eirkl\u0117s - Happyinaknit.com","og_description":"Riboto leidimo japoni\u0161ka kolekcija \u201eCohana\u201c skirta Kanzubaki \u2013 japoni\u0161kajai kamelijai, g\u0117lei, kuri vertinama d\u0117l ankstyvo \u017eyd\u0117jimo. Tai vienas pirm\u0173j\u0173 \u017eied\u0173, pra\u017eystan\u010di\u0173 \u017eiemos pabaigoje. Kolekcijos raudona spalva simbolizuoja kamelijos \u017eiedus, o balti akcentai \u2013 snieg\u0105. Mini \u017eirkl\u0117s \u201eSeki\u201c \u2013 tai ne tik esteti\u0161kas, bet ir itin funkcionalus \u012frankis. Kirpimas atliekamas \u0161velniai suspaud\u017eiant spyruoklines ranken\u0117les dviem pir\u0161tais. [&hellip;]","og_url":"https:\/\/happyinaknit.com\/lt\/produktas\/mini-zirkles\/","og_site_name":"Happyinaknit.com","article_modified_time":"2025-11-19T13:18:50+00:00","og_image":[{"width":1080,"height":1080,"url":"https:\/\/happyinaknit.com\/wp-content\/uploads\/2025\/09\/KantsubakiLimited.webp","type":"image\/webp"}],"twitter_card":"summary_large_image","twitter_misc":{"Est. reading time":"1 minut\u0117"},"schema":{"@context":"https:\/\/schema.org","@graph":[{"@type":"WebPage","@id":"https:\/\/happyinaknit.com\/produktas\/mini-zirkles\/","url":"https:\/\/happyinaknit.com\/produktas\/mini-zirkles\/","name":"Cohana Seki Kantsubaki Riboto leidimo mini \u017eirkl\u0117s - Happyinaknit.com","isPartOf":{"@id":"https:\/\/happyinaknit.com\/lt\/#website"},"primaryImageOfPage":{"@id":"https:\/\/happyinaknit.com\/produktas\/mini-zirkles\/#primaryimage"},"image":{"@id":"https:\/\/happyinaknit.com\/produktas\/mini-zirkles\/#primaryimage"},"thumbnailUrl":"https:\/\/happyinaknit.com\/wp-content\/uploads\/2025\/09\/KantsubakiLimited.webp","datePublished":"2025-09-19T06:11:28+00:00","dateModified":"2025-11-19T13:18:50+00:00","breadcrumb":{"@id":"https:\/\/happyinaknit.com\/produktas\/mini-zirkles\/#breadcrumb"},"inLanguage":"lt-LT","potentialAction":[{"@type":"ReadAction","target":["https:\/\/happyinaknit.com\/produktas\/mini-zirkles\/"]}]},{"@type":"ImageObject","inLanguage":"lt-LT","@id":"https:\/\/happyinaknit.com\/produktas\/mini-zirkles\/#primaryimage","url":"https:\/\/happyinaknit.com\/wp-content\/uploads\/2025\/09\/KantsubakiLimited.webp","contentUrl":"https:\/\/happyinaknit.com\/wp-content\/uploads\/2025\/09\/KantsubakiLimited.webp","width":1080,"height":1080},{"@type":"BreadcrumbList","@id":"https:\/\/happyinaknit.com\/produktas\/mini-zirkles\/#breadcrumb","itemListElement":[{"@type":"ListItem","position":1,"name":"Home","item":"https:\/\/happyinaknit.com\/lt\/"},{"@type":"ListItem","position":2,"name":"Parduotuv\u0117","item":"https:\/\/happyinaknit.com\/lt\/parduotuve\/"},{"@type":"ListItem","position":3,"name":"Cohana Seki Kantsubaki Riboto leidimo mini \u017eirkl\u0117s"}]},{"@type":"WebSite","@id":"https:\/\/happyinaknit.com\/lt\/#website","url":"https:\/\/happyinaknit.com\/lt\/","name":"Happyinaknit.com","description":"","potentialAction":[{"@type":"SearchAction","target":{"@type":"EntryPoint","urlTemplate":"https:\/\/happyinaknit.com\/lt\/?s={search_term_string}"},"query-input":{"@type":"PropertyValueSpecification","valueRequired":true,"valueName":"search_term_string"}}],"inLanguage":"lt-LT"}]}},"_links":{"self":[{"href":"https:\/\/happyinaknit.com\/lt\/wp-json\/wp\/v2\/product\/1311","targetHints":{"allow":["GET"]}}],"collection":[{"href":"https:\/\/happyinaknit.com\/lt\/wp-json\/wp\/v2\/product"}],"about":[{"href":"https:\/\/happyinaknit.com\/lt\/wp-json\/wp\/v2\/types\/product"}],"replies":[{"embeddable":true,"href":"https:\/\/happyinaknit.com\/lt\/wp-json\/wp\/v2\/comments?post=1311"}],"wp:featuredmedia":[{"embeddable":true,"href":"https:\/\/happyinaknit.com\/lt\/wp-json\/wp\/v2\/media\/1312"}],"wp:attachment":[{"href":"https:\/\/happyinaknit.com\/lt\/wp-json\/wp\/v2\/media?parent=1311"}],"wp:term":[{"taxonomy":"product_brand","embeddable":true,"href":"https:\/\/happyinaknit.com\/lt\/wp-json\/wp\/v2\/product_brand?post=1311"},{"taxonomy":"product_cat","embeddable":true,"href":"https:\/\/happyinaknit.com\/lt\/wp-json\/wp\/v2\/product_cat?post=1311"},{"taxonomy":"product_tag","embeddable":true,"href":"https:\/\/happyinaknit.com\/lt\/wp-json\/wp\/v2\/product_tag?post=1311"},{"taxonomy":"pro-kategorijos","embeddable":true,"href":"https:\/\/happyinaknit.com\/lt\/wp-json\/wp\/v2\/pro-kategorijos?post=1311"}],"curies":[{"name":"wp","href":"https:\/\/api.w.org\/{rel}","templated":true}]}}