{"id":1304,"date":"2025-09-19T05:53:37","date_gmt":"2025-09-19T05:53:37","guid":{"rendered":"https:\/\/happyinaknit.com\/?post_type=product&#038;p=1304"},"modified":"2025-10-13T13:32:56","modified_gmt":"2025-10-13T13:32:56","slug":"magnetine-adatine-su-adatu-poliruokliu-geltona","status":"publish","type":"product","link":"https:\/\/happyinaknit.com\/lt\/produktas\/magnetine-adatine-su-adatu-poliruokliu-geltona\/","title":{"rendered":"Cohana magnetin\u0117 adatin\u0117 su adat\u0173 poliruokliu, geltona"},"content":{"rendered":"<p data-start=\"0\" data-end=\"267\">Japon\u0173 prek\u0117s \u017eenklas <strong data-start=\"22\" data-end=\"32\">Cohana<\/strong> si\u016blo gaminius, kuriuose svarbiausia \u2013 kokyb\u0117, funkcionalumas ir dizainas. Visi j\u0173 produktai gaminami tradiciniais metodais, bendradarbiaujant su geriausiais \u0161alies meistrais ir naudojant kuo daugiau ekologi\u0161k\u0173 med\u017eiag\u0173 bei \u017ealiav\u0173.<\/p>\n<p data-start=\"269\" data-end=\"661\">\u0160i nuostabi <strong data-start=\"281\" data-end=\"325\">magnetin\u0117 adat\u0173 laikiklio ir poliruoklio<\/strong> kombinacija i\u0161 <strong data-start=\"341\" data-end=\"351\">Cohana<\/strong> taps puikiu j\u016bs\u0173 rankdarbi\u0173 rinkinio papildymu. Ji visi\u0161kai rank\u0173 darbo \u2013 pagaminta i\u0161 keramikos ir dekoruota g\u0117li\u0173 motyvu pagal <strong data-start=\"481\" data-end=\"497\">Awaji Kawara<\/strong> keramikini\u0173 \u010derpi\u0173 tradicij\u0105, siekian\u010di\u0105 XVII am\u017ei\u0173. Kiekvienas gaminys yra unikalus \u2013 glaz\u016bros atspalvi\u0173 \u012fvairov\u0117 suteikia kiekvienai detalei savit\u0105 charakter\u012f.<\/p>\n<p data-start=\"663\" data-end=\"1041\">\u0160is produktas ne tik esteti\u0161kas, bet ir itin funkcionalus. D\u0117l \u012fmontuoto magneto jis patikimai laiko adatas darbo metu, o papildoma funkcija leid\u017eia <strong data-start=\"812\" data-end=\"843\">poliruoti ir gal\u0105sti adatas<\/strong>. Poliruotos adatos geriau slysta audiniu ir palengvina siuvimo proces\u0105. Nor\u0117dami panaudoti poliruokl\u012f, tiesiog \u012fki\u0161kite adat\u0105 \u012f \u0161onin\u0119 ang\u0105 ir l\u0117tai i\u0161traukite j\u0105, lengvai spausdami apatin\u0119 dal\u012f.<\/p>\n<p data-start=\"1043\" data-end=\"1101\" data-is-last-node=\"\" data-is-only-node=\"\">Adat\u0173 laikiklio skersmuo \u2013 <strong data-start=\"1070\" data-end=\"1079\">40 mm<\/strong>, auk\u0161tis \u2013 <strong data-start=\"1091\" data-end=\"1100\">17 mm<\/strong>.<\/p>\n","protected":false},"excerpt":{"rendered":"<p>Japon\u0173 prek\u0117s \u017eenklas Cohana si\u016blo gaminius, kuriuose svarbiausia \u2013 kokyb\u0117, funkcionalumas ir dizainas. Visi j\u0173 produktai gaminami tradiciniais metodais, bendradarbiaujant su geriausiais \u0161alies meistrais ir naudojant kuo daugiau ekologi\u0161k\u0173 med\u017eiag\u0173 bei \u017ealiav\u0173. \u0160i nuostabi magnetin\u0117 adat\u0173 laikiklio ir poliruoklio kombinacija i\u0161 Cohana taps puikiu j\u016bs\u0173 rankdarbi\u0173 rinkinio papildymu. Ji visi\u0161kai rank\u0173 darbo \u2013 pagaminta i\u0161 [&hellip;]<\/p>\n","protected":false},"featured_media":4597,"comment_status":"open","ping_status":"closed","template":"","meta":{"_acf_changed":false},"product_brand":[89],"product_cat":[15,1080,52,20],"product_tag":[],"pro-kategorijos":[],"class_list":{"0":"post-1304","1":"product","2":"type-product","3":"status-publish","4":"has-post-thumbnail","6":"product_brand-cohana","7":"product_cat-visi-produktai","8":"product_cat-adatos","9":"product_cat-kiti-mezgimo-reikmenys","10":"product_cat-priedai-mezgimui","12":"first","13":"instock","14":"shipping-taxable","15":"purchasable","16":"product-type-simple"},"acf":[],"yoast_head":"<!-- This site is optimized with the Yoast SEO plugin v26.8 - https:\/\/yoast.com\/product\/yoast-seo-wordpress\/ -->\n<title>Cohana magnetin\u0117 adatin\u0117 su adat\u0173 poliruokliu, geltona - Happyinaknit.com<\/title>\n<meta name=\"robots\" content=\"index, follow, max-snippet:-1, max-image-preview:large, max-video-preview:-1\" \/>\n<link rel=\"canonical\" href=\"https:\/\/happyinaknit.com\/lt\/produktas\/magnetine-adatine-su-adatu-poliruokliu-geltona\/\" \/>\n<meta property=\"og:locale\" content=\"lt_LT\" \/>\n<meta property=\"og:type\" content=\"article\" \/>\n<meta property=\"og:title\" content=\"Cohana magnetin\u0117 adatin\u0117 su adat\u0173 poliruokliu, geltona - Happyinaknit.com\" \/>\n<meta property=\"og:description\" content=\"Japon\u0173 prek\u0117s \u017eenklas Cohana si\u016blo gaminius, kuriuose svarbiausia \u2013 kokyb\u0117, funkcionalumas ir dizainas. Visi j\u0173 produktai gaminami tradiciniais metodais, bendradarbiaujant su geriausiais \u0161alies meistrais ir naudojant kuo daugiau ekologi\u0161k\u0173 med\u017eiag\u0173 bei \u017ealiav\u0173. \u0160i nuostabi magnetin\u0117 adat\u0173 laikiklio ir poliruoklio kombinacija i\u0161 Cohana taps puikiu j\u016bs\u0173 rankdarbi\u0173 rinkinio papildymu. Ji visi\u0161kai rank\u0173 darbo \u2013 pagaminta i\u0161 [&hellip;]\" \/>\n<meta property=\"og:url\" content=\"https:\/\/happyinaknit.com\/lt\/produktas\/magnetine-adatine-su-adatu-poliruokliu-geltona\/\" \/>\n<meta property=\"og:site_name\" content=\"Happyinaknit.com\" \/>\n<meta property=\"article:modified_time\" content=\"2025-10-13T13:32:56+00:00\" \/>\n<meta property=\"og:image\" content=\"https:\/\/happyinaknit.com\/wp-content\/uploads\/2025\/09\/IMG_9335.jpg\" \/>\n\t<meta property=\"og:image:width\" content=\"1320\" \/>\n\t<meta property=\"og:image:height\" content=\"1389\" \/>\n\t<meta property=\"og:image:type\" content=\"image\/jpeg\" \/>\n<meta name=\"twitter:card\" content=\"summary_large_image\" \/>\n<meta name=\"twitter:label1\" content=\"Est. reading time\" \/>\n\t<meta name=\"twitter:data1\" content=\"1 minut\u0117\" \/>\n<script type=\"application\/ld+json\" class=\"yoast-schema-graph\">{\"@context\":\"https:\/\/schema.org\",\"@graph\":[{\"@type\":\"WebPage\",\"@id\":\"https:\/\/happyinaknit.com\/produktas\/magnetine-adatine-su-adatu-poliruokliu-geltona\/\",\"url\":\"https:\/\/happyinaknit.com\/produktas\/magnetine-adatine-su-adatu-poliruokliu-geltona\/\",\"name\":\"Cohana magnetin\u0117 adatin\u0117 su adat\u0173 poliruokliu, geltona - Happyinaknit.com\",\"isPartOf\":{\"@id\":\"https:\/\/happyinaknit.com\/lt\/#website\"},\"primaryImageOfPage\":{\"@id\":\"https:\/\/happyinaknit.com\/produktas\/magnetine-adatine-su-adatu-poliruokliu-geltona\/#primaryimage\"},\"image\":{\"@id\":\"https:\/\/happyinaknit.com\/produktas\/magnetine-adatine-su-adatu-poliruokliu-geltona\/#primaryimage\"},\"thumbnailUrl\":\"https:\/\/happyinaknit.com\/wp-content\/uploads\/2025\/09\/IMG_9335.jpg\",\"datePublished\":\"2025-09-19T05:53:37+00:00\",\"dateModified\":\"2025-10-13T13:32:56+00:00\",\"breadcrumb\":{\"@id\":\"https:\/\/happyinaknit.com\/produktas\/magnetine-adatine-su-adatu-poliruokliu-geltona\/#breadcrumb\"},\"inLanguage\":\"lt-LT\",\"potentialAction\":[{\"@type\":\"ReadAction\",\"target\":[\"https:\/\/happyinaknit.com\/produktas\/magnetine-adatine-su-adatu-poliruokliu-geltona\/\"]}]},{\"@type\":\"ImageObject\",\"inLanguage\":\"lt-LT\",\"@id\":\"https:\/\/happyinaknit.com\/produktas\/magnetine-adatine-su-adatu-poliruokliu-geltona\/#primaryimage\",\"url\":\"https:\/\/happyinaknit.com\/wp-content\/uploads\/2025\/09\/IMG_9335.jpg\",\"contentUrl\":\"https:\/\/happyinaknit.com\/wp-content\/uploads\/2025\/09\/IMG_9335.jpg\",\"width\":1320,\"height\":1389},{\"@type\":\"BreadcrumbList\",\"@id\":\"https:\/\/happyinaknit.com\/produktas\/magnetine-adatine-su-adatu-poliruokliu-geltona\/#breadcrumb\",\"itemListElement\":[{\"@type\":\"ListItem\",\"position\":1,\"name\":\"Home\",\"item\":\"https:\/\/happyinaknit.com\/lt\/\"},{\"@type\":\"ListItem\",\"position\":2,\"name\":\"Parduotuv\u0117\",\"item\":\"https:\/\/happyinaknit.com\/lt\/parduotuve\/\"},{\"@type\":\"ListItem\",\"position\":3,\"name\":\"Cohana magnetin\u0117 adatin\u0117 su adat\u0173 poliruokliu, geltona\"}]},{\"@type\":\"WebSite\",\"@id\":\"https:\/\/happyinaknit.com\/lt\/#website\",\"url\":\"https:\/\/happyinaknit.com\/lt\/\",\"name\":\"Happyinaknit.com\",\"description\":\"\",\"potentialAction\":[{\"@type\":\"SearchAction\",\"target\":{\"@type\":\"EntryPoint\",\"urlTemplate\":\"https:\/\/happyinaknit.com\/lt\/?s={search_term_string}\"},\"query-input\":{\"@type\":\"PropertyValueSpecification\",\"valueRequired\":true,\"valueName\":\"search_term_string\"}}],\"inLanguage\":\"lt-LT\"}]}<\/script>\n<!-- \/ Yoast SEO plugin. -->","yoast_head_json":{"title":"Cohana magnetin\u0117 adatin\u0117 su adat\u0173 poliruokliu, geltona - Happyinaknit.com","robots":{"index":"index","follow":"follow","max-snippet":"max-snippet:-1","max-image-preview":"max-image-preview:large","max-video-preview":"max-video-preview:-1"},"canonical":"https:\/\/happyinaknit.com\/lt\/produktas\/magnetine-adatine-su-adatu-poliruokliu-geltona\/","og_locale":"lt_LT","og_type":"article","og_title":"Cohana magnetin\u0117 adatin\u0117 su adat\u0173 poliruokliu, geltona - Happyinaknit.com","og_description":"Japon\u0173 prek\u0117s \u017eenklas Cohana si\u016blo gaminius, kuriuose svarbiausia \u2013 kokyb\u0117, funkcionalumas ir dizainas. Visi j\u0173 produktai gaminami tradiciniais metodais, bendradarbiaujant su geriausiais \u0161alies meistrais ir naudojant kuo daugiau ekologi\u0161k\u0173 med\u017eiag\u0173 bei \u017ealiav\u0173. \u0160i nuostabi magnetin\u0117 adat\u0173 laikiklio ir poliruoklio kombinacija i\u0161 Cohana taps puikiu j\u016bs\u0173 rankdarbi\u0173 rinkinio papildymu. Ji visi\u0161kai rank\u0173 darbo \u2013 pagaminta i\u0161 [&hellip;]","og_url":"https:\/\/happyinaknit.com\/lt\/produktas\/magnetine-adatine-su-adatu-poliruokliu-geltona\/","og_site_name":"Happyinaknit.com","article_modified_time":"2025-10-13T13:32:56+00:00","og_image":[{"width":1320,"height":1389,"url":"https:\/\/happyinaknit.com\/wp-content\/uploads\/2025\/09\/IMG_9335.jpg","type":"image\/jpeg"}],"twitter_card":"summary_large_image","twitter_misc":{"Est. reading time":"1 minut\u0117"},"schema":{"@context":"https:\/\/schema.org","@graph":[{"@type":"WebPage","@id":"https:\/\/happyinaknit.com\/produktas\/magnetine-adatine-su-adatu-poliruokliu-geltona\/","url":"https:\/\/happyinaknit.com\/produktas\/magnetine-adatine-su-adatu-poliruokliu-geltona\/","name":"Cohana magnetin\u0117 adatin\u0117 su adat\u0173 poliruokliu, geltona - Happyinaknit.com","isPartOf":{"@id":"https:\/\/happyinaknit.com\/lt\/#website"},"primaryImageOfPage":{"@id":"https:\/\/happyinaknit.com\/produktas\/magnetine-adatine-su-adatu-poliruokliu-geltona\/#primaryimage"},"image":{"@id":"https:\/\/happyinaknit.com\/produktas\/magnetine-adatine-su-adatu-poliruokliu-geltona\/#primaryimage"},"thumbnailUrl":"https:\/\/happyinaknit.com\/wp-content\/uploads\/2025\/09\/IMG_9335.jpg","datePublished":"2025-09-19T05:53:37+00:00","dateModified":"2025-10-13T13:32:56+00:00","breadcrumb":{"@id":"https:\/\/happyinaknit.com\/produktas\/magnetine-adatine-su-adatu-poliruokliu-geltona\/#breadcrumb"},"inLanguage":"lt-LT","potentialAction":[{"@type":"ReadAction","target":["https:\/\/happyinaknit.com\/produktas\/magnetine-adatine-su-adatu-poliruokliu-geltona\/"]}]},{"@type":"ImageObject","inLanguage":"lt-LT","@id":"https:\/\/happyinaknit.com\/produktas\/magnetine-adatine-su-adatu-poliruokliu-geltona\/#primaryimage","url":"https:\/\/happyinaknit.com\/wp-content\/uploads\/2025\/09\/IMG_9335.jpg","contentUrl":"https:\/\/happyinaknit.com\/wp-content\/uploads\/2025\/09\/IMG_9335.jpg","width":1320,"height":1389},{"@type":"BreadcrumbList","@id":"https:\/\/happyinaknit.com\/produktas\/magnetine-adatine-su-adatu-poliruokliu-geltona\/#breadcrumb","itemListElement":[{"@type":"ListItem","position":1,"name":"Home","item":"https:\/\/happyinaknit.com\/lt\/"},{"@type":"ListItem","position":2,"name":"Parduotuv\u0117","item":"https:\/\/happyinaknit.com\/lt\/parduotuve\/"},{"@type":"ListItem","position":3,"name":"Cohana magnetin\u0117 adatin\u0117 su adat\u0173 poliruokliu, geltona"}]},{"@type":"WebSite","@id":"https:\/\/happyinaknit.com\/lt\/#website","url":"https:\/\/happyinaknit.com\/lt\/","name":"Happyinaknit.com","description":"","potentialAction":[{"@type":"SearchAction","target":{"@type":"EntryPoint","urlTemplate":"https:\/\/happyinaknit.com\/lt\/?s={search_term_string}"},"query-input":{"@type":"PropertyValueSpecification","valueRequired":true,"valueName":"search_term_string"}}],"inLanguage":"lt-LT"}]}},"_links":{"self":[{"href":"https:\/\/happyinaknit.com\/lt\/wp-json\/wp\/v2\/product\/1304","targetHints":{"allow":["GET"]}}],"collection":[{"href":"https:\/\/happyinaknit.com\/lt\/wp-json\/wp\/v2\/product"}],"about":[{"href":"https:\/\/happyinaknit.com\/lt\/wp-json\/wp\/v2\/types\/product"}],"replies":[{"embeddable":true,"href":"https:\/\/happyinaknit.com\/lt\/wp-json\/wp\/v2\/comments?post=1304"}],"wp:featuredmedia":[{"embeddable":true,"href":"https:\/\/happyinaknit.com\/lt\/wp-json\/wp\/v2\/media\/4597"}],"wp:attachment":[{"href":"https:\/\/happyinaknit.com\/lt\/wp-json\/wp\/v2\/media?parent=1304"}],"wp:term":[{"taxonomy":"product_brand","embeddable":true,"href":"https:\/\/happyinaknit.com\/lt\/wp-json\/wp\/v2\/product_brand?post=1304"},{"taxonomy":"product_cat","embeddable":true,"href":"https:\/\/happyinaknit.com\/lt\/wp-json\/wp\/v2\/product_cat?post=1304"},{"taxonomy":"product_tag","embeddable":true,"href":"https:\/\/happyinaknit.com\/lt\/wp-json\/wp\/v2\/product_tag?post=1304"},{"taxonomy":"pro-kategorijos","embeddable":true,"href":"https:\/\/happyinaknit.com\/lt\/wp-json\/wp\/v2\/pro-kategorijos?post=1304"}],"curies":[{"name":"wp","href":"https:\/\/api.w.org\/{rel}","templated":true}]}}