{"id":1295,"date":"2025-09-19T05:45:02","date_gmt":"2025-09-19T05:45:02","guid":{"rendered":"https:\/\/happyinaknit.com\/?post_type=product&#038;p=1295"},"modified":"2025-10-13T13:34:06","modified_gmt":"2025-10-13T13:34:06","slug":"magnetine-adatine-su-adatu-poliruokliu-melyna","status":"publish","type":"product","link":"https:\/\/happyinaknit.com\/lt\/produktas\/magnetine-adatine-su-adatu-poliruokliu-melyna\/","title":{"rendered":"Cohana magnetin\u0117 adatin\u0117 su adat\u0173 poliruokliu, m\u0117lyna"},"content":{"rendered":"<p><span data-sheets-root=\"1\">Japoni\u0161kas prek\u0117s \u017eenklas Cohana si\u016blo gaminius, kuriuose svarbiausia yra kokyb\u0117, funkcionalumas ir dizainas. Visi j\u0173 produktai gaminami tradiciniu b\u016bdu, bendradarbiaujant su geriausiomis \u0161alies \u012fmon\u0117mis, naudojant kuo daugiau ekologi\u0161k\u0173 med\u017eiag\u0173 ir \u017ealiav\u0173.<br \/>\n\u0160i nuostabi magnetin\u0117 adat\u0173 d\u0117\u017eut\u0117 su adat\u0173 poliravimo funkcija i\u0161 Cohana taps puikiu priedu prie j\u016bs\u0173 rankdarbi\u0173 rinkinio. Ji yra visi\u0161kai rank\u0173 darbo: pagaminta i\u0161 keramikos ir papuo\u0161ta g\u0117li\u0173 motyvu pagal keramin\u0117s stogo dangos Awaji Kawara tradicij\u0105, gyvuojan\u010di\u0105 nuo XVII a. Kiekviena adat\u0173 d\u0117\u017eut\u0117 yra visi\u0161kai unikali \u2013 glaz\u016bros spalv\u0173 \u012fvairov\u0117 suteikia kiekvienam gaminiui i\u0161skirtinumo.<\/span><\/p>\n<p>\u0160is produktas taip pat itin funkcionalus. \u012emontuoto magneto d\u0117ka jis ne tik saugiai laikys j\u016bs\u0173 adatas darbo metu, bet ir tarnaus kaip patogus \u012frankis adatoms poliruoti bei pagal\u0105sti. I\u0161 ties\u0173, nupoliruotos adatos daug geriau slysta per \u012fvairi\u0173 r\u016b\u0161i\u0173 audinius. Nor\u0117dami pasinaudoti poliruokliu, tiesiog \u012fstatykite pasirinkt\u0105 adat\u0105 \u012f \u0161onin\u0119 ang\u0105 ir l\u0117tai j\u0105 i\u0161traukite, spausdami apatin\u0119 dal\u012f.<\/p>\n<p>Adat\u0173 d\u0117\u017eut\u0117s matmenys: skersmuo \u2013 40 mm, auk\u0161tis \u2013 17 mm.<\/p>\n","protected":false},"excerpt":{"rendered":"<p>Japoni\u0161kas prek\u0117s \u017eenklas Cohana si\u016blo gaminius, kuriuose svarbiausia yra kokyb\u0117, funkcionalumas ir dizainas. Visi j\u0173 produktai gaminami tradiciniu b\u016bdu, bendradarbiaujant su geriausiomis \u0161alies \u012fmon\u0117mis, naudojant kuo daugiau ekologi\u0161k\u0173 med\u017eiag\u0173 ir \u017ealiav\u0173. \u0160i nuostabi magnetin\u0117 adat\u0173 d\u0117\u017eut\u0117 su adat\u0173 poliravimo funkcija i\u0161 Cohana taps puikiu priedu prie j\u016bs\u0173 rankdarbi\u0173 rinkinio. Ji yra visi\u0161kai rank\u0173 darbo: pagaminta [&hellip;]<\/p>\n","protected":false},"featured_media":4609,"comment_status":"open","ping_status":"closed","template":"","meta":{"_acf_changed":false},"product_brand":[89],"product_cat":[15,1080,52,20],"product_tag":[],"pro-kategorijos":[],"class_list":{"0":"post-1295","1":"product","2":"type-product","3":"status-publish","4":"has-post-thumbnail","6":"product_brand-cohana","7":"product_cat-visi-produktai","8":"product_cat-adatos","9":"product_cat-kiti-mezgimo-reikmenys","10":"product_cat-priedai-mezgimui","12":"first","13":"instock","14":"shipping-taxable","15":"purchasable","16":"product-type-simple"},"acf":[],"yoast_head":"<!-- This site is optimized with the Yoast SEO plugin v26.8 - https:\/\/yoast.com\/product\/yoast-seo-wordpress\/ -->\n<title>Cohana magnetin\u0117 adatin\u0117 su adat\u0173 poliruokliu, m\u0117lyna - Happyinaknit.com<\/title>\n<meta name=\"robots\" content=\"index, follow, max-snippet:-1, max-image-preview:large, max-video-preview:-1\" \/>\n<link rel=\"canonical\" href=\"https:\/\/happyinaknit.com\/lt\/produktas\/magnetine-adatine-su-adatu-poliruokliu-melyna\/\" \/>\n<meta property=\"og:locale\" content=\"lt_LT\" \/>\n<meta property=\"og:type\" content=\"article\" \/>\n<meta property=\"og:title\" content=\"Cohana magnetin\u0117 adatin\u0117 su adat\u0173 poliruokliu, m\u0117lyna - Happyinaknit.com\" \/>\n<meta property=\"og:description\" content=\"Japoni\u0161kas prek\u0117s \u017eenklas Cohana si\u016blo gaminius, kuriuose svarbiausia yra kokyb\u0117, funkcionalumas ir dizainas. Visi j\u0173 produktai gaminami tradiciniu b\u016bdu, bendradarbiaujant su geriausiomis \u0161alies \u012fmon\u0117mis, naudojant kuo daugiau ekologi\u0161k\u0173 med\u017eiag\u0173 ir \u017ealiav\u0173. \u0160i nuostabi magnetin\u0117 adat\u0173 d\u0117\u017eut\u0117 su adat\u0173 poliravimo funkcija i\u0161 Cohana taps puikiu priedu prie j\u016bs\u0173 rankdarbi\u0173 rinkinio. Ji yra visi\u0161kai rank\u0173 darbo: pagaminta [&hellip;]\" \/>\n<meta property=\"og:url\" content=\"https:\/\/happyinaknit.com\/lt\/produktas\/magnetine-adatine-su-adatu-poliruokliu-melyna\/\" \/>\n<meta property=\"og:site_name\" content=\"Happyinaknit.com\" \/>\n<meta property=\"article:modified_time\" content=\"2025-10-13T13:34:06+00:00\" \/>\n<meta property=\"og:image\" content=\"https:\/\/happyinaknit.com\/wp-content\/uploads\/2025\/09\/IMG_9348.jpg\" \/>\n\t<meta property=\"og:image:width\" content=\"1320\" \/>\n\t<meta property=\"og:image:height\" content=\"1343\" \/>\n\t<meta property=\"og:image:type\" content=\"image\/jpeg\" \/>\n<meta name=\"twitter:card\" content=\"summary_large_image\" \/>\n<meta name=\"twitter:label1\" content=\"Est. reading time\" \/>\n\t<meta name=\"twitter:data1\" content=\"1 minut\u0117\" \/>\n<script type=\"application\/ld+json\" class=\"yoast-schema-graph\">{\"@context\":\"https:\/\/schema.org\",\"@graph\":[{\"@type\":\"WebPage\",\"@id\":\"https:\/\/happyinaknit.com\/produktas\/magnetine-adatine-su-adatu-poliruokliu-melyna\/\",\"url\":\"https:\/\/happyinaknit.com\/produktas\/magnetine-adatine-su-adatu-poliruokliu-melyna\/\",\"name\":\"Cohana magnetin\u0117 adatin\u0117 su adat\u0173 poliruokliu, m\u0117lyna - Happyinaknit.com\",\"isPartOf\":{\"@id\":\"https:\/\/happyinaknit.com\/lt\/#website\"},\"primaryImageOfPage\":{\"@id\":\"https:\/\/happyinaknit.com\/produktas\/magnetine-adatine-su-adatu-poliruokliu-melyna\/#primaryimage\"},\"image\":{\"@id\":\"https:\/\/happyinaknit.com\/produktas\/magnetine-adatine-su-adatu-poliruokliu-melyna\/#primaryimage\"},\"thumbnailUrl\":\"https:\/\/happyinaknit.com\/wp-content\/uploads\/2025\/09\/IMG_9348.jpg\",\"datePublished\":\"2025-09-19T05:45:02+00:00\",\"dateModified\":\"2025-10-13T13:34:06+00:00\",\"breadcrumb\":{\"@id\":\"https:\/\/happyinaknit.com\/produktas\/magnetine-adatine-su-adatu-poliruokliu-melyna\/#breadcrumb\"},\"inLanguage\":\"lt-LT\",\"potentialAction\":[{\"@type\":\"ReadAction\",\"target\":[\"https:\/\/happyinaknit.com\/produktas\/magnetine-adatine-su-adatu-poliruokliu-melyna\/\"]}]},{\"@type\":\"ImageObject\",\"inLanguage\":\"lt-LT\",\"@id\":\"https:\/\/happyinaknit.com\/produktas\/magnetine-adatine-su-adatu-poliruokliu-melyna\/#primaryimage\",\"url\":\"https:\/\/happyinaknit.com\/wp-content\/uploads\/2025\/09\/IMG_9348.jpg\",\"contentUrl\":\"https:\/\/happyinaknit.com\/wp-content\/uploads\/2025\/09\/IMG_9348.jpg\",\"width\":1320,\"height\":1343},{\"@type\":\"BreadcrumbList\",\"@id\":\"https:\/\/happyinaknit.com\/produktas\/magnetine-adatine-su-adatu-poliruokliu-melyna\/#breadcrumb\",\"itemListElement\":[{\"@type\":\"ListItem\",\"position\":1,\"name\":\"Home\",\"item\":\"https:\/\/happyinaknit.com\/lt\/\"},{\"@type\":\"ListItem\",\"position\":2,\"name\":\"Parduotuv\u0117\",\"item\":\"https:\/\/happyinaknit.com\/lt\/parduotuve\/\"},{\"@type\":\"ListItem\",\"position\":3,\"name\":\"Cohana magnetin\u0117 adatin\u0117 su adat\u0173 poliruokliu, m\u0117lyna\"}]},{\"@type\":\"WebSite\",\"@id\":\"https:\/\/happyinaknit.com\/lt\/#website\",\"url\":\"https:\/\/happyinaknit.com\/lt\/\",\"name\":\"Happyinaknit.com\",\"description\":\"\",\"potentialAction\":[{\"@type\":\"SearchAction\",\"target\":{\"@type\":\"EntryPoint\",\"urlTemplate\":\"https:\/\/happyinaknit.com\/lt\/?s={search_term_string}\"},\"query-input\":{\"@type\":\"PropertyValueSpecification\",\"valueRequired\":true,\"valueName\":\"search_term_string\"}}],\"inLanguage\":\"lt-LT\"}]}<\/script>\n<!-- \/ Yoast SEO plugin. -->","yoast_head_json":{"title":"Cohana magnetin\u0117 adatin\u0117 su adat\u0173 poliruokliu, m\u0117lyna - Happyinaknit.com","robots":{"index":"index","follow":"follow","max-snippet":"max-snippet:-1","max-image-preview":"max-image-preview:large","max-video-preview":"max-video-preview:-1"},"canonical":"https:\/\/happyinaknit.com\/lt\/produktas\/magnetine-adatine-su-adatu-poliruokliu-melyna\/","og_locale":"lt_LT","og_type":"article","og_title":"Cohana magnetin\u0117 adatin\u0117 su adat\u0173 poliruokliu, m\u0117lyna - Happyinaknit.com","og_description":"Japoni\u0161kas prek\u0117s \u017eenklas Cohana si\u016blo gaminius, kuriuose svarbiausia yra kokyb\u0117, funkcionalumas ir dizainas. Visi j\u0173 produktai gaminami tradiciniu b\u016bdu, bendradarbiaujant su geriausiomis \u0161alies \u012fmon\u0117mis, naudojant kuo daugiau ekologi\u0161k\u0173 med\u017eiag\u0173 ir \u017ealiav\u0173. \u0160i nuostabi magnetin\u0117 adat\u0173 d\u0117\u017eut\u0117 su adat\u0173 poliravimo funkcija i\u0161 Cohana taps puikiu priedu prie j\u016bs\u0173 rankdarbi\u0173 rinkinio. Ji yra visi\u0161kai rank\u0173 darbo: pagaminta [&hellip;]","og_url":"https:\/\/happyinaknit.com\/lt\/produktas\/magnetine-adatine-su-adatu-poliruokliu-melyna\/","og_site_name":"Happyinaknit.com","article_modified_time":"2025-10-13T13:34:06+00:00","og_image":[{"width":1320,"height":1343,"url":"https:\/\/happyinaknit.com\/wp-content\/uploads\/2025\/09\/IMG_9348.jpg","type":"image\/jpeg"}],"twitter_card":"summary_large_image","twitter_misc":{"Est. reading time":"1 minut\u0117"},"schema":{"@context":"https:\/\/schema.org","@graph":[{"@type":"WebPage","@id":"https:\/\/happyinaknit.com\/produktas\/magnetine-adatine-su-adatu-poliruokliu-melyna\/","url":"https:\/\/happyinaknit.com\/produktas\/magnetine-adatine-su-adatu-poliruokliu-melyna\/","name":"Cohana magnetin\u0117 adatin\u0117 su adat\u0173 poliruokliu, m\u0117lyna - Happyinaknit.com","isPartOf":{"@id":"https:\/\/happyinaknit.com\/lt\/#website"},"primaryImageOfPage":{"@id":"https:\/\/happyinaknit.com\/produktas\/magnetine-adatine-su-adatu-poliruokliu-melyna\/#primaryimage"},"image":{"@id":"https:\/\/happyinaknit.com\/produktas\/magnetine-adatine-su-adatu-poliruokliu-melyna\/#primaryimage"},"thumbnailUrl":"https:\/\/happyinaknit.com\/wp-content\/uploads\/2025\/09\/IMG_9348.jpg","datePublished":"2025-09-19T05:45:02+00:00","dateModified":"2025-10-13T13:34:06+00:00","breadcrumb":{"@id":"https:\/\/happyinaknit.com\/produktas\/magnetine-adatine-su-adatu-poliruokliu-melyna\/#breadcrumb"},"inLanguage":"lt-LT","potentialAction":[{"@type":"ReadAction","target":["https:\/\/happyinaknit.com\/produktas\/magnetine-adatine-su-adatu-poliruokliu-melyna\/"]}]},{"@type":"ImageObject","inLanguage":"lt-LT","@id":"https:\/\/happyinaknit.com\/produktas\/magnetine-adatine-su-adatu-poliruokliu-melyna\/#primaryimage","url":"https:\/\/happyinaknit.com\/wp-content\/uploads\/2025\/09\/IMG_9348.jpg","contentUrl":"https:\/\/happyinaknit.com\/wp-content\/uploads\/2025\/09\/IMG_9348.jpg","width":1320,"height":1343},{"@type":"BreadcrumbList","@id":"https:\/\/happyinaknit.com\/produktas\/magnetine-adatine-su-adatu-poliruokliu-melyna\/#breadcrumb","itemListElement":[{"@type":"ListItem","position":1,"name":"Home","item":"https:\/\/happyinaknit.com\/lt\/"},{"@type":"ListItem","position":2,"name":"Parduotuv\u0117","item":"https:\/\/happyinaknit.com\/lt\/parduotuve\/"},{"@type":"ListItem","position":3,"name":"Cohana magnetin\u0117 adatin\u0117 su adat\u0173 poliruokliu, m\u0117lyna"}]},{"@type":"WebSite","@id":"https:\/\/happyinaknit.com\/lt\/#website","url":"https:\/\/happyinaknit.com\/lt\/","name":"Happyinaknit.com","description":"","potentialAction":[{"@type":"SearchAction","target":{"@type":"EntryPoint","urlTemplate":"https:\/\/happyinaknit.com\/lt\/?s={search_term_string}"},"query-input":{"@type":"PropertyValueSpecification","valueRequired":true,"valueName":"search_term_string"}}],"inLanguage":"lt-LT"}]}},"_links":{"self":[{"href":"https:\/\/happyinaknit.com\/lt\/wp-json\/wp\/v2\/product\/1295","targetHints":{"allow":["GET"]}}],"collection":[{"href":"https:\/\/happyinaknit.com\/lt\/wp-json\/wp\/v2\/product"}],"about":[{"href":"https:\/\/happyinaknit.com\/lt\/wp-json\/wp\/v2\/types\/product"}],"replies":[{"embeddable":true,"href":"https:\/\/happyinaknit.com\/lt\/wp-json\/wp\/v2\/comments?post=1295"}],"wp:featuredmedia":[{"embeddable":true,"href":"https:\/\/happyinaknit.com\/lt\/wp-json\/wp\/v2\/media\/4609"}],"wp:attachment":[{"href":"https:\/\/happyinaknit.com\/lt\/wp-json\/wp\/v2\/media?parent=1295"}],"wp:term":[{"taxonomy":"product_brand","embeddable":true,"href":"https:\/\/happyinaknit.com\/lt\/wp-json\/wp\/v2\/product_brand?post=1295"},{"taxonomy":"product_cat","embeddable":true,"href":"https:\/\/happyinaknit.com\/lt\/wp-json\/wp\/v2\/product_cat?post=1295"},{"taxonomy":"product_tag","embeddable":true,"href":"https:\/\/happyinaknit.com\/lt\/wp-json\/wp\/v2\/product_tag?post=1295"},{"taxonomy":"pro-kategorijos","embeddable":true,"href":"https:\/\/happyinaknit.com\/lt\/wp-json\/wp\/v2\/pro-kategorijos?post=1295"}],"curies":[{"name":"wp","href":"https:\/\/api.w.org\/{rel}","templated":true}]}}