{"id":13,"date":"2025-09-11T06:52:38","date_gmt":"2025-09-11T06:52:38","guid":{"rendered":"https:\/\/happyinaknit.com\/?page_id=13"},"modified":"2025-09-30T19:00:58","modified_gmt":"2025-09-30T19:00:58","slug":"gra%cc%a8zinimo-taisykle%cc%87s","status":"publish","type":"page","link":"https:\/\/happyinaknit.com\/lt\/gra%cc%a8zinimo-taisykle%cc%87s\/","title":{"rendered":"Gra\u0328z\u030cinimo taisykle\u0307s"},"content":{"rendered":"\t\t<div data-elementor-type=\"wp-page\" data-elementor-id=\"13\" class=\"elementor elementor-13\" data-elementor-post-type=\"page\">\n\t\t\t\t\t\t<section class=\"elementor-section elementor-top-section elementor-element elementor-element-8cca460 elementor-section-boxed elementor-section-height-default elementor-section-height-default\" data-id=\"8cca460\" data-element_type=\"section\">\n\t\t\t\t\t\t<div class=\"elementor-container elementor-column-gap-default\">\n\t\t\t\t\t<div class=\"elementor-column elementor-col-100 elementor-top-column elementor-element elementor-element-2e2e08b\" data-id=\"2e2e08b\" data-element_type=\"column\">\n\t\t\t<div class=\"elementor-widget-wrap elementor-element-populated\">\n\t\t\t\t\t\t<div class=\"elementor-element elementor-element-d392656 elementor-widget elementor-widget-heading\" data-id=\"d392656\" data-element_type=\"widget\" data-widget_type=\"heading.default\">\n\t\t\t\t\t<h2 class=\"elementor-heading-title elementor-size-default\">GR\u0104\u017dINIMO TAISYKL\u0116S<\/h2>\t\t\t\t<\/div>\n\t\t\t\t\t<\/div>\n\t\t<\/div>\n\t\t\t\t\t<\/div>\n\t\t<\/section>\n\t\t\t\t<section class=\"elementor-section elementor-top-section elementor-element elementor-element-1ce2c815 elementor-section-boxed elementor-section-height-default elementor-section-height-default\" data-id=\"1ce2c815\" data-element_type=\"section\">\n\t\t\t\t\t\t<div class=\"elementor-container elementor-column-gap-default\">\n\t\t\t\t\t<div class=\"elementor-column elementor-col-100 elementor-top-column elementor-element elementor-element-51b8938f\" data-id=\"51b8938f\" data-element_type=\"column\">\n\t\t\t<div class=\"elementor-widget-wrap elementor-element-populated\">\n\t\t\t\t\t\t<div class=\"elementor-element elementor-element-11fc893 elementor-widget elementor-widget-text-editor\" data-id=\"11fc893\" data-element_type=\"widget\" data-widget_type=\"text-editor.default\">\n\t\t\t\t\t\t\t\t\t<p><strong>1. Atsisakymo teis\u0117 (14 dien\u0173)<\/strong><\/p><p><span style=\"font-weight: 400;\">Pirk\u0117jas gali atsisakyti u\u017esakymo ir gr\u0105\u017einti kokybi\u0161k\u0105 prek\u0119 per 14 kalendorini\u0173 dien\u0173 nuo prek\u0117s gavimo. Apie sprendim\u0105 pra\u0161ome prane\u0161ti ra\u0161tu el. pa\u0161tu: info@happyinaknit.com.\u00a0\u00a0<\/span><\/p><p><strong>2. Gr\u0105\u017einimo s\u0105lygos<\/strong><\/p><p><span style=\"font-weight: 400;\">Gr\u0105\u017einamos prek\u0117s turi atitikti \u0161ias s\u0105lygas:<\/span><\/p><ul><li style=\"font-weight: 400;\" aria-level=\"1\"><span style=\"font-weight: 400;\">prek\u0117 nepa\u017eeista ir nenaudota (nepraradusi prekin\u0117s i\u0161vaizdos: nepa\u017eeistos etiket\u0117s, nenupl\u0117\u0161tos apsaugos ir kt.);<\/span><\/li><li style=\"font-weight: 400;\" aria-level=\"1\"><span style=\"font-weight: 400;\">prek\u0117, gr\u0105\u017einama originalioje tvarkingoje pakuot\u0117je;<\/span><\/li><li style=\"font-weight: 400;\" aria-level=\"1\"><span style=\"font-weight: 400;\">prek\u0117 gr\u0105\u017einama tos pa\u010dios komplektacijos, koki\u0105 gavote.<\/span><\/li><\/ul><p><span style=\"font-weight: 400;\"><br \/>Pardav\u0117jas gali nepriimti gr\u0105\u017einimo, jei nesilaikoma auk\u0161\u010diau nurodyt\u0173 s\u0105lyg\u0173.\u00a0<\/span><\/p><p><span style=\"font-weight: 400;\">Pastaba: netinkamos kokyb\u0117s preki\u0173 tr\u016bkumai \u0161alinami, jos kei\u010diamos ar gr\u0105\u017einamos CK nustatyta tvarka.\u00a0\u00a0<\/span><\/p><p><strong>3. Kaip gr\u0105\u017einti \u2013 pa\u017eingsniui<\/strong><\/p><ol><li><span style=\"font-weight: 400;\">Para\u0161ykite mums el. pa\u0161tu info@happyinaknit.com \u2013 nurodykite u\u017esakymo nr., vard\u0105, kontaktus ir gr\u0105\u017einimo prie\u017east\u012f.<\/span><\/li><li><span style=\"font-weight: 400;\">Saugiai supakuokite prek\u0119, kad nepa\u017eeistum\u0117te transportavimo metu.<\/span><\/li><li><span style=\"font-weight: 400;\">I\u0161si\u0173skite siunt\u0105 <\/span><span style=\"font-weight: 400;\">Jums patogiu b\u016bdu: per pa\u0161to siuntas, kurjeri\u0173 tarnyb\u0105, asmeni\u0161kai atvykus ar kitu b\u016bdu <\/span><span style=\"font-weight: 400;\">\u0161iuo adresu: <\/span><span style=\"font-weight: 400;\"><br \/><\/span><span style=\"font-weight: 400;\">K. Donelai\u010dio g 57-1 , Kaunas LT-44245, Lietuva.<\/span><p>\u00a0<\/p><\/li><\/ol><p><span style=\"font-weight: 400;\">Preki\u0173 keitimas\/gr\u0105\u017einimas<\/span><b>\u00a0OMNIVA\/ LP Express\/ DPD pa\u0161tomatu:<\/b><\/p><p><span style=\"font-weight: 400;\">MB Si\u016blai Tau\u00a0<\/span><\/p><p><span style=\"font-weight: 400;\">Kaunas, K. Mindaugo pr. 49, Akropolis\u00a0<\/span><\/p><p><span style=\"font-weight: 400;\">+37068920227<\/span><\/p><p>\u00a0<\/p><p><span style=\"font-weight: 400;\">Siuntimo i\u0161laidas apmoka Pirk\u0117jas. Rizika d\u0117l siuntos sugadinimo gr\u0105\u017einant tenka siunt\u0117jui \u2013 rekomenduojame rinktis patikim\u0105 paslaug\u0173 teik\u0117j\u0105 ir siuntos sekim\u0105.\u00a0\u00a0<\/span><\/p><p><strong>4. Pinig\u0173 gr\u0105\u017einimas<\/strong><\/p><ul><li style=\"font-weight: 400;\" aria-level=\"1\"><span style=\"font-weight: 400;\">Pinigai gr\u0105\u017einami \u012f Pirk\u0117jo s\u0105skait\u0105 per 5 darbo dienas nuo gr\u0105\u017eintos prek\u0117s gavimo (nebent susitariama kitaip).\u00a0\u00a0<\/span><\/li><li style=\"font-weight: 400;\" aria-level=\"1\"><span style=\"font-weight: 400;\">Pardav\u0117jas gali sulaikyti gr\u0105\u017einim\u0105, kol gaus prek\u0119 arba kol gaus \u012frodym\u0105, kad ji i\u0161si\u0173sta (kas \u012fvyksta anks\u010diau).\u00a0\u00a0<\/span><\/li><li style=\"font-weight: 400;\" aria-level=\"1\"><span style=\"font-weight: 400;\">Atsisakius visos u\u017esakymo per 14 d., gr\u0105\u017einame u\u017e prekes sumok\u0117t\u0105 kain\u0105 ir pradinio pristatymo i\u0161laidas, atitinkan\u010dias pigiausi\u0105 m\u016bs\u0173 si\u016blyt\u0105 standartin\u012f pristatymo b\u016bd\u0105. Papildom\u0173 (ekspres, kurjerio \u012f namus ir pan.) paslaug\u0173 kainos negr\u0105\u017einamos.<\/span><\/li><li style=\"font-weight: 400;\" aria-level=\"1\"><span style=\"font-weight: 400;\">Dalinis gr\u0105\u017einimas (gr\u0105\u017einate tik dal\u012f u\u017esakymo): gr\u0105\u017einama tik u\u017e gr\u0105\u017eintas prekes sumok\u0117ta suma; pradinio pristatymo kaina negr\u0105\u017einama.<\/span><\/li><li style=\"font-weight: 400;\" aria-level=\"1\"><span style=\"font-weight: 400;\">Gr\u0105\u017einimo siuntimo i\u0161laidas apmoka Pirk\u0117jas. Pinigai gr\u0105\u017einami per 5 darbo dienas nuo gr\u0105\u017eintos prek\u0117s gavimo, tuo pa\u010diu atsiskaitymo b\u016bdu.<\/span><\/li><\/ul><p><strong>5. Nekokybi\u0161kos ar netinkamos prek\u0117s<\/strong><\/p><p><span style=\"font-weight: 400;\">Gav\u0119 pa\u017eeist\u0105 siunt\u0105 ar netinkam\u0105 prek\u0119, prane\u0161kite nedelsiant. Rekomenduojame patikrinti siunt\u0105 gavimo metu (kartu su kurjeriu ar atsi\u0117mimo vietoje) ir fiksuoti neatitikimus.\u00a0\u00a0<\/span><\/p><p><span style=\"font-weight: 400;\"><br \/><strong>6. Keitimas<\/strong><\/span><\/p><p><span style=\"font-weight: 400;\">Jei norite prek\u0119 pasikeisti (pvz., \u012f kit\u0105 spalv\u0105), taikoma ta pati proced\u016bra kaip gr\u0105\u017einimui; pakeitim\u0105 suderiname el. pa\u0161tu prie\u0161 siun\u010diant. (Pakeitimas vykdomas, jei norima prek\u0117 yra sand\u0117lyje.)\u00a0\u00a0<\/span><\/p><p><span style=\"font-weight: 400;\">Gavus ne t\u0105 u\u017esakyt\u0105 prek\u0119 ir pirk\u0117jui informavus, pardav\u0117jas savo s\u0105skaita vykdo preki\u0173 keitim\u0105.<\/span><\/p><p><span style=\"font-weight: 400;\">Jei pirk\u0117jui nepatiko prek\u0117s spalva, pardav\u0117jas kei\u010dia \u012f kit\u0105 spalv\u0105, prie\u0161 tai gr\u0105\u017einus prek\u0119 neardyta pakuote ir nepa\u017eeist\u0105. Siuntimo i\u0161laidas padengia pirk\u0117jas.<\/span><\/p><p><span style=\"font-weight: 400;\">\u017durnalai yra negr\u0105\u017eintinos prek\u0117s, tod\u0117l kokybi\u0161kos prek\u0117s atgal nepriimamos ir nekei\u010diamos.<\/span><\/p><p><span style=\"font-weight: 400;\">Jeigu kei\u010diant prekes susidaro kain\u0173 skirtumas, pirk\u0117jas su pardav\u0117ju privalo atsiskaityti pagal perskai\u010diuotas kainas.<\/span><\/p><p><strong>7. Duomen\u0173 tvarkymas<\/strong><\/p><p><span style=\"font-weight: 400;\">Gr\u0105\u017einim\u0173 administravimui naudojami J\u016bs\u0173 asmens duomenys tvarkomi pagal m\u016bs\u0173 Privatumo politik\u0105.\u00a0\u00a0<\/span><\/p><p><span style=\"font-weight: 400;\">\u2e3b<\/span><\/p><p><b>Kontaktai gr\u0105\u017einimams:<\/b><\/p><p><span style=\"font-weight: 400;\">El. pa\u0161tas: info@happyinaknit.com\u00a0 <\/span><span style=\"font-weight: 400;\"><br \/><\/span><span style=\"font-weight: 400;\">Adresas: K. Donelai\u010dio g 57-1, Kaunas LT-44245, Lietuva<\/span><\/p>\t\t\t\t\t\t\t\t<\/div>\n\t\t\t\t\t<\/div>\n\t\t<\/div>\n\t\t\t\t\t<\/div>\n\t\t<\/section>\n\t\t\t\t<\/div>\n\t\t","protected":false},"excerpt":{"rendered":"<p>GR\u0104\u017dINIMO TAISYKL\u0116S 1. Atsisakymo teis\u0117 (14 dien\u0173) Pirk\u0117jas gali atsisakyti u\u017esakymo ir gr\u0105\u017einti kokybi\u0161k\u0105 prek\u0119 per 14 kalendorini\u0173 dien\u0173 nuo prek\u0117s gavimo. Apie sprendim\u0105 pra\u0161ome prane\u0161ti ra\u0161tu el. pa\u0161tu: info@happyinaknit.com.\u00a0\u00a0 2. Gr\u0105\u017einimo s\u0105lygos Gr\u0105\u017einamos prek\u0117s turi atitikti \u0161ias s\u0105lygas: prek\u0117 nepa\u017eeista ir nenaudota (nepraradusi prekin\u0117s i\u0161vaizdos: nepa\u017eeistos etiket\u0117s, nenupl\u0117\u0161tos apsaugos ir kt.); prek\u0117, gr\u0105\u017einama originalioje [&hellip;]<\/p>\n","protected":false},"author":1,"featured_media":0,"parent":0,"menu_order":0,"comment_status":"closed","ping_status":"closed","template":"elementor_header_footer","meta":{"_acf_changed":false,"footnotes":""},"class_list":["post-13","page","type-page","status-publish","hentry"],"acf":[],"yoast_head":"<!-- This site is optimized with the Yoast SEO plugin v26.8 - https:\/\/yoast.com\/product\/yoast-seo-wordpress\/ -->\n<title>Gra\u0328z\u030cinimo taisykle\u0307s - Happyinaknit.com<\/title>\n<meta name=\"robots\" content=\"index, follow, max-snippet:-1, max-image-preview:large, max-video-preview:-1\" \/>\n<link rel=\"canonical\" href=\"https:\/\/happyinaknit.com\/lt\/gra\u0328zinimo-taisykle\u0307s\/\" \/>\n<meta property=\"og:locale\" content=\"lt_LT\" \/>\n<meta property=\"og:type\" content=\"article\" \/>\n<meta property=\"og:title\" content=\"Gra\u0328z\u030cinimo taisykle\u0307s - Happyinaknit.com\" \/>\n<meta property=\"og:description\" content=\"GR\u0104\u017dINIMO TAISYKL\u0116S 1. Atsisakymo teis\u0117 (14 dien\u0173) Pirk\u0117jas gali atsisakyti u\u017esakymo ir gr\u0105\u017einti kokybi\u0161k\u0105 prek\u0119 per 14 kalendorini\u0173 dien\u0173 nuo prek\u0117s gavimo. Apie sprendim\u0105 pra\u0161ome prane\u0161ti ra\u0161tu el. pa\u0161tu: info@happyinaknit.com.\u00a0\u00a0 2. Gr\u0105\u017einimo s\u0105lygos Gr\u0105\u017einamos prek\u0117s turi atitikti \u0161ias s\u0105lygas: prek\u0117 nepa\u017eeista ir nenaudota (nepraradusi prekin\u0117s i\u0161vaizdos: nepa\u017eeistos etiket\u0117s, nenupl\u0117\u0161tos apsaugos ir kt.); prek\u0117, gr\u0105\u017einama originalioje [&hellip;]\" \/>\n<meta property=\"og:url\" content=\"https:\/\/happyinaknit.com\/lt\/gra\u0328zinimo-taisykle\u0307s\/\" \/>\n<meta property=\"og:site_name\" content=\"Happyinaknit.com\" \/>\n<meta property=\"article:modified_time\" content=\"2025-09-30T19:00:58+00:00\" \/>\n<meta name=\"twitter:card\" content=\"summary_large_image\" \/>\n<meta name=\"twitter:label1\" content=\"Est. reading time\" \/>\n\t<meta name=\"twitter:data1\" content=\"3 minut\u0117s\" \/>\n<script type=\"application\/ld+json\" class=\"yoast-schema-graph\">{\"@context\":\"https:\/\/schema.org\",\"@graph\":[{\"@type\":\"WebPage\",\"@id\":\"https:\/\/happyinaknit.com\/gra%cc%a8zinimo-taisykle%cc%87s\/\",\"url\":\"https:\/\/happyinaknit.com\/gra%cc%a8zinimo-taisykle%cc%87s\/\",\"name\":\"Gra\u0328z\u030cinimo taisykle\u0307s - Happyinaknit.com\",\"isPartOf\":{\"@id\":\"https:\/\/happyinaknit.com\/lt\/#website\"},\"datePublished\":\"2025-09-11T06:52:38+00:00\",\"dateModified\":\"2025-09-30T19:00:58+00:00\",\"breadcrumb\":{\"@id\":\"https:\/\/happyinaknit.com\/gra%cc%a8zinimo-taisykle%cc%87s\/#breadcrumb\"},\"inLanguage\":\"lt-LT\",\"potentialAction\":[{\"@type\":\"ReadAction\",\"target\":[\"https:\/\/happyinaknit.com\/gra%cc%a8zinimo-taisykle%cc%87s\/\"]}]},{\"@type\":\"BreadcrumbList\",\"@id\":\"https:\/\/happyinaknit.com\/gra%cc%a8zinimo-taisykle%cc%87s\/#breadcrumb\",\"itemListElement\":[{\"@type\":\"ListItem\",\"position\":1,\"name\":\"Home\",\"item\":\"https:\/\/happyinaknit.com\/lt\/\"},{\"@type\":\"ListItem\",\"position\":2,\"name\":\"Gra\u0328z\u030cinimo taisykle\u0307s\"}]},{\"@type\":\"WebSite\",\"@id\":\"https:\/\/happyinaknit.com\/lt\/#website\",\"url\":\"https:\/\/happyinaknit.com\/lt\/\",\"name\":\"Happyinaknit.com\",\"description\":\"\",\"potentialAction\":[{\"@type\":\"SearchAction\",\"target\":{\"@type\":\"EntryPoint\",\"urlTemplate\":\"https:\/\/happyinaknit.com\/lt\/?s={search_term_string}\"},\"query-input\":{\"@type\":\"PropertyValueSpecification\",\"valueRequired\":true,\"valueName\":\"search_term_string\"}}],\"inLanguage\":\"lt-LT\"}]}<\/script>\n<!-- \/ Yoast SEO plugin. -->","yoast_head_json":{"title":"Gra\u0328z\u030cinimo taisykle\u0307s - Happyinaknit.com","robots":{"index":"index","follow":"follow","max-snippet":"max-snippet:-1","max-image-preview":"max-image-preview:large","max-video-preview":"max-video-preview:-1"},"canonical":"https:\/\/happyinaknit.com\/lt\/gra\u0328zinimo-taisykle\u0307s\/","og_locale":"lt_LT","og_type":"article","og_title":"Gra\u0328z\u030cinimo taisykle\u0307s - Happyinaknit.com","og_description":"GR\u0104\u017dINIMO TAISYKL\u0116S 1. Atsisakymo teis\u0117 (14 dien\u0173) Pirk\u0117jas gali atsisakyti u\u017esakymo ir gr\u0105\u017einti kokybi\u0161k\u0105 prek\u0119 per 14 kalendorini\u0173 dien\u0173 nuo prek\u0117s gavimo. Apie sprendim\u0105 pra\u0161ome prane\u0161ti ra\u0161tu el. pa\u0161tu: info@happyinaknit.com.\u00a0\u00a0 2. Gr\u0105\u017einimo s\u0105lygos Gr\u0105\u017einamos prek\u0117s turi atitikti \u0161ias s\u0105lygas: prek\u0117 nepa\u017eeista ir nenaudota (nepraradusi prekin\u0117s i\u0161vaizdos: nepa\u017eeistos etiket\u0117s, nenupl\u0117\u0161tos apsaugos ir kt.); prek\u0117, gr\u0105\u017einama originalioje [&hellip;]","og_url":"https:\/\/happyinaknit.com\/lt\/gra\u0328zinimo-taisykle\u0307s\/","og_site_name":"Happyinaknit.com","article_modified_time":"2025-09-30T19:00:58+00:00","twitter_card":"summary_large_image","twitter_misc":{"Est. reading time":"3 minut\u0117s"},"schema":{"@context":"https:\/\/schema.org","@graph":[{"@type":"WebPage","@id":"https:\/\/happyinaknit.com\/gra%cc%a8zinimo-taisykle%cc%87s\/","url":"https:\/\/happyinaknit.com\/gra%cc%a8zinimo-taisykle%cc%87s\/","name":"Gra\u0328z\u030cinimo taisykle\u0307s - Happyinaknit.com","isPartOf":{"@id":"https:\/\/happyinaknit.com\/lt\/#website"},"datePublished":"2025-09-11T06:52:38+00:00","dateModified":"2025-09-30T19:00:58+00:00","breadcrumb":{"@id":"https:\/\/happyinaknit.com\/gra%cc%a8zinimo-taisykle%cc%87s\/#breadcrumb"},"inLanguage":"lt-LT","potentialAction":[{"@type":"ReadAction","target":["https:\/\/happyinaknit.com\/gra%cc%a8zinimo-taisykle%cc%87s\/"]}]},{"@type":"BreadcrumbList","@id":"https:\/\/happyinaknit.com\/gra%cc%a8zinimo-taisykle%cc%87s\/#breadcrumb","itemListElement":[{"@type":"ListItem","position":1,"name":"Home","item":"https:\/\/happyinaknit.com\/lt\/"},{"@type":"ListItem","position":2,"name":"Gra\u0328z\u030cinimo taisykle\u0307s"}]},{"@type":"WebSite","@id":"https:\/\/happyinaknit.com\/lt\/#website","url":"https:\/\/happyinaknit.com\/lt\/","name":"Happyinaknit.com","description":"","potentialAction":[{"@type":"SearchAction","target":{"@type":"EntryPoint","urlTemplate":"https:\/\/happyinaknit.com\/lt\/?s={search_term_string}"},"query-input":{"@type":"PropertyValueSpecification","valueRequired":true,"valueName":"search_term_string"}}],"inLanguage":"lt-LT"}]}},"_links":{"self":[{"href":"https:\/\/happyinaknit.com\/lt\/wp-json\/wp\/v2\/pages\/13","targetHints":{"allow":["GET"]}}],"collection":[{"href":"https:\/\/happyinaknit.com\/lt\/wp-json\/wp\/v2\/pages"}],"about":[{"href":"https:\/\/happyinaknit.com\/lt\/wp-json\/wp\/v2\/types\/page"}],"author":[{"embeddable":true,"href":"https:\/\/happyinaknit.com\/lt\/wp-json\/wp\/v2\/users\/1"}],"replies":[{"embeddable":true,"href":"https:\/\/happyinaknit.com\/lt\/wp-json\/wp\/v2\/comments?post=13"}],"version-history":[{"count":0,"href":"https:\/\/happyinaknit.com\/lt\/wp-json\/wp\/v2\/pages\/13\/revisions"}],"wp:attachment":[{"href":"https:\/\/happyinaknit.com\/lt\/wp-json\/wp\/v2\/media?parent=13"}],"curies":[{"name":"wp","href":"https:\/\/api.w.org\/{rel}","templated":true}]}}