{"id":10,"date":"2025-08-24T08:03:52","date_gmt":"2025-08-24T08:03:52","guid":{"rendered":"https:\/\/happyinaknit.com\/krepselis\/"},"modified":"2025-10-02T10:01:30","modified_gmt":"2025-10-02T10:01:30","slug":"krepselis","status":"publish","type":"page","link":"https:\/\/happyinaknit.com\/lt\/krepselis\/","title":{"rendered":"Krep\u0161elis"},"content":{"rendered":"\t\t<div data-elementor-type=\"wp-page\" data-elementor-id=\"10\" class=\"elementor elementor-10\" data-elementor-post-type=\"page\">\n\t\t\t\t\t\t<section class=\"elementor-section elementor-top-section elementor-element elementor-element-44316cba elementor-section-boxed elementor-section-height-default elementor-section-height-default\" data-id=\"44316cba\" data-element_type=\"section\">\n\t\t\t\t\t\t<div class=\"elementor-container elementor-column-gap-default\">\n\t\t\t\t\t<div class=\"elementor-column elementor-col-100 elementor-top-column elementor-element elementor-element-2cb5627f\" data-id=\"2cb5627f\" data-element_type=\"column\">\n\t\t\t<div class=\"elementor-widget-wrap elementor-element-populated\">\n\t\t\t\t\t\t<div class=\"elementor-element elementor-element-383d771 elementor-widget elementor-widget-heading\" data-id=\"383d771\" data-element_type=\"widget\" data-widget_type=\"heading.default\">\n\t\t\t\t\t<h2 class=\"elementor-heading-title elementor-size-default\">Krep\u0161elis<\/h2>\t\t\t\t<\/div>\n\t\t\t\t<div class=\"elementor-element elementor-element-f6158ea elementor-widget elementor-widget-shortcode\" data-id=\"f6158ea\" data-element_type=\"widget\" data-widget_type=\"shortcode.default\">\n\t\t\t\t\t\t\t<div class=\"elementor-shortcode\"><div id=\"z-loyalty-slot\"><div class=\"z-loyalty-msg-card \"><div class=\"z-loyalty-row\"><div class=\"z-loyalty-title\">Lojalumo programa<\/div><div class=\"z-loyalty-text\">Nori kaupti nuolatin\u0119 nuolaid\u0105? Prisijunk ir gauk asmenin\u012f % pagal savo pirkimus.<\/div><\/div><a class=\"z-btn z-btn-primary\" href=\"https:\/\/happyinaknit.com\/lt\/paskyra\/?action=login&#038;redirect_to=https%3A%2F%2Fhappyinaknit.com%2Flt%2Fwp-json%2Fwp%2Fv2%2Fpages%2F10\">Prisijunk<\/a><\/div><\/div><\/div>\n\t\t\t\t\t\t<\/div>\n\t\t\t\t\t<\/div>\n\t\t<\/div>\n\t\t\t\t\t<\/div>\n\t\t<\/section>\n\t\t\t\t<\/div>\n\t\t","protected":false},"excerpt":{"rendered":"<p>Krep\u0161elis Pa\u0161alinti prek\u0119 Miniati\u016bra Produktas Kaina Kiekis Suma &times; Magnetin\u0117 adatin\u0117 su adat\u0173 poliruokliu, ruda &euro;30.00 produkto kiekis: Magnetin\u0117 adatin\u0117 su adat\u0173 poliruokliu, ruda &euro;30.00 &times; Cardiff Cashmere Prime &#8211; 134 Spalva: 134 Dydis: 2.75MM &euro;17.00 produkto kiekis: Cardiff Cashmere Prime &#8211; 134 &euro;17.00 Taikyti nuolaidos kod\u0105 Krep\u0161elio suma Suma &euro;47.00 Pristatymas Omniva (Lithuania) Pa\u0161tomatai: [&hellip;]<\/p>\n","protected":false},"author":1,"featured_media":0,"parent":0,"menu_order":0,"comment_status":"closed","ping_status":"closed","template":"elementor_header_footer","meta":{"_acf_changed":false,"footnotes":""},"class_list":["post-10","page","type-page","status-publish","hentry"],"acf":[],"yoast_head":"<!-- This site is optimized with the Yoast SEO plugin v26.8 - https:\/\/yoast.com\/product\/yoast-seo-wordpress\/ -->\n<title>Krep\u0161elis - Happyinaknit.com<\/title>\n<meta name=\"robots\" content=\"index, follow, max-snippet:-1, max-image-preview:large, max-video-preview:-1\" \/>\n<link rel=\"canonical\" href=\"https:\/\/happyinaknit.com\/lt\/krepselis\/\" \/>\n<meta property=\"og:locale\" content=\"lt_LT\" \/>\n<meta property=\"og:type\" content=\"article\" \/>\n<meta property=\"og:title\" content=\"Krep\u0161elis - Happyinaknit.com\" \/>\n<meta property=\"og:description\" content=\"Krep\u0161elis Pa\u0161alinti prek\u0119 Miniati\u016bra Produktas Kaina Kiekis Suma &times; Magnetin\u0117 adatin\u0117 su adat\u0173 poliruokliu, ruda &euro;30.00 produkto kiekis: Magnetin\u0117 adatin\u0117 su adat\u0173 poliruokliu, ruda &euro;30.00 &times; Cardiff Cashmere Prime &#8211; 134 Spalva: 134 Dydis: 2.75MM &euro;17.00 produkto kiekis: Cardiff Cashmere Prime &#8211; 134 &euro;17.00 Taikyti nuolaidos kod\u0105 Krep\u0161elio suma Suma &euro;47.00 Pristatymas Omniva (Lithuania) Pa\u0161tomatai: [&hellip;]\" \/>\n<meta property=\"og:url\" content=\"https:\/\/happyinaknit.com\/lt\/krepselis\/\" \/>\n<meta property=\"og:site_name\" content=\"Happyinaknit.com\" \/>\n<meta property=\"article:modified_time\" content=\"2025-10-02T10:01:30+00:00\" \/>\n<meta property=\"og:image\" content=\"https:\/\/happyinaknit.com\/wp-content\/uploads\/2025\/09\/45-259_product_org-500x500.webp\" \/>\n<meta name=\"twitter:card\" content=\"summary_large_image\" \/>\n<meta name=\"twitter:label1\" content=\"Est. reading time\" \/>\n\t<meta name=\"twitter:data1\" content=\"1 minut\u0117\" \/>\n<script type=\"application\/ld+json\" class=\"yoast-schema-graph\">{\"@context\":\"https:\/\/schema.org\",\"@graph\":[{\"@type\":\"WebPage\",\"@id\":\"https:\/\/happyinaknit.com\/krepselis\/\",\"url\":\"https:\/\/happyinaknit.com\/krepselis\/\",\"name\":\"Krep\u0161elis - Happyinaknit.com\",\"isPartOf\":{\"@id\":\"https:\/\/happyinaknit.com\/lt\/#website\"},\"primaryImageOfPage\":{\"@id\":\"https:\/\/happyinaknit.com\/krepselis\/#primaryimage\"},\"image\":{\"@id\":\"https:\/\/happyinaknit.com\/krepselis\/#primaryimage\"},\"thumbnailUrl\":\"https:\/\/happyinaknit.com\/wp-content\/uploads\/2025\/09\/45-259_product_org-500x500.webp\",\"datePublished\":\"2025-08-24T08:03:52+00:00\",\"dateModified\":\"2025-10-02T10:01:30+00:00\",\"breadcrumb\":{\"@id\":\"https:\/\/happyinaknit.com\/krepselis\/#breadcrumb\"},\"inLanguage\":\"lt-LT\",\"potentialAction\":[{\"@type\":\"ReadAction\",\"target\":[\"https:\/\/happyinaknit.com\/krepselis\/\"]}]},{\"@type\":\"ImageObject\",\"inLanguage\":\"lt-LT\",\"@id\":\"https:\/\/happyinaknit.com\/krepselis\/#primaryimage\",\"url\":\"https:\/\/happyinaknit.com\/wp-content\/uploads\/2025\/09\/45-259_product_org-500x500.webp\",\"contentUrl\":\"https:\/\/happyinaknit.com\/wp-content\/uploads\/2025\/09\/45-259_product_org-500x500.webp\"},{\"@type\":\"BreadcrumbList\",\"@id\":\"https:\/\/happyinaknit.com\/krepselis\/#breadcrumb\",\"itemListElement\":[{\"@type\":\"ListItem\",\"position\":1,\"name\":\"Home\",\"item\":\"https:\/\/happyinaknit.com\/lt\/\"},{\"@type\":\"ListItem\",\"position\":2,\"name\":\"Krep\u0161elis\"}]},{\"@type\":\"WebSite\",\"@id\":\"https:\/\/happyinaknit.com\/lt\/#website\",\"url\":\"https:\/\/happyinaknit.com\/lt\/\",\"name\":\"Happyinaknit.com\",\"description\":\"\",\"potentialAction\":[{\"@type\":\"SearchAction\",\"target\":{\"@type\":\"EntryPoint\",\"urlTemplate\":\"https:\/\/happyinaknit.com\/lt\/?s={search_term_string}\"},\"query-input\":{\"@type\":\"PropertyValueSpecification\",\"valueRequired\":true,\"valueName\":\"search_term_string\"}}],\"inLanguage\":\"lt-LT\"}]}<\/script>\n<!-- \/ Yoast SEO plugin. -->","yoast_head_json":{"title":"Krep\u0161elis - Happyinaknit.com","robots":{"index":"index","follow":"follow","max-snippet":"max-snippet:-1","max-image-preview":"max-image-preview:large","max-video-preview":"max-video-preview:-1"},"canonical":"https:\/\/happyinaknit.com\/lt\/krepselis\/","og_locale":"lt_LT","og_type":"article","og_title":"Krep\u0161elis - Happyinaknit.com","og_description":"Krep\u0161elis Pa\u0161alinti prek\u0119 Miniati\u016bra Produktas Kaina Kiekis Suma &times; Magnetin\u0117 adatin\u0117 su adat\u0173 poliruokliu, ruda &euro;30.00 produkto kiekis: Magnetin\u0117 adatin\u0117 su adat\u0173 poliruokliu, ruda &euro;30.00 &times; Cardiff Cashmere Prime &#8211; 134 Spalva: 134 Dydis: 2.75MM &euro;17.00 produkto kiekis: Cardiff Cashmere Prime &#8211; 134 &euro;17.00 Taikyti nuolaidos kod\u0105 Krep\u0161elio suma Suma &euro;47.00 Pristatymas Omniva (Lithuania) Pa\u0161tomatai: [&hellip;]","og_url":"https:\/\/happyinaknit.com\/lt\/krepselis\/","og_site_name":"Happyinaknit.com","article_modified_time":"2025-10-02T10:01:30+00:00","og_image":[{"url":"https:\/\/happyinaknit.com\/wp-content\/uploads\/2025\/09\/45-259_product_org-500x500.webp","type":"","width":"","height":""}],"twitter_card":"summary_large_image","twitter_misc":{"Est. reading time":"1 minut\u0117"},"schema":{"@context":"https:\/\/schema.org","@graph":[{"@type":"WebPage","@id":"https:\/\/happyinaknit.com\/krepselis\/","url":"https:\/\/happyinaknit.com\/krepselis\/","name":"Krep\u0161elis - Happyinaknit.com","isPartOf":{"@id":"https:\/\/happyinaknit.com\/lt\/#website"},"primaryImageOfPage":{"@id":"https:\/\/happyinaknit.com\/krepselis\/#primaryimage"},"image":{"@id":"https:\/\/happyinaknit.com\/krepselis\/#primaryimage"},"thumbnailUrl":"https:\/\/happyinaknit.com\/wp-content\/uploads\/2025\/09\/45-259_product_org-500x500.webp","datePublished":"2025-08-24T08:03:52+00:00","dateModified":"2025-10-02T10:01:30+00:00","breadcrumb":{"@id":"https:\/\/happyinaknit.com\/krepselis\/#breadcrumb"},"inLanguage":"lt-LT","potentialAction":[{"@type":"ReadAction","target":["https:\/\/happyinaknit.com\/krepselis\/"]}]},{"@type":"ImageObject","inLanguage":"lt-LT","@id":"https:\/\/happyinaknit.com\/krepselis\/#primaryimage","url":"https:\/\/happyinaknit.com\/wp-content\/uploads\/2025\/09\/45-259_product_org-500x500.webp","contentUrl":"https:\/\/happyinaknit.com\/wp-content\/uploads\/2025\/09\/45-259_product_org-500x500.webp"},{"@type":"BreadcrumbList","@id":"https:\/\/happyinaknit.com\/krepselis\/#breadcrumb","itemListElement":[{"@type":"ListItem","position":1,"name":"Home","item":"https:\/\/happyinaknit.com\/lt\/"},{"@type":"ListItem","position":2,"name":"Krep\u0161elis"}]},{"@type":"WebSite","@id":"https:\/\/happyinaknit.com\/lt\/#website","url":"https:\/\/happyinaknit.com\/lt\/","name":"Happyinaknit.com","description":"","potentialAction":[{"@type":"SearchAction","target":{"@type":"EntryPoint","urlTemplate":"https:\/\/happyinaknit.com\/lt\/?s={search_term_string}"},"query-input":{"@type":"PropertyValueSpecification","valueRequired":true,"valueName":"search_term_string"}}],"inLanguage":"lt-LT"}]}},"_links":{"self":[{"href":"https:\/\/happyinaknit.com\/lt\/wp-json\/wp\/v2\/pages\/10","targetHints":{"allow":["GET"]}}],"collection":[{"href":"https:\/\/happyinaknit.com\/lt\/wp-json\/wp\/v2\/pages"}],"about":[{"href":"https:\/\/happyinaknit.com\/lt\/wp-json\/wp\/v2\/types\/page"}],"author":[{"embeddable":true,"href":"https:\/\/happyinaknit.com\/lt\/wp-json\/wp\/v2\/users\/1"}],"replies":[{"embeddable":true,"href":"https:\/\/happyinaknit.com\/lt\/wp-json\/wp\/v2\/comments?post=10"}],"version-history":[{"count":0,"href":"https:\/\/happyinaknit.com\/lt\/wp-json\/wp\/v2\/pages\/10\/revisions"}],"wp:attachment":[{"href":"https:\/\/happyinaknit.com\/lt\/wp-json\/wp\/v2\/media?parent=10"}],"curies":[{"name":"wp","href":"https:\/\/api.w.org\/{rel}","templated":true}]}}