{"id":8659,"date":"2026-04-28T10:19:37","date_gmt":"2026-04-28T10:19:37","guid":{"rendered":"https:\/\/happyinaknit.com\/?post_type=product&#038;p=8659"},"modified":"2026-05-07T11:53:19","modified_gmt":"2026-05-07T11:53:19","slug":"lotus-yarns-rotacinis-360-valas-su-antgaliais-prisukamiems-virbalams","status":"publish","type":"product","link":"https:\/\/happyinaknit.com\/en\/product\/lotus-yarns-rotacinis-360-valas-su-antgaliais-prisukamiems-virbalams\/","title":{"rendered":"LOTUS YARNS Swivel cable 360\u00b0 for Interchangeable Knitting Needles with End Caps"},"content":{"rendered":"<p><b>360\u00b0 rotary roller with tips for screwed ropes <\/b>- high quality, flexible and comfortable yarn for smooth knitting and maximum comfort.<\/p>\n<p><b>Features:<\/b><b><\/b><\/p>\n<ul>\n<li>Made of nylon-coated stainless steel<\/li>\n<li>360\u00b0 rotating roller - no twisting and no restriction of movement<\/li>\n<li>\u201eWithout memory\u201c - keeps its shape and doesn't fray<\/li>\n<li>Ultra-smooth surface - easy on the eyes<\/li>\n<li>Strong, flexible and durable<\/li>\n<li>Length marked by laser on the metal part<\/li>\n<li>Compatible with all LOTUS YARNS and Chiaogoo (2.75-5.0 mm) screw-on cords<\/li>\n<\/ul>\n<p><b>Set:<\/b><b><\/b><\/p>\n<ul>\n<li>1 rotary cleaner<\/li>\n<li>1 cleaning key<\/li>\n<li>2 pieces of nozzles (end plugs)<\/li>\n<\/ul>\n<p><b>Choice of lengths (with cords attached):<\/b><b><\/b><\/p>\n<ul>\n<li>35 cm \u2192 50 cm with short cords \/ 60 cm with standard length cords<\/li>\n<li>55 cm \u2192 80 cm<\/li>\n<\/ul>\n<p><b>Note:<\/b><b><\/b><\/p>\n<p>Color shades may vary slightly depending on your device&#039;s screen.<\/p>","protected":false},"excerpt":{"rendered":"<p>Rotacinis valas 360\u00b0 su antgaliais prisukamiems virbalams \u2013 auk\u0161tos kokyb\u0117s, lankstus ir patogus valas, u\u017etikrinantis skland\u0173 mezgim\u0105 ir maksimal\u0173 komfort\u0105. Savyb\u0117s: Pagamintas i\u0161 nailonu dengto ner\u016bdijan\u010dio plieno 360\u00b0 rotacinis valas \u2013 nevar\u017eo judesi\u0173 ir nesusisuka \u201eBe atminties\u201c \u2013 nesirie\u010dia ir i\u0161laiko form\u0105 Itin glotnus pavir\u0161ius \u2013 akys lengvai slysta Tvirtas, lankstus ir ilgaam\u017eis Ilgis pa\u017eym\u0117tas [&hellip;]<\/p>\n","protected":false},"featured_media":8662,"comment_status":"open","ping_status":"closed","template":"","meta":{"_acf_changed":false},"product_brand":[1639],"product_cat":[15,868,19,864],"product_tag":[30],"pro-kategorijos":[],"class_list":{"0":"post-8659","1":"product","2":"type-product","3":"status-publish","4":"has-post-thumbnail","6":"product_brand-lotus-yarns","7":"product_cat-visi-produktai","8":"product_cat-antgaliaistabdziukai","9":"product_cat-mezgimo-priemones","10":"product_cat-valai-virbalams","11":"product_tag-naujiena","13":"first","14":"instock","15":"shipping-taxable","16":"purchasable","17":"product-type-variable"},"acf":[],"yoast_head":"<!-- This site is optimized with the Yoast SEO plugin v26.8 - https:\/\/yoast.com\/product\/yoast-seo-wordpress\/ -->\n<title>LOTUS YARNS rotacinis (360&#039;) valas su antgaliais prisukamiems virbalams - Happyinaknit.com<\/title>\n<meta name=\"robots\" content=\"index, follow, max-snippet:-1, max-image-preview:large, max-video-preview:-1\" \/>\n<link rel=\"canonical\" href=\"https:\/\/happyinaknit.com\/en\/product\/lotus-yarns-rotacinis-360-valas-su-antgaliais-prisukamiems-virbalams\/\" \/>\n<meta property=\"og:locale\" content=\"en_US\" \/>\n<meta property=\"og:type\" content=\"article\" \/>\n<meta property=\"og:title\" content=\"LOTUS YARNS rotacinis (360&#039;) valas su antgaliais prisukamiems virbalams - Happyinaknit.com\" \/>\n<meta property=\"og:description\" content=\"Rotacinis valas 360\u00b0 su antgaliais prisukamiems virbalams \u2013 auk\u0161tos kokyb\u0117s, lankstus ir patogus valas, u\u017etikrinantis skland\u0173 mezgim\u0105 ir maksimal\u0173 komfort\u0105. Savyb\u0117s: Pagamintas i\u0161 nailonu dengto ner\u016bdijan\u010dio plieno 360\u00b0 rotacinis valas \u2013 nevar\u017eo judesi\u0173 ir nesusisuka \u201eBe atminties\u201c \u2013 nesirie\u010dia ir i\u0161laiko form\u0105 Itin glotnus pavir\u0161ius \u2013 akys lengvai slysta Tvirtas, lankstus ir ilgaam\u017eis Ilgis pa\u017eym\u0117tas [&hellip;]\" \/>\n<meta property=\"og:url\" content=\"https:\/\/happyinaknit.com\/en\/product\/lotus-yarns-rotacinis-360-valas-su-antgaliais-prisukamiems-virbalams\/\" \/>\n<meta property=\"og:site_name\" content=\"Happyinaknit.com\" \/>\n<meta property=\"article:modified_time\" content=\"2026-05-07T11:53:19+00:00\" \/>\n<meta property=\"og:image\" content=\"https:\/\/happyinaknit.com\/wp-content\/uploads\/2026\/04\/35cm.jpg.webp\" \/>\n\t<meta property=\"og:image:width\" content=\"1000\" \/>\n\t<meta property=\"og:image:height\" content=\"1000\" \/>\n\t<meta property=\"og:image:type\" content=\"image\/webp\" \/>\n<meta name=\"twitter:card\" content=\"summary_large_image\" \/>\n<meta name=\"twitter:label1\" content=\"Est. reading time\" \/>\n\t<meta name=\"twitter:data1\" content=\"1 minute\" \/>\n<script type=\"application\/ld+json\" class=\"yoast-schema-graph\">{\"@context\":\"https:\/\/schema.org\",\"@graph\":[{\"@type\":\"WebPage\",\"@id\":\"https:\/\/happyinaknit.com\/produktas\/lotus-yarns-rotacinis-360-valas-su-antgaliais-prisukamiems-virbalams\/\",\"url\":\"https:\/\/happyinaknit.com\/produktas\/lotus-yarns-rotacinis-360-valas-su-antgaliais-prisukamiems-virbalams\/\",\"name\":\"LOTUS YARNS rotacinis (360') valas su antgaliais prisukamiems virbalams - Happyinaknit.com\",\"isPartOf\":{\"@id\":\"https:\/\/happyinaknit.com\/lt\/#website\"},\"primaryImageOfPage\":{\"@id\":\"https:\/\/happyinaknit.com\/produktas\/lotus-yarns-rotacinis-360-valas-su-antgaliais-prisukamiems-virbalams\/#primaryimage\"},\"image\":{\"@id\":\"https:\/\/happyinaknit.com\/produktas\/lotus-yarns-rotacinis-360-valas-su-antgaliais-prisukamiems-virbalams\/#primaryimage\"},\"thumbnailUrl\":\"https:\/\/happyinaknit.com\/wp-content\/uploads\/2026\/04\/35cm.jpg.webp\",\"datePublished\":\"2026-04-28T10:19:37+00:00\",\"dateModified\":\"2026-05-07T11:53:19+00:00\",\"breadcrumb\":{\"@id\":\"https:\/\/happyinaknit.com\/produktas\/lotus-yarns-rotacinis-360-valas-su-antgaliais-prisukamiems-virbalams\/#breadcrumb\"},\"inLanguage\":\"en-US\",\"potentialAction\":[{\"@type\":\"ReadAction\",\"target\":[\"https:\/\/happyinaknit.com\/produktas\/lotus-yarns-rotacinis-360-valas-su-antgaliais-prisukamiems-virbalams\/\"]}]},{\"@type\":\"ImageObject\",\"inLanguage\":\"en-US\",\"@id\":\"https:\/\/happyinaknit.com\/produktas\/lotus-yarns-rotacinis-360-valas-su-antgaliais-prisukamiems-virbalams\/#primaryimage\",\"url\":\"https:\/\/happyinaknit.com\/wp-content\/uploads\/2026\/04\/35cm.jpg.webp\",\"contentUrl\":\"https:\/\/happyinaknit.com\/wp-content\/uploads\/2026\/04\/35cm.jpg.webp\",\"width\":1000,\"height\":1000},{\"@type\":\"BreadcrumbList\",\"@id\":\"https:\/\/happyinaknit.com\/produktas\/lotus-yarns-rotacinis-360-valas-su-antgaliais-prisukamiems-virbalams\/#breadcrumb\",\"itemListElement\":[{\"@type\":\"ListItem\",\"position\":1,\"name\":\"Home\",\"item\":\"https:\/\/happyinaknit.com\/lt\/\"},{\"@type\":\"ListItem\",\"position\":2,\"name\":\"Parduotuv\u0117\",\"item\":\"https:\/\/happyinaknit.com\/lt\/parduotuve\/\"},{\"@type\":\"ListItem\",\"position\":3,\"name\":\"LOTUS YARNS rotacinis (360&#8242;) valas su antgaliais prisukamiems virbalams\"}]},{\"@type\":\"WebSite\",\"@id\":\"https:\/\/happyinaknit.com\/lt\/#website\",\"url\":\"https:\/\/happyinaknit.com\/lt\/\",\"name\":\"Happyinaknit.com\",\"description\":\"\",\"potentialAction\":[{\"@type\":\"SearchAction\",\"target\":{\"@type\":\"EntryPoint\",\"urlTemplate\":\"https:\/\/happyinaknit.com\/lt\/?s={search_term_string}\"},\"query-input\":{\"@type\":\"PropertyValueSpecification\",\"valueRequired\":true,\"valueName\":\"search_term_string\"}}],\"inLanguage\":\"en-US\"}]}<\/script>\n<!-- \/ Yoast SEO plugin. -->","yoast_head_json":{"title":"LOTUS YARNS rotacinis (360') valas su antgaliais prisukamiems virbalams - Happyinaknit.com","robots":{"index":"index","follow":"follow","max-snippet":"max-snippet:-1","max-image-preview":"max-image-preview:large","max-video-preview":"max-video-preview:-1"},"canonical":"https:\/\/happyinaknit.com\/en\/product\/lotus-yarns-rotacinis-360-valas-su-antgaliais-prisukamiems-virbalams\/","og_locale":"en_US","og_type":"article","og_title":"LOTUS YARNS rotacinis (360') valas su antgaliais prisukamiems virbalams - Happyinaknit.com","og_description":"Rotacinis valas 360\u00b0 su antgaliais prisukamiems virbalams \u2013 auk\u0161tos kokyb\u0117s, lankstus ir patogus valas, u\u017etikrinantis skland\u0173 mezgim\u0105 ir maksimal\u0173 komfort\u0105. Savyb\u0117s: Pagamintas i\u0161 nailonu dengto ner\u016bdijan\u010dio plieno 360\u00b0 rotacinis valas \u2013 nevar\u017eo judesi\u0173 ir nesusisuka \u201eBe atminties\u201c \u2013 nesirie\u010dia ir i\u0161laiko form\u0105 Itin glotnus pavir\u0161ius \u2013 akys lengvai slysta Tvirtas, lankstus ir ilgaam\u017eis Ilgis pa\u017eym\u0117tas [&hellip;]","og_url":"https:\/\/happyinaknit.com\/en\/product\/lotus-yarns-rotacinis-360-valas-su-antgaliais-prisukamiems-virbalams\/","og_site_name":"Happyinaknit.com","article_modified_time":"2026-05-07T11:53:19+00:00","og_image":[{"width":1000,"height":1000,"url":"https:\/\/happyinaknit.com\/wp-content\/uploads\/2026\/04\/35cm.jpg.webp","type":"image\/webp"}],"twitter_card":"summary_large_image","twitter_misc":{"Est. reading time":"1 minute"},"schema":{"@context":"https:\/\/schema.org","@graph":[{"@type":"WebPage","@id":"https:\/\/happyinaknit.com\/produktas\/lotus-yarns-rotacinis-360-valas-su-antgaliais-prisukamiems-virbalams\/","url":"https:\/\/happyinaknit.com\/produktas\/lotus-yarns-rotacinis-360-valas-su-antgaliais-prisukamiems-virbalams\/","name":"LOTUS YARNS rotacinis (360') valas su antgaliais prisukamiems virbalams - Happyinaknit.com","isPartOf":{"@id":"https:\/\/happyinaknit.com\/lt\/#website"},"primaryImageOfPage":{"@id":"https:\/\/happyinaknit.com\/produktas\/lotus-yarns-rotacinis-360-valas-su-antgaliais-prisukamiems-virbalams\/#primaryimage"},"image":{"@id":"https:\/\/happyinaknit.com\/produktas\/lotus-yarns-rotacinis-360-valas-su-antgaliais-prisukamiems-virbalams\/#primaryimage"},"thumbnailUrl":"https:\/\/happyinaknit.com\/wp-content\/uploads\/2026\/04\/35cm.jpg.webp","datePublished":"2026-04-28T10:19:37+00:00","dateModified":"2026-05-07T11:53:19+00:00","breadcrumb":{"@id":"https:\/\/happyinaknit.com\/produktas\/lotus-yarns-rotacinis-360-valas-su-antgaliais-prisukamiems-virbalams\/#breadcrumb"},"inLanguage":"en-US","potentialAction":[{"@type":"ReadAction","target":["https:\/\/happyinaknit.com\/produktas\/lotus-yarns-rotacinis-360-valas-su-antgaliais-prisukamiems-virbalams\/"]}]},{"@type":"ImageObject","inLanguage":"en-US","@id":"https:\/\/happyinaknit.com\/produktas\/lotus-yarns-rotacinis-360-valas-su-antgaliais-prisukamiems-virbalams\/#primaryimage","url":"https:\/\/happyinaknit.com\/wp-content\/uploads\/2026\/04\/35cm.jpg.webp","contentUrl":"https:\/\/happyinaknit.com\/wp-content\/uploads\/2026\/04\/35cm.jpg.webp","width":1000,"height":1000},{"@type":"BreadcrumbList","@id":"https:\/\/happyinaknit.com\/produktas\/lotus-yarns-rotacinis-360-valas-su-antgaliais-prisukamiems-virbalams\/#breadcrumb","itemListElement":[{"@type":"ListItem","position":1,"name":"Home","item":"https:\/\/happyinaknit.com\/lt\/"},{"@type":"ListItem","position":2,"name":"Parduotuv\u0117","item":"https:\/\/happyinaknit.com\/lt\/parduotuve\/"},{"@type":"ListItem","position":3,"name":"LOTUS YARNS rotacinis (360&#8242;) valas su antgaliais prisukamiems virbalams"}]},{"@type":"WebSite","@id":"https:\/\/happyinaknit.com\/lt\/#website","url":"https:\/\/happyinaknit.com\/lt\/","name":"Happyinaknit.com","description":"","potentialAction":[{"@type":"SearchAction","target":{"@type":"EntryPoint","urlTemplate":"https:\/\/happyinaknit.com\/lt\/?s={search_term_string}"},"query-input":{"@type":"PropertyValueSpecification","valueRequired":true,"valueName":"search_term_string"}}],"inLanguage":"en-US"}]}},"_links":{"self":[{"href":"https:\/\/happyinaknit.com\/en\/wp-json\/wp\/v2\/product\/8659","targetHints":{"allow":["GET"]}}],"collection":[{"href":"https:\/\/happyinaknit.com\/en\/wp-json\/wp\/v2\/product"}],"about":[{"href":"https:\/\/happyinaknit.com\/en\/wp-json\/wp\/v2\/types\/product"}],"replies":[{"embeddable":true,"href":"https:\/\/happyinaknit.com\/en\/wp-json\/wp\/v2\/comments?post=8659"}],"wp:featuredmedia":[{"embeddable":true,"href":"https:\/\/happyinaknit.com\/en\/wp-json\/wp\/v2\/media\/8662"}],"wp:attachment":[{"href":"https:\/\/happyinaknit.com\/en\/wp-json\/wp\/v2\/media?parent=8659"}],"wp:term":[{"taxonomy":"product_brand","embeddable":true,"href":"https:\/\/happyinaknit.com\/en\/wp-json\/wp\/v2\/product_brand?post=8659"},{"taxonomy":"product_cat","embeddable":true,"href":"https:\/\/happyinaknit.com\/en\/wp-json\/wp\/v2\/product_cat?post=8659"},{"taxonomy":"product_tag","embeddable":true,"href":"https:\/\/happyinaknit.com\/en\/wp-json\/wp\/v2\/product_tag?post=8659"},{"taxonomy":"pro-kategorijos","embeddable":true,"href":"https:\/\/happyinaknit.com\/en\/wp-json\/wp\/v2\/pro-kategorijos?post=8659"}],"curies":[{"name":"wp","href":"https:\/\/api.w.org\/{rel}","templated":true}]}}