{"id":8644,"date":"2026-04-28T07:17:19","date_gmt":"2026-04-28T07:17:19","guid":{"rendered":"https:\/\/happyinaknit.com\/?post_type=product&#038;p=8644"},"modified":"2026-05-06T15:26:32","modified_gmt":"2026-05-06T15:26:32","slug":"lotus-yarns-virbalu-antgaliu-sujungejai","status":"publish","type":"product","link":"https:\/\/happyinaknit.com\/en\/product\/lotus-yarns-virbalu-antgaliu-sujungejai\/","title":{"rendered":"LOTUS YARNS Needle Tips Connectors"},"content":{"rendered":"<p><b>Screwed cord connectors <\/b>- a practical accessory that allows you to combine two screw-on bobbins to create short double bobbins for different knitting needs.<\/p>\n<p><b>Features:<\/b><b><\/b><\/p>\n<ul>\n<li>Made of stainless steel<\/li>\n<li>For joining two rope tips<\/li>\n<li>Allows the formation of a short double string<\/li>\n<li>Suitable for use as an auxiliary bobbin (for garter or cable knitting) or as a stitch holder<\/li>\n<li>A convenient and versatile solution for smaller projects<\/li>\n<\/ul>\n<p><b>Set:<\/b><b><\/b><\/p>\n<ul>\n<li>2 pcs.<\/li>\n<\/ul>\n<p><b>Note:<\/b><b><\/b><\/p>\n<p>Color shades may vary slightly depending on your device&#039;s screen.<\/p>","protected":false},"excerpt":{"rendered":"<p>Prisukam\u0173 virbal\u0173 sujung\u0117jai \u2013 prakti\u0161kas aksesuaras, leid\u017eiantis sujungti du prisukam\u0173 virbal\u0173 antgalius ir sukurti trumpus dvigalius virbalus \u012fvairiems mezgimo poreikiams. Savyb\u0117s: Pagaminti i\u0161 ner\u016bdijan\u010dio plieno Skirti dviej\u0173 virbal\u0173 antgali\u0173 sujungimui Leid\u017eia suformuoti trump\u0105 dvigal\u012f virbal\u0105 Tinka naudoti kaip pagalbin\u012f virbal\u0105 (kiaurara\u0161\u010dio ar pyni\u0173 mezgimui) arba aki\u0173 laikikl\u012f Patogus ir universalus sprendimas ma\u017eesniems projektams Komplektas: 2 [&hellip;]<\/p>\n","protected":false},"featured_media":8636,"comment_status":"open","ping_status":"closed","template":"","meta":{"_acf_changed":false},"product_brand":[1639],"product_cat":[15,867,19],"product_tag":[30],"pro-kategorijos":[],"class_list":{"0":"post-8644","1":"product","2":"type-product","3":"status-publish","4":"has-post-thumbnail","6":"product_brand-lotus-yarns","7":"product_cat-visi-produktai","8":"product_cat-jungtys-ir-kt-priedai","9":"product_cat-mezgimo-priemones","10":"product_tag-naujiena","12":"first","13":"instock","14":"shipping-taxable","15":"purchasable","16":"product-type-simple"},"acf":[],"yoast_head":"<!-- This site is optimized with the Yoast SEO plugin v26.8 - https:\/\/yoast.com\/product\/yoast-seo-wordpress\/ -->\n<title>LOTUS YARNS prisukam\u0173 virbal\u0173 sujung\u0117jai - Happyinaknit.com<\/title>\n<meta name=\"robots\" content=\"index, follow, max-snippet:-1, max-image-preview:large, max-video-preview:-1\" \/>\n<link rel=\"canonical\" href=\"https:\/\/happyinaknit.com\/en\/product\/lotus-yarns-virbalu-antgaliu-sujungejai\/\" \/>\n<meta property=\"og:locale\" content=\"en_US\" \/>\n<meta property=\"og:type\" content=\"article\" \/>\n<meta property=\"og:title\" content=\"LOTUS YARNS prisukam\u0173 virbal\u0173 sujung\u0117jai - Happyinaknit.com\" \/>\n<meta property=\"og:description\" content=\"Prisukam\u0173 virbal\u0173 sujung\u0117jai \u2013 prakti\u0161kas aksesuaras, leid\u017eiantis sujungti du prisukam\u0173 virbal\u0173 antgalius ir sukurti trumpus dvigalius virbalus \u012fvairiems mezgimo poreikiams. Savyb\u0117s: Pagaminti i\u0161 ner\u016bdijan\u010dio plieno Skirti dviej\u0173 virbal\u0173 antgali\u0173 sujungimui Leid\u017eia suformuoti trump\u0105 dvigal\u012f virbal\u0105 Tinka naudoti kaip pagalbin\u012f virbal\u0105 (kiaurara\u0161\u010dio ar pyni\u0173 mezgimui) arba aki\u0173 laikikl\u012f Patogus ir universalus sprendimas ma\u017eesniems projektams Komplektas: 2 [&hellip;]\" \/>\n<meta property=\"og:url\" content=\"https:\/\/happyinaknit.com\/en\/product\/lotus-yarns-virbalu-antgaliu-sujungejai\/\" \/>\n<meta property=\"og:site_name\" content=\"Happyinaknit.com\" \/>\n<meta property=\"article:modified_time\" content=\"2026-05-06T15:26:32+00:00\" \/>\n<meta property=\"og:image\" content=\"https:\/\/happyinaknit.com\/wp-content\/uploads\/2026\/04\/9_b584c515-3583-4b76-958e-01f52395fa1c.jpg.webp\" \/>\n\t<meta property=\"og:image:width\" content=\"1000\" \/>\n\t<meta property=\"og:image:height\" content=\"1000\" \/>\n\t<meta property=\"og:image:type\" content=\"image\/webp\" \/>\n<meta name=\"twitter:card\" content=\"summary_large_image\" \/>\n<meta name=\"twitter:label1\" content=\"Est. reading time\" \/>\n\t<meta name=\"twitter:data1\" content=\"1 minute\" \/>\n<script type=\"application\/ld+json\" class=\"yoast-schema-graph\">{\"@context\":\"https:\/\/schema.org\",\"@graph\":[{\"@type\":\"WebPage\",\"@id\":\"https:\/\/happyinaknit.com\/produktas\/lotus-yarns-virbalu-antgaliu-sujungejai\/\",\"url\":\"https:\/\/happyinaknit.com\/produktas\/lotus-yarns-virbalu-antgaliu-sujungejai\/\",\"name\":\"LOTUS YARNS prisukam\u0173 virbal\u0173 sujung\u0117jai - Happyinaknit.com\",\"isPartOf\":{\"@id\":\"https:\/\/happyinaknit.com\/lt\/#website\"},\"primaryImageOfPage\":{\"@id\":\"https:\/\/happyinaknit.com\/produktas\/lotus-yarns-virbalu-antgaliu-sujungejai\/#primaryimage\"},\"image\":{\"@id\":\"https:\/\/happyinaknit.com\/produktas\/lotus-yarns-virbalu-antgaliu-sujungejai\/#primaryimage\"},\"thumbnailUrl\":\"https:\/\/happyinaknit.com\/wp-content\/uploads\/2026\/04\/9_b584c515-3583-4b76-958e-01f52395fa1c.jpg.webp\",\"datePublished\":\"2026-04-28T07:17:19+00:00\",\"dateModified\":\"2026-05-06T15:26:32+00:00\",\"breadcrumb\":{\"@id\":\"https:\/\/happyinaknit.com\/produktas\/lotus-yarns-virbalu-antgaliu-sujungejai\/#breadcrumb\"},\"inLanguage\":\"en-US\",\"potentialAction\":[{\"@type\":\"ReadAction\",\"target\":[\"https:\/\/happyinaknit.com\/produktas\/lotus-yarns-virbalu-antgaliu-sujungejai\/\"]}]},{\"@type\":\"ImageObject\",\"inLanguage\":\"en-US\",\"@id\":\"https:\/\/happyinaknit.com\/produktas\/lotus-yarns-virbalu-antgaliu-sujungejai\/#primaryimage\",\"url\":\"https:\/\/happyinaknit.com\/wp-content\/uploads\/2026\/04\/9_b584c515-3583-4b76-958e-01f52395fa1c.jpg.webp\",\"contentUrl\":\"https:\/\/happyinaknit.com\/wp-content\/uploads\/2026\/04\/9_b584c515-3583-4b76-958e-01f52395fa1c.jpg.webp\",\"width\":1000,\"height\":1000},{\"@type\":\"BreadcrumbList\",\"@id\":\"https:\/\/happyinaknit.com\/produktas\/lotus-yarns-virbalu-antgaliu-sujungejai\/#breadcrumb\",\"itemListElement\":[{\"@type\":\"ListItem\",\"position\":1,\"name\":\"Home\",\"item\":\"https:\/\/happyinaknit.com\/lt\/\"},{\"@type\":\"ListItem\",\"position\":2,\"name\":\"Parduotuv\u0117\",\"item\":\"https:\/\/happyinaknit.com\/lt\/parduotuve\/\"},{\"@type\":\"ListItem\",\"position\":3,\"name\":\"LOTUS YARNS prisukam\u0173 virbal\u0173 sujung\u0117jai\"}]},{\"@type\":\"WebSite\",\"@id\":\"https:\/\/happyinaknit.com\/lt\/#website\",\"url\":\"https:\/\/happyinaknit.com\/lt\/\",\"name\":\"Happyinaknit.com\",\"description\":\"\",\"potentialAction\":[{\"@type\":\"SearchAction\",\"target\":{\"@type\":\"EntryPoint\",\"urlTemplate\":\"https:\/\/happyinaknit.com\/lt\/?s={search_term_string}\"},\"query-input\":{\"@type\":\"PropertyValueSpecification\",\"valueRequired\":true,\"valueName\":\"search_term_string\"}}],\"inLanguage\":\"en-US\"}]}<\/script>\n<!-- \/ Yoast SEO plugin. -->","yoast_head_json":{"title":"LOTUS YARNS prisukam\u0173 virbal\u0173 sujung\u0117jai - Happyinaknit.com","robots":{"index":"index","follow":"follow","max-snippet":"max-snippet:-1","max-image-preview":"max-image-preview:large","max-video-preview":"max-video-preview:-1"},"canonical":"https:\/\/happyinaknit.com\/en\/product\/lotus-yarns-virbalu-antgaliu-sujungejai\/","og_locale":"en_US","og_type":"article","og_title":"LOTUS YARNS prisukam\u0173 virbal\u0173 sujung\u0117jai - Happyinaknit.com","og_description":"Prisukam\u0173 virbal\u0173 sujung\u0117jai \u2013 prakti\u0161kas aksesuaras, leid\u017eiantis sujungti du prisukam\u0173 virbal\u0173 antgalius ir sukurti trumpus dvigalius virbalus \u012fvairiems mezgimo poreikiams. Savyb\u0117s: Pagaminti i\u0161 ner\u016bdijan\u010dio plieno Skirti dviej\u0173 virbal\u0173 antgali\u0173 sujungimui Leid\u017eia suformuoti trump\u0105 dvigal\u012f virbal\u0105 Tinka naudoti kaip pagalbin\u012f virbal\u0105 (kiaurara\u0161\u010dio ar pyni\u0173 mezgimui) arba aki\u0173 laikikl\u012f Patogus ir universalus sprendimas ma\u017eesniems projektams Komplektas: 2 [&hellip;]","og_url":"https:\/\/happyinaknit.com\/en\/product\/lotus-yarns-virbalu-antgaliu-sujungejai\/","og_site_name":"Happyinaknit.com","article_modified_time":"2026-05-06T15:26:32+00:00","og_image":[{"width":1000,"height":1000,"url":"https:\/\/happyinaknit.com\/wp-content\/uploads\/2026\/04\/9_b584c515-3583-4b76-958e-01f52395fa1c.jpg.webp","type":"image\/webp"}],"twitter_card":"summary_large_image","twitter_misc":{"Est. reading time":"1 minute"},"schema":{"@context":"https:\/\/schema.org","@graph":[{"@type":"WebPage","@id":"https:\/\/happyinaknit.com\/produktas\/lotus-yarns-virbalu-antgaliu-sujungejai\/","url":"https:\/\/happyinaknit.com\/produktas\/lotus-yarns-virbalu-antgaliu-sujungejai\/","name":"LOTUS YARNS prisukam\u0173 virbal\u0173 sujung\u0117jai - Happyinaknit.com","isPartOf":{"@id":"https:\/\/happyinaknit.com\/lt\/#website"},"primaryImageOfPage":{"@id":"https:\/\/happyinaknit.com\/produktas\/lotus-yarns-virbalu-antgaliu-sujungejai\/#primaryimage"},"image":{"@id":"https:\/\/happyinaknit.com\/produktas\/lotus-yarns-virbalu-antgaliu-sujungejai\/#primaryimage"},"thumbnailUrl":"https:\/\/happyinaknit.com\/wp-content\/uploads\/2026\/04\/9_b584c515-3583-4b76-958e-01f52395fa1c.jpg.webp","datePublished":"2026-04-28T07:17:19+00:00","dateModified":"2026-05-06T15:26:32+00:00","breadcrumb":{"@id":"https:\/\/happyinaknit.com\/produktas\/lotus-yarns-virbalu-antgaliu-sujungejai\/#breadcrumb"},"inLanguage":"en-US","potentialAction":[{"@type":"ReadAction","target":["https:\/\/happyinaknit.com\/produktas\/lotus-yarns-virbalu-antgaliu-sujungejai\/"]}]},{"@type":"ImageObject","inLanguage":"en-US","@id":"https:\/\/happyinaknit.com\/produktas\/lotus-yarns-virbalu-antgaliu-sujungejai\/#primaryimage","url":"https:\/\/happyinaknit.com\/wp-content\/uploads\/2026\/04\/9_b584c515-3583-4b76-958e-01f52395fa1c.jpg.webp","contentUrl":"https:\/\/happyinaknit.com\/wp-content\/uploads\/2026\/04\/9_b584c515-3583-4b76-958e-01f52395fa1c.jpg.webp","width":1000,"height":1000},{"@type":"BreadcrumbList","@id":"https:\/\/happyinaknit.com\/produktas\/lotus-yarns-virbalu-antgaliu-sujungejai\/#breadcrumb","itemListElement":[{"@type":"ListItem","position":1,"name":"Home","item":"https:\/\/happyinaknit.com\/lt\/"},{"@type":"ListItem","position":2,"name":"Parduotuv\u0117","item":"https:\/\/happyinaknit.com\/lt\/parduotuve\/"},{"@type":"ListItem","position":3,"name":"LOTUS YARNS prisukam\u0173 virbal\u0173 sujung\u0117jai"}]},{"@type":"WebSite","@id":"https:\/\/happyinaknit.com\/lt\/#website","url":"https:\/\/happyinaknit.com\/lt\/","name":"Happyinaknit.com","description":"","potentialAction":[{"@type":"SearchAction","target":{"@type":"EntryPoint","urlTemplate":"https:\/\/happyinaknit.com\/lt\/?s={search_term_string}"},"query-input":{"@type":"PropertyValueSpecification","valueRequired":true,"valueName":"search_term_string"}}],"inLanguage":"en-US"}]}},"_links":{"self":[{"href":"https:\/\/happyinaknit.com\/en\/wp-json\/wp\/v2\/product\/8644","targetHints":{"allow":["GET"]}}],"collection":[{"href":"https:\/\/happyinaknit.com\/en\/wp-json\/wp\/v2\/product"}],"about":[{"href":"https:\/\/happyinaknit.com\/en\/wp-json\/wp\/v2\/types\/product"}],"replies":[{"embeddable":true,"href":"https:\/\/happyinaknit.com\/en\/wp-json\/wp\/v2\/comments?post=8644"}],"wp:featuredmedia":[{"embeddable":true,"href":"https:\/\/happyinaknit.com\/en\/wp-json\/wp\/v2\/media\/8636"}],"wp:attachment":[{"href":"https:\/\/happyinaknit.com\/en\/wp-json\/wp\/v2\/media?parent=8644"}],"wp:term":[{"taxonomy":"product_brand","embeddable":true,"href":"https:\/\/happyinaknit.com\/en\/wp-json\/wp\/v2\/product_brand?post=8644"},{"taxonomy":"product_cat","embeddable":true,"href":"https:\/\/happyinaknit.com\/en\/wp-json\/wp\/v2\/product_cat?post=8644"},{"taxonomy":"product_tag","embeddable":true,"href":"https:\/\/happyinaknit.com\/en\/wp-json\/wp\/v2\/product_tag?post=8644"},{"taxonomy":"pro-kategorijos","embeddable":true,"href":"https:\/\/happyinaknit.com\/en\/wp-json\/wp\/v2\/pro-kategorijos?post=8644"}],"curies":[{"name":"wp","href":"https:\/\/api.w.org\/{rel}","templated":true}]}}