{"id":8614,"date":"2026-04-28T06:49:23","date_gmt":"2026-04-28T06:49:23","guid":{"rendered":"https:\/\/happyinaknit.com\/?post_type=product&#038;p=8614"},"modified":"2026-04-28T13:31:26","modified_gmt":"2026-04-28T13:31:26","slug":"lotus-yarns-himalaya-virbalai-su-valu-80-cm","status":"publish","type":"product","link":"https:\/\/happyinaknit.com\/en\/product\/lotus-yarns-himalaya-virbalai-su-valu-80-cm\/","title":{"rendered":"Lotus Yarns Himalaya Circular Needles 80 cm"},"content":{"rendered":"<p><b>Lathe with shaft 80 cm <\/b>\u00a0- light, smooth and comfortable cables, perfect for both eyelet patterns and larger knits.<\/p>\n<p><b>Features:<\/b><b><\/b><\/p>\n<ul>\n<li>Overall length: 80 cm<\/li>\n<li>Made of high quality 304 stainless steel<\/li>\n<li>Extra sharp tips - easy to pick up eyes and knit in garter stitch patterns<\/li>\n<li>Ergonomic design helps reduce hand fatigue<\/li>\n<li>Extremely lightweight, well polished and with a smooth surface<\/li>\n<li>Smooth transition from rope to valo<\/li>\n<li>Flexible, nylon-coated, \u201ememoryless\u201c stainless steel line<\/li>\n<li>Laser marking of each size on the stringers<\/li>\n<\/ul>\n<p><b>Usage:<\/b><b><\/b><\/p>\n<p>Perfect for knitting in the round and for larger projects such as sweaters, cardigans, scarves and shawls. Suitable for all yarn types.<\/p>\n<p><b>Note:<\/b><b><\/b><\/p>\n<p>Color shades may vary slightly depending on your device&#039;s screen.<\/p>","protected":false},"excerpt":{"rendered":"<p>Virbalai su valu \u00a080 cm \u00a0\u2013 lengvi, glotn\u016bs ir patog\u016bs virbalai, puikiai tinkantys tiek kiaurara\u0161\u010dio ra\u0161tams, tiek didesniems mezginiams. Savyb\u0117s: Bendras ilgis: 80 cm Pagaminti i\u0161 auk\u0161tos kokyb\u0117s 304 ner\u016bdijan\u010dio plieno Ypa\u010d a\u0161tr\u016bs galiukai \u2013 lengva paimti akis ir megzti kiaurara\u0161\u010dio ra\u0161tus Ergonomi\u0161kas dizainas padeda suma\u017einti rank\u0173 nuovarg\u012f Itin lengvi, gerai nupoliruoti ir glotnaus pavir\u0161iaus [&hellip;]<\/p>\n","protected":false},"featured_media":8622,"comment_status":"open","ping_status":"closed","template":"","meta":{"_acf_changed":false},"product_brand":[1639],"product_cat":[15,19,862],"product_tag":[30],"pro-kategorijos":[],"class_list":{"0":"post-8614","1":"product","2":"type-product","3":"status-publish","4":"has-post-thumbnail","6":"product_brand-lotus-yarns","7":"product_cat-visi-produktai","8":"product_cat-mezgimo-priemones","9":"product_cat-virbalai-su-valu","10":"product_tag-naujiena","12":"first","13":"instock","14":"shipping-taxable","15":"purchasable","16":"product-type-variable"},"acf":[],"yoast_head":"<!-- This site is optimized with the Yoast SEO plugin v26.8 - https:\/\/yoast.com\/product\/yoast-seo-wordpress\/ -->\n<title>Lotus Yarns Himalaya virbalai su valu 80 cm - Happyinaknit.com<\/title>\n<meta name=\"robots\" content=\"index, follow, max-snippet:-1, max-image-preview:large, max-video-preview:-1\" \/>\n<link rel=\"canonical\" href=\"https:\/\/happyinaknit.com\/en\/product\/lotus-yarns-himalaya-virbalai-su-valu-80-cm\/\" \/>\n<meta property=\"og:locale\" content=\"en_US\" \/>\n<meta property=\"og:type\" content=\"article\" \/>\n<meta property=\"og:title\" content=\"Lotus Yarns Himalaya virbalai su valu 80 cm - Happyinaknit.com\" \/>\n<meta property=\"og:description\" content=\"Virbalai su valu \u00a080 cm \u00a0\u2013 lengvi, glotn\u016bs ir patog\u016bs virbalai, puikiai tinkantys tiek kiaurara\u0161\u010dio ra\u0161tams, tiek didesniems mezginiams. Savyb\u0117s: Bendras ilgis: 80 cm Pagaminti i\u0161 auk\u0161tos kokyb\u0117s 304 ner\u016bdijan\u010dio plieno Ypa\u010d a\u0161tr\u016bs galiukai \u2013 lengva paimti akis ir megzti kiaurara\u0161\u010dio ra\u0161tus Ergonomi\u0161kas dizainas padeda suma\u017einti rank\u0173 nuovarg\u012f Itin lengvi, gerai nupoliruoti ir glotnaus pavir\u0161iaus [&hellip;]\" \/>\n<meta property=\"og:url\" content=\"https:\/\/happyinaknit.com\/en\/product\/lotus-yarns-himalaya-virbalai-su-valu-80-cm\/\" \/>\n<meta property=\"og:site_name\" content=\"Happyinaknit.com\" \/>\n<meta property=\"article:modified_time\" content=\"2026-04-28T13:31:26+00:00\" \/>\n<meta property=\"og:image\" content=\"https:\/\/happyinaknit.com\/wp-content\/uploads\/2026\/04\/626A2ADE-B275-4985-857D-160D37CF71BB.png\" \/>\n\t<meta property=\"og:image:width\" content=\"1254\" \/>\n\t<meta property=\"og:image:height\" content=\"1254\" \/>\n\t<meta property=\"og:image:type\" content=\"image\/png\" \/>\n<meta name=\"twitter:card\" content=\"summary_large_image\" \/>\n<meta name=\"twitter:label1\" content=\"Est. reading time\" \/>\n\t<meta name=\"twitter:data1\" content=\"1 minute\" \/>\n<script type=\"application\/ld+json\" class=\"yoast-schema-graph\">{\"@context\":\"https:\/\/schema.org\",\"@graph\":[{\"@type\":\"WebPage\",\"@id\":\"https:\/\/happyinaknit.com\/produktas\/lotus-yarns-himalaya-virbalai-su-valu-80-cm\/\",\"url\":\"https:\/\/happyinaknit.com\/produktas\/lotus-yarns-himalaya-virbalai-su-valu-80-cm\/\",\"name\":\"Lotus Yarns Himalaya virbalai su valu 80 cm - Happyinaknit.com\",\"isPartOf\":{\"@id\":\"https:\/\/happyinaknit.com\/lt\/#website\"},\"primaryImageOfPage\":{\"@id\":\"https:\/\/happyinaknit.com\/produktas\/lotus-yarns-himalaya-virbalai-su-valu-80-cm\/#primaryimage\"},\"image\":{\"@id\":\"https:\/\/happyinaknit.com\/produktas\/lotus-yarns-himalaya-virbalai-su-valu-80-cm\/#primaryimage\"},\"thumbnailUrl\":\"https:\/\/happyinaknit.com\/wp-content\/uploads\/2026\/04\/626A2ADE-B275-4985-857D-160D37CF71BB.png\",\"datePublished\":\"2026-04-28T06:49:23+00:00\",\"dateModified\":\"2026-04-28T13:31:26+00:00\",\"breadcrumb\":{\"@id\":\"https:\/\/happyinaknit.com\/produktas\/lotus-yarns-himalaya-virbalai-su-valu-80-cm\/#breadcrumb\"},\"inLanguage\":\"en-US\",\"potentialAction\":[{\"@type\":\"ReadAction\",\"target\":[\"https:\/\/happyinaknit.com\/produktas\/lotus-yarns-himalaya-virbalai-su-valu-80-cm\/\"]}]},{\"@type\":\"ImageObject\",\"inLanguage\":\"en-US\",\"@id\":\"https:\/\/happyinaknit.com\/produktas\/lotus-yarns-himalaya-virbalai-su-valu-80-cm\/#primaryimage\",\"url\":\"https:\/\/happyinaknit.com\/wp-content\/uploads\/2026\/04\/626A2ADE-B275-4985-857D-160D37CF71BB.png\",\"contentUrl\":\"https:\/\/happyinaknit.com\/wp-content\/uploads\/2026\/04\/626A2ADE-B275-4985-857D-160D37CF71BB.png\",\"width\":1254,\"height\":1254},{\"@type\":\"BreadcrumbList\",\"@id\":\"https:\/\/happyinaknit.com\/produktas\/lotus-yarns-himalaya-virbalai-su-valu-80-cm\/#breadcrumb\",\"itemListElement\":[{\"@type\":\"ListItem\",\"position\":1,\"name\":\"Home\",\"item\":\"https:\/\/happyinaknit.com\/lt\/\"},{\"@type\":\"ListItem\",\"position\":2,\"name\":\"Parduotuv\u0117\",\"item\":\"https:\/\/happyinaknit.com\/lt\/parduotuve\/\"},{\"@type\":\"ListItem\",\"position\":3,\"name\":\"Lotus Yarns Himalaya virbalai su valu 80 cm\"}]},{\"@type\":\"WebSite\",\"@id\":\"https:\/\/happyinaknit.com\/lt\/#website\",\"url\":\"https:\/\/happyinaknit.com\/lt\/\",\"name\":\"Happyinaknit.com\",\"description\":\"\",\"potentialAction\":[{\"@type\":\"SearchAction\",\"target\":{\"@type\":\"EntryPoint\",\"urlTemplate\":\"https:\/\/happyinaknit.com\/lt\/?s={search_term_string}\"},\"query-input\":{\"@type\":\"PropertyValueSpecification\",\"valueRequired\":true,\"valueName\":\"search_term_string\"}}],\"inLanguage\":\"en-US\"}]}<\/script>\n<!-- \/ Yoast SEO plugin. -->","yoast_head_json":{"title":"Lotus Yarns Himalaya virbalai su valu 80 cm - Happyinaknit.com","robots":{"index":"index","follow":"follow","max-snippet":"max-snippet:-1","max-image-preview":"max-image-preview:large","max-video-preview":"max-video-preview:-1"},"canonical":"https:\/\/happyinaknit.com\/en\/product\/lotus-yarns-himalaya-virbalai-su-valu-80-cm\/","og_locale":"en_US","og_type":"article","og_title":"Lotus Yarns Himalaya virbalai su valu 80 cm - Happyinaknit.com","og_description":"Virbalai su valu \u00a080 cm \u00a0\u2013 lengvi, glotn\u016bs ir patog\u016bs virbalai, puikiai tinkantys tiek kiaurara\u0161\u010dio ra\u0161tams, tiek didesniems mezginiams. Savyb\u0117s: Bendras ilgis: 80 cm Pagaminti i\u0161 auk\u0161tos kokyb\u0117s 304 ner\u016bdijan\u010dio plieno Ypa\u010d a\u0161tr\u016bs galiukai \u2013 lengva paimti akis ir megzti kiaurara\u0161\u010dio ra\u0161tus Ergonomi\u0161kas dizainas padeda suma\u017einti rank\u0173 nuovarg\u012f Itin lengvi, gerai nupoliruoti ir glotnaus pavir\u0161iaus [&hellip;]","og_url":"https:\/\/happyinaknit.com\/en\/product\/lotus-yarns-himalaya-virbalai-su-valu-80-cm\/","og_site_name":"Happyinaknit.com","article_modified_time":"2026-04-28T13:31:26+00:00","og_image":[{"width":1254,"height":1254,"url":"https:\/\/happyinaknit.com\/wp-content\/uploads\/2026\/04\/626A2ADE-B275-4985-857D-160D37CF71BB.png","type":"image\/png"}],"twitter_card":"summary_large_image","twitter_misc":{"Est. reading time":"1 minute"},"schema":{"@context":"https:\/\/schema.org","@graph":[{"@type":"WebPage","@id":"https:\/\/happyinaknit.com\/produktas\/lotus-yarns-himalaya-virbalai-su-valu-80-cm\/","url":"https:\/\/happyinaknit.com\/produktas\/lotus-yarns-himalaya-virbalai-su-valu-80-cm\/","name":"Lotus Yarns Himalaya virbalai su valu 80 cm - Happyinaknit.com","isPartOf":{"@id":"https:\/\/happyinaknit.com\/lt\/#website"},"primaryImageOfPage":{"@id":"https:\/\/happyinaknit.com\/produktas\/lotus-yarns-himalaya-virbalai-su-valu-80-cm\/#primaryimage"},"image":{"@id":"https:\/\/happyinaknit.com\/produktas\/lotus-yarns-himalaya-virbalai-su-valu-80-cm\/#primaryimage"},"thumbnailUrl":"https:\/\/happyinaknit.com\/wp-content\/uploads\/2026\/04\/626A2ADE-B275-4985-857D-160D37CF71BB.png","datePublished":"2026-04-28T06:49:23+00:00","dateModified":"2026-04-28T13:31:26+00:00","breadcrumb":{"@id":"https:\/\/happyinaknit.com\/produktas\/lotus-yarns-himalaya-virbalai-su-valu-80-cm\/#breadcrumb"},"inLanguage":"en-US","potentialAction":[{"@type":"ReadAction","target":["https:\/\/happyinaknit.com\/produktas\/lotus-yarns-himalaya-virbalai-su-valu-80-cm\/"]}]},{"@type":"ImageObject","inLanguage":"en-US","@id":"https:\/\/happyinaknit.com\/produktas\/lotus-yarns-himalaya-virbalai-su-valu-80-cm\/#primaryimage","url":"https:\/\/happyinaknit.com\/wp-content\/uploads\/2026\/04\/626A2ADE-B275-4985-857D-160D37CF71BB.png","contentUrl":"https:\/\/happyinaknit.com\/wp-content\/uploads\/2026\/04\/626A2ADE-B275-4985-857D-160D37CF71BB.png","width":1254,"height":1254},{"@type":"BreadcrumbList","@id":"https:\/\/happyinaknit.com\/produktas\/lotus-yarns-himalaya-virbalai-su-valu-80-cm\/#breadcrumb","itemListElement":[{"@type":"ListItem","position":1,"name":"Home","item":"https:\/\/happyinaknit.com\/lt\/"},{"@type":"ListItem","position":2,"name":"Parduotuv\u0117","item":"https:\/\/happyinaknit.com\/lt\/parduotuve\/"},{"@type":"ListItem","position":3,"name":"Lotus Yarns Himalaya virbalai su valu 80 cm"}]},{"@type":"WebSite","@id":"https:\/\/happyinaknit.com\/lt\/#website","url":"https:\/\/happyinaknit.com\/lt\/","name":"Happyinaknit.com","description":"","potentialAction":[{"@type":"SearchAction","target":{"@type":"EntryPoint","urlTemplate":"https:\/\/happyinaknit.com\/lt\/?s={search_term_string}"},"query-input":{"@type":"PropertyValueSpecification","valueRequired":true,"valueName":"search_term_string"}}],"inLanguage":"en-US"}]}},"_links":{"self":[{"href":"https:\/\/happyinaknit.com\/en\/wp-json\/wp\/v2\/product\/8614","targetHints":{"allow":["GET"]}}],"collection":[{"href":"https:\/\/happyinaknit.com\/en\/wp-json\/wp\/v2\/product"}],"about":[{"href":"https:\/\/happyinaknit.com\/en\/wp-json\/wp\/v2\/types\/product"}],"replies":[{"embeddable":true,"href":"https:\/\/happyinaknit.com\/en\/wp-json\/wp\/v2\/comments?post=8614"}],"wp:featuredmedia":[{"embeddable":true,"href":"https:\/\/happyinaknit.com\/en\/wp-json\/wp\/v2\/media\/8622"}],"wp:attachment":[{"href":"https:\/\/happyinaknit.com\/en\/wp-json\/wp\/v2\/media?parent=8614"}],"wp:term":[{"taxonomy":"product_brand","embeddable":true,"href":"https:\/\/happyinaknit.com\/en\/wp-json\/wp\/v2\/product_brand?post=8614"},{"taxonomy":"product_cat","embeddable":true,"href":"https:\/\/happyinaknit.com\/en\/wp-json\/wp\/v2\/product_cat?post=8614"},{"taxonomy":"product_tag","embeddable":true,"href":"https:\/\/happyinaknit.com\/en\/wp-json\/wp\/v2\/product_tag?post=8614"},{"taxonomy":"pro-kategorijos","embeddable":true,"href":"https:\/\/happyinaknit.com\/en\/wp-json\/wp\/v2\/pro-kategorijos?post=8614"}],"curies":[{"name":"wp","href":"https:\/\/api.w.org\/{rel}","templated":true}]}}