{"id":8576,"date":"2026-04-27T20:54:50","date_gmt":"2026-04-27T20:54:50","guid":{"rendered":"https:\/\/happyinaknit.com\/?post_type=product&#038;p=8576"},"modified":"2026-05-06T15:26:31","modified_gmt":"2026-05-06T15:26:31","slug":"lotus-yarns-naturalios-odos-deklai-prisukamiems-virbalams","status":"publish","type":"product","link":"https:\/\/happyinaknit.com\/en\/product\/lotus-yarns-naturalios-odos-deklai-prisukamiems-virbalams\/","title":{"rendered":"Lotus Yarns Genuine Leather Interchangeable Needles Cases"},"content":{"rendered":"<p><b>Genuine leather cases for screwed bells <\/b>\u00a0- Elegant and durable cases for convenient storage and organisation of your knitting tools. Handmade from high quality genuine leather that ages beautifully and adds even more character over time.<\/p>\n<p><b>Features:<\/b><b><\/b><\/p>\n<ul>\n<li>Made of high quality genuine leather<\/li>\n<li>Handmade, durable and aesthetic<\/li>\n<li>For convenient storage of ropes and accessories<\/li>\n<li>Avoids confusion and makes it easy to find the right size<\/li>\n<li>Compact and easy to carry<\/li>\n<li>The perfect gift for both beginners and advanced knitters<\/li>\n<li>Packaging: black velvet bag with drawstring<\/li>\n<\/ul>\n<p><b>\u00a0Zipped pouch:<\/b><b><\/b><\/p>\n<ul>\n<li>11 compartments for short screwed cords (2.75 mm to 6.0 mm) + 1 additional space<\/li>\n<li>4 pockets for boats and accessories<\/li>\n<li>Sizes of cords marked with gold foil stamp<\/li>\n<li>Size of the closed case: 10.5 \u00d7 17.5 cm<\/li>\n<li>Size of open case: 21.5 \u00d7 17.5 cm<\/li>\n<\/ul>\n<p>&nbsp;<\/p>\n<p><b>Note:<\/b><b><\/b><\/p>\n<p>Natural leather can have subtle differences in texture - this is part of its authenticity.<\/p>","protected":false},"excerpt":{"rendered":"<p>Nat\u016bralios odos d\u0117klai prisukamiems virbalams \u00a0\u2013 eleganti\u0161ki ir ilgaam\u017eiai d\u0117klai, skirti patogiai laikyti bei organizuoti j\u016bs\u0173 mezgimo \u012frankius. Rank\u0173 darbo gaminiai i\u0161 auk\u0161tos kokyb\u0117s nat\u016bralios odos, kuri laikui b\u0117gant gra\u017eiai sensta ir \u012fgauna dar daugiau charakterio. Savyb\u0117s: Pagaminti i\u0161 auk\u0161tos kokyb\u0117s nat\u016bralios odos Rank\u0173 darbo, ilgaam\u017eiai ir esteti\u0161ki Skirti patogiam virbal\u0173 su valu ir pried\u0173 [&hellip;]<\/p>\n","protected":false},"featured_media":8581,"comment_status":"open","ping_status":"closed","template":"","meta":{"_acf_changed":false},"product_brand":[1639],"product_cat":[15,1079,20],"product_tag":[30],"pro-kategorijos":[],"class_list":{"0":"post-8576","1":"product","2":"type-product","3":"status-publish","4":"has-post-thumbnail","6":"product_brand-lotus-yarns","7":"product_cat-visi-produktai","8":"product_cat-deklai","9":"product_cat-priedai-mezgimui","10":"product_tag-naujiena","12":"first","13":"outofstock","14":"shipping-taxable","15":"purchasable","16":"product-type-simple"},"acf":[],"yoast_head":"<!-- This site is optimized with the Yoast SEO plugin v26.8 - https:\/\/yoast.com\/product\/yoast-seo-wordpress\/ -->\n<title>Lotus Yarns nat\u016bralios odos d\u0117klai prisukamiems virbalams - Happyinaknit.com<\/title>\n<meta name=\"robots\" content=\"index, follow, max-snippet:-1, max-image-preview:large, max-video-preview:-1\" \/>\n<link rel=\"canonical\" href=\"https:\/\/happyinaknit.com\/en\/product\/lotus-yarns-naturalios-odos-deklai-prisukamiems-virbalams\/\" \/>\n<meta property=\"og:locale\" content=\"en_US\" \/>\n<meta property=\"og:type\" content=\"article\" \/>\n<meta property=\"og:title\" content=\"Lotus Yarns nat\u016bralios odos d\u0117klai prisukamiems virbalams - Happyinaknit.com\" \/>\n<meta property=\"og:description\" content=\"Nat\u016bralios odos d\u0117klai prisukamiems virbalams \u00a0\u2013 eleganti\u0161ki ir ilgaam\u017eiai d\u0117klai, skirti patogiai laikyti bei organizuoti j\u016bs\u0173 mezgimo \u012frankius. Rank\u0173 darbo gaminiai i\u0161 auk\u0161tos kokyb\u0117s nat\u016bralios odos, kuri laikui b\u0117gant gra\u017eiai sensta ir \u012fgauna dar daugiau charakterio. Savyb\u0117s: Pagaminti i\u0161 auk\u0161tos kokyb\u0117s nat\u016bralios odos Rank\u0173 darbo, ilgaam\u017eiai ir esteti\u0161ki Skirti patogiam virbal\u0173 su valu ir pried\u0173 [&hellip;]\" \/>\n<meta property=\"og:url\" content=\"https:\/\/happyinaknit.com\/en\/product\/lotus-yarns-naturalios-odos-deklai-prisukamiems-virbalams\/\" \/>\n<meta property=\"og:site_name\" content=\"Happyinaknit.com\" \/>\n<meta property=\"article:modified_time\" content=\"2026-05-06T15:26:31+00:00\" \/>\n<meta property=\"og:image\" content=\"https:\/\/happyinaknit.com\/wp-content\/uploads\/2026\/04\/1001_4b945c5d-7601-4528-be75-a67fac480b63.jpg.webp\" \/>\n\t<meta property=\"og:image:width\" content=\"1100\" \/>\n\t<meta property=\"og:image:height\" content=\"1100\" \/>\n\t<meta property=\"og:image:type\" content=\"image\/webp\" \/>\n<meta name=\"twitter:card\" content=\"summary_large_image\" \/>\n<meta name=\"twitter:label1\" content=\"Est. reading time\" \/>\n\t<meta name=\"twitter:data1\" content=\"1 minute\" \/>\n<script type=\"application\/ld+json\" class=\"yoast-schema-graph\">{\"@context\":\"https:\/\/schema.org\",\"@graph\":[{\"@type\":\"WebPage\",\"@id\":\"https:\/\/happyinaknit.com\/produktas\/lotus-yarns-naturalios-odos-deklai-prisukamiems-virbalams\/\",\"url\":\"https:\/\/happyinaknit.com\/produktas\/lotus-yarns-naturalios-odos-deklai-prisukamiems-virbalams\/\",\"name\":\"Lotus Yarns nat\u016bralios odos d\u0117klai prisukamiems virbalams - Happyinaknit.com\",\"isPartOf\":{\"@id\":\"https:\/\/happyinaknit.com\/lt\/#website\"},\"primaryImageOfPage\":{\"@id\":\"https:\/\/happyinaknit.com\/produktas\/lotus-yarns-naturalios-odos-deklai-prisukamiems-virbalams\/#primaryimage\"},\"image\":{\"@id\":\"https:\/\/happyinaknit.com\/produktas\/lotus-yarns-naturalios-odos-deklai-prisukamiems-virbalams\/#primaryimage\"},\"thumbnailUrl\":\"https:\/\/happyinaknit.com\/wp-content\/uploads\/2026\/04\/1001_4b945c5d-7601-4528-be75-a67fac480b63.jpg.webp\",\"datePublished\":\"2026-04-27T20:54:50+00:00\",\"dateModified\":\"2026-05-06T15:26:31+00:00\",\"breadcrumb\":{\"@id\":\"https:\/\/happyinaknit.com\/produktas\/lotus-yarns-naturalios-odos-deklai-prisukamiems-virbalams\/#breadcrumb\"},\"inLanguage\":\"en-US\",\"potentialAction\":[{\"@type\":\"ReadAction\",\"target\":[\"https:\/\/happyinaknit.com\/produktas\/lotus-yarns-naturalios-odos-deklai-prisukamiems-virbalams\/\"]}]},{\"@type\":\"ImageObject\",\"inLanguage\":\"en-US\",\"@id\":\"https:\/\/happyinaknit.com\/produktas\/lotus-yarns-naturalios-odos-deklai-prisukamiems-virbalams\/#primaryimage\",\"url\":\"https:\/\/happyinaknit.com\/wp-content\/uploads\/2026\/04\/1001_4b945c5d-7601-4528-be75-a67fac480b63.jpg.webp\",\"contentUrl\":\"https:\/\/happyinaknit.com\/wp-content\/uploads\/2026\/04\/1001_4b945c5d-7601-4528-be75-a67fac480b63.jpg.webp\",\"width\":1100,\"height\":1100},{\"@type\":\"BreadcrumbList\",\"@id\":\"https:\/\/happyinaknit.com\/produktas\/lotus-yarns-naturalios-odos-deklai-prisukamiems-virbalams\/#breadcrumb\",\"itemListElement\":[{\"@type\":\"ListItem\",\"position\":1,\"name\":\"Home\",\"item\":\"https:\/\/happyinaknit.com\/lt\/\"},{\"@type\":\"ListItem\",\"position\":2,\"name\":\"Parduotuv\u0117\",\"item\":\"https:\/\/happyinaknit.com\/lt\/parduotuve\/\"},{\"@type\":\"ListItem\",\"position\":3,\"name\":\"Lotus Yarns nat\u016bralios odos d\u0117klai prisukamiems virbalams\"}]},{\"@type\":\"WebSite\",\"@id\":\"https:\/\/happyinaknit.com\/lt\/#website\",\"url\":\"https:\/\/happyinaknit.com\/lt\/\",\"name\":\"Happyinaknit.com\",\"description\":\"\",\"potentialAction\":[{\"@type\":\"SearchAction\",\"target\":{\"@type\":\"EntryPoint\",\"urlTemplate\":\"https:\/\/happyinaknit.com\/lt\/?s={search_term_string}\"},\"query-input\":{\"@type\":\"PropertyValueSpecification\",\"valueRequired\":true,\"valueName\":\"search_term_string\"}}],\"inLanguage\":\"en-US\"}]}<\/script>\n<!-- \/ Yoast SEO plugin. -->","yoast_head_json":{"title":"Lotus Yarns nat\u016bralios odos d\u0117klai prisukamiems virbalams - Happyinaknit.com","robots":{"index":"index","follow":"follow","max-snippet":"max-snippet:-1","max-image-preview":"max-image-preview:large","max-video-preview":"max-video-preview:-1"},"canonical":"https:\/\/happyinaknit.com\/en\/product\/lotus-yarns-naturalios-odos-deklai-prisukamiems-virbalams\/","og_locale":"en_US","og_type":"article","og_title":"Lotus Yarns nat\u016bralios odos d\u0117klai prisukamiems virbalams - Happyinaknit.com","og_description":"Nat\u016bralios odos d\u0117klai prisukamiems virbalams \u00a0\u2013 eleganti\u0161ki ir ilgaam\u017eiai d\u0117klai, skirti patogiai laikyti bei organizuoti j\u016bs\u0173 mezgimo \u012frankius. Rank\u0173 darbo gaminiai i\u0161 auk\u0161tos kokyb\u0117s nat\u016bralios odos, kuri laikui b\u0117gant gra\u017eiai sensta ir \u012fgauna dar daugiau charakterio. Savyb\u0117s: Pagaminti i\u0161 auk\u0161tos kokyb\u0117s nat\u016bralios odos Rank\u0173 darbo, ilgaam\u017eiai ir esteti\u0161ki Skirti patogiam virbal\u0173 su valu ir pried\u0173 [&hellip;]","og_url":"https:\/\/happyinaknit.com\/en\/product\/lotus-yarns-naturalios-odos-deklai-prisukamiems-virbalams\/","og_site_name":"Happyinaknit.com","article_modified_time":"2026-05-06T15:26:31+00:00","og_image":[{"width":1100,"height":1100,"url":"https:\/\/happyinaknit.com\/wp-content\/uploads\/2026\/04\/1001_4b945c5d-7601-4528-be75-a67fac480b63.jpg.webp","type":"image\/webp"}],"twitter_card":"summary_large_image","twitter_misc":{"Est. reading time":"1 minute"},"schema":{"@context":"https:\/\/schema.org","@graph":[{"@type":"WebPage","@id":"https:\/\/happyinaknit.com\/produktas\/lotus-yarns-naturalios-odos-deklai-prisukamiems-virbalams\/","url":"https:\/\/happyinaknit.com\/produktas\/lotus-yarns-naturalios-odos-deklai-prisukamiems-virbalams\/","name":"Lotus Yarns nat\u016bralios odos d\u0117klai prisukamiems virbalams - Happyinaknit.com","isPartOf":{"@id":"https:\/\/happyinaknit.com\/lt\/#website"},"primaryImageOfPage":{"@id":"https:\/\/happyinaknit.com\/produktas\/lotus-yarns-naturalios-odos-deklai-prisukamiems-virbalams\/#primaryimage"},"image":{"@id":"https:\/\/happyinaknit.com\/produktas\/lotus-yarns-naturalios-odos-deklai-prisukamiems-virbalams\/#primaryimage"},"thumbnailUrl":"https:\/\/happyinaknit.com\/wp-content\/uploads\/2026\/04\/1001_4b945c5d-7601-4528-be75-a67fac480b63.jpg.webp","datePublished":"2026-04-27T20:54:50+00:00","dateModified":"2026-05-06T15:26:31+00:00","breadcrumb":{"@id":"https:\/\/happyinaknit.com\/produktas\/lotus-yarns-naturalios-odos-deklai-prisukamiems-virbalams\/#breadcrumb"},"inLanguage":"en-US","potentialAction":[{"@type":"ReadAction","target":["https:\/\/happyinaknit.com\/produktas\/lotus-yarns-naturalios-odos-deklai-prisukamiems-virbalams\/"]}]},{"@type":"ImageObject","inLanguage":"en-US","@id":"https:\/\/happyinaknit.com\/produktas\/lotus-yarns-naturalios-odos-deklai-prisukamiems-virbalams\/#primaryimage","url":"https:\/\/happyinaknit.com\/wp-content\/uploads\/2026\/04\/1001_4b945c5d-7601-4528-be75-a67fac480b63.jpg.webp","contentUrl":"https:\/\/happyinaknit.com\/wp-content\/uploads\/2026\/04\/1001_4b945c5d-7601-4528-be75-a67fac480b63.jpg.webp","width":1100,"height":1100},{"@type":"BreadcrumbList","@id":"https:\/\/happyinaknit.com\/produktas\/lotus-yarns-naturalios-odos-deklai-prisukamiems-virbalams\/#breadcrumb","itemListElement":[{"@type":"ListItem","position":1,"name":"Home","item":"https:\/\/happyinaknit.com\/lt\/"},{"@type":"ListItem","position":2,"name":"Parduotuv\u0117","item":"https:\/\/happyinaknit.com\/lt\/parduotuve\/"},{"@type":"ListItem","position":3,"name":"Lotus Yarns nat\u016bralios odos d\u0117klai prisukamiems virbalams"}]},{"@type":"WebSite","@id":"https:\/\/happyinaknit.com\/lt\/#website","url":"https:\/\/happyinaknit.com\/lt\/","name":"Happyinaknit.com","description":"","potentialAction":[{"@type":"SearchAction","target":{"@type":"EntryPoint","urlTemplate":"https:\/\/happyinaknit.com\/lt\/?s={search_term_string}"},"query-input":{"@type":"PropertyValueSpecification","valueRequired":true,"valueName":"search_term_string"}}],"inLanguage":"en-US"}]}},"_links":{"self":[{"href":"https:\/\/happyinaknit.com\/en\/wp-json\/wp\/v2\/product\/8576","targetHints":{"allow":["GET"]}}],"collection":[{"href":"https:\/\/happyinaknit.com\/en\/wp-json\/wp\/v2\/product"}],"about":[{"href":"https:\/\/happyinaknit.com\/en\/wp-json\/wp\/v2\/types\/product"}],"replies":[{"embeddable":true,"href":"https:\/\/happyinaknit.com\/en\/wp-json\/wp\/v2\/comments?post=8576"}],"wp:featuredmedia":[{"embeddable":true,"href":"https:\/\/happyinaknit.com\/en\/wp-json\/wp\/v2\/media\/8581"}],"wp:attachment":[{"href":"https:\/\/happyinaknit.com\/en\/wp-json\/wp\/v2\/media?parent=8576"}],"wp:term":[{"taxonomy":"product_brand","embeddable":true,"href":"https:\/\/happyinaknit.com\/en\/wp-json\/wp\/v2\/product_brand?post=8576"},{"taxonomy":"product_cat","embeddable":true,"href":"https:\/\/happyinaknit.com\/en\/wp-json\/wp\/v2\/product_cat?post=8576"},{"taxonomy":"product_tag","embeddable":true,"href":"https:\/\/happyinaknit.com\/en\/wp-json\/wp\/v2\/product_tag?post=8576"},{"taxonomy":"pro-kategorijos","embeddable":true,"href":"https:\/\/happyinaknit.com\/en\/wp-json\/wp\/v2\/pro-kategorijos?post=8576"}],"curies":[{"name":"wp","href":"https:\/\/api.w.org\/{rel}","templated":true}]}}