{"id":8422,"date":"2026-04-20T13:34:37","date_gmt":"2026-04-20T13:34:37","guid":{"rendered":"https:\/\/happyinaknit.com\/?post_type=product&#038;p=8422"},"modified":"2026-04-20T13:34:39","modified_gmt":"2026-04-20T13:34:39","slug":"lang-yarns-cotton-tweed","status":"publish","type":"product","link":"https:\/\/happyinaknit.com\/en\/product\/lang-yarns-cotton-tweed\/","title":{"rendered":"Lang Yarns COTTON TWEED"},"content":{"rendered":"<p><b>COTTON TWEED<\/b> - A summery tweed yarn with a very soft, buttery feel and a naturally rustic look. Perfect for light and stylish summer knits.<\/p>\n<p><b>Composition: <\/b><b><\/b>67% cotton, 24% silk, 9% polyester<\/p>\n<p><b>Weight\/Length: <\/b>50 g - 130 m<\/p>\n<p><b>Recommended needles: <\/b><b><\/b>\u00a03.5-4mm<\/p>\n<p><b>Density: <\/b><b><\/b>10 \u00d7 10 cm - 26 stitches \u00d7 19 rows<\/p>\n<p><b>Care:<\/b><b><\/b><\/p>\n<p>Gentle hand washing is recommended, and drying after rubbing.<\/p>\n<p><b>Note:<\/b><b><\/b><\/p>\n<p>Color shades may vary slightly depending on your device&#039;s screen.<\/p>","protected":false},"excerpt":{"rendered":"<p>COTTON TWEED \u2014 vasari\u0161kas tvido tipo si\u016blas su itin \u0161velniu, \u201esviestiniu\u201c poj\u016b\u010diu ir nat\u016braliai rusti\u0161ka i\u0161vaizda. Puikiai tinka lengviems ir stilingiems vasaros mezginiams. Sud\u0117tis: 67% medviln\u0117, 24% \u0161ilkas, 9% poliesteris Svoris \/ ilgis: 50 g &#8211; 130 m Rekomenduojami virbalai: \u00a03,5\u20134 mm Tankumas: 10 \u00d7 10 cm \u2013 26 akys \u00d7 19 eil\u0117s Prie\u017ei\u016bra: Rekomenduojamas [&hellip;]<\/p>\n","protected":false},"featured_media":8420,"comment_status":"open","ping_status":"closed","template":"","meta":{"_acf_changed":false},"product_brand":[],"product_cat":[15],"product_tag":[30],"pro-kategorijos":[],"class_list":{"0":"post-8422","1":"product","2":"type-product","3":"status-publish","4":"has-post-thumbnail","6":"product_cat-visi-produktai","7":"product_tag-naujiena","9":"first","10":"instock","11":"shipping-taxable","12":"purchasable","13":"product-type-variable"},"acf":[],"yoast_head":"<!-- This site is optimized with the Yoast SEO plugin v26.8 - https:\/\/yoast.com\/product\/yoast-seo-wordpress\/ -->\n<title>Lang Yarns COTTON TWEED - Happyinaknit.com<\/title>\n<meta name=\"robots\" content=\"index, follow, max-snippet:-1, max-image-preview:large, max-video-preview:-1\" \/>\n<link rel=\"canonical\" href=\"https:\/\/happyinaknit.com\/en\/product\/lang-yarns-cotton-tweed\/\" \/>\n<meta property=\"og:locale\" content=\"en_US\" \/>\n<meta property=\"og:type\" content=\"article\" \/>\n<meta property=\"og:title\" content=\"Lang Yarns COTTON TWEED - Happyinaknit.com\" \/>\n<meta property=\"og:description\" content=\"COTTON TWEED \u2014 vasari\u0161kas tvido tipo si\u016blas su itin \u0161velniu, \u201esviestiniu\u201c poj\u016b\u010diu ir nat\u016braliai rusti\u0161ka i\u0161vaizda. Puikiai tinka lengviems ir stilingiems vasaros mezginiams. Sud\u0117tis: 67% medviln\u0117, 24% \u0161ilkas, 9% poliesteris Svoris \/ ilgis: 50 g &#8211; 130 m Rekomenduojami virbalai: \u00a03,5\u20134 mm Tankumas: 10 \u00d7 10 cm \u2013 26 akys \u00d7 19 eil\u0117s Prie\u017ei\u016bra: Rekomenduojamas [&hellip;]\" \/>\n<meta property=\"og:url\" content=\"https:\/\/happyinaknit.com\/en\/product\/lang-yarns-cotton-tweed\/\" \/>\n<meta property=\"og:site_name\" content=\"Happyinaknit.com\" \/>\n<meta property=\"article:modified_time\" content=\"2026-04-20T13:34:39+00:00\" \/>\n<meta property=\"og:image\" content=\"https:\/\/happyinaknit.com\/wp-content\/uploads\/2026\/04\/1178_0094_LANGYARNS_CottonTweed_800_B.jpg\" \/>\n\t<meta property=\"og:image:width\" content=\"800\" \/>\n\t<meta property=\"og:image:height\" content=\"800\" \/>\n\t<meta property=\"og:image:type\" content=\"image\/jpeg\" \/>\n<meta name=\"twitter:card\" content=\"summary_large_image\" \/>\n<meta name=\"twitter:label1\" content=\"Est. reading time\" \/>\n\t<meta name=\"twitter:data1\" content=\"1 minute\" \/>\n<script type=\"application\/ld+json\" class=\"yoast-schema-graph\">{\"@context\":\"https:\/\/schema.org\",\"@graph\":[{\"@type\":\"WebPage\",\"@id\":\"https:\/\/happyinaknit.com\/produktas\/lang-yarns-cotton-tweed\/\",\"url\":\"https:\/\/happyinaknit.com\/produktas\/lang-yarns-cotton-tweed\/\",\"name\":\"Lang Yarns COTTON TWEED - Happyinaknit.com\",\"isPartOf\":{\"@id\":\"https:\/\/happyinaknit.com\/lt\/#website\"},\"primaryImageOfPage\":{\"@id\":\"https:\/\/happyinaknit.com\/produktas\/lang-yarns-cotton-tweed\/#primaryimage\"},\"image\":{\"@id\":\"https:\/\/happyinaknit.com\/produktas\/lang-yarns-cotton-tweed\/#primaryimage\"},\"thumbnailUrl\":\"https:\/\/happyinaknit.com\/wp-content\/uploads\/2026\/04\/1178_0094_LANGYARNS_CottonTweed_800_B.jpg\",\"datePublished\":\"2026-04-20T13:34:37+00:00\",\"dateModified\":\"2026-04-20T13:34:39+00:00\",\"breadcrumb\":{\"@id\":\"https:\/\/happyinaknit.com\/produktas\/lang-yarns-cotton-tweed\/#breadcrumb\"},\"inLanguage\":\"en-US\",\"potentialAction\":[{\"@type\":\"ReadAction\",\"target\":[\"https:\/\/happyinaknit.com\/produktas\/lang-yarns-cotton-tweed\/\"]}]},{\"@type\":\"ImageObject\",\"inLanguage\":\"en-US\",\"@id\":\"https:\/\/happyinaknit.com\/produktas\/lang-yarns-cotton-tweed\/#primaryimage\",\"url\":\"https:\/\/happyinaknit.com\/wp-content\/uploads\/2026\/04\/1178_0094_LANGYARNS_CottonTweed_800_B.jpg\",\"contentUrl\":\"https:\/\/happyinaknit.com\/wp-content\/uploads\/2026\/04\/1178_0094_LANGYARNS_CottonTweed_800_B.jpg\",\"width\":800,\"height\":800},{\"@type\":\"BreadcrumbList\",\"@id\":\"https:\/\/happyinaknit.com\/produktas\/lang-yarns-cotton-tweed\/#breadcrumb\",\"itemListElement\":[{\"@type\":\"ListItem\",\"position\":1,\"name\":\"Home\",\"item\":\"https:\/\/happyinaknit.com\/lt\/\"},{\"@type\":\"ListItem\",\"position\":2,\"name\":\"Parduotuv\u0117\",\"item\":\"https:\/\/happyinaknit.com\/lt\/parduotuve\/\"},{\"@type\":\"ListItem\",\"position\":3,\"name\":\"Lang Yarns COTTON TWEED\"}]},{\"@type\":\"WebSite\",\"@id\":\"https:\/\/happyinaknit.com\/lt\/#website\",\"url\":\"https:\/\/happyinaknit.com\/lt\/\",\"name\":\"Happyinaknit.com\",\"description\":\"\",\"potentialAction\":[{\"@type\":\"SearchAction\",\"target\":{\"@type\":\"EntryPoint\",\"urlTemplate\":\"https:\/\/happyinaknit.com\/lt\/?s={search_term_string}\"},\"query-input\":{\"@type\":\"PropertyValueSpecification\",\"valueRequired\":true,\"valueName\":\"search_term_string\"}}],\"inLanguage\":\"en-US\"}]}<\/script>\n<!-- \/ Yoast SEO plugin. -->","yoast_head_json":{"title":"Lang Yarns COTTON TWEED - Happyinaknit.com","robots":{"index":"index","follow":"follow","max-snippet":"max-snippet:-1","max-image-preview":"max-image-preview:large","max-video-preview":"max-video-preview:-1"},"canonical":"https:\/\/happyinaknit.com\/en\/product\/lang-yarns-cotton-tweed\/","og_locale":"en_US","og_type":"article","og_title":"Lang Yarns COTTON TWEED - Happyinaknit.com","og_description":"COTTON TWEED \u2014 vasari\u0161kas tvido tipo si\u016blas su itin \u0161velniu, \u201esviestiniu\u201c poj\u016b\u010diu ir nat\u016braliai rusti\u0161ka i\u0161vaizda. Puikiai tinka lengviems ir stilingiems vasaros mezginiams. Sud\u0117tis: 67% medviln\u0117, 24% \u0161ilkas, 9% poliesteris Svoris \/ ilgis: 50 g &#8211; 130 m Rekomenduojami virbalai: \u00a03,5\u20134 mm Tankumas: 10 \u00d7 10 cm \u2013 26 akys \u00d7 19 eil\u0117s Prie\u017ei\u016bra: Rekomenduojamas [&hellip;]","og_url":"https:\/\/happyinaknit.com\/en\/product\/lang-yarns-cotton-tweed\/","og_site_name":"Happyinaknit.com","article_modified_time":"2026-04-20T13:34:39+00:00","og_image":[{"width":800,"height":800,"url":"https:\/\/happyinaknit.com\/wp-content\/uploads\/2026\/04\/1178_0094_LANGYARNS_CottonTweed_800_B.jpg","type":"image\/jpeg"}],"twitter_card":"summary_large_image","twitter_misc":{"Est. reading time":"1 minute"},"schema":{"@context":"https:\/\/schema.org","@graph":[{"@type":"WebPage","@id":"https:\/\/happyinaknit.com\/produktas\/lang-yarns-cotton-tweed\/","url":"https:\/\/happyinaknit.com\/produktas\/lang-yarns-cotton-tweed\/","name":"Lang Yarns COTTON TWEED - Happyinaknit.com","isPartOf":{"@id":"https:\/\/happyinaknit.com\/lt\/#website"},"primaryImageOfPage":{"@id":"https:\/\/happyinaknit.com\/produktas\/lang-yarns-cotton-tweed\/#primaryimage"},"image":{"@id":"https:\/\/happyinaknit.com\/produktas\/lang-yarns-cotton-tweed\/#primaryimage"},"thumbnailUrl":"https:\/\/happyinaknit.com\/wp-content\/uploads\/2026\/04\/1178_0094_LANGYARNS_CottonTweed_800_B.jpg","datePublished":"2026-04-20T13:34:37+00:00","dateModified":"2026-04-20T13:34:39+00:00","breadcrumb":{"@id":"https:\/\/happyinaknit.com\/produktas\/lang-yarns-cotton-tweed\/#breadcrumb"},"inLanguage":"en-US","potentialAction":[{"@type":"ReadAction","target":["https:\/\/happyinaknit.com\/produktas\/lang-yarns-cotton-tweed\/"]}]},{"@type":"ImageObject","inLanguage":"en-US","@id":"https:\/\/happyinaknit.com\/produktas\/lang-yarns-cotton-tweed\/#primaryimage","url":"https:\/\/happyinaknit.com\/wp-content\/uploads\/2026\/04\/1178_0094_LANGYARNS_CottonTweed_800_B.jpg","contentUrl":"https:\/\/happyinaknit.com\/wp-content\/uploads\/2026\/04\/1178_0094_LANGYARNS_CottonTweed_800_B.jpg","width":800,"height":800},{"@type":"BreadcrumbList","@id":"https:\/\/happyinaknit.com\/produktas\/lang-yarns-cotton-tweed\/#breadcrumb","itemListElement":[{"@type":"ListItem","position":1,"name":"Home","item":"https:\/\/happyinaknit.com\/lt\/"},{"@type":"ListItem","position":2,"name":"Parduotuv\u0117","item":"https:\/\/happyinaknit.com\/lt\/parduotuve\/"},{"@type":"ListItem","position":3,"name":"Lang Yarns COTTON TWEED"}]},{"@type":"WebSite","@id":"https:\/\/happyinaknit.com\/lt\/#website","url":"https:\/\/happyinaknit.com\/lt\/","name":"Happyinaknit.com","description":"","potentialAction":[{"@type":"SearchAction","target":{"@type":"EntryPoint","urlTemplate":"https:\/\/happyinaknit.com\/lt\/?s={search_term_string}"},"query-input":{"@type":"PropertyValueSpecification","valueRequired":true,"valueName":"search_term_string"}}],"inLanguage":"en-US"}]}},"_links":{"self":[{"href":"https:\/\/happyinaknit.com\/en\/wp-json\/wp\/v2\/product\/8422","targetHints":{"allow":["GET"]}}],"collection":[{"href":"https:\/\/happyinaknit.com\/en\/wp-json\/wp\/v2\/product"}],"about":[{"href":"https:\/\/happyinaknit.com\/en\/wp-json\/wp\/v2\/types\/product"}],"replies":[{"embeddable":true,"href":"https:\/\/happyinaknit.com\/en\/wp-json\/wp\/v2\/comments?post=8422"}],"wp:featuredmedia":[{"embeddable":true,"href":"https:\/\/happyinaknit.com\/en\/wp-json\/wp\/v2\/media\/8420"}],"wp:attachment":[{"href":"https:\/\/happyinaknit.com\/en\/wp-json\/wp\/v2\/media?parent=8422"}],"wp:term":[{"taxonomy":"product_brand","embeddable":true,"href":"https:\/\/happyinaknit.com\/en\/wp-json\/wp\/v2\/product_brand?post=8422"},{"taxonomy":"product_cat","embeddable":true,"href":"https:\/\/happyinaknit.com\/en\/wp-json\/wp\/v2\/product_cat?post=8422"},{"taxonomy":"product_tag","embeddable":true,"href":"https:\/\/happyinaknit.com\/en\/wp-json\/wp\/v2\/product_tag?post=8422"},{"taxonomy":"pro-kategorijos","embeddable":true,"href":"https:\/\/happyinaknit.com\/en\/wp-json\/wp\/v2\/pro-kategorijos?post=8422"}],"curies":[{"name":"wp","href":"https:\/\/api.w.org\/{rel}","templated":true}]}}