{"id":8331,"date":"2026-03-28T13:13:15","date_gmt":"2026-03-28T13:13:15","guid":{"rendered":"https:\/\/happyinaknit.com\/?post_type=product&#038;p=8331"},"modified":"2026-04-02T18:15:55","modified_gmt":"2026-04-02T18:15:55","slug":"lang-yarns-fam-288-spring-summer-2026","status":"publish","type":"product","link":"https:\/\/happyinaknit.com\/en\/product\/lang-yarns-fam-288-spring-summer-2026\/","title":{"rendered":"Lang Yarns FAM 288 - Spring &amp; Summer 2026"},"content":{"rendered":"<p>Discover a new source of inspiration with <i>FAM 288 Collection<\/i> - Spring and summer collection of knitting and crochet patterns. From the vibrant Retro Graphic, to the refreshing Scandinavian Fresh, to the subtly shimmering Sparkly as the Night, this publication brings together three distinct creative worlds.<\/p>\n<p>The collection invites you to experiment with colours, shapes and textures - from bold, intense shades to subdued tones, from clean lines to lively, expressive surfaces. It's inspiration for both playful and minimalist projects.<\/p>\n<p><b>Format:<\/b> magazine of knitting and crochet patterns<\/p>\n<p><b>Season:<\/b> 2026 spring\/summer<\/p>\n<p><b>Language:<\/b> Russian language magazine<\/p>\n<p><b>Perfect for:<\/b><b><\/b><\/p>\n<p>- for those looking for new ideas for spring and summer projects<\/p>\n<p>- for those who like a modern yet versatile design<\/p>\n<p>- those who appreciate the play of colours and textures<\/p>\n<p><b>Note:<\/b> Color shades may vary slightly depending on your device&#039;s screen.<\/p>","protected":false},"excerpt":{"rendered":"<p>Atraskite nauj\u0105 \u012fkv\u0117pimo \u0161altin\u012f su FAM 288 Collection \u2013 pavasario ir vasaros mezgimo bei n\u0117rimo modeli\u0173 kolekcija. \u0160iame leidinyje susijungia trys i\u0161skirtiniai k\u016brybiniai pasauliai: nuo ry\u0161kaus \u201eRetro Graphic\u201c, gaivaus \u201eScandinavian Fresh\u201c iki subtiliai spindin\u010dio \u201eSparkly as the Night\u201c. Kolekcija kvie\u010dia eksperimentuoti su spalvomis, formomis ir tekst\u016bromis \u2013 nuo dr\u0105si\u0173, intensyvi\u0173 atspalvi\u0173 iki \u0161velniai prislopint\u0173 ton\u0173, [&hellip;]<\/p>\n","protected":false},"featured_media":8341,"comment_status":"open","ping_status":"closed","template":"","meta":{"_acf_changed":false},"product_brand":[70],"product_cat":[15,397],"product_tag":[30],"pro-kategorijos":[],"class_list":{"0":"post-8331","1":"product","2":"type-product","3":"status-publish","4":"has-post-thumbnail","6":"product_brand-lang-yarns","7":"product_cat-visi-produktai","8":"product_cat-spauda","9":"product_tag-naujiena","11":"first","12":"outofstock","13":"shipping-taxable","14":"purchasable","15":"product-type-simple"},"acf":[],"yoast_head":"<!-- This site is optimized with the Yoast SEO plugin v26.8 - https:\/\/yoast.com\/product\/yoast-seo-wordpress\/ -->\n<title>Lang Yarns FAM 288 - Spring &amp; Summer 2026 - Happyinaknit.com<\/title>\n<meta name=\"robots\" content=\"index, follow, max-snippet:-1, max-image-preview:large, max-video-preview:-1\" \/>\n<link rel=\"canonical\" href=\"https:\/\/happyinaknit.com\/en\/product\/lang-yarns-fam-288-spring-summer-2026\/\" \/>\n<meta property=\"og:locale\" content=\"en_US\" \/>\n<meta property=\"og:type\" content=\"article\" \/>\n<meta property=\"og:title\" content=\"Lang Yarns FAM 288 - Spring &amp; Summer 2026 - Happyinaknit.com\" \/>\n<meta property=\"og:description\" content=\"Atraskite nauj\u0105 \u012fkv\u0117pimo \u0161altin\u012f su FAM 288 Collection \u2013 pavasario ir vasaros mezgimo bei n\u0117rimo modeli\u0173 kolekcija. \u0160iame leidinyje susijungia trys i\u0161skirtiniai k\u016brybiniai pasauliai: nuo ry\u0161kaus \u201eRetro Graphic\u201c, gaivaus \u201eScandinavian Fresh\u201c iki subtiliai spindin\u010dio \u201eSparkly as the Night\u201c. Kolekcija kvie\u010dia eksperimentuoti su spalvomis, formomis ir tekst\u016bromis \u2013 nuo dr\u0105si\u0173, intensyvi\u0173 atspalvi\u0173 iki \u0161velniai prislopint\u0173 ton\u0173, [&hellip;]\" \/>\n<meta property=\"og:url\" content=\"https:\/\/happyinaknit.com\/en\/product\/lang-yarns-fam-288-spring-summer-2026\/\" \/>\n<meta property=\"og:site_name\" content=\"Happyinaknit.com\" \/>\n<meta property=\"article:modified_time\" content=\"2026-04-02T18:15:55+00:00\" \/>\n<meta property=\"og:image\" content=\"https:\/\/happyinaknit.com\/wp-content\/uploads\/2026\/03\/IMG_7989-e1774703794289.jpg\" \/>\n\t<meta property=\"og:image:width\" content=\"1315\" \/>\n\t<meta property=\"og:image:height\" content=\"1895\" \/>\n\t<meta property=\"og:image:type\" content=\"image\/jpeg\" \/>\n<meta name=\"twitter:card\" content=\"summary_large_image\" \/>\n<meta name=\"twitter:label1\" content=\"Est. reading time\" \/>\n\t<meta name=\"twitter:data1\" content=\"1 minute\" \/>\n<script type=\"application\/ld+json\" class=\"yoast-schema-graph\">{\"@context\":\"https:\/\/schema.org\",\"@graph\":[{\"@type\":\"WebPage\",\"@id\":\"https:\/\/happyinaknit.com\/produktas\/lang-yarns-fam-288-spring-summer-2026\/\",\"url\":\"https:\/\/happyinaknit.com\/produktas\/lang-yarns-fam-288-spring-summer-2026\/\",\"name\":\"Lang Yarns FAM 288 - Spring & Summer 2026 - Happyinaknit.com\",\"isPartOf\":{\"@id\":\"https:\/\/happyinaknit.com\/lt\/#website\"},\"primaryImageOfPage\":{\"@id\":\"https:\/\/happyinaknit.com\/produktas\/lang-yarns-fam-288-spring-summer-2026\/#primaryimage\"},\"image\":{\"@id\":\"https:\/\/happyinaknit.com\/produktas\/lang-yarns-fam-288-spring-summer-2026\/#primaryimage\"},\"thumbnailUrl\":\"https:\/\/happyinaknit.com\/wp-content\/uploads\/2026\/03\/IMG_7989-e1774703794289.jpg\",\"datePublished\":\"2026-03-28T13:13:15+00:00\",\"dateModified\":\"2026-04-02T18:15:55+00:00\",\"breadcrumb\":{\"@id\":\"https:\/\/happyinaknit.com\/produktas\/lang-yarns-fam-288-spring-summer-2026\/#breadcrumb\"},\"inLanguage\":\"en-US\",\"potentialAction\":[{\"@type\":\"ReadAction\",\"target\":[\"https:\/\/happyinaknit.com\/produktas\/lang-yarns-fam-288-spring-summer-2026\/\"]}]},{\"@type\":\"ImageObject\",\"inLanguage\":\"en-US\",\"@id\":\"https:\/\/happyinaknit.com\/produktas\/lang-yarns-fam-288-spring-summer-2026\/#primaryimage\",\"url\":\"https:\/\/happyinaknit.com\/wp-content\/uploads\/2026\/03\/IMG_7989-e1774703794289.jpg\",\"contentUrl\":\"https:\/\/happyinaknit.com\/wp-content\/uploads\/2026\/03\/IMG_7989-e1774703794289.jpg\",\"width\":1315,\"height\":1895,\"caption\":\"Screenshot\"},{\"@type\":\"BreadcrumbList\",\"@id\":\"https:\/\/happyinaknit.com\/produktas\/lang-yarns-fam-288-spring-summer-2026\/#breadcrumb\",\"itemListElement\":[{\"@type\":\"ListItem\",\"position\":1,\"name\":\"Home\",\"item\":\"https:\/\/happyinaknit.com\/lt\/\"},{\"@type\":\"ListItem\",\"position\":2,\"name\":\"Parduotuv\u0117\",\"item\":\"https:\/\/happyinaknit.com\/lt\/parduotuve\/\"},{\"@type\":\"ListItem\",\"position\":3,\"name\":\"Lang Yarns FAM 288 &#8211; Spring &#038; Summer 2026\"}]},{\"@type\":\"WebSite\",\"@id\":\"https:\/\/happyinaknit.com\/lt\/#website\",\"url\":\"https:\/\/happyinaknit.com\/lt\/\",\"name\":\"Happyinaknit.com\",\"description\":\"\",\"potentialAction\":[{\"@type\":\"SearchAction\",\"target\":{\"@type\":\"EntryPoint\",\"urlTemplate\":\"https:\/\/happyinaknit.com\/lt\/?s={search_term_string}\"},\"query-input\":{\"@type\":\"PropertyValueSpecification\",\"valueRequired\":true,\"valueName\":\"search_term_string\"}}],\"inLanguage\":\"en-US\"}]}<\/script>\n<!-- \/ Yoast SEO plugin. -->","yoast_head_json":{"title":"Lang Yarns FAM 288 - Spring & Summer 2026 - Happyinaknit.com","robots":{"index":"index","follow":"follow","max-snippet":"max-snippet:-1","max-image-preview":"max-image-preview:large","max-video-preview":"max-video-preview:-1"},"canonical":"https:\/\/happyinaknit.com\/en\/product\/lang-yarns-fam-288-spring-summer-2026\/","og_locale":"en_US","og_type":"article","og_title":"Lang Yarns FAM 288 - Spring & Summer 2026 - Happyinaknit.com","og_description":"Atraskite nauj\u0105 \u012fkv\u0117pimo \u0161altin\u012f su FAM 288 Collection \u2013 pavasario ir vasaros mezgimo bei n\u0117rimo modeli\u0173 kolekcija. \u0160iame leidinyje susijungia trys i\u0161skirtiniai k\u016brybiniai pasauliai: nuo ry\u0161kaus \u201eRetro Graphic\u201c, gaivaus \u201eScandinavian Fresh\u201c iki subtiliai spindin\u010dio \u201eSparkly as the Night\u201c. Kolekcija kvie\u010dia eksperimentuoti su spalvomis, formomis ir tekst\u016bromis \u2013 nuo dr\u0105si\u0173, intensyvi\u0173 atspalvi\u0173 iki \u0161velniai prislopint\u0173 ton\u0173, [&hellip;]","og_url":"https:\/\/happyinaknit.com\/en\/product\/lang-yarns-fam-288-spring-summer-2026\/","og_site_name":"Happyinaknit.com","article_modified_time":"2026-04-02T18:15:55+00:00","og_image":[{"width":1315,"height":1895,"url":"https:\/\/happyinaknit.com\/wp-content\/uploads\/2026\/03\/IMG_7989-e1774703794289.jpg","type":"image\/jpeg"}],"twitter_card":"summary_large_image","twitter_misc":{"Est. reading time":"1 minute"},"schema":{"@context":"https:\/\/schema.org","@graph":[{"@type":"WebPage","@id":"https:\/\/happyinaknit.com\/produktas\/lang-yarns-fam-288-spring-summer-2026\/","url":"https:\/\/happyinaknit.com\/produktas\/lang-yarns-fam-288-spring-summer-2026\/","name":"Lang Yarns FAM 288 - Spring & Summer 2026 - Happyinaknit.com","isPartOf":{"@id":"https:\/\/happyinaknit.com\/lt\/#website"},"primaryImageOfPage":{"@id":"https:\/\/happyinaknit.com\/produktas\/lang-yarns-fam-288-spring-summer-2026\/#primaryimage"},"image":{"@id":"https:\/\/happyinaknit.com\/produktas\/lang-yarns-fam-288-spring-summer-2026\/#primaryimage"},"thumbnailUrl":"https:\/\/happyinaknit.com\/wp-content\/uploads\/2026\/03\/IMG_7989-e1774703794289.jpg","datePublished":"2026-03-28T13:13:15+00:00","dateModified":"2026-04-02T18:15:55+00:00","breadcrumb":{"@id":"https:\/\/happyinaknit.com\/produktas\/lang-yarns-fam-288-spring-summer-2026\/#breadcrumb"},"inLanguage":"en-US","potentialAction":[{"@type":"ReadAction","target":["https:\/\/happyinaknit.com\/produktas\/lang-yarns-fam-288-spring-summer-2026\/"]}]},{"@type":"ImageObject","inLanguage":"en-US","@id":"https:\/\/happyinaknit.com\/produktas\/lang-yarns-fam-288-spring-summer-2026\/#primaryimage","url":"https:\/\/happyinaknit.com\/wp-content\/uploads\/2026\/03\/IMG_7989-e1774703794289.jpg","contentUrl":"https:\/\/happyinaknit.com\/wp-content\/uploads\/2026\/03\/IMG_7989-e1774703794289.jpg","width":1315,"height":1895,"caption":"Screenshot"},{"@type":"BreadcrumbList","@id":"https:\/\/happyinaknit.com\/produktas\/lang-yarns-fam-288-spring-summer-2026\/#breadcrumb","itemListElement":[{"@type":"ListItem","position":1,"name":"Home","item":"https:\/\/happyinaknit.com\/lt\/"},{"@type":"ListItem","position":2,"name":"Parduotuv\u0117","item":"https:\/\/happyinaknit.com\/lt\/parduotuve\/"},{"@type":"ListItem","position":3,"name":"Lang Yarns FAM 288 &#8211; Spring &#038; Summer 2026"}]},{"@type":"WebSite","@id":"https:\/\/happyinaknit.com\/lt\/#website","url":"https:\/\/happyinaknit.com\/lt\/","name":"Happyinaknit.com","description":"","potentialAction":[{"@type":"SearchAction","target":{"@type":"EntryPoint","urlTemplate":"https:\/\/happyinaknit.com\/lt\/?s={search_term_string}"},"query-input":{"@type":"PropertyValueSpecification","valueRequired":true,"valueName":"search_term_string"}}],"inLanguage":"en-US"}]}},"_links":{"self":[{"href":"https:\/\/happyinaknit.com\/en\/wp-json\/wp\/v2\/product\/8331","targetHints":{"allow":["GET"]}}],"collection":[{"href":"https:\/\/happyinaknit.com\/en\/wp-json\/wp\/v2\/product"}],"about":[{"href":"https:\/\/happyinaknit.com\/en\/wp-json\/wp\/v2\/types\/product"}],"replies":[{"embeddable":true,"href":"https:\/\/happyinaknit.com\/en\/wp-json\/wp\/v2\/comments?post=8331"}],"wp:featuredmedia":[{"embeddable":true,"href":"https:\/\/happyinaknit.com\/en\/wp-json\/wp\/v2\/media\/8341"}],"wp:attachment":[{"href":"https:\/\/happyinaknit.com\/en\/wp-json\/wp\/v2\/media?parent=8331"}],"wp:term":[{"taxonomy":"product_brand","embeddable":true,"href":"https:\/\/happyinaknit.com\/en\/wp-json\/wp\/v2\/product_brand?post=8331"},{"taxonomy":"product_cat","embeddable":true,"href":"https:\/\/happyinaknit.com\/en\/wp-json\/wp\/v2\/product_cat?post=8331"},{"taxonomy":"product_tag","embeddable":true,"href":"https:\/\/happyinaknit.com\/en\/wp-json\/wp\/v2\/product_tag?post=8331"},{"taxonomy":"pro-kategorijos","embeddable":true,"href":"https:\/\/happyinaknit.com\/en\/wp-json\/wp\/v2\/pro-kategorijos?post=8331"}],"curies":[{"name":"wp","href":"https:\/\/api.w.org\/{rel}","templated":true}]}}