{"id":8245,"date":"2026-03-14T16:03:42","date_gmt":"2026-03-14T16:03:42","guid":{"rendered":"https:\/\/happyinaknit.com\/?post_type=product&#038;p=8245"},"modified":"2026-04-01T19:51:57","modified_gmt":"2026-04-01T19:51:57","slug":"tulip-i-cord-knitter-virveliu-mezgimo-masinele","status":"publish","type":"product","link":"https:\/\/happyinaknit.com\/en\/product\/tulip-i-cord-knitter-virveliu-mezgimo-masinele\/","title":{"rendered":"Tulip i-Cord Knitter - cord knitting machine"},"content":{"rendered":"<p>A compact and very handy cord knitting machine from the Japanese brand Tulp.  It's quick and easy to knit a neat round i-cord in just a few minutes. The perfect tool for both beginners and experienced knitters.<\/p>\n<p>The machine allows you to knit smooth and elastic cords without complicated techniques - just thread the yarn and turn the knob. Ideal for a wide range of details and accessories: hatbands, straps, handles, decorative details.<\/p>\n<p><b>Features<\/b><b><\/b><\/p>\n<p>-simple and easy to use<\/p>\n<p>-knots neat and uniform i-cord<\/p>\n<p>-suitable for different thread types<\/p>\n<p>-compact size - easy to store and take with you<\/p>\n<p><b>Complete<\/b><b><\/b><\/p>\n<p>-cord knitting machine<\/p>\n<p>-wax roller for thread lifting<\/p>\n<p>-instruction<\/p>\n<p><b>Note:<\/b> Color shades may vary slightly depending on your device&#039;s screen.<\/p>","protected":false},"excerpt":{"rendered":"<p>Kompakti\u0161ka ir labai patogi virveli\u0173 mezgimo ma\u0161in\u0117l\u0117 i\u0161 japon\u0173 prek\u0117s \u017eenklo Tulp. \u00a0Su ja greitai ir lengvai numegsite tvarking\u0105 apvali\u0105 virvel\u0119 (i-cord) vos per kelias minutes. Puikus \u012frankis tiek pradedantiesiems, tiek patyrusiems mezg\u0117jams. Ma\u0161in\u0117l\u0117 leid\u017eia megzti lygias ir elastingas virveles be sud\u0117ting\u0173 technik\u0173 \u2013 tereikia \u012fverti si\u016blus ir sukti ranken\u0117l\u0119. Puikiai tinka \u012fvairioms detal\u0117ms ir [&hellip;]<\/p>\n","protected":false},"featured_media":8249,"comment_status":"open","ping_status":"closed","template":"","meta":{"_acf_changed":false},"product_brand":[757],"product_cat":[15,57,52,20],"product_tag":[],"pro-kategorijos":[],"class_list":{"0":"post-8245","1":"product","2":"type-product","3":"status-publish","4":"has-post-thumbnail","6":"product_brand-tulip","7":"product_cat-visi-produktai","8":"product_cat-aksesuarai","9":"product_cat-kiti-mezgimo-reikmenys","10":"product_cat-priedai-mezgimui","12":"first","13":"instock","14":"shipping-taxable","15":"purchasable","16":"product-type-simple"},"acf":[],"yoast_head":"<!-- This site is optimized with the Yoast SEO plugin v26.8 - https:\/\/yoast.com\/product\/yoast-seo-wordpress\/ -->\n<title>Tulip i-Cord Knitter \u2013 virveli\u0173 mezgimo ma\u0161in\u0117l\u0117 - Happyinaknit.com<\/title>\n<meta name=\"robots\" content=\"index, follow, max-snippet:-1, max-image-preview:large, max-video-preview:-1\" \/>\n<link rel=\"canonical\" href=\"https:\/\/happyinaknit.com\/en\/product\/tulip-i-cord-knitter-virveliu-mezgimo-masinele\/\" \/>\n<meta property=\"og:locale\" content=\"en_US\" \/>\n<meta property=\"og:type\" content=\"article\" \/>\n<meta property=\"og:title\" content=\"Tulip i-Cord Knitter \u2013 virveli\u0173 mezgimo ma\u0161in\u0117l\u0117 - Happyinaknit.com\" \/>\n<meta property=\"og:description\" content=\"Kompakti\u0161ka ir labai patogi virveli\u0173 mezgimo ma\u0161in\u0117l\u0117 i\u0161 japon\u0173 prek\u0117s \u017eenklo Tulp. \u00a0Su ja greitai ir lengvai numegsite tvarking\u0105 apvali\u0105 virvel\u0119 (i-cord) vos per kelias minutes. Puikus \u012frankis tiek pradedantiesiems, tiek patyrusiems mezg\u0117jams. Ma\u0161in\u0117l\u0117 leid\u017eia megzti lygias ir elastingas virveles be sud\u0117ting\u0173 technik\u0173 \u2013 tereikia \u012fverti si\u016blus ir sukti ranken\u0117l\u0119. Puikiai tinka \u012fvairioms detal\u0117ms ir [&hellip;]\" \/>\n<meta property=\"og:url\" content=\"https:\/\/happyinaknit.com\/en\/product\/tulip-i-cord-knitter-virveliu-mezgimo-masinele\/\" \/>\n<meta property=\"og:site_name\" content=\"Happyinaknit.com\" \/>\n<meta property=\"article:modified_time\" content=\"2026-04-01T19:51:57+00:00\" \/>\n<meta property=\"og:image\" content=\"https:\/\/happyinaknit.com\/wp-content\/uploads\/2026\/03\/Tulip-icord-knitter_1024x1024.png.webp\" \/>\n\t<meta property=\"og:image:width\" content=\"1024\" \/>\n\t<meta property=\"og:image:height\" content=\"1024\" \/>\n\t<meta property=\"og:image:type\" content=\"image\/webp\" \/>\n<meta name=\"twitter:card\" content=\"summary_large_image\" \/>\n<meta name=\"twitter:label1\" content=\"Est. reading time\" \/>\n\t<meta name=\"twitter:data1\" content=\"1 minute\" \/>\n<script type=\"application\/ld+json\" class=\"yoast-schema-graph\">{\"@context\":\"https:\/\/schema.org\",\"@graph\":[{\"@type\":\"WebPage\",\"@id\":\"https:\/\/happyinaknit.com\/produktas\/tulip-i-cord-knitter-virveliu-mezgimo-masinele\/\",\"url\":\"https:\/\/happyinaknit.com\/produktas\/tulip-i-cord-knitter-virveliu-mezgimo-masinele\/\",\"name\":\"Tulip i-Cord Knitter \u2013 virveli\u0173 mezgimo ma\u0161in\u0117l\u0117 - Happyinaknit.com\",\"isPartOf\":{\"@id\":\"https:\/\/happyinaknit.com\/lt\/#website\"},\"primaryImageOfPage\":{\"@id\":\"https:\/\/happyinaknit.com\/produktas\/tulip-i-cord-knitter-virveliu-mezgimo-masinele\/#primaryimage\"},\"image\":{\"@id\":\"https:\/\/happyinaknit.com\/produktas\/tulip-i-cord-knitter-virveliu-mezgimo-masinele\/#primaryimage\"},\"thumbnailUrl\":\"https:\/\/happyinaknit.com\/wp-content\/uploads\/2026\/03\/Tulip-icord-knitter_1024x1024.png.webp\",\"datePublished\":\"2026-03-14T16:03:42+00:00\",\"dateModified\":\"2026-04-01T19:51:57+00:00\",\"breadcrumb\":{\"@id\":\"https:\/\/happyinaknit.com\/produktas\/tulip-i-cord-knitter-virveliu-mezgimo-masinele\/#breadcrumb\"},\"inLanguage\":\"en-US\",\"potentialAction\":[{\"@type\":\"ReadAction\",\"target\":[\"https:\/\/happyinaknit.com\/produktas\/tulip-i-cord-knitter-virveliu-mezgimo-masinele\/\"]}]},{\"@type\":\"ImageObject\",\"inLanguage\":\"en-US\",\"@id\":\"https:\/\/happyinaknit.com\/produktas\/tulip-i-cord-knitter-virveliu-mezgimo-masinele\/#primaryimage\",\"url\":\"https:\/\/happyinaknit.com\/wp-content\/uploads\/2026\/03\/Tulip-icord-knitter_1024x1024.png.webp\",\"contentUrl\":\"https:\/\/happyinaknit.com\/wp-content\/uploads\/2026\/03\/Tulip-icord-knitter_1024x1024.png.webp\",\"width\":1024,\"height\":1024},{\"@type\":\"BreadcrumbList\",\"@id\":\"https:\/\/happyinaknit.com\/produktas\/tulip-i-cord-knitter-virveliu-mezgimo-masinele\/#breadcrumb\",\"itemListElement\":[{\"@type\":\"ListItem\",\"position\":1,\"name\":\"Home\",\"item\":\"https:\/\/happyinaknit.com\/lt\/\"},{\"@type\":\"ListItem\",\"position\":2,\"name\":\"Parduotuv\u0117\",\"item\":\"https:\/\/happyinaknit.com\/lt\/parduotuve\/\"},{\"@type\":\"ListItem\",\"position\":3,\"name\":\"Tulip i-Cord Knitter \u2013 virveli\u0173 mezgimo ma\u0161in\u0117l\u0117\"}]},{\"@type\":\"WebSite\",\"@id\":\"https:\/\/happyinaknit.com\/lt\/#website\",\"url\":\"https:\/\/happyinaknit.com\/lt\/\",\"name\":\"Happyinaknit.com\",\"description\":\"\",\"potentialAction\":[{\"@type\":\"SearchAction\",\"target\":{\"@type\":\"EntryPoint\",\"urlTemplate\":\"https:\/\/happyinaknit.com\/lt\/?s={search_term_string}\"},\"query-input\":{\"@type\":\"PropertyValueSpecification\",\"valueRequired\":true,\"valueName\":\"search_term_string\"}}],\"inLanguage\":\"en-US\"}]}<\/script>\n<!-- \/ Yoast SEO plugin. -->","yoast_head_json":{"title":"Tulip i-Cord Knitter \u2013 virveli\u0173 mezgimo ma\u0161in\u0117l\u0117 - Happyinaknit.com","robots":{"index":"index","follow":"follow","max-snippet":"max-snippet:-1","max-image-preview":"max-image-preview:large","max-video-preview":"max-video-preview:-1"},"canonical":"https:\/\/happyinaknit.com\/en\/product\/tulip-i-cord-knitter-virveliu-mezgimo-masinele\/","og_locale":"en_US","og_type":"article","og_title":"Tulip i-Cord Knitter \u2013 virveli\u0173 mezgimo ma\u0161in\u0117l\u0117 - Happyinaknit.com","og_description":"Kompakti\u0161ka ir labai patogi virveli\u0173 mezgimo ma\u0161in\u0117l\u0117 i\u0161 japon\u0173 prek\u0117s \u017eenklo Tulp. \u00a0Su ja greitai ir lengvai numegsite tvarking\u0105 apvali\u0105 virvel\u0119 (i-cord) vos per kelias minutes. Puikus \u012frankis tiek pradedantiesiems, tiek patyrusiems mezg\u0117jams. Ma\u0161in\u0117l\u0117 leid\u017eia megzti lygias ir elastingas virveles be sud\u0117ting\u0173 technik\u0173 \u2013 tereikia \u012fverti si\u016blus ir sukti ranken\u0117l\u0119. Puikiai tinka \u012fvairioms detal\u0117ms ir [&hellip;]","og_url":"https:\/\/happyinaknit.com\/en\/product\/tulip-i-cord-knitter-virveliu-mezgimo-masinele\/","og_site_name":"Happyinaknit.com","article_modified_time":"2026-04-01T19:51:57+00:00","og_image":[{"width":1024,"height":1024,"url":"https:\/\/happyinaknit.com\/wp-content\/uploads\/2026\/03\/Tulip-icord-knitter_1024x1024.png.webp","type":"image\/webp"}],"twitter_card":"summary_large_image","twitter_misc":{"Est. reading time":"1 minute"},"schema":{"@context":"https:\/\/schema.org","@graph":[{"@type":"WebPage","@id":"https:\/\/happyinaknit.com\/produktas\/tulip-i-cord-knitter-virveliu-mezgimo-masinele\/","url":"https:\/\/happyinaknit.com\/produktas\/tulip-i-cord-knitter-virveliu-mezgimo-masinele\/","name":"Tulip i-Cord Knitter \u2013 virveli\u0173 mezgimo ma\u0161in\u0117l\u0117 - Happyinaknit.com","isPartOf":{"@id":"https:\/\/happyinaknit.com\/lt\/#website"},"primaryImageOfPage":{"@id":"https:\/\/happyinaknit.com\/produktas\/tulip-i-cord-knitter-virveliu-mezgimo-masinele\/#primaryimage"},"image":{"@id":"https:\/\/happyinaknit.com\/produktas\/tulip-i-cord-knitter-virveliu-mezgimo-masinele\/#primaryimage"},"thumbnailUrl":"https:\/\/happyinaknit.com\/wp-content\/uploads\/2026\/03\/Tulip-icord-knitter_1024x1024.png.webp","datePublished":"2026-03-14T16:03:42+00:00","dateModified":"2026-04-01T19:51:57+00:00","breadcrumb":{"@id":"https:\/\/happyinaknit.com\/produktas\/tulip-i-cord-knitter-virveliu-mezgimo-masinele\/#breadcrumb"},"inLanguage":"en-US","potentialAction":[{"@type":"ReadAction","target":["https:\/\/happyinaknit.com\/produktas\/tulip-i-cord-knitter-virveliu-mezgimo-masinele\/"]}]},{"@type":"ImageObject","inLanguage":"en-US","@id":"https:\/\/happyinaknit.com\/produktas\/tulip-i-cord-knitter-virveliu-mezgimo-masinele\/#primaryimage","url":"https:\/\/happyinaknit.com\/wp-content\/uploads\/2026\/03\/Tulip-icord-knitter_1024x1024.png.webp","contentUrl":"https:\/\/happyinaknit.com\/wp-content\/uploads\/2026\/03\/Tulip-icord-knitter_1024x1024.png.webp","width":1024,"height":1024},{"@type":"BreadcrumbList","@id":"https:\/\/happyinaknit.com\/produktas\/tulip-i-cord-knitter-virveliu-mezgimo-masinele\/#breadcrumb","itemListElement":[{"@type":"ListItem","position":1,"name":"Home","item":"https:\/\/happyinaknit.com\/lt\/"},{"@type":"ListItem","position":2,"name":"Parduotuv\u0117","item":"https:\/\/happyinaknit.com\/lt\/parduotuve\/"},{"@type":"ListItem","position":3,"name":"Tulip i-Cord Knitter \u2013 virveli\u0173 mezgimo ma\u0161in\u0117l\u0117"}]},{"@type":"WebSite","@id":"https:\/\/happyinaknit.com\/lt\/#website","url":"https:\/\/happyinaknit.com\/lt\/","name":"Happyinaknit.com","description":"","potentialAction":[{"@type":"SearchAction","target":{"@type":"EntryPoint","urlTemplate":"https:\/\/happyinaknit.com\/lt\/?s={search_term_string}"},"query-input":{"@type":"PropertyValueSpecification","valueRequired":true,"valueName":"search_term_string"}}],"inLanguage":"en-US"}]}},"_links":{"self":[{"href":"https:\/\/happyinaknit.com\/en\/wp-json\/wp\/v2\/product\/8245","targetHints":{"allow":["GET"]}}],"collection":[{"href":"https:\/\/happyinaknit.com\/en\/wp-json\/wp\/v2\/product"}],"about":[{"href":"https:\/\/happyinaknit.com\/en\/wp-json\/wp\/v2\/types\/product"}],"replies":[{"embeddable":true,"href":"https:\/\/happyinaknit.com\/en\/wp-json\/wp\/v2\/comments?post=8245"}],"wp:featuredmedia":[{"embeddable":true,"href":"https:\/\/happyinaknit.com\/en\/wp-json\/wp\/v2\/media\/8249"}],"wp:attachment":[{"href":"https:\/\/happyinaknit.com\/en\/wp-json\/wp\/v2\/media?parent=8245"}],"wp:term":[{"taxonomy":"product_brand","embeddable":true,"href":"https:\/\/happyinaknit.com\/en\/wp-json\/wp\/v2\/product_brand?post=8245"},{"taxonomy":"product_cat","embeddable":true,"href":"https:\/\/happyinaknit.com\/en\/wp-json\/wp\/v2\/product_cat?post=8245"},{"taxonomy":"product_tag","embeddable":true,"href":"https:\/\/happyinaknit.com\/en\/wp-json\/wp\/v2\/product_tag?post=8245"},{"taxonomy":"pro-kategorijos","embeddable":true,"href":"https:\/\/happyinaknit.com\/en\/wp-json\/wp\/v2\/pro-kategorijos?post=8245"}],"curies":[{"name":"wp","href":"https:\/\/api.w.org\/{rel}","templated":true}]}}