{"id":8183,"date":"2026-03-11T15:46:33","date_gmt":"2026-03-11T15:46:33","guid":{"rendered":"https:\/\/happyinaknit.com\/?post_type=product&#038;p=8183"},"modified":"2026-03-11T21:58:40","modified_gmt":"2026-03-11T21:58:40","slug":"muud-carita","status":"publish","type":"product","link":"https:\/\/happyinaknit.com\/en\/product\/muud-carita\/","title":{"rendered":"Muud Carita"},"content":{"rendered":"<p><b>Muud Carita - elegant leather case for cords and knitting accessories<\/b><b><\/b><\/p>\n<p><i>Carita<\/i> - is a stylish and practical leather case designed for knitters who appreciate order and quality. The case will help you to conveniently store your cables, crochet hooks and small knitting accessories in one place and within easy reach.<\/p>\n<p>The case is made of high-quality genuine leather, making it durable, long-lasting and even more beautiful with time. Inside you will find many different pockets and compartments that allow you to organise your knitting accessories conveniently. The design is inspired by the classic binder principle, which makes it easy to store and quickly find the tools you need.<\/p>\n<p>Carita is perfect for cords, crochet stitches and various knitting accessories such as measuring tape, scissors or eye markers<\/p>\n<p><b>Features<\/b><b><\/b><\/p>\n<p>-High quality genuine leather<\/p>\n<p>-Clasp with press stud<\/p>\n<p>-Liners for cordage and crochet bobbins<\/p>\n<p>-Internal pockets with stamps<\/p>\n<p>-Small pockets for small knitting accessories<\/p>\n<p>The tray can store:<\/p>\n<p>-swivel cords \u00a0<b>from 3 mm to 8 mm as sets<\/b><b><\/b><\/p>\n<p>-or <b>up to 10 mm<\/b>, if each major compartment holds one string<\/p>\n<p><b>Measurements<\/b><b><\/b><\/p>\n<p>\u2022<b>Height:<\/b> 22 cm<\/p>\n<p>\u2022<b>Length:<\/b> 15 cm<\/p>\n<p>\u2022<b>Width:<\/b> 6 cm<\/p>\n<p>\u2022<b>Material:<\/b> natural leather<\/p>\n<p>Note: Color shades may vary slightly depending on your device&#039;s screen.<\/p>","protected":false},"excerpt":{"rendered":"<p>Muud Carita \u2013 eleganti\u0161kas odinis d\u0117klas virbalams ir mezgimo priedams Carita \u2013 tai stilingas ir prakti\u0161kas odinis d\u0117klas, sukurtas mezg\u0117joms, kurios vertina tvark\u0105 ir kokyb\u0119. D\u0117klas pad\u0117s patogiai susid\u0117ti virbalus, n\u0117rimo v\u0105\u0161ialius, \u00a0bei smulkius mezgimo priedus, kad viskas b\u016bt\u0173 vienoje vietoje ir lengvai pasiekiama. D\u0117klas pagamintas i\u0161 auk\u0161tos kokyb\u0117s nat\u016bralios odos, tod\u0117l yra patvarus, ilgaam\u017eis [&hellip;]<\/p>\n","protected":false},"featured_media":8190,"comment_status":"open","ping_status":"closed","template":"","meta":{"_acf_changed":false},"product_brand":[613],"product_cat":[15,1079,20],"product_tag":[],"pro-kategorijos":[],"class_list":{"0":"post-8183","1":"product","2":"type-product","3":"status-publish","4":"has-post-thumbnail","6":"product_brand-muud","7":"product_cat-visi-produktai","8":"product_cat-deklai","9":"product_cat-priedai-mezgimui","11":"first","12":"outofstock","13":"shipping-taxable","14":"purchasable","15":"product-type-simple"},"acf":[],"yoast_head":"<!-- This site is optimized with the Yoast SEO plugin v26.8 - https:\/\/yoast.com\/product\/yoast-seo-wordpress\/ -->\n<title>Muud Carita - Happyinaknit.com<\/title>\n<meta name=\"robots\" content=\"index, follow, max-snippet:-1, max-image-preview:large, max-video-preview:-1\" \/>\n<link rel=\"canonical\" href=\"https:\/\/happyinaknit.com\/en\/product\/muud-carita\/\" \/>\n<meta property=\"og:locale\" content=\"en_US\" \/>\n<meta property=\"og:type\" content=\"article\" \/>\n<meta property=\"og:title\" content=\"Muud Carita - Happyinaknit.com\" \/>\n<meta property=\"og:description\" content=\"Muud Carita \u2013 eleganti\u0161kas odinis d\u0117klas virbalams ir mezgimo priedams Carita \u2013 tai stilingas ir prakti\u0161kas odinis d\u0117klas, sukurtas mezg\u0117joms, kurios vertina tvark\u0105 ir kokyb\u0119. D\u0117klas pad\u0117s patogiai susid\u0117ti virbalus, n\u0117rimo v\u0105\u0161ialius, \u00a0bei smulkius mezgimo priedus, kad viskas b\u016bt\u0173 vienoje vietoje ir lengvai pasiekiama. D\u0117klas pagamintas i\u0161 auk\u0161tos kokyb\u0117s nat\u016bralios odos, tod\u0117l yra patvarus, ilgaam\u017eis [&hellip;]\" \/>\n<meta property=\"og:url\" content=\"https:\/\/happyinaknit.com\/en\/product\/muud-carita\/\" \/>\n<meta property=\"og:site_name\" content=\"Happyinaknit.com\" \/>\n<meta property=\"article:modified_time\" content=\"2026-03-11T21:58:40+00:00\" \/>\n<meta property=\"og:image\" content=\"https:\/\/happyinaknit.com\/wp-content\/uploads\/2026\/03\/IMG_6951.webp\" \/>\n\t<meta property=\"og:image:width\" content=\"1080\" \/>\n\t<meta property=\"og:image:height\" content=\"1620\" \/>\n\t<meta property=\"og:image:type\" content=\"image\/webp\" \/>\n<meta name=\"twitter:card\" content=\"summary_large_image\" \/>\n<meta name=\"twitter:label1\" content=\"Est. reading time\" \/>\n\t<meta name=\"twitter:data1\" content=\"2 minutes\" \/>\n<script type=\"application\/ld+json\" class=\"yoast-schema-graph\">{\"@context\":\"https:\/\/schema.org\",\"@graph\":[{\"@type\":\"WebPage\",\"@id\":\"https:\/\/happyinaknit.com\/produktas\/muud-carita\/\",\"url\":\"https:\/\/happyinaknit.com\/produktas\/muud-carita\/\",\"name\":\"Muud Carita - Happyinaknit.com\",\"isPartOf\":{\"@id\":\"https:\/\/happyinaknit.com\/lt\/#website\"},\"primaryImageOfPage\":{\"@id\":\"https:\/\/happyinaknit.com\/produktas\/muud-carita\/#primaryimage\"},\"image\":{\"@id\":\"https:\/\/happyinaknit.com\/produktas\/muud-carita\/#primaryimage\"},\"thumbnailUrl\":\"https:\/\/happyinaknit.com\/wp-content\/uploads\/2026\/03\/IMG_6951.webp\",\"datePublished\":\"2026-03-11T15:46:33+00:00\",\"dateModified\":\"2026-03-11T21:58:40+00:00\",\"breadcrumb\":{\"@id\":\"https:\/\/happyinaknit.com\/produktas\/muud-carita\/#breadcrumb\"},\"inLanguage\":\"en-US\",\"potentialAction\":[{\"@type\":\"ReadAction\",\"target\":[\"https:\/\/happyinaknit.com\/produktas\/muud-carita\/\"]}]},{\"@type\":\"ImageObject\",\"inLanguage\":\"en-US\",\"@id\":\"https:\/\/happyinaknit.com\/produktas\/muud-carita\/#primaryimage\",\"url\":\"https:\/\/happyinaknit.com\/wp-content\/uploads\/2026\/03\/IMG_6951.webp\",\"contentUrl\":\"https:\/\/happyinaknit.com\/wp-content\/uploads\/2026\/03\/IMG_6951.webp\",\"width\":1080,\"height\":1620},{\"@type\":\"BreadcrumbList\",\"@id\":\"https:\/\/happyinaknit.com\/produktas\/muud-carita\/#breadcrumb\",\"itemListElement\":[{\"@type\":\"ListItem\",\"position\":1,\"name\":\"Home\",\"item\":\"https:\/\/happyinaknit.com\/lt\/\"},{\"@type\":\"ListItem\",\"position\":2,\"name\":\"Parduotuv\u0117\",\"item\":\"https:\/\/happyinaknit.com\/lt\/parduotuve\/\"},{\"@type\":\"ListItem\",\"position\":3,\"name\":\"Muud Carita\"}]},{\"@type\":\"WebSite\",\"@id\":\"https:\/\/happyinaknit.com\/lt\/#website\",\"url\":\"https:\/\/happyinaknit.com\/lt\/\",\"name\":\"Happyinaknit.com\",\"description\":\"\",\"potentialAction\":[{\"@type\":\"SearchAction\",\"target\":{\"@type\":\"EntryPoint\",\"urlTemplate\":\"https:\/\/happyinaknit.com\/lt\/?s={search_term_string}\"},\"query-input\":{\"@type\":\"PropertyValueSpecification\",\"valueRequired\":true,\"valueName\":\"search_term_string\"}}],\"inLanguage\":\"en-US\"}]}<\/script>\n<!-- \/ Yoast SEO plugin. -->","yoast_head_json":{"title":"Muud Carita - Happyinaknit.com","robots":{"index":"index","follow":"follow","max-snippet":"max-snippet:-1","max-image-preview":"max-image-preview:large","max-video-preview":"max-video-preview:-1"},"canonical":"https:\/\/happyinaknit.com\/en\/product\/muud-carita\/","og_locale":"en_US","og_type":"article","og_title":"Muud Carita - Happyinaknit.com","og_description":"Muud Carita \u2013 eleganti\u0161kas odinis d\u0117klas virbalams ir mezgimo priedams Carita \u2013 tai stilingas ir prakti\u0161kas odinis d\u0117klas, sukurtas mezg\u0117joms, kurios vertina tvark\u0105 ir kokyb\u0119. D\u0117klas pad\u0117s patogiai susid\u0117ti virbalus, n\u0117rimo v\u0105\u0161ialius, \u00a0bei smulkius mezgimo priedus, kad viskas b\u016bt\u0173 vienoje vietoje ir lengvai pasiekiama. D\u0117klas pagamintas i\u0161 auk\u0161tos kokyb\u0117s nat\u016bralios odos, tod\u0117l yra patvarus, ilgaam\u017eis [&hellip;]","og_url":"https:\/\/happyinaknit.com\/en\/product\/muud-carita\/","og_site_name":"Happyinaknit.com","article_modified_time":"2026-03-11T21:58:40+00:00","og_image":[{"width":1080,"height":1620,"url":"https:\/\/happyinaknit.com\/wp-content\/uploads\/2026\/03\/IMG_6951.webp","type":"image\/webp"}],"twitter_card":"summary_large_image","twitter_misc":{"Est. reading time":"2 minutes"},"schema":{"@context":"https:\/\/schema.org","@graph":[{"@type":"WebPage","@id":"https:\/\/happyinaknit.com\/produktas\/muud-carita\/","url":"https:\/\/happyinaknit.com\/produktas\/muud-carita\/","name":"Muud Carita - Happyinaknit.com","isPartOf":{"@id":"https:\/\/happyinaknit.com\/lt\/#website"},"primaryImageOfPage":{"@id":"https:\/\/happyinaknit.com\/produktas\/muud-carita\/#primaryimage"},"image":{"@id":"https:\/\/happyinaknit.com\/produktas\/muud-carita\/#primaryimage"},"thumbnailUrl":"https:\/\/happyinaknit.com\/wp-content\/uploads\/2026\/03\/IMG_6951.webp","datePublished":"2026-03-11T15:46:33+00:00","dateModified":"2026-03-11T21:58:40+00:00","breadcrumb":{"@id":"https:\/\/happyinaknit.com\/produktas\/muud-carita\/#breadcrumb"},"inLanguage":"en-US","potentialAction":[{"@type":"ReadAction","target":["https:\/\/happyinaknit.com\/produktas\/muud-carita\/"]}]},{"@type":"ImageObject","inLanguage":"en-US","@id":"https:\/\/happyinaknit.com\/produktas\/muud-carita\/#primaryimage","url":"https:\/\/happyinaknit.com\/wp-content\/uploads\/2026\/03\/IMG_6951.webp","contentUrl":"https:\/\/happyinaknit.com\/wp-content\/uploads\/2026\/03\/IMG_6951.webp","width":1080,"height":1620},{"@type":"BreadcrumbList","@id":"https:\/\/happyinaknit.com\/produktas\/muud-carita\/#breadcrumb","itemListElement":[{"@type":"ListItem","position":1,"name":"Home","item":"https:\/\/happyinaknit.com\/lt\/"},{"@type":"ListItem","position":2,"name":"Parduotuv\u0117","item":"https:\/\/happyinaknit.com\/lt\/parduotuve\/"},{"@type":"ListItem","position":3,"name":"Muud Carita"}]},{"@type":"WebSite","@id":"https:\/\/happyinaknit.com\/lt\/#website","url":"https:\/\/happyinaknit.com\/lt\/","name":"Happyinaknit.com","description":"","potentialAction":[{"@type":"SearchAction","target":{"@type":"EntryPoint","urlTemplate":"https:\/\/happyinaknit.com\/lt\/?s={search_term_string}"},"query-input":{"@type":"PropertyValueSpecification","valueRequired":true,"valueName":"search_term_string"}}],"inLanguage":"en-US"}]}},"_links":{"self":[{"href":"https:\/\/happyinaknit.com\/en\/wp-json\/wp\/v2\/product\/8183","targetHints":{"allow":["GET"]}}],"collection":[{"href":"https:\/\/happyinaknit.com\/en\/wp-json\/wp\/v2\/product"}],"about":[{"href":"https:\/\/happyinaknit.com\/en\/wp-json\/wp\/v2\/types\/product"}],"replies":[{"embeddable":true,"href":"https:\/\/happyinaknit.com\/en\/wp-json\/wp\/v2\/comments?post=8183"}],"wp:featuredmedia":[{"embeddable":true,"href":"https:\/\/happyinaknit.com\/en\/wp-json\/wp\/v2\/media\/8190"}],"wp:attachment":[{"href":"https:\/\/happyinaknit.com\/en\/wp-json\/wp\/v2\/media?parent=8183"}],"wp:term":[{"taxonomy":"product_brand","embeddable":true,"href":"https:\/\/happyinaknit.com\/en\/wp-json\/wp\/v2\/product_brand?post=8183"},{"taxonomy":"product_cat","embeddable":true,"href":"https:\/\/happyinaknit.com\/en\/wp-json\/wp\/v2\/product_cat?post=8183"},{"taxonomy":"product_tag","embeddable":true,"href":"https:\/\/happyinaknit.com\/en\/wp-json\/wp\/v2\/product_tag?post=8183"},{"taxonomy":"pro-kategorijos","embeddable":true,"href":"https:\/\/happyinaknit.com\/en\/wp-json\/wp\/v2\/pro-kategorijos?post=8183"}],"curies":[{"name":"wp","href":"https:\/\/api.w.org\/{rel}","templated":true}]}}