{"id":7822,"date":"2026-01-04T20:27:23","date_gmt":"2026-01-04T20:27:23","guid":{"rendered":"https:\/\/happyinaknit.com\/?post_type=product&#038;p=7822"},"modified":"2026-03-25T16:56:14","modified_gmt":"2026-03-25T16:56:14","slug":"chiaogoo-quads-rotaciniai-adapteriai-swivel-adapters","status":"publish","type":"product","link":"https:\/\/happyinaknit.com\/en\/product\/chiaogoo-quads-rotaciniai-adapteriai-swivel-adapters\/","title":{"rendered":"ChiaoGoo QUADS\u2122 Swivel Adapters"},"content":{"rendered":"<p><b>Naujiena nuo prek\u0117s \u017eenklo Chiaogoo\u00a0<\/b><\/p>\n<p>QUADS\u2122 rotaciniai adapteriai \u2013 tai inovatyvus sprendimas, suteikiantis daugiau laisv\u0117s ir komforto mezgant su <b>virbalais su valu<\/b>. Adapteriai leid\u017eia valui laisvai suktis 360\u00b0, suma\u017eina tempim\u0105 ir rank\u0173 nuovarg\u012f mezgant net ir ma\u017eos apimties projektus.<\/p>\n<p><b>Sud\u0117tis<\/b><b><\/b><\/p>\n<p>\u2022Ner\u016bdijantis plienas<\/p>\n<p>\u2022Auk\u0161tos kokyb\u0117s vidin\u0117 sukimosi (rotacijos) konstrukcija<\/p>\n<p><b>Savyb\u0117s<\/b><b><\/b><\/p>\n<p>\u2022Suderinami su prisukamais \u00a0visais <b>[S] ir [L] ChiaoGoo<\/b><\/p>\n<p>\u2022Tinka tiek raudoniems, tiek m\u0117lyniems ChiaoGoo valams ir Spin<\/p>\n<p>\u2022Galima naudoti tik vienoje pus\u0117je (ypa\u010d patogu mezgant ma\u017eo skersmens projektus)<\/p>\n<p>\u2022Patentinis sprendimas (patent pending)<\/p>\n<p>\u2022Kompakti\u0161kas ir lengvas \u2013 nekei\u010dia bendro mezgimo balanso<\/p>\n<p>\u2022Naudojamas kaip tarpin\u0117 jungtis tarp virbalo ir valo<\/p>\n<p><b>Rekomenduojami virbalai<\/b><b><\/b><\/p>\n<p>\u2022Visi ChiaoGoo prisukami virbalai su <b>[S] arba [L]<\/b> jungtimi<\/p>\n<p>\u2022Ypa\u010d rekomenduojama naudoti su <b>QUADS\u2122<\/b> kvadratiniais virbalais<\/p>\n","protected":false},"excerpt":{"rendered":"<p>Naujiena nuo prek\u0117s \u017eenklo Chiaogoo\u00a0 QUADS\u2122 rotaciniai adapteriai \u2013 tai inovatyvus sprendimas, suteikiantis daugiau laisv\u0117s ir komforto mezgant su virbalais su valu. Adapteriai leid\u017eia valui laisvai suktis 360\u00b0, suma\u017eina tempim\u0105 ir rank\u0173 nuovarg\u012f mezgant net ir ma\u017eos apimties projektus. Sud\u0117tis \u2022Ner\u016bdijantis plienas \u2022Auk\u0161tos kokyb\u0117s vidin\u0117 sukimosi (rotacijos) konstrukcija Savyb\u0117s \u2022Suderinami su prisukamais \u00a0visais [S] ir [&hellip;]<\/p>\n","protected":false},"featured_media":7823,"comment_status":"open","ping_status":"closed","template":"","meta":{"_acf_changed":false},"product_brand":[166],"product_cat":[15,867,19],"product_tag":[],"pro-kategorijos":[],"class_list":{"0":"post-7822","1":"product","2":"type-product","3":"status-publish","4":"has-post-thumbnail","6":"product_brand-chiaogoo","7":"product_cat-visi-produktai","8":"product_cat-jungtys-ir-kt-priedai","9":"product_cat-mezgimo-priemones","11":"first","12":"instock","13":"shipping-taxable","14":"purchasable","15":"product-type-variable"},"acf":[],"yoast_head":"<!-- This site is optimized with the Yoast SEO plugin v26.8 - https:\/\/yoast.com\/product\/yoast-seo-wordpress\/ -->\n<title>ChiaoGoo QUADS\u2122 rotaciniai adapteriai (Swivel Adapters) - Happyinaknit.com<\/title>\n<meta name=\"robots\" content=\"index, follow, max-snippet:-1, max-image-preview:large, max-video-preview:-1\" \/>\n<link rel=\"canonical\" href=\"https:\/\/happyinaknit.com\/en\/product\/chiaogoo-quads-rotaciniai-adapteriai-swivel-adapters\/\" \/>\n<meta property=\"og:locale\" content=\"en_US\" \/>\n<meta property=\"og:type\" content=\"article\" \/>\n<meta property=\"og:title\" content=\"ChiaoGoo QUADS\u2122 rotaciniai adapteriai (Swivel Adapters) - Happyinaknit.com\" \/>\n<meta property=\"og:description\" content=\"Naujiena nuo prek\u0117s \u017eenklo Chiaogoo\u00a0 QUADS\u2122 rotaciniai adapteriai \u2013 tai inovatyvus sprendimas, suteikiantis daugiau laisv\u0117s ir komforto mezgant su virbalais su valu. Adapteriai leid\u017eia valui laisvai suktis 360\u00b0, suma\u017eina tempim\u0105 ir rank\u0173 nuovarg\u012f mezgant net ir ma\u017eos apimties projektus. Sud\u0117tis \u2022Ner\u016bdijantis plienas \u2022Auk\u0161tos kokyb\u0117s vidin\u0117 sukimosi (rotacijos) konstrukcija Savyb\u0117s \u2022Suderinami su prisukamais \u00a0visais [S] ir [&hellip;]\" \/>\n<meta property=\"og:url\" content=\"https:\/\/happyinaknit.com\/en\/product\/chiaogoo-quads-rotaciniai-adapteriai-swivel-adapters\/\" \/>\n<meta property=\"og:site_name\" content=\"Happyinaknit.com\" \/>\n<meta property=\"article:modified_time\" content=\"2026-03-25T16:56:14+00:00\" \/>\n<meta property=\"og:image\" content=\"https:\/\/happyinaknit.com\/wp-content\/uploads\/2026\/01\/F54714CA-B591-43A4-BD62-AE47FDD94C49.jpg\" \/>\n\t<meta property=\"og:image:width\" content=\"1320\" \/>\n\t<meta property=\"og:image:height\" content=\"2346\" \/>\n\t<meta property=\"og:image:type\" content=\"image\/jpeg\" \/>\n<meta name=\"twitter:card\" content=\"summary_large_image\" \/>\n<meta name=\"twitter:label1\" content=\"Est. reading time\" \/>\n\t<meta name=\"twitter:data1\" content=\"1 minute\" \/>\n<script type=\"application\/ld+json\" class=\"yoast-schema-graph\">{\"@context\":\"https:\/\/schema.org\",\"@graph\":[{\"@type\":\"WebPage\",\"@id\":\"https:\/\/happyinaknit.com\/produktas\/chiaogoo-quads-rotaciniai-adapteriai-swivel-adapters\/\",\"url\":\"https:\/\/happyinaknit.com\/produktas\/chiaogoo-quads-rotaciniai-adapteriai-swivel-adapters\/\",\"name\":\"ChiaoGoo QUADS\u2122 rotaciniai adapteriai (Swivel Adapters) - Happyinaknit.com\",\"isPartOf\":{\"@id\":\"https:\/\/happyinaknit.com\/lt\/#website\"},\"primaryImageOfPage\":{\"@id\":\"https:\/\/happyinaknit.com\/produktas\/chiaogoo-quads-rotaciniai-adapteriai-swivel-adapters\/#primaryimage\"},\"image\":{\"@id\":\"https:\/\/happyinaknit.com\/produktas\/chiaogoo-quads-rotaciniai-adapteriai-swivel-adapters\/#primaryimage\"},\"thumbnailUrl\":\"https:\/\/happyinaknit.com\/wp-content\/uploads\/2026\/01\/F54714CA-B591-43A4-BD62-AE47FDD94C49.jpg\",\"datePublished\":\"2026-01-04T20:27:23+00:00\",\"dateModified\":\"2026-03-25T16:56:14+00:00\",\"breadcrumb\":{\"@id\":\"https:\/\/happyinaknit.com\/produktas\/chiaogoo-quads-rotaciniai-adapteriai-swivel-adapters\/#breadcrumb\"},\"inLanguage\":\"en-US\",\"potentialAction\":[{\"@type\":\"ReadAction\",\"target\":[\"https:\/\/happyinaknit.com\/produktas\/chiaogoo-quads-rotaciniai-adapteriai-swivel-adapters\/\"]}]},{\"@type\":\"ImageObject\",\"inLanguage\":\"en-US\",\"@id\":\"https:\/\/happyinaknit.com\/produktas\/chiaogoo-quads-rotaciniai-adapteriai-swivel-adapters\/#primaryimage\",\"url\":\"https:\/\/happyinaknit.com\/wp-content\/uploads\/2026\/01\/F54714CA-B591-43A4-BD62-AE47FDD94C49.jpg\",\"contentUrl\":\"https:\/\/happyinaknit.com\/wp-content\/uploads\/2026\/01\/F54714CA-B591-43A4-BD62-AE47FDD94C49.jpg\",\"width\":1320,\"height\":2346},{\"@type\":\"BreadcrumbList\",\"@id\":\"https:\/\/happyinaknit.com\/produktas\/chiaogoo-quads-rotaciniai-adapteriai-swivel-adapters\/#breadcrumb\",\"itemListElement\":[{\"@type\":\"ListItem\",\"position\":1,\"name\":\"Home\",\"item\":\"https:\/\/happyinaknit.com\/lt\/\"},{\"@type\":\"ListItem\",\"position\":2,\"name\":\"Parduotuv\u0117\",\"item\":\"https:\/\/happyinaknit.com\/lt\/parduotuve\/\"},{\"@type\":\"ListItem\",\"position\":3,\"name\":\"ChiaoGoo QUADS\u2122 rotaciniai adapteriai (Swivel Adapters)\"}]},{\"@type\":\"WebSite\",\"@id\":\"https:\/\/happyinaknit.com\/lt\/#website\",\"url\":\"https:\/\/happyinaknit.com\/lt\/\",\"name\":\"Happyinaknit.com\",\"description\":\"\",\"potentialAction\":[{\"@type\":\"SearchAction\",\"target\":{\"@type\":\"EntryPoint\",\"urlTemplate\":\"https:\/\/happyinaknit.com\/lt\/?s={search_term_string}\"},\"query-input\":{\"@type\":\"PropertyValueSpecification\",\"valueRequired\":true,\"valueName\":\"search_term_string\"}}],\"inLanguage\":\"en-US\"}]}<\/script>\n<!-- \/ Yoast SEO plugin. -->","yoast_head_json":{"title":"ChiaoGoo QUADS\u2122 rotaciniai adapteriai (Swivel Adapters) - Happyinaknit.com","robots":{"index":"index","follow":"follow","max-snippet":"max-snippet:-1","max-image-preview":"max-image-preview:large","max-video-preview":"max-video-preview:-1"},"canonical":"https:\/\/happyinaknit.com\/en\/product\/chiaogoo-quads-rotaciniai-adapteriai-swivel-adapters\/","og_locale":"en_US","og_type":"article","og_title":"ChiaoGoo QUADS\u2122 rotaciniai adapteriai (Swivel Adapters) - Happyinaknit.com","og_description":"Naujiena nuo prek\u0117s \u017eenklo Chiaogoo\u00a0 QUADS\u2122 rotaciniai adapteriai \u2013 tai inovatyvus sprendimas, suteikiantis daugiau laisv\u0117s ir komforto mezgant su virbalais su valu. Adapteriai leid\u017eia valui laisvai suktis 360\u00b0, suma\u017eina tempim\u0105 ir rank\u0173 nuovarg\u012f mezgant net ir ma\u017eos apimties projektus. Sud\u0117tis \u2022Ner\u016bdijantis plienas \u2022Auk\u0161tos kokyb\u0117s vidin\u0117 sukimosi (rotacijos) konstrukcija Savyb\u0117s \u2022Suderinami su prisukamais \u00a0visais [S] ir [&hellip;]","og_url":"https:\/\/happyinaknit.com\/en\/product\/chiaogoo-quads-rotaciniai-adapteriai-swivel-adapters\/","og_site_name":"Happyinaknit.com","article_modified_time":"2026-03-25T16:56:14+00:00","og_image":[{"width":1320,"height":2346,"url":"https:\/\/happyinaknit.com\/wp-content\/uploads\/2026\/01\/F54714CA-B591-43A4-BD62-AE47FDD94C49.jpg","type":"image\/jpeg"}],"twitter_card":"summary_large_image","twitter_misc":{"Est. reading time":"1 minute"},"schema":{"@context":"https:\/\/schema.org","@graph":[{"@type":"WebPage","@id":"https:\/\/happyinaknit.com\/produktas\/chiaogoo-quads-rotaciniai-adapteriai-swivel-adapters\/","url":"https:\/\/happyinaknit.com\/produktas\/chiaogoo-quads-rotaciniai-adapteriai-swivel-adapters\/","name":"ChiaoGoo QUADS\u2122 rotaciniai adapteriai (Swivel Adapters) - Happyinaknit.com","isPartOf":{"@id":"https:\/\/happyinaknit.com\/lt\/#website"},"primaryImageOfPage":{"@id":"https:\/\/happyinaknit.com\/produktas\/chiaogoo-quads-rotaciniai-adapteriai-swivel-adapters\/#primaryimage"},"image":{"@id":"https:\/\/happyinaknit.com\/produktas\/chiaogoo-quads-rotaciniai-adapteriai-swivel-adapters\/#primaryimage"},"thumbnailUrl":"https:\/\/happyinaknit.com\/wp-content\/uploads\/2026\/01\/F54714CA-B591-43A4-BD62-AE47FDD94C49.jpg","datePublished":"2026-01-04T20:27:23+00:00","dateModified":"2026-03-25T16:56:14+00:00","breadcrumb":{"@id":"https:\/\/happyinaknit.com\/produktas\/chiaogoo-quads-rotaciniai-adapteriai-swivel-adapters\/#breadcrumb"},"inLanguage":"en-US","potentialAction":[{"@type":"ReadAction","target":["https:\/\/happyinaknit.com\/produktas\/chiaogoo-quads-rotaciniai-adapteriai-swivel-adapters\/"]}]},{"@type":"ImageObject","inLanguage":"en-US","@id":"https:\/\/happyinaknit.com\/produktas\/chiaogoo-quads-rotaciniai-adapteriai-swivel-adapters\/#primaryimage","url":"https:\/\/happyinaknit.com\/wp-content\/uploads\/2026\/01\/F54714CA-B591-43A4-BD62-AE47FDD94C49.jpg","contentUrl":"https:\/\/happyinaknit.com\/wp-content\/uploads\/2026\/01\/F54714CA-B591-43A4-BD62-AE47FDD94C49.jpg","width":1320,"height":2346},{"@type":"BreadcrumbList","@id":"https:\/\/happyinaknit.com\/produktas\/chiaogoo-quads-rotaciniai-adapteriai-swivel-adapters\/#breadcrumb","itemListElement":[{"@type":"ListItem","position":1,"name":"Home","item":"https:\/\/happyinaknit.com\/lt\/"},{"@type":"ListItem","position":2,"name":"Parduotuv\u0117","item":"https:\/\/happyinaknit.com\/lt\/parduotuve\/"},{"@type":"ListItem","position":3,"name":"ChiaoGoo QUADS\u2122 rotaciniai adapteriai (Swivel Adapters)"}]},{"@type":"WebSite","@id":"https:\/\/happyinaknit.com\/lt\/#website","url":"https:\/\/happyinaknit.com\/lt\/","name":"Happyinaknit.com","description":"","potentialAction":[{"@type":"SearchAction","target":{"@type":"EntryPoint","urlTemplate":"https:\/\/happyinaknit.com\/lt\/?s={search_term_string}"},"query-input":{"@type":"PropertyValueSpecification","valueRequired":true,"valueName":"search_term_string"}}],"inLanguage":"en-US"}]}},"_links":{"self":[{"href":"https:\/\/happyinaknit.com\/en\/wp-json\/wp\/v2\/product\/7822","targetHints":{"allow":["GET"]}}],"collection":[{"href":"https:\/\/happyinaknit.com\/en\/wp-json\/wp\/v2\/product"}],"about":[{"href":"https:\/\/happyinaknit.com\/en\/wp-json\/wp\/v2\/types\/product"}],"replies":[{"embeddable":true,"href":"https:\/\/happyinaknit.com\/en\/wp-json\/wp\/v2\/comments?post=7822"}],"wp:featuredmedia":[{"embeddable":true,"href":"https:\/\/happyinaknit.com\/en\/wp-json\/wp\/v2\/media\/7823"}],"wp:attachment":[{"href":"https:\/\/happyinaknit.com\/en\/wp-json\/wp\/v2\/media?parent=7822"}],"wp:term":[{"taxonomy":"product_brand","embeddable":true,"href":"https:\/\/happyinaknit.com\/en\/wp-json\/wp\/v2\/product_brand?post=7822"},{"taxonomy":"product_cat","embeddable":true,"href":"https:\/\/happyinaknit.com\/en\/wp-json\/wp\/v2\/product_cat?post=7822"},{"taxonomy":"product_tag","embeddable":true,"href":"https:\/\/happyinaknit.com\/en\/wp-json\/wp\/v2\/product_tag?post=7822"},{"taxonomy":"pro-kategorijos","embeddable":true,"href":"https:\/\/happyinaknit.com\/en\/wp-json\/wp\/v2\/pro-kategorijos?post=7822"}],"curies":[{"name":"wp","href":"https:\/\/api.w.org\/{rel}","templated":true}]}}