{"id":7772,"date":"2026-01-04T19:34:17","date_gmt":"2026-01-04T19:34:17","guid":{"rendered":"https:\/\/happyinaknit.com\/?post_type=product&#038;p=7772"},"modified":"2026-03-23T15:24:37","modified_gmt":"2026-03-23T15:24:37","slug":"chiaogoo-forte-prisukami-virbalai-10-cm","status":"publish","type":"product","link":"https:\/\/happyinaknit.com\/en\/product\/chiaogoo-forte-prisukami-virbalai-10-cm\/","title":{"rendered":"ChiaoGoo Forte Screw-on Rattles 10 cm"},"content":{"rendered":"<p><b>New from the brand Chiaogoo Forte 13 cm long\u00a0<\/b><\/p>\n<p class=\"p1\">ChiaoGoo Forte knitting needles are made of stainless steel and carbon fiber, making them strong, durable, and extremely smooth. The transitions between materials are invisible, making knitting extremely smooth.<\/p>\n<ul>\n<li>\n<p class=\"p1\"><span class=\"s1\">Made of <\/span><b>stainless steel and carbon fiber<\/b><span class=\"s1\">.<\/span><\/p>\n<\/li>\n<li>\n<p class=\"p1\"><span class=\"s1\"><b>Sharp tips<\/b><\/span> allows you to comfortably grip the thread.<\/p>\n<\/li>\n<li>\n<p class=\"p1\">Size (mm) <span class=\"s1\"><b>engraved on the tip<\/b><\/span> \u2013 will not wear out with use.<\/p>\n<\/li>\n<li>\n<p class=\"p1\"><span class=\"s1\">Compatible with all ChiaoGoo systems: <\/span><b>TWIST Red, TWIST Blue, SWIV360 Silver, SPIN Nylon.<\/b><b><\/b><\/p>\n<\/li>\n<li>\n<p class=\"p1\">Available <span class=\"s1\"><b>Small<\/b><\/span> and <span class=\"s1\"><b>Large<\/b><\/span> types of connections.<\/p>\n<\/li>\n<li>\n<p class=\"p1\">Needle tip length (without line): <span class=\"s1\"><b>10 cm<\/b><\/span>.<\/p>\n<\/li>\n<\/ul>","protected":false},"excerpt":{"rendered":"<p>Naujiena nuo prek\u0117s \u017eenklo Chiaogoo Forte 10 cm ilgio\u00a0 \u201eChiaoGoo Forte\u201c virbalai pagaminti i\u0161 ner\u016bdijan\u010dio plieno ir anglies pluo\u0161to, tod\u0117l yra tvirti, ilgaam\u017eiai ir ypatingai lyg\u016bs. Per\u0117jimai tarp med\u017eiag\u0173 nepastebimi, tad mezgimas tampa itin sklandus. Pagaminti i\u0161 ner\u016bdijan\u010dio plieno ir anglies pluo\u0161to. A\u0161tr\u016bs galiukai leid\u017eia patogiai suimti si\u016bl\u0105. Dydis (mm) i\u0161graviruotas ant galiuko \u2013 nenusitrins [&hellip;]<\/p>\n","protected":false},"featured_media":7778,"comment_status":"open","ping_status":"closed","template":"","meta":{"_acf_changed":false},"product_brand":[166],"product_cat":[15,19,863],"product_tag":[],"pro-kategorijos":[],"class_list":{"0":"post-7772","1":"product","2":"type-product","3":"status-publish","4":"has-post-thumbnail","6":"product_brand-chiaogoo","7":"product_cat-visi-produktai","8":"product_cat-mezgimo-priemones","9":"product_cat-prisukami-virbalai","11":"first","12":"instock","13":"shipping-taxable","14":"purchasable","15":"product-type-variable"},"acf":[],"yoast_head":"<!-- This site is optimized with the Yoast SEO plugin v26.8 - https:\/\/yoast.com\/product\/yoast-seo-wordpress\/ -->\n<title>ChiaoGoo Forte prisukami virbalai 10 cm - Happyinaknit.com<\/title>\n<meta name=\"robots\" content=\"index, follow, max-snippet:-1, max-image-preview:large, max-video-preview:-1\" \/>\n<link rel=\"canonical\" href=\"https:\/\/happyinaknit.com\/en\/product\/chiaogoo-forte-prisukami-virbalai-10-cm\/\" \/>\n<meta property=\"og:locale\" content=\"en_US\" \/>\n<meta property=\"og:type\" content=\"article\" \/>\n<meta property=\"og:title\" content=\"ChiaoGoo Forte prisukami virbalai 10 cm - Happyinaknit.com\" \/>\n<meta property=\"og:description\" content=\"Naujiena nuo prek\u0117s \u017eenklo Chiaogoo Forte 10 cm ilgio\u00a0 \u201eChiaoGoo Forte\u201c virbalai pagaminti i\u0161 ner\u016bdijan\u010dio plieno ir anglies pluo\u0161to, tod\u0117l yra tvirti, ilgaam\u017eiai ir ypatingai lyg\u016bs. Per\u0117jimai tarp med\u017eiag\u0173 nepastebimi, tad mezgimas tampa itin sklandus. Pagaminti i\u0161 ner\u016bdijan\u010dio plieno ir anglies pluo\u0161to. A\u0161tr\u016bs galiukai leid\u017eia patogiai suimti si\u016bl\u0105. Dydis (mm) i\u0161graviruotas ant galiuko \u2013 nenusitrins [&hellip;]\" \/>\n<meta property=\"og:url\" content=\"https:\/\/happyinaknit.com\/en\/product\/chiaogoo-forte-prisukami-virbalai-10-cm\/\" \/>\n<meta property=\"og:site_name\" content=\"Happyinaknit.com\" \/>\n<meta property=\"article:modified_time\" content=\"2026-03-23T15:24:37+00:00\" \/>\n<meta property=\"og:image\" content=\"https:\/\/happyinaknit.com\/wp-content\/uploads\/2026\/01\/0DFF89DA-6287-4451-B778-38649B1746CC.jpg\" \/>\n\t<meta property=\"og:image:width\" content=\"1320\" \/>\n\t<meta property=\"og:image:height\" content=\"2346\" \/>\n\t<meta property=\"og:image:type\" content=\"image\/jpeg\" \/>\n<meta name=\"twitter:card\" content=\"summary_large_image\" \/>\n<meta name=\"twitter:label1\" content=\"Est. reading time\" \/>\n\t<meta name=\"twitter:data1\" content=\"1 minute\" \/>\n<script type=\"application\/ld+json\" class=\"yoast-schema-graph\">{\"@context\":\"https:\/\/schema.org\",\"@graph\":[{\"@type\":\"WebPage\",\"@id\":\"https:\/\/happyinaknit.com\/produktas\/chiaogoo-forte-prisukami-virbalai-10-cm\/\",\"url\":\"https:\/\/happyinaknit.com\/produktas\/chiaogoo-forte-prisukami-virbalai-10-cm\/\",\"name\":\"ChiaoGoo Forte prisukami virbalai 10 cm - Happyinaknit.com\",\"isPartOf\":{\"@id\":\"https:\/\/happyinaknit.com\/lt\/#website\"},\"primaryImageOfPage\":{\"@id\":\"https:\/\/happyinaknit.com\/produktas\/chiaogoo-forte-prisukami-virbalai-10-cm\/#primaryimage\"},\"image\":{\"@id\":\"https:\/\/happyinaknit.com\/produktas\/chiaogoo-forte-prisukami-virbalai-10-cm\/#primaryimage\"},\"thumbnailUrl\":\"https:\/\/happyinaknit.com\/wp-content\/uploads\/2026\/01\/0DFF89DA-6287-4451-B778-38649B1746CC.jpg\",\"datePublished\":\"2026-01-04T19:34:17+00:00\",\"dateModified\":\"2026-03-23T15:24:37+00:00\",\"breadcrumb\":{\"@id\":\"https:\/\/happyinaknit.com\/produktas\/chiaogoo-forte-prisukami-virbalai-10-cm\/#breadcrumb\"},\"inLanguage\":\"en-US\",\"potentialAction\":[{\"@type\":\"ReadAction\",\"target\":[\"https:\/\/happyinaknit.com\/produktas\/chiaogoo-forte-prisukami-virbalai-10-cm\/\"]}]},{\"@type\":\"ImageObject\",\"inLanguage\":\"en-US\",\"@id\":\"https:\/\/happyinaknit.com\/produktas\/chiaogoo-forte-prisukami-virbalai-10-cm\/#primaryimage\",\"url\":\"https:\/\/happyinaknit.com\/wp-content\/uploads\/2026\/01\/0DFF89DA-6287-4451-B778-38649B1746CC.jpg\",\"contentUrl\":\"https:\/\/happyinaknit.com\/wp-content\/uploads\/2026\/01\/0DFF89DA-6287-4451-B778-38649B1746CC.jpg\",\"width\":1320,\"height\":2346},{\"@type\":\"BreadcrumbList\",\"@id\":\"https:\/\/happyinaknit.com\/produktas\/chiaogoo-forte-prisukami-virbalai-10-cm\/#breadcrumb\",\"itemListElement\":[{\"@type\":\"ListItem\",\"position\":1,\"name\":\"Home\",\"item\":\"https:\/\/happyinaknit.com\/lt\/\"},{\"@type\":\"ListItem\",\"position\":2,\"name\":\"Parduotuv\u0117\",\"item\":\"https:\/\/happyinaknit.com\/lt\/parduotuve\/\"},{\"@type\":\"ListItem\",\"position\":3,\"name\":\"ChiaoGoo Forte prisukami virbalai 10 cm\"}]},{\"@type\":\"WebSite\",\"@id\":\"https:\/\/happyinaknit.com\/lt\/#website\",\"url\":\"https:\/\/happyinaknit.com\/lt\/\",\"name\":\"Happyinaknit.com\",\"description\":\"\",\"potentialAction\":[{\"@type\":\"SearchAction\",\"target\":{\"@type\":\"EntryPoint\",\"urlTemplate\":\"https:\/\/happyinaknit.com\/lt\/?s={search_term_string}\"},\"query-input\":{\"@type\":\"PropertyValueSpecification\",\"valueRequired\":true,\"valueName\":\"search_term_string\"}}],\"inLanguage\":\"en-US\"}]}<\/script>\n<!-- \/ Yoast SEO plugin. -->","yoast_head_json":{"title":"ChiaoGoo Forte prisukami virbalai 10 cm - Happyinaknit.com","robots":{"index":"index","follow":"follow","max-snippet":"max-snippet:-1","max-image-preview":"max-image-preview:large","max-video-preview":"max-video-preview:-1"},"canonical":"https:\/\/happyinaknit.com\/en\/product\/chiaogoo-forte-prisukami-virbalai-10-cm\/","og_locale":"en_US","og_type":"article","og_title":"ChiaoGoo Forte prisukami virbalai 10 cm - Happyinaknit.com","og_description":"Naujiena nuo prek\u0117s \u017eenklo Chiaogoo Forte 10 cm ilgio\u00a0 \u201eChiaoGoo Forte\u201c virbalai pagaminti i\u0161 ner\u016bdijan\u010dio plieno ir anglies pluo\u0161to, tod\u0117l yra tvirti, ilgaam\u017eiai ir ypatingai lyg\u016bs. Per\u0117jimai tarp med\u017eiag\u0173 nepastebimi, tad mezgimas tampa itin sklandus. Pagaminti i\u0161 ner\u016bdijan\u010dio plieno ir anglies pluo\u0161to. A\u0161tr\u016bs galiukai leid\u017eia patogiai suimti si\u016bl\u0105. Dydis (mm) i\u0161graviruotas ant galiuko \u2013 nenusitrins [&hellip;]","og_url":"https:\/\/happyinaknit.com\/en\/product\/chiaogoo-forte-prisukami-virbalai-10-cm\/","og_site_name":"Happyinaknit.com","article_modified_time":"2026-03-23T15:24:37+00:00","og_image":[{"width":1320,"height":2346,"url":"https:\/\/happyinaknit.com\/wp-content\/uploads\/2026\/01\/0DFF89DA-6287-4451-B778-38649B1746CC.jpg","type":"image\/jpeg"}],"twitter_card":"summary_large_image","twitter_misc":{"Est. reading time":"1 minute"},"schema":{"@context":"https:\/\/schema.org","@graph":[{"@type":"WebPage","@id":"https:\/\/happyinaknit.com\/produktas\/chiaogoo-forte-prisukami-virbalai-10-cm\/","url":"https:\/\/happyinaknit.com\/produktas\/chiaogoo-forte-prisukami-virbalai-10-cm\/","name":"ChiaoGoo Forte prisukami virbalai 10 cm - Happyinaknit.com","isPartOf":{"@id":"https:\/\/happyinaknit.com\/lt\/#website"},"primaryImageOfPage":{"@id":"https:\/\/happyinaknit.com\/produktas\/chiaogoo-forte-prisukami-virbalai-10-cm\/#primaryimage"},"image":{"@id":"https:\/\/happyinaknit.com\/produktas\/chiaogoo-forte-prisukami-virbalai-10-cm\/#primaryimage"},"thumbnailUrl":"https:\/\/happyinaknit.com\/wp-content\/uploads\/2026\/01\/0DFF89DA-6287-4451-B778-38649B1746CC.jpg","datePublished":"2026-01-04T19:34:17+00:00","dateModified":"2026-03-23T15:24:37+00:00","breadcrumb":{"@id":"https:\/\/happyinaknit.com\/produktas\/chiaogoo-forte-prisukami-virbalai-10-cm\/#breadcrumb"},"inLanguage":"en-US","potentialAction":[{"@type":"ReadAction","target":["https:\/\/happyinaknit.com\/produktas\/chiaogoo-forte-prisukami-virbalai-10-cm\/"]}]},{"@type":"ImageObject","inLanguage":"en-US","@id":"https:\/\/happyinaknit.com\/produktas\/chiaogoo-forte-prisukami-virbalai-10-cm\/#primaryimage","url":"https:\/\/happyinaknit.com\/wp-content\/uploads\/2026\/01\/0DFF89DA-6287-4451-B778-38649B1746CC.jpg","contentUrl":"https:\/\/happyinaknit.com\/wp-content\/uploads\/2026\/01\/0DFF89DA-6287-4451-B778-38649B1746CC.jpg","width":1320,"height":2346},{"@type":"BreadcrumbList","@id":"https:\/\/happyinaknit.com\/produktas\/chiaogoo-forte-prisukami-virbalai-10-cm\/#breadcrumb","itemListElement":[{"@type":"ListItem","position":1,"name":"Home","item":"https:\/\/happyinaknit.com\/lt\/"},{"@type":"ListItem","position":2,"name":"Parduotuv\u0117","item":"https:\/\/happyinaknit.com\/lt\/parduotuve\/"},{"@type":"ListItem","position":3,"name":"ChiaoGoo Forte prisukami virbalai 10 cm"}]},{"@type":"WebSite","@id":"https:\/\/happyinaknit.com\/lt\/#website","url":"https:\/\/happyinaknit.com\/lt\/","name":"Happyinaknit.com","description":"","potentialAction":[{"@type":"SearchAction","target":{"@type":"EntryPoint","urlTemplate":"https:\/\/happyinaknit.com\/lt\/?s={search_term_string}"},"query-input":{"@type":"PropertyValueSpecification","valueRequired":true,"valueName":"search_term_string"}}],"inLanguage":"en-US"}]}},"_links":{"self":[{"href":"https:\/\/happyinaknit.com\/en\/wp-json\/wp\/v2\/product\/7772","targetHints":{"allow":["GET"]}}],"collection":[{"href":"https:\/\/happyinaknit.com\/en\/wp-json\/wp\/v2\/product"}],"about":[{"href":"https:\/\/happyinaknit.com\/en\/wp-json\/wp\/v2\/types\/product"}],"replies":[{"embeddable":true,"href":"https:\/\/happyinaknit.com\/en\/wp-json\/wp\/v2\/comments?post=7772"}],"wp:featuredmedia":[{"embeddable":true,"href":"https:\/\/happyinaknit.com\/en\/wp-json\/wp\/v2\/media\/7778"}],"wp:attachment":[{"href":"https:\/\/happyinaknit.com\/en\/wp-json\/wp\/v2\/media?parent=7772"}],"wp:term":[{"taxonomy":"product_brand","embeddable":true,"href":"https:\/\/happyinaknit.com\/en\/wp-json\/wp\/v2\/product_brand?post=7772"},{"taxonomy":"product_cat","embeddable":true,"href":"https:\/\/happyinaknit.com\/en\/wp-json\/wp\/v2\/product_cat?post=7772"},{"taxonomy":"product_tag","embeddable":true,"href":"https:\/\/happyinaknit.com\/en\/wp-json\/wp\/v2\/product_tag?post=7772"},{"taxonomy":"pro-kategorijos","embeddable":true,"href":"https:\/\/happyinaknit.com\/en\/wp-json\/wp\/v2\/pro-kategorijos?post=7772"}],"curies":[{"name":"wp","href":"https:\/\/api.w.org\/{rel}","templated":true}]}}