{"id":7622,"date":"2025-12-10T08:40:30","date_gmt":"2025-12-10T08:40:30","guid":{"rendered":"https:\/\/happyinaknit.com\/?post_type=product&#038;p=7622"},"modified":"2025-12-10T08:43:25","modified_gmt":"2025-12-10T08:43:25","slug":"myak-baby-camel","status":"publish","type":"product","link":"https:\/\/happyinaknit.com\/en\/product\/myak-baby-camel\/","title":{"rendered":"Myak - Baby Camel"},"content":{"rendered":"<p><b>Myak Baby Camel yarn<\/b> - A luxurious, ultra-soft and warm yarn made from the down of the two-humped camels that live in the highlands of Tibet. This yarn is naturally luxurious, strong and soft, and originates from authentic Tibetan communities where Tibetan and Mongolian cultures intermingle. The fibre is harvested gently as the animals migrate through the harsh northeastern regions of Tibet, and then expertly spun in Italy, preserving the natural qualities of Baby Camel.<\/p>\n<p><b>Composition: <\/b><b><\/b>100% Baby Camel (camel fiber)<\/p>\n<p><b>Weight\/Length: <\/b><b><\/b>50 g - 175 m<\/p>\n<p><b>Recommended needles: <\/b><b><\/b>3.25-3.75 mm<\/p>\n<p><b>Density: <\/b><b><\/b>10 \u00d7 10 cm - 20 stitches \u00d7 30 rows<\/p>\n<p><b>Care: <\/b><b><\/b>Hand washing in cool water using a wool detergent is recommended. Dry horizontally.<\/p>\n<p><b>Note: <\/b><b><\/b>Color shades may vary slightly depending on your device&#039;s screen.<\/p>","protected":false},"excerpt":{"rendered":"<p>Myak Baby Camel si\u016blai \u2014 prabang\u016bs, itin \u0161veln\u016bs ir \u0161ilti si\u016blai, sukurti i\u0161 Tibeto auk\u0161tumose gyvenan\u010di\u0173 dvikupri\u0173 kupranugari\u0173 p\u016bko. \u0160ie si\u016blai i\u0161siskiria savo nat\u016bralia prabanga, j\u0117ga ir mink\u0161tumu, o j\u0173 kilm\u0117 \u2013 autenti\u0161kos Tibeto bendruomen\u0117s, kuriose persipina tibetie\u010di\u0173 ir mongol\u0173 kult\u016bros. Pluo\u0161tas renkamas \u0161velniai, gyv\u016bnams migruojant per at\u0161iaurius \u0161iaur\u0117s ryt\u0173 Tibeto regionus, o v\u0117liau meistri\u0161kai [&hellip;]<\/p>\n","protected":false},"featured_media":7620,"comment_status":"open","ping_status":"closed","template":"","meta":{"_acf_changed":false},"product_brand":[63],"product_cat":[15,18],"product_tag":[],"pro-kategorijos":[1490],"class_list":{"0":"post-7622","1":"product","2":"type-product","3":"status-publish","4":"has-post-thumbnail","6":"product_brand-myak","7":"product_cat-visi-produktai","8":"product_cat-siulai","9":"pro-kategorijos-baby-kupranugario-vilna","11":"first","12":"instock","13":"shipping-taxable","14":"purchasable","15":"product-type-variable"},"acf":[],"yoast_head":"<!-- This site is optimized with the Yoast SEO plugin v26.8 - https:\/\/yoast.com\/product\/yoast-seo-wordpress\/ -->\n<title>Myak - Baby Camel - Happyinaknit.com<\/title>\n<meta name=\"robots\" content=\"index, follow, max-snippet:-1, max-image-preview:large, max-video-preview:-1\" \/>\n<link rel=\"canonical\" href=\"https:\/\/happyinaknit.com\/en\/product\/myak-baby-camel\/\" \/>\n<meta property=\"og:locale\" content=\"en_US\" \/>\n<meta property=\"og:type\" content=\"article\" \/>\n<meta property=\"og:title\" content=\"Myak - Baby Camel - Happyinaknit.com\" \/>\n<meta property=\"og:description\" content=\"Myak Baby Camel si\u016blai \u2014 prabang\u016bs, itin \u0161veln\u016bs ir \u0161ilti si\u016blai, sukurti i\u0161 Tibeto auk\u0161tumose gyvenan\u010di\u0173 dvikupri\u0173 kupranugari\u0173 p\u016bko. \u0160ie si\u016blai i\u0161siskiria savo nat\u016bralia prabanga, j\u0117ga ir mink\u0161tumu, o j\u0173 kilm\u0117 \u2013 autenti\u0161kos Tibeto bendruomen\u0117s, kuriose persipina tibetie\u010di\u0173 ir mongol\u0173 kult\u016bros. Pluo\u0161tas renkamas \u0161velniai, gyv\u016bnams migruojant per at\u0161iaurius \u0161iaur\u0117s ryt\u0173 Tibeto regionus, o v\u0117liau meistri\u0161kai [&hellip;]\" \/>\n<meta property=\"og:url\" content=\"https:\/\/happyinaknit.com\/en\/product\/myak-baby-camel\/\" \/>\n<meta property=\"og:site_name\" content=\"Happyinaknit.com\" \/>\n<meta property=\"article:modified_time\" content=\"2025-12-10T08:43:25+00:00\" \/>\n<meta property=\"og:image\" content=\"https:\/\/happyinaknit.com\/wp-content\/uploads\/2025\/12\/IMG_2900.jpg\" \/>\n\t<meta property=\"og:image:width\" content=\"1285\" \/>\n\t<meta property=\"og:image:height\" content=\"1247\" \/>\n\t<meta property=\"og:image:type\" content=\"image\/jpeg\" \/>\n<meta name=\"twitter:card\" content=\"summary_large_image\" \/>\n<meta name=\"twitter:label1\" content=\"Est. reading time\" \/>\n\t<meta name=\"twitter:data1\" content=\"1 minute\" \/>\n<script type=\"application\/ld+json\" class=\"yoast-schema-graph\">{\"@context\":\"https:\/\/schema.org\",\"@graph\":[{\"@type\":\"WebPage\",\"@id\":\"https:\/\/happyinaknit.com\/produktas\/myak-baby-camel\/\",\"url\":\"https:\/\/happyinaknit.com\/produktas\/myak-baby-camel\/\",\"name\":\"Myak - Baby Camel - Happyinaknit.com\",\"isPartOf\":{\"@id\":\"https:\/\/happyinaknit.com\/lt\/#website\"},\"primaryImageOfPage\":{\"@id\":\"https:\/\/happyinaknit.com\/produktas\/myak-baby-camel\/#primaryimage\"},\"image\":{\"@id\":\"https:\/\/happyinaknit.com\/produktas\/myak-baby-camel\/#primaryimage\"},\"thumbnailUrl\":\"https:\/\/happyinaknit.com\/wp-content\/uploads\/2025\/12\/IMG_2900.jpg\",\"datePublished\":\"2025-12-10T08:40:30+00:00\",\"dateModified\":\"2025-12-10T08:43:25+00:00\",\"breadcrumb\":{\"@id\":\"https:\/\/happyinaknit.com\/produktas\/myak-baby-camel\/#breadcrumb\"},\"inLanguage\":\"en-US\",\"potentialAction\":[{\"@type\":\"ReadAction\",\"target\":[\"https:\/\/happyinaknit.com\/produktas\/myak-baby-camel\/\"]}]},{\"@type\":\"ImageObject\",\"inLanguage\":\"en-US\",\"@id\":\"https:\/\/happyinaknit.com\/produktas\/myak-baby-camel\/#primaryimage\",\"url\":\"https:\/\/happyinaknit.com\/wp-content\/uploads\/2025\/12\/IMG_2900.jpg\",\"contentUrl\":\"https:\/\/happyinaknit.com\/wp-content\/uploads\/2025\/12\/IMG_2900.jpg\",\"width\":1285,\"height\":1247,\"caption\":\"Screenshot\"},{\"@type\":\"BreadcrumbList\",\"@id\":\"https:\/\/happyinaknit.com\/produktas\/myak-baby-camel\/#breadcrumb\",\"itemListElement\":[{\"@type\":\"ListItem\",\"position\":1,\"name\":\"Home\",\"item\":\"https:\/\/happyinaknit.com\/lt\/\"},{\"@type\":\"ListItem\",\"position\":2,\"name\":\"Parduotuv\u0117\",\"item\":\"https:\/\/happyinaknit.com\/lt\/parduotuve\/\"},{\"@type\":\"ListItem\",\"position\":3,\"name\":\"Myak &#8211; Baby Camel\"}]},{\"@type\":\"WebSite\",\"@id\":\"https:\/\/happyinaknit.com\/lt\/#website\",\"url\":\"https:\/\/happyinaknit.com\/lt\/\",\"name\":\"Happyinaknit.com\",\"description\":\"\",\"potentialAction\":[{\"@type\":\"SearchAction\",\"target\":{\"@type\":\"EntryPoint\",\"urlTemplate\":\"https:\/\/happyinaknit.com\/lt\/?s={search_term_string}\"},\"query-input\":{\"@type\":\"PropertyValueSpecification\",\"valueRequired\":true,\"valueName\":\"search_term_string\"}}],\"inLanguage\":\"en-US\"}]}<\/script>\n<!-- \/ Yoast SEO plugin. -->","yoast_head_json":{"title":"Myak - Baby Camel - Happyinaknit.com","robots":{"index":"index","follow":"follow","max-snippet":"max-snippet:-1","max-image-preview":"max-image-preview:large","max-video-preview":"max-video-preview:-1"},"canonical":"https:\/\/happyinaknit.com\/en\/product\/myak-baby-camel\/","og_locale":"en_US","og_type":"article","og_title":"Myak - Baby Camel - Happyinaknit.com","og_description":"Myak Baby Camel si\u016blai \u2014 prabang\u016bs, itin \u0161veln\u016bs ir \u0161ilti si\u016blai, sukurti i\u0161 Tibeto auk\u0161tumose gyvenan\u010di\u0173 dvikupri\u0173 kupranugari\u0173 p\u016bko. \u0160ie si\u016blai i\u0161siskiria savo nat\u016bralia prabanga, j\u0117ga ir mink\u0161tumu, o j\u0173 kilm\u0117 \u2013 autenti\u0161kos Tibeto bendruomen\u0117s, kuriose persipina tibetie\u010di\u0173 ir mongol\u0173 kult\u016bros. Pluo\u0161tas renkamas \u0161velniai, gyv\u016bnams migruojant per at\u0161iaurius \u0161iaur\u0117s ryt\u0173 Tibeto regionus, o v\u0117liau meistri\u0161kai [&hellip;]","og_url":"https:\/\/happyinaknit.com\/en\/product\/myak-baby-camel\/","og_site_name":"Happyinaknit.com","article_modified_time":"2025-12-10T08:43:25+00:00","og_image":[{"width":1285,"height":1247,"url":"https:\/\/happyinaknit.com\/wp-content\/uploads\/2025\/12\/IMG_2900.jpg","type":"image\/jpeg"}],"twitter_card":"summary_large_image","twitter_misc":{"Est. reading time":"1 minute"},"schema":{"@context":"https:\/\/schema.org","@graph":[{"@type":"WebPage","@id":"https:\/\/happyinaknit.com\/produktas\/myak-baby-camel\/","url":"https:\/\/happyinaknit.com\/produktas\/myak-baby-camel\/","name":"Myak - Baby Camel - Happyinaknit.com","isPartOf":{"@id":"https:\/\/happyinaknit.com\/lt\/#website"},"primaryImageOfPage":{"@id":"https:\/\/happyinaknit.com\/produktas\/myak-baby-camel\/#primaryimage"},"image":{"@id":"https:\/\/happyinaknit.com\/produktas\/myak-baby-camel\/#primaryimage"},"thumbnailUrl":"https:\/\/happyinaknit.com\/wp-content\/uploads\/2025\/12\/IMG_2900.jpg","datePublished":"2025-12-10T08:40:30+00:00","dateModified":"2025-12-10T08:43:25+00:00","breadcrumb":{"@id":"https:\/\/happyinaknit.com\/produktas\/myak-baby-camel\/#breadcrumb"},"inLanguage":"en-US","potentialAction":[{"@type":"ReadAction","target":["https:\/\/happyinaknit.com\/produktas\/myak-baby-camel\/"]}]},{"@type":"ImageObject","inLanguage":"en-US","@id":"https:\/\/happyinaknit.com\/produktas\/myak-baby-camel\/#primaryimage","url":"https:\/\/happyinaknit.com\/wp-content\/uploads\/2025\/12\/IMG_2900.jpg","contentUrl":"https:\/\/happyinaknit.com\/wp-content\/uploads\/2025\/12\/IMG_2900.jpg","width":1285,"height":1247,"caption":"Screenshot"},{"@type":"BreadcrumbList","@id":"https:\/\/happyinaknit.com\/produktas\/myak-baby-camel\/#breadcrumb","itemListElement":[{"@type":"ListItem","position":1,"name":"Home","item":"https:\/\/happyinaknit.com\/lt\/"},{"@type":"ListItem","position":2,"name":"Parduotuv\u0117","item":"https:\/\/happyinaknit.com\/lt\/parduotuve\/"},{"@type":"ListItem","position":3,"name":"Myak &#8211; Baby Camel"}]},{"@type":"WebSite","@id":"https:\/\/happyinaknit.com\/lt\/#website","url":"https:\/\/happyinaknit.com\/lt\/","name":"Happyinaknit.com","description":"","potentialAction":[{"@type":"SearchAction","target":{"@type":"EntryPoint","urlTemplate":"https:\/\/happyinaknit.com\/lt\/?s={search_term_string}"},"query-input":{"@type":"PropertyValueSpecification","valueRequired":true,"valueName":"search_term_string"}}],"inLanguage":"en-US"}]}},"_links":{"self":[{"href":"https:\/\/happyinaknit.com\/en\/wp-json\/wp\/v2\/product\/7622","targetHints":{"allow":["GET"]}}],"collection":[{"href":"https:\/\/happyinaknit.com\/en\/wp-json\/wp\/v2\/product"}],"about":[{"href":"https:\/\/happyinaknit.com\/en\/wp-json\/wp\/v2\/types\/product"}],"replies":[{"embeddable":true,"href":"https:\/\/happyinaknit.com\/en\/wp-json\/wp\/v2\/comments?post=7622"}],"wp:featuredmedia":[{"embeddable":true,"href":"https:\/\/happyinaknit.com\/en\/wp-json\/wp\/v2\/media\/7620"}],"wp:attachment":[{"href":"https:\/\/happyinaknit.com\/en\/wp-json\/wp\/v2\/media?parent=7622"}],"wp:term":[{"taxonomy":"product_brand","embeddable":true,"href":"https:\/\/happyinaknit.com\/en\/wp-json\/wp\/v2\/product_brand?post=7622"},{"taxonomy":"product_cat","embeddable":true,"href":"https:\/\/happyinaknit.com\/en\/wp-json\/wp\/v2\/product_cat?post=7622"},{"taxonomy":"product_tag","embeddable":true,"href":"https:\/\/happyinaknit.com\/en\/wp-json\/wp\/v2\/product_tag?post=7622"},{"taxonomy":"pro-kategorijos","embeddable":true,"href":"https:\/\/happyinaknit.com\/en\/wp-json\/wp\/v2\/pro-kategorijos?post=7622"}],"curies":[{"name":"wp","href":"https:\/\/api.w.org\/{rel}","templated":true}]}}