{"id":7592,"date":"2025-12-05T18:59:31","date_gmt":"2025-12-05T18:59:31","guid":{"rendered":"https:\/\/happyinaknit.com\/?post_type=product&#038;p=7592"},"modified":"2026-03-10T13:54:16","modified_gmt":"2026-03-10T13:54:16","slug":"virbalu-stabdziukai-megzti-drabuzeliai","status":"publish","type":"product","link":"https:\/\/happyinaknit.com\/en\/product\/virbalu-stabdziukai-megzti-drabuzeliai\/","title":{"rendered":"Katia Needle Stoppers \u201eKnitted clothes\u201c"},"content":{"rendered":"<p>The adorable elastic cord stoppers in the shape of miniature knitted garments not only protect your knitted garment, but also add a cosy touch to every project. Perfect for storing cords at home and on the go.<\/p>\n<p><b>Description<\/b><b><\/b><\/p>\n<p>The soft pastel-coloured stops keep your stitches from slipping off the cords and protect against accidental punctures during storage. Each set contains 2 identical stoppers. Three cute designs are available:<\/p>\n<p>-vests<\/p>\n<p>-mittens<\/p>\n<p>-scarves<\/p>\n<p><b>Characteristics<\/b><b><\/b><\/p>\n<p>-Material: soft rubber<\/p>\n<p>-Quantity in set: 2 pcs.<\/p>\n<p>-Purpose: stitch fixation, protection of needle tips<\/p>\n<p>-Compatibility: fits most standard knitting needles<\/p>\n<p>-Form: knitted garment shape (decorative)<\/p>\n<p><b>Benefits<\/b><b><\/b><\/p>\n<p>-Reliably keeps stitches on the needles<\/p>\n<p>-Protects against accidental pricks  during storage<\/p>\n<p>Does not damage needles or yarn<\/p>\n<p>-Soft, lightweight and easy to use<\/p>\n<p>-A delicate and original knitting  accessory<\/p>\n<p><b>Complete<\/b><b><\/b><\/p>\n<p>-1 set = 2 identical stoppers of the chosen design<\/p>\n<p><b>Maintenance<\/b><b><\/b><\/p>\n<p>If necessary, wipe with a damp cloth. Do not store at high temperatures.<\/p>\n<p><b>Note:<\/b> Color shades may vary slightly depending on your device&#039;s screen.<\/p>","protected":false},"excerpt":{"rendered":"<p>\u017dav\u016bs guminiai virbal\u0173 stabd\u017eiukai miniati\u016brini\u0173 megzt\u0173 drabu\u017e\u0117li\u0173 formos ne tik saugo j\u016bs\u0173 mezgin\u012f, bet ir suteikia jaukumo kiekvienam projektui. Puikiai tinka virbalams laikyti namuose ir kelion\u0117se. Apra\u0161ymas \u0160velni\u0173 pastelini\u0173 spalv\u0173 stabd\u017eiukai neleid\u017eia akims nuslysti nuo virbal\u0173 ir saugo nuo nety\u010dini\u0173 \u012fd\u016brim\u0173 laikymo metu. Kiekvien\u0105 rinkin\u012f sudaro 2 vienodi stabd\u017eiukai. Galimi trys mieli dizainai: \u2022liemen\u0117s \u2022pir\u0161tin\u0117s [&hellip;]<\/p>\n","protected":false},"featured_media":7590,"comment_status":"open","ping_status":"closed","template":"","meta":{"_acf_changed":false},"product_brand":[69],"product_cat":[15,868,19],"product_tag":[],"pro-kategorijos":[],"class_list":{"0":"post-7592","1":"product","2":"type-product","3":"status-publish","4":"has-post-thumbnail","6":"product_brand-concept-by-katia","7":"product_cat-visi-produktai","8":"product_cat-antgaliaistabdziukai","9":"product_cat-mezgimo-priemones","11":"first","12":"instock","13":"shipping-taxable","14":"purchasable","15":"product-type-variable"},"acf":[],"yoast_head":"<!-- This site is optimized with the Yoast SEO plugin v26.8 - https:\/\/yoast.com\/product\/yoast-seo-wordpress\/ -->\n<title>Katia Virbal\u0173 stabd\u017eiukai \u201eMegzti drabu\u017e\u0117liai\u201c - Happyinaknit.com<\/title>\n<meta name=\"robots\" content=\"index, follow, max-snippet:-1, max-image-preview:large, max-video-preview:-1\" \/>\n<link rel=\"canonical\" href=\"https:\/\/happyinaknit.com\/en\/product\/virbalu-stabdziukai-megzti-drabuzeliai\/\" \/>\n<meta property=\"og:locale\" content=\"en_US\" \/>\n<meta property=\"og:type\" content=\"article\" \/>\n<meta property=\"og:title\" content=\"Katia Virbal\u0173 stabd\u017eiukai \u201eMegzti drabu\u017e\u0117liai\u201c - Happyinaknit.com\" \/>\n<meta property=\"og:description\" content=\"\u017dav\u016bs guminiai virbal\u0173 stabd\u017eiukai miniati\u016brini\u0173 megzt\u0173 drabu\u017e\u0117li\u0173 formos ne tik saugo j\u016bs\u0173 mezgin\u012f, bet ir suteikia jaukumo kiekvienam projektui. Puikiai tinka virbalams laikyti namuose ir kelion\u0117se. Apra\u0161ymas \u0160velni\u0173 pastelini\u0173 spalv\u0173 stabd\u017eiukai neleid\u017eia akims nuslysti nuo virbal\u0173 ir saugo nuo nety\u010dini\u0173 \u012fd\u016brim\u0173 laikymo metu. Kiekvien\u0105 rinkin\u012f sudaro 2 vienodi stabd\u017eiukai. Galimi trys mieli dizainai: \u2022liemen\u0117s \u2022pir\u0161tin\u0117s [&hellip;]\" \/>\n<meta property=\"og:url\" content=\"https:\/\/happyinaknit.com\/en\/product\/virbalu-stabdziukai-megzti-drabuzeliai\/\" \/>\n<meta property=\"og:site_name\" content=\"Happyinaknit.com\" \/>\n<meta property=\"article:modified_time\" content=\"2026-03-10T13:54:16+00:00\" \/>\n<meta property=\"og:image\" content=\"https:\/\/happyinaknit.com\/wp-content\/uploads\/2025\/12\/IMG_2710.jpg\" \/>\n\t<meta property=\"og:image:width\" content=\"1302\" \/>\n\t<meta property=\"og:image:height\" content=\"1285\" \/>\n\t<meta property=\"og:image:type\" content=\"image\/jpeg\" \/>\n<meta name=\"twitter:card\" content=\"summary_large_image\" \/>\n<meta name=\"twitter:label1\" content=\"Est. reading time\" \/>\n\t<meta name=\"twitter:data1\" content=\"1 minute\" \/>\n<script type=\"application\/ld+json\" class=\"yoast-schema-graph\">{\"@context\":\"https:\/\/schema.org\",\"@graph\":[{\"@type\":\"WebPage\",\"@id\":\"https:\/\/happyinaknit.com\/produktas\/virbalu-stabdziukai-megzti-drabuzeliai\/\",\"url\":\"https:\/\/happyinaknit.com\/produktas\/virbalu-stabdziukai-megzti-drabuzeliai\/\",\"name\":\"Katia Virbal\u0173 stabd\u017eiukai \u201eMegzti drabu\u017e\u0117liai\u201c - Happyinaknit.com\",\"isPartOf\":{\"@id\":\"https:\/\/happyinaknit.com\/lt\/#website\"},\"primaryImageOfPage\":{\"@id\":\"https:\/\/happyinaknit.com\/produktas\/virbalu-stabdziukai-megzti-drabuzeliai\/#primaryimage\"},\"image\":{\"@id\":\"https:\/\/happyinaknit.com\/produktas\/virbalu-stabdziukai-megzti-drabuzeliai\/#primaryimage\"},\"thumbnailUrl\":\"https:\/\/happyinaknit.com\/wp-content\/uploads\/2025\/12\/IMG_2710.jpg\",\"datePublished\":\"2025-12-05T18:59:31+00:00\",\"dateModified\":\"2026-03-10T13:54:16+00:00\",\"breadcrumb\":{\"@id\":\"https:\/\/happyinaknit.com\/produktas\/virbalu-stabdziukai-megzti-drabuzeliai\/#breadcrumb\"},\"inLanguage\":\"en-US\",\"potentialAction\":[{\"@type\":\"ReadAction\",\"target\":[\"https:\/\/happyinaknit.com\/produktas\/virbalu-stabdziukai-megzti-drabuzeliai\/\"]}]},{\"@type\":\"ImageObject\",\"inLanguage\":\"en-US\",\"@id\":\"https:\/\/happyinaknit.com\/produktas\/virbalu-stabdziukai-megzti-drabuzeliai\/#primaryimage\",\"url\":\"https:\/\/happyinaknit.com\/wp-content\/uploads\/2025\/12\/IMG_2710.jpg\",\"contentUrl\":\"https:\/\/happyinaknit.com\/wp-content\/uploads\/2025\/12\/IMG_2710.jpg\",\"width\":1302,\"height\":1285},{\"@type\":\"BreadcrumbList\",\"@id\":\"https:\/\/happyinaknit.com\/produktas\/virbalu-stabdziukai-megzti-drabuzeliai\/#breadcrumb\",\"itemListElement\":[{\"@type\":\"ListItem\",\"position\":1,\"name\":\"Home\",\"item\":\"https:\/\/happyinaknit.com\/lt\/\"},{\"@type\":\"ListItem\",\"position\":2,\"name\":\"Parduotuv\u0117\",\"item\":\"https:\/\/happyinaknit.com\/lt\/parduotuve\/\"},{\"@type\":\"ListItem\",\"position\":3,\"name\":\"Katia Virbal\u0173 stabd\u017eiukai \u201eMegzti drabu\u017e\u0117liai\u201c\"}]},{\"@type\":\"WebSite\",\"@id\":\"https:\/\/happyinaknit.com\/lt\/#website\",\"url\":\"https:\/\/happyinaknit.com\/lt\/\",\"name\":\"Happyinaknit.com\",\"description\":\"\",\"potentialAction\":[{\"@type\":\"SearchAction\",\"target\":{\"@type\":\"EntryPoint\",\"urlTemplate\":\"https:\/\/happyinaknit.com\/lt\/?s={search_term_string}\"},\"query-input\":{\"@type\":\"PropertyValueSpecification\",\"valueRequired\":true,\"valueName\":\"search_term_string\"}}],\"inLanguage\":\"en-US\"}]}<\/script>\n<!-- \/ Yoast SEO plugin. -->","yoast_head_json":{"title":"Katia Virbal\u0173 stabd\u017eiukai \u201eMegzti drabu\u017e\u0117liai\u201c - Happyinaknit.com","robots":{"index":"index","follow":"follow","max-snippet":"max-snippet:-1","max-image-preview":"max-image-preview:large","max-video-preview":"max-video-preview:-1"},"canonical":"https:\/\/happyinaknit.com\/en\/product\/virbalu-stabdziukai-megzti-drabuzeliai\/","og_locale":"en_US","og_type":"article","og_title":"Katia Virbal\u0173 stabd\u017eiukai \u201eMegzti drabu\u017e\u0117liai\u201c - Happyinaknit.com","og_description":"\u017dav\u016bs guminiai virbal\u0173 stabd\u017eiukai miniati\u016brini\u0173 megzt\u0173 drabu\u017e\u0117li\u0173 formos ne tik saugo j\u016bs\u0173 mezgin\u012f, bet ir suteikia jaukumo kiekvienam projektui. Puikiai tinka virbalams laikyti namuose ir kelion\u0117se. Apra\u0161ymas \u0160velni\u0173 pastelini\u0173 spalv\u0173 stabd\u017eiukai neleid\u017eia akims nuslysti nuo virbal\u0173 ir saugo nuo nety\u010dini\u0173 \u012fd\u016brim\u0173 laikymo metu. Kiekvien\u0105 rinkin\u012f sudaro 2 vienodi stabd\u017eiukai. Galimi trys mieli dizainai: \u2022liemen\u0117s \u2022pir\u0161tin\u0117s [&hellip;]","og_url":"https:\/\/happyinaknit.com\/en\/product\/virbalu-stabdziukai-megzti-drabuzeliai\/","og_site_name":"Happyinaknit.com","article_modified_time":"2026-03-10T13:54:16+00:00","og_image":[{"width":1302,"height":1285,"url":"https:\/\/happyinaknit.com\/wp-content\/uploads\/2025\/12\/IMG_2710.jpg","type":"image\/jpeg"}],"twitter_card":"summary_large_image","twitter_misc":{"Est. reading time":"1 minute"},"schema":{"@context":"https:\/\/schema.org","@graph":[{"@type":"WebPage","@id":"https:\/\/happyinaknit.com\/produktas\/virbalu-stabdziukai-megzti-drabuzeliai\/","url":"https:\/\/happyinaknit.com\/produktas\/virbalu-stabdziukai-megzti-drabuzeliai\/","name":"Katia Virbal\u0173 stabd\u017eiukai \u201eMegzti drabu\u017e\u0117liai\u201c - Happyinaknit.com","isPartOf":{"@id":"https:\/\/happyinaknit.com\/lt\/#website"},"primaryImageOfPage":{"@id":"https:\/\/happyinaknit.com\/produktas\/virbalu-stabdziukai-megzti-drabuzeliai\/#primaryimage"},"image":{"@id":"https:\/\/happyinaknit.com\/produktas\/virbalu-stabdziukai-megzti-drabuzeliai\/#primaryimage"},"thumbnailUrl":"https:\/\/happyinaknit.com\/wp-content\/uploads\/2025\/12\/IMG_2710.jpg","datePublished":"2025-12-05T18:59:31+00:00","dateModified":"2026-03-10T13:54:16+00:00","breadcrumb":{"@id":"https:\/\/happyinaknit.com\/produktas\/virbalu-stabdziukai-megzti-drabuzeliai\/#breadcrumb"},"inLanguage":"en-US","potentialAction":[{"@type":"ReadAction","target":["https:\/\/happyinaknit.com\/produktas\/virbalu-stabdziukai-megzti-drabuzeliai\/"]}]},{"@type":"ImageObject","inLanguage":"en-US","@id":"https:\/\/happyinaknit.com\/produktas\/virbalu-stabdziukai-megzti-drabuzeliai\/#primaryimage","url":"https:\/\/happyinaknit.com\/wp-content\/uploads\/2025\/12\/IMG_2710.jpg","contentUrl":"https:\/\/happyinaknit.com\/wp-content\/uploads\/2025\/12\/IMG_2710.jpg","width":1302,"height":1285},{"@type":"BreadcrumbList","@id":"https:\/\/happyinaknit.com\/produktas\/virbalu-stabdziukai-megzti-drabuzeliai\/#breadcrumb","itemListElement":[{"@type":"ListItem","position":1,"name":"Home","item":"https:\/\/happyinaknit.com\/lt\/"},{"@type":"ListItem","position":2,"name":"Parduotuv\u0117","item":"https:\/\/happyinaknit.com\/lt\/parduotuve\/"},{"@type":"ListItem","position":3,"name":"Katia Virbal\u0173 stabd\u017eiukai \u201eMegzti drabu\u017e\u0117liai\u201c"}]},{"@type":"WebSite","@id":"https:\/\/happyinaknit.com\/lt\/#website","url":"https:\/\/happyinaknit.com\/lt\/","name":"Happyinaknit.com","description":"","potentialAction":[{"@type":"SearchAction","target":{"@type":"EntryPoint","urlTemplate":"https:\/\/happyinaknit.com\/lt\/?s={search_term_string}"},"query-input":{"@type":"PropertyValueSpecification","valueRequired":true,"valueName":"search_term_string"}}],"inLanguage":"en-US"}]}},"_links":{"self":[{"href":"https:\/\/happyinaknit.com\/en\/wp-json\/wp\/v2\/product\/7592","targetHints":{"allow":["GET"]}}],"collection":[{"href":"https:\/\/happyinaknit.com\/en\/wp-json\/wp\/v2\/product"}],"about":[{"href":"https:\/\/happyinaknit.com\/en\/wp-json\/wp\/v2\/types\/product"}],"replies":[{"embeddable":true,"href":"https:\/\/happyinaknit.com\/en\/wp-json\/wp\/v2\/comments?post=7592"}],"wp:featuredmedia":[{"embeddable":true,"href":"https:\/\/happyinaknit.com\/en\/wp-json\/wp\/v2\/media\/7590"}],"wp:attachment":[{"href":"https:\/\/happyinaknit.com\/en\/wp-json\/wp\/v2\/media?parent=7592"}],"wp:term":[{"taxonomy":"product_brand","embeddable":true,"href":"https:\/\/happyinaknit.com\/en\/wp-json\/wp\/v2\/product_brand?post=7592"},{"taxonomy":"product_cat","embeddable":true,"href":"https:\/\/happyinaknit.com\/en\/wp-json\/wp\/v2\/product_cat?post=7592"},{"taxonomy":"product_tag","embeddable":true,"href":"https:\/\/happyinaknit.com\/en\/wp-json\/wp\/v2\/product_tag?post=7592"},{"taxonomy":"pro-kategorijos","embeddable":true,"href":"https:\/\/happyinaknit.com\/en\/wp-json\/wp\/v2\/pro-kategorijos?post=7592"}],"curies":[{"name":"wp","href":"https:\/\/api.w.org\/{rel}","templated":true}]}}