{"id":7586,"date":"2025-12-04T20:24:33","date_gmt":"2025-12-04T20:24:33","guid":{"rendered":"https:\/\/happyinaknit.com\/?post_type=product&#038;p=7586"},"modified":"2026-01-06T07:01:10","modified_gmt":"2026-01-06T07:01:10","slug":"orphea-salvalana-lakstai-su-levandu-aromatu","status":"publish","type":"product","link":"https:\/\/happyinaknit.com\/en\/product\/orphea-salvalana-lakstai-su-levandu-aromatu\/","title":{"rendered":"Orphea Salvalana sheets with lavender aroma"},"content":{"rendered":"<p><b>Orphea Salvalana<\/b> sheets made of pure cellulose, with a lavender aroma.  It gives a pleasant scent and protects the most precious fabrics - wool, linen, silk, cotton, etc.<\/p>\n<p>The sheets are ideal for use in drawers, cupboards and laundry boxes. One sheet works up to <b>12 weeks<\/b>.<\/p>\n<p><b>Composition<\/b><b><\/b><\/p>\n<p>Active ingredients of natural origin, lavender fragrance essences.<\/p>\n<p><b>Quantity<\/b><b><\/b><\/p>\n<p>12 flavoured sheets per pack<\/p>\n<p><b>Features<\/b><b><\/b><\/p>\n<p>-A natural blend with a noble lavender aroma.<\/p>\n<p>-Protects wool, linen, silk, cotton and other sensitive fabrics.<\/p>\n<p>-Suitable for drawers, wardrobes, laundry boxes.<\/p>\n<p>-One sheet is effective for up to 12 weeks.<\/p>\n<p>-Breaths pleasantly and gently on stored items.<\/p>\n<p><b>Use of<\/b><b><\/b><\/p>\n<p>Place 1-2 sheets in a cupboard, drawer or storage box. Replace when the smell has diminished.<\/p>\n<p>-For the spindles: attach the sheet to the hanger.<\/p>\n<p><b>Note<\/b><b><\/b><\/p>\n<p>Color shades may vary slightly depending on your device&#039;s screen.<\/p>","protected":false},"excerpt":{"rendered":"<p>Orphea Salvalana lak\u0161tai pagaminti i\u0161 grynos celiulioz\u0117s, su levand\u0173 aromatu. \u00a0Jis suteikia malon\u0173 kvap\u0105 ir saugo vertingiausius audinius \u2013 viln\u0105, lin\u0105, \u0161ilk\u0105, medviln\u0119 ir kt. Lak\u0161tai idealiai tinka naudoti stal\u010diuose, spintose ir skalbini\u0173 d\u0117\u017e\u0117se. Vienas lak\u0161tas veikia iki 12 savai\u010di\u0173. Sud\u0117tis Nat\u016bralios kilm\u0117s veikliosios med\u017eiagos, \u00a0levand\u0173 aromato esencijos. Kiekis 12 aromatizuot\u0173 lak\u0161t\u0173 pakuot\u0117je Savyb\u0117s \u2022Nat\u016bralus, [&hellip;]<\/p>\n","protected":false},"featured_media":7585,"comment_status":"open","ping_status":"closed","template":"","meta":{"_acf_changed":false},"product_brand":[1480],"product_cat":[15,20,91],"product_tag":[],"pro-kategorijos":[],"class_list":{"0":"post-7586","1":"product","2":"type-product","3":"status-publish","4":"has-post-thumbnail","6":"product_brand-orphea","7":"product_cat-visi-produktai","8":"product_cat-priedai-mezgimui","9":"product_cat-skalbimo-priemones","11":"first","12":"outofstock","13":"shipping-taxable","14":"purchasable","15":"product-type-simple"},"acf":[],"yoast_head":"<!-- This site is optimized with the Yoast SEO plugin v26.8 - https:\/\/yoast.com\/product\/yoast-seo-wordpress\/ -->\n<title>Orphea Salvalana lak\u0161tai su levand\u0173 aromatu - Happyinaknit.com<\/title>\n<meta name=\"robots\" content=\"index, follow, max-snippet:-1, max-image-preview:large, max-video-preview:-1\" \/>\n<link rel=\"canonical\" href=\"https:\/\/happyinaknit.com\/en\/product\/orphea-salvalana-lakstai-su-levandu-aromatu\/\" \/>\n<meta property=\"og:locale\" content=\"en_US\" \/>\n<meta property=\"og:type\" content=\"article\" \/>\n<meta property=\"og:title\" content=\"Orphea Salvalana lak\u0161tai su levand\u0173 aromatu - Happyinaknit.com\" \/>\n<meta property=\"og:description\" content=\"Orphea Salvalana lak\u0161tai pagaminti i\u0161 grynos celiulioz\u0117s, su levand\u0173 aromatu. \u00a0Jis suteikia malon\u0173 kvap\u0105 ir saugo vertingiausius audinius \u2013 viln\u0105, lin\u0105, \u0161ilk\u0105, medviln\u0119 ir kt. Lak\u0161tai idealiai tinka naudoti stal\u010diuose, spintose ir skalbini\u0173 d\u0117\u017e\u0117se. Vienas lak\u0161tas veikia iki 12 savai\u010di\u0173. Sud\u0117tis Nat\u016bralios kilm\u0117s veikliosios med\u017eiagos, \u00a0levand\u0173 aromato esencijos. Kiekis 12 aromatizuot\u0173 lak\u0161t\u0173 pakuot\u0117je Savyb\u0117s \u2022Nat\u016bralus, [&hellip;]\" \/>\n<meta property=\"og:url\" content=\"https:\/\/happyinaknit.com\/en\/product\/orphea-salvalana-lakstai-su-levandu-aromatu\/\" \/>\n<meta property=\"og:site_name\" content=\"Happyinaknit.com\" \/>\n<meta property=\"article:modified_time\" content=\"2026-01-06T07:01:10+00:00\" \/>\n<meta property=\"og:image\" content=\"https:\/\/happyinaknit.com\/wp-content\/uploads\/2025\/12\/orphea-lavanda.jpg\" \/>\n\t<meta property=\"og:image:width\" content=\"1000\" \/>\n\t<meta property=\"og:image:height\" content=\"1000\" \/>\n\t<meta property=\"og:image:type\" content=\"image\/jpeg\" \/>\n<meta name=\"twitter:card\" content=\"summary_large_image\" \/>\n<meta name=\"twitter:label1\" content=\"Est. reading time\" \/>\n\t<meta name=\"twitter:data1\" content=\"1 minute\" \/>\n<script type=\"application\/ld+json\" class=\"yoast-schema-graph\">{\"@context\":\"https:\/\/schema.org\",\"@graph\":[{\"@type\":\"WebPage\",\"@id\":\"https:\/\/happyinaknit.com\/produktas\/orphea-salvalana-lakstai-su-levandu-aromatu\/\",\"url\":\"https:\/\/happyinaknit.com\/produktas\/orphea-salvalana-lakstai-su-levandu-aromatu\/\",\"name\":\"Orphea Salvalana lak\u0161tai su levand\u0173 aromatu - Happyinaknit.com\",\"isPartOf\":{\"@id\":\"https:\/\/happyinaknit.com\/lt\/#website\"},\"primaryImageOfPage\":{\"@id\":\"https:\/\/happyinaknit.com\/produktas\/orphea-salvalana-lakstai-su-levandu-aromatu\/#primaryimage\"},\"image\":{\"@id\":\"https:\/\/happyinaknit.com\/produktas\/orphea-salvalana-lakstai-su-levandu-aromatu\/#primaryimage\"},\"thumbnailUrl\":\"https:\/\/happyinaknit.com\/wp-content\/uploads\/2025\/12\/orphea-lavanda.jpg\",\"datePublished\":\"2025-12-04T20:24:33+00:00\",\"dateModified\":\"2026-01-06T07:01:10+00:00\",\"breadcrumb\":{\"@id\":\"https:\/\/happyinaknit.com\/produktas\/orphea-salvalana-lakstai-su-levandu-aromatu\/#breadcrumb\"},\"inLanguage\":\"en-US\",\"potentialAction\":[{\"@type\":\"ReadAction\",\"target\":[\"https:\/\/happyinaknit.com\/produktas\/orphea-salvalana-lakstai-su-levandu-aromatu\/\"]}]},{\"@type\":\"ImageObject\",\"inLanguage\":\"en-US\",\"@id\":\"https:\/\/happyinaknit.com\/produktas\/orphea-salvalana-lakstai-su-levandu-aromatu\/#primaryimage\",\"url\":\"https:\/\/happyinaknit.com\/wp-content\/uploads\/2025\/12\/orphea-lavanda.jpg\",\"contentUrl\":\"https:\/\/happyinaknit.com\/wp-content\/uploads\/2025\/12\/orphea-lavanda.jpg\",\"width\":1000,\"height\":1000},{\"@type\":\"BreadcrumbList\",\"@id\":\"https:\/\/happyinaknit.com\/produktas\/orphea-salvalana-lakstai-su-levandu-aromatu\/#breadcrumb\",\"itemListElement\":[{\"@type\":\"ListItem\",\"position\":1,\"name\":\"Home\",\"item\":\"https:\/\/happyinaknit.com\/lt\/\"},{\"@type\":\"ListItem\",\"position\":2,\"name\":\"Parduotuv\u0117\",\"item\":\"https:\/\/happyinaknit.com\/lt\/parduotuve\/\"},{\"@type\":\"ListItem\",\"position\":3,\"name\":\"Orphea Salvalana lak\u0161tai su levand\u0173 aromatu\"}]},{\"@type\":\"WebSite\",\"@id\":\"https:\/\/happyinaknit.com\/lt\/#website\",\"url\":\"https:\/\/happyinaknit.com\/lt\/\",\"name\":\"Happyinaknit.com\",\"description\":\"\",\"potentialAction\":[{\"@type\":\"SearchAction\",\"target\":{\"@type\":\"EntryPoint\",\"urlTemplate\":\"https:\/\/happyinaknit.com\/lt\/?s={search_term_string}\"},\"query-input\":{\"@type\":\"PropertyValueSpecification\",\"valueRequired\":true,\"valueName\":\"search_term_string\"}}],\"inLanguage\":\"en-US\"}]}<\/script>\n<!-- \/ Yoast SEO plugin. -->","yoast_head_json":{"title":"Orphea Salvalana lak\u0161tai su levand\u0173 aromatu - Happyinaknit.com","robots":{"index":"index","follow":"follow","max-snippet":"max-snippet:-1","max-image-preview":"max-image-preview:large","max-video-preview":"max-video-preview:-1"},"canonical":"https:\/\/happyinaknit.com\/en\/product\/orphea-salvalana-lakstai-su-levandu-aromatu\/","og_locale":"en_US","og_type":"article","og_title":"Orphea Salvalana lak\u0161tai su levand\u0173 aromatu - Happyinaknit.com","og_description":"Orphea Salvalana lak\u0161tai pagaminti i\u0161 grynos celiulioz\u0117s, su levand\u0173 aromatu. \u00a0Jis suteikia malon\u0173 kvap\u0105 ir saugo vertingiausius audinius \u2013 viln\u0105, lin\u0105, \u0161ilk\u0105, medviln\u0119 ir kt. Lak\u0161tai idealiai tinka naudoti stal\u010diuose, spintose ir skalbini\u0173 d\u0117\u017e\u0117se. Vienas lak\u0161tas veikia iki 12 savai\u010di\u0173. Sud\u0117tis Nat\u016bralios kilm\u0117s veikliosios med\u017eiagos, \u00a0levand\u0173 aromato esencijos. Kiekis 12 aromatizuot\u0173 lak\u0161t\u0173 pakuot\u0117je Savyb\u0117s \u2022Nat\u016bralus, [&hellip;]","og_url":"https:\/\/happyinaknit.com\/en\/product\/orphea-salvalana-lakstai-su-levandu-aromatu\/","og_site_name":"Happyinaknit.com","article_modified_time":"2026-01-06T07:01:10+00:00","og_image":[{"width":1000,"height":1000,"url":"https:\/\/happyinaknit.com\/wp-content\/uploads\/2025\/12\/orphea-lavanda.jpg","type":"image\/jpeg"}],"twitter_card":"summary_large_image","twitter_misc":{"Est. reading time":"1 minute"},"schema":{"@context":"https:\/\/schema.org","@graph":[{"@type":"WebPage","@id":"https:\/\/happyinaknit.com\/produktas\/orphea-salvalana-lakstai-su-levandu-aromatu\/","url":"https:\/\/happyinaknit.com\/produktas\/orphea-salvalana-lakstai-su-levandu-aromatu\/","name":"Orphea Salvalana lak\u0161tai su levand\u0173 aromatu - Happyinaknit.com","isPartOf":{"@id":"https:\/\/happyinaknit.com\/lt\/#website"},"primaryImageOfPage":{"@id":"https:\/\/happyinaknit.com\/produktas\/orphea-salvalana-lakstai-su-levandu-aromatu\/#primaryimage"},"image":{"@id":"https:\/\/happyinaknit.com\/produktas\/orphea-salvalana-lakstai-su-levandu-aromatu\/#primaryimage"},"thumbnailUrl":"https:\/\/happyinaknit.com\/wp-content\/uploads\/2025\/12\/orphea-lavanda.jpg","datePublished":"2025-12-04T20:24:33+00:00","dateModified":"2026-01-06T07:01:10+00:00","breadcrumb":{"@id":"https:\/\/happyinaknit.com\/produktas\/orphea-salvalana-lakstai-su-levandu-aromatu\/#breadcrumb"},"inLanguage":"en-US","potentialAction":[{"@type":"ReadAction","target":["https:\/\/happyinaknit.com\/produktas\/orphea-salvalana-lakstai-su-levandu-aromatu\/"]}]},{"@type":"ImageObject","inLanguage":"en-US","@id":"https:\/\/happyinaknit.com\/produktas\/orphea-salvalana-lakstai-su-levandu-aromatu\/#primaryimage","url":"https:\/\/happyinaknit.com\/wp-content\/uploads\/2025\/12\/orphea-lavanda.jpg","contentUrl":"https:\/\/happyinaknit.com\/wp-content\/uploads\/2025\/12\/orphea-lavanda.jpg","width":1000,"height":1000},{"@type":"BreadcrumbList","@id":"https:\/\/happyinaknit.com\/produktas\/orphea-salvalana-lakstai-su-levandu-aromatu\/#breadcrumb","itemListElement":[{"@type":"ListItem","position":1,"name":"Home","item":"https:\/\/happyinaknit.com\/lt\/"},{"@type":"ListItem","position":2,"name":"Parduotuv\u0117","item":"https:\/\/happyinaknit.com\/lt\/parduotuve\/"},{"@type":"ListItem","position":3,"name":"Orphea Salvalana lak\u0161tai su levand\u0173 aromatu"}]},{"@type":"WebSite","@id":"https:\/\/happyinaknit.com\/lt\/#website","url":"https:\/\/happyinaknit.com\/lt\/","name":"Happyinaknit.com","description":"","potentialAction":[{"@type":"SearchAction","target":{"@type":"EntryPoint","urlTemplate":"https:\/\/happyinaknit.com\/lt\/?s={search_term_string}"},"query-input":{"@type":"PropertyValueSpecification","valueRequired":true,"valueName":"search_term_string"}}],"inLanguage":"en-US"}]}},"_links":{"self":[{"href":"https:\/\/happyinaknit.com\/en\/wp-json\/wp\/v2\/product\/7586","targetHints":{"allow":["GET"]}}],"collection":[{"href":"https:\/\/happyinaknit.com\/en\/wp-json\/wp\/v2\/product"}],"about":[{"href":"https:\/\/happyinaknit.com\/en\/wp-json\/wp\/v2\/types\/product"}],"replies":[{"embeddable":true,"href":"https:\/\/happyinaknit.com\/en\/wp-json\/wp\/v2\/comments?post=7586"}],"wp:featuredmedia":[{"embeddable":true,"href":"https:\/\/happyinaknit.com\/en\/wp-json\/wp\/v2\/media\/7585"}],"wp:attachment":[{"href":"https:\/\/happyinaknit.com\/en\/wp-json\/wp\/v2\/media?parent=7586"}],"wp:term":[{"taxonomy":"product_brand","embeddable":true,"href":"https:\/\/happyinaknit.com\/en\/wp-json\/wp\/v2\/product_brand?post=7586"},{"taxonomy":"product_cat","embeddable":true,"href":"https:\/\/happyinaknit.com\/en\/wp-json\/wp\/v2\/product_cat?post=7586"},{"taxonomy":"product_tag","embeddable":true,"href":"https:\/\/happyinaknit.com\/en\/wp-json\/wp\/v2\/product_tag?post=7586"},{"taxonomy":"pro-kategorijos","embeddable":true,"href":"https:\/\/happyinaknit.com\/en\/wp-json\/wp\/v2\/pro-kategorijos?post=7586"}],"curies":[{"name":"wp","href":"https:\/\/api.w.org\/{rel}","templated":true}]}}