{"id":7519,"date":"2025-11-27T10:30:01","date_gmt":"2025-11-27T10:30:01","guid":{"rendered":"https:\/\/happyinaknit.com\/?post_type=product&#038;p=7519"},"modified":"2025-11-27T10:32:08","modified_gmt":"2025-11-27T10:32:08","slug":"lang-yarns-mohair-luxe","status":"publish","type":"product","link":"https:\/\/happyinaknit.com\/en\/product\/lang-yarns-mohair-luxe\/","title":{"rendered":"Lang yarns MOHAIR LUXE"},"content":{"rendered":"<p>Ultra-light, soft and luxurious yarns in superkid mohair and silk. Perfect for lightweight scarves, sweaters, accessories and knits where you want a fluffy, fluttery effect.<\/p>\n<p><strong data-start=\"547\" data-end=\"559\">Composition: <\/strong>77% mohair (superkid), 23% silk<\/p>\n<p><b>Weight\/Length: <\/b>25 g - 175 m<\/p>\n<p><b>Recommended needles: \u00a0<\/b><b><\/b>3-3.5 mm<\/p>\n<p><b>Density: <\/b><b><\/b>10 \u00d7 10 cm - 20 stitches \u00d7 30 rows<\/p>\n<p><b>Approximate consumption: <\/b><b><\/b>The average number of balls needed for the jumper is 3-6 balls (depending on size, knitting density and pattern)<\/p>\n<p><b>Care: <\/b><b><\/b>Hand wash in cold water, horizontal drying, no tumble drying recommended<\/p>\n<p><b>Note: <\/b><b><\/b>Color shades may vary slightly depending on your device&#039;s screen.<\/p>","protected":false},"excerpt":{"rendered":"<p>Itin lengvi, \u0161veln\u016bs ir prabang\u016bs si\u016blai i\u0161 superkid moherio ir \u0161ilko. Puikiai tinka lengvoms skraist\u0117ms, megztiniams, aksesuarams ir mezginiams, kuriems norisi p\u016bkuoto, plazdan\u010dio efekto. Sud\u0117tis: 77% moheris (superkid), 23% \u0161ilkas Svoris \/ ilgis: 25 g &#8211;\u00a0175 m Rekomenduojami virbalai: \u00a03\u20133.5 mm Tankumas: 10 \u00d7 10 cm &#8211; 20 akys \u00d7 30 eil\u0117s Apytikris sunaudojimas: Megztiniui [&hellip;]<\/p>\n","protected":false},"featured_media":7520,"comment_status":"open","ping_status":"closed","template":"","meta":{"_acf_changed":false},"product_brand":[70],"product_cat":[15,18],"product_tag":[],"pro-kategorijos":[74,77],"class_list":{"0":"post-7519","1":"product","2":"type-product","3":"status-publish","4":"has-post-thumbnail","6":"product_brand-lang-yarns","7":"product_cat-visi-produktai","8":"product_cat-siulai","9":"pro-kategorijos-moheras","10":"pro-kategorijos-silkas","12":"first","13":"instock","14":"shipping-taxable","15":"purchasable","16":"product-type-variable"},"acf":[],"yoast_head":"<!-- This site is optimized with the Yoast SEO plugin v26.8 - https:\/\/yoast.com\/product\/yoast-seo-wordpress\/ -->\n<title>Lang yarns MOHAIR LUXE - Happyinaknit.com<\/title>\n<meta name=\"robots\" content=\"index, follow, max-snippet:-1, max-image-preview:large, max-video-preview:-1\" \/>\n<link rel=\"canonical\" href=\"https:\/\/happyinaknit.com\/en\/product\/lang-yarns-mohair-luxe\/\" \/>\n<meta property=\"og:locale\" content=\"en_US\" \/>\n<meta property=\"og:type\" content=\"article\" \/>\n<meta property=\"og:title\" content=\"Lang yarns MOHAIR LUXE - Happyinaknit.com\" \/>\n<meta property=\"og:description\" content=\"Itin lengvi, \u0161veln\u016bs ir prabang\u016bs si\u016blai i\u0161 superkid moherio ir \u0161ilko. Puikiai tinka lengvoms skraist\u0117ms, megztiniams, aksesuarams ir mezginiams, kuriems norisi p\u016bkuoto, plazdan\u010dio efekto. Sud\u0117tis: 77% moheris (superkid), 23% \u0161ilkas Svoris \/ ilgis: 25 g &#8211;\u00a0175 m Rekomenduojami virbalai: \u00a03\u20133.5 mm Tankumas: 10 \u00d7 10 cm &#8211; 20 akys \u00d7 30 eil\u0117s Apytikris sunaudojimas: Megztiniui [&hellip;]\" \/>\n<meta property=\"og:url\" content=\"https:\/\/happyinaknit.com\/en\/product\/lang-yarns-mohair-luxe\/\" \/>\n<meta property=\"og:site_name\" content=\"Happyinaknit.com\" \/>\n<meta property=\"article:modified_time\" content=\"2025-11-27T10:32:08+00:00\" \/>\n<meta property=\"og:image\" content=\"https:\/\/happyinaknit.com\/wp-content\/uploads\/2025\/11\/698_0148_LANGYARNS_MohairLuxe_800_B.jpg\" \/>\n\t<meta property=\"og:image:width\" content=\"800\" \/>\n\t<meta property=\"og:image:height\" content=\"800\" \/>\n\t<meta property=\"og:image:type\" content=\"image\/jpeg\" \/>\n<meta name=\"twitter:card\" content=\"summary_large_image\" \/>\n<script type=\"application\/ld+json\" class=\"yoast-schema-graph\">{\"@context\":\"https:\/\/schema.org\",\"@graph\":[{\"@type\":\"WebPage\",\"@id\":\"https:\/\/happyinaknit.com\/produktas\/lang-yarns-mohair-luxe\/\",\"url\":\"https:\/\/happyinaknit.com\/produktas\/lang-yarns-mohair-luxe\/\",\"name\":\"Lang yarns MOHAIR LUXE - Happyinaknit.com\",\"isPartOf\":{\"@id\":\"https:\/\/happyinaknit.com\/lt\/#website\"},\"primaryImageOfPage\":{\"@id\":\"https:\/\/happyinaknit.com\/produktas\/lang-yarns-mohair-luxe\/#primaryimage\"},\"image\":{\"@id\":\"https:\/\/happyinaknit.com\/produktas\/lang-yarns-mohair-luxe\/#primaryimage\"},\"thumbnailUrl\":\"https:\/\/happyinaknit.com\/wp-content\/uploads\/2025\/11\/698_0148_LANGYARNS_MohairLuxe_800_B.jpg\",\"datePublished\":\"2025-11-27T10:30:01+00:00\",\"dateModified\":\"2025-11-27T10:32:08+00:00\",\"breadcrumb\":{\"@id\":\"https:\/\/happyinaknit.com\/produktas\/lang-yarns-mohair-luxe\/#breadcrumb\"},\"inLanguage\":\"en-US\",\"potentialAction\":[{\"@type\":\"ReadAction\",\"target\":[\"https:\/\/happyinaknit.com\/produktas\/lang-yarns-mohair-luxe\/\"]}]},{\"@type\":\"ImageObject\",\"inLanguage\":\"en-US\",\"@id\":\"https:\/\/happyinaknit.com\/produktas\/lang-yarns-mohair-luxe\/#primaryimage\",\"url\":\"https:\/\/happyinaknit.com\/wp-content\/uploads\/2025\/11\/698_0148_LANGYARNS_MohairLuxe_800_B.jpg\",\"contentUrl\":\"https:\/\/happyinaknit.com\/wp-content\/uploads\/2025\/11\/698_0148_LANGYARNS_MohairLuxe_800_B.jpg\",\"width\":800,\"height\":800},{\"@type\":\"BreadcrumbList\",\"@id\":\"https:\/\/happyinaknit.com\/produktas\/lang-yarns-mohair-luxe\/#breadcrumb\",\"itemListElement\":[{\"@type\":\"ListItem\",\"position\":1,\"name\":\"Home\",\"item\":\"https:\/\/happyinaknit.com\/lt\/\"},{\"@type\":\"ListItem\",\"position\":2,\"name\":\"Parduotuv\u0117\",\"item\":\"https:\/\/happyinaknit.com\/lt\/parduotuve\/\"},{\"@type\":\"ListItem\",\"position\":3,\"name\":\"Lang yarns MOHAIR LUXE\"}]},{\"@type\":\"WebSite\",\"@id\":\"https:\/\/happyinaknit.com\/lt\/#website\",\"url\":\"https:\/\/happyinaknit.com\/lt\/\",\"name\":\"Happyinaknit.com\",\"description\":\"\",\"potentialAction\":[{\"@type\":\"SearchAction\",\"target\":{\"@type\":\"EntryPoint\",\"urlTemplate\":\"https:\/\/happyinaknit.com\/lt\/?s={search_term_string}\"},\"query-input\":{\"@type\":\"PropertyValueSpecification\",\"valueRequired\":true,\"valueName\":\"search_term_string\"}}],\"inLanguage\":\"en-US\"}]}<\/script>\n<!-- \/ Yoast SEO plugin. -->","yoast_head_json":{"title":"Lang yarns MOHAIR LUXE - Happyinaknit.com","robots":{"index":"index","follow":"follow","max-snippet":"max-snippet:-1","max-image-preview":"max-image-preview:large","max-video-preview":"max-video-preview:-1"},"canonical":"https:\/\/happyinaknit.com\/en\/product\/lang-yarns-mohair-luxe\/","og_locale":"en_US","og_type":"article","og_title":"Lang yarns MOHAIR LUXE - Happyinaknit.com","og_description":"Itin lengvi, \u0161veln\u016bs ir prabang\u016bs si\u016blai i\u0161 superkid moherio ir \u0161ilko. Puikiai tinka lengvoms skraist\u0117ms, megztiniams, aksesuarams ir mezginiams, kuriems norisi p\u016bkuoto, plazdan\u010dio efekto. Sud\u0117tis: 77% moheris (superkid), 23% \u0161ilkas Svoris \/ ilgis: 25 g &#8211;\u00a0175 m Rekomenduojami virbalai: \u00a03\u20133.5 mm Tankumas: 10 \u00d7 10 cm &#8211; 20 akys \u00d7 30 eil\u0117s Apytikris sunaudojimas: Megztiniui [&hellip;]","og_url":"https:\/\/happyinaknit.com\/en\/product\/lang-yarns-mohair-luxe\/","og_site_name":"Happyinaknit.com","article_modified_time":"2025-11-27T10:32:08+00:00","og_image":[{"width":800,"height":800,"url":"https:\/\/happyinaknit.com\/wp-content\/uploads\/2025\/11\/698_0148_LANGYARNS_MohairLuxe_800_B.jpg","type":"image\/jpeg"}],"twitter_card":"summary_large_image","schema":{"@context":"https:\/\/schema.org","@graph":[{"@type":"WebPage","@id":"https:\/\/happyinaknit.com\/produktas\/lang-yarns-mohair-luxe\/","url":"https:\/\/happyinaknit.com\/produktas\/lang-yarns-mohair-luxe\/","name":"Lang yarns MOHAIR LUXE - Happyinaknit.com","isPartOf":{"@id":"https:\/\/happyinaknit.com\/lt\/#website"},"primaryImageOfPage":{"@id":"https:\/\/happyinaknit.com\/produktas\/lang-yarns-mohair-luxe\/#primaryimage"},"image":{"@id":"https:\/\/happyinaknit.com\/produktas\/lang-yarns-mohair-luxe\/#primaryimage"},"thumbnailUrl":"https:\/\/happyinaknit.com\/wp-content\/uploads\/2025\/11\/698_0148_LANGYARNS_MohairLuxe_800_B.jpg","datePublished":"2025-11-27T10:30:01+00:00","dateModified":"2025-11-27T10:32:08+00:00","breadcrumb":{"@id":"https:\/\/happyinaknit.com\/produktas\/lang-yarns-mohair-luxe\/#breadcrumb"},"inLanguage":"en-US","potentialAction":[{"@type":"ReadAction","target":["https:\/\/happyinaknit.com\/produktas\/lang-yarns-mohair-luxe\/"]}]},{"@type":"ImageObject","inLanguage":"en-US","@id":"https:\/\/happyinaknit.com\/produktas\/lang-yarns-mohair-luxe\/#primaryimage","url":"https:\/\/happyinaknit.com\/wp-content\/uploads\/2025\/11\/698_0148_LANGYARNS_MohairLuxe_800_B.jpg","contentUrl":"https:\/\/happyinaknit.com\/wp-content\/uploads\/2025\/11\/698_0148_LANGYARNS_MohairLuxe_800_B.jpg","width":800,"height":800},{"@type":"BreadcrumbList","@id":"https:\/\/happyinaknit.com\/produktas\/lang-yarns-mohair-luxe\/#breadcrumb","itemListElement":[{"@type":"ListItem","position":1,"name":"Home","item":"https:\/\/happyinaknit.com\/lt\/"},{"@type":"ListItem","position":2,"name":"Parduotuv\u0117","item":"https:\/\/happyinaknit.com\/lt\/parduotuve\/"},{"@type":"ListItem","position":3,"name":"Lang yarns MOHAIR LUXE"}]},{"@type":"WebSite","@id":"https:\/\/happyinaknit.com\/lt\/#website","url":"https:\/\/happyinaknit.com\/lt\/","name":"Happyinaknit.com","description":"","potentialAction":[{"@type":"SearchAction","target":{"@type":"EntryPoint","urlTemplate":"https:\/\/happyinaknit.com\/lt\/?s={search_term_string}"},"query-input":{"@type":"PropertyValueSpecification","valueRequired":true,"valueName":"search_term_string"}}],"inLanguage":"en-US"}]}},"_links":{"self":[{"href":"https:\/\/happyinaknit.com\/en\/wp-json\/wp\/v2\/product\/7519","targetHints":{"allow":["GET"]}}],"collection":[{"href":"https:\/\/happyinaknit.com\/en\/wp-json\/wp\/v2\/product"}],"about":[{"href":"https:\/\/happyinaknit.com\/en\/wp-json\/wp\/v2\/types\/product"}],"replies":[{"embeddable":true,"href":"https:\/\/happyinaknit.com\/en\/wp-json\/wp\/v2\/comments?post=7519"}],"wp:featuredmedia":[{"embeddable":true,"href":"https:\/\/happyinaknit.com\/en\/wp-json\/wp\/v2\/media\/7520"}],"wp:attachment":[{"href":"https:\/\/happyinaknit.com\/en\/wp-json\/wp\/v2\/media?parent=7519"}],"wp:term":[{"taxonomy":"product_brand","embeddable":true,"href":"https:\/\/happyinaknit.com\/en\/wp-json\/wp\/v2\/product_brand?post=7519"},{"taxonomy":"product_cat","embeddable":true,"href":"https:\/\/happyinaknit.com\/en\/wp-json\/wp\/v2\/product_cat?post=7519"},{"taxonomy":"product_tag","embeddable":true,"href":"https:\/\/happyinaknit.com\/en\/wp-json\/wp\/v2\/product_tag?post=7519"},{"taxonomy":"pro-kategorijos","embeddable":true,"href":"https:\/\/happyinaknit.com\/en\/wp-json\/wp\/v2\/pro-kategorijos?post=7519"}],"curies":[{"name":"wp","href":"https:\/\/api.w.org\/{rel}","templated":true}]}}