{"id":7092,"date":"2025-10-28T12:50:44","date_gmt":"2025-10-28T12:50:44","guid":{"rendered":"https:\/\/happyinaknit.com\/?post_type=product&#038;p=7092"},"modified":"2026-04-14T18:27:07","modified_gmt":"2026-04-14T18:27:07","slug":"lantern-moon-vaselis-taisymui","status":"publish","type":"product","link":"https:\/\/happyinaknit.com\/en\/product\/lantern-moon-vaselis-taisymui\/","title":{"rendered":"Lantern Moon Ebony Repair Hook"},"content":{"rendered":"<p>The elegant and functional Lantern Moon Repair Wax is made of high quality ebony wood. It is an indispensable tool for every knitter - it makes it easy to pick up dropped stitches, correct mistakes or make small corrections in the knitted fabric. The smooth, naturally warm texture of the wood gives a pleasant feel and precise work.<\/p>\n<p><b>Features:<\/b><b><\/b><\/p>\n<p>-Made of natural ebony wood<\/p>\n<p>-Lightweight, durable and extremely pleasant to the touch<\/p>\n<p>-Convenient for repairing stitches, picking up stitches or pulling threads<\/p>\n<p>-Compact size - ideal for carrying in your knitting bag<\/p>\n<p><b>Manufacturer:<\/b> Lantern Moon<\/p>\n<p><b>Material:<\/b> Ebony tree<\/p>\n<p><b>Length:<\/b> ~10 cm<\/p>\n<p><b>Note:<\/b> Color shades may vary slightly depending on your device&#039;s screen.<\/p>\n<p>&nbsp;<\/p>","protected":false},"excerpt":{"rendered":"<p>Eleganti\u0161kas ir funkcionalus Lantern Moon va\u0161elis taisymui pagamintas i\u0161 auk\u0161tos kokyb\u0117s ebeninio med\u017eio. Tai nepakei\u010diamas \u012frankis kiekvienai mezg\u0117jai \u2013 padeda lengvai pakelti nukritusias akis, pataisyti klaidas ar atlikti smulkius taisymus megztoje med\u017eiagoje. Glotni, nat\u016braliai \u0161ilta med\u017eio tekst\u016bra suteikia malon\u0173 poj\u016bt\u012f ir tiksl\u0173 darb\u0105. Savyb\u0117s: \u2022Pagamintas i\u0161 nat\u016bralaus ebeninio med\u017eio \u2022Lengvas, patvarus ir itin malonus liesti [&hellip;]<\/p>\n","protected":false},"featured_media":7094,"comment_status":"open","ping_status":"closed","template":"","meta":{"_acf_changed":false},"product_brand":[787],"product_cat":[15,52,19,870,20],"product_tag":[],"pro-kategorijos":[],"class_list":{"0":"post-7092","1":"product","2":"type-product","3":"status-publish","4":"has-post-thumbnail","6":"product_brand-lantern-moon","7":"product_cat-visi-produktai","8":"product_cat-kiti-mezgimo-reikmenys","9":"product_cat-mezgimo-priemones","10":"product_cat-nerimo-vaseliai","11":"product_cat-priedai-mezgimui","13":"first","14":"outofstock","15":"shipping-taxable","16":"purchasable","17":"product-type-simple"},"acf":[],"yoast_head":"<!-- This site is optimized with the Yoast SEO plugin v26.8 - https:\/\/yoast.com\/product\/yoast-seo-wordpress\/ -->\n<title>Lantern Moon va\u0161elis taisymui - Happyinaknit.com<\/title>\n<meta name=\"robots\" content=\"index, follow, max-snippet:-1, max-image-preview:large, max-video-preview:-1\" \/>\n<link rel=\"canonical\" href=\"https:\/\/happyinaknit.com\/en\/product\/lantern-moon-vaselis-taisymui\/\" \/>\n<meta property=\"og:locale\" content=\"en_US\" \/>\n<meta property=\"og:type\" content=\"article\" \/>\n<meta property=\"og:title\" content=\"Lantern Moon va\u0161elis taisymui - Happyinaknit.com\" \/>\n<meta property=\"og:description\" content=\"Eleganti\u0161kas ir funkcionalus Lantern Moon va\u0161elis taisymui pagamintas i\u0161 auk\u0161tos kokyb\u0117s ebeninio med\u017eio. Tai nepakei\u010diamas \u012frankis kiekvienai mezg\u0117jai \u2013 padeda lengvai pakelti nukritusias akis, pataisyti klaidas ar atlikti smulkius taisymus megztoje med\u017eiagoje. Glotni, nat\u016braliai \u0161ilta med\u017eio tekst\u016bra suteikia malon\u0173 poj\u016bt\u012f ir tiksl\u0173 darb\u0105. Savyb\u0117s: \u2022Pagamintas i\u0161 nat\u016bralaus ebeninio med\u017eio \u2022Lengvas, patvarus ir itin malonus liesti [&hellip;]\" \/>\n<meta property=\"og:url\" content=\"https:\/\/happyinaknit.com\/en\/product\/lantern-moon-vaselis-taisymui\/\" \/>\n<meta property=\"og:site_name\" content=\"Happyinaknit.com\" \/>\n<meta property=\"article:modified_time\" content=\"2026-04-14T18:27:07+00:00\" \/>\n<meta property=\"og:image\" content=\"https:\/\/happyinaknit.com\/wp-content\/uploads\/2025\/10\/ProductPhotos1_6_f681a2e5-dc38-41aa-ab08-afb7726af73d.jpg.webp\" \/>\n\t<meta property=\"og:image:width\" content=\"1200\" \/>\n\t<meta property=\"og:image:height\" content=\"1200\" \/>\n\t<meta property=\"og:image:type\" content=\"image\/webp\" \/>\n<meta name=\"twitter:card\" content=\"summary_large_image\" \/>\n<meta name=\"twitter:label1\" content=\"Est. reading time\" \/>\n\t<meta name=\"twitter:data1\" content=\"1 minute\" \/>\n<script type=\"application\/ld+json\" class=\"yoast-schema-graph\">{\"@context\":\"https:\/\/schema.org\",\"@graph\":[{\"@type\":\"WebPage\",\"@id\":\"https:\/\/happyinaknit.com\/produktas\/lantern-moon-vaselis-taisymui\/\",\"url\":\"https:\/\/happyinaknit.com\/produktas\/lantern-moon-vaselis-taisymui\/\",\"name\":\"Lantern Moon va\u0161elis taisymui - Happyinaknit.com\",\"isPartOf\":{\"@id\":\"https:\/\/happyinaknit.com\/lt\/#website\"},\"primaryImageOfPage\":{\"@id\":\"https:\/\/happyinaknit.com\/produktas\/lantern-moon-vaselis-taisymui\/#primaryimage\"},\"image\":{\"@id\":\"https:\/\/happyinaknit.com\/produktas\/lantern-moon-vaselis-taisymui\/#primaryimage\"},\"thumbnailUrl\":\"https:\/\/happyinaknit.com\/wp-content\/uploads\/2025\/10\/ProductPhotos1_6_f681a2e5-dc38-41aa-ab08-afb7726af73d.jpg.webp\",\"datePublished\":\"2025-10-28T12:50:44+00:00\",\"dateModified\":\"2026-04-14T18:27:07+00:00\",\"breadcrumb\":{\"@id\":\"https:\/\/happyinaknit.com\/produktas\/lantern-moon-vaselis-taisymui\/#breadcrumb\"},\"inLanguage\":\"en-US\",\"potentialAction\":[{\"@type\":\"ReadAction\",\"target\":[\"https:\/\/happyinaknit.com\/produktas\/lantern-moon-vaselis-taisymui\/\"]}]},{\"@type\":\"ImageObject\",\"inLanguage\":\"en-US\",\"@id\":\"https:\/\/happyinaknit.com\/produktas\/lantern-moon-vaselis-taisymui\/#primaryimage\",\"url\":\"https:\/\/happyinaknit.com\/wp-content\/uploads\/2025\/10\/ProductPhotos1_6_f681a2e5-dc38-41aa-ab08-afb7726af73d.jpg.webp\",\"contentUrl\":\"https:\/\/happyinaknit.com\/wp-content\/uploads\/2025\/10\/ProductPhotos1_6_f681a2e5-dc38-41aa-ab08-afb7726af73d.jpg.webp\",\"width\":1200,\"height\":1200},{\"@type\":\"BreadcrumbList\",\"@id\":\"https:\/\/happyinaknit.com\/produktas\/lantern-moon-vaselis-taisymui\/#breadcrumb\",\"itemListElement\":[{\"@type\":\"ListItem\",\"position\":1,\"name\":\"Home\",\"item\":\"https:\/\/happyinaknit.com\/lt\/\"},{\"@type\":\"ListItem\",\"position\":2,\"name\":\"Parduotuv\u0117\",\"item\":\"https:\/\/happyinaknit.com\/lt\/parduotuve\/\"},{\"@type\":\"ListItem\",\"position\":3,\"name\":\"Lantern Moon va\u0161elis taisymui\"}]},{\"@type\":\"WebSite\",\"@id\":\"https:\/\/happyinaknit.com\/lt\/#website\",\"url\":\"https:\/\/happyinaknit.com\/lt\/\",\"name\":\"Happyinaknit.com\",\"description\":\"\",\"potentialAction\":[{\"@type\":\"SearchAction\",\"target\":{\"@type\":\"EntryPoint\",\"urlTemplate\":\"https:\/\/happyinaknit.com\/lt\/?s={search_term_string}\"},\"query-input\":{\"@type\":\"PropertyValueSpecification\",\"valueRequired\":true,\"valueName\":\"search_term_string\"}}],\"inLanguage\":\"en-US\"}]}<\/script>\n<!-- \/ Yoast SEO plugin. -->","yoast_head_json":{"title":"Lantern Moon va\u0161elis taisymui - Happyinaknit.com","robots":{"index":"index","follow":"follow","max-snippet":"max-snippet:-1","max-image-preview":"max-image-preview:large","max-video-preview":"max-video-preview:-1"},"canonical":"https:\/\/happyinaknit.com\/en\/product\/lantern-moon-vaselis-taisymui\/","og_locale":"en_US","og_type":"article","og_title":"Lantern Moon va\u0161elis taisymui - Happyinaknit.com","og_description":"Eleganti\u0161kas ir funkcionalus Lantern Moon va\u0161elis taisymui pagamintas i\u0161 auk\u0161tos kokyb\u0117s ebeninio med\u017eio. Tai nepakei\u010diamas \u012frankis kiekvienai mezg\u0117jai \u2013 padeda lengvai pakelti nukritusias akis, pataisyti klaidas ar atlikti smulkius taisymus megztoje med\u017eiagoje. Glotni, nat\u016braliai \u0161ilta med\u017eio tekst\u016bra suteikia malon\u0173 poj\u016bt\u012f ir tiksl\u0173 darb\u0105. Savyb\u0117s: \u2022Pagamintas i\u0161 nat\u016bralaus ebeninio med\u017eio \u2022Lengvas, patvarus ir itin malonus liesti [&hellip;]","og_url":"https:\/\/happyinaknit.com\/en\/product\/lantern-moon-vaselis-taisymui\/","og_site_name":"Happyinaknit.com","article_modified_time":"2026-04-14T18:27:07+00:00","og_image":[{"width":1200,"height":1200,"url":"https:\/\/happyinaknit.com\/wp-content\/uploads\/2025\/10\/ProductPhotos1_6_f681a2e5-dc38-41aa-ab08-afb7726af73d.jpg.webp","type":"image\/webp"}],"twitter_card":"summary_large_image","twitter_misc":{"Est. reading time":"1 minute"},"schema":{"@context":"https:\/\/schema.org","@graph":[{"@type":"WebPage","@id":"https:\/\/happyinaknit.com\/produktas\/lantern-moon-vaselis-taisymui\/","url":"https:\/\/happyinaknit.com\/produktas\/lantern-moon-vaselis-taisymui\/","name":"Lantern Moon va\u0161elis taisymui - Happyinaknit.com","isPartOf":{"@id":"https:\/\/happyinaknit.com\/lt\/#website"},"primaryImageOfPage":{"@id":"https:\/\/happyinaknit.com\/produktas\/lantern-moon-vaselis-taisymui\/#primaryimage"},"image":{"@id":"https:\/\/happyinaknit.com\/produktas\/lantern-moon-vaselis-taisymui\/#primaryimage"},"thumbnailUrl":"https:\/\/happyinaknit.com\/wp-content\/uploads\/2025\/10\/ProductPhotos1_6_f681a2e5-dc38-41aa-ab08-afb7726af73d.jpg.webp","datePublished":"2025-10-28T12:50:44+00:00","dateModified":"2026-04-14T18:27:07+00:00","breadcrumb":{"@id":"https:\/\/happyinaknit.com\/produktas\/lantern-moon-vaselis-taisymui\/#breadcrumb"},"inLanguage":"en-US","potentialAction":[{"@type":"ReadAction","target":["https:\/\/happyinaknit.com\/produktas\/lantern-moon-vaselis-taisymui\/"]}]},{"@type":"ImageObject","inLanguage":"en-US","@id":"https:\/\/happyinaknit.com\/produktas\/lantern-moon-vaselis-taisymui\/#primaryimage","url":"https:\/\/happyinaknit.com\/wp-content\/uploads\/2025\/10\/ProductPhotos1_6_f681a2e5-dc38-41aa-ab08-afb7726af73d.jpg.webp","contentUrl":"https:\/\/happyinaknit.com\/wp-content\/uploads\/2025\/10\/ProductPhotos1_6_f681a2e5-dc38-41aa-ab08-afb7726af73d.jpg.webp","width":1200,"height":1200},{"@type":"BreadcrumbList","@id":"https:\/\/happyinaknit.com\/produktas\/lantern-moon-vaselis-taisymui\/#breadcrumb","itemListElement":[{"@type":"ListItem","position":1,"name":"Home","item":"https:\/\/happyinaknit.com\/lt\/"},{"@type":"ListItem","position":2,"name":"Parduotuv\u0117","item":"https:\/\/happyinaknit.com\/lt\/parduotuve\/"},{"@type":"ListItem","position":3,"name":"Lantern Moon va\u0161elis taisymui"}]},{"@type":"WebSite","@id":"https:\/\/happyinaknit.com\/lt\/#website","url":"https:\/\/happyinaknit.com\/lt\/","name":"Happyinaknit.com","description":"","potentialAction":[{"@type":"SearchAction","target":{"@type":"EntryPoint","urlTemplate":"https:\/\/happyinaknit.com\/lt\/?s={search_term_string}"},"query-input":{"@type":"PropertyValueSpecification","valueRequired":true,"valueName":"search_term_string"}}],"inLanguage":"en-US"}]}},"_links":{"self":[{"href":"https:\/\/happyinaknit.com\/en\/wp-json\/wp\/v2\/product\/7092","targetHints":{"allow":["GET"]}}],"collection":[{"href":"https:\/\/happyinaknit.com\/en\/wp-json\/wp\/v2\/product"}],"about":[{"href":"https:\/\/happyinaknit.com\/en\/wp-json\/wp\/v2\/types\/product"}],"replies":[{"embeddable":true,"href":"https:\/\/happyinaknit.com\/en\/wp-json\/wp\/v2\/comments?post=7092"}],"wp:featuredmedia":[{"embeddable":true,"href":"https:\/\/happyinaknit.com\/en\/wp-json\/wp\/v2\/media\/7094"}],"wp:attachment":[{"href":"https:\/\/happyinaknit.com\/en\/wp-json\/wp\/v2\/media?parent=7092"}],"wp:term":[{"taxonomy":"product_brand","embeddable":true,"href":"https:\/\/happyinaknit.com\/en\/wp-json\/wp\/v2\/product_brand?post=7092"},{"taxonomy":"product_cat","embeddable":true,"href":"https:\/\/happyinaknit.com\/en\/wp-json\/wp\/v2\/product_cat?post=7092"},{"taxonomy":"product_tag","embeddable":true,"href":"https:\/\/happyinaknit.com\/en\/wp-json\/wp\/v2\/product_tag?post=7092"},{"taxonomy":"pro-kategorijos","embeddable":true,"href":"https:\/\/happyinaknit.com\/en\/wp-json\/wp\/v2\/pro-kategorijos?post=7092"}],"curies":[{"name":"wp","href":"https:\/\/api.w.org\/{rel}","templated":true}]}}