{"id":6904,"date":"2025-10-20T12:10:29","date_gmt":"2025-10-20T12:10:29","guid":{"rendered":"https:\/\/happyinaknit.com\/?post_type=product&#038;p=6904"},"modified":"2026-02-19T07:44:30","modified_gmt":"2026-02-19T07:44:30","slug":"clover-siuvimo-adatos-su-karabino-tipo-auselemis-3160","status":"publish","type":"product","link":"https:\/\/happyinaknit.com\/en\/product\/clover-siuvimo-adatos-su-karabino-tipo-auselemis-3160\/","title":{"rendered":"Clover Darning Needles with Latch Hook Eye 3160"},"content":{"rendered":"<p>Comfortable <b>Clover 3160<\/b> Sewing needles have a special &quot;carabiner&quot; shaped eye that allows you to easily thread even when it is stacked in several layers or has a thicker structure. Perfect for sewing, joining knitted products or finishing work neatly and aesthetically.<\/p>\n<p><b>Features:<\/b><b><\/b><\/p>\n<p>\u2022Carabiner-type eye makes threading easy<\/p>\n<p>\u2022Suitable for thicker or multi-strand yarns<\/p>\n<p>\u2022Smooth surface ensures easy gliding through fabric or knitwear<\/p>\n<p>\u2022Made of strong, durable metal<\/p>\n<p><b>The set includes:<\/b> 2 pcs.<\/p>\n<p><b>Brand:<\/b> Clover (Japan)<\/p>\n<p><b>Usage:<\/b> for sewing, joining knitted parts, hiding thread ends.<\/p>","protected":false},"excerpt":{"rendered":"<p>Patogios Clover 3160 siuvimo adatos turi speciali\u0105 \u201ekarabino\u201c formos ausel\u0119, kuri leid\u017eia lengvai \u012fverti si\u016bl\u0105 net tada, kai jis sud\u0117tas keliais sluoksniais arba yra storesn\u0117s strukt\u016bros. Puikiai tinka si\u016bti, sujungti megztus gaminius ar u\u017ebaigti darbus tvarkingai ir esteti\u0161kai. Savyb\u0117s: \u2022\u201eKarabino\u201c tipo ausel\u0117 leid\u017eia lengvai \u012fverti si\u016bl\u0105 \u2022Tinka storesniems arba keli\u0173 gij\u0173 si\u016blams \u2022Glotnus pavir\u0161ius u\u017etikrina [&hellip;]<\/p>\n","protected":false},"featured_media":6905,"comment_status":"open","ping_status":"closed","template":"","meta":{"_acf_changed":false},"product_brand":[1074],"product_cat":[15,1080,20],"product_tag":[],"pro-kategorijos":[],"class_list":{"0":"post-6904","1":"product","2":"type-product","3":"status-publish","4":"has-post-thumbnail","6":"product_brand-clover","7":"product_cat-visi-produktai","8":"product_cat-adatos","9":"product_cat-priedai-mezgimui","11":"first","12":"instock","13":"shipping-taxable","14":"purchasable","15":"product-type-simple"},"acf":[],"yoast_head":"<!-- This site is optimized with the Yoast SEO plugin v26.8 - https:\/\/yoast.com\/product\/yoast-seo-wordpress\/ -->\n<title>Clover Siuvimo adatos su \u201ekarabino\u201c tipo ausel\u0117mis 3160 - Happyinaknit.com<\/title>\n<meta name=\"robots\" content=\"index, follow, max-snippet:-1, max-image-preview:large, max-video-preview:-1\" \/>\n<link rel=\"canonical\" href=\"https:\/\/happyinaknit.com\/en\/product\/clover-siuvimo-adatos-su-karabino-tipo-auselemis-3160\/\" \/>\n<meta property=\"og:locale\" content=\"en_US\" \/>\n<meta property=\"og:type\" content=\"article\" \/>\n<meta property=\"og:title\" content=\"Clover Siuvimo adatos su \u201ekarabino\u201c tipo ausel\u0117mis 3160 - Happyinaknit.com\" \/>\n<meta property=\"og:description\" content=\"Patogios Clover 3160 siuvimo adatos turi speciali\u0105 \u201ekarabino\u201c formos ausel\u0119, kuri leid\u017eia lengvai \u012fverti si\u016bl\u0105 net tada, kai jis sud\u0117tas keliais sluoksniais arba yra storesn\u0117s strukt\u016bros. Puikiai tinka si\u016bti, sujungti megztus gaminius ar u\u017ebaigti darbus tvarkingai ir esteti\u0161kai. Savyb\u0117s: \u2022\u201eKarabino\u201c tipo ausel\u0117 leid\u017eia lengvai \u012fverti si\u016bl\u0105 \u2022Tinka storesniems arba keli\u0173 gij\u0173 si\u016blams \u2022Glotnus pavir\u0161ius u\u017etikrina [&hellip;]\" \/>\n<meta property=\"og:url\" content=\"https:\/\/happyinaknit.com\/en\/product\/clover-siuvimo-adatos-su-karabino-tipo-auselemis-3160\/\" \/>\n<meta property=\"og:site_name\" content=\"Happyinaknit.com\" \/>\n<meta property=\"article:modified_time\" content=\"2026-02-19T07:44:30+00:00\" \/>\n<meta property=\"og:image\" content=\"https:\/\/happyinaknit.com\/wp-content\/uploads\/2025\/10\/3160.jpg.webp\" \/>\n\t<meta property=\"og:image:width\" content=\"580\" \/>\n\t<meta property=\"og:image:height\" content=\"580\" \/>\n\t<meta property=\"og:image:type\" content=\"image\/webp\" \/>\n<meta name=\"twitter:card\" content=\"summary_large_image\" \/>\n<script type=\"application\/ld+json\" class=\"yoast-schema-graph\">{\"@context\":\"https:\/\/schema.org\",\"@graph\":[{\"@type\":\"WebPage\",\"@id\":\"https:\/\/happyinaknit.com\/produktas\/clover-siuvimo-adatos-su-karabino-tipo-auselemis-3160\/\",\"url\":\"https:\/\/happyinaknit.com\/produktas\/clover-siuvimo-adatos-su-karabino-tipo-auselemis-3160\/\",\"name\":\"Clover Siuvimo adatos su \u201ekarabino\u201c tipo ausel\u0117mis 3160 - Happyinaknit.com\",\"isPartOf\":{\"@id\":\"https:\/\/happyinaknit.com\/lt\/#website\"},\"primaryImageOfPage\":{\"@id\":\"https:\/\/happyinaknit.com\/produktas\/clover-siuvimo-adatos-su-karabino-tipo-auselemis-3160\/#primaryimage\"},\"image\":{\"@id\":\"https:\/\/happyinaknit.com\/produktas\/clover-siuvimo-adatos-su-karabino-tipo-auselemis-3160\/#primaryimage\"},\"thumbnailUrl\":\"https:\/\/happyinaknit.com\/wp-content\/uploads\/2025\/10\/3160.jpg.webp\",\"datePublished\":\"2025-10-20T12:10:29+00:00\",\"dateModified\":\"2026-02-19T07:44:30+00:00\",\"breadcrumb\":{\"@id\":\"https:\/\/happyinaknit.com\/produktas\/clover-siuvimo-adatos-su-karabino-tipo-auselemis-3160\/#breadcrumb\"},\"inLanguage\":\"en-US\",\"potentialAction\":[{\"@type\":\"ReadAction\",\"target\":[\"https:\/\/happyinaknit.com\/produktas\/clover-siuvimo-adatos-su-karabino-tipo-auselemis-3160\/\"]}]},{\"@type\":\"ImageObject\",\"inLanguage\":\"en-US\",\"@id\":\"https:\/\/happyinaknit.com\/produktas\/clover-siuvimo-adatos-su-karabino-tipo-auselemis-3160\/#primaryimage\",\"url\":\"https:\/\/happyinaknit.com\/wp-content\/uploads\/2025\/10\/3160.jpg.webp\",\"contentUrl\":\"https:\/\/happyinaknit.com\/wp-content\/uploads\/2025\/10\/3160.jpg.webp\",\"width\":580,\"height\":580},{\"@type\":\"BreadcrumbList\",\"@id\":\"https:\/\/happyinaknit.com\/produktas\/clover-siuvimo-adatos-su-karabino-tipo-auselemis-3160\/#breadcrumb\",\"itemListElement\":[{\"@type\":\"ListItem\",\"position\":1,\"name\":\"Home\",\"item\":\"https:\/\/happyinaknit.com\/lt\/\"},{\"@type\":\"ListItem\",\"position\":2,\"name\":\"Parduotuv\u0117\",\"item\":\"https:\/\/happyinaknit.com\/lt\/parduotuve\/\"},{\"@type\":\"ListItem\",\"position\":3,\"name\":\"Clover Siuvimo adatos su \u201ekarabino\u201c tipo ausel\u0117mis 3160\"}]},{\"@type\":\"WebSite\",\"@id\":\"https:\/\/happyinaknit.com\/lt\/#website\",\"url\":\"https:\/\/happyinaknit.com\/lt\/\",\"name\":\"Happyinaknit.com\",\"description\":\"\",\"potentialAction\":[{\"@type\":\"SearchAction\",\"target\":{\"@type\":\"EntryPoint\",\"urlTemplate\":\"https:\/\/happyinaknit.com\/lt\/?s={search_term_string}\"},\"query-input\":{\"@type\":\"PropertyValueSpecification\",\"valueRequired\":true,\"valueName\":\"search_term_string\"}}],\"inLanguage\":\"en-US\"}]}<\/script>\n<!-- \/ Yoast SEO plugin. -->","yoast_head_json":{"title":"Clover Siuvimo adatos su \u201ekarabino\u201c tipo ausel\u0117mis 3160 - Happyinaknit.com","robots":{"index":"index","follow":"follow","max-snippet":"max-snippet:-1","max-image-preview":"max-image-preview:large","max-video-preview":"max-video-preview:-1"},"canonical":"https:\/\/happyinaknit.com\/en\/product\/clover-siuvimo-adatos-su-karabino-tipo-auselemis-3160\/","og_locale":"en_US","og_type":"article","og_title":"Clover Siuvimo adatos su \u201ekarabino\u201c tipo ausel\u0117mis 3160 - Happyinaknit.com","og_description":"Patogios Clover 3160 siuvimo adatos turi speciali\u0105 \u201ekarabino\u201c formos ausel\u0119, kuri leid\u017eia lengvai \u012fverti si\u016bl\u0105 net tada, kai jis sud\u0117tas keliais sluoksniais arba yra storesn\u0117s strukt\u016bros. Puikiai tinka si\u016bti, sujungti megztus gaminius ar u\u017ebaigti darbus tvarkingai ir esteti\u0161kai. Savyb\u0117s: \u2022\u201eKarabino\u201c tipo ausel\u0117 leid\u017eia lengvai \u012fverti si\u016bl\u0105 \u2022Tinka storesniems arba keli\u0173 gij\u0173 si\u016blams \u2022Glotnus pavir\u0161ius u\u017etikrina [&hellip;]","og_url":"https:\/\/happyinaknit.com\/en\/product\/clover-siuvimo-adatos-su-karabino-tipo-auselemis-3160\/","og_site_name":"Happyinaknit.com","article_modified_time":"2026-02-19T07:44:30+00:00","og_image":[{"width":580,"height":580,"url":"https:\/\/happyinaknit.com\/wp-content\/uploads\/2025\/10\/3160.jpg.webp","type":"image\/webp"}],"twitter_card":"summary_large_image","schema":{"@context":"https:\/\/schema.org","@graph":[{"@type":"WebPage","@id":"https:\/\/happyinaknit.com\/produktas\/clover-siuvimo-adatos-su-karabino-tipo-auselemis-3160\/","url":"https:\/\/happyinaknit.com\/produktas\/clover-siuvimo-adatos-su-karabino-tipo-auselemis-3160\/","name":"Clover Siuvimo adatos su \u201ekarabino\u201c tipo ausel\u0117mis 3160 - Happyinaknit.com","isPartOf":{"@id":"https:\/\/happyinaknit.com\/lt\/#website"},"primaryImageOfPage":{"@id":"https:\/\/happyinaknit.com\/produktas\/clover-siuvimo-adatos-su-karabino-tipo-auselemis-3160\/#primaryimage"},"image":{"@id":"https:\/\/happyinaknit.com\/produktas\/clover-siuvimo-adatos-su-karabino-tipo-auselemis-3160\/#primaryimage"},"thumbnailUrl":"https:\/\/happyinaknit.com\/wp-content\/uploads\/2025\/10\/3160.jpg.webp","datePublished":"2025-10-20T12:10:29+00:00","dateModified":"2026-02-19T07:44:30+00:00","breadcrumb":{"@id":"https:\/\/happyinaknit.com\/produktas\/clover-siuvimo-adatos-su-karabino-tipo-auselemis-3160\/#breadcrumb"},"inLanguage":"en-US","potentialAction":[{"@type":"ReadAction","target":["https:\/\/happyinaknit.com\/produktas\/clover-siuvimo-adatos-su-karabino-tipo-auselemis-3160\/"]}]},{"@type":"ImageObject","inLanguage":"en-US","@id":"https:\/\/happyinaknit.com\/produktas\/clover-siuvimo-adatos-su-karabino-tipo-auselemis-3160\/#primaryimage","url":"https:\/\/happyinaknit.com\/wp-content\/uploads\/2025\/10\/3160.jpg.webp","contentUrl":"https:\/\/happyinaknit.com\/wp-content\/uploads\/2025\/10\/3160.jpg.webp","width":580,"height":580},{"@type":"BreadcrumbList","@id":"https:\/\/happyinaknit.com\/produktas\/clover-siuvimo-adatos-su-karabino-tipo-auselemis-3160\/#breadcrumb","itemListElement":[{"@type":"ListItem","position":1,"name":"Home","item":"https:\/\/happyinaknit.com\/lt\/"},{"@type":"ListItem","position":2,"name":"Parduotuv\u0117","item":"https:\/\/happyinaknit.com\/lt\/parduotuve\/"},{"@type":"ListItem","position":3,"name":"Clover Siuvimo adatos su \u201ekarabino\u201c tipo ausel\u0117mis 3160"}]},{"@type":"WebSite","@id":"https:\/\/happyinaknit.com\/lt\/#website","url":"https:\/\/happyinaknit.com\/lt\/","name":"Happyinaknit.com","description":"","potentialAction":[{"@type":"SearchAction","target":{"@type":"EntryPoint","urlTemplate":"https:\/\/happyinaknit.com\/lt\/?s={search_term_string}"},"query-input":{"@type":"PropertyValueSpecification","valueRequired":true,"valueName":"search_term_string"}}],"inLanguage":"en-US"}]}},"_links":{"self":[{"href":"https:\/\/happyinaknit.com\/en\/wp-json\/wp\/v2\/product\/6904","targetHints":{"allow":["GET"]}}],"collection":[{"href":"https:\/\/happyinaknit.com\/en\/wp-json\/wp\/v2\/product"}],"about":[{"href":"https:\/\/happyinaknit.com\/en\/wp-json\/wp\/v2\/types\/product"}],"replies":[{"embeddable":true,"href":"https:\/\/happyinaknit.com\/en\/wp-json\/wp\/v2\/comments?post=6904"}],"wp:featuredmedia":[{"embeddable":true,"href":"https:\/\/happyinaknit.com\/en\/wp-json\/wp\/v2\/media\/6905"}],"wp:attachment":[{"href":"https:\/\/happyinaknit.com\/en\/wp-json\/wp\/v2\/media?parent=6904"}],"wp:term":[{"taxonomy":"product_brand","embeddable":true,"href":"https:\/\/happyinaknit.com\/en\/wp-json\/wp\/v2\/product_brand?post=6904"},{"taxonomy":"product_cat","embeddable":true,"href":"https:\/\/happyinaknit.com\/en\/wp-json\/wp\/v2\/product_cat?post=6904"},{"taxonomy":"product_tag","embeddable":true,"href":"https:\/\/happyinaknit.com\/en\/wp-json\/wp\/v2\/product_tag?post=6904"},{"taxonomy":"pro-kategorijos","embeddable":true,"href":"https:\/\/happyinaknit.com\/en\/wp-json\/wp\/v2\/pro-kategorijos?post=6904"}],"curies":[{"name":"wp","href":"https:\/\/api.w.org\/{rel}","templated":true}]}}