{"id":6769,"date":"2025-10-19T20:35:44","date_gmt":"2025-10-19T20:35:44","guid":{"rendered":"https:\/\/happyinaknit.com\/?post_type=product&#038;p=6769"},"modified":"2026-03-30T11:50:19","modified_gmt":"2026-03-30T11:50:19","slug":"chiaogoo-spin-bambukiniai-prisukami-virbalai-10-cm-ir-13-cm","status":"publish","type":"product","link":"https:\/\/happyinaknit.com\/en\/product\/chiaogoo-spin-bambukiniai-prisukami-virbalai-10-cm-ir-13-cm\/","title":{"rendered":"ChiaoGoo SPIN Bamboo Interchangeable Knitting Needle  10 cm \/ 13 cm"},"content":{"rendered":"<p><b>ChiaoGoo SPIN bamboo screw-on skewers<\/b> handmade from high quality <b>Moss bamboo<\/b>. The tips of the needles are firmly fixed <b>in nickel-plated copper holders<\/b>, ensuring durability and longevity. Each needle is <b>laser engraved size<\/b>, which does not wear out with use.<\/p>\n<p>These needles are compatible with both <b>steel TWIST<\/b>, both with <b>nylon SPIN<\/b> in the evening.<\/p>\n<p><b>Only suitable for ChiaoGoo systems.<\/b><b><\/b><\/p>\n<p><b>Suitable for systems:<\/b><b><\/b><\/p>\n<p>\u2022Wheels <b>2.75-5.0mm<\/b> \u2013 used with <b>S<\/b> size of the rope<\/p>\n<p>\u2022Wheels <b>5.5-10.0mm<\/b> \u2013 used with <b>L<\/b> size of the rope<\/p>\n<p><b>Possible options:<\/b><b><\/b><\/p>\n<p>\u2022Wheels <b>13 cm (S)<\/b> \u2013 standard length<\/p>\n<p>\u2022Wheels <b>10 cm<\/b> \u2013 shorter (suitable for smaller knits)<\/p>\n<p><b>Note:<\/b> Color shades may vary slightly depending on your device&#039;s screen.<\/p>","protected":false},"excerpt":{"rendered":"<p>ChiaoGoo SPIN bambukiniai prisukami virbalai pagaminti rankomis i\u0161 auk\u0161tos kokyb\u0117s Moso bambuko. Virbal\u0173 antgaliai tvirtai \u012ftvirtinti nikeliuotuose variniuose laikikliuose, u\u017etikrinan\u010diuose patvarum\u0105 ir ilgaam\u017ei\u0161kum\u0105. Ant kiekvieno virbalo yra lazeriu i\u0161graviruotas dydis, kuris nenusitrina naudojant. \u0160ie virbalai suderinami tiek su plieniniais TWIST, tiek su nailoniniais SPIN valais. Tinka tik ChiaoGoo sistemoms. Tinka sistemoms: \u2022Virbalai 2,75\u20135,0 mm \u2013 [&hellip;]<\/p>\n","protected":false},"featured_media":6771,"comment_status":"open","ping_status":"closed","template":"","meta":{"_acf_changed":false},"product_brand":[166],"product_cat":[15,19,863],"product_tag":[],"pro-kategorijos":[],"class_list":{"0":"post-6769","1":"product","2":"type-product","3":"status-publish","4":"has-post-thumbnail","6":"product_brand-chiaogoo","7":"product_cat-visi-produktai","8":"product_cat-mezgimo-priemones","9":"product_cat-prisukami-virbalai","11":"first","12":"instock","13":"shipping-taxable","14":"purchasable","15":"product-type-variable"},"acf":[],"yoast_head":"<!-- This site is optimized with the Yoast SEO plugin v26.8 - https:\/\/yoast.com\/product\/yoast-seo-wordpress\/ -->\n<title>ChiaoGoo SPIN bambukiniai prisukami virbalai 10 cm ir 13 cm - Happyinaknit.com<\/title>\n<meta name=\"robots\" content=\"index, follow, max-snippet:-1, max-image-preview:large, max-video-preview:-1\" \/>\n<link rel=\"canonical\" href=\"https:\/\/happyinaknit.com\/en\/product\/chiaogoo-spin-bambukiniai-prisukami-virbalai-10-cm-ir-13-cm\/\" \/>\n<meta property=\"og:locale\" content=\"en_US\" \/>\n<meta property=\"og:type\" content=\"article\" \/>\n<meta property=\"og:title\" content=\"ChiaoGoo SPIN bambukiniai prisukami virbalai 10 cm ir 13 cm - Happyinaknit.com\" \/>\n<meta property=\"og:description\" content=\"ChiaoGoo SPIN bambukiniai prisukami virbalai pagaminti rankomis i\u0161 auk\u0161tos kokyb\u0117s Moso bambuko. Virbal\u0173 antgaliai tvirtai \u012ftvirtinti nikeliuotuose variniuose laikikliuose, u\u017etikrinan\u010diuose patvarum\u0105 ir ilgaam\u017ei\u0161kum\u0105. Ant kiekvieno virbalo yra lazeriu i\u0161graviruotas dydis, kuris nenusitrina naudojant. \u0160ie virbalai suderinami tiek su plieniniais TWIST, tiek su nailoniniais SPIN valais. Tinka tik ChiaoGoo sistemoms. Tinka sistemoms: \u2022Virbalai 2,75\u20135,0 mm \u2013 [&hellip;]\" \/>\n<meta property=\"og:url\" content=\"https:\/\/happyinaknit.com\/en\/product\/chiaogoo-spin-bambukiniai-prisukami-virbalai-10-cm-ir-13-cm\/\" \/>\n<meta property=\"og:site_name\" content=\"Happyinaknit.com\" \/>\n<meta property=\"article:modified_time\" content=\"2026-03-30T11:50:19+00:00\" \/>\n<meta property=\"og:image\" content=\"https:\/\/happyinaknit.com\/wp-content\/uploads\/2025\/10\/spin-bamboo.png\" \/>\n\t<meta property=\"og:image:width\" content=\"491\" \/>\n\t<meta property=\"og:image:height\" content=\"479\" \/>\n\t<meta property=\"og:image:type\" content=\"image\/png\" \/>\n<meta name=\"twitter:card\" content=\"summary_large_image\" \/>\n<script type=\"application\/ld+json\" class=\"yoast-schema-graph\">{\"@context\":\"https:\/\/schema.org\",\"@graph\":[{\"@type\":\"WebPage\",\"@id\":\"https:\/\/happyinaknit.com\/produktas\/chiaogoo-spin-bambukiniai-prisukami-virbalai-10-cm-ir-13-cm\/\",\"url\":\"https:\/\/happyinaknit.com\/produktas\/chiaogoo-spin-bambukiniai-prisukami-virbalai-10-cm-ir-13-cm\/\",\"name\":\"ChiaoGoo SPIN bambukiniai prisukami virbalai 10 cm ir 13 cm - Happyinaknit.com\",\"isPartOf\":{\"@id\":\"https:\/\/happyinaknit.com\/lt\/#website\"},\"primaryImageOfPage\":{\"@id\":\"https:\/\/happyinaknit.com\/produktas\/chiaogoo-spin-bambukiniai-prisukami-virbalai-10-cm-ir-13-cm\/#primaryimage\"},\"image\":{\"@id\":\"https:\/\/happyinaknit.com\/produktas\/chiaogoo-spin-bambukiniai-prisukami-virbalai-10-cm-ir-13-cm\/#primaryimage\"},\"thumbnailUrl\":\"https:\/\/happyinaknit.com\/wp-content\/uploads\/2025\/10\/spin-bamboo.png\",\"datePublished\":\"2025-10-19T20:35:44+00:00\",\"dateModified\":\"2026-03-30T11:50:19+00:00\",\"breadcrumb\":{\"@id\":\"https:\/\/happyinaknit.com\/produktas\/chiaogoo-spin-bambukiniai-prisukami-virbalai-10-cm-ir-13-cm\/#breadcrumb\"},\"inLanguage\":\"en-US\",\"potentialAction\":[{\"@type\":\"ReadAction\",\"target\":[\"https:\/\/happyinaknit.com\/produktas\/chiaogoo-spin-bambukiniai-prisukami-virbalai-10-cm-ir-13-cm\/\"]}]},{\"@type\":\"ImageObject\",\"inLanguage\":\"en-US\",\"@id\":\"https:\/\/happyinaknit.com\/produktas\/chiaogoo-spin-bambukiniai-prisukami-virbalai-10-cm-ir-13-cm\/#primaryimage\",\"url\":\"https:\/\/happyinaknit.com\/wp-content\/uploads\/2025\/10\/spin-bamboo.png\",\"contentUrl\":\"https:\/\/happyinaknit.com\/wp-content\/uploads\/2025\/10\/spin-bamboo.png\",\"width\":491,\"height\":479},{\"@type\":\"BreadcrumbList\",\"@id\":\"https:\/\/happyinaknit.com\/produktas\/chiaogoo-spin-bambukiniai-prisukami-virbalai-10-cm-ir-13-cm\/#breadcrumb\",\"itemListElement\":[{\"@type\":\"ListItem\",\"position\":1,\"name\":\"Home\",\"item\":\"https:\/\/happyinaknit.com\/lt\/\"},{\"@type\":\"ListItem\",\"position\":2,\"name\":\"Parduotuv\u0117\",\"item\":\"https:\/\/happyinaknit.com\/lt\/parduotuve\/\"},{\"@type\":\"ListItem\",\"position\":3,\"name\":\"ChiaoGoo SPIN bambukiniai prisukami virbalai 10 cm ir 13 cm\"}]},{\"@type\":\"WebSite\",\"@id\":\"https:\/\/happyinaknit.com\/lt\/#website\",\"url\":\"https:\/\/happyinaknit.com\/lt\/\",\"name\":\"Happyinaknit.com\",\"description\":\"\",\"potentialAction\":[{\"@type\":\"SearchAction\",\"target\":{\"@type\":\"EntryPoint\",\"urlTemplate\":\"https:\/\/happyinaknit.com\/lt\/?s={search_term_string}\"},\"query-input\":{\"@type\":\"PropertyValueSpecification\",\"valueRequired\":true,\"valueName\":\"search_term_string\"}}],\"inLanguage\":\"en-US\"}]}<\/script>\n<!-- \/ Yoast SEO plugin. -->","yoast_head_json":{"title":"ChiaoGoo SPIN bambukiniai prisukami virbalai 10 cm ir 13 cm - Happyinaknit.com","robots":{"index":"index","follow":"follow","max-snippet":"max-snippet:-1","max-image-preview":"max-image-preview:large","max-video-preview":"max-video-preview:-1"},"canonical":"https:\/\/happyinaknit.com\/en\/product\/chiaogoo-spin-bambukiniai-prisukami-virbalai-10-cm-ir-13-cm\/","og_locale":"en_US","og_type":"article","og_title":"ChiaoGoo SPIN bambukiniai prisukami virbalai 10 cm ir 13 cm - Happyinaknit.com","og_description":"ChiaoGoo SPIN bambukiniai prisukami virbalai pagaminti rankomis i\u0161 auk\u0161tos kokyb\u0117s Moso bambuko. Virbal\u0173 antgaliai tvirtai \u012ftvirtinti nikeliuotuose variniuose laikikliuose, u\u017etikrinan\u010diuose patvarum\u0105 ir ilgaam\u017ei\u0161kum\u0105. Ant kiekvieno virbalo yra lazeriu i\u0161graviruotas dydis, kuris nenusitrina naudojant. \u0160ie virbalai suderinami tiek su plieniniais TWIST, tiek su nailoniniais SPIN valais. Tinka tik ChiaoGoo sistemoms. Tinka sistemoms: \u2022Virbalai 2,75\u20135,0 mm \u2013 [&hellip;]","og_url":"https:\/\/happyinaknit.com\/en\/product\/chiaogoo-spin-bambukiniai-prisukami-virbalai-10-cm-ir-13-cm\/","og_site_name":"Happyinaknit.com","article_modified_time":"2026-03-30T11:50:19+00:00","og_image":[{"width":491,"height":479,"url":"https:\/\/happyinaknit.com\/wp-content\/uploads\/2025\/10\/spin-bamboo.png","type":"image\/png"}],"twitter_card":"summary_large_image","schema":{"@context":"https:\/\/schema.org","@graph":[{"@type":"WebPage","@id":"https:\/\/happyinaknit.com\/produktas\/chiaogoo-spin-bambukiniai-prisukami-virbalai-10-cm-ir-13-cm\/","url":"https:\/\/happyinaknit.com\/produktas\/chiaogoo-spin-bambukiniai-prisukami-virbalai-10-cm-ir-13-cm\/","name":"ChiaoGoo SPIN bambukiniai prisukami virbalai 10 cm ir 13 cm - Happyinaknit.com","isPartOf":{"@id":"https:\/\/happyinaknit.com\/lt\/#website"},"primaryImageOfPage":{"@id":"https:\/\/happyinaknit.com\/produktas\/chiaogoo-spin-bambukiniai-prisukami-virbalai-10-cm-ir-13-cm\/#primaryimage"},"image":{"@id":"https:\/\/happyinaknit.com\/produktas\/chiaogoo-spin-bambukiniai-prisukami-virbalai-10-cm-ir-13-cm\/#primaryimage"},"thumbnailUrl":"https:\/\/happyinaknit.com\/wp-content\/uploads\/2025\/10\/spin-bamboo.png","datePublished":"2025-10-19T20:35:44+00:00","dateModified":"2026-03-30T11:50:19+00:00","breadcrumb":{"@id":"https:\/\/happyinaknit.com\/produktas\/chiaogoo-spin-bambukiniai-prisukami-virbalai-10-cm-ir-13-cm\/#breadcrumb"},"inLanguage":"en-US","potentialAction":[{"@type":"ReadAction","target":["https:\/\/happyinaknit.com\/produktas\/chiaogoo-spin-bambukiniai-prisukami-virbalai-10-cm-ir-13-cm\/"]}]},{"@type":"ImageObject","inLanguage":"en-US","@id":"https:\/\/happyinaknit.com\/produktas\/chiaogoo-spin-bambukiniai-prisukami-virbalai-10-cm-ir-13-cm\/#primaryimage","url":"https:\/\/happyinaknit.com\/wp-content\/uploads\/2025\/10\/spin-bamboo.png","contentUrl":"https:\/\/happyinaknit.com\/wp-content\/uploads\/2025\/10\/spin-bamboo.png","width":491,"height":479},{"@type":"BreadcrumbList","@id":"https:\/\/happyinaknit.com\/produktas\/chiaogoo-spin-bambukiniai-prisukami-virbalai-10-cm-ir-13-cm\/#breadcrumb","itemListElement":[{"@type":"ListItem","position":1,"name":"Home","item":"https:\/\/happyinaknit.com\/lt\/"},{"@type":"ListItem","position":2,"name":"Parduotuv\u0117","item":"https:\/\/happyinaknit.com\/lt\/parduotuve\/"},{"@type":"ListItem","position":3,"name":"ChiaoGoo SPIN bambukiniai prisukami virbalai 10 cm ir 13 cm"}]},{"@type":"WebSite","@id":"https:\/\/happyinaknit.com\/lt\/#website","url":"https:\/\/happyinaknit.com\/lt\/","name":"Happyinaknit.com","description":"","potentialAction":[{"@type":"SearchAction","target":{"@type":"EntryPoint","urlTemplate":"https:\/\/happyinaknit.com\/lt\/?s={search_term_string}"},"query-input":{"@type":"PropertyValueSpecification","valueRequired":true,"valueName":"search_term_string"}}],"inLanguage":"en-US"}]}},"_links":{"self":[{"href":"https:\/\/happyinaknit.com\/en\/wp-json\/wp\/v2\/product\/6769","targetHints":{"allow":["GET"]}}],"collection":[{"href":"https:\/\/happyinaknit.com\/en\/wp-json\/wp\/v2\/product"}],"about":[{"href":"https:\/\/happyinaknit.com\/en\/wp-json\/wp\/v2\/types\/product"}],"replies":[{"embeddable":true,"href":"https:\/\/happyinaknit.com\/en\/wp-json\/wp\/v2\/comments?post=6769"}],"wp:featuredmedia":[{"embeddable":true,"href":"https:\/\/happyinaknit.com\/en\/wp-json\/wp\/v2\/media\/6771"}],"wp:attachment":[{"href":"https:\/\/happyinaknit.com\/en\/wp-json\/wp\/v2\/media?parent=6769"}],"wp:term":[{"taxonomy":"product_brand","embeddable":true,"href":"https:\/\/happyinaknit.com\/en\/wp-json\/wp\/v2\/product_brand?post=6769"},{"taxonomy":"product_cat","embeddable":true,"href":"https:\/\/happyinaknit.com\/en\/wp-json\/wp\/v2\/product_cat?post=6769"},{"taxonomy":"product_tag","embeddable":true,"href":"https:\/\/happyinaknit.com\/en\/wp-json\/wp\/v2\/product_tag?post=6769"},{"taxonomy":"pro-kategorijos","embeddable":true,"href":"https:\/\/happyinaknit.com\/en\/wp-json\/wp\/v2\/pro-kategorijos?post=6769"}],"curies":[{"name":"wp","href":"https:\/\/api.w.org\/{rel}","templated":true}]}}