{"id":6738,"date":"2025-10-19T20:21:20","date_gmt":"2025-10-19T20:21:20","guid":{"rendered":"https:\/\/happyinaknit.com\/?post_type=product&#038;p=6738"},"modified":"2026-04-10T16:29:19","modified_gmt":"2026-04-10T16:29:19","slug":"chiaogoo-twist-red-valas-prisukamiems-virbalams","status":"publish","type":"product","link":"https:\/\/happyinaknit.com\/en\/product\/chiaogoo-twist-red-valas-prisukamiems-virbalams\/","title":{"rendered":"ChiaoGoo TWIST Red Cable  For Interchangeable  Knitting Needles"},"content":{"rendered":"<p><b>ChiaoGoo TWIST line for screw-in rods<\/b> \u2013 a highly flexible, multi-layered steel line with a red nylon sheath that has absolutely no memory. The eyes of the knot glide perfectly over the surface, making knitting extremely smooth and enjoyable.<\/p>\n<p><b>Only suitable for ChiaoGoo systems<\/b><\/p>\n<p><b>TWIST Small (S)<\/b><b><\/b><\/p>\n<p>Suitable for knitting needles <b>2.75-5.0mm<\/b><\/p>\n<p><b>TWIST Large (L)<\/b><b><\/b><\/p>\n<p>Suitable for knitting needles <b>5.5-10.0mm<\/b><b><\/b><\/p>\n<p>(can also be used with S system needles via adapters)<\/p>\n<p><b>TWIST Red Mini (M)<\/b><b><\/b><\/p>\n<p>Suitable for knitting needles <b>up to 2.5 mm<\/b><\/p>\n<p><b>Purpose:<\/b> used with screw-on rods<\/p>\n<p><b>Material:<\/b> multilayer steel line with nylon coating<\/p>\n<p><b>Note:<\/b> specified length <em><b>without needles<\/b>.<span class=\"Apple-converted-space\">\u00a0<\/span><\/em><\/p>\n<p>Color shades may vary slightly depending on your device&#039;s screen.<\/p>","protected":false},"excerpt":{"rendered":"<p>ChiaoGoo TWIST valas prisukamiems virbalams \u2013 itin lankstus, daugiasluoksnis plieninis valas su raudonu nailono apvalkalu, kuris visi\u0161kai neturi atminties. Mezginio akys puikiai slysta pavir\u0161iumi, tod\u0117l mezgimas tampa ypa\u010d tolygus ir malonus. Tinka tik ChiaoGoo sistemoms TWIST Small (S) Tinka virbalams 2,75\u20135,0 mm TWIST Large (L) Tinka virbalams 5,5\u201310,0 mm (per adapterius gali b\u016bti naudojami ir [&hellip;]<\/p>\n","protected":false},"featured_media":6741,"comment_status":"open","ping_status":"closed","template":"","meta":{"_acf_changed":false},"product_brand":[166],"product_cat":[15,19,864],"product_tag":[],"pro-kategorijos":[],"class_list":{"0":"post-6738","1":"product","2":"type-product","3":"status-publish","4":"has-post-thumbnail","6":"product_brand-chiaogoo","7":"product_cat-visi-produktai","8":"product_cat-mezgimo-priemones","9":"product_cat-valai-virbalams","11":"first","12":"instock","13":"shipping-taxable","14":"purchasable","15":"product-type-variable"},"acf":[],"yoast_head":"<!-- This site is optimized with the Yoast SEO plugin v26.8 - https:\/\/yoast.com\/product\/yoast-seo-wordpress\/ -->\n<title>ChiaoGoo TWIST Red Valas Prisukamiems Virbalams - Happyinaknit.com<\/title>\n<meta name=\"robots\" content=\"index, follow, max-snippet:-1, max-image-preview:large, max-video-preview:-1\" \/>\n<link rel=\"canonical\" href=\"https:\/\/happyinaknit.com\/en\/product\/chiaogoo-twist-red-valas-prisukamiems-virbalams\/\" \/>\n<meta property=\"og:locale\" content=\"en_US\" \/>\n<meta property=\"og:type\" content=\"article\" \/>\n<meta property=\"og:title\" content=\"ChiaoGoo TWIST Red Valas Prisukamiems Virbalams - Happyinaknit.com\" \/>\n<meta property=\"og:description\" content=\"ChiaoGoo TWIST valas prisukamiems virbalams \u2013 itin lankstus, daugiasluoksnis plieninis valas su raudonu nailono apvalkalu, kuris visi\u0161kai neturi atminties. Mezginio akys puikiai slysta pavir\u0161iumi, tod\u0117l mezgimas tampa ypa\u010d tolygus ir malonus. Tinka tik ChiaoGoo sistemoms TWIST Small (S) Tinka virbalams 2,75\u20135,0 mm TWIST Large (L) Tinka virbalams 5,5\u201310,0 mm (per adapterius gali b\u016bti naudojami ir [&hellip;]\" \/>\n<meta property=\"og:url\" content=\"https:\/\/happyinaknit.com\/en\/product\/chiaogoo-twist-red-valas-prisukamiems-virbalams\/\" \/>\n<meta property=\"og:site_name\" content=\"Happyinaknit.com\" \/>\n<meta property=\"article:modified_time\" content=\"2026-04-10T16:29:19+00:00\" \/>\n<meta name=\"twitter:card\" content=\"summary_large_image\" \/>\n<script type=\"application\/ld+json\" class=\"yoast-schema-graph\">{\"@context\":\"https:\/\/schema.org\",\"@graph\":[{\"@type\":\"WebPage\",\"@id\":\"https:\/\/happyinaknit.com\/produktas\/chiaogoo-twist-red-valas-prisukamiems-virbalams\/\",\"url\":\"https:\/\/happyinaknit.com\/produktas\/chiaogoo-twist-red-valas-prisukamiems-virbalams\/\",\"name\":\"ChiaoGoo TWIST Red Valas Prisukamiems Virbalams - Happyinaknit.com\",\"isPartOf\":{\"@id\":\"https:\/\/happyinaknit.com\/lt\/#website\"},\"primaryImageOfPage\":{\"@id\":\"https:\/\/happyinaknit.com\/produktas\/chiaogoo-twist-red-valas-prisukamiems-virbalams\/#primaryimage\"},\"image\":{\"@id\":\"https:\/\/happyinaknit.com\/produktas\/chiaogoo-twist-red-valas-prisukamiems-virbalams\/#primaryimage\"},\"thumbnailUrl\":\"https:\/\/happyinaknit.com\/wp-content\/uploads\/2025\/10\/ChiaoGooTwistRedCable_300x300.png.avif\",\"datePublished\":\"2025-10-19T20:21:20+00:00\",\"dateModified\":\"2026-04-10T16:29:19+00:00\",\"breadcrumb\":{\"@id\":\"https:\/\/happyinaknit.com\/produktas\/chiaogoo-twist-red-valas-prisukamiems-virbalams\/#breadcrumb\"},\"inLanguage\":\"en-US\",\"potentialAction\":[{\"@type\":\"ReadAction\",\"target\":[\"https:\/\/happyinaknit.com\/produktas\/chiaogoo-twist-red-valas-prisukamiems-virbalams\/\"]}]},{\"@type\":\"ImageObject\",\"inLanguage\":\"en-US\",\"@id\":\"https:\/\/happyinaknit.com\/produktas\/chiaogoo-twist-red-valas-prisukamiems-virbalams\/#primaryimage\",\"url\":\"https:\/\/happyinaknit.com\/wp-content\/uploads\/2025\/10\/ChiaoGooTwistRedCable_300x300.png.avif\",\"contentUrl\":\"https:\/\/happyinaknit.com\/wp-content\/uploads\/2025\/10\/ChiaoGooTwistRedCable_300x300.png.avif\",\"width\":300,\"height\":300},{\"@type\":\"BreadcrumbList\",\"@id\":\"https:\/\/happyinaknit.com\/produktas\/chiaogoo-twist-red-valas-prisukamiems-virbalams\/#breadcrumb\",\"itemListElement\":[{\"@type\":\"ListItem\",\"position\":1,\"name\":\"Home\",\"item\":\"https:\/\/happyinaknit.com\/lt\/\"},{\"@type\":\"ListItem\",\"position\":2,\"name\":\"Parduotuv\u0117\",\"item\":\"https:\/\/happyinaknit.com\/lt\/parduotuve\/\"},{\"@type\":\"ListItem\",\"position\":3,\"name\":\"ChiaoGoo TWIST Red Valas Prisukamiems Virbalams\"}]},{\"@type\":\"WebSite\",\"@id\":\"https:\/\/happyinaknit.com\/lt\/#website\",\"url\":\"https:\/\/happyinaknit.com\/lt\/\",\"name\":\"Happyinaknit.com\",\"description\":\"\",\"potentialAction\":[{\"@type\":\"SearchAction\",\"target\":{\"@type\":\"EntryPoint\",\"urlTemplate\":\"https:\/\/happyinaknit.com\/lt\/?s={search_term_string}\"},\"query-input\":{\"@type\":\"PropertyValueSpecification\",\"valueRequired\":true,\"valueName\":\"search_term_string\"}}],\"inLanguage\":\"en-US\"}]}<\/script>\n<!-- \/ Yoast SEO plugin. -->","yoast_head_json":{"title":"ChiaoGoo TWIST Red Valas Prisukamiems Virbalams - Happyinaknit.com","robots":{"index":"index","follow":"follow","max-snippet":"max-snippet:-1","max-image-preview":"max-image-preview:large","max-video-preview":"max-video-preview:-1"},"canonical":"https:\/\/happyinaknit.com\/en\/product\/chiaogoo-twist-red-valas-prisukamiems-virbalams\/","og_locale":"en_US","og_type":"article","og_title":"ChiaoGoo TWIST Red Valas Prisukamiems Virbalams - Happyinaknit.com","og_description":"ChiaoGoo TWIST valas prisukamiems virbalams \u2013 itin lankstus, daugiasluoksnis plieninis valas su raudonu nailono apvalkalu, kuris visi\u0161kai neturi atminties. Mezginio akys puikiai slysta pavir\u0161iumi, tod\u0117l mezgimas tampa ypa\u010d tolygus ir malonus. Tinka tik ChiaoGoo sistemoms TWIST Small (S) Tinka virbalams 2,75\u20135,0 mm TWIST Large (L) Tinka virbalams 5,5\u201310,0 mm (per adapterius gali b\u016bti naudojami ir [&hellip;]","og_url":"https:\/\/happyinaknit.com\/en\/product\/chiaogoo-twist-red-valas-prisukamiems-virbalams\/","og_site_name":"Happyinaknit.com","article_modified_time":"2026-04-10T16:29:19+00:00","twitter_card":"summary_large_image","schema":{"@context":"https:\/\/schema.org","@graph":[{"@type":"WebPage","@id":"https:\/\/happyinaknit.com\/produktas\/chiaogoo-twist-red-valas-prisukamiems-virbalams\/","url":"https:\/\/happyinaknit.com\/produktas\/chiaogoo-twist-red-valas-prisukamiems-virbalams\/","name":"ChiaoGoo TWIST Red Valas Prisukamiems Virbalams - Happyinaknit.com","isPartOf":{"@id":"https:\/\/happyinaknit.com\/lt\/#website"},"primaryImageOfPage":{"@id":"https:\/\/happyinaknit.com\/produktas\/chiaogoo-twist-red-valas-prisukamiems-virbalams\/#primaryimage"},"image":{"@id":"https:\/\/happyinaknit.com\/produktas\/chiaogoo-twist-red-valas-prisukamiems-virbalams\/#primaryimage"},"thumbnailUrl":"https:\/\/happyinaknit.com\/wp-content\/uploads\/2025\/10\/ChiaoGooTwistRedCable_300x300.png.avif","datePublished":"2025-10-19T20:21:20+00:00","dateModified":"2026-04-10T16:29:19+00:00","breadcrumb":{"@id":"https:\/\/happyinaknit.com\/produktas\/chiaogoo-twist-red-valas-prisukamiems-virbalams\/#breadcrumb"},"inLanguage":"en-US","potentialAction":[{"@type":"ReadAction","target":["https:\/\/happyinaknit.com\/produktas\/chiaogoo-twist-red-valas-prisukamiems-virbalams\/"]}]},{"@type":"ImageObject","inLanguage":"en-US","@id":"https:\/\/happyinaknit.com\/produktas\/chiaogoo-twist-red-valas-prisukamiems-virbalams\/#primaryimage","url":"https:\/\/happyinaknit.com\/wp-content\/uploads\/2025\/10\/ChiaoGooTwistRedCable_300x300.png.avif","contentUrl":"https:\/\/happyinaknit.com\/wp-content\/uploads\/2025\/10\/ChiaoGooTwistRedCable_300x300.png.avif","width":300,"height":300},{"@type":"BreadcrumbList","@id":"https:\/\/happyinaknit.com\/produktas\/chiaogoo-twist-red-valas-prisukamiems-virbalams\/#breadcrumb","itemListElement":[{"@type":"ListItem","position":1,"name":"Home","item":"https:\/\/happyinaknit.com\/lt\/"},{"@type":"ListItem","position":2,"name":"Parduotuv\u0117","item":"https:\/\/happyinaknit.com\/lt\/parduotuve\/"},{"@type":"ListItem","position":3,"name":"ChiaoGoo TWIST Red Valas Prisukamiems Virbalams"}]},{"@type":"WebSite","@id":"https:\/\/happyinaknit.com\/lt\/#website","url":"https:\/\/happyinaknit.com\/lt\/","name":"Happyinaknit.com","description":"","potentialAction":[{"@type":"SearchAction","target":{"@type":"EntryPoint","urlTemplate":"https:\/\/happyinaknit.com\/lt\/?s={search_term_string}"},"query-input":{"@type":"PropertyValueSpecification","valueRequired":true,"valueName":"search_term_string"}}],"inLanguage":"en-US"}]}},"_links":{"self":[{"href":"https:\/\/happyinaknit.com\/en\/wp-json\/wp\/v2\/product\/6738","targetHints":{"allow":["GET"]}}],"collection":[{"href":"https:\/\/happyinaknit.com\/en\/wp-json\/wp\/v2\/product"}],"about":[{"href":"https:\/\/happyinaknit.com\/en\/wp-json\/wp\/v2\/types\/product"}],"replies":[{"embeddable":true,"href":"https:\/\/happyinaknit.com\/en\/wp-json\/wp\/v2\/comments?post=6738"}],"wp:featuredmedia":[{"embeddable":true,"href":"https:\/\/happyinaknit.com\/en\/wp-json\/wp\/v2\/media\/6741"}],"wp:attachment":[{"href":"https:\/\/happyinaknit.com\/en\/wp-json\/wp\/v2\/media?parent=6738"}],"wp:term":[{"taxonomy":"product_brand","embeddable":true,"href":"https:\/\/happyinaknit.com\/en\/wp-json\/wp\/v2\/product_brand?post=6738"},{"taxonomy":"product_cat","embeddable":true,"href":"https:\/\/happyinaknit.com\/en\/wp-json\/wp\/v2\/product_cat?post=6738"},{"taxonomy":"product_tag","embeddable":true,"href":"https:\/\/happyinaknit.com\/en\/wp-json\/wp\/v2\/product_tag?post=6738"},{"taxonomy":"pro-kategorijos","embeddable":true,"href":"https:\/\/happyinaknit.com\/en\/wp-json\/wp\/v2\/pro-kategorijos?post=6738"}],"curies":[{"name":"wp","href":"https:\/\/api.w.org\/{rel}","templated":true}]}}