{"id":6721,"date":"2025-10-19T19:49:31","date_gmt":"2025-10-19T19:49:31","guid":{"rendered":"https:\/\/happyinaknit.com\/?post_type=product&#038;p=6721"},"modified":"2026-03-15T22:08:41","modified_gmt":"2026-03-15T22:08:41","slug":"chiaogoo-adapteriai-prisukamiems-virbalams","status":"publish","type":"product","link":"https:\/\/happyinaknit.com\/en\/product\/chiaogoo-adapteriai-prisukamiems-virbalams\/","title":{"rendered":"ChiaoGoo Adapters for Interchangeable Knitting  Needles"},"content":{"rendered":"<p><b>ChiaoGoo adapters<\/b> to dedicate <b>for screw-on rods<\/b> and allows you to combine different sizes <b>ChiaoGoo cable for screw-in rods<\/b>Using an adapter, you can conveniently connect needles and lines from different systems - the connection is smooth, strong and does not catch your eye while knitting.<\/p>\n<p><b>Only suitable for ChiaoGoo systems.<\/b><b><\/b><\/p>\n<p><b>Purpose:<\/b> connect rods and lines of different sizes of ChiaoGoo systems<\/p>\n<p><b>Quantity:<\/b> 2 pcs.<\/p>\n<p><b>Possible options:<\/b><b><\/b><\/p>\n<p>\u2022<b>S \u2013 Mini<\/b><\/p>\n<p>\u2022<b>L  - S<\/b><\/p>\n<p><b>Note:<\/b> Color shades may vary slightly depending on your device&#039;s screen.<\/p>","protected":false},"excerpt":{"rendered":"<p>ChiaoGoo adapteriai skirti prisukamiems virbalams ir leid\u017eia sujungti skirting\u0173 dyd\u017ei\u0173 ChiaoGoo valus prisukamiems virbalams. Naudojant adapter\u012f, galima patogiai jungti virbalus ir valus i\u0161 skirting\u0173 sistem\u0173 \u2013 jungtis lygi, tvirta ir negaudo aki\u0173 mezgant. Tinka tik ChiaoGoo sistemoms. Paskirtis: sujungti skirtingo dyd\u017eio ChiaoGoo sistem\u0173 virbalus ir valus Kiekis: 2 vnt. Galimi variantai: \u2022S \u2013 Mini \u2022L [&hellip;]<\/p>\n","protected":false},"featured_media":6724,"comment_status":"open","ping_status":"closed","template":"","meta":{"_acf_changed":false},"product_brand":[166],"product_cat":[15,867,19],"product_tag":[],"pro-kategorijos":[],"class_list":{"0":"post-6721","1":"product","2":"type-product","3":"status-publish","4":"has-post-thumbnail","6":"product_brand-chiaogoo","7":"product_cat-visi-produktai","8":"product_cat-jungtys-ir-kt-priedai","9":"product_cat-mezgimo-priemones","11":"first","12":"instock","13":"shipping-taxable","14":"purchasable","15":"product-type-variable"},"acf":[],"yoast_head":"<!-- This site is optimized with the Yoast SEO plugin v26.8 - https:\/\/yoast.com\/product\/yoast-seo-wordpress\/ -->\n<title>ChiaoGoo Adapteriai Prisukamiems Virbalams - Happyinaknit.com<\/title>\n<meta name=\"robots\" content=\"index, follow, max-snippet:-1, max-image-preview:large, max-video-preview:-1\" \/>\n<link rel=\"canonical\" href=\"https:\/\/happyinaknit.com\/en\/product\/chiaogoo-adapteriai-prisukamiems-virbalams\/\" \/>\n<meta property=\"og:locale\" content=\"en_US\" \/>\n<meta property=\"og:type\" content=\"article\" \/>\n<meta property=\"og:title\" content=\"ChiaoGoo Adapteriai Prisukamiems Virbalams - Happyinaknit.com\" \/>\n<meta property=\"og:description\" content=\"ChiaoGoo adapteriai skirti prisukamiems virbalams ir leid\u017eia sujungti skirting\u0173 dyd\u017ei\u0173 ChiaoGoo valus prisukamiems virbalams. Naudojant adapter\u012f, galima patogiai jungti virbalus ir valus i\u0161 skirting\u0173 sistem\u0173 \u2013 jungtis lygi, tvirta ir negaudo aki\u0173 mezgant. Tinka tik ChiaoGoo sistemoms. Paskirtis: sujungti skirtingo dyd\u017eio ChiaoGoo sistem\u0173 virbalus ir valus Kiekis: 2 vnt. Galimi variantai: \u2022S \u2013 Mini \u2022L [&hellip;]\" \/>\n<meta property=\"og:url\" content=\"https:\/\/happyinaknit.com\/en\/product\/chiaogoo-adapteriai-prisukamiems-virbalams\/\" \/>\n<meta property=\"og:site_name\" content=\"Happyinaknit.com\" \/>\n<meta property=\"article:modified_time\" content=\"2026-03-15T22:08:41+00:00\" \/>\n<meta property=\"og:image\" content=\"https:\/\/happyinaknit.com\/wp-content\/uploads\/2025\/10\/adapters-large-small-chiaogoo-840484.jpg.webp\" \/>\n\t<meta property=\"og:image:width\" content=\"800\" \/>\n\t<meta property=\"og:image:height\" content=\"800\" \/>\n\t<meta property=\"og:image:type\" content=\"image\/webp\" \/>\n<meta name=\"twitter:card\" content=\"summary_large_image\" \/>\n<script type=\"application\/ld+json\" class=\"yoast-schema-graph\">{\"@context\":\"https:\/\/schema.org\",\"@graph\":[{\"@type\":\"WebPage\",\"@id\":\"https:\/\/happyinaknit.com\/produktas\/chiaogoo-adapteriai-prisukamiems-virbalams\/\",\"url\":\"https:\/\/happyinaknit.com\/produktas\/chiaogoo-adapteriai-prisukamiems-virbalams\/\",\"name\":\"ChiaoGoo Adapteriai Prisukamiems Virbalams - Happyinaknit.com\",\"isPartOf\":{\"@id\":\"https:\/\/happyinaknit.com\/lt\/#website\"},\"primaryImageOfPage\":{\"@id\":\"https:\/\/happyinaknit.com\/produktas\/chiaogoo-adapteriai-prisukamiems-virbalams\/#primaryimage\"},\"image\":{\"@id\":\"https:\/\/happyinaknit.com\/produktas\/chiaogoo-adapteriai-prisukamiems-virbalams\/#primaryimage\"},\"thumbnailUrl\":\"https:\/\/happyinaknit.com\/wp-content\/uploads\/2025\/10\/adapters-large-small-chiaogoo-840484.jpg.webp\",\"datePublished\":\"2025-10-19T19:49:31+00:00\",\"dateModified\":\"2026-03-15T22:08:41+00:00\",\"breadcrumb\":{\"@id\":\"https:\/\/happyinaknit.com\/produktas\/chiaogoo-adapteriai-prisukamiems-virbalams\/#breadcrumb\"},\"inLanguage\":\"en-US\",\"potentialAction\":[{\"@type\":\"ReadAction\",\"target\":[\"https:\/\/happyinaknit.com\/produktas\/chiaogoo-adapteriai-prisukamiems-virbalams\/\"]}]},{\"@type\":\"ImageObject\",\"inLanguage\":\"en-US\",\"@id\":\"https:\/\/happyinaknit.com\/produktas\/chiaogoo-adapteriai-prisukamiems-virbalams\/#primaryimage\",\"url\":\"https:\/\/happyinaknit.com\/wp-content\/uploads\/2025\/10\/adapters-large-small-chiaogoo-840484.jpg.webp\",\"contentUrl\":\"https:\/\/happyinaknit.com\/wp-content\/uploads\/2025\/10\/adapters-large-small-chiaogoo-840484.jpg.webp\",\"width\":800,\"height\":800},{\"@type\":\"BreadcrumbList\",\"@id\":\"https:\/\/happyinaknit.com\/produktas\/chiaogoo-adapteriai-prisukamiems-virbalams\/#breadcrumb\",\"itemListElement\":[{\"@type\":\"ListItem\",\"position\":1,\"name\":\"Home\",\"item\":\"https:\/\/happyinaknit.com\/lt\/\"},{\"@type\":\"ListItem\",\"position\":2,\"name\":\"Parduotuv\u0117\",\"item\":\"https:\/\/happyinaknit.com\/lt\/parduotuve\/\"},{\"@type\":\"ListItem\",\"position\":3,\"name\":\"ChiaoGoo Adapteriai Prisukamiems Virbalams\"}]},{\"@type\":\"WebSite\",\"@id\":\"https:\/\/happyinaknit.com\/lt\/#website\",\"url\":\"https:\/\/happyinaknit.com\/lt\/\",\"name\":\"Happyinaknit.com\",\"description\":\"\",\"potentialAction\":[{\"@type\":\"SearchAction\",\"target\":{\"@type\":\"EntryPoint\",\"urlTemplate\":\"https:\/\/happyinaknit.com\/lt\/?s={search_term_string}\"},\"query-input\":{\"@type\":\"PropertyValueSpecification\",\"valueRequired\":true,\"valueName\":\"search_term_string\"}}],\"inLanguage\":\"en-US\"}]}<\/script>\n<!-- \/ Yoast SEO plugin. -->","yoast_head_json":{"title":"ChiaoGoo Adapteriai Prisukamiems Virbalams - Happyinaknit.com","robots":{"index":"index","follow":"follow","max-snippet":"max-snippet:-1","max-image-preview":"max-image-preview:large","max-video-preview":"max-video-preview:-1"},"canonical":"https:\/\/happyinaknit.com\/en\/product\/chiaogoo-adapteriai-prisukamiems-virbalams\/","og_locale":"en_US","og_type":"article","og_title":"ChiaoGoo Adapteriai Prisukamiems Virbalams - Happyinaknit.com","og_description":"ChiaoGoo adapteriai skirti prisukamiems virbalams ir leid\u017eia sujungti skirting\u0173 dyd\u017ei\u0173 ChiaoGoo valus prisukamiems virbalams. Naudojant adapter\u012f, galima patogiai jungti virbalus ir valus i\u0161 skirting\u0173 sistem\u0173 \u2013 jungtis lygi, tvirta ir negaudo aki\u0173 mezgant. Tinka tik ChiaoGoo sistemoms. Paskirtis: sujungti skirtingo dyd\u017eio ChiaoGoo sistem\u0173 virbalus ir valus Kiekis: 2 vnt. Galimi variantai: \u2022S \u2013 Mini \u2022L [&hellip;]","og_url":"https:\/\/happyinaknit.com\/en\/product\/chiaogoo-adapteriai-prisukamiems-virbalams\/","og_site_name":"Happyinaknit.com","article_modified_time":"2026-03-15T22:08:41+00:00","og_image":[{"width":800,"height":800,"url":"https:\/\/happyinaknit.com\/wp-content\/uploads\/2025\/10\/adapters-large-small-chiaogoo-840484.jpg.webp","type":"image\/webp"}],"twitter_card":"summary_large_image","schema":{"@context":"https:\/\/schema.org","@graph":[{"@type":"WebPage","@id":"https:\/\/happyinaknit.com\/produktas\/chiaogoo-adapteriai-prisukamiems-virbalams\/","url":"https:\/\/happyinaknit.com\/produktas\/chiaogoo-adapteriai-prisukamiems-virbalams\/","name":"ChiaoGoo Adapteriai Prisukamiems Virbalams - Happyinaknit.com","isPartOf":{"@id":"https:\/\/happyinaknit.com\/lt\/#website"},"primaryImageOfPage":{"@id":"https:\/\/happyinaknit.com\/produktas\/chiaogoo-adapteriai-prisukamiems-virbalams\/#primaryimage"},"image":{"@id":"https:\/\/happyinaknit.com\/produktas\/chiaogoo-adapteriai-prisukamiems-virbalams\/#primaryimage"},"thumbnailUrl":"https:\/\/happyinaknit.com\/wp-content\/uploads\/2025\/10\/adapters-large-small-chiaogoo-840484.jpg.webp","datePublished":"2025-10-19T19:49:31+00:00","dateModified":"2026-03-15T22:08:41+00:00","breadcrumb":{"@id":"https:\/\/happyinaknit.com\/produktas\/chiaogoo-adapteriai-prisukamiems-virbalams\/#breadcrumb"},"inLanguage":"en-US","potentialAction":[{"@type":"ReadAction","target":["https:\/\/happyinaknit.com\/produktas\/chiaogoo-adapteriai-prisukamiems-virbalams\/"]}]},{"@type":"ImageObject","inLanguage":"en-US","@id":"https:\/\/happyinaknit.com\/produktas\/chiaogoo-adapteriai-prisukamiems-virbalams\/#primaryimage","url":"https:\/\/happyinaknit.com\/wp-content\/uploads\/2025\/10\/adapters-large-small-chiaogoo-840484.jpg.webp","contentUrl":"https:\/\/happyinaknit.com\/wp-content\/uploads\/2025\/10\/adapters-large-small-chiaogoo-840484.jpg.webp","width":800,"height":800},{"@type":"BreadcrumbList","@id":"https:\/\/happyinaknit.com\/produktas\/chiaogoo-adapteriai-prisukamiems-virbalams\/#breadcrumb","itemListElement":[{"@type":"ListItem","position":1,"name":"Home","item":"https:\/\/happyinaknit.com\/lt\/"},{"@type":"ListItem","position":2,"name":"Parduotuv\u0117","item":"https:\/\/happyinaknit.com\/lt\/parduotuve\/"},{"@type":"ListItem","position":3,"name":"ChiaoGoo Adapteriai Prisukamiems Virbalams"}]},{"@type":"WebSite","@id":"https:\/\/happyinaknit.com\/lt\/#website","url":"https:\/\/happyinaknit.com\/lt\/","name":"Happyinaknit.com","description":"","potentialAction":[{"@type":"SearchAction","target":{"@type":"EntryPoint","urlTemplate":"https:\/\/happyinaknit.com\/lt\/?s={search_term_string}"},"query-input":{"@type":"PropertyValueSpecification","valueRequired":true,"valueName":"search_term_string"}}],"inLanguage":"en-US"}]}},"_links":{"self":[{"href":"https:\/\/happyinaknit.com\/en\/wp-json\/wp\/v2\/product\/6721","targetHints":{"allow":["GET"]}}],"collection":[{"href":"https:\/\/happyinaknit.com\/en\/wp-json\/wp\/v2\/product"}],"about":[{"href":"https:\/\/happyinaknit.com\/en\/wp-json\/wp\/v2\/types\/product"}],"replies":[{"embeddable":true,"href":"https:\/\/happyinaknit.com\/en\/wp-json\/wp\/v2\/comments?post=6721"}],"wp:featuredmedia":[{"embeddable":true,"href":"https:\/\/happyinaknit.com\/en\/wp-json\/wp\/v2\/media\/6724"}],"wp:attachment":[{"href":"https:\/\/happyinaknit.com\/en\/wp-json\/wp\/v2\/media?parent=6721"}],"wp:term":[{"taxonomy":"product_brand","embeddable":true,"href":"https:\/\/happyinaknit.com\/en\/wp-json\/wp\/v2\/product_brand?post=6721"},{"taxonomy":"product_cat","embeddable":true,"href":"https:\/\/happyinaknit.com\/en\/wp-json\/wp\/v2\/product_cat?post=6721"},{"taxonomy":"product_tag","embeddable":true,"href":"https:\/\/happyinaknit.com\/en\/wp-json\/wp\/v2\/product_tag?post=6721"},{"taxonomy":"pro-kategorijos","embeddable":true,"href":"https:\/\/happyinaknit.com\/en\/wp-json\/wp\/v2\/pro-kategorijos?post=6721"}],"curies":[{"name":"wp","href":"https:\/\/api.w.org\/{rel}","templated":true}]}}