{"id":6693,"date":"2025-10-19T19:27:57","date_gmt":"2025-10-19T19:27:57","guid":{"rendered":"https:\/\/happyinaknit.com\/?post_type=product&#038;p=6693"},"modified":"2025-10-19T19:27:57","modified_gmt":"2025-10-19T19:27:57","slug":"chiaogoo-priedu-rinkinys-s-l","status":"publish","type":"product","link":"https:\/\/happyinaknit.com\/en\/product\/chiaogoo-priedu-rinkinys-s-l\/","title":{"rendered":"ChiaoGoo Accessory Set S &amp; L"},"content":{"rendered":"<p><b>ChiaoGoo TWIST Small &amp; Large Accessory Set<\/b> \u2013 is a universal aid for knitters using screw-in needles. The set is designed for use with <b>ChiaoGoo TWIST S and L systems<\/b> and includes all the essential tools needed for comfortable and safe knitting.<\/p>\n<p>The kit includes everything you might need to change or connect lines, fix eyes, or attach rods.<\/p>\n<p><b>Kit contents:<\/b><b><\/b><\/p>\n<p>\u20224 connectors (for connecting lines)<\/p>\n<p>\u20224 tips (for closing the knit without needles)<\/p>\n<p>\u20224 wrenches (for tightening the lines)<\/p>\n<p>\u20222 needles for finishing the threads<\/p>\n<p>\u20222 adapters (from size L to S)<\/p>\n<p>\u202220 markers<\/p>\n<p>\u20222 eye holders<\/p>\n<p>\u20221 heart-shaped rubber holder (for screwing in the skewers)<\/p>\n<p><b>Size:<\/b> 6 \u00d7 4 cm<\/p>\n<p><b>Note:<\/b> Color shades may vary slightly depending on your device&#039;s screen.<\/p>","protected":false},"excerpt":{"rendered":"<p>ChiaoGoo TWIST Small &amp; Large pried\u0173 rinkinys \u2013 tai universali pagalba mezg\u0117joms, naudojan\u010dioms prisukamus virbalus. Rinkinys sukurtas naudoti su ChiaoGoo TWIST S ir L sistemomis ir apima visus svarbiausius \u012frankius, reikalingus patogiam ir saugiam mezgimui. Rinkinyje rasite visk\u0105, ko gali prireikti kei\u010diant ar prijungiant valus, fiksuojant akis ar tvirtinant virbalus. Rinkinio sud\u0117tis: \u20224 jungtys (val\u0173 [&hellip;]<\/p>\n","protected":false},"featured_media":6695,"comment_status":"open","ping_status":"closed","template":"","meta":{"_acf_changed":false},"product_brand":[166],"product_cat":[15,868,867,52,19,20,1081],"product_tag":[],"pro-kategorijos":[],"class_list":{"0":"post-6693","1":"product","2":"type-product","3":"status-publish","4":"has-post-thumbnail","6":"product_brand-chiaogoo","7":"product_cat-visi-produktai","8":"product_cat-antgaliaistabdziukai","9":"product_cat-jungtys-ir-kt-priedai","10":"product_cat-kiti-mezgimo-reikmenys","11":"product_cat-mezgimo-priemones","12":"product_cat-priedai-mezgimui","13":"product_cat-zymekliai","15":"first","16":"instock","17":"shipping-taxable","18":"purchasable","19":"product-type-simple"},"acf":[],"yoast_head":"<!-- This site is optimized with the Yoast SEO plugin v26.8 - https:\/\/yoast.com\/product\/yoast-seo-wordpress\/ -->\n<title>ChiaoGoo Pried\u0173 Rinkinys S &amp; L - Happyinaknit.com<\/title>\n<meta name=\"robots\" content=\"index, follow, max-snippet:-1, max-image-preview:large, max-video-preview:-1\" \/>\n<link rel=\"canonical\" href=\"https:\/\/happyinaknit.com\/en\/product\/chiaogoo-priedu-rinkinys-s-l\/\" \/>\n<meta property=\"og:locale\" content=\"en_US\" \/>\n<meta property=\"og:type\" content=\"article\" \/>\n<meta property=\"og:title\" content=\"ChiaoGoo Pried\u0173 Rinkinys S &amp; L - Happyinaknit.com\" \/>\n<meta property=\"og:description\" content=\"ChiaoGoo TWIST Small &amp; Large pried\u0173 rinkinys \u2013 tai universali pagalba mezg\u0117joms, naudojan\u010dioms prisukamus virbalus. Rinkinys sukurtas naudoti su ChiaoGoo TWIST S ir L sistemomis ir apima visus svarbiausius \u012frankius, reikalingus patogiam ir saugiam mezgimui. Rinkinyje rasite visk\u0105, ko gali prireikti kei\u010diant ar prijungiant valus, fiksuojant akis ar tvirtinant virbalus. Rinkinio sud\u0117tis: \u20224 jungtys (val\u0173 [&hellip;]\" \/>\n<meta property=\"og:url\" content=\"https:\/\/happyinaknit.com\/en\/product\/chiaogoo-priedu-rinkinys-s-l\/\" \/>\n<meta property=\"og:site_name\" content=\"Happyinaknit.com\" \/>\n<meta property=\"og:image\" content=\"https:\/\/happyinaknit.com\/wp-content\/uploads\/2025\/10\/180-0007599-000001.jpg.webp\" \/>\n\t<meta property=\"og:image:width\" content=\"1320\" \/>\n\t<meta property=\"og:image:height\" content=\"1320\" \/>\n\t<meta property=\"og:image:type\" content=\"image\/webp\" \/>\n<meta name=\"twitter:card\" content=\"summary_large_image\" \/>\n<meta name=\"twitter:label1\" content=\"Est. reading time\" \/>\n\t<meta name=\"twitter:data1\" content=\"1 minute\" \/>\n<script type=\"application\/ld+json\" class=\"yoast-schema-graph\">{\"@context\":\"https:\/\/schema.org\",\"@graph\":[{\"@type\":\"WebPage\",\"@id\":\"https:\/\/happyinaknit.com\/produktas\/chiaogoo-priedu-rinkinys-s-l\/\",\"url\":\"https:\/\/happyinaknit.com\/produktas\/chiaogoo-priedu-rinkinys-s-l\/\",\"name\":\"ChiaoGoo Pried\u0173 Rinkinys S & L - Happyinaknit.com\",\"isPartOf\":{\"@id\":\"https:\/\/happyinaknit.com\/lt\/#website\"},\"primaryImageOfPage\":{\"@id\":\"https:\/\/happyinaknit.com\/produktas\/chiaogoo-priedu-rinkinys-s-l\/#primaryimage\"},\"image\":{\"@id\":\"https:\/\/happyinaknit.com\/produktas\/chiaogoo-priedu-rinkinys-s-l\/#primaryimage\"},\"thumbnailUrl\":\"https:\/\/happyinaknit.com\/wp-content\/uploads\/2025\/10\/180-0007599-000001.jpg.webp\",\"datePublished\":\"2025-10-19T19:27:57+00:00\",\"breadcrumb\":{\"@id\":\"https:\/\/happyinaknit.com\/produktas\/chiaogoo-priedu-rinkinys-s-l\/#breadcrumb\"},\"inLanguage\":\"en-US\",\"potentialAction\":[{\"@type\":\"ReadAction\",\"target\":[\"https:\/\/happyinaknit.com\/produktas\/chiaogoo-priedu-rinkinys-s-l\/\"]}]},{\"@type\":\"ImageObject\",\"inLanguage\":\"en-US\",\"@id\":\"https:\/\/happyinaknit.com\/produktas\/chiaogoo-priedu-rinkinys-s-l\/#primaryimage\",\"url\":\"https:\/\/happyinaknit.com\/wp-content\/uploads\/2025\/10\/180-0007599-000001.jpg.webp\",\"contentUrl\":\"https:\/\/happyinaknit.com\/wp-content\/uploads\/2025\/10\/180-0007599-000001.jpg.webp\",\"width\":1320,\"height\":1320},{\"@type\":\"BreadcrumbList\",\"@id\":\"https:\/\/happyinaknit.com\/produktas\/chiaogoo-priedu-rinkinys-s-l\/#breadcrumb\",\"itemListElement\":[{\"@type\":\"ListItem\",\"position\":1,\"name\":\"Home\",\"item\":\"https:\/\/happyinaknit.com\/lt\/\"},{\"@type\":\"ListItem\",\"position\":2,\"name\":\"Parduotuv\u0117\",\"item\":\"https:\/\/happyinaknit.com\/lt\/parduotuve\/\"},{\"@type\":\"ListItem\",\"position\":3,\"name\":\"ChiaoGoo Pried\u0173 Rinkinys S &#038; L\"}]},{\"@type\":\"WebSite\",\"@id\":\"https:\/\/happyinaknit.com\/lt\/#website\",\"url\":\"https:\/\/happyinaknit.com\/lt\/\",\"name\":\"Happyinaknit.com\",\"description\":\"\",\"potentialAction\":[{\"@type\":\"SearchAction\",\"target\":{\"@type\":\"EntryPoint\",\"urlTemplate\":\"https:\/\/happyinaknit.com\/lt\/?s={search_term_string}\"},\"query-input\":{\"@type\":\"PropertyValueSpecification\",\"valueRequired\":true,\"valueName\":\"search_term_string\"}}],\"inLanguage\":\"en-US\"}]}<\/script>\n<!-- \/ Yoast SEO plugin. -->","yoast_head_json":{"title":"ChiaoGoo Pried\u0173 Rinkinys S & L - Happyinaknit.com","robots":{"index":"index","follow":"follow","max-snippet":"max-snippet:-1","max-image-preview":"max-image-preview:large","max-video-preview":"max-video-preview:-1"},"canonical":"https:\/\/happyinaknit.com\/en\/product\/chiaogoo-priedu-rinkinys-s-l\/","og_locale":"en_US","og_type":"article","og_title":"ChiaoGoo Pried\u0173 Rinkinys S & L - Happyinaknit.com","og_description":"ChiaoGoo TWIST Small &amp; Large pried\u0173 rinkinys \u2013 tai universali pagalba mezg\u0117joms, naudojan\u010dioms prisukamus virbalus. Rinkinys sukurtas naudoti su ChiaoGoo TWIST S ir L sistemomis ir apima visus svarbiausius \u012frankius, reikalingus patogiam ir saugiam mezgimui. Rinkinyje rasite visk\u0105, ko gali prireikti kei\u010diant ar prijungiant valus, fiksuojant akis ar tvirtinant virbalus. Rinkinio sud\u0117tis: \u20224 jungtys (val\u0173 [&hellip;]","og_url":"https:\/\/happyinaknit.com\/en\/product\/chiaogoo-priedu-rinkinys-s-l\/","og_site_name":"Happyinaknit.com","og_image":[{"width":1320,"height":1320,"url":"https:\/\/happyinaknit.com\/wp-content\/uploads\/2025\/10\/180-0007599-000001.jpg.webp","type":"image\/webp"}],"twitter_card":"summary_large_image","twitter_misc":{"Est. reading time":"1 minute"},"schema":{"@context":"https:\/\/schema.org","@graph":[{"@type":"WebPage","@id":"https:\/\/happyinaknit.com\/produktas\/chiaogoo-priedu-rinkinys-s-l\/","url":"https:\/\/happyinaknit.com\/produktas\/chiaogoo-priedu-rinkinys-s-l\/","name":"ChiaoGoo Pried\u0173 Rinkinys S & L - Happyinaknit.com","isPartOf":{"@id":"https:\/\/happyinaknit.com\/lt\/#website"},"primaryImageOfPage":{"@id":"https:\/\/happyinaknit.com\/produktas\/chiaogoo-priedu-rinkinys-s-l\/#primaryimage"},"image":{"@id":"https:\/\/happyinaknit.com\/produktas\/chiaogoo-priedu-rinkinys-s-l\/#primaryimage"},"thumbnailUrl":"https:\/\/happyinaknit.com\/wp-content\/uploads\/2025\/10\/180-0007599-000001.jpg.webp","datePublished":"2025-10-19T19:27:57+00:00","breadcrumb":{"@id":"https:\/\/happyinaknit.com\/produktas\/chiaogoo-priedu-rinkinys-s-l\/#breadcrumb"},"inLanguage":"en-US","potentialAction":[{"@type":"ReadAction","target":["https:\/\/happyinaknit.com\/produktas\/chiaogoo-priedu-rinkinys-s-l\/"]}]},{"@type":"ImageObject","inLanguage":"en-US","@id":"https:\/\/happyinaknit.com\/produktas\/chiaogoo-priedu-rinkinys-s-l\/#primaryimage","url":"https:\/\/happyinaknit.com\/wp-content\/uploads\/2025\/10\/180-0007599-000001.jpg.webp","contentUrl":"https:\/\/happyinaknit.com\/wp-content\/uploads\/2025\/10\/180-0007599-000001.jpg.webp","width":1320,"height":1320},{"@type":"BreadcrumbList","@id":"https:\/\/happyinaknit.com\/produktas\/chiaogoo-priedu-rinkinys-s-l\/#breadcrumb","itemListElement":[{"@type":"ListItem","position":1,"name":"Home","item":"https:\/\/happyinaknit.com\/lt\/"},{"@type":"ListItem","position":2,"name":"Parduotuv\u0117","item":"https:\/\/happyinaknit.com\/lt\/parduotuve\/"},{"@type":"ListItem","position":3,"name":"ChiaoGoo Pried\u0173 Rinkinys S &#038; L"}]},{"@type":"WebSite","@id":"https:\/\/happyinaknit.com\/lt\/#website","url":"https:\/\/happyinaknit.com\/lt\/","name":"Happyinaknit.com","description":"","potentialAction":[{"@type":"SearchAction","target":{"@type":"EntryPoint","urlTemplate":"https:\/\/happyinaknit.com\/lt\/?s={search_term_string}"},"query-input":{"@type":"PropertyValueSpecification","valueRequired":true,"valueName":"search_term_string"}}],"inLanguage":"en-US"}]}},"_links":{"self":[{"href":"https:\/\/happyinaknit.com\/en\/wp-json\/wp\/v2\/product\/6693","targetHints":{"allow":["GET"]}}],"collection":[{"href":"https:\/\/happyinaknit.com\/en\/wp-json\/wp\/v2\/product"}],"about":[{"href":"https:\/\/happyinaknit.com\/en\/wp-json\/wp\/v2\/types\/product"}],"replies":[{"embeddable":true,"href":"https:\/\/happyinaknit.com\/en\/wp-json\/wp\/v2\/comments?post=6693"}],"wp:featuredmedia":[{"embeddable":true,"href":"https:\/\/happyinaknit.com\/en\/wp-json\/wp\/v2\/media\/6695"}],"wp:attachment":[{"href":"https:\/\/happyinaknit.com\/en\/wp-json\/wp\/v2\/media?parent=6693"}],"wp:term":[{"taxonomy":"product_brand","embeddable":true,"href":"https:\/\/happyinaknit.com\/en\/wp-json\/wp\/v2\/product_brand?post=6693"},{"taxonomy":"product_cat","embeddable":true,"href":"https:\/\/happyinaknit.com\/en\/wp-json\/wp\/v2\/product_cat?post=6693"},{"taxonomy":"product_tag","embeddable":true,"href":"https:\/\/happyinaknit.com\/en\/wp-json\/wp\/v2\/product_tag?post=6693"},{"taxonomy":"pro-kategorijos","embeddable":true,"href":"https:\/\/happyinaknit.com\/en\/wp-json\/wp\/v2\/pro-kategorijos?post=6693"}],"curies":[{"name":"wp","href":"https:\/\/api.w.org\/{rel}","templated":true}]}}