{"id":6681,"date":"2025-10-19T19:01:07","date_gmt":"2025-10-19T19:01:07","guid":{"rendered":"https:\/\/happyinaknit.com\/?post_type=product&#038;p=6681"},"modified":"2025-10-19T19:01:07","modified_gmt":"2025-10-19T19:01:07","slug":"chiaogoo-twist-short-combo-blue-trumpu-prisukamu-virbalu-rinkinys","status":"publish","type":"product","link":"https:\/\/happyinaknit.com\/en\/product\/chiaogoo-twist-short-combo-blue-trumpu-prisukamu-virbalu-rinkinys\/","title":{"rendered":"ChiaoGoo TWIST Short Combo Blue Interchangeable Needle Set"},"content":{"rendered":"<p>Compact <b>ChiaoGoo TWIST Short Combo Blue<\/b> set - an ideal choice for knitting <b>small round products<\/b>, such as sleeves, hats, neck warmers, children&#039;s clothes or socks. This set is <b>a great alternative to knitting needles<\/b>, ensuring comfort and accuracy even in the smallest details.<\/p>\n<p>Included in the kit <b>blue X-Flex<\/b> The lines of the series are extremely flexible and durable, and the short metal tips provide excellent control and easy gliding.<\/p>\n<p>Made in the USA.<\/p>\n<p><b>Included:<\/b><b><\/b><\/p>\n<p>\u20221 pair of knitting needles, 5 cm each,<\/p>\n<p>\u20221 pair of knitting needles, 8 cm each,<\/p>\n<p>\u20222 lines (13 cm and 15 cm) \u2013 total length from 23 to 31 cm,<\/p>\n<p>\u20222 keys for fastening the connectors.<\/p>\n<p><b>Material:<\/b> surgical steel<\/p>\n<p><b>Line type:<\/b> TWIST Blue X-Flex (extra flexible)<\/p>\n<p><b>Note:<\/b> Color shades may vary slightly depending on your device&#039;s screen.<\/p>","protected":false},"excerpt":{"rendered":"<p>Kompakti\u0161kas ChiaoGoo TWIST Short Combo Blue rinkinys \u2013 idealus pasirinkimas mezgant ma\u017eus apvalius gaminius, tokius kaip rankov\u0117s, kepur\u0117s, kaklo apykakl\u0117s, vaiki\u0161ki drabu\u017e\u0117liai ar kojin\u0117s. \u0160is rinkinys yra puiki alternatyva kojininiams virbalams, u\u017etikrinanti patogum\u0105 ir tikslum\u0105 net ma\u017eiausiose detal\u0117se. Rinkinyje esan\u010dios m\u0117lynos X-Flex serijos valai yra ypa\u010d lankst\u016bs ir patvar\u016bs, o trumpi metaliniai virbalai suteikia puik\u0173 [&hellip;]<\/p>\n","protected":false},"featured_media":6682,"comment_status":"open","ping_status":"closed","template":"","meta":{"_acf_changed":false},"product_brand":[166],"product_cat":[15,19,863,861],"product_tag":[],"pro-kategorijos":[],"class_list":{"0":"post-6681","1":"product","2":"type-product","3":"status-publish","4":"has-post-thumbnail","6":"product_brand-chiaogoo","7":"product_cat-visi-produktai","8":"product_cat-mezgimo-priemones","9":"product_cat-prisukami-virbalai","10":"product_cat-virbalu-rinkiniai","12":"first","13":"instock","14":"shipping-taxable","15":"purchasable","16":"product-type-variable"},"acf":[],"yoast_head":"<!-- This site is optimized with the Yoast SEO plugin v26.8 - https:\/\/yoast.com\/product\/yoast-seo-wordpress\/ -->\n<title>ChiaoGoo TWIST Short Combo Blue Trump\u0173 Prisukam\u0173 Virbal\u0173 Rinkinys - Happyinaknit.com<\/title>\n<meta name=\"robots\" content=\"index, follow, max-snippet:-1, max-image-preview:large, max-video-preview:-1\" \/>\n<link rel=\"canonical\" href=\"https:\/\/happyinaknit.com\/en\/product\/chiaogoo-twist-short-combo-blue-trumpu-prisukamu-virbalu-rinkinys\/\" \/>\n<meta property=\"og:locale\" content=\"en_US\" \/>\n<meta property=\"og:type\" content=\"article\" \/>\n<meta property=\"og:title\" content=\"ChiaoGoo TWIST Short Combo Blue Trump\u0173 Prisukam\u0173 Virbal\u0173 Rinkinys - Happyinaknit.com\" \/>\n<meta property=\"og:description\" content=\"Kompakti\u0161kas ChiaoGoo TWIST Short Combo Blue rinkinys \u2013 idealus pasirinkimas mezgant ma\u017eus apvalius gaminius, tokius kaip rankov\u0117s, kepur\u0117s, kaklo apykakl\u0117s, vaiki\u0161ki drabu\u017e\u0117liai ar kojin\u0117s. \u0160is rinkinys yra puiki alternatyva kojininiams virbalams, u\u017etikrinanti patogum\u0105 ir tikslum\u0105 net ma\u017eiausiose detal\u0117se. Rinkinyje esan\u010dios m\u0117lynos X-Flex serijos valai yra ypa\u010d lankst\u016bs ir patvar\u016bs, o trumpi metaliniai virbalai suteikia puik\u0173 [&hellip;]\" \/>\n<meta property=\"og:url\" content=\"https:\/\/happyinaknit.com\/en\/product\/chiaogoo-twist-short-combo-blue-trumpu-prisukamu-virbalu-rinkinys\/\" \/>\n<meta property=\"og:site_name\" content=\"Happyinaknit.com\" \/>\n<meta property=\"og:image\" content=\"https:\/\/happyinaknit.com\/wp-content\/uploads\/2025\/10\/cmb.png\" \/>\n\t<meta property=\"og:image:width\" content=\"443\" \/>\n\t<meta property=\"og:image:height\" content=\"491\" \/>\n\t<meta property=\"og:image:type\" content=\"image\/png\" \/>\n<meta name=\"twitter:card\" content=\"summary_large_image\" \/>\n<meta name=\"twitter:label1\" content=\"Est. reading time\" \/>\n\t<meta name=\"twitter:data1\" content=\"1 minute\" \/>\n<script type=\"application\/ld+json\" class=\"yoast-schema-graph\">{\"@context\":\"https:\/\/schema.org\",\"@graph\":[{\"@type\":\"WebPage\",\"@id\":\"https:\/\/happyinaknit.com\/produktas\/chiaogoo-twist-short-combo-blue-trumpu-prisukamu-virbalu-rinkinys\/\",\"url\":\"https:\/\/happyinaknit.com\/produktas\/chiaogoo-twist-short-combo-blue-trumpu-prisukamu-virbalu-rinkinys\/\",\"name\":\"ChiaoGoo TWIST Short Combo Blue Trump\u0173 Prisukam\u0173 Virbal\u0173 Rinkinys - Happyinaknit.com\",\"isPartOf\":{\"@id\":\"https:\/\/happyinaknit.com\/lt\/#website\"},\"primaryImageOfPage\":{\"@id\":\"https:\/\/happyinaknit.com\/produktas\/chiaogoo-twist-short-combo-blue-trumpu-prisukamu-virbalu-rinkinys\/#primaryimage\"},\"image\":{\"@id\":\"https:\/\/happyinaknit.com\/produktas\/chiaogoo-twist-short-combo-blue-trumpu-prisukamu-virbalu-rinkinys\/#primaryimage\"},\"thumbnailUrl\":\"https:\/\/happyinaknit.com\/wp-content\/uploads\/2025\/10\/cmb.png\",\"datePublished\":\"2025-10-19T19:01:07+00:00\",\"breadcrumb\":{\"@id\":\"https:\/\/happyinaknit.com\/produktas\/chiaogoo-twist-short-combo-blue-trumpu-prisukamu-virbalu-rinkinys\/#breadcrumb\"},\"inLanguage\":\"en-US\",\"potentialAction\":[{\"@type\":\"ReadAction\",\"target\":[\"https:\/\/happyinaknit.com\/produktas\/chiaogoo-twist-short-combo-blue-trumpu-prisukamu-virbalu-rinkinys\/\"]}]},{\"@type\":\"ImageObject\",\"inLanguage\":\"en-US\",\"@id\":\"https:\/\/happyinaknit.com\/produktas\/chiaogoo-twist-short-combo-blue-trumpu-prisukamu-virbalu-rinkinys\/#primaryimage\",\"url\":\"https:\/\/happyinaknit.com\/wp-content\/uploads\/2025\/10\/cmb.png\",\"contentUrl\":\"https:\/\/happyinaknit.com\/wp-content\/uploads\/2025\/10\/cmb.png\",\"width\":443,\"height\":491},{\"@type\":\"BreadcrumbList\",\"@id\":\"https:\/\/happyinaknit.com\/produktas\/chiaogoo-twist-short-combo-blue-trumpu-prisukamu-virbalu-rinkinys\/#breadcrumb\",\"itemListElement\":[{\"@type\":\"ListItem\",\"position\":1,\"name\":\"Home\",\"item\":\"https:\/\/happyinaknit.com\/lt\/\"},{\"@type\":\"ListItem\",\"position\":2,\"name\":\"Parduotuv\u0117\",\"item\":\"https:\/\/happyinaknit.com\/lt\/parduotuve\/\"},{\"@type\":\"ListItem\",\"position\":3,\"name\":\"ChiaoGoo TWIST Short Combo Blue Trump\u0173 Prisukam\u0173 Virbal\u0173 Rinkinys\"}]},{\"@type\":\"WebSite\",\"@id\":\"https:\/\/happyinaknit.com\/lt\/#website\",\"url\":\"https:\/\/happyinaknit.com\/lt\/\",\"name\":\"Happyinaknit.com\",\"description\":\"\",\"potentialAction\":[{\"@type\":\"SearchAction\",\"target\":{\"@type\":\"EntryPoint\",\"urlTemplate\":\"https:\/\/happyinaknit.com\/lt\/?s={search_term_string}\"},\"query-input\":{\"@type\":\"PropertyValueSpecification\",\"valueRequired\":true,\"valueName\":\"search_term_string\"}}],\"inLanguage\":\"en-US\"}]}<\/script>\n<!-- \/ Yoast SEO plugin. -->","yoast_head_json":{"title":"ChiaoGoo TWIST Short Combo Blue Trump\u0173 Prisukam\u0173 Virbal\u0173 Rinkinys - Happyinaknit.com","robots":{"index":"index","follow":"follow","max-snippet":"max-snippet:-1","max-image-preview":"max-image-preview:large","max-video-preview":"max-video-preview:-1"},"canonical":"https:\/\/happyinaknit.com\/en\/product\/chiaogoo-twist-short-combo-blue-trumpu-prisukamu-virbalu-rinkinys\/","og_locale":"en_US","og_type":"article","og_title":"ChiaoGoo TWIST Short Combo Blue Trump\u0173 Prisukam\u0173 Virbal\u0173 Rinkinys - Happyinaknit.com","og_description":"Kompakti\u0161kas ChiaoGoo TWIST Short Combo Blue rinkinys \u2013 idealus pasirinkimas mezgant ma\u017eus apvalius gaminius, tokius kaip rankov\u0117s, kepur\u0117s, kaklo apykakl\u0117s, vaiki\u0161ki drabu\u017e\u0117liai ar kojin\u0117s. \u0160is rinkinys yra puiki alternatyva kojininiams virbalams, u\u017etikrinanti patogum\u0105 ir tikslum\u0105 net ma\u017eiausiose detal\u0117se. Rinkinyje esan\u010dios m\u0117lynos X-Flex serijos valai yra ypa\u010d lankst\u016bs ir patvar\u016bs, o trumpi metaliniai virbalai suteikia puik\u0173 [&hellip;]","og_url":"https:\/\/happyinaknit.com\/en\/product\/chiaogoo-twist-short-combo-blue-trumpu-prisukamu-virbalu-rinkinys\/","og_site_name":"Happyinaknit.com","og_image":[{"width":443,"height":491,"url":"https:\/\/happyinaknit.com\/wp-content\/uploads\/2025\/10\/cmb.png","type":"image\/png"}],"twitter_card":"summary_large_image","twitter_misc":{"Est. reading time":"1 minute"},"schema":{"@context":"https:\/\/schema.org","@graph":[{"@type":"WebPage","@id":"https:\/\/happyinaknit.com\/produktas\/chiaogoo-twist-short-combo-blue-trumpu-prisukamu-virbalu-rinkinys\/","url":"https:\/\/happyinaknit.com\/produktas\/chiaogoo-twist-short-combo-blue-trumpu-prisukamu-virbalu-rinkinys\/","name":"ChiaoGoo TWIST Short Combo Blue Trump\u0173 Prisukam\u0173 Virbal\u0173 Rinkinys - Happyinaknit.com","isPartOf":{"@id":"https:\/\/happyinaknit.com\/lt\/#website"},"primaryImageOfPage":{"@id":"https:\/\/happyinaknit.com\/produktas\/chiaogoo-twist-short-combo-blue-trumpu-prisukamu-virbalu-rinkinys\/#primaryimage"},"image":{"@id":"https:\/\/happyinaknit.com\/produktas\/chiaogoo-twist-short-combo-blue-trumpu-prisukamu-virbalu-rinkinys\/#primaryimage"},"thumbnailUrl":"https:\/\/happyinaknit.com\/wp-content\/uploads\/2025\/10\/cmb.png","datePublished":"2025-10-19T19:01:07+00:00","breadcrumb":{"@id":"https:\/\/happyinaknit.com\/produktas\/chiaogoo-twist-short-combo-blue-trumpu-prisukamu-virbalu-rinkinys\/#breadcrumb"},"inLanguage":"en-US","potentialAction":[{"@type":"ReadAction","target":["https:\/\/happyinaknit.com\/produktas\/chiaogoo-twist-short-combo-blue-trumpu-prisukamu-virbalu-rinkinys\/"]}]},{"@type":"ImageObject","inLanguage":"en-US","@id":"https:\/\/happyinaknit.com\/produktas\/chiaogoo-twist-short-combo-blue-trumpu-prisukamu-virbalu-rinkinys\/#primaryimage","url":"https:\/\/happyinaknit.com\/wp-content\/uploads\/2025\/10\/cmb.png","contentUrl":"https:\/\/happyinaknit.com\/wp-content\/uploads\/2025\/10\/cmb.png","width":443,"height":491},{"@type":"BreadcrumbList","@id":"https:\/\/happyinaknit.com\/produktas\/chiaogoo-twist-short-combo-blue-trumpu-prisukamu-virbalu-rinkinys\/#breadcrumb","itemListElement":[{"@type":"ListItem","position":1,"name":"Home","item":"https:\/\/happyinaknit.com\/lt\/"},{"@type":"ListItem","position":2,"name":"Parduotuv\u0117","item":"https:\/\/happyinaknit.com\/lt\/parduotuve\/"},{"@type":"ListItem","position":3,"name":"ChiaoGoo TWIST Short Combo Blue Trump\u0173 Prisukam\u0173 Virbal\u0173 Rinkinys"}]},{"@type":"WebSite","@id":"https:\/\/happyinaknit.com\/lt\/#website","url":"https:\/\/happyinaknit.com\/lt\/","name":"Happyinaknit.com","description":"","potentialAction":[{"@type":"SearchAction","target":{"@type":"EntryPoint","urlTemplate":"https:\/\/happyinaknit.com\/lt\/?s={search_term_string}"},"query-input":{"@type":"PropertyValueSpecification","valueRequired":true,"valueName":"search_term_string"}}],"inLanguage":"en-US"}]}},"_links":{"self":[{"href":"https:\/\/happyinaknit.com\/en\/wp-json\/wp\/v2\/product\/6681","targetHints":{"allow":["GET"]}}],"collection":[{"href":"https:\/\/happyinaknit.com\/en\/wp-json\/wp\/v2\/product"}],"about":[{"href":"https:\/\/happyinaknit.com\/en\/wp-json\/wp\/v2\/types\/product"}],"replies":[{"embeddable":true,"href":"https:\/\/happyinaknit.com\/en\/wp-json\/wp\/v2\/comments?post=6681"}],"wp:featuredmedia":[{"embeddable":true,"href":"https:\/\/happyinaknit.com\/en\/wp-json\/wp\/v2\/media\/6682"}],"wp:attachment":[{"href":"https:\/\/happyinaknit.com\/en\/wp-json\/wp\/v2\/media?parent=6681"}],"wp:term":[{"taxonomy":"product_brand","embeddable":true,"href":"https:\/\/happyinaknit.com\/en\/wp-json\/wp\/v2\/product_brand?post=6681"},{"taxonomy":"product_cat","embeddable":true,"href":"https:\/\/happyinaknit.com\/en\/wp-json\/wp\/v2\/product_cat?post=6681"},{"taxonomy":"product_tag","embeddable":true,"href":"https:\/\/happyinaknit.com\/en\/wp-json\/wp\/v2\/product_tag?post=6681"},{"taxonomy":"pro-kategorijos","embeddable":true,"href":"https:\/\/happyinaknit.com\/en\/wp-json\/wp\/v2\/pro-kategorijos?post=6681"}],"curies":[{"name":"wp","href":"https:\/\/api.w.org\/{rel}","templated":true}]}}