{"id":6679,"date":"2025-10-19T18:56:00","date_gmt":"2025-10-19T18:56:00","guid":{"rendered":"https:\/\/happyinaknit.com\/?post_type=product&#038;p=6679"},"modified":"2026-01-27T14:20:15","modified_gmt":"2026-01-27T14:20:15","slug":"chiaogoo-twist-blue-x-flex-valas-prisukamiems-virbalams-20-cm","status":"publish","type":"product","link":"https:\/\/happyinaknit.com\/en\/product\/chiaogoo-twist-blue-x-flex-valas-prisukamiems-virbalams-20-cm\/","title":{"rendered":"ChiaoGoo TWIST Blue X-Flex  Cable  for Interchangeable Knitting Needles  20 cm"},"content":{"rendered":"<p>ChiaoGoo TWIST Blue X-Flex is an even more convenient version of the &quot;red TWIST&quot; with even greater flexibility. Perfect for small knitting details - sleeves, collars, baby hats - or as an additional line to extend the length of larger projects.<\/p>\n<p>Made of durable steel cable covered in nylon, the line does not twist and remains extremely smooth.<\/p>\n<p><b>Length:<\/b> 20 cm<\/p>\n<p><b>Color:<\/b> blue<\/p>\n<p><b>Type:<\/b> TWIST Blue X-Flex (extra flexible)<\/p>\n<p><b>Suitable for system:<\/b> <i>ChiaoGoo TWIST<\/i> screw-on pins<\/p>\n<p><b>Usage:<\/b> for small parts or as a connecting part to extend the length<\/p>\n<p><b>Note:<\/b> Color shades may vary slightly depending on your device&#039;s screen.<\/p>","protected":false},"excerpt":{"rendered":"<p>Lankstusis ChiaoGoo TWIST Blue X-Flex valas \u2013 tai dar patogesn\u0117 \u201eraudonojo TWIST\u201c versija, pasi\u017eyminti dar didesniu lankstumu. Puikiai tinka ma\u017eoms mezgimo detal\u0117ms \u2013 rankov\u0117ms, apykakl\u0117ms, k\u016bdiki\u0173 kepur\u0117l\u0117ms \u2013 arba kaip papildomas valas ilgio prailginimui stambesniems projektams. Pagaminta i\u0161 patvaraus plieninio troselio, dengto nailonu, tod\u0117l valas nesusisuka ir i\u0161lieka ypatingai lygus. Ilgis: 20 cm Spalva: m\u0117lyna [&hellip;]<\/p>\n","protected":false},"featured_media":6680,"comment_status":"open","ping_status":"closed","template":"","meta":{"_acf_changed":false},"product_brand":[166],"product_cat":[15,19,864],"product_tag":[],"pro-kategorijos":[],"class_list":{"0":"post-6679","1":"product","2":"type-product","3":"status-publish","4":"has-post-thumbnail","6":"product_brand-chiaogoo","7":"product_cat-visi-produktai","8":"product_cat-mezgimo-priemones","9":"product_cat-valai-virbalams","11":"first","12":"outofstock","13":"shipping-taxable","14":"purchasable","15":"product-type-simple"},"acf":[],"yoast_head":"<!-- This site is optimized with the Yoast SEO plugin v26.8 - https:\/\/yoast.com\/product\/yoast-seo-wordpress\/ -->\n<title>ChiaoGoo TWIST Blue X-Flex Valas Prisukamiems Virbalams 20 cm - Happyinaknit.com<\/title>\n<meta name=\"robots\" content=\"index, follow, max-snippet:-1, max-image-preview:large, max-video-preview:-1\" \/>\n<link rel=\"canonical\" href=\"https:\/\/happyinaknit.com\/en\/product\/chiaogoo-twist-blue-x-flex-valas-prisukamiems-virbalams-20-cm\/\" \/>\n<meta property=\"og:locale\" content=\"en_US\" \/>\n<meta property=\"og:type\" content=\"article\" \/>\n<meta property=\"og:title\" content=\"ChiaoGoo TWIST Blue X-Flex Valas Prisukamiems Virbalams 20 cm - Happyinaknit.com\" \/>\n<meta property=\"og:description\" content=\"Lankstusis ChiaoGoo TWIST Blue X-Flex valas \u2013 tai dar patogesn\u0117 \u201eraudonojo TWIST\u201c versija, pasi\u017eyminti dar didesniu lankstumu. Puikiai tinka ma\u017eoms mezgimo detal\u0117ms \u2013 rankov\u0117ms, apykakl\u0117ms, k\u016bdiki\u0173 kepur\u0117l\u0117ms \u2013 arba kaip papildomas valas ilgio prailginimui stambesniems projektams. Pagaminta i\u0161 patvaraus plieninio troselio, dengto nailonu, tod\u0117l valas nesusisuka ir i\u0161lieka ypatingai lygus. Ilgis: 20 cm Spalva: m\u0117lyna [&hellip;]\" \/>\n<meta property=\"og:url\" content=\"https:\/\/happyinaknit.com\/en\/product\/chiaogoo-twist-blue-x-flex-valas-prisukamiems-virbalams-20-cm\/\" \/>\n<meta property=\"og:site_name\" content=\"Happyinaknit.com\" \/>\n<meta property=\"article:modified_time\" content=\"2026-01-27T14:20:15+00:00\" \/>\n<meta property=\"og:image\" content=\"https:\/\/happyinaknit.com\/wp-content\/uploads\/2025\/10\/madolaine-produits-laine-ShortiesBlueXFlexCable.png.webp\" \/>\n\t<meta property=\"og:image:width\" content=\"1000\" \/>\n\t<meta property=\"og:image:height\" content=\"1000\" \/>\n\t<meta property=\"og:image:type\" content=\"image\/webp\" \/>\n<meta name=\"twitter:card\" content=\"summary_large_image\" \/>\n<meta name=\"twitter:label1\" content=\"Est. reading time\" \/>\n\t<meta name=\"twitter:data1\" content=\"1 minute\" \/>\n<script type=\"application\/ld+json\" class=\"yoast-schema-graph\">{\"@context\":\"https:\/\/schema.org\",\"@graph\":[{\"@type\":\"WebPage\",\"@id\":\"https:\/\/happyinaknit.com\/produktas\/chiaogoo-twist-blue-x-flex-valas-prisukamiems-virbalams-20-cm\/\",\"url\":\"https:\/\/happyinaknit.com\/produktas\/chiaogoo-twist-blue-x-flex-valas-prisukamiems-virbalams-20-cm\/\",\"name\":\"ChiaoGoo TWIST Blue X-Flex Valas Prisukamiems Virbalams 20 cm - Happyinaknit.com\",\"isPartOf\":{\"@id\":\"https:\/\/happyinaknit.com\/lt\/#website\"},\"primaryImageOfPage\":{\"@id\":\"https:\/\/happyinaknit.com\/produktas\/chiaogoo-twist-blue-x-flex-valas-prisukamiems-virbalams-20-cm\/#primaryimage\"},\"image\":{\"@id\":\"https:\/\/happyinaknit.com\/produktas\/chiaogoo-twist-blue-x-flex-valas-prisukamiems-virbalams-20-cm\/#primaryimage\"},\"thumbnailUrl\":\"https:\/\/happyinaknit.com\/wp-content\/uploads\/2025\/10\/madolaine-produits-laine-ShortiesBlueXFlexCable.png.webp\",\"datePublished\":\"2025-10-19T18:56:00+00:00\",\"dateModified\":\"2026-01-27T14:20:15+00:00\",\"breadcrumb\":{\"@id\":\"https:\/\/happyinaknit.com\/produktas\/chiaogoo-twist-blue-x-flex-valas-prisukamiems-virbalams-20-cm\/#breadcrumb\"},\"inLanguage\":\"en-US\",\"potentialAction\":[{\"@type\":\"ReadAction\",\"target\":[\"https:\/\/happyinaknit.com\/produktas\/chiaogoo-twist-blue-x-flex-valas-prisukamiems-virbalams-20-cm\/\"]}]},{\"@type\":\"ImageObject\",\"inLanguage\":\"en-US\",\"@id\":\"https:\/\/happyinaknit.com\/produktas\/chiaogoo-twist-blue-x-flex-valas-prisukamiems-virbalams-20-cm\/#primaryimage\",\"url\":\"https:\/\/happyinaknit.com\/wp-content\/uploads\/2025\/10\/madolaine-produits-laine-ShortiesBlueXFlexCable.png.webp\",\"contentUrl\":\"https:\/\/happyinaknit.com\/wp-content\/uploads\/2025\/10\/madolaine-produits-laine-ShortiesBlueXFlexCable.png.webp\",\"width\":1000,\"height\":1000},{\"@type\":\"BreadcrumbList\",\"@id\":\"https:\/\/happyinaknit.com\/produktas\/chiaogoo-twist-blue-x-flex-valas-prisukamiems-virbalams-20-cm\/#breadcrumb\",\"itemListElement\":[{\"@type\":\"ListItem\",\"position\":1,\"name\":\"Home\",\"item\":\"https:\/\/happyinaknit.com\/lt\/\"},{\"@type\":\"ListItem\",\"position\":2,\"name\":\"Parduotuv\u0117\",\"item\":\"https:\/\/happyinaknit.com\/lt\/parduotuve\/\"},{\"@type\":\"ListItem\",\"position\":3,\"name\":\"ChiaoGoo TWIST Blue X-Flex Valas Prisukamiems Virbalams 20 cm\"}]},{\"@type\":\"WebSite\",\"@id\":\"https:\/\/happyinaknit.com\/lt\/#website\",\"url\":\"https:\/\/happyinaknit.com\/lt\/\",\"name\":\"Happyinaknit.com\",\"description\":\"\",\"potentialAction\":[{\"@type\":\"SearchAction\",\"target\":{\"@type\":\"EntryPoint\",\"urlTemplate\":\"https:\/\/happyinaknit.com\/lt\/?s={search_term_string}\"},\"query-input\":{\"@type\":\"PropertyValueSpecification\",\"valueRequired\":true,\"valueName\":\"search_term_string\"}}],\"inLanguage\":\"en-US\"}]}<\/script>\n<!-- \/ Yoast SEO plugin. -->","yoast_head_json":{"title":"ChiaoGoo TWIST Blue X-Flex Valas Prisukamiems Virbalams 20 cm - Happyinaknit.com","robots":{"index":"index","follow":"follow","max-snippet":"max-snippet:-1","max-image-preview":"max-image-preview:large","max-video-preview":"max-video-preview:-1"},"canonical":"https:\/\/happyinaknit.com\/en\/product\/chiaogoo-twist-blue-x-flex-valas-prisukamiems-virbalams-20-cm\/","og_locale":"en_US","og_type":"article","og_title":"ChiaoGoo TWIST Blue X-Flex Valas Prisukamiems Virbalams 20 cm - Happyinaknit.com","og_description":"Lankstusis ChiaoGoo TWIST Blue X-Flex valas \u2013 tai dar patogesn\u0117 \u201eraudonojo TWIST\u201c versija, pasi\u017eyminti dar didesniu lankstumu. Puikiai tinka ma\u017eoms mezgimo detal\u0117ms \u2013 rankov\u0117ms, apykakl\u0117ms, k\u016bdiki\u0173 kepur\u0117l\u0117ms \u2013 arba kaip papildomas valas ilgio prailginimui stambesniems projektams. Pagaminta i\u0161 patvaraus plieninio troselio, dengto nailonu, tod\u0117l valas nesusisuka ir i\u0161lieka ypatingai lygus. Ilgis: 20 cm Spalva: m\u0117lyna [&hellip;]","og_url":"https:\/\/happyinaknit.com\/en\/product\/chiaogoo-twist-blue-x-flex-valas-prisukamiems-virbalams-20-cm\/","og_site_name":"Happyinaknit.com","article_modified_time":"2026-01-27T14:20:15+00:00","og_image":[{"width":1000,"height":1000,"url":"https:\/\/happyinaknit.com\/wp-content\/uploads\/2025\/10\/madolaine-produits-laine-ShortiesBlueXFlexCable.png.webp","type":"image\/webp"}],"twitter_card":"summary_large_image","twitter_misc":{"Est. reading time":"1 minute"},"schema":{"@context":"https:\/\/schema.org","@graph":[{"@type":"WebPage","@id":"https:\/\/happyinaknit.com\/produktas\/chiaogoo-twist-blue-x-flex-valas-prisukamiems-virbalams-20-cm\/","url":"https:\/\/happyinaknit.com\/produktas\/chiaogoo-twist-blue-x-flex-valas-prisukamiems-virbalams-20-cm\/","name":"ChiaoGoo TWIST Blue X-Flex Valas Prisukamiems Virbalams 20 cm - Happyinaknit.com","isPartOf":{"@id":"https:\/\/happyinaknit.com\/lt\/#website"},"primaryImageOfPage":{"@id":"https:\/\/happyinaknit.com\/produktas\/chiaogoo-twist-blue-x-flex-valas-prisukamiems-virbalams-20-cm\/#primaryimage"},"image":{"@id":"https:\/\/happyinaknit.com\/produktas\/chiaogoo-twist-blue-x-flex-valas-prisukamiems-virbalams-20-cm\/#primaryimage"},"thumbnailUrl":"https:\/\/happyinaknit.com\/wp-content\/uploads\/2025\/10\/madolaine-produits-laine-ShortiesBlueXFlexCable.png.webp","datePublished":"2025-10-19T18:56:00+00:00","dateModified":"2026-01-27T14:20:15+00:00","breadcrumb":{"@id":"https:\/\/happyinaknit.com\/produktas\/chiaogoo-twist-blue-x-flex-valas-prisukamiems-virbalams-20-cm\/#breadcrumb"},"inLanguage":"en-US","potentialAction":[{"@type":"ReadAction","target":["https:\/\/happyinaknit.com\/produktas\/chiaogoo-twist-blue-x-flex-valas-prisukamiems-virbalams-20-cm\/"]}]},{"@type":"ImageObject","inLanguage":"en-US","@id":"https:\/\/happyinaknit.com\/produktas\/chiaogoo-twist-blue-x-flex-valas-prisukamiems-virbalams-20-cm\/#primaryimage","url":"https:\/\/happyinaknit.com\/wp-content\/uploads\/2025\/10\/madolaine-produits-laine-ShortiesBlueXFlexCable.png.webp","contentUrl":"https:\/\/happyinaknit.com\/wp-content\/uploads\/2025\/10\/madolaine-produits-laine-ShortiesBlueXFlexCable.png.webp","width":1000,"height":1000},{"@type":"BreadcrumbList","@id":"https:\/\/happyinaknit.com\/produktas\/chiaogoo-twist-blue-x-flex-valas-prisukamiems-virbalams-20-cm\/#breadcrumb","itemListElement":[{"@type":"ListItem","position":1,"name":"Home","item":"https:\/\/happyinaknit.com\/lt\/"},{"@type":"ListItem","position":2,"name":"Parduotuv\u0117","item":"https:\/\/happyinaknit.com\/lt\/parduotuve\/"},{"@type":"ListItem","position":3,"name":"ChiaoGoo TWIST Blue X-Flex Valas Prisukamiems Virbalams 20 cm"}]},{"@type":"WebSite","@id":"https:\/\/happyinaknit.com\/lt\/#website","url":"https:\/\/happyinaknit.com\/lt\/","name":"Happyinaknit.com","description":"","potentialAction":[{"@type":"SearchAction","target":{"@type":"EntryPoint","urlTemplate":"https:\/\/happyinaknit.com\/lt\/?s={search_term_string}"},"query-input":{"@type":"PropertyValueSpecification","valueRequired":true,"valueName":"search_term_string"}}],"inLanguage":"en-US"}]}},"_links":{"self":[{"href":"https:\/\/happyinaknit.com\/en\/wp-json\/wp\/v2\/product\/6679","targetHints":{"allow":["GET"]}}],"collection":[{"href":"https:\/\/happyinaknit.com\/en\/wp-json\/wp\/v2\/product"}],"about":[{"href":"https:\/\/happyinaknit.com\/en\/wp-json\/wp\/v2\/types\/product"}],"replies":[{"embeddable":true,"href":"https:\/\/happyinaknit.com\/en\/wp-json\/wp\/v2\/comments?post=6679"}],"wp:featuredmedia":[{"embeddable":true,"href":"https:\/\/happyinaknit.com\/en\/wp-json\/wp\/v2\/media\/6680"}],"wp:attachment":[{"href":"https:\/\/happyinaknit.com\/en\/wp-json\/wp\/v2\/media?parent=6679"}],"wp:term":[{"taxonomy":"product_brand","embeddable":true,"href":"https:\/\/happyinaknit.com\/en\/wp-json\/wp\/v2\/product_brand?post=6679"},{"taxonomy":"product_cat","embeddable":true,"href":"https:\/\/happyinaknit.com\/en\/wp-json\/wp\/v2\/product_cat?post=6679"},{"taxonomy":"product_tag","embeddable":true,"href":"https:\/\/happyinaknit.com\/en\/wp-json\/wp\/v2\/product_tag?post=6679"},{"taxonomy":"pro-kategorijos","embeddable":true,"href":"https:\/\/happyinaknit.com\/en\/wp-json\/wp\/v2\/pro-kategorijos?post=6679"}],"curies":[{"name":"wp","href":"https:\/\/api.w.org\/{rel}","templated":true}]}}