{"id":6675,"date":"2025-10-19T18:00:22","date_gmt":"2025-10-19T18:00:22","guid":{"rendered":"https:\/\/happyinaknit.com\/?post_type=product&#038;p=6675"},"modified":"2025-10-28T13:12:28","modified_gmt":"2025-10-28T13:12:28","slug":"knitpro-eiliu-skaiciuokles-rinkinys","status":"publish","type":"product","link":"https:\/\/happyinaknit.com\/en\/product\/knitpro-eiliu-skaiciuokles-rinkinys\/","title":{"rendered":"KnitPro Row Calculator Set"},"content":{"rendered":"<p>The practical <b>KnitPro<\/b> A set of row calculators - an indispensable tool for knitting patterns or complex projects. Simply place the calculator on the cord and you can easily keep track of how many rows have been knitted.<\/p>\n<p>The set comes with two sizes to fit different rope thicknesses.<\/p>\n<p>Made in India.<\/p>\n<p><b>Included:<\/b><b><\/b><\/p>\n<p>-small calculator (suitable for 2-5 mm ropes),<\/p>\n<p>-Large calculator (suitable for 4.5-6.5 mm ropes).<\/p>\n<p><b>Material:<\/b> plastic<\/p>\n<p><b>Colors:<\/b> blue \/ red<\/p>\n<p><b>Quantity per package:<\/b> 2 pcs.<\/p>\n<p><b>Note:<\/b> Color shades may vary slightly depending on your device&#039;s screen.<\/p>","protected":false},"excerpt":{"rendered":"<p>Patogus KnitPro eili\u0173 skai\u010diuokli\u0173 rinkinys \u2013 nepakei\u010diamas pagalbininkas mezgant ra\u0161tus ar sud\u0117tingus projektus. Tiesiog u\u017emaukite skai\u010diuokl\u0119 ant virbalo \u2013 ir gal\u0117site lengvai sekti, kiek eili\u0173 jau numegzta. Rinkinyje yra du dyd\u017eiai, tinkantys \u012fvairaus storio virbalams. Pagaminta Indijoje. Komplekte: \u2022ma\u017eas skai\u010diuotuvas (tinka virbalams 2\u20135 mm), \u2022didelis skai\u010diuotuvas (tinka virbalams 4,5\u20136,5 mm). Med\u017eiaga: plastikas Spalvos: m\u0117lyna \/ [&hellip;]<\/p>\n","protected":false},"featured_media":6676,"comment_status":"open","ping_status":"closed","template":"","meta":{"_acf_changed":false},"product_brand":[1069],"product_cat":[15,92,20],"product_tag":[],"pro-kategorijos":[],"class_list":{"0":"post-6675","1":"product","2":"type-product","3":"status-publish","4":"has-post-thumbnail","6":"product_brand-knitpro","7":"product_cat-visi-produktai","8":"product_cat-matavimo-priemones","9":"product_cat-priedai-mezgimui","11":"first","12":"instock","13":"shipping-taxable","14":"purchasable","15":"product-type-simple"},"acf":[],"yoast_head":"<!-- This site is optimized with the Yoast SEO plugin v26.8 - https:\/\/yoast.com\/product\/yoast-seo-wordpress\/ -->\n<title>KnitPro Eili\u0173 Skai\u010diuokl\u0117s Rinkinys - Happyinaknit.com<\/title>\n<meta name=\"robots\" content=\"index, follow, max-snippet:-1, max-image-preview:large, max-video-preview:-1\" \/>\n<link rel=\"canonical\" href=\"https:\/\/happyinaknit.com\/en\/product\/knitpro-eiliu-skaiciuokles-rinkinys\/\" \/>\n<meta property=\"og:locale\" content=\"en_US\" \/>\n<meta property=\"og:type\" content=\"article\" \/>\n<meta property=\"og:title\" content=\"KnitPro Eili\u0173 Skai\u010diuokl\u0117s Rinkinys - Happyinaknit.com\" \/>\n<meta property=\"og:description\" content=\"Patogus KnitPro eili\u0173 skai\u010diuokli\u0173 rinkinys \u2013 nepakei\u010diamas pagalbininkas mezgant ra\u0161tus ar sud\u0117tingus projektus. Tiesiog u\u017emaukite skai\u010diuokl\u0119 ant virbalo \u2013 ir gal\u0117site lengvai sekti, kiek eili\u0173 jau numegzta. Rinkinyje yra du dyd\u017eiai, tinkantys \u012fvairaus storio virbalams. Pagaminta Indijoje. Komplekte: \u2022ma\u017eas skai\u010diuotuvas (tinka virbalams 2\u20135 mm), \u2022didelis skai\u010diuotuvas (tinka virbalams 4,5\u20136,5 mm). Med\u017eiaga: plastikas Spalvos: m\u0117lyna \/ [&hellip;]\" \/>\n<meta property=\"og:url\" content=\"https:\/\/happyinaknit.com\/en\/product\/knitpro-eiliu-skaiciuokles-rinkinys\/\" \/>\n<meta property=\"og:site_name\" content=\"Happyinaknit.com\" \/>\n<meta property=\"article:modified_time\" content=\"2025-10-28T13:12:28+00:00\" \/>\n<meta property=\"og:image\" content=\"https:\/\/happyinaknit.com\/wp-content\/uploads\/2025\/10\/knitpro-row-counters-3_gxomkdotxpymputf.webp\" \/>\n\t<meta property=\"og:image:width\" content=\"500\" \/>\n\t<meta property=\"og:image:height\" content=\"500\" \/>\n\t<meta property=\"og:image:type\" content=\"image\/webp\" \/>\n<meta name=\"twitter:card\" content=\"summary_large_image\" \/>\n<script type=\"application\/ld+json\" class=\"yoast-schema-graph\">{\"@context\":\"https:\/\/schema.org\",\"@graph\":[{\"@type\":\"WebPage\",\"@id\":\"https:\/\/happyinaknit.com\/produktas\/knitpro-eiliu-skaiciuokles-rinkinys\/\",\"url\":\"https:\/\/happyinaknit.com\/produktas\/knitpro-eiliu-skaiciuokles-rinkinys\/\",\"name\":\"KnitPro Eili\u0173 Skai\u010diuokl\u0117s Rinkinys - Happyinaknit.com\",\"isPartOf\":{\"@id\":\"https:\/\/happyinaknit.com\/lt\/#website\"},\"primaryImageOfPage\":{\"@id\":\"https:\/\/happyinaknit.com\/produktas\/knitpro-eiliu-skaiciuokles-rinkinys\/#primaryimage\"},\"image\":{\"@id\":\"https:\/\/happyinaknit.com\/produktas\/knitpro-eiliu-skaiciuokles-rinkinys\/#primaryimage\"},\"thumbnailUrl\":\"https:\/\/happyinaknit.com\/wp-content\/uploads\/2025\/10\/knitpro-row-counters-3_gxomkdotxpymputf.webp\",\"datePublished\":\"2025-10-19T18:00:22+00:00\",\"dateModified\":\"2025-10-28T13:12:28+00:00\",\"breadcrumb\":{\"@id\":\"https:\/\/happyinaknit.com\/produktas\/knitpro-eiliu-skaiciuokles-rinkinys\/#breadcrumb\"},\"inLanguage\":\"en-US\",\"potentialAction\":[{\"@type\":\"ReadAction\",\"target\":[\"https:\/\/happyinaknit.com\/produktas\/knitpro-eiliu-skaiciuokles-rinkinys\/\"]}]},{\"@type\":\"ImageObject\",\"inLanguage\":\"en-US\",\"@id\":\"https:\/\/happyinaknit.com\/produktas\/knitpro-eiliu-skaiciuokles-rinkinys\/#primaryimage\",\"url\":\"https:\/\/happyinaknit.com\/wp-content\/uploads\/2025\/10\/knitpro-row-counters-3_gxomkdotxpymputf.webp\",\"contentUrl\":\"https:\/\/happyinaknit.com\/wp-content\/uploads\/2025\/10\/knitpro-row-counters-3_gxomkdotxpymputf.webp\",\"width\":500,\"height\":500},{\"@type\":\"BreadcrumbList\",\"@id\":\"https:\/\/happyinaknit.com\/produktas\/knitpro-eiliu-skaiciuokles-rinkinys\/#breadcrumb\",\"itemListElement\":[{\"@type\":\"ListItem\",\"position\":1,\"name\":\"Home\",\"item\":\"https:\/\/happyinaknit.com\/lt\/\"},{\"@type\":\"ListItem\",\"position\":2,\"name\":\"Parduotuv\u0117\",\"item\":\"https:\/\/happyinaknit.com\/lt\/parduotuve\/\"},{\"@type\":\"ListItem\",\"position\":3,\"name\":\"KnitPro Eili\u0173 Skai\u010diuokl\u0117s Rinkinys\"}]},{\"@type\":\"WebSite\",\"@id\":\"https:\/\/happyinaknit.com\/lt\/#website\",\"url\":\"https:\/\/happyinaknit.com\/lt\/\",\"name\":\"Happyinaknit.com\",\"description\":\"\",\"potentialAction\":[{\"@type\":\"SearchAction\",\"target\":{\"@type\":\"EntryPoint\",\"urlTemplate\":\"https:\/\/happyinaknit.com\/lt\/?s={search_term_string}\"},\"query-input\":{\"@type\":\"PropertyValueSpecification\",\"valueRequired\":true,\"valueName\":\"search_term_string\"}}],\"inLanguage\":\"en-US\"}]}<\/script>\n<!-- \/ Yoast SEO plugin. -->","yoast_head_json":{"title":"KnitPro Eili\u0173 Skai\u010diuokl\u0117s Rinkinys - Happyinaknit.com","robots":{"index":"index","follow":"follow","max-snippet":"max-snippet:-1","max-image-preview":"max-image-preview:large","max-video-preview":"max-video-preview:-1"},"canonical":"https:\/\/happyinaknit.com\/en\/product\/knitpro-eiliu-skaiciuokles-rinkinys\/","og_locale":"en_US","og_type":"article","og_title":"KnitPro Eili\u0173 Skai\u010diuokl\u0117s Rinkinys - Happyinaknit.com","og_description":"Patogus KnitPro eili\u0173 skai\u010diuokli\u0173 rinkinys \u2013 nepakei\u010diamas pagalbininkas mezgant ra\u0161tus ar sud\u0117tingus projektus. Tiesiog u\u017emaukite skai\u010diuokl\u0119 ant virbalo \u2013 ir gal\u0117site lengvai sekti, kiek eili\u0173 jau numegzta. Rinkinyje yra du dyd\u017eiai, tinkantys \u012fvairaus storio virbalams. Pagaminta Indijoje. Komplekte: \u2022ma\u017eas skai\u010diuotuvas (tinka virbalams 2\u20135 mm), \u2022didelis skai\u010diuotuvas (tinka virbalams 4,5\u20136,5 mm). Med\u017eiaga: plastikas Spalvos: m\u0117lyna \/ [&hellip;]","og_url":"https:\/\/happyinaknit.com\/en\/product\/knitpro-eiliu-skaiciuokles-rinkinys\/","og_site_name":"Happyinaknit.com","article_modified_time":"2025-10-28T13:12:28+00:00","og_image":[{"width":500,"height":500,"url":"https:\/\/happyinaknit.com\/wp-content\/uploads\/2025\/10\/knitpro-row-counters-3_gxomkdotxpymputf.webp","type":"image\/webp"}],"twitter_card":"summary_large_image","schema":{"@context":"https:\/\/schema.org","@graph":[{"@type":"WebPage","@id":"https:\/\/happyinaknit.com\/produktas\/knitpro-eiliu-skaiciuokles-rinkinys\/","url":"https:\/\/happyinaknit.com\/produktas\/knitpro-eiliu-skaiciuokles-rinkinys\/","name":"KnitPro Eili\u0173 Skai\u010diuokl\u0117s Rinkinys - Happyinaknit.com","isPartOf":{"@id":"https:\/\/happyinaknit.com\/lt\/#website"},"primaryImageOfPage":{"@id":"https:\/\/happyinaknit.com\/produktas\/knitpro-eiliu-skaiciuokles-rinkinys\/#primaryimage"},"image":{"@id":"https:\/\/happyinaknit.com\/produktas\/knitpro-eiliu-skaiciuokles-rinkinys\/#primaryimage"},"thumbnailUrl":"https:\/\/happyinaknit.com\/wp-content\/uploads\/2025\/10\/knitpro-row-counters-3_gxomkdotxpymputf.webp","datePublished":"2025-10-19T18:00:22+00:00","dateModified":"2025-10-28T13:12:28+00:00","breadcrumb":{"@id":"https:\/\/happyinaknit.com\/produktas\/knitpro-eiliu-skaiciuokles-rinkinys\/#breadcrumb"},"inLanguage":"en-US","potentialAction":[{"@type":"ReadAction","target":["https:\/\/happyinaknit.com\/produktas\/knitpro-eiliu-skaiciuokles-rinkinys\/"]}]},{"@type":"ImageObject","inLanguage":"en-US","@id":"https:\/\/happyinaknit.com\/produktas\/knitpro-eiliu-skaiciuokles-rinkinys\/#primaryimage","url":"https:\/\/happyinaknit.com\/wp-content\/uploads\/2025\/10\/knitpro-row-counters-3_gxomkdotxpymputf.webp","contentUrl":"https:\/\/happyinaknit.com\/wp-content\/uploads\/2025\/10\/knitpro-row-counters-3_gxomkdotxpymputf.webp","width":500,"height":500},{"@type":"BreadcrumbList","@id":"https:\/\/happyinaknit.com\/produktas\/knitpro-eiliu-skaiciuokles-rinkinys\/#breadcrumb","itemListElement":[{"@type":"ListItem","position":1,"name":"Home","item":"https:\/\/happyinaknit.com\/lt\/"},{"@type":"ListItem","position":2,"name":"Parduotuv\u0117","item":"https:\/\/happyinaknit.com\/lt\/parduotuve\/"},{"@type":"ListItem","position":3,"name":"KnitPro Eili\u0173 Skai\u010diuokl\u0117s Rinkinys"}]},{"@type":"WebSite","@id":"https:\/\/happyinaknit.com\/lt\/#website","url":"https:\/\/happyinaknit.com\/lt\/","name":"Happyinaknit.com","description":"","potentialAction":[{"@type":"SearchAction","target":{"@type":"EntryPoint","urlTemplate":"https:\/\/happyinaknit.com\/lt\/?s={search_term_string}"},"query-input":{"@type":"PropertyValueSpecification","valueRequired":true,"valueName":"search_term_string"}}],"inLanguage":"en-US"}]}},"_links":{"self":[{"href":"https:\/\/happyinaknit.com\/en\/wp-json\/wp\/v2\/product\/6675","targetHints":{"allow":["GET"]}}],"collection":[{"href":"https:\/\/happyinaknit.com\/en\/wp-json\/wp\/v2\/product"}],"about":[{"href":"https:\/\/happyinaknit.com\/en\/wp-json\/wp\/v2\/types\/product"}],"replies":[{"embeddable":true,"href":"https:\/\/happyinaknit.com\/en\/wp-json\/wp\/v2\/comments?post=6675"}],"wp:featuredmedia":[{"embeddable":true,"href":"https:\/\/happyinaknit.com\/en\/wp-json\/wp\/v2\/media\/6676"}],"wp:attachment":[{"href":"https:\/\/happyinaknit.com\/en\/wp-json\/wp\/v2\/media?parent=6675"}],"wp:term":[{"taxonomy":"product_brand","embeddable":true,"href":"https:\/\/happyinaknit.com\/en\/wp-json\/wp\/v2\/product_brand?post=6675"},{"taxonomy":"product_cat","embeddable":true,"href":"https:\/\/happyinaknit.com\/en\/wp-json\/wp\/v2\/product_cat?post=6675"},{"taxonomy":"product_tag","embeddable":true,"href":"https:\/\/happyinaknit.com\/en\/wp-json\/wp\/v2\/product_tag?post=6675"},{"taxonomy":"pro-kategorijos","embeddable":true,"href":"https:\/\/happyinaknit.com\/en\/wp-json\/wp\/v2\/pro-kategorijos?post=6675"}],"curies":[{"name":"wp","href":"https:\/\/api.w.org\/{rel}","templated":true}]}}