{"id":6644,"date":"2025-10-19T16:25:42","date_gmt":"2025-10-19T16:25:42","guid":{"rendered":"https:\/\/happyinaknit.com\/?post_type=product&#038;p=6644"},"modified":"2025-11-01T19:50:16","modified_gmt":"2025-11-01T19:50:16","slug":"knitpro-eiliu-skaiciuokle-ziedo-formos","status":"publish","type":"product","link":"https:\/\/happyinaknit.com\/en\/product\/knitpro-eiliu-skaiciuokle-ziedo-formos\/","title":{"rendered":"KnitPro Row Calculator Ring Shapes"},"content":{"rendered":"<p>Exceptional <b>KnitPro<\/b> Row counter in the shape of a ring - a stylish and practical knitting accessory that allows <b>to follow knitting rows<\/b> right on your finger! Made of <b>high quality stainless steel<\/b>, this ring is <b>hypoallergenic<\/b> and safe for the skin.<\/p>\n<p>Just turn the ring part and you can easily mark how many rows you have knitted. Conveniently slips on <b>index<\/b> or <b>thumb<\/b> finger.<\/p>\n<p><b>Material:<\/b> stainless steel, special rainbow coating<\/p>\n<p><b>Color:<\/b> rainbow and black<\/p>\n<p><b>Features:<\/b> hypoallergenic, durable, functional, stylish<\/p>\n<p><b>Available sizes:<\/b><b><\/b><\/p>\n<p>\u2022Size 8 \u2013 inner diameter 18.2 mm<\/p>\n<p>\u2022Size 9 \u2013 inner diameter 19.0 mm<\/p>\n<p>\u2022Size 10 \u2013 inner diameter 19.8 mm<\/p>\n<p>\u2022Size 11 \u2013 inner diameter 20.6 mm<\/p>\n<p><b>How to measure your finger size for a ring:<\/b><b><\/b><\/p>\n<p>Wrap a thin thread or strip of paper around your finger, mark where the ends meet, and measure the length in millimeters. Divide the resulting number by <b>3,14<\/b> \u2013 this will be your finger <b>inner diameter (mm)<\/b>.<\/p>\n<p><b>Note:<\/b> Color shades may vary slightly depending on your device&#039;s screen.<\/p>","protected":false},"excerpt":{"rendered":"<p>I\u0161skirtin\u0117 KnitPro eili\u0173 skai\u010diuokl\u0117 \u017eiedo formos \u2013 stilingas ir prakti\u0161kas mezgimo aksesuaras, leid\u017eiantis sekti mezgimo eiles tiesiog ant pir\u0161to! Pagamintas i\u0161 auk\u0161tos kokyb\u0117s ner\u016bdijan\u010dio plieno, \u0161is \u017eiedas yra hipoalerginis ir saugus odai. Tiesiog pasukite \u017eiedo dal\u012f \u2013 ir gal\u0117site lengvai pa\u017eym\u0117ti, kiek eili\u0173 jau numegzta. Patogiai u\u017esimauna ant rodomojo arba nyk\u0161\u010dio pir\u0161to. Med\u017eiaga: ner\u016bdijantis plienas, [&hellip;]<\/p>\n","protected":false},"featured_media":6649,"comment_status":"open","ping_status":"closed","template":"","meta":{"_acf_changed":false},"product_brand":[1069],"product_cat":[15,92,20],"product_tag":[],"pro-kategorijos":[],"class_list":{"0":"post-6644","1":"product","2":"type-product","3":"status-publish","4":"has-post-thumbnail","6":"product_brand-knitpro","7":"product_cat-visi-produktai","8":"product_cat-matavimo-priemones","9":"product_cat-priedai-mezgimui","11":"first","12":"instock","13":"shipping-taxable","14":"purchasable","15":"product-type-variable"},"acf":[],"yoast_head":"<!-- This site is optimized with the Yoast SEO plugin v26.8 - https:\/\/yoast.com\/product\/yoast-seo-wordpress\/ -->\n<title>KnitPro Eili\u0173 Skai\u010diuokl\u0117 \u017diedo Formos - Happyinaknit.com<\/title>\n<meta name=\"robots\" content=\"index, follow, max-snippet:-1, max-image-preview:large, max-video-preview:-1\" \/>\n<link rel=\"canonical\" href=\"https:\/\/happyinaknit.com\/en\/product\/knitpro-eiliu-skaiciuokle-ziedo-formos\/\" \/>\n<meta property=\"og:locale\" content=\"en_US\" \/>\n<meta property=\"og:type\" content=\"article\" \/>\n<meta property=\"og:title\" content=\"KnitPro Eili\u0173 Skai\u010diuokl\u0117 \u017diedo Formos - Happyinaknit.com\" \/>\n<meta property=\"og:description\" content=\"I\u0161skirtin\u0117 KnitPro eili\u0173 skai\u010diuokl\u0117 \u017eiedo formos \u2013 stilingas ir prakti\u0161kas mezgimo aksesuaras, leid\u017eiantis sekti mezgimo eiles tiesiog ant pir\u0161to! Pagamintas i\u0161 auk\u0161tos kokyb\u0117s ner\u016bdijan\u010dio plieno, \u0161is \u017eiedas yra hipoalerginis ir saugus odai. Tiesiog pasukite \u017eiedo dal\u012f \u2013 ir gal\u0117site lengvai pa\u017eym\u0117ti, kiek eili\u0173 jau numegzta. Patogiai u\u017esimauna ant rodomojo arba nyk\u0161\u010dio pir\u0161to. Med\u017eiaga: ner\u016bdijantis plienas, [&hellip;]\" \/>\n<meta property=\"og:url\" content=\"https:\/\/happyinaknit.com\/en\/product\/knitpro-eiliu-skaiciuokle-ziedo-formos\/\" \/>\n<meta property=\"og:site_name\" content=\"Happyinaknit.com\" \/>\n<meta property=\"article:modified_time\" content=\"2025-11-01T19:50:16+00:00\" \/>\n<meta property=\"og:image\" content=\"https:\/\/happyinaknit.com\/wp-content\/uploads\/2025\/10\/s-l40067.jpg\" \/>\n\t<meta property=\"og:image:width\" content=\"400\" \/>\n\t<meta property=\"og:image:height\" content=\"400\" \/>\n\t<meta property=\"og:image:type\" content=\"image\/jpeg\" \/>\n<meta name=\"twitter:card\" content=\"summary_large_image\" \/>\n<meta name=\"twitter:label1\" content=\"Est. reading time\" \/>\n\t<meta name=\"twitter:data1\" content=\"1 minute\" \/>\n<script type=\"application\/ld+json\" class=\"yoast-schema-graph\">{\"@context\":\"https:\/\/schema.org\",\"@graph\":[{\"@type\":\"WebPage\",\"@id\":\"https:\/\/happyinaknit.com\/produktas\/knitpro-eiliu-skaiciuokle-ziedo-formos\/\",\"url\":\"https:\/\/happyinaknit.com\/produktas\/knitpro-eiliu-skaiciuokle-ziedo-formos\/\",\"name\":\"KnitPro Eili\u0173 Skai\u010diuokl\u0117 \u017diedo Formos - Happyinaknit.com\",\"isPartOf\":{\"@id\":\"https:\/\/happyinaknit.com\/lt\/#website\"},\"primaryImageOfPage\":{\"@id\":\"https:\/\/happyinaknit.com\/produktas\/knitpro-eiliu-skaiciuokle-ziedo-formos\/#primaryimage\"},\"image\":{\"@id\":\"https:\/\/happyinaknit.com\/produktas\/knitpro-eiliu-skaiciuokle-ziedo-formos\/#primaryimage\"},\"thumbnailUrl\":\"https:\/\/happyinaknit.com\/wp-content\/uploads\/2025\/10\/s-l40067.jpg\",\"datePublished\":\"2025-10-19T16:25:42+00:00\",\"dateModified\":\"2025-11-01T19:50:16+00:00\",\"breadcrumb\":{\"@id\":\"https:\/\/happyinaknit.com\/produktas\/knitpro-eiliu-skaiciuokle-ziedo-formos\/#breadcrumb\"},\"inLanguage\":\"en-US\",\"potentialAction\":[{\"@type\":\"ReadAction\",\"target\":[\"https:\/\/happyinaknit.com\/produktas\/knitpro-eiliu-skaiciuokle-ziedo-formos\/\"]}]},{\"@type\":\"ImageObject\",\"inLanguage\":\"en-US\",\"@id\":\"https:\/\/happyinaknit.com\/produktas\/knitpro-eiliu-skaiciuokle-ziedo-formos\/#primaryimage\",\"url\":\"https:\/\/happyinaknit.com\/wp-content\/uploads\/2025\/10\/s-l40067.jpg\",\"contentUrl\":\"https:\/\/happyinaknit.com\/wp-content\/uploads\/2025\/10\/s-l40067.jpg\",\"width\":400,\"height\":400},{\"@type\":\"BreadcrumbList\",\"@id\":\"https:\/\/happyinaknit.com\/produktas\/knitpro-eiliu-skaiciuokle-ziedo-formos\/#breadcrumb\",\"itemListElement\":[{\"@type\":\"ListItem\",\"position\":1,\"name\":\"Home\",\"item\":\"https:\/\/happyinaknit.com\/lt\/\"},{\"@type\":\"ListItem\",\"position\":2,\"name\":\"Parduotuv\u0117\",\"item\":\"https:\/\/happyinaknit.com\/lt\/parduotuve\/\"},{\"@type\":\"ListItem\",\"position\":3,\"name\":\"KnitPro Eili\u0173 Skai\u010diuokl\u0117 \u017diedo Formos\"}]},{\"@type\":\"WebSite\",\"@id\":\"https:\/\/happyinaknit.com\/lt\/#website\",\"url\":\"https:\/\/happyinaknit.com\/lt\/\",\"name\":\"Happyinaknit.com\",\"description\":\"\",\"potentialAction\":[{\"@type\":\"SearchAction\",\"target\":{\"@type\":\"EntryPoint\",\"urlTemplate\":\"https:\/\/happyinaknit.com\/lt\/?s={search_term_string}\"},\"query-input\":{\"@type\":\"PropertyValueSpecification\",\"valueRequired\":true,\"valueName\":\"search_term_string\"}}],\"inLanguage\":\"en-US\"}]}<\/script>\n<!-- \/ Yoast SEO plugin. -->","yoast_head_json":{"title":"KnitPro Eili\u0173 Skai\u010diuokl\u0117 \u017diedo Formos - Happyinaknit.com","robots":{"index":"index","follow":"follow","max-snippet":"max-snippet:-1","max-image-preview":"max-image-preview:large","max-video-preview":"max-video-preview:-1"},"canonical":"https:\/\/happyinaknit.com\/en\/product\/knitpro-eiliu-skaiciuokle-ziedo-formos\/","og_locale":"en_US","og_type":"article","og_title":"KnitPro Eili\u0173 Skai\u010diuokl\u0117 \u017diedo Formos - Happyinaknit.com","og_description":"I\u0161skirtin\u0117 KnitPro eili\u0173 skai\u010diuokl\u0117 \u017eiedo formos \u2013 stilingas ir prakti\u0161kas mezgimo aksesuaras, leid\u017eiantis sekti mezgimo eiles tiesiog ant pir\u0161to! Pagamintas i\u0161 auk\u0161tos kokyb\u0117s ner\u016bdijan\u010dio plieno, \u0161is \u017eiedas yra hipoalerginis ir saugus odai. Tiesiog pasukite \u017eiedo dal\u012f \u2013 ir gal\u0117site lengvai pa\u017eym\u0117ti, kiek eili\u0173 jau numegzta. Patogiai u\u017esimauna ant rodomojo arba nyk\u0161\u010dio pir\u0161to. Med\u017eiaga: ner\u016bdijantis plienas, [&hellip;]","og_url":"https:\/\/happyinaknit.com\/en\/product\/knitpro-eiliu-skaiciuokle-ziedo-formos\/","og_site_name":"Happyinaknit.com","article_modified_time":"2025-11-01T19:50:16+00:00","og_image":[{"width":400,"height":400,"url":"https:\/\/happyinaknit.com\/wp-content\/uploads\/2025\/10\/s-l40067.jpg","type":"image\/jpeg"}],"twitter_card":"summary_large_image","twitter_misc":{"Est. reading time":"1 minute"},"schema":{"@context":"https:\/\/schema.org","@graph":[{"@type":"WebPage","@id":"https:\/\/happyinaknit.com\/produktas\/knitpro-eiliu-skaiciuokle-ziedo-formos\/","url":"https:\/\/happyinaknit.com\/produktas\/knitpro-eiliu-skaiciuokle-ziedo-formos\/","name":"KnitPro Eili\u0173 Skai\u010diuokl\u0117 \u017diedo Formos - Happyinaknit.com","isPartOf":{"@id":"https:\/\/happyinaknit.com\/lt\/#website"},"primaryImageOfPage":{"@id":"https:\/\/happyinaknit.com\/produktas\/knitpro-eiliu-skaiciuokle-ziedo-formos\/#primaryimage"},"image":{"@id":"https:\/\/happyinaknit.com\/produktas\/knitpro-eiliu-skaiciuokle-ziedo-formos\/#primaryimage"},"thumbnailUrl":"https:\/\/happyinaknit.com\/wp-content\/uploads\/2025\/10\/s-l40067.jpg","datePublished":"2025-10-19T16:25:42+00:00","dateModified":"2025-11-01T19:50:16+00:00","breadcrumb":{"@id":"https:\/\/happyinaknit.com\/produktas\/knitpro-eiliu-skaiciuokle-ziedo-formos\/#breadcrumb"},"inLanguage":"en-US","potentialAction":[{"@type":"ReadAction","target":["https:\/\/happyinaknit.com\/produktas\/knitpro-eiliu-skaiciuokle-ziedo-formos\/"]}]},{"@type":"ImageObject","inLanguage":"en-US","@id":"https:\/\/happyinaknit.com\/produktas\/knitpro-eiliu-skaiciuokle-ziedo-formos\/#primaryimage","url":"https:\/\/happyinaknit.com\/wp-content\/uploads\/2025\/10\/s-l40067.jpg","contentUrl":"https:\/\/happyinaknit.com\/wp-content\/uploads\/2025\/10\/s-l40067.jpg","width":400,"height":400},{"@type":"BreadcrumbList","@id":"https:\/\/happyinaknit.com\/produktas\/knitpro-eiliu-skaiciuokle-ziedo-formos\/#breadcrumb","itemListElement":[{"@type":"ListItem","position":1,"name":"Home","item":"https:\/\/happyinaknit.com\/lt\/"},{"@type":"ListItem","position":2,"name":"Parduotuv\u0117","item":"https:\/\/happyinaknit.com\/lt\/parduotuve\/"},{"@type":"ListItem","position":3,"name":"KnitPro Eili\u0173 Skai\u010diuokl\u0117 \u017diedo Formos"}]},{"@type":"WebSite","@id":"https:\/\/happyinaknit.com\/lt\/#website","url":"https:\/\/happyinaknit.com\/lt\/","name":"Happyinaknit.com","description":"","potentialAction":[{"@type":"SearchAction","target":{"@type":"EntryPoint","urlTemplate":"https:\/\/happyinaknit.com\/lt\/?s={search_term_string}"},"query-input":{"@type":"PropertyValueSpecification","valueRequired":true,"valueName":"search_term_string"}}],"inLanguage":"en-US"}]}},"_links":{"self":[{"href":"https:\/\/happyinaknit.com\/en\/wp-json\/wp\/v2\/product\/6644","targetHints":{"allow":["GET"]}}],"collection":[{"href":"https:\/\/happyinaknit.com\/en\/wp-json\/wp\/v2\/product"}],"about":[{"href":"https:\/\/happyinaknit.com\/en\/wp-json\/wp\/v2\/types\/product"}],"replies":[{"embeddable":true,"href":"https:\/\/happyinaknit.com\/en\/wp-json\/wp\/v2\/comments?post=6644"}],"wp:featuredmedia":[{"embeddable":true,"href":"https:\/\/happyinaknit.com\/en\/wp-json\/wp\/v2\/media\/6649"}],"wp:attachment":[{"href":"https:\/\/happyinaknit.com\/en\/wp-json\/wp\/v2\/media?parent=6644"}],"wp:term":[{"taxonomy":"product_brand","embeddable":true,"href":"https:\/\/happyinaknit.com\/en\/wp-json\/wp\/v2\/product_brand?post=6644"},{"taxonomy":"product_cat","embeddable":true,"href":"https:\/\/happyinaknit.com\/en\/wp-json\/wp\/v2\/product_cat?post=6644"},{"taxonomy":"product_tag","embeddable":true,"href":"https:\/\/happyinaknit.com\/en\/wp-json\/wp\/v2\/product_tag?post=6644"},{"taxonomy":"pro-kategorijos","embeddable":true,"href":"https:\/\/happyinaknit.com\/en\/wp-json\/wp\/v2\/pro-kategorijos?post=6644"}],"curies":[{"name":"wp","href":"https:\/\/api.w.org\/{rel}","templated":true}]}}