{"id":6631,"date":"2025-10-19T16:06:41","date_gmt":"2025-10-19T16:06:41","guid":{"rendered":"https:\/\/happyinaknit.com\/?post_type=product&#038;p=6631"},"modified":"2026-02-08T14:21:35","modified_gmt":"2026-02-08T14:21:35","slug":"knitpro-aliuminis-nerimo-vaselis-su-juoda-rankenele","status":"publish","type":"product","link":"https:\/\/happyinaknit.com\/en\/product\/knitpro-aliuminis-nerimo-vaselis-su-juoda-rankenele\/","title":{"rendered":"KnitPro Aluminum Crochet Hook with Black Handle"},"content":{"rendered":"<p>Modern and ergonomic <b>KnitPro<\/b> aluminum crochet hook with <b>black soft handle<\/b> \u00a0a great choice for both beginners and experienced divers.<\/p>\n<p>The lightweight aluminum body and soft, comfortable handle reduce hand fatigue even during long periods of use, and <b>gold tip<\/b> Not only does it look stylish, but it also provides excellent visibility when working with different colored threads. This hook is an indispensable assistant in your creations.<\/p>\n<p>Made in India.<\/p>\n<p><b>Material:<\/b> aluminum, plastic ergonomic handle<\/p>\n<p><b>Note:<\/b> Color shades may vary slightly depending on your device&#039;s screen.<\/p>","protected":false},"excerpt":{"rendered":"<p>Modernus ir ergonomi\u0161kas KnitPro aliuminis n\u0117rimo v\u0105\u0161elis su juoda mink\u0161ta ranken\u0117le \u00a0puikus pasirinkimas tiek pradedantiesiems, tiek patyrusiems n\u0117r\u0117jams. Lengvas aliuminio korpusas ir \u0161velni, patogi ranken\u0117l\u0117 suma\u017eina rank\u0173 nuovarg\u012f net ilgai dirbant, o auksinis galiukas ne tik atrodo stilingai, bet ir suteikia puik\u0173 matomum\u0105 dirbant su \u012fvairi\u0173 spalv\u0173 si\u016blais. \u0160is v\u0105\u0161elis \u2013 nepakei\u010diamas pagalbininkas j\u016bs\u0173 k\u016bryboje. [&hellip;]<\/p>\n","protected":false},"featured_media":6632,"comment_status":"open","ping_status":"closed","template":"","meta":{"_acf_changed":false},"product_brand":[1069],"product_cat":[15,19,870],"product_tag":[],"pro-kategorijos":[],"class_list":{"0":"post-6631","1":"product","2":"type-product","3":"status-publish","4":"has-post-thumbnail","6":"product_brand-knitpro","7":"product_cat-visi-produktai","8":"product_cat-mezgimo-priemones","9":"product_cat-nerimo-vaseliai","11":"first","12":"instock","13":"shipping-taxable","14":"purchasable","15":"product-type-variable"},"acf":[],"yoast_head":"<!-- This site is optimized with the Yoast SEO plugin v26.8 - https:\/\/yoast.com\/product\/yoast-seo-wordpress\/ -->\n<title>KnitPro Aliuminis N\u0117rimo V\u0105\u0161elis su juoda ranken\u0117le - Happyinaknit.com<\/title>\n<meta name=\"robots\" content=\"index, follow, max-snippet:-1, max-image-preview:large, max-video-preview:-1\" \/>\n<link rel=\"canonical\" href=\"https:\/\/happyinaknit.com\/en\/product\/knitpro-aliuminis-nerimo-vaselis-su-juoda-rankenele\/\" \/>\n<meta property=\"og:locale\" content=\"en_US\" \/>\n<meta property=\"og:type\" content=\"article\" \/>\n<meta property=\"og:title\" content=\"KnitPro Aliuminis N\u0117rimo V\u0105\u0161elis su juoda ranken\u0117le - Happyinaknit.com\" \/>\n<meta property=\"og:description\" content=\"Modernus ir ergonomi\u0161kas KnitPro aliuminis n\u0117rimo v\u0105\u0161elis su juoda mink\u0161ta ranken\u0117le \u00a0puikus pasirinkimas tiek pradedantiesiems, tiek patyrusiems n\u0117r\u0117jams. Lengvas aliuminio korpusas ir \u0161velni, patogi ranken\u0117l\u0117 suma\u017eina rank\u0173 nuovarg\u012f net ilgai dirbant, o auksinis galiukas ne tik atrodo stilingai, bet ir suteikia puik\u0173 matomum\u0105 dirbant su \u012fvairi\u0173 spalv\u0173 si\u016blais. \u0160is v\u0105\u0161elis \u2013 nepakei\u010diamas pagalbininkas j\u016bs\u0173 k\u016bryboje. [&hellip;]\" \/>\n<meta property=\"og:url\" content=\"https:\/\/happyinaknit.com\/en\/product\/knitpro-aliuminis-nerimo-vaselis-su-juoda-rankenele\/\" \/>\n<meta property=\"og:site_name\" content=\"Happyinaknit.com\" \/>\n<meta property=\"article:modified_time\" content=\"2026-02-08T14:21:35+00:00\" \/>\n<meta property=\"og:image\" content=\"https:\/\/happyinaknit.com\/wp-content\/uploads\/2025\/10\/51jRDmmiJKL._UF8941000_QL80_.jpg\" \/>\n\t<meta property=\"og:image:width\" content=\"894\" \/>\n\t<meta property=\"og:image:height\" content=\"894\" \/>\n\t<meta property=\"og:image:type\" content=\"image\/jpeg\" \/>\n<meta name=\"twitter:card\" content=\"summary_large_image\" \/>\n<script type=\"application\/ld+json\" class=\"yoast-schema-graph\">{\"@context\":\"https:\/\/schema.org\",\"@graph\":[{\"@type\":\"WebPage\",\"@id\":\"https:\/\/happyinaknit.com\/produktas\/knitpro-aliuminis-nerimo-vaselis-su-juoda-rankenele\/\",\"url\":\"https:\/\/happyinaknit.com\/produktas\/knitpro-aliuminis-nerimo-vaselis-su-juoda-rankenele\/\",\"name\":\"KnitPro Aliuminis N\u0117rimo V\u0105\u0161elis su juoda ranken\u0117le - Happyinaknit.com\",\"isPartOf\":{\"@id\":\"https:\/\/happyinaknit.com\/lt\/#website\"},\"primaryImageOfPage\":{\"@id\":\"https:\/\/happyinaknit.com\/produktas\/knitpro-aliuminis-nerimo-vaselis-su-juoda-rankenele\/#primaryimage\"},\"image\":{\"@id\":\"https:\/\/happyinaknit.com\/produktas\/knitpro-aliuminis-nerimo-vaselis-su-juoda-rankenele\/#primaryimage\"},\"thumbnailUrl\":\"https:\/\/happyinaknit.com\/wp-content\/uploads\/2025\/10\/51jRDmmiJKL._UF8941000_QL80_.jpg\",\"datePublished\":\"2025-10-19T16:06:41+00:00\",\"dateModified\":\"2026-02-08T14:21:35+00:00\",\"breadcrumb\":{\"@id\":\"https:\/\/happyinaknit.com\/produktas\/knitpro-aliuminis-nerimo-vaselis-su-juoda-rankenele\/#breadcrumb\"},\"inLanguage\":\"en-US\",\"potentialAction\":[{\"@type\":\"ReadAction\",\"target\":[\"https:\/\/happyinaknit.com\/produktas\/knitpro-aliuminis-nerimo-vaselis-su-juoda-rankenele\/\"]}]},{\"@type\":\"ImageObject\",\"inLanguage\":\"en-US\",\"@id\":\"https:\/\/happyinaknit.com\/produktas\/knitpro-aliuminis-nerimo-vaselis-su-juoda-rankenele\/#primaryimage\",\"url\":\"https:\/\/happyinaknit.com\/wp-content\/uploads\/2025\/10\/51jRDmmiJKL._UF8941000_QL80_.jpg\",\"contentUrl\":\"https:\/\/happyinaknit.com\/wp-content\/uploads\/2025\/10\/51jRDmmiJKL._UF8941000_QL80_.jpg\",\"width\":894,\"height\":894},{\"@type\":\"BreadcrumbList\",\"@id\":\"https:\/\/happyinaknit.com\/produktas\/knitpro-aliuminis-nerimo-vaselis-su-juoda-rankenele\/#breadcrumb\",\"itemListElement\":[{\"@type\":\"ListItem\",\"position\":1,\"name\":\"Home\",\"item\":\"https:\/\/happyinaknit.com\/lt\/\"},{\"@type\":\"ListItem\",\"position\":2,\"name\":\"Parduotuv\u0117\",\"item\":\"https:\/\/happyinaknit.com\/lt\/parduotuve\/\"},{\"@type\":\"ListItem\",\"position\":3,\"name\":\"KnitPro Aliuminis N\u0117rimo V\u0105\u0161elis su juoda ranken\u0117le\"}]},{\"@type\":\"WebSite\",\"@id\":\"https:\/\/happyinaknit.com\/lt\/#website\",\"url\":\"https:\/\/happyinaknit.com\/lt\/\",\"name\":\"Happyinaknit.com\",\"description\":\"\",\"potentialAction\":[{\"@type\":\"SearchAction\",\"target\":{\"@type\":\"EntryPoint\",\"urlTemplate\":\"https:\/\/happyinaknit.com\/lt\/?s={search_term_string}\"},\"query-input\":{\"@type\":\"PropertyValueSpecification\",\"valueRequired\":true,\"valueName\":\"search_term_string\"}}],\"inLanguage\":\"en-US\"}]}<\/script>\n<!-- \/ Yoast SEO plugin. -->","yoast_head_json":{"title":"KnitPro Aliuminis N\u0117rimo V\u0105\u0161elis su juoda ranken\u0117le - Happyinaknit.com","robots":{"index":"index","follow":"follow","max-snippet":"max-snippet:-1","max-image-preview":"max-image-preview:large","max-video-preview":"max-video-preview:-1"},"canonical":"https:\/\/happyinaknit.com\/en\/product\/knitpro-aliuminis-nerimo-vaselis-su-juoda-rankenele\/","og_locale":"en_US","og_type":"article","og_title":"KnitPro Aliuminis N\u0117rimo V\u0105\u0161elis su juoda ranken\u0117le - Happyinaknit.com","og_description":"Modernus ir ergonomi\u0161kas KnitPro aliuminis n\u0117rimo v\u0105\u0161elis su juoda mink\u0161ta ranken\u0117le \u00a0puikus pasirinkimas tiek pradedantiesiems, tiek patyrusiems n\u0117r\u0117jams. Lengvas aliuminio korpusas ir \u0161velni, patogi ranken\u0117l\u0117 suma\u017eina rank\u0173 nuovarg\u012f net ilgai dirbant, o auksinis galiukas ne tik atrodo stilingai, bet ir suteikia puik\u0173 matomum\u0105 dirbant su \u012fvairi\u0173 spalv\u0173 si\u016blais. \u0160is v\u0105\u0161elis \u2013 nepakei\u010diamas pagalbininkas j\u016bs\u0173 k\u016bryboje. [&hellip;]","og_url":"https:\/\/happyinaknit.com\/en\/product\/knitpro-aliuminis-nerimo-vaselis-su-juoda-rankenele\/","og_site_name":"Happyinaknit.com","article_modified_time":"2026-02-08T14:21:35+00:00","og_image":[{"width":894,"height":894,"url":"https:\/\/happyinaknit.com\/wp-content\/uploads\/2025\/10\/51jRDmmiJKL._UF8941000_QL80_.jpg","type":"image\/jpeg"}],"twitter_card":"summary_large_image","schema":{"@context":"https:\/\/schema.org","@graph":[{"@type":"WebPage","@id":"https:\/\/happyinaknit.com\/produktas\/knitpro-aliuminis-nerimo-vaselis-su-juoda-rankenele\/","url":"https:\/\/happyinaknit.com\/produktas\/knitpro-aliuminis-nerimo-vaselis-su-juoda-rankenele\/","name":"KnitPro Aliuminis N\u0117rimo V\u0105\u0161elis su juoda ranken\u0117le - Happyinaknit.com","isPartOf":{"@id":"https:\/\/happyinaknit.com\/lt\/#website"},"primaryImageOfPage":{"@id":"https:\/\/happyinaknit.com\/produktas\/knitpro-aliuminis-nerimo-vaselis-su-juoda-rankenele\/#primaryimage"},"image":{"@id":"https:\/\/happyinaknit.com\/produktas\/knitpro-aliuminis-nerimo-vaselis-su-juoda-rankenele\/#primaryimage"},"thumbnailUrl":"https:\/\/happyinaknit.com\/wp-content\/uploads\/2025\/10\/51jRDmmiJKL._UF8941000_QL80_.jpg","datePublished":"2025-10-19T16:06:41+00:00","dateModified":"2026-02-08T14:21:35+00:00","breadcrumb":{"@id":"https:\/\/happyinaknit.com\/produktas\/knitpro-aliuminis-nerimo-vaselis-su-juoda-rankenele\/#breadcrumb"},"inLanguage":"en-US","potentialAction":[{"@type":"ReadAction","target":["https:\/\/happyinaknit.com\/produktas\/knitpro-aliuminis-nerimo-vaselis-su-juoda-rankenele\/"]}]},{"@type":"ImageObject","inLanguage":"en-US","@id":"https:\/\/happyinaknit.com\/produktas\/knitpro-aliuminis-nerimo-vaselis-su-juoda-rankenele\/#primaryimage","url":"https:\/\/happyinaknit.com\/wp-content\/uploads\/2025\/10\/51jRDmmiJKL._UF8941000_QL80_.jpg","contentUrl":"https:\/\/happyinaknit.com\/wp-content\/uploads\/2025\/10\/51jRDmmiJKL._UF8941000_QL80_.jpg","width":894,"height":894},{"@type":"BreadcrumbList","@id":"https:\/\/happyinaknit.com\/produktas\/knitpro-aliuminis-nerimo-vaselis-su-juoda-rankenele\/#breadcrumb","itemListElement":[{"@type":"ListItem","position":1,"name":"Home","item":"https:\/\/happyinaknit.com\/lt\/"},{"@type":"ListItem","position":2,"name":"Parduotuv\u0117","item":"https:\/\/happyinaknit.com\/lt\/parduotuve\/"},{"@type":"ListItem","position":3,"name":"KnitPro Aliuminis N\u0117rimo V\u0105\u0161elis su juoda ranken\u0117le"}]},{"@type":"WebSite","@id":"https:\/\/happyinaknit.com\/lt\/#website","url":"https:\/\/happyinaknit.com\/lt\/","name":"Happyinaknit.com","description":"","potentialAction":[{"@type":"SearchAction","target":{"@type":"EntryPoint","urlTemplate":"https:\/\/happyinaknit.com\/lt\/?s={search_term_string}"},"query-input":{"@type":"PropertyValueSpecification","valueRequired":true,"valueName":"search_term_string"}}],"inLanguage":"en-US"}]}},"_links":{"self":[{"href":"https:\/\/happyinaknit.com\/en\/wp-json\/wp\/v2\/product\/6631","targetHints":{"allow":["GET"]}}],"collection":[{"href":"https:\/\/happyinaknit.com\/en\/wp-json\/wp\/v2\/product"}],"about":[{"href":"https:\/\/happyinaknit.com\/en\/wp-json\/wp\/v2\/types\/product"}],"replies":[{"embeddable":true,"href":"https:\/\/happyinaknit.com\/en\/wp-json\/wp\/v2\/comments?post=6631"}],"wp:featuredmedia":[{"embeddable":true,"href":"https:\/\/happyinaknit.com\/en\/wp-json\/wp\/v2\/media\/6632"}],"wp:attachment":[{"href":"https:\/\/happyinaknit.com\/en\/wp-json\/wp\/v2\/media?parent=6631"}],"wp:term":[{"taxonomy":"product_brand","embeddable":true,"href":"https:\/\/happyinaknit.com\/en\/wp-json\/wp\/v2\/product_brand?post=6631"},{"taxonomy":"product_cat","embeddable":true,"href":"https:\/\/happyinaknit.com\/en\/wp-json\/wp\/v2\/product_cat?post=6631"},{"taxonomy":"product_tag","embeddable":true,"href":"https:\/\/happyinaknit.com\/en\/wp-json\/wp\/v2\/product_tag?post=6631"},{"taxonomy":"pro-kategorijos","embeddable":true,"href":"https:\/\/happyinaknit.com\/en\/wp-json\/wp\/v2\/pro-kategorijos?post=6631"}],"curies":[{"name":"wp","href":"https:\/\/api.w.org\/{rel}","templated":true}]}}