{"id":6619,"date":"2025-10-19T15:44:15","date_gmt":"2025-10-19T15:44:15","guid":{"rendered":"https:\/\/happyinaknit.com\/?post_type=product&#038;p=6619"},"modified":"2025-11-08T14:15:00","modified_gmt":"2025-11-08T14:15:00","slug":"knitpro-ginger-prisukami-virbalai-115-cm-13-cm","status":"publish","type":"product","link":"https:\/\/happyinaknit.com\/en\/product\/knitpro-ginger-prisukami-virbalai-115-cm-13-cm\/","title":{"rendered":"KnitPro Ginger Interchangeable  Knitting Needles  11.5 cm \/ 13 cm"},"content":{"rendered":"<p>Classic <b>KnitPro Ginger<\/b> screw-on pins \u2013 made of high quality <b>polished wood<\/b>, they are light, warm and extremely pleasant to the hand. The carefully polished surface allows the threads to glide smoothly, and the tapered tips make it easy to shape even the smallest eyes.<\/p>\n<p>These needles are suitable for all <b>KnitPro for screw-on cable systems<\/b> (<i>Symfonie, Nova, Zing, Karbonz, Royale<\/i> etc.).<\/p>\n<p>Made in India.<\/p>\n<p><b>Material:<\/b> polished wood<\/p>\n<p><b>Included:<\/b> 2 needles<\/p>\n<p><b>Needle length:<\/b><b><\/b><\/p>\n<p>\u202211.5 cm \u2013 for knitting needles sizes from 3 mm to 8 mm<\/p>\n<p>\u202213 cm \u2013 for knitting needles sizes from 9 mm to 15 mm<\/p>\n<p><b>Features:<\/b> lightweight, durable, warm to the hand, smooth surface, ergonomic<\/p>\n<p><b>Note:<\/b> Color shades may vary slightly depending on your device&#039;s screen.<\/p>","protected":false},"excerpt":{"rendered":"<p>Klasikiniai KnitPro Ginger prisukami virbalai \u2013 pagaminti i\u0161 auk\u0161tos kokyb\u0117s poliruotos medienos, jie yra lengvi, \u0161ilti ir itin malon\u016bs rankai. D\u0117l kruop\u0161\u010diai nu\u0161lifuoto pavir\u0161iaus si\u016blai slysta tolygiai, o siaur\u0117jantys antgaliai leid\u017eia lengvai formuoti net smulkiausias akis. \u0160ie virbalai tinka visoms KnitPro prisukam\u0173 val\u0173 sistemoms (Symfonie, Nova, Zing, Karbonz, Royale ir kt.). Pagaminta Indijoje. Med\u017eiaga: poliruota [&hellip;]<\/p>\n","protected":false},"featured_media":6622,"comment_status":"open","ping_status":"closed","template":"","meta":{"_acf_changed":false},"product_brand":[1069],"product_cat":[15,19,863],"product_tag":[],"pro-kategorijos":[],"class_list":{"0":"post-6619","1":"product","2":"type-product","3":"status-publish","4":"has-post-thumbnail","6":"product_brand-knitpro","7":"product_cat-visi-produktai","8":"product_cat-mezgimo-priemones","9":"product_cat-prisukami-virbalai","11":"first","12":"instock","13":"shipping-taxable","14":"purchasable","15":"product-type-variable"},"acf":[],"yoast_head":"<!-- This site is optimized with the Yoast SEO plugin v26.8 - https:\/\/yoast.com\/product\/yoast-seo-wordpress\/ -->\n<title>KnitPro Ginger Prisukami Virbalai 11,5 cm \/ 13 cm - Happyinaknit.com<\/title>\n<meta name=\"robots\" content=\"index, follow, max-snippet:-1, max-image-preview:large, max-video-preview:-1\" \/>\n<link rel=\"canonical\" href=\"https:\/\/happyinaknit.com\/en\/product\/knitpro-ginger-prisukami-virbalai-115-cm-13-cm\/\" \/>\n<meta property=\"og:locale\" content=\"en_US\" \/>\n<meta property=\"og:type\" content=\"article\" \/>\n<meta property=\"og:title\" content=\"KnitPro Ginger Prisukami Virbalai 11,5 cm \/ 13 cm - Happyinaknit.com\" \/>\n<meta property=\"og:description\" content=\"Klasikiniai KnitPro Ginger prisukami virbalai \u2013 pagaminti i\u0161 auk\u0161tos kokyb\u0117s poliruotos medienos, jie yra lengvi, \u0161ilti ir itin malon\u016bs rankai. D\u0117l kruop\u0161\u010diai nu\u0161lifuoto pavir\u0161iaus si\u016blai slysta tolygiai, o siaur\u0117jantys antgaliai leid\u017eia lengvai formuoti net smulkiausias akis. \u0160ie virbalai tinka visoms KnitPro prisukam\u0173 val\u0173 sistemoms (Symfonie, Nova, Zing, Karbonz, Royale ir kt.). Pagaminta Indijoje. Med\u017eiaga: poliruota [&hellip;]\" \/>\n<meta property=\"og:url\" content=\"https:\/\/happyinaknit.com\/en\/product\/knitpro-ginger-prisukami-virbalai-115-cm-13-cm\/\" \/>\n<meta property=\"og:site_name\" content=\"Happyinaknit.com\" \/>\n<meta property=\"article:modified_time\" content=\"2025-11-08T14:15:00+00:00\" \/>\n<meta property=\"og:image\" content=\"https:\/\/happyinaknit.com\/wp-content\/uploads\/2025\/10\/agujas-circulares-intercambiables-ginger-knitpro.jpg.webp\" \/>\n\t<meta property=\"og:image:width\" content=\"800\" \/>\n\t<meta property=\"og:image:height\" content=\"800\" \/>\n\t<meta property=\"og:image:type\" content=\"image\/webp\" \/>\n<meta name=\"twitter:card\" content=\"summary_large_image\" \/>\n<meta name=\"twitter:label1\" content=\"Est. reading time\" \/>\n\t<meta name=\"twitter:data1\" content=\"1 minute\" \/>\n<script type=\"application\/ld+json\" class=\"yoast-schema-graph\">{\"@context\":\"https:\/\/schema.org\",\"@graph\":[{\"@type\":\"WebPage\",\"@id\":\"https:\/\/happyinaknit.com\/produktas\/knitpro-ginger-prisukami-virbalai-115-cm-13-cm\/\",\"url\":\"https:\/\/happyinaknit.com\/produktas\/knitpro-ginger-prisukami-virbalai-115-cm-13-cm\/\",\"name\":\"KnitPro Ginger Prisukami Virbalai 11,5 cm \/ 13 cm - Happyinaknit.com\",\"isPartOf\":{\"@id\":\"https:\/\/happyinaknit.com\/lt\/#website\"},\"primaryImageOfPage\":{\"@id\":\"https:\/\/happyinaknit.com\/produktas\/knitpro-ginger-prisukami-virbalai-115-cm-13-cm\/#primaryimage\"},\"image\":{\"@id\":\"https:\/\/happyinaknit.com\/produktas\/knitpro-ginger-prisukami-virbalai-115-cm-13-cm\/#primaryimage\"},\"thumbnailUrl\":\"https:\/\/happyinaknit.com\/wp-content\/uploads\/2025\/10\/agujas-circulares-intercambiables-ginger-knitpro.jpg.webp\",\"datePublished\":\"2025-10-19T15:44:15+00:00\",\"dateModified\":\"2025-11-08T14:15:00+00:00\",\"breadcrumb\":{\"@id\":\"https:\/\/happyinaknit.com\/produktas\/knitpro-ginger-prisukami-virbalai-115-cm-13-cm\/#breadcrumb\"},\"inLanguage\":\"en-US\",\"potentialAction\":[{\"@type\":\"ReadAction\",\"target\":[\"https:\/\/happyinaknit.com\/produktas\/knitpro-ginger-prisukami-virbalai-115-cm-13-cm\/\"]}]},{\"@type\":\"ImageObject\",\"inLanguage\":\"en-US\",\"@id\":\"https:\/\/happyinaknit.com\/produktas\/knitpro-ginger-prisukami-virbalai-115-cm-13-cm\/#primaryimage\",\"url\":\"https:\/\/happyinaknit.com\/wp-content\/uploads\/2025\/10\/agujas-circulares-intercambiables-ginger-knitpro.jpg.webp\",\"contentUrl\":\"https:\/\/happyinaknit.com\/wp-content\/uploads\/2025\/10\/agujas-circulares-intercambiables-ginger-knitpro.jpg.webp\",\"width\":800,\"height\":800},{\"@type\":\"BreadcrumbList\",\"@id\":\"https:\/\/happyinaknit.com\/produktas\/knitpro-ginger-prisukami-virbalai-115-cm-13-cm\/#breadcrumb\",\"itemListElement\":[{\"@type\":\"ListItem\",\"position\":1,\"name\":\"Home\",\"item\":\"https:\/\/happyinaknit.com\/lt\/\"},{\"@type\":\"ListItem\",\"position\":2,\"name\":\"Parduotuv\u0117\",\"item\":\"https:\/\/happyinaknit.com\/lt\/parduotuve\/\"},{\"@type\":\"ListItem\",\"position\":3,\"name\":\"KnitPro Ginger Prisukami Virbalai 11,5 cm \/ 13 cm\"}]},{\"@type\":\"WebSite\",\"@id\":\"https:\/\/happyinaknit.com\/lt\/#website\",\"url\":\"https:\/\/happyinaknit.com\/lt\/\",\"name\":\"Happyinaknit.com\",\"description\":\"\",\"potentialAction\":[{\"@type\":\"SearchAction\",\"target\":{\"@type\":\"EntryPoint\",\"urlTemplate\":\"https:\/\/happyinaknit.com\/lt\/?s={search_term_string}\"},\"query-input\":{\"@type\":\"PropertyValueSpecification\",\"valueRequired\":true,\"valueName\":\"search_term_string\"}}],\"inLanguage\":\"en-US\"}]}<\/script>\n<!-- \/ Yoast SEO plugin. -->","yoast_head_json":{"title":"KnitPro Ginger Prisukami Virbalai 11,5 cm \/ 13 cm - Happyinaknit.com","robots":{"index":"index","follow":"follow","max-snippet":"max-snippet:-1","max-image-preview":"max-image-preview:large","max-video-preview":"max-video-preview:-1"},"canonical":"https:\/\/happyinaknit.com\/en\/product\/knitpro-ginger-prisukami-virbalai-115-cm-13-cm\/","og_locale":"en_US","og_type":"article","og_title":"KnitPro Ginger Prisukami Virbalai 11,5 cm \/ 13 cm - Happyinaknit.com","og_description":"Klasikiniai KnitPro Ginger prisukami virbalai \u2013 pagaminti i\u0161 auk\u0161tos kokyb\u0117s poliruotos medienos, jie yra lengvi, \u0161ilti ir itin malon\u016bs rankai. D\u0117l kruop\u0161\u010diai nu\u0161lifuoto pavir\u0161iaus si\u016blai slysta tolygiai, o siaur\u0117jantys antgaliai leid\u017eia lengvai formuoti net smulkiausias akis. \u0160ie virbalai tinka visoms KnitPro prisukam\u0173 val\u0173 sistemoms (Symfonie, Nova, Zing, Karbonz, Royale ir kt.). Pagaminta Indijoje. Med\u017eiaga: poliruota [&hellip;]","og_url":"https:\/\/happyinaknit.com\/en\/product\/knitpro-ginger-prisukami-virbalai-115-cm-13-cm\/","og_site_name":"Happyinaknit.com","article_modified_time":"2025-11-08T14:15:00+00:00","og_image":[{"width":800,"height":800,"url":"https:\/\/happyinaknit.com\/wp-content\/uploads\/2025\/10\/agujas-circulares-intercambiables-ginger-knitpro.jpg.webp","type":"image\/webp"}],"twitter_card":"summary_large_image","twitter_misc":{"Est. reading time":"1 minute"},"schema":{"@context":"https:\/\/schema.org","@graph":[{"@type":"WebPage","@id":"https:\/\/happyinaknit.com\/produktas\/knitpro-ginger-prisukami-virbalai-115-cm-13-cm\/","url":"https:\/\/happyinaknit.com\/produktas\/knitpro-ginger-prisukami-virbalai-115-cm-13-cm\/","name":"KnitPro Ginger Prisukami Virbalai 11,5 cm \/ 13 cm - Happyinaknit.com","isPartOf":{"@id":"https:\/\/happyinaknit.com\/lt\/#website"},"primaryImageOfPage":{"@id":"https:\/\/happyinaknit.com\/produktas\/knitpro-ginger-prisukami-virbalai-115-cm-13-cm\/#primaryimage"},"image":{"@id":"https:\/\/happyinaknit.com\/produktas\/knitpro-ginger-prisukami-virbalai-115-cm-13-cm\/#primaryimage"},"thumbnailUrl":"https:\/\/happyinaknit.com\/wp-content\/uploads\/2025\/10\/agujas-circulares-intercambiables-ginger-knitpro.jpg.webp","datePublished":"2025-10-19T15:44:15+00:00","dateModified":"2025-11-08T14:15:00+00:00","breadcrumb":{"@id":"https:\/\/happyinaknit.com\/produktas\/knitpro-ginger-prisukami-virbalai-115-cm-13-cm\/#breadcrumb"},"inLanguage":"en-US","potentialAction":[{"@type":"ReadAction","target":["https:\/\/happyinaknit.com\/produktas\/knitpro-ginger-prisukami-virbalai-115-cm-13-cm\/"]}]},{"@type":"ImageObject","inLanguage":"en-US","@id":"https:\/\/happyinaknit.com\/produktas\/knitpro-ginger-prisukami-virbalai-115-cm-13-cm\/#primaryimage","url":"https:\/\/happyinaknit.com\/wp-content\/uploads\/2025\/10\/agujas-circulares-intercambiables-ginger-knitpro.jpg.webp","contentUrl":"https:\/\/happyinaknit.com\/wp-content\/uploads\/2025\/10\/agujas-circulares-intercambiables-ginger-knitpro.jpg.webp","width":800,"height":800},{"@type":"BreadcrumbList","@id":"https:\/\/happyinaknit.com\/produktas\/knitpro-ginger-prisukami-virbalai-115-cm-13-cm\/#breadcrumb","itemListElement":[{"@type":"ListItem","position":1,"name":"Home","item":"https:\/\/happyinaknit.com\/lt\/"},{"@type":"ListItem","position":2,"name":"Parduotuv\u0117","item":"https:\/\/happyinaknit.com\/lt\/parduotuve\/"},{"@type":"ListItem","position":3,"name":"KnitPro Ginger Prisukami Virbalai 11,5 cm \/ 13 cm"}]},{"@type":"WebSite","@id":"https:\/\/happyinaknit.com\/lt\/#website","url":"https:\/\/happyinaknit.com\/lt\/","name":"Happyinaknit.com","description":"","potentialAction":[{"@type":"SearchAction","target":{"@type":"EntryPoint","urlTemplate":"https:\/\/happyinaknit.com\/lt\/?s={search_term_string}"},"query-input":{"@type":"PropertyValueSpecification","valueRequired":true,"valueName":"search_term_string"}}],"inLanguage":"en-US"}]}},"_links":{"self":[{"href":"https:\/\/happyinaknit.com\/en\/wp-json\/wp\/v2\/product\/6619","targetHints":{"allow":["GET"]}}],"collection":[{"href":"https:\/\/happyinaknit.com\/en\/wp-json\/wp\/v2\/product"}],"about":[{"href":"https:\/\/happyinaknit.com\/en\/wp-json\/wp\/v2\/types\/product"}],"replies":[{"embeddable":true,"href":"https:\/\/happyinaknit.com\/en\/wp-json\/wp\/v2\/comments?post=6619"}],"wp:featuredmedia":[{"embeddable":true,"href":"https:\/\/happyinaknit.com\/en\/wp-json\/wp\/v2\/media\/6622"}],"wp:attachment":[{"href":"https:\/\/happyinaknit.com\/en\/wp-json\/wp\/v2\/media?parent=6619"}],"wp:term":[{"taxonomy":"product_brand","embeddable":true,"href":"https:\/\/happyinaknit.com\/en\/wp-json\/wp\/v2\/product_brand?post=6619"},{"taxonomy":"product_cat","embeddable":true,"href":"https:\/\/happyinaknit.com\/en\/wp-json\/wp\/v2\/product_cat?post=6619"},{"taxonomy":"product_tag","embeddable":true,"href":"https:\/\/happyinaknit.com\/en\/wp-json\/wp\/v2\/product_tag?post=6619"},{"taxonomy":"pro-kategorijos","embeddable":true,"href":"https:\/\/happyinaknit.com\/en\/wp-json\/wp\/v2\/pro-kategorijos?post=6619"}],"curies":[{"name":"wp","href":"https:\/\/api.w.org\/{rel}","templated":true}]}}