{"id":6610,"date":"2025-10-19T15:40:19","date_gmt":"2025-10-19T15:40:19","guid":{"rendered":"https:\/\/happyinaknit.com\/?post_type=product&#038;p=6610"},"modified":"2025-10-28T13:21:23","modified_gmt":"2025-10-28T13:21:23","slug":"knitpro-ginger-mediniai-virbalai-su-valu-60-80-cm","status":"publish","type":"product","link":"https:\/\/happyinaknit.com\/en\/product\/knitpro-ginger-mediniai-virbalai-su-valu-60-80-cm\/","title":{"rendered":"KnitPro Ginger Wooden Circular Knitting needles 60\/80 cm"},"content":{"rendered":"<p>Stylish and comfortable <b>KnitPro Ginger<\/b> rods with line are an elegant choice from <b>natural polished wood<\/b>, characterized by lightness, strength and excellent glide. Subtly <b>tapered tips<\/b> allows you to comfortably knit with both thin and thicker yarns, and <b>smooth connection<\/b> between the rod and the line ensures smooth movement of the loops.<\/p>\n<p>Perfect for a variety of projects, from sweaters to scarves and shawls.<\/p>\n<p>Made in India.<\/p>\n<p><b>Material:<\/b> polished wood<\/p>\n<p><b>Line:<\/b> flexible plastic line<\/p>\n<p><b>Features:<\/b> light, strong, warm to the hand, smooth surface, even glide<\/p>\n<p><b>Note:<\/b> Color shades may vary slightly depending on your device&#039;s screen.<\/p>","protected":false},"excerpt":{"rendered":"<p>Stilingi ir patog\u016bs KnitPro Ginger virbalai su valu \u2013 tai eleganti\u0161kas pasirinkimas i\u0161 nat\u016bralios poliruotos medienos, pasi\u017eymintis lengvumu, tvirtumu ir puikiu slydimu. Subtiliai susiaurinti antgaliai leid\u017eia patogiai megzti tiek plonais, tiek storesniais si\u016blais, o lygus sujungimas tarp virbalo ir valo u\u017etikrina tolyg\u0173 kilp\u0173 jud\u0117jim\u0105. Puikiai tinka \u012fvairiems projektams \u2013 nuo megztini\u0173 iki \u0161alik\u0173 ir skar\u0173. [&hellip;]<\/p>\n","protected":false},"featured_media":6612,"comment_status":"open","ping_status":"closed","template":"","meta":{"_acf_changed":false},"product_brand":[1069],"product_cat":[15,19,862],"product_tag":[],"pro-kategorijos":[],"class_list":{"0":"post-6610","1":"product","2":"type-product","3":"status-publish","4":"has-post-thumbnail","6":"product_brand-knitpro","7":"product_cat-visi-produktai","8":"product_cat-mezgimo-priemones","9":"product_cat-virbalai-su-valu","11":"first","12":"instock","13":"shipping-taxable","14":"purchasable","15":"product-type-variable"},"acf":[],"yoast_head":"<!-- This site is optimized with the Yoast SEO plugin v26.8 - https:\/\/yoast.com\/product\/yoast-seo-wordpress\/ -->\n<title>KnitPro Ginger mediniai virbalai su valu 60\/80 cm - Happyinaknit.com<\/title>\n<meta name=\"robots\" content=\"index, follow, max-snippet:-1, max-image-preview:large, max-video-preview:-1\" \/>\n<link rel=\"canonical\" href=\"https:\/\/happyinaknit.com\/en\/product\/knitpro-ginger-mediniai-virbalai-su-valu-60-80-cm\/\" \/>\n<meta property=\"og:locale\" content=\"en_US\" \/>\n<meta property=\"og:type\" content=\"article\" \/>\n<meta property=\"og:title\" content=\"KnitPro Ginger mediniai virbalai su valu 60\/80 cm - Happyinaknit.com\" \/>\n<meta property=\"og:description\" content=\"Stilingi ir patog\u016bs KnitPro Ginger virbalai su valu \u2013 tai eleganti\u0161kas pasirinkimas i\u0161 nat\u016bralios poliruotos medienos, pasi\u017eymintis lengvumu, tvirtumu ir puikiu slydimu. Subtiliai susiaurinti antgaliai leid\u017eia patogiai megzti tiek plonais, tiek storesniais si\u016blais, o lygus sujungimas tarp virbalo ir valo u\u017etikrina tolyg\u0173 kilp\u0173 jud\u0117jim\u0105. Puikiai tinka \u012fvairiems projektams \u2013 nuo megztini\u0173 iki \u0161alik\u0173 ir skar\u0173. [&hellip;]\" \/>\n<meta property=\"og:url\" content=\"https:\/\/happyinaknit.com\/en\/product\/knitpro-ginger-mediniai-virbalai-su-valu-60-80-cm\/\" \/>\n<meta property=\"og:site_name\" content=\"Happyinaknit.com\" \/>\n<meta property=\"article:modified_time\" content=\"2025-10-28T13:21:23+00:00\" \/>\n<meta property=\"og:image\" content=\"https:\/\/happyinaknit.com\/wp-content\/uploads\/2025\/10\/177d2bb707686b53ebee7f44b54e3b7d.jpg\" \/>\n\t<meta property=\"og:image:width\" content=\"1284\" \/>\n\t<meta property=\"og:image:height\" content=\"1284\" \/>\n\t<meta property=\"og:image:type\" content=\"image\/jpeg\" \/>\n<meta name=\"twitter:card\" content=\"summary_large_image\" \/>\n<script type=\"application\/ld+json\" class=\"yoast-schema-graph\">{\"@context\":\"https:\/\/schema.org\",\"@graph\":[{\"@type\":\"WebPage\",\"@id\":\"https:\/\/happyinaknit.com\/produktas\/knitpro-ginger-mediniai-virbalai-su-valu-60-80-cm\/\",\"url\":\"https:\/\/happyinaknit.com\/produktas\/knitpro-ginger-mediniai-virbalai-su-valu-60-80-cm\/\",\"name\":\"KnitPro Ginger mediniai virbalai su valu 60\/80 cm - Happyinaknit.com\",\"isPartOf\":{\"@id\":\"https:\/\/happyinaknit.com\/lt\/#website\"},\"primaryImageOfPage\":{\"@id\":\"https:\/\/happyinaknit.com\/produktas\/knitpro-ginger-mediniai-virbalai-su-valu-60-80-cm\/#primaryimage\"},\"image\":{\"@id\":\"https:\/\/happyinaknit.com\/produktas\/knitpro-ginger-mediniai-virbalai-su-valu-60-80-cm\/#primaryimage\"},\"thumbnailUrl\":\"https:\/\/happyinaknit.com\/wp-content\/uploads\/2025\/10\/177d2bb707686b53ebee7f44b54e3b7d.jpg\",\"datePublished\":\"2025-10-19T15:40:19+00:00\",\"dateModified\":\"2025-10-28T13:21:23+00:00\",\"breadcrumb\":{\"@id\":\"https:\/\/happyinaknit.com\/produktas\/knitpro-ginger-mediniai-virbalai-su-valu-60-80-cm\/#breadcrumb\"},\"inLanguage\":\"en-US\",\"potentialAction\":[{\"@type\":\"ReadAction\",\"target\":[\"https:\/\/happyinaknit.com\/produktas\/knitpro-ginger-mediniai-virbalai-su-valu-60-80-cm\/\"]}]},{\"@type\":\"ImageObject\",\"inLanguage\":\"en-US\",\"@id\":\"https:\/\/happyinaknit.com\/produktas\/knitpro-ginger-mediniai-virbalai-su-valu-60-80-cm\/#primaryimage\",\"url\":\"https:\/\/happyinaknit.com\/wp-content\/uploads\/2025\/10\/177d2bb707686b53ebee7f44b54e3b7d.jpg\",\"contentUrl\":\"https:\/\/happyinaknit.com\/wp-content\/uploads\/2025\/10\/177d2bb707686b53ebee7f44b54e3b7d.jpg\",\"width\":1284,\"height\":1284},{\"@type\":\"BreadcrumbList\",\"@id\":\"https:\/\/happyinaknit.com\/produktas\/knitpro-ginger-mediniai-virbalai-su-valu-60-80-cm\/#breadcrumb\",\"itemListElement\":[{\"@type\":\"ListItem\",\"position\":1,\"name\":\"Home\",\"item\":\"https:\/\/happyinaknit.com\/lt\/\"},{\"@type\":\"ListItem\",\"position\":2,\"name\":\"Parduotuv\u0117\",\"item\":\"https:\/\/happyinaknit.com\/lt\/parduotuve\/\"},{\"@type\":\"ListItem\",\"position\":3,\"name\":\"KnitPro Ginger mediniai virbalai su valu 60\/80 cm\"}]},{\"@type\":\"WebSite\",\"@id\":\"https:\/\/happyinaknit.com\/lt\/#website\",\"url\":\"https:\/\/happyinaknit.com\/lt\/\",\"name\":\"Happyinaknit.com\",\"description\":\"\",\"potentialAction\":[{\"@type\":\"SearchAction\",\"target\":{\"@type\":\"EntryPoint\",\"urlTemplate\":\"https:\/\/happyinaknit.com\/lt\/?s={search_term_string}\"},\"query-input\":{\"@type\":\"PropertyValueSpecification\",\"valueRequired\":true,\"valueName\":\"search_term_string\"}}],\"inLanguage\":\"en-US\"}]}<\/script>\n<!-- \/ Yoast SEO plugin. -->","yoast_head_json":{"title":"KnitPro Ginger mediniai virbalai su valu 60\/80 cm - Happyinaknit.com","robots":{"index":"index","follow":"follow","max-snippet":"max-snippet:-1","max-image-preview":"max-image-preview:large","max-video-preview":"max-video-preview:-1"},"canonical":"https:\/\/happyinaknit.com\/en\/product\/knitpro-ginger-mediniai-virbalai-su-valu-60-80-cm\/","og_locale":"en_US","og_type":"article","og_title":"KnitPro Ginger mediniai virbalai su valu 60\/80 cm - Happyinaknit.com","og_description":"Stilingi ir patog\u016bs KnitPro Ginger virbalai su valu \u2013 tai eleganti\u0161kas pasirinkimas i\u0161 nat\u016bralios poliruotos medienos, pasi\u017eymintis lengvumu, tvirtumu ir puikiu slydimu. Subtiliai susiaurinti antgaliai leid\u017eia patogiai megzti tiek plonais, tiek storesniais si\u016blais, o lygus sujungimas tarp virbalo ir valo u\u017etikrina tolyg\u0173 kilp\u0173 jud\u0117jim\u0105. Puikiai tinka \u012fvairiems projektams \u2013 nuo megztini\u0173 iki \u0161alik\u0173 ir skar\u0173. [&hellip;]","og_url":"https:\/\/happyinaknit.com\/en\/product\/knitpro-ginger-mediniai-virbalai-su-valu-60-80-cm\/","og_site_name":"Happyinaknit.com","article_modified_time":"2025-10-28T13:21:23+00:00","og_image":[{"width":1284,"height":1284,"url":"https:\/\/happyinaknit.com\/wp-content\/uploads\/2025\/10\/177d2bb707686b53ebee7f44b54e3b7d.jpg","type":"image\/jpeg"}],"twitter_card":"summary_large_image","schema":{"@context":"https:\/\/schema.org","@graph":[{"@type":"WebPage","@id":"https:\/\/happyinaknit.com\/produktas\/knitpro-ginger-mediniai-virbalai-su-valu-60-80-cm\/","url":"https:\/\/happyinaknit.com\/produktas\/knitpro-ginger-mediniai-virbalai-su-valu-60-80-cm\/","name":"KnitPro Ginger mediniai virbalai su valu 60\/80 cm - Happyinaknit.com","isPartOf":{"@id":"https:\/\/happyinaknit.com\/lt\/#website"},"primaryImageOfPage":{"@id":"https:\/\/happyinaknit.com\/produktas\/knitpro-ginger-mediniai-virbalai-su-valu-60-80-cm\/#primaryimage"},"image":{"@id":"https:\/\/happyinaknit.com\/produktas\/knitpro-ginger-mediniai-virbalai-su-valu-60-80-cm\/#primaryimage"},"thumbnailUrl":"https:\/\/happyinaknit.com\/wp-content\/uploads\/2025\/10\/177d2bb707686b53ebee7f44b54e3b7d.jpg","datePublished":"2025-10-19T15:40:19+00:00","dateModified":"2025-10-28T13:21:23+00:00","breadcrumb":{"@id":"https:\/\/happyinaknit.com\/produktas\/knitpro-ginger-mediniai-virbalai-su-valu-60-80-cm\/#breadcrumb"},"inLanguage":"en-US","potentialAction":[{"@type":"ReadAction","target":["https:\/\/happyinaknit.com\/produktas\/knitpro-ginger-mediniai-virbalai-su-valu-60-80-cm\/"]}]},{"@type":"ImageObject","inLanguage":"en-US","@id":"https:\/\/happyinaknit.com\/produktas\/knitpro-ginger-mediniai-virbalai-su-valu-60-80-cm\/#primaryimage","url":"https:\/\/happyinaknit.com\/wp-content\/uploads\/2025\/10\/177d2bb707686b53ebee7f44b54e3b7d.jpg","contentUrl":"https:\/\/happyinaknit.com\/wp-content\/uploads\/2025\/10\/177d2bb707686b53ebee7f44b54e3b7d.jpg","width":1284,"height":1284},{"@type":"BreadcrumbList","@id":"https:\/\/happyinaknit.com\/produktas\/knitpro-ginger-mediniai-virbalai-su-valu-60-80-cm\/#breadcrumb","itemListElement":[{"@type":"ListItem","position":1,"name":"Home","item":"https:\/\/happyinaknit.com\/lt\/"},{"@type":"ListItem","position":2,"name":"Parduotuv\u0117","item":"https:\/\/happyinaknit.com\/lt\/parduotuve\/"},{"@type":"ListItem","position":3,"name":"KnitPro Ginger mediniai virbalai su valu 60\/80 cm"}]},{"@type":"WebSite","@id":"https:\/\/happyinaknit.com\/lt\/#website","url":"https:\/\/happyinaknit.com\/lt\/","name":"Happyinaknit.com","description":"","potentialAction":[{"@type":"SearchAction","target":{"@type":"EntryPoint","urlTemplate":"https:\/\/happyinaknit.com\/lt\/?s={search_term_string}"},"query-input":{"@type":"PropertyValueSpecification","valueRequired":true,"valueName":"search_term_string"}}],"inLanguage":"en-US"}]}},"_links":{"self":[{"href":"https:\/\/happyinaknit.com\/en\/wp-json\/wp\/v2\/product\/6610","targetHints":{"allow":["GET"]}}],"collection":[{"href":"https:\/\/happyinaknit.com\/en\/wp-json\/wp\/v2\/product"}],"about":[{"href":"https:\/\/happyinaknit.com\/en\/wp-json\/wp\/v2\/types\/product"}],"replies":[{"embeddable":true,"href":"https:\/\/happyinaknit.com\/en\/wp-json\/wp\/v2\/comments?post=6610"}],"wp:featuredmedia":[{"embeddable":true,"href":"https:\/\/happyinaknit.com\/en\/wp-json\/wp\/v2\/media\/6612"}],"wp:attachment":[{"href":"https:\/\/happyinaknit.com\/en\/wp-json\/wp\/v2\/media?parent=6610"}],"wp:term":[{"taxonomy":"product_brand","embeddable":true,"href":"https:\/\/happyinaknit.com\/en\/wp-json\/wp\/v2\/product_brand?post=6610"},{"taxonomy":"product_cat","embeddable":true,"href":"https:\/\/happyinaknit.com\/en\/wp-json\/wp\/v2\/product_cat?post=6610"},{"taxonomy":"product_tag","embeddable":true,"href":"https:\/\/happyinaknit.com\/en\/wp-json\/wp\/v2\/product_tag?post=6610"},{"taxonomy":"pro-kategorijos","embeddable":true,"href":"https:\/\/happyinaknit.com\/en\/wp-json\/wp\/v2\/pro-kategorijos?post=6610"}],"curies":[{"name":"wp","href":"https:\/\/api.w.org\/{rel}","templated":true}]}}