{"id":6598,"date":"2025-10-19T15:31:22","date_gmt":"2025-10-19T15:31:22","guid":{"rendered":"https:\/\/happyinaknit.com\/?post_type=product&#038;p=6598"},"modified":"2025-10-28T13:25:44","modified_gmt":"2025-10-28T13:25:44","slug":"knitpro-valas-prisukamiems-virbalams","status":"publish","type":"product","link":"https:\/\/happyinaknit.com\/en\/product\/knitpro-valas-prisukamiems-virbalams\/","title":{"rendered":"KnitPro Cable Interchangeable  Knitting Needles"},"content":{"rendered":"<p>Reliable <b>KnitPro<\/b> Lines for screw-in rods are high-quality and flexible connecting wires that ensure smooth thread sliding and a strong connection. All lines have <b>metal connecting elements<\/b> and are equipped with <b>with two nozzles<\/b> and <b>with one wrench<\/b>to ensure a secure and stable connection.<\/p>\n<p>Suitable for all <b>KnitPro screw-in needles<\/b> for series (<i>Symfonie, Zing, Nova, Karbonz, Royale<\/i> etc.).<\/p>\n<p>Made in India.<\/p>\n<p>Available in two color options: black with silver elements, black with gold elements<\/p>\n<p><b>Material:<\/b> plastic + metal joints<\/p>\n<p><b>Included:<\/b> 1 line, 2 tips, 1 wrench<\/p>\n<p><b>Note:<\/b> specified length \u2013 <b>common with connected wires<\/b>When using short needles, the total length will be approximately 3-5 cm shorter.<\/p>\n<p><b>Note:<\/b> Color shades may vary slightly depending on your device&#039;s screen.<\/p>","protected":false},"excerpt":{"rendered":"<p>Patikimi KnitPro valai prisukamiems virbalams \u2013 tai kokybi\u0161ki ir lankst\u016bs jungiamieji laidai, u\u017etikrinantys skland\u0173 si\u016bl\u0173 slydim\u0105 ir tvirt\u0105 sujungim\u0105. Visi valai turi metalinius sujungimo elementus ir yra komplektuojami su dviem antgaliais ir vienu ver\u017eimo rakteliu, kad sujungimas b\u016bt\u0173 saugus ir stabilus. Tinka visoms KnitPro prisukam\u0173 virbal\u0173 serijoms (Symfonie, Zing, Nova, Karbonz, Royale ir kt.). Pagaminta [&hellip;]<\/p>\n","protected":false},"featured_media":6589,"comment_status":"open","ping_status":"closed","template":"","meta":{"_acf_changed":false},"product_brand":[1069],"product_cat":[15,19,864],"product_tag":[],"pro-kategorijos":[],"class_list":{"0":"post-6598","1":"product","2":"type-product","3":"status-publish","4":"has-post-thumbnail","6":"product_brand-knitpro","7":"product_cat-visi-produktai","8":"product_cat-mezgimo-priemones","9":"product_cat-valai-virbalams","11":"first","12":"instock","13":"shipping-taxable","14":"purchasable","15":"product-type-variable"},"acf":[],"yoast_head":"<!-- This site is optimized with the Yoast SEO plugin v26.8 - https:\/\/yoast.com\/product\/yoast-seo-wordpress\/ -->\n<title>KnitPro Valas Prisukamiems Virbalams - Happyinaknit.com<\/title>\n<meta name=\"robots\" content=\"index, follow, max-snippet:-1, max-image-preview:large, max-video-preview:-1\" \/>\n<link rel=\"canonical\" href=\"https:\/\/happyinaknit.com\/en\/product\/knitpro-valas-prisukamiems-virbalams\/\" \/>\n<meta property=\"og:locale\" content=\"en_US\" \/>\n<meta property=\"og:type\" content=\"article\" \/>\n<meta property=\"og:title\" content=\"KnitPro Valas Prisukamiems Virbalams - Happyinaknit.com\" \/>\n<meta property=\"og:description\" content=\"Patikimi KnitPro valai prisukamiems virbalams \u2013 tai kokybi\u0161ki ir lankst\u016bs jungiamieji laidai, u\u017etikrinantys skland\u0173 si\u016bl\u0173 slydim\u0105 ir tvirt\u0105 sujungim\u0105. Visi valai turi metalinius sujungimo elementus ir yra komplektuojami su dviem antgaliais ir vienu ver\u017eimo rakteliu, kad sujungimas b\u016bt\u0173 saugus ir stabilus. Tinka visoms KnitPro prisukam\u0173 virbal\u0173 serijoms (Symfonie, Zing, Nova, Karbonz, Royale ir kt.). Pagaminta [&hellip;]\" \/>\n<meta property=\"og:url\" content=\"https:\/\/happyinaknit.com\/en\/product\/knitpro-valas-prisukamiems-virbalams\/\" \/>\n<meta property=\"og:site_name\" content=\"Happyinaknit.com\" \/>\n<meta property=\"article:modified_time\" content=\"2025-10-28T13:25:44+00:00\" \/>\n<meta property=\"og:image\" content=\"https:\/\/happyinaknit.com\/wp-content\/uploads\/2025\/10\/sleek_stainless_steel_purple_gold_swivel_cables-3_nk9rtlzfa8xurrvo.jpg\" \/>\n\t<meta property=\"og:image:width\" content=\"800\" \/>\n\t<meta property=\"og:image:height\" content=\"800\" \/>\n\t<meta property=\"og:image:type\" content=\"image\/jpeg\" \/>\n<meta name=\"twitter:card\" content=\"summary_large_image\" \/>\n<meta name=\"twitter:label1\" content=\"Est. reading time\" \/>\n\t<meta name=\"twitter:data1\" content=\"1 minute\" \/>\n<script type=\"application\/ld+json\" class=\"yoast-schema-graph\">{\"@context\":\"https:\/\/schema.org\",\"@graph\":[{\"@type\":\"WebPage\",\"@id\":\"https:\/\/happyinaknit.com\/produktas\/knitpro-valas-prisukamiems-virbalams\/\",\"url\":\"https:\/\/happyinaknit.com\/produktas\/knitpro-valas-prisukamiems-virbalams\/\",\"name\":\"KnitPro Valas Prisukamiems Virbalams - Happyinaknit.com\",\"isPartOf\":{\"@id\":\"https:\/\/happyinaknit.com\/lt\/#website\"},\"primaryImageOfPage\":{\"@id\":\"https:\/\/happyinaknit.com\/produktas\/knitpro-valas-prisukamiems-virbalams\/#primaryimage\"},\"image\":{\"@id\":\"https:\/\/happyinaknit.com\/produktas\/knitpro-valas-prisukamiems-virbalams\/#primaryimage\"},\"thumbnailUrl\":\"https:\/\/happyinaknit.com\/wp-content\/uploads\/2025\/10\/sleek_stainless_steel_purple_gold_swivel_cables-3_nk9rtlzfa8xurrvo.jpg\",\"datePublished\":\"2025-10-19T15:31:22+00:00\",\"dateModified\":\"2025-10-28T13:25:44+00:00\",\"breadcrumb\":{\"@id\":\"https:\/\/happyinaknit.com\/produktas\/knitpro-valas-prisukamiems-virbalams\/#breadcrumb\"},\"inLanguage\":\"en-US\",\"potentialAction\":[{\"@type\":\"ReadAction\",\"target\":[\"https:\/\/happyinaknit.com\/produktas\/knitpro-valas-prisukamiems-virbalams\/\"]}]},{\"@type\":\"ImageObject\",\"inLanguage\":\"en-US\",\"@id\":\"https:\/\/happyinaknit.com\/produktas\/knitpro-valas-prisukamiems-virbalams\/#primaryimage\",\"url\":\"https:\/\/happyinaknit.com\/wp-content\/uploads\/2025\/10\/sleek_stainless_steel_purple_gold_swivel_cables-3_nk9rtlzfa8xurrvo.jpg\",\"contentUrl\":\"https:\/\/happyinaknit.com\/wp-content\/uploads\/2025\/10\/sleek_stainless_steel_purple_gold_swivel_cables-3_nk9rtlzfa8xurrvo.jpg\",\"width\":800,\"height\":800},{\"@type\":\"BreadcrumbList\",\"@id\":\"https:\/\/happyinaknit.com\/produktas\/knitpro-valas-prisukamiems-virbalams\/#breadcrumb\",\"itemListElement\":[{\"@type\":\"ListItem\",\"position\":1,\"name\":\"Home\",\"item\":\"https:\/\/happyinaknit.com\/lt\/\"},{\"@type\":\"ListItem\",\"position\":2,\"name\":\"Parduotuv\u0117\",\"item\":\"https:\/\/happyinaknit.com\/lt\/parduotuve\/\"},{\"@type\":\"ListItem\",\"position\":3,\"name\":\"KnitPro Valas Prisukamiems Virbalams\"}]},{\"@type\":\"WebSite\",\"@id\":\"https:\/\/happyinaknit.com\/lt\/#website\",\"url\":\"https:\/\/happyinaknit.com\/lt\/\",\"name\":\"Happyinaknit.com\",\"description\":\"\",\"potentialAction\":[{\"@type\":\"SearchAction\",\"target\":{\"@type\":\"EntryPoint\",\"urlTemplate\":\"https:\/\/happyinaknit.com\/lt\/?s={search_term_string}\"},\"query-input\":{\"@type\":\"PropertyValueSpecification\",\"valueRequired\":true,\"valueName\":\"search_term_string\"}}],\"inLanguage\":\"en-US\"}]}<\/script>\n<!-- \/ Yoast SEO plugin. -->","yoast_head_json":{"title":"KnitPro Valas Prisukamiems Virbalams - Happyinaknit.com","robots":{"index":"index","follow":"follow","max-snippet":"max-snippet:-1","max-image-preview":"max-image-preview:large","max-video-preview":"max-video-preview:-1"},"canonical":"https:\/\/happyinaknit.com\/en\/product\/knitpro-valas-prisukamiems-virbalams\/","og_locale":"en_US","og_type":"article","og_title":"KnitPro Valas Prisukamiems Virbalams - Happyinaknit.com","og_description":"Patikimi KnitPro valai prisukamiems virbalams \u2013 tai kokybi\u0161ki ir lankst\u016bs jungiamieji laidai, u\u017etikrinantys skland\u0173 si\u016bl\u0173 slydim\u0105 ir tvirt\u0105 sujungim\u0105. Visi valai turi metalinius sujungimo elementus ir yra komplektuojami su dviem antgaliais ir vienu ver\u017eimo rakteliu, kad sujungimas b\u016bt\u0173 saugus ir stabilus. Tinka visoms KnitPro prisukam\u0173 virbal\u0173 serijoms (Symfonie, Zing, Nova, Karbonz, Royale ir kt.). Pagaminta [&hellip;]","og_url":"https:\/\/happyinaknit.com\/en\/product\/knitpro-valas-prisukamiems-virbalams\/","og_site_name":"Happyinaknit.com","article_modified_time":"2025-10-28T13:25:44+00:00","og_image":[{"width":800,"height":800,"url":"https:\/\/happyinaknit.com\/wp-content\/uploads\/2025\/10\/sleek_stainless_steel_purple_gold_swivel_cables-3_nk9rtlzfa8xurrvo.jpg","type":"image\/jpeg"}],"twitter_card":"summary_large_image","twitter_misc":{"Est. reading time":"1 minute"},"schema":{"@context":"https:\/\/schema.org","@graph":[{"@type":"WebPage","@id":"https:\/\/happyinaknit.com\/produktas\/knitpro-valas-prisukamiems-virbalams\/","url":"https:\/\/happyinaknit.com\/produktas\/knitpro-valas-prisukamiems-virbalams\/","name":"KnitPro Valas Prisukamiems Virbalams - Happyinaknit.com","isPartOf":{"@id":"https:\/\/happyinaknit.com\/lt\/#website"},"primaryImageOfPage":{"@id":"https:\/\/happyinaknit.com\/produktas\/knitpro-valas-prisukamiems-virbalams\/#primaryimage"},"image":{"@id":"https:\/\/happyinaknit.com\/produktas\/knitpro-valas-prisukamiems-virbalams\/#primaryimage"},"thumbnailUrl":"https:\/\/happyinaknit.com\/wp-content\/uploads\/2025\/10\/sleek_stainless_steel_purple_gold_swivel_cables-3_nk9rtlzfa8xurrvo.jpg","datePublished":"2025-10-19T15:31:22+00:00","dateModified":"2025-10-28T13:25:44+00:00","breadcrumb":{"@id":"https:\/\/happyinaknit.com\/produktas\/knitpro-valas-prisukamiems-virbalams\/#breadcrumb"},"inLanguage":"en-US","potentialAction":[{"@type":"ReadAction","target":["https:\/\/happyinaknit.com\/produktas\/knitpro-valas-prisukamiems-virbalams\/"]}]},{"@type":"ImageObject","inLanguage":"en-US","@id":"https:\/\/happyinaknit.com\/produktas\/knitpro-valas-prisukamiems-virbalams\/#primaryimage","url":"https:\/\/happyinaknit.com\/wp-content\/uploads\/2025\/10\/sleek_stainless_steel_purple_gold_swivel_cables-3_nk9rtlzfa8xurrvo.jpg","contentUrl":"https:\/\/happyinaknit.com\/wp-content\/uploads\/2025\/10\/sleek_stainless_steel_purple_gold_swivel_cables-3_nk9rtlzfa8xurrvo.jpg","width":800,"height":800},{"@type":"BreadcrumbList","@id":"https:\/\/happyinaknit.com\/produktas\/knitpro-valas-prisukamiems-virbalams\/#breadcrumb","itemListElement":[{"@type":"ListItem","position":1,"name":"Home","item":"https:\/\/happyinaknit.com\/lt\/"},{"@type":"ListItem","position":2,"name":"Parduotuv\u0117","item":"https:\/\/happyinaknit.com\/lt\/parduotuve\/"},{"@type":"ListItem","position":3,"name":"KnitPro Valas Prisukamiems Virbalams"}]},{"@type":"WebSite","@id":"https:\/\/happyinaknit.com\/lt\/#website","url":"https:\/\/happyinaknit.com\/lt\/","name":"Happyinaknit.com","description":"","potentialAction":[{"@type":"SearchAction","target":{"@type":"EntryPoint","urlTemplate":"https:\/\/happyinaknit.com\/lt\/?s={search_term_string}"},"query-input":{"@type":"PropertyValueSpecification","valueRequired":true,"valueName":"search_term_string"}}],"inLanguage":"en-US"}]}},"_links":{"self":[{"href":"https:\/\/happyinaknit.com\/en\/wp-json\/wp\/v2\/product\/6598","targetHints":{"allow":["GET"]}}],"collection":[{"href":"https:\/\/happyinaknit.com\/en\/wp-json\/wp\/v2\/product"}],"about":[{"href":"https:\/\/happyinaknit.com\/en\/wp-json\/wp\/v2\/types\/product"}],"replies":[{"embeddable":true,"href":"https:\/\/happyinaknit.com\/en\/wp-json\/wp\/v2\/comments?post=6598"}],"wp:featuredmedia":[{"embeddable":true,"href":"https:\/\/happyinaknit.com\/en\/wp-json\/wp\/v2\/media\/6589"}],"wp:attachment":[{"href":"https:\/\/happyinaknit.com\/en\/wp-json\/wp\/v2\/media?parent=6598"}],"wp:term":[{"taxonomy":"product_brand","embeddable":true,"href":"https:\/\/happyinaknit.com\/en\/wp-json\/wp\/v2\/product_brand?post=6598"},{"taxonomy":"product_cat","embeddable":true,"href":"https:\/\/happyinaknit.com\/en\/wp-json\/wp\/v2\/product_cat?post=6598"},{"taxonomy":"product_tag","embeddable":true,"href":"https:\/\/happyinaknit.com\/en\/wp-json\/wp\/v2\/product_tag?post=6598"},{"taxonomy":"pro-kategorijos","embeddable":true,"href":"https:\/\/happyinaknit.com\/en\/wp-json\/wp\/v2\/pro-kategorijos?post=6598"}],"curies":[{"name":"wp","href":"https:\/\/api.w.org\/{rel}","templated":true}]}}