{"id":6568,"date":"2025-10-19T15:06:23","date_gmt":"2025-10-19T15:06:23","guid":{"rendered":"https:\/\/happyinaknit.com\/?post_type=product&#038;p=6568"},"modified":"2025-10-19T15:06:24","modified_gmt":"2025-10-19T15:06:24","slug":"knitpro-royale-mediniai-virbalai-su-valu-80-cm","status":"publish","type":"product","link":"https:\/\/happyinaknit.com\/en\/product\/knitpro-royale-mediniai-virbalai-su-valu-80-cm\/","title":{"rendered":"KnitPro Royale Wooden Circular Knitting Needles 80 cm"},"content":{"rendered":"<p>Elegant <b>KnitPro Royale<\/b> Rods and line combine the best features: <b>warmth and lightness<\/b> natural wood and <b>accuracy and robustness<\/b> metal tips. Each size of the needles is painted <b>different color<\/b>, so they are easy to distinguish and select.<\/p>\n<p>These needles have <b>rotating line<\/b>, which rotates 360\u00b0, ensuring that the line does not twist during knitting and that the work is done evenly and comfortably. The surface is perfectly polished - the threads slide smoothly, without interference.<\/p>\n<p>Made in India.<\/p>\n<p><b>Material:<\/b> wood + metal tips<\/p>\n<p><b>Total length:<\/b> 80cm<\/p>\n<p><b>Features:<\/b> warm and light, smooth surface, colored by size, tangle-free line<\/p>\n<p><b>Note:<\/b> Color shades may vary slightly depending on your device&#039;s screen.<\/p>","protected":false},"excerpt":{"rendered":"<p>Eleganti\u0161ki KnitPro Royale virbalai su valu sujungia geriausias savybes: \u0161ilum\u0105 ir lengvum\u0105 nat\u016bralaus med\u017eio bei tikslum\u0105 ir tvirtum\u0105 metalini\u0173 antgali\u0173. Kiekvienas virbal\u0173 dydis nuda\u017eytas skirtinga spalva, tod\u0117l juos lengva atskirti ir pasirinkti. \u0160ie virbalai turi rotacin\u012f val\u0105, kuris sukasi 360\u00b0, u\u017etikrindamas, kad mezgimo metu valas nesusisukt\u0173 ir darbas vykt\u0173 tolygiai bei patogiai. Pavir\u0161ius idealiai nu\u0161lifuotas [&hellip;]<\/p>\n","protected":false},"featured_media":6570,"comment_status":"open","ping_status":"closed","template":"","meta":{"_acf_changed":false},"product_brand":[1069],"product_cat":[15,19,862],"product_tag":[],"pro-kategorijos":[],"class_list":{"0":"post-6568","1":"product","2":"type-product","3":"status-publish","4":"has-post-thumbnail","6":"product_brand-knitpro","7":"product_cat-visi-produktai","8":"product_cat-mezgimo-priemones","9":"product_cat-virbalai-su-valu","11":"first","12":"instock","13":"shipping-taxable","14":"purchasable","15":"product-type-variable"},"acf":[],"yoast_head":"<!-- This site is optimized with the Yoast SEO plugin v26.8 - https:\/\/yoast.com\/product\/yoast-seo-wordpress\/ -->\n<title>KnitPro Royale Mediniai Virbalai Su Valu 80 cm - Happyinaknit.com<\/title>\n<meta name=\"robots\" content=\"index, follow, max-snippet:-1, max-image-preview:large, max-video-preview:-1\" \/>\n<link rel=\"canonical\" href=\"https:\/\/happyinaknit.com\/en\/product\/knitpro-royale-mediniai-virbalai-su-valu-80-cm\/\" \/>\n<meta property=\"og:locale\" content=\"en_US\" \/>\n<meta property=\"og:type\" content=\"article\" \/>\n<meta property=\"og:title\" content=\"KnitPro Royale Mediniai Virbalai Su Valu 80 cm - Happyinaknit.com\" \/>\n<meta property=\"og:description\" content=\"Eleganti\u0161ki KnitPro Royale virbalai su valu sujungia geriausias savybes: \u0161ilum\u0105 ir lengvum\u0105 nat\u016bralaus med\u017eio bei tikslum\u0105 ir tvirtum\u0105 metalini\u0173 antgali\u0173. Kiekvienas virbal\u0173 dydis nuda\u017eytas skirtinga spalva, tod\u0117l juos lengva atskirti ir pasirinkti. \u0160ie virbalai turi rotacin\u012f val\u0105, kuris sukasi 360\u00b0, u\u017etikrindamas, kad mezgimo metu valas nesusisukt\u0173 ir darbas vykt\u0173 tolygiai bei patogiai. Pavir\u0161ius idealiai nu\u0161lifuotas [&hellip;]\" \/>\n<meta property=\"og:url\" content=\"https:\/\/happyinaknit.com\/en\/product\/knitpro-royale-mediniai-virbalai-su-valu-80-cm\/\" \/>\n<meta property=\"og:site_name\" content=\"Happyinaknit.com\" \/>\n<meta property=\"article:modified_time\" content=\"2025-10-19T15:06:24+00:00\" \/>\n<meta name=\"twitter:card\" content=\"summary_large_image\" \/>\n<meta name=\"twitter:label1\" content=\"Est. reading time\" \/>\n\t<meta name=\"twitter:data1\" content=\"1 minute\" \/>\n<script type=\"application\/ld+json\" class=\"yoast-schema-graph\">{\"@context\":\"https:\/\/schema.org\",\"@graph\":[{\"@type\":\"WebPage\",\"@id\":\"https:\/\/happyinaknit.com\/produktas\/knitpro-royale-mediniai-virbalai-su-valu-80-cm\/\",\"url\":\"https:\/\/happyinaknit.com\/produktas\/knitpro-royale-mediniai-virbalai-su-valu-80-cm\/\",\"name\":\"KnitPro Royale Mediniai Virbalai Su Valu 80 cm - Happyinaknit.com\",\"isPartOf\":{\"@id\":\"https:\/\/happyinaknit.com\/lt\/#website\"},\"primaryImageOfPage\":{\"@id\":\"https:\/\/happyinaknit.com\/produktas\/knitpro-royale-mediniai-virbalai-su-valu-80-cm\/#primaryimage\"},\"image\":{\"@id\":\"https:\/\/happyinaknit.com\/produktas\/knitpro-royale-mediniai-virbalai-su-valu-80-cm\/#primaryimage\"},\"thumbnailUrl\":\"https:\/\/happyinaknit.com\/wp-content\/uploads\/2025\/10\/cuhkcgigi5a_300x300.png.avif\",\"datePublished\":\"2025-10-19T15:06:23+00:00\",\"dateModified\":\"2025-10-19T15:06:24+00:00\",\"breadcrumb\":{\"@id\":\"https:\/\/happyinaknit.com\/produktas\/knitpro-royale-mediniai-virbalai-su-valu-80-cm\/#breadcrumb\"},\"inLanguage\":\"en-US\",\"potentialAction\":[{\"@type\":\"ReadAction\",\"target\":[\"https:\/\/happyinaknit.com\/produktas\/knitpro-royale-mediniai-virbalai-su-valu-80-cm\/\"]}]},{\"@type\":\"ImageObject\",\"inLanguage\":\"en-US\",\"@id\":\"https:\/\/happyinaknit.com\/produktas\/knitpro-royale-mediniai-virbalai-su-valu-80-cm\/#primaryimage\",\"url\":\"https:\/\/happyinaknit.com\/wp-content\/uploads\/2025\/10\/cuhkcgigi5a_300x300.png.avif\",\"contentUrl\":\"https:\/\/happyinaknit.com\/wp-content\/uploads\/2025\/10\/cuhkcgigi5a_300x300.png.avif\",\"width\":300,\"height\":300},{\"@type\":\"BreadcrumbList\",\"@id\":\"https:\/\/happyinaknit.com\/produktas\/knitpro-royale-mediniai-virbalai-su-valu-80-cm\/#breadcrumb\",\"itemListElement\":[{\"@type\":\"ListItem\",\"position\":1,\"name\":\"Home\",\"item\":\"https:\/\/happyinaknit.com\/lt\/\"},{\"@type\":\"ListItem\",\"position\":2,\"name\":\"Parduotuv\u0117\",\"item\":\"https:\/\/happyinaknit.com\/lt\/parduotuve\/\"},{\"@type\":\"ListItem\",\"position\":3,\"name\":\"KnitPro Royale Mediniai Virbalai Su Valu 80 cm\"}]},{\"@type\":\"WebSite\",\"@id\":\"https:\/\/happyinaknit.com\/lt\/#website\",\"url\":\"https:\/\/happyinaknit.com\/lt\/\",\"name\":\"Happyinaknit.com\",\"description\":\"\",\"potentialAction\":[{\"@type\":\"SearchAction\",\"target\":{\"@type\":\"EntryPoint\",\"urlTemplate\":\"https:\/\/happyinaknit.com\/lt\/?s={search_term_string}\"},\"query-input\":{\"@type\":\"PropertyValueSpecification\",\"valueRequired\":true,\"valueName\":\"search_term_string\"}}],\"inLanguage\":\"en-US\"}]}<\/script>\n<!-- \/ Yoast SEO plugin. -->","yoast_head_json":{"title":"KnitPro Royale Mediniai Virbalai Su Valu 80 cm - Happyinaknit.com","robots":{"index":"index","follow":"follow","max-snippet":"max-snippet:-1","max-image-preview":"max-image-preview:large","max-video-preview":"max-video-preview:-1"},"canonical":"https:\/\/happyinaknit.com\/en\/product\/knitpro-royale-mediniai-virbalai-su-valu-80-cm\/","og_locale":"en_US","og_type":"article","og_title":"KnitPro Royale Mediniai Virbalai Su Valu 80 cm - Happyinaknit.com","og_description":"Eleganti\u0161ki KnitPro Royale virbalai su valu sujungia geriausias savybes: \u0161ilum\u0105 ir lengvum\u0105 nat\u016bralaus med\u017eio bei tikslum\u0105 ir tvirtum\u0105 metalini\u0173 antgali\u0173. Kiekvienas virbal\u0173 dydis nuda\u017eytas skirtinga spalva, tod\u0117l juos lengva atskirti ir pasirinkti. \u0160ie virbalai turi rotacin\u012f val\u0105, kuris sukasi 360\u00b0, u\u017etikrindamas, kad mezgimo metu valas nesusisukt\u0173 ir darbas vykt\u0173 tolygiai bei patogiai. Pavir\u0161ius idealiai nu\u0161lifuotas [&hellip;]","og_url":"https:\/\/happyinaknit.com\/en\/product\/knitpro-royale-mediniai-virbalai-su-valu-80-cm\/","og_site_name":"Happyinaknit.com","article_modified_time":"2025-10-19T15:06:24+00:00","twitter_card":"summary_large_image","twitter_misc":{"Est. reading time":"1 minute"},"schema":{"@context":"https:\/\/schema.org","@graph":[{"@type":"WebPage","@id":"https:\/\/happyinaknit.com\/produktas\/knitpro-royale-mediniai-virbalai-su-valu-80-cm\/","url":"https:\/\/happyinaknit.com\/produktas\/knitpro-royale-mediniai-virbalai-su-valu-80-cm\/","name":"KnitPro Royale Mediniai Virbalai Su Valu 80 cm - Happyinaknit.com","isPartOf":{"@id":"https:\/\/happyinaknit.com\/lt\/#website"},"primaryImageOfPage":{"@id":"https:\/\/happyinaknit.com\/produktas\/knitpro-royale-mediniai-virbalai-su-valu-80-cm\/#primaryimage"},"image":{"@id":"https:\/\/happyinaknit.com\/produktas\/knitpro-royale-mediniai-virbalai-su-valu-80-cm\/#primaryimage"},"thumbnailUrl":"https:\/\/happyinaknit.com\/wp-content\/uploads\/2025\/10\/cuhkcgigi5a_300x300.png.avif","datePublished":"2025-10-19T15:06:23+00:00","dateModified":"2025-10-19T15:06:24+00:00","breadcrumb":{"@id":"https:\/\/happyinaknit.com\/produktas\/knitpro-royale-mediniai-virbalai-su-valu-80-cm\/#breadcrumb"},"inLanguage":"en-US","potentialAction":[{"@type":"ReadAction","target":["https:\/\/happyinaknit.com\/produktas\/knitpro-royale-mediniai-virbalai-su-valu-80-cm\/"]}]},{"@type":"ImageObject","inLanguage":"en-US","@id":"https:\/\/happyinaknit.com\/produktas\/knitpro-royale-mediniai-virbalai-su-valu-80-cm\/#primaryimage","url":"https:\/\/happyinaknit.com\/wp-content\/uploads\/2025\/10\/cuhkcgigi5a_300x300.png.avif","contentUrl":"https:\/\/happyinaknit.com\/wp-content\/uploads\/2025\/10\/cuhkcgigi5a_300x300.png.avif","width":300,"height":300},{"@type":"BreadcrumbList","@id":"https:\/\/happyinaknit.com\/produktas\/knitpro-royale-mediniai-virbalai-su-valu-80-cm\/#breadcrumb","itemListElement":[{"@type":"ListItem","position":1,"name":"Home","item":"https:\/\/happyinaknit.com\/lt\/"},{"@type":"ListItem","position":2,"name":"Parduotuv\u0117","item":"https:\/\/happyinaknit.com\/lt\/parduotuve\/"},{"@type":"ListItem","position":3,"name":"KnitPro Royale Mediniai Virbalai Su Valu 80 cm"}]},{"@type":"WebSite","@id":"https:\/\/happyinaknit.com\/lt\/#website","url":"https:\/\/happyinaknit.com\/lt\/","name":"Happyinaknit.com","description":"","potentialAction":[{"@type":"SearchAction","target":{"@type":"EntryPoint","urlTemplate":"https:\/\/happyinaknit.com\/lt\/?s={search_term_string}"},"query-input":{"@type":"PropertyValueSpecification","valueRequired":true,"valueName":"search_term_string"}}],"inLanguage":"en-US"}]}},"_links":{"self":[{"href":"https:\/\/happyinaknit.com\/en\/wp-json\/wp\/v2\/product\/6568","targetHints":{"allow":["GET"]}}],"collection":[{"href":"https:\/\/happyinaknit.com\/en\/wp-json\/wp\/v2\/product"}],"about":[{"href":"https:\/\/happyinaknit.com\/en\/wp-json\/wp\/v2\/types\/product"}],"replies":[{"embeddable":true,"href":"https:\/\/happyinaknit.com\/en\/wp-json\/wp\/v2\/comments?post=6568"}],"wp:featuredmedia":[{"embeddable":true,"href":"https:\/\/happyinaknit.com\/en\/wp-json\/wp\/v2\/media\/6570"}],"wp:attachment":[{"href":"https:\/\/happyinaknit.com\/en\/wp-json\/wp\/v2\/media?parent=6568"}],"wp:term":[{"taxonomy":"product_brand","embeddable":true,"href":"https:\/\/happyinaknit.com\/en\/wp-json\/wp\/v2\/product_brand?post=6568"},{"taxonomy":"product_cat","embeddable":true,"href":"https:\/\/happyinaknit.com\/en\/wp-json\/wp\/v2\/product_cat?post=6568"},{"taxonomy":"product_tag","embeddable":true,"href":"https:\/\/happyinaknit.com\/en\/wp-json\/wp\/v2\/product_tag?post=6568"},{"taxonomy":"pro-kategorijos","embeddable":true,"href":"https:\/\/happyinaknit.com\/en\/wp-json\/wp\/v2\/pro-kategorijos?post=6568"}],"curies":[{"name":"wp","href":"https:\/\/api.w.org\/{rel}","templated":true}]}}