{"id":6564,"date":"2025-10-19T15:01:47","date_gmt":"2025-10-19T15:01:47","guid":{"rendered":"https:\/\/happyinaknit.com\/?post_type=product&#038;p=6564"},"modified":"2025-10-28T13:33:03","modified_gmt":"2025-10-28T13:33:03","slug":"knitpro-zing-virbalai-su-valu-60-cm","status":"publish","type":"product","link":"https:\/\/happyinaknit.com\/en\/product\/knitpro-zing-virbalai-su-valu-60-cm\/","title":{"rendered":"KnitPro Zing Circular Knitting Needles 60 cm"},"content":{"rendered":"<p>Spalvingieji KnitPro Zing virbalai su valu \u2013 tai puikus pasirinkimas tiems, kas vertina lengvum\u0105, kokyb\u0119 ir stiling\u0105 dizain\u0105. Pagaminti i\u0161 anoduoto aliuminio, jie yra lengvi, tvirti ir ypa\u010d lyg\u016bs, tod\u0117l si\u016blai slysta be pastang\u0173.<\/p>\n<p>Kiekvienas dydis turi savo unikali\u0105 spalv\u0105, tod\u0117l lengva greitai rasti reikiamus virbalus tarp kit\u0173. Puikiai tinka tiek pradedantiesiems, tiek patyrusiems mezg\u0117jams.<\/p>\n<p>Made in India.<\/p>\n<p><b>Material:<\/b> anodized aluminum<\/p>\n<p><b>Total length:<\/b> 60cm<\/p>\n<p><b>Line:<\/b> flexible plastic line<\/p>\n<p><b>Note:<\/b> Color shades may vary slightly depending on your device&#039;s screen.<\/p>","protected":false},"excerpt":{"rendered":"<p>Spalvingieji KnitPro Zing virbalai su valu \u2013 tai puikus pasirinkimas tiems, kas vertina lengvum\u0105, kokyb\u0119 ir stiling\u0105 dizain\u0105. Pagaminti i\u0161 anoduoto aliuminio, jie yra lengvi, tvirti ir ypa\u010d lyg\u016bs, tod\u0117l si\u016blai slysta be pastang\u0173. Kiekvienas dydis turi savo unikali\u0105 spalv\u0105, tod\u0117l lengva greitai rasti reikiamus virbalus tarp kit\u0173. Puikiai tinka tiek pradedantiesiems, tiek patyrusiems mezg\u0117jams. [&hellip;]<\/p>\n","protected":false},"featured_media":6567,"comment_status":"open","ping_status":"closed","template":"","meta":{"_acf_changed":false},"product_brand":[1069],"product_cat":[15,19,862],"product_tag":[],"pro-kategorijos":[],"class_list":{"0":"post-6564","1":"product","2":"type-product","3":"status-publish","4":"has-post-thumbnail","6":"product_brand-knitpro","7":"product_cat-visi-produktai","8":"product_cat-mezgimo-priemones","9":"product_cat-virbalai-su-valu","11":"first","12":"instock","13":"shipping-taxable","14":"purchasable","15":"product-type-variable"},"acf":[],"yoast_head":"<!-- This site is optimized with the Yoast SEO plugin v26.8 - https:\/\/yoast.com\/product\/yoast-seo-wordpress\/ -->\n<title>KnitPro Zing Virbalai Su Valu 60 cm - Happyinaknit.com<\/title>\n<meta name=\"robots\" content=\"index, follow, max-snippet:-1, max-image-preview:large, max-video-preview:-1\" \/>\n<link rel=\"canonical\" href=\"https:\/\/happyinaknit.com\/en\/product\/knitpro-zing-virbalai-su-valu-60-cm\/\" \/>\n<meta property=\"og:locale\" content=\"en_US\" \/>\n<meta property=\"og:type\" content=\"article\" \/>\n<meta property=\"og:title\" content=\"KnitPro Zing Virbalai Su Valu 60 cm - Happyinaknit.com\" \/>\n<meta property=\"og:description\" content=\"Spalvingieji KnitPro Zing virbalai su valu \u2013 tai puikus pasirinkimas tiems, kas vertina lengvum\u0105, kokyb\u0119 ir stiling\u0105 dizain\u0105. Pagaminti i\u0161 anoduoto aliuminio, jie yra lengvi, tvirti ir ypa\u010d lyg\u016bs, tod\u0117l si\u016blai slysta be pastang\u0173. Kiekvienas dydis turi savo unikali\u0105 spalv\u0105, tod\u0117l lengva greitai rasti reikiamus virbalus tarp kit\u0173. Puikiai tinka tiek pradedantiesiems, tiek patyrusiems mezg\u0117jams. [&hellip;]\" \/>\n<meta property=\"og:url\" content=\"https:\/\/happyinaknit.com\/en\/product\/knitpro-zing-virbalai-su-valu-60-cm\/\" \/>\n<meta property=\"og:site_name\" content=\"Happyinaknit.com\" \/>\n<meta property=\"article:modified_time\" content=\"2025-10-28T13:33:03+00:00\" \/>\n<meta property=\"og:image\" content=\"https:\/\/happyinaknit.com\/wp-content\/uploads\/2025\/10\/s-l400.png\" \/>\n\t<meta property=\"og:image:width\" content=\"400\" \/>\n\t<meta property=\"og:image:height\" content=\"400\" \/>\n\t<meta property=\"og:image:type\" content=\"image\/png\" \/>\n<meta name=\"twitter:card\" content=\"summary_large_image\" \/>\n<script type=\"application\/ld+json\" class=\"yoast-schema-graph\">{\"@context\":\"https:\/\/schema.org\",\"@graph\":[{\"@type\":\"WebPage\",\"@id\":\"https:\/\/happyinaknit.com\/produktas\/knitpro-zing-virbalai-su-valu-60-cm\/\",\"url\":\"https:\/\/happyinaknit.com\/produktas\/knitpro-zing-virbalai-su-valu-60-cm\/\",\"name\":\"KnitPro Zing Virbalai Su Valu 60 cm - Happyinaknit.com\",\"isPartOf\":{\"@id\":\"https:\/\/happyinaknit.com\/lt\/#website\"},\"primaryImageOfPage\":{\"@id\":\"https:\/\/happyinaknit.com\/produktas\/knitpro-zing-virbalai-su-valu-60-cm\/#primaryimage\"},\"image\":{\"@id\":\"https:\/\/happyinaknit.com\/produktas\/knitpro-zing-virbalai-su-valu-60-cm\/#primaryimage\"},\"thumbnailUrl\":\"https:\/\/happyinaknit.com\/wp-content\/uploads\/2025\/10\/s-l400.png\",\"datePublished\":\"2025-10-19T15:01:47+00:00\",\"dateModified\":\"2025-10-28T13:33:03+00:00\",\"breadcrumb\":{\"@id\":\"https:\/\/happyinaknit.com\/produktas\/knitpro-zing-virbalai-su-valu-60-cm\/#breadcrumb\"},\"inLanguage\":\"en-US\",\"potentialAction\":[{\"@type\":\"ReadAction\",\"target\":[\"https:\/\/happyinaknit.com\/produktas\/knitpro-zing-virbalai-su-valu-60-cm\/\"]}]},{\"@type\":\"ImageObject\",\"inLanguage\":\"en-US\",\"@id\":\"https:\/\/happyinaknit.com\/produktas\/knitpro-zing-virbalai-su-valu-60-cm\/#primaryimage\",\"url\":\"https:\/\/happyinaknit.com\/wp-content\/uploads\/2025\/10\/s-l400.png\",\"contentUrl\":\"https:\/\/happyinaknit.com\/wp-content\/uploads\/2025\/10\/s-l400.png\",\"width\":400,\"height\":400},{\"@type\":\"BreadcrumbList\",\"@id\":\"https:\/\/happyinaknit.com\/produktas\/knitpro-zing-virbalai-su-valu-60-cm\/#breadcrumb\",\"itemListElement\":[{\"@type\":\"ListItem\",\"position\":1,\"name\":\"Home\",\"item\":\"https:\/\/happyinaknit.com\/lt\/\"},{\"@type\":\"ListItem\",\"position\":2,\"name\":\"Parduotuv\u0117\",\"item\":\"https:\/\/happyinaknit.com\/lt\/parduotuve\/\"},{\"@type\":\"ListItem\",\"position\":3,\"name\":\"KnitPro Zing Virbalai Su Valu 60 cm\"}]},{\"@type\":\"WebSite\",\"@id\":\"https:\/\/happyinaknit.com\/lt\/#website\",\"url\":\"https:\/\/happyinaknit.com\/lt\/\",\"name\":\"Happyinaknit.com\",\"description\":\"\",\"potentialAction\":[{\"@type\":\"SearchAction\",\"target\":{\"@type\":\"EntryPoint\",\"urlTemplate\":\"https:\/\/happyinaknit.com\/lt\/?s={search_term_string}\"},\"query-input\":{\"@type\":\"PropertyValueSpecification\",\"valueRequired\":true,\"valueName\":\"search_term_string\"}}],\"inLanguage\":\"en-US\"}]}<\/script>\n<!-- \/ Yoast SEO plugin. -->","yoast_head_json":{"title":"KnitPro Zing Virbalai Su Valu 60 cm - Happyinaknit.com","robots":{"index":"index","follow":"follow","max-snippet":"max-snippet:-1","max-image-preview":"max-image-preview:large","max-video-preview":"max-video-preview:-1"},"canonical":"https:\/\/happyinaknit.com\/en\/product\/knitpro-zing-virbalai-su-valu-60-cm\/","og_locale":"en_US","og_type":"article","og_title":"KnitPro Zing Virbalai Su Valu 60 cm - Happyinaknit.com","og_description":"Spalvingieji KnitPro Zing virbalai su valu \u2013 tai puikus pasirinkimas tiems, kas vertina lengvum\u0105, kokyb\u0119 ir stiling\u0105 dizain\u0105. Pagaminti i\u0161 anoduoto aliuminio, jie yra lengvi, tvirti ir ypa\u010d lyg\u016bs, tod\u0117l si\u016blai slysta be pastang\u0173. Kiekvienas dydis turi savo unikali\u0105 spalv\u0105, tod\u0117l lengva greitai rasti reikiamus virbalus tarp kit\u0173. Puikiai tinka tiek pradedantiesiems, tiek patyrusiems mezg\u0117jams. [&hellip;]","og_url":"https:\/\/happyinaknit.com\/en\/product\/knitpro-zing-virbalai-su-valu-60-cm\/","og_site_name":"Happyinaknit.com","article_modified_time":"2025-10-28T13:33:03+00:00","og_image":[{"width":400,"height":400,"url":"https:\/\/happyinaknit.com\/wp-content\/uploads\/2025\/10\/s-l400.png","type":"image\/png"}],"twitter_card":"summary_large_image","schema":{"@context":"https:\/\/schema.org","@graph":[{"@type":"WebPage","@id":"https:\/\/happyinaknit.com\/produktas\/knitpro-zing-virbalai-su-valu-60-cm\/","url":"https:\/\/happyinaknit.com\/produktas\/knitpro-zing-virbalai-su-valu-60-cm\/","name":"KnitPro Zing Virbalai Su Valu 60 cm - Happyinaknit.com","isPartOf":{"@id":"https:\/\/happyinaknit.com\/lt\/#website"},"primaryImageOfPage":{"@id":"https:\/\/happyinaknit.com\/produktas\/knitpro-zing-virbalai-su-valu-60-cm\/#primaryimage"},"image":{"@id":"https:\/\/happyinaknit.com\/produktas\/knitpro-zing-virbalai-su-valu-60-cm\/#primaryimage"},"thumbnailUrl":"https:\/\/happyinaknit.com\/wp-content\/uploads\/2025\/10\/s-l400.png","datePublished":"2025-10-19T15:01:47+00:00","dateModified":"2025-10-28T13:33:03+00:00","breadcrumb":{"@id":"https:\/\/happyinaknit.com\/produktas\/knitpro-zing-virbalai-su-valu-60-cm\/#breadcrumb"},"inLanguage":"en-US","potentialAction":[{"@type":"ReadAction","target":["https:\/\/happyinaknit.com\/produktas\/knitpro-zing-virbalai-su-valu-60-cm\/"]}]},{"@type":"ImageObject","inLanguage":"en-US","@id":"https:\/\/happyinaknit.com\/produktas\/knitpro-zing-virbalai-su-valu-60-cm\/#primaryimage","url":"https:\/\/happyinaknit.com\/wp-content\/uploads\/2025\/10\/s-l400.png","contentUrl":"https:\/\/happyinaknit.com\/wp-content\/uploads\/2025\/10\/s-l400.png","width":400,"height":400},{"@type":"BreadcrumbList","@id":"https:\/\/happyinaknit.com\/produktas\/knitpro-zing-virbalai-su-valu-60-cm\/#breadcrumb","itemListElement":[{"@type":"ListItem","position":1,"name":"Home","item":"https:\/\/happyinaknit.com\/lt\/"},{"@type":"ListItem","position":2,"name":"Parduotuv\u0117","item":"https:\/\/happyinaknit.com\/lt\/parduotuve\/"},{"@type":"ListItem","position":3,"name":"KnitPro Zing Virbalai Su Valu 60 cm"}]},{"@type":"WebSite","@id":"https:\/\/happyinaknit.com\/lt\/#website","url":"https:\/\/happyinaknit.com\/lt\/","name":"Happyinaknit.com","description":"","potentialAction":[{"@type":"SearchAction","target":{"@type":"EntryPoint","urlTemplate":"https:\/\/happyinaknit.com\/lt\/?s={search_term_string}"},"query-input":{"@type":"PropertyValueSpecification","valueRequired":true,"valueName":"search_term_string"}}],"inLanguage":"en-US"}]}},"_links":{"self":[{"href":"https:\/\/happyinaknit.com\/en\/wp-json\/wp\/v2\/product\/6564","targetHints":{"allow":["GET"]}}],"collection":[{"href":"https:\/\/happyinaknit.com\/en\/wp-json\/wp\/v2\/product"}],"about":[{"href":"https:\/\/happyinaknit.com\/en\/wp-json\/wp\/v2\/types\/product"}],"replies":[{"embeddable":true,"href":"https:\/\/happyinaknit.com\/en\/wp-json\/wp\/v2\/comments?post=6564"}],"wp:featuredmedia":[{"embeddable":true,"href":"https:\/\/happyinaknit.com\/en\/wp-json\/wp\/v2\/media\/6567"}],"wp:attachment":[{"href":"https:\/\/happyinaknit.com\/en\/wp-json\/wp\/v2\/media?parent=6564"}],"wp:term":[{"taxonomy":"product_brand","embeddable":true,"href":"https:\/\/happyinaknit.com\/en\/wp-json\/wp\/v2\/product_brand?post=6564"},{"taxonomy":"product_cat","embeddable":true,"href":"https:\/\/happyinaknit.com\/en\/wp-json\/wp\/v2\/product_cat?post=6564"},{"taxonomy":"product_tag","embeddable":true,"href":"https:\/\/happyinaknit.com\/en\/wp-json\/wp\/v2\/product_tag?post=6564"},{"taxonomy":"pro-kategorijos","embeddable":true,"href":"https:\/\/happyinaknit.com\/en\/wp-json\/wp\/v2\/pro-kategorijos?post=6564"}],"curies":[{"name":"wp","href":"https:\/\/api.w.org\/{rel}","templated":true}]}}