{"id":6561,"date":"2025-10-19T14:57:38","date_gmt":"2025-10-19T14:57:38","guid":{"rendered":"https:\/\/happyinaknit.com\/?post_type=product&#038;p=6561"},"modified":"2025-10-19T14:57:39","modified_gmt":"2025-10-19T14:57:39","slug":"knitpro-smartstix-aliumininiai-virbalai-su-valu-80-cm","status":"publish","type":"product","link":"https:\/\/happyinaknit.com\/en\/product\/knitpro-smartstix-aliumininiai-virbalai-su-valu-80-cm\/","title":{"rendered":"KnitPro SmartStix Aluminum Circular Knitting Needles  80 cm"},"content":{"rendered":"<p>The Ingenious <b>KnitPro SmartStix<\/b> needles with a line \u2013 a knitting tool and ruler in one! The needles and line are marked <b>measuring tape every 2 cm<\/b>, so you can easily measure your knitwear while you work - without any additional tools.<\/p>\n<p>Made of <b>high quality aluminum<\/b>, these needles are <b>light, strong<\/b> and have <b>especially smooth surface<\/b>, allowing the yarn to glide smoothly. Perfect for both beginners and experienced knitters who value functionality and precision.<\/p>\n<p>Made in India.<\/p>\n<p><b>Material:<\/b> aluminum<\/p>\n<p><b>Features:<\/b><b><\/b><\/p>\n<p>\u2022marked gauge every 2 cm (on rods and line)<\/p>\n<p>\u2022lightweight and durable<\/p>\n<p>\u2022smooth surface<\/p>\n<p>\u2022bright, modern design<\/p>\n<p><b>Line:<\/b> flexible plastic line<\/p>\n<p><b>Suitable for:<\/b> for all knitting projects when you want to measure as you go<\/p>\n<p><b>Note:<\/b> Color shades may vary slightly depending on your device&#039;s screen.<\/p>","protected":false},"excerpt":{"rendered":"<p>I\u0161radingieji KnitPro SmartStix virbalai su valu \u2013 tai mezgimo \u012frankis ir liniuot\u0117 viename! Ant virbal\u0173 ir valo pa\u017eym\u0117ta matuokl\u0117 kas 2 cm, tod\u0117l galite lengvai matuoti mezgin\u012f tiesiog darbo metu \u2013 be papildom\u0173 priemoni\u0173. Pagaminti i\u0161 auk\u0161tos kokyb\u0117s aliuminio, \u0161ie virbalai yra lengvi, tvirti ir turi ypa\u010d lyg\u0173 pavir\u0161i\u0173, leid\u017eiant\u012f si\u016blams slysti tolygiai. Puikiai tinka [&hellip;]<\/p>\n","protected":false},"featured_media":6562,"comment_status":"open","ping_status":"closed","template":"","meta":{"_acf_changed":false},"product_brand":[1069],"product_cat":[15,19,862],"product_tag":[],"pro-kategorijos":[],"class_list":{"0":"post-6561","1":"product","2":"type-product","3":"status-publish","4":"has-post-thumbnail","6":"product_brand-knitpro","7":"product_cat-visi-produktai","8":"product_cat-mezgimo-priemones","9":"product_cat-virbalai-su-valu","11":"first","12":"instock","13":"shipping-taxable","14":"purchasable","15":"product-type-variable"},"acf":[],"yoast_head":"<!-- This site is optimized with the Yoast SEO plugin v26.8 - https:\/\/yoast.com\/product\/yoast-seo-wordpress\/ -->\n<title>KnitPro SmartStix Aliumininiai Virbalai Su Valu 80 cm - Happyinaknit.com<\/title>\n<meta name=\"robots\" content=\"index, follow, max-snippet:-1, max-image-preview:large, max-video-preview:-1\" \/>\n<link rel=\"canonical\" href=\"https:\/\/happyinaknit.com\/en\/product\/knitpro-smartstix-aliumininiai-virbalai-su-valu-80-cm\/\" \/>\n<meta property=\"og:locale\" content=\"en_US\" \/>\n<meta property=\"og:type\" content=\"article\" \/>\n<meta property=\"og:title\" content=\"KnitPro SmartStix Aliumininiai Virbalai Su Valu 80 cm - Happyinaknit.com\" \/>\n<meta property=\"og:description\" content=\"I\u0161radingieji KnitPro SmartStix virbalai su valu \u2013 tai mezgimo \u012frankis ir liniuot\u0117 viename! Ant virbal\u0173 ir valo pa\u017eym\u0117ta matuokl\u0117 kas 2 cm, tod\u0117l galite lengvai matuoti mezgin\u012f tiesiog darbo metu \u2013 be papildom\u0173 priemoni\u0173. Pagaminti i\u0161 auk\u0161tos kokyb\u0117s aliuminio, \u0161ie virbalai yra lengvi, tvirti ir turi ypa\u010d lyg\u0173 pavir\u0161i\u0173, leid\u017eiant\u012f si\u016blams slysti tolygiai. Puikiai tinka [&hellip;]\" \/>\n<meta property=\"og:url\" content=\"https:\/\/happyinaknit.com\/en\/product\/knitpro-smartstix-aliumininiai-virbalai-su-valu-80-cm\/\" \/>\n<meta property=\"og:site_name\" content=\"Happyinaknit.com\" \/>\n<meta property=\"article:modified_time\" content=\"2025-10-19T14:57:39+00:00\" \/>\n<meta property=\"og:image\" content=\"https:\/\/happyinaknit.com\/wp-content\/uploads\/2025\/10\/knitpro-smartstix-rundstricknadel-80cm-4187_0.jpg\" \/>\n\t<meta property=\"og:image:width\" content=\"650\" \/>\n\t<meta property=\"og:image:height\" content=\"650\" \/>\n\t<meta property=\"og:image:type\" content=\"image\/jpeg\" \/>\n<meta name=\"twitter:card\" content=\"summary_large_image\" \/>\n<meta name=\"twitter:label1\" content=\"Est. reading time\" \/>\n\t<meta name=\"twitter:data1\" content=\"1 minute\" \/>\n<script type=\"application\/ld+json\" class=\"yoast-schema-graph\">{\"@context\":\"https:\/\/schema.org\",\"@graph\":[{\"@type\":\"WebPage\",\"@id\":\"https:\/\/happyinaknit.com\/produktas\/knitpro-smartstix-aliumininiai-virbalai-su-valu-80-cm\/\",\"url\":\"https:\/\/happyinaknit.com\/produktas\/knitpro-smartstix-aliumininiai-virbalai-su-valu-80-cm\/\",\"name\":\"KnitPro SmartStix Aliumininiai Virbalai Su Valu 80 cm - Happyinaknit.com\",\"isPartOf\":{\"@id\":\"https:\/\/happyinaknit.com\/lt\/#website\"},\"primaryImageOfPage\":{\"@id\":\"https:\/\/happyinaknit.com\/produktas\/knitpro-smartstix-aliumininiai-virbalai-su-valu-80-cm\/#primaryimage\"},\"image\":{\"@id\":\"https:\/\/happyinaknit.com\/produktas\/knitpro-smartstix-aliumininiai-virbalai-su-valu-80-cm\/#primaryimage\"},\"thumbnailUrl\":\"https:\/\/happyinaknit.com\/wp-content\/uploads\/2025\/10\/knitpro-smartstix-rundstricknadel-80cm-4187_0.jpg\",\"datePublished\":\"2025-10-19T14:57:38+00:00\",\"dateModified\":\"2025-10-19T14:57:39+00:00\",\"breadcrumb\":{\"@id\":\"https:\/\/happyinaknit.com\/produktas\/knitpro-smartstix-aliumininiai-virbalai-su-valu-80-cm\/#breadcrumb\"},\"inLanguage\":\"en-US\",\"potentialAction\":[{\"@type\":\"ReadAction\",\"target\":[\"https:\/\/happyinaknit.com\/produktas\/knitpro-smartstix-aliumininiai-virbalai-su-valu-80-cm\/\"]}]},{\"@type\":\"ImageObject\",\"inLanguage\":\"en-US\",\"@id\":\"https:\/\/happyinaknit.com\/produktas\/knitpro-smartstix-aliumininiai-virbalai-su-valu-80-cm\/#primaryimage\",\"url\":\"https:\/\/happyinaknit.com\/wp-content\/uploads\/2025\/10\/knitpro-smartstix-rundstricknadel-80cm-4187_0.jpg\",\"contentUrl\":\"https:\/\/happyinaknit.com\/wp-content\/uploads\/2025\/10\/knitpro-smartstix-rundstricknadel-80cm-4187_0.jpg\",\"width\":650,\"height\":650},{\"@type\":\"BreadcrumbList\",\"@id\":\"https:\/\/happyinaknit.com\/produktas\/knitpro-smartstix-aliumininiai-virbalai-su-valu-80-cm\/#breadcrumb\",\"itemListElement\":[{\"@type\":\"ListItem\",\"position\":1,\"name\":\"Home\",\"item\":\"https:\/\/happyinaknit.com\/lt\/\"},{\"@type\":\"ListItem\",\"position\":2,\"name\":\"Parduotuv\u0117\",\"item\":\"https:\/\/happyinaknit.com\/lt\/parduotuve\/\"},{\"@type\":\"ListItem\",\"position\":3,\"name\":\"KnitPro SmartStix Aliumininiai Virbalai Su Valu 80 cm\"}]},{\"@type\":\"WebSite\",\"@id\":\"https:\/\/happyinaknit.com\/lt\/#website\",\"url\":\"https:\/\/happyinaknit.com\/lt\/\",\"name\":\"Happyinaknit.com\",\"description\":\"\",\"potentialAction\":[{\"@type\":\"SearchAction\",\"target\":{\"@type\":\"EntryPoint\",\"urlTemplate\":\"https:\/\/happyinaknit.com\/lt\/?s={search_term_string}\"},\"query-input\":{\"@type\":\"PropertyValueSpecification\",\"valueRequired\":true,\"valueName\":\"search_term_string\"}}],\"inLanguage\":\"en-US\"}]}<\/script>\n<!-- \/ Yoast SEO plugin. -->","yoast_head_json":{"title":"KnitPro SmartStix Aliumininiai Virbalai Su Valu 80 cm - Happyinaknit.com","robots":{"index":"index","follow":"follow","max-snippet":"max-snippet:-1","max-image-preview":"max-image-preview:large","max-video-preview":"max-video-preview:-1"},"canonical":"https:\/\/happyinaknit.com\/en\/product\/knitpro-smartstix-aliumininiai-virbalai-su-valu-80-cm\/","og_locale":"en_US","og_type":"article","og_title":"KnitPro SmartStix Aliumininiai Virbalai Su Valu 80 cm - Happyinaknit.com","og_description":"I\u0161radingieji KnitPro SmartStix virbalai su valu \u2013 tai mezgimo \u012frankis ir liniuot\u0117 viename! Ant virbal\u0173 ir valo pa\u017eym\u0117ta matuokl\u0117 kas 2 cm, tod\u0117l galite lengvai matuoti mezgin\u012f tiesiog darbo metu \u2013 be papildom\u0173 priemoni\u0173. Pagaminti i\u0161 auk\u0161tos kokyb\u0117s aliuminio, \u0161ie virbalai yra lengvi, tvirti ir turi ypa\u010d lyg\u0173 pavir\u0161i\u0173, leid\u017eiant\u012f si\u016blams slysti tolygiai. Puikiai tinka [&hellip;]","og_url":"https:\/\/happyinaknit.com\/en\/product\/knitpro-smartstix-aliumininiai-virbalai-su-valu-80-cm\/","og_site_name":"Happyinaknit.com","article_modified_time":"2025-10-19T14:57:39+00:00","og_image":[{"width":650,"height":650,"url":"https:\/\/happyinaknit.com\/wp-content\/uploads\/2025\/10\/knitpro-smartstix-rundstricknadel-80cm-4187_0.jpg","type":"image\/jpeg"}],"twitter_card":"summary_large_image","twitter_misc":{"Est. reading time":"1 minute"},"schema":{"@context":"https:\/\/schema.org","@graph":[{"@type":"WebPage","@id":"https:\/\/happyinaknit.com\/produktas\/knitpro-smartstix-aliumininiai-virbalai-su-valu-80-cm\/","url":"https:\/\/happyinaknit.com\/produktas\/knitpro-smartstix-aliumininiai-virbalai-su-valu-80-cm\/","name":"KnitPro SmartStix Aliumininiai Virbalai Su Valu 80 cm - Happyinaknit.com","isPartOf":{"@id":"https:\/\/happyinaknit.com\/lt\/#website"},"primaryImageOfPage":{"@id":"https:\/\/happyinaknit.com\/produktas\/knitpro-smartstix-aliumininiai-virbalai-su-valu-80-cm\/#primaryimage"},"image":{"@id":"https:\/\/happyinaknit.com\/produktas\/knitpro-smartstix-aliumininiai-virbalai-su-valu-80-cm\/#primaryimage"},"thumbnailUrl":"https:\/\/happyinaknit.com\/wp-content\/uploads\/2025\/10\/knitpro-smartstix-rundstricknadel-80cm-4187_0.jpg","datePublished":"2025-10-19T14:57:38+00:00","dateModified":"2025-10-19T14:57:39+00:00","breadcrumb":{"@id":"https:\/\/happyinaknit.com\/produktas\/knitpro-smartstix-aliumininiai-virbalai-su-valu-80-cm\/#breadcrumb"},"inLanguage":"en-US","potentialAction":[{"@type":"ReadAction","target":["https:\/\/happyinaknit.com\/produktas\/knitpro-smartstix-aliumininiai-virbalai-su-valu-80-cm\/"]}]},{"@type":"ImageObject","inLanguage":"en-US","@id":"https:\/\/happyinaknit.com\/produktas\/knitpro-smartstix-aliumininiai-virbalai-su-valu-80-cm\/#primaryimage","url":"https:\/\/happyinaknit.com\/wp-content\/uploads\/2025\/10\/knitpro-smartstix-rundstricknadel-80cm-4187_0.jpg","contentUrl":"https:\/\/happyinaknit.com\/wp-content\/uploads\/2025\/10\/knitpro-smartstix-rundstricknadel-80cm-4187_0.jpg","width":650,"height":650},{"@type":"BreadcrumbList","@id":"https:\/\/happyinaknit.com\/produktas\/knitpro-smartstix-aliumininiai-virbalai-su-valu-80-cm\/#breadcrumb","itemListElement":[{"@type":"ListItem","position":1,"name":"Home","item":"https:\/\/happyinaknit.com\/lt\/"},{"@type":"ListItem","position":2,"name":"Parduotuv\u0117","item":"https:\/\/happyinaknit.com\/lt\/parduotuve\/"},{"@type":"ListItem","position":3,"name":"KnitPro SmartStix Aliumininiai Virbalai Su Valu 80 cm"}]},{"@type":"WebSite","@id":"https:\/\/happyinaknit.com\/lt\/#website","url":"https:\/\/happyinaknit.com\/lt\/","name":"Happyinaknit.com","description":"","potentialAction":[{"@type":"SearchAction","target":{"@type":"EntryPoint","urlTemplate":"https:\/\/happyinaknit.com\/lt\/?s={search_term_string}"},"query-input":{"@type":"PropertyValueSpecification","valueRequired":true,"valueName":"search_term_string"}}],"inLanguage":"en-US"}]}},"_links":{"self":[{"href":"https:\/\/happyinaknit.com\/en\/wp-json\/wp\/v2\/product\/6561","targetHints":{"allow":["GET"]}}],"collection":[{"href":"https:\/\/happyinaknit.com\/en\/wp-json\/wp\/v2\/product"}],"about":[{"href":"https:\/\/happyinaknit.com\/en\/wp-json\/wp\/v2\/types\/product"}],"replies":[{"embeddable":true,"href":"https:\/\/happyinaknit.com\/en\/wp-json\/wp\/v2\/comments?post=6561"}],"wp:featuredmedia":[{"embeddable":true,"href":"https:\/\/happyinaknit.com\/en\/wp-json\/wp\/v2\/media\/6562"}],"wp:attachment":[{"href":"https:\/\/happyinaknit.com\/en\/wp-json\/wp\/v2\/media?parent=6561"}],"wp:term":[{"taxonomy":"product_brand","embeddable":true,"href":"https:\/\/happyinaknit.com\/en\/wp-json\/wp\/v2\/product_brand?post=6561"},{"taxonomy":"product_cat","embeddable":true,"href":"https:\/\/happyinaknit.com\/en\/wp-json\/wp\/v2\/product_cat?post=6561"},{"taxonomy":"product_tag","embeddable":true,"href":"https:\/\/happyinaknit.com\/en\/wp-json\/wp\/v2\/product_tag?post=6561"},{"taxonomy":"pro-kategorijos","embeddable":true,"href":"https:\/\/happyinaknit.com\/en\/wp-json\/wp\/v2\/pro-kategorijos?post=6561"}],"curies":[{"name":"wp","href":"https:\/\/api.w.org\/{rel}","templated":true}]}}