{"id":6553,"date":"2025-10-19T14:54:27","date_gmt":"2025-10-19T14:54:27","guid":{"rendered":"https:\/\/happyinaknit.com\/?post_type=product&#038;p=6553"},"modified":"2026-03-21T21:49:11","modified_gmt":"2026-03-21T21:49:11","slug":"knitpro-symfonie-mediniai-virbalai-su-valu-80-cm","status":"publish","type":"product","link":"https:\/\/happyinaknit.com\/en\/product\/knitpro-symfonie-mediniai-virbalai-su-valu-80-cm\/","title":{"rendered":"KnitPro Symfonie Wooden Circular Knitting Needles  80 cm"},"content":{"rendered":"<p>Classic <b>KnitPro Symphony<\/b> Wooden rods with a line are a combination of comfort, aesthetics and quality. Made of <b>birch wood<\/b>, they are warm, light and pleasant to the hand, and the carefully polished surface allows the threads to slide smoothly without resistance.<\/p>\n<p>These needles are ideal for knitting <b>sweaters, shawls, scarves or other medium-sized projects<\/b>.<\/p>\n<p>Made in India.<\/p>\n<p><b>Material:<\/b> birch<\/p>\n<p><b>Total length:<\/b> 80cm<\/p>\n<p><b>Line:<\/b> flexible plastic line<\/p>\n<p><b>Note:<\/b> Color shades may vary slightly depending on your device&#039;s screen.<\/p>","protected":false},"excerpt":{"rendered":"<p>Klasikiniai KnitPro Symfonie mediniai virbalai su valu \u2013 tai komforto, estetikos ir kokyb\u0117s derinys. Pagaminti i\u0161 ber\u017eo medienos, jie yra \u0161ilti, lengvi ir malon\u016bs rankai, o kruop\u0161\u010diai nu\u0161lifuotas pavir\u0161ius leid\u017eia si\u016blams skland\u017eiai slysti be pasiprie\u0161inimo. \u0160ie virbalai idealiai tinka mezgant megztinius, skaras, \u0161alikus ar kitus vidutinio dyd\u017eio projektus. Pagaminta Indijoje. Med\u017eiaga: ber\u017eas Bendras ilgis: 80 [&hellip;]<\/p>\n","protected":false},"featured_media":6537,"comment_status":"open","ping_status":"closed","template":"","meta":{"_acf_changed":false},"product_brand":[1069],"product_cat":[15,19,862],"product_tag":[],"pro-kategorijos":[],"class_list":{"0":"post-6553","1":"product","2":"type-product","3":"status-publish","4":"has-post-thumbnail","6":"product_brand-knitpro","7":"product_cat-visi-produktai","8":"product_cat-mezgimo-priemones","9":"product_cat-virbalai-su-valu","11":"first","12":"instock","13":"shipping-taxable","14":"purchasable","15":"product-type-variable"},"acf":[],"yoast_head":"<!-- This site is optimized with the Yoast SEO plugin v26.8 - https:\/\/yoast.com\/product\/yoast-seo-wordpress\/ -->\n<title>KnitPro Symfonie Mediniai Virbalai Su Valu 80 cm - Happyinaknit.com<\/title>\n<meta name=\"robots\" content=\"index, follow, max-snippet:-1, max-image-preview:large, max-video-preview:-1\" \/>\n<link rel=\"canonical\" href=\"https:\/\/happyinaknit.com\/en\/product\/knitpro-symfonie-mediniai-virbalai-su-valu-80-cm\/\" \/>\n<meta property=\"og:locale\" content=\"en_US\" \/>\n<meta property=\"og:type\" content=\"article\" \/>\n<meta property=\"og:title\" content=\"KnitPro Symfonie Mediniai Virbalai Su Valu 80 cm - Happyinaknit.com\" \/>\n<meta property=\"og:description\" content=\"Klasikiniai KnitPro Symfonie mediniai virbalai su valu \u2013 tai komforto, estetikos ir kokyb\u0117s derinys. Pagaminti i\u0161 ber\u017eo medienos, jie yra \u0161ilti, lengvi ir malon\u016bs rankai, o kruop\u0161\u010diai nu\u0161lifuotas pavir\u0161ius leid\u017eia si\u016blams skland\u017eiai slysti be pasiprie\u0161inimo. \u0160ie virbalai idealiai tinka mezgant megztinius, skaras, \u0161alikus ar kitus vidutinio dyd\u017eio projektus. Pagaminta Indijoje. Med\u017eiaga: ber\u017eas Bendras ilgis: 80 [&hellip;]\" \/>\n<meta property=\"og:url\" content=\"https:\/\/happyinaknit.com\/en\/product\/knitpro-symfonie-mediniai-virbalai-su-valu-80-cm\/\" \/>\n<meta property=\"og:site_name\" content=\"Happyinaknit.com\" \/>\n<meta property=\"article:modified_time\" content=\"2026-03-21T21:49:11+00:00\" \/>\n<meta property=\"og:image\" content=\"https:\/\/happyinaknit.com\/wp-content\/uploads\/2025\/10\/233914369-scaled.webp\" \/>\n\t<meta property=\"og:image:width\" content=\"2560\" \/>\n\t<meta property=\"og:image:height\" content=\"2560\" \/>\n\t<meta property=\"og:image:type\" content=\"image\/webp\" \/>\n<meta name=\"twitter:card\" content=\"summary_large_image\" \/>\n<script type=\"application\/ld+json\" class=\"yoast-schema-graph\">{\"@context\":\"https:\/\/schema.org\",\"@graph\":[{\"@type\":\"WebPage\",\"@id\":\"https:\/\/happyinaknit.com\/produktas\/knitpro-symfonie-mediniai-virbalai-su-valu-80-cm\/\",\"url\":\"https:\/\/happyinaknit.com\/produktas\/knitpro-symfonie-mediniai-virbalai-su-valu-80-cm\/\",\"name\":\"KnitPro Symfonie Mediniai Virbalai Su Valu 80 cm - Happyinaknit.com\",\"isPartOf\":{\"@id\":\"https:\/\/happyinaknit.com\/lt\/#website\"},\"primaryImageOfPage\":{\"@id\":\"https:\/\/happyinaknit.com\/produktas\/knitpro-symfonie-mediniai-virbalai-su-valu-80-cm\/#primaryimage\"},\"image\":{\"@id\":\"https:\/\/happyinaknit.com\/produktas\/knitpro-symfonie-mediniai-virbalai-su-valu-80-cm\/#primaryimage\"},\"thumbnailUrl\":\"https:\/\/happyinaknit.com\/wp-content\/uploads\/2025\/10\/233914369-scaled.webp\",\"datePublished\":\"2025-10-19T14:54:27+00:00\",\"dateModified\":\"2026-03-21T21:49:11+00:00\",\"breadcrumb\":{\"@id\":\"https:\/\/happyinaknit.com\/produktas\/knitpro-symfonie-mediniai-virbalai-su-valu-80-cm\/#breadcrumb\"},\"inLanguage\":\"en-US\",\"potentialAction\":[{\"@type\":\"ReadAction\",\"target\":[\"https:\/\/happyinaknit.com\/produktas\/knitpro-symfonie-mediniai-virbalai-su-valu-80-cm\/\"]}]},{\"@type\":\"ImageObject\",\"inLanguage\":\"en-US\",\"@id\":\"https:\/\/happyinaknit.com\/produktas\/knitpro-symfonie-mediniai-virbalai-su-valu-80-cm\/#primaryimage\",\"url\":\"https:\/\/happyinaknit.com\/wp-content\/uploads\/2025\/10\/233914369-scaled.webp\",\"contentUrl\":\"https:\/\/happyinaknit.com\/wp-content\/uploads\/2025\/10\/233914369-scaled.webp\",\"width\":2560,\"height\":2560},{\"@type\":\"BreadcrumbList\",\"@id\":\"https:\/\/happyinaknit.com\/produktas\/knitpro-symfonie-mediniai-virbalai-su-valu-80-cm\/#breadcrumb\",\"itemListElement\":[{\"@type\":\"ListItem\",\"position\":1,\"name\":\"Home\",\"item\":\"https:\/\/happyinaknit.com\/lt\/\"},{\"@type\":\"ListItem\",\"position\":2,\"name\":\"Parduotuv\u0117\",\"item\":\"https:\/\/happyinaknit.com\/lt\/parduotuve\/\"},{\"@type\":\"ListItem\",\"position\":3,\"name\":\"KnitPro Symfonie Mediniai Virbalai Su Valu 80 cm\"}]},{\"@type\":\"WebSite\",\"@id\":\"https:\/\/happyinaknit.com\/lt\/#website\",\"url\":\"https:\/\/happyinaknit.com\/lt\/\",\"name\":\"Happyinaknit.com\",\"description\":\"\",\"potentialAction\":[{\"@type\":\"SearchAction\",\"target\":{\"@type\":\"EntryPoint\",\"urlTemplate\":\"https:\/\/happyinaknit.com\/lt\/?s={search_term_string}\"},\"query-input\":{\"@type\":\"PropertyValueSpecification\",\"valueRequired\":true,\"valueName\":\"search_term_string\"}}],\"inLanguage\":\"en-US\"}]}<\/script>\n<!-- \/ Yoast SEO plugin. -->","yoast_head_json":{"title":"KnitPro Symfonie Mediniai Virbalai Su Valu 80 cm - Happyinaknit.com","robots":{"index":"index","follow":"follow","max-snippet":"max-snippet:-1","max-image-preview":"max-image-preview:large","max-video-preview":"max-video-preview:-1"},"canonical":"https:\/\/happyinaknit.com\/en\/product\/knitpro-symfonie-mediniai-virbalai-su-valu-80-cm\/","og_locale":"en_US","og_type":"article","og_title":"KnitPro Symfonie Mediniai Virbalai Su Valu 80 cm - Happyinaknit.com","og_description":"Klasikiniai KnitPro Symfonie mediniai virbalai su valu \u2013 tai komforto, estetikos ir kokyb\u0117s derinys. Pagaminti i\u0161 ber\u017eo medienos, jie yra \u0161ilti, lengvi ir malon\u016bs rankai, o kruop\u0161\u010diai nu\u0161lifuotas pavir\u0161ius leid\u017eia si\u016blams skland\u017eiai slysti be pasiprie\u0161inimo. \u0160ie virbalai idealiai tinka mezgant megztinius, skaras, \u0161alikus ar kitus vidutinio dyd\u017eio projektus. Pagaminta Indijoje. Med\u017eiaga: ber\u017eas Bendras ilgis: 80 [&hellip;]","og_url":"https:\/\/happyinaknit.com\/en\/product\/knitpro-symfonie-mediniai-virbalai-su-valu-80-cm\/","og_site_name":"Happyinaknit.com","article_modified_time":"2026-03-21T21:49:11+00:00","og_image":[{"width":2560,"height":2560,"url":"https:\/\/happyinaknit.com\/wp-content\/uploads\/2025\/10\/233914369-scaled.webp","type":"image\/webp"}],"twitter_card":"summary_large_image","schema":{"@context":"https:\/\/schema.org","@graph":[{"@type":"WebPage","@id":"https:\/\/happyinaknit.com\/produktas\/knitpro-symfonie-mediniai-virbalai-su-valu-80-cm\/","url":"https:\/\/happyinaknit.com\/produktas\/knitpro-symfonie-mediniai-virbalai-su-valu-80-cm\/","name":"KnitPro Symfonie Mediniai Virbalai Su Valu 80 cm - Happyinaknit.com","isPartOf":{"@id":"https:\/\/happyinaknit.com\/lt\/#website"},"primaryImageOfPage":{"@id":"https:\/\/happyinaknit.com\/produktas\/knitpro-symfonie-mediniai-virbalai-su-valu-80-cm\/#primaryimage"},"image":{"@id":"https:\/\/happyinaknit.com\/produktas\/knitpro-symfonie-mediniai-virbalai-su-valu-80-cm\/#primaryimage"},"thumbnailUrl":"https:\/\/happyinaknit.com\/wp-content\/uploads\/2025\/10\/233914369-scaled.webp","datePublished":"2025-10-19T14:54:27+00:00","dateModified":"2026-03-21T21:49:11+00:00","breadcrumb":{"@id":"https:\/\/happyinaknit.com\/produktas\/knitpro-symfonie-mediniai-virbalai-su-valu-80-cm\/#breadcrumb"},"inLanguage":"en-US","potentialAction":[{"@type":"ReadAction","target":["https:\/\/happyinaknit.com\/produktas\/knitpro-symfonie-mediniai-virbalai-su-valu-80-cm\/"]}]},{"@type":"ImageObject","inLanguage":"en-US","@id":"https:\/\/happyinaknit.com\/produktas\/knitpro-symfonie-mediniai-virbalai-su-valu-80-cm\/#primaryimage","url":"https:\/\/happyinaknit.com\/wp-content\/uploads\/2025\/10\/233914369-scaled.webp","contentUrl":"https:\/\/happyinaknit.com\/wp-content\/uploads\/2025\/10\/233914369-scaled.webp","width":2560,"height":2560},{"@type":"BreadcrumbList","@id":"https:\/\/happyinaknit.com\/produktas\/knitpro-symfonie-mediniai-virbalai-su-valu-80-cm\/#breadcrumb","itemListElement":[{"@type":"ListItem","position":1,"name":"Home","item":"https:\/\/happyinaknit.com\/lt\/"},{"@type":"ListItem","position":2,"name":"Parduotuv\u0117","item":"https:\/\/happyinaknit.com\/lt\/parduotuve\/"},{"@type":"ListItem","position":3,"name":"KnitPro Symfonie Mediniai Virbalai Su Valu 80 cm"}]},{"@type":"WebSite","@id":"https:\/\/happyinaknit.com\/lt\/#website","url":"https:\/\/happyinaknit.com\/lt\/","name":"Happyinaknit.com","description":"","potentialAction":[{"@type":"SearchAction","target":{"@type":"EntryPoint","urlTemplate":"https:\/\/happyinaknit.com\/lt\/?s={search_term_string}"},"query-input":{"@type":"PropertyValueSpecification","valueRequired":true,"valueName":"search_term_string"}}],"inLanguage":"en-US"}]}},"_links":{"self":[{"href":"https:\/\/happyinaknit.com\/en\/wp-json\/wp\/v2\/product\/6553","targetHints":{"allow":["GET"]}}],"collection":[{"href":"https:\/\/happyinaknit.com\/en\/wp-json\/wp\/v2\/product"}],"about":[{"href":"https:\/\/happyinaknit.com\/en\/wp-json\/wp\/v2\/types\/product"}],"replies":[{"embeddable":true,"href":"https:\/\/happyinaknit.com\/en\/wp-json\/wp\/v2\/comments?post=6553"}],"wp:featuredmedia":[{"embeddable":true,"href":"https:\/\/happyinaknit.com\/en\/wp-json\/wp\/v2\/media\/6537"}],"wp:attachment":[{"href":"https:\/\/happyinaknit.com\/en\/wp-json\/wp\/v2\/media?parent=6553"}],"wp:term":[{"taxonomy":"product_brand","embeddable":true,"href":"https:\/\/happyinaknit.com\/en\/wp-json\/wp\/v2\/product_brand?post=6553"},{"taxonomy":"product_cat","embeddable":true,"href":"https:\/\/happyinaknit.com\/en\/wp-json\/wp\/v2\/product_cat?post=6553"},{"taxonomy":"product_tag","embeddable":true,"href":"https:\/\/happyinaknit.com\/en\/wp-json\/wp\/v2\/product_tag?post=6553"},{"taxonomy":"pro-kategorijos","embeddable":true,"href":"https:\/\/happyinaknit.com\/en\/wp-json\/wp\/v2\/pro-kategorijos?post=6553"}],"curies":[{"name":"wp","href":"https:\/\/api.w.org\/{rel}","templated":true}]}}