{"id":6521,"date":"2025-10-19T14:30:14","date_gmt":"2025-10-19T14:30:14","guid":{"rendered":"https:\/\/happyinaknit.com\/?post_type=product&#038;p=6521"},"modified":"2025-12-13T08:49:07","modified_gmt":"2025-12-13T08:49:07","slug":"knitpro-symfonie-standard-prisukami-mediniai-virbalai-128-cm","status":"publish","type":"product","link":"https:\/\/happyinaknit.com\/en\/product\/knitpro-symfonie-standard-prisukami-mediniai-virbalai-128-cm\/","title":{"rendered":"KnitPro Symfonie Standard Interchangeable  Knitting  Needles 12.8 cm"},"content":{"rendered":"<p>Classic <b>KnitPro Symfonie Standard<\/b> Screw-on needles \u2013 warm, light and extremely pleasant to hold in your hands. Made of high quality <b>birch wood<\/b>, these needles have a smooth, carefully polished surface that allows the yarn to glide easily and ensures an even knitting rhythm.<\/p>\n<p>This is a great choice for those who value naturalness, comfort, and a soft touch.<\/p>\n<p>Made in India.<\/p>\n<p><b>Material:<\/b> birch<\/p>\n<p><b>Needle length:<\/b> 12.8cm<\/p>\n<p><b>Features:<\/b> lightweight, warm to the hand, smooth surface, natural feel<\/p>\n<p><b>Note:<\/b> Color shades may vary slightly depending on your device&#039;s screen.<\/p>","protected":false},"excerpt":{"rendered":"<p>Klasikiniai KnitPro Symfonie Standard prisukami virbalai \u2013 \u0161ilti, lengvi ir itin malon\u016bs laikyti rankose. Pagaminti i\u0161 auk\u0161tos kokyb\u0117s ber\u017eo medienos, \u0161ie virbalai turi lyg\u0173, kruop\u0161\u010diai nu\u0161lifuot\u0105 pavir\u0161i\u0173, leid\u017eiant\u012f si\u016blams lengvai slysti ir u\u017etikrinant\u012f tolyg\u0173 mezgimo ritm\u0105. Tai puikus pasirinkimas tiems, kas vertina nat\u016bralum\u0105, komfort\u0105 ir \u0161veln\u0173 prisilietim\u0105. Pagaminta Indijoje. Med\u017eiaga: ber\u017eas Virbalo ilgis: 12,8 cm [&hellip;]<\/p>\n","protected":false},"featured_media":6522,"comment_status":"open","ping_status":"closed","template":"","meta":{"_acf_changed":false},"product_brand":[1069],"product_cat":[15,19,863],"product_tag":[],"pro-kategorijos":[],"class_list":{"0":"post-6521","1":"product","2":"type-product","3":"status-publish","4":"has-post-thumbnail","6":"product_brand-knitpro","7":"product_cat-visi-produktai","8":"product_cat-mezgimo-priemones","9":"product_cat-prisukami-virbalai","11":"first","12":"instock","13":"shipping-taxable","14":"purchasable","15":"product-type-variable"},"acf":[],"yoast_head":"<!-- This site is optimized with the Yoast SEO plugin v26.8 - https:\/\/yoast.com\/product\/yoast-seo-wordpress\/ -->\n<title>KnitPro Symfonie Standard Prisukami Mediniai Virbalai 12,8 cm - Happyinaknit.com<\/title>\n<meta name=\"robots\" content=\"index, follow, max-snippet:-1, max-image-preview:large, max-video-preview:-1\" \/>\n<link rel=\"canonical\" href=\"https:\/\/happyinaknit.com\/en\/product\/knitpro-symfonie-standard-prisukami-mediniai-virbalai-128-cm\/\" \/>\n<meta property=\"og:locale\" content=\"en_US\" \/>\n<meta property=\"og:type\" content=\"article\" \/>\n<meta property=\"og:title\" content=\"KnitPro Symfonie Standard Prisukami Mediniai Virbalai 12,8 cm - Happyinaknit.com\" \/>\n<meta property=\"og:description\" content=\"Klasikiniai KnitPro Symfonie Standard prisukami virbalai \u2013 \u0161ilti, lengvi ir itin malon\u016bs laikyti rankose. Pagaminti i\u0161 auk\u0161tos kokyb\u0117s ber\u017eo medienos, \u0161ie virbalai turi lyg\u0173, kruop\u0161\u010diai nu\u0161lifuot\u0105 pavir\u0161i\u0173, leid\u017eiant\u012f si\u016blams lengvai slysti ir u\u017etikrinant\u012f tolyg\u0173 mezgimo ritm\u0105. Tai puikus pasirinkimas tiems, kas vertina nat\u016bralum\u0105, komfort\u0105 ir \u0161veln\u0173 prisilietim\u0105. Pagaminta Indijoje. Med\u017eiaga: ber\u017eas Virbalo ilgis: 12,8 cm [&hellip;]\" \/>\n<meta property=\"og:url\" content=\"https:\/\/happyinaknit.com\/en\/product\/knitpro-symfonie-standard-prisukami-mediniai-virbalai-128-cm\/\" \/>\n<meta property=\"og:site_name\" content=\"Happyinaknit.com\" \/>\n<meta property=\"article:modified_time\" content=\"2025-12-13T08:49:07+00:00\" \/>\n<meta property=\"og:image\" content=\"https:\/\/happyinaknit.com\/wp-content\/uploads\/2025\/10\/standar.jpeg.webp\" \/>\n\t<meta property=\"og:image:width\" content=\"480\" \/>\n\t<meta property=\"og:image:height\" content=\"480\" \/>\n\t<meta property=\"og:image:type\" content=\"image\/webp\" \/>\n<meta name=\"twitter:card\" content=\"summary_large_image\" \/>\n<script type=\"application\/ld+json\" class=\"yoast-schema-graph\">{\"@context\":\"https:\/\/schema.org\",\"@graph\":[{\"@type\":\"WebPage\",\"@id\":\"https:\/\/happyinaknit.com\/produktas\/knitpro-symfonie-standard-prisukami-mediniai-virbalai-128-cm\/\",\"url\":\"https:\/\/happyinaknit.com\/produktas\/knitpro-symfonie-standard-prisukami-mediniai-virbalai-128-cm\/\",\"name\":\"KnitPro Symfonie Standard Prisukami Mediniai Virbalai 12,8 cm - Happyinaknit.com\",\"isPartOf\":{\"@id\":\"https:\/\/happyinaknit.com\/lt\/#website\"},\"primaryImageOfPage\":{\"@id\":\"https:\/\/happyinaknit.com\/produktas\/knitpro-symfonie-standard-prisukami-mediniai-virbalai-128-cm\/#primaryimage\"},\"image\":{\"@id\":\"https:\/\/happyinaknit.com\/produktas\/knitpro-symfonie-standard-prisukami-mediniai-virbalai-128-cm\/#primaryimage\"},\"thumbnailUrl\":\"https:\/\/happyinaknit.com\/wp-content\/uploads\/2025\/10\/standar.jpeg.webp\",\"datePublished\":\"2025-10-19T14:30:14+00:00\",\"dateModified\":\"2025-12-13T08:49:07+00:00\",\"breadcrumb\":{\"@id\":\"https:\/\/happyinaknit.com\/produktas\/knitpro-symfonie-standard-prisukami-mediniai-virbalai-128-cm\/#breadcrumb\"},\"inLanguage\":\"en-US\",\"potentialAction\":[{\"@type\":\"ReadAction\",\"target\":[\"https:\/\/happyinaknit.com\/produktas\/knitpro-symfonie-standard-prisukami-mediniai-virbalai-128-cm\/\"]}]},{\"@type\":\"ImageObject\",\"inLanguage\":\"en-US\",\"@id\":\"https:\/\/happyinaknit.com\/produktas\/knitpro-symfonie-standard-prisukami-mediniai-virbalai-128-cm\/#primaryimage\",\"url\":\"https:\/\/happyinaknit.com\/wp-content\/uploads\/2025\/10\/standar.jpeg.webp\",\"contentUrl\":\"https:\/\/happyinaknit.com\/wp-content\/uploads\/2025\/10\/standar.jpeg.webp\",\"width\":480,\"height\":480},{\"@type\":\"BreadcrumbList\",\"@id\":\"https:\/\/happyinaknit.com\/produktas\/knitpro-symfonie-standard-prisukami-mediniai-virbalai-128-cm\/#breadcrumb\",\"itemListElement\":[{\"@type\":\"ListItem\",\"position\":1,\"name\":\"Home\",\"item\":\"https:\/\/happyinaknit.com\/lt\/\"},{\"@type\":\"ListItem\",\"position\":2,\"name\":\"Parduotuv\u0117\",\"item\":\"https:\/\/happyinaknit.com\/lt\/parduotuve\/\"},{\"@type\":\"ListItem\",\"position\":3,\"name\":\"KnitPro Symfonie Standard Prisukami Mediniai Virbalai 12,8 cm\"}]},{\"@type\":\"WebSite\",\"@id\":\"https:\/\/happyinaknit.com\/lt\/#website\",\"url\":\"https:\/\/happyinaknit.com\/lt\/\",\"name\":\"Happyinaknit.com\",\"description\":\"\",\"potentialAction\":[{\"@type\":\"SearchAction\",\"target\":{\"@type\":\"EntryPoint\",\"urlTemplate\":\"https:\/\/happyinaknit.com\/lt\/?s={search_term_string}\"},\"query-input\":{\"@type\":\"PropertyValueSpecification\",\"valueRequired\":true,\"valueName\":\"search_term_string\"}}],\"inLanguage\":\"en-US\"}]}<\/script>\n<!-- \/ Yoast SEO plugin. -->","yoast_head_json":{"title":"KnitPro Symfonie Standard Prisukami Mediniai Virbalai 12,8 cm - Happyinaknit.com","robots":{"index":"index","follow":"follow","max-snippet":"max-snippet:-1","max-image-preview":"max-image-preview:large","max-video-preview":"max-video-preview:-1"},"canonical":"https:\/\/happyinaknit.com\/en\/product\/knitpro-symfonie-standard-prisukami-mediniai-virbalai-128-cm\/","og_locale":"en_US","og_type":"article","og_title":"KnitPro Symfonie Standard Prisukami Mediniai Virbalai 12,8 cm - Happyinaknit.com","og_description":"Klasikiniai KnitPro Symfonie Standard prisukami virbalai \u2013 \u0161ilti, lengvi ir itin malon\u016bs laikyti rankose. Pagaminti i\u0161 auk\u0161tos kokyb\u0117s ber\u017eo medienos, \u0161ie virbalai turi lyg\u0173, kruop\u0161\u010diai nu\u0161lifuot\u0105 pavir\u0161i\u0173, leid\u017eiant\u012f si\u016blams lengvai slysti ir u\u017etikrinant\u012f tolyg\u0173 mezgimo ritm\u0105. Tai puikus pasirinkimas tiems, kas vertina nat\u016bralum\u0105, komfort\u0105 ir \u0161veln\u0173 prisilietim\u0105. Pagaminta Indijoje. Med\u017eiaga: ber\u017eas Virbalo ilgis: 12,8 cm [&hellip;]","og_url":"https:\/\/happyinaknit.com\/en\/product\/knitpro-symfonie-standard-prisukami-mediniai-virbalai-128-cm\/","og_site_name":"Happyinaknit.com","article_modified_time":"2025-12-13T08:49:07+00:00","og_image":[{"width":480,"height":480,"url":"https:\/\/happyinaknit.com\/wp-content\/uploads\/2025\/10\/standar.jpeg.webp","type":"image\/webp"}],"twitter_card":"summary_large_image","schema":{"@context":"https:\/\/schema.org","@graph":[{"@type":"WebPage","@id":"https:\/\/happyinaknit.com\/produktas\/knitpro-symfonie-standard-prisukami-mediniai-virbalai-128-cm\/","url":"https:\/\/happyinaknit.com\/produktas\/knitpro-symfonie-standard-prisukami-mediniai-virbalai-128-cm\/","name":"KnitPro Symfonie Standard Prisukami Mediniai Virbalai 12,8 cm - Happyinaknit.com","isPartOf":{"@id":"https:\/\/happyinaknit.com\/lt\/#website"},"primaryImageOfPage":{"@id":"https:\/\/happyinaknit.com\/produktas\/knitpro-symfonie-standard-prisukami-mediniai-virbalai-128-cm\/#primaryimage"},"image":{"@id":"https:\/\/happyinaknit.com\/produktas\/knitpro-symfonie-standard-prisukami-mediniai-virbalai-128-cm\/#primaryimage"},"thumbnailUrl":"https:\/\/happyinaknit.com\/wp-content\/uploads\/2025\/10\/standar.jpeg.webp","datePublished":"2025-10-19T14:30:14+00:00","dateModified":"2025-12-13T08:49:07+00:00","breadcrumb":{"@id":"https:\/\/happyinaknit.com\/produktas\/knitpro-symfonie-standard-prisukami-mediniai-virbalai-128-cm\/#breadcrumb"},"inLanguage":"en-US","potentialAction":[{"@type":"ReadAction","target":["https:\/\/happyinaknit.com\/produktas\/knitpro-symfonie-standard-prisukami-mediniai-virbalai-128-cm\/"]}]},{"@type":"ImageObject","inLanguage":"en-US","@id":"https:\/\/happyinaknit.com\/produktas\/knitpro-symfonie-standard-prisukami-mediniai-virbalai-128-cm\/#primaryimage","url":"https:\/\/happyinaknit.com\/wp-content\/uploads\/2025\/10\/standar.jpeg.webp","contentUrl":"https:\/\/happyinaknit.com\/wp-content\/uploads\/2025\/10\/standar.jpeg.webp","width":480,"height":480},{"@type":"BreadcrumbList","@id":"https:\/\/happyinaknit.com\/produktas\/knitpro-symfonie-standard-prisukami-mediniai-virbalai-128-cm\/#breadcrumb","itemListElement":[{"@type":"ListItem","position":1,"name":"Home","item":"https:\/\/happyinaknit.com\/lt\/"},{"@type":"ListItem","position":2,"name":"Parduotuv\u0117","item":"https:\/\/happyinaknit.com\/lt\/parduotuve\/"},{"@type":"ListItem","position":3,"name":"KnitPro Symfonie Standard Prisukami Mediniai Virbalai 12,8 cm"}]},{"@type":"WebSite","@id":"https:\/\/happyinaknit.com\/lt\/#website","url":"https:\/\/happyinaknit.com\/lt\/","name":"Happyinaknit.com","description":"","potentialAction":[{"@type":"SearchAction","target":{"@type":"EntryPoint","urlTemplate":"https:\/\/happyinaknit.com\/lt\/?s={search_term_string}"},"query-input":{"@type":"PropertyValueSpecification","valueRequired":true,"valueName":"search_term_string"}}],"inLanguage":"en-US"}]}},"_links":{"self":[{"href":"https:\/\/happyinaknit.com\/en\/wp-json\/wp\/v2\/product\/6521","targetHints":{"allow":["GET"]}}],"collection":[{"href":"https:\/\/happyinaknit.com\/en\/wp-json\/wp\/v2\/product"}],"about":[{"href":"https:\/\/happyinaknit.com\/en\/wp-json\/wp\/v2\/types\/product"}],"replies":[{"embeddable":true,"href":"https:\/\/happyinaknit.com\/en\/wp-json\/wp\/v2\/comments?post=6521"}],"wp:featuredmedia":[{"embeddable":true,"href":"https:\/\/happyinaknit.com\/en\/wp-json\/wp\/v2\/media\/6522"}],"wp:attachment":[{"href":"https:\/\/happyinaknit.com\/en\/wp-json\/wp\/v2\/media?parent=6521"}],"wp:term":[{"taxonomy":"product_brand","embeddable":true,"href":"https:\/\/happyinaknit.com\/en\/wp-json\/wp\/v2\/product_brand?post=6521"},{"taxonomy":"product_cat","embeddable":true,"href":"https:\/\/happyinaknit.com\/en\/wp-json\/wp\/v2\/product_cat?post=6521"},{"taxonomy":"product_tag","embeddable":true,"href":"https:\/\/happyinaknit.com\/en\/wp-json\/wp\/v2\/product_tag?post=6521"},{"taxonomy":"pro-kategorijos","embeddable":true,"href":"https:\/\/happyinaknit.com\/en\/wp-json\/wp\/v2\/pro-kategorijos?post=6521"}],"curies":[{"name":"wp","href":"https:\/\/api.w.org\/{rel}","templated":true}]}}