{"id":6516,"date":"2025-10-19T14:20:18","date_gmt":"2025-10-19T14:20:18","guid":{"rendered":"https:\/\/happyinaknit.com\/?post_type=product&#038;p=6516"},"modified":"2026-02-04T06:46:54","modified_gmt":"2026-02-04T06:46:54","slug":"knitpro-karbonz-standard-prisukami-virbalai-125-cm","status":"publish","type":"product","link":"https:\/\/happyinaknit.com\/en\/product\/knitpro-karbonz-standard-prisukami-virbalai-125-cm\/","title":{"rendered":"KnitPro Karbonz Standard Interchangeable  Knitting   Needles 12.5 cm"},"content":{"rendered":"<p>High quality <b>KnitPro Karbonz Standard<\/b> Screw-on rods are the perfect combination of materials: <b>lightweight carbon fiber<\/b> and <b>sturdy metal tips<\/b>Carbon fiber gives the needles elasticity and lightness, making them pleasant to hold in your hand, and sharp metal tips allow you to easily and precisely catch the thread.<\/p>\n<p>The surface is soft, does not hold the knitting, and the connection between the metal and the carbon is completely smooth and almost invisible. These needles are exceptionally durable and are very popular with experienced knitters.<\/p>\n<p>Made in India.<\/p>\n<p><b>Material:<\/b> carbon fiber + metal tips<\/p>\n<p><b>Needle length:<\/b> 12.5 cm<\/p>\n<p><b>Suitable for system:<\/b> <i>KnitPro<\/i> reel lines<\/p>\n<p><b>Features:<\/b> lightweight, durable, smooth surface, sharp tips, ergonomic.<\/p>\n<p><b>Note:<\/b> Color shades may vary slightly depending on your device&#039;s screen.<\/p>","protected":false},"excerpt":{"rendered":"<p>Auk\u0161tos kokyb\u0117s KnitPro Karbonz Standard prisukami virbalai \u2013 tai tobula med\u017eiag\u0173 derm\u0117: lengvas anglies pluo\u0161tas ir tvirti metaliniai antgaliai. Anglies pluo\u0161tas suteikia virbalams elastingumo ir lengvumo, tod\u0117l jie malon\u016bs laikyti rankoje, o a\u0161tr\u016bs metaliniai galiukai leid\u017eia lengvai ir tiksliai pagauti si\u016bl\u0105. Pavir\u0161ius \u0161velnus, nesulaikantis mezginio, o jungtis tarp metalo ir anglies \u2013 visi\u0161kai lygi ir [&hellip;]<\/p>\n","protected":false},"featured_media":6518,"comment_status":"open","ping_status":"closed","template":"","meta":{"_acf_changed":false},"product_brand":[1069],"product_cat":[15,19,863],"product_tag":[],"pro-kategorijos":[],"class_list":{"0":"post-6516","1":"product","2":"type-product","3":"status-publish","4":"has-post-thumbnail","6":"product_brand-knitpro","7":"product_cat-visi-produktai","8":"product_cat-mezgimo-priemones","9":"product_cat-prisukami-virbalai","11":"first","12":"instock","13":"shipping-taxable","14":"purchasable","15":"product-type-variable"},"acf":[],"yoast_head":"<!-- This site is optimized with the Yoast SEO plugin v26.8 - https:\/\/yoast.com\/product\/yoast-seo-wordpress\/ -->\n<title>KnitPro Karbonz Standard Prisukami Virbalai 12,5 cm - Happyinaknit.com<\/title>\n<meta name=\"robots\" content=\"index, follow, max-snippet:-1, max-image-preview:large, max-video-preview:-1\" \/>\n<link rel=\"canonical\" href=\"https:\/\/happyinaknit.com\/en\/product\/knitpro-karbonz-standard-prisukami-virbalai-125-cm\/\" \/>\n<meta property=\"og:locale\" content=\"en_US\" \/>\n<meta property=\"og:type\" content=\"article\" \/>\n<meta property=\"og:title\" content=\"KnitPro Karbonz Standard Prisukami Virbalai 12,5 cm - Happyinaknit.com\" \/>\n<meta property=\"og:description\" content=\"Auk\u0161tos kokyb\u0117s KnitPro Karbonz Standard prisukami virbalai \u2013 tai tobula med\u017eiag\u0173 derm\u0117: lengvas anglies pluo\u0161tas ir tvirti metaliniai antgaliai. Anglies pluo\u0161tas suteikia virbalams elastingumo ir lengvumo, tod\u0117l jie malon\u016bs laikyti rankoje, o a\u0161tr\u016bs metaliniai galiukai leid\u017eia lengvai ir tiksliai pagauti si\u016bl\u0105. Pavir\u0161ius \u0161velnus, nesulaikantis mezginio, o jungtis tarp metalo ir anglies \u2013 visi\u0161kai lygi ir [&hellip;]\" \/>\n<meta property=\"og:url\" content=\"https:\/\/happyinaknit.com\/en\/product\/knitpro-karbonz-standard-prisukami-virbalai-125-cm\/\" \/>\n<meta property=\"og:site_name\" content=\"Happyinaknit.com\" \/>\n<meta property=\"article:modified_time\" content=\"2026-02-04T06:46:54+00:00\" \/>\n<meta property=\"og:image\" content=\"https:\/\/happyinaknit.com\/wp-content\/uploads\/2025\/10\/27677798919-627x627-1.png.webp\" \/>\n\t<meta property=\"og:image:width\" content=\"627\" \/>\n\t<meta property=\"og:image:height\" content=\"627\" \/>\n\t<meta property=\"og:image:type\" content=\"image\/webp\" \/>\n<meta name=\"twitter:card\" content=\"summary_large_image\" \/>\n<meta name=\"twitter:label1\" content=\"Est. reading time\" \/>\n\t<meta name=\"twitter:data1\" content=\"1 minute\" \/>\n<script type=\"application\/ld+json\" class=\"yoast-schema-graph\">{\"@context\":\"https:\/\/schema.org\",\"@graph\":[{\"@type\":\"WebPage\",\"@id\":\"https:\/\/happyinaknit.com\/produktas\/knitpro-karbonz-standard-prisukami-virbalai-125-cm\/\",\"url\":\"https:\/\/happyinaknit.com\/produktas\/knitpro-karbonz-standard-prisukami-virbalai-125-cm\/\",\"name\":\"KnitPro Karbonz Standard Prisukami Virbalai 12,5 cm - Happyinaknit.com\",\"isPartOf\":{\"@id\":\"https:\/\/happyinaknit.com\/lt\/#website\"},\"primaryImageOfPage\":{\"@id\":\"https:\/\/happyinaknit.com\/produktas\/knitpro-karbonz-standard-prisukami-virbalai-125-cm\/#primaryimage\"},\"image\":{\"@id\":\"https:\/\/happyinaknit.com\/produktas\/knitpro-karbonz-standard-prisukami-virbalai-125-cm\/#primaryimage\"},\"thumbnailUrl\":\"https:\/\/happyinaknit.com\/wp-content\/uploads\/2025\/10\/27677798919-627x627-1.png.webp\",\"datePublished\":\"2025-10-19T14:20:18+00:00\",\"dateModified\":\"2026-02-04T06:46:54+00:00\",\"breadcrumb\":{\"@id\":\"https:\/\/happyinaknit.com\/produktas\/knitpro-karbonz-standard-prisukami-virbalai-125-cm\/#breadcrumb\"},\"inLanguage\":\"en-US\",\"potentialAction\":[{\"@type\":\"ReadAction\",\"target\":[\"https:\/\/happyinaknit.com\/produktas\/knitpro-karbonz-standard-prisukami-virbalai-125-cm\/\"]}]},{\"@type\":\"ImageObject\",\"inLanguage\":\"en-US\",\"@id\":\"https:\/\/happyinaknit.com\/produktas\/knitpro-karbonz-standard-prisukami-virbalai-125-cm\/#primaryimage\",\"url\":\"https:\/\/happyinaknit.com\/wp-content\/uploads\/2025\/10\/27677798919-627x627-1.png.webp\",\"contentUrl\":\"https:\/\/happyinaknit.com\/wp-content\/uploads\/2025\/10\/27677798919-627x627-1.png.webp\",\"width\":627,\"height\":627},{\"@type\":\"BreadcrumbList\",\"@id\":\"https:\/\/happyinaknit.com\/produktas\/knitpro-karbonz-standard-prisukami-virbalai-125-cm\/#breadcrumb\",\"itemListElement\":[{\"@type\":\"ListItem\",\"position\":1,\"name\":\"Home\",\"item\":\"https:\/\/happyinaknit.com\/lt\/\"},{\"@type\":\"ListItem\",\"position\":2,\"name\":\"Parduotuv\u0117\",\"item\":\"https:\/\/happyinaknit.com\/lt\/parduotuve\/\"},{\"@type\":\"ListItem\",\"position\":3,\"name\":\"KnitPro Karbonz Standard Prisukami Virbalai 12,5 cm\"}]},{\"@type\":\"WebSite\",\"@id\":\"https:\/\/happyinaknit.com\/lt\/#website\",\"url\":\"https:\/\/happyinaknit.com\/lt\/\",\"name\":\"Happyinaknit.com\",\"description\":\"\",\"potentialAction\":[{\"@type\":\"SearchAction\",\"target\":{\"@type\":\"EntryPoint\",\"urlTemplate\":\"https:\/\/happyinaknit.com\/lt\/?s={search_term_string}\"},\"query-input\":{\"@type\":\"PropertyValueSpecification\",\"valueRequired\":true,\"valueName\":\"search_term_string\"}}],\"inLanguage\":\"en-US\"}]}<\/script>\n<!-- \/ Yoast SEO plugin. -->","yoast_head_json":{"title":"KnitPro Karbonz Standard Prisukami Virbalai 12,5 cm - Happyinaknit.com","robots":{"index":"index","follow":"follow","max-snippet":"max-snippet:-1","max-image-preview":"max-image-preview:large","max-video-preview":"max-video-preview:-1"},"canonical":"https:\/\/happyinaknit.com\/en\/product\/knitpro-karbonz-standard-prisukami-virbalai-125-cm\/","og_locale":"en_US","og_type":"article","og_title":"KnitPro Karbonz Standard Prisukami Virbalai 12,5 cm - Happyinaknit.com","og_description":"Auk\u0161tos kokyb\u0117s KnitPro Karbonz Standard prisukami virbalai \u2013 tai tobula med\u017eiag\u0173 derm\u0117: lengvas anglies pluo\u0161tas ir tvirti metaliniai antgaliai. Anglies pluo\u0161tas suteikia virbalams elastingumo ir lengvumo, tod\u0117l jie malon\u016bs laikyti rankoje, o a\u0161tr\u016bs metaliniai galiukai leid\u017eia lengvai ir tiksliai pagauti si\u016bl\u0105. Pavir\u0161ius \u0161velnus, nesulaikantis mezginio, o jungtis tarp metalo ir anglies \u2013 visi\u0161kai lygi ir [&hellip;]","og_url":"https:\/\/happyinaknit.com\/en\/product\/knitpro-karbonz-standard-prisukami-virbalai-125-cm\/","og_site_name":"Happyinaknit.com","article_modified_time":"2026-02-04T06:46:54+00:00","og_image":[{"width":627,"height":627,"url":"https:\/\/happyinaknit.com\/wp-content\/uploads\/2025\/10\/27677798919-627x627-1.png.webp","type":"image\/webp"}],"twitter_card":"summary_large_image","twitter_misc":{"Est. reading time":"1 minute"},"schema":{"@context":"https:\/\/schema.org","@graph":[{"@type":"WebPage","@id":"https:\/\/happyinaknit.com\/produktas\/knitpro-karbonz-standard-prisukami-virbalai-125-cm\/","url":"https:\/\/happyinaknit.com\/produktas\/knitpro-karbonz-standard-prisukami-virbalai-125-cm\/","name":"KnitPro Karbonz Standard Prisukami Virbalai 12,5 cm - Happyinaknit.com","isPartOf":{"@id":"https:\/\/happyinaknit.com\/lt\/#website"},"primaryImageOfPage":{"@id":"https:\/\/happyinaknit.com\/produktas\/knitpro-karbonz-standard-prisukami-virbalai-125-cm\/#primaryimage"},"image":{"@id":"https:\/\/happyinaknit.com\/produktas\/knitpro-karbonz-standard-prisukami-virbalai-125-cm\/#primaryimage"},"thumbnailUrl":"https:\/\/happyinaknit.com\/wp-content\/uploads\/2025\/10\/27677798919-627x627-1.png.webp","datePublished":"2025-10-19T14:20:18+00:00","dateModified":"2026-02-04T06:46:54+00:00","breadcrumb":{"@id":"https:\/\/happyinaknit.com\/produktas\/knitpro-karbonz-standard-prisukami-virbalai-125-cm\/#breadcrumb"},"inLanguage":"en-US","potentialAction":[{"@type":"ReadAction","target":["https:\/\/happyinaknit.com\/produktas\/knitpro-karbonz-standard-prisukami-virbalai-125-cm\/"]}]},{"@type":"ImageObject","inLanguage":"en-US","@id":"https:\/\/happyinaknit.com\/produktas\/knitpro-karbonz-standard-prisukami-virbalai-125-cm\/#primaryimage","url":"https:\/\/happyinaknit.com\/wp-content\/uploads\/2025\/10\/27677798919-627x627-1.png.webp","contentUrl":"https:\/\/happyinaknit.com\/wp-content\/uploads\/2025\/10\/27677798919-627x627-1.png.webp","width":627,"height":627},{"@type":"BreadcrumbList","@id":"https:\/\/happyinaknit.com\/produktas\/knitpro-karbonz-standard-prisukami-virbalai-125-cm\/#breadcrumb","itemListElement":[{"@type":"ListItem","position":1,"name":"Home","item":"https:\/\/happyinaknit.com\/lt\/"},{"@type":"ListItem","position":2,"name":"Parduotuv\u0117","item":"https:\/\/happyinaknit.com\/lt\/parduotuve\/"},{"@type":"ListItem","position":3,"name":"KnitPro Karbonz Standard Prisukami Virbalai 12,5 cm"}]},{"@type":"WebSite","@id":"https:\/\/happyinaknit.com\/lt\/#website","url":"https:\/\/happyinaknit.com\/lt\/","name":"Happyinaknit.com","description":"","potentialAction":[{"@type":"SearchAction","target":{"@type":"EntryPoint","urlTemplate":"https:\/\/happyinaknit.com\/lt\/?s={search_term_string}"},"query-input":{"@type":"PropertyValueSpecification","valueRequired":true,"valueName":"search_term_string"}}],"inLanguage":"en-US"}]}},"_links":{"self":[{"href":"https:\/\/happyinaknit.com\/en\/wp-json\/wp\/v2\/product\/6516","targetHints":{"allow":["GET"]}}],"collection":[{"href":"https:\/\/happyinaknit.com\/en\/wp-json\/wp\/v2\/product"}],"about":[{"href":"https:\/\/happyinaknit.com\/en\/wp-json\/wp\/v2\/types\/product"}],"replies":[{"embeddable":true,"href":"https:\/\/happyinaknit.com\/en\/wp-json\/wp\/v2\/comments?post=6516"}],"wp:featuredmedia":[{"embeddable":true,"href":"https:\/\/happyinaknit.com\/en\/wp-json\/wp\/v2\/media\/6518"}],"wp:attachment":[{"href":"https:\/\/happyinaknit.com\/en\/wp-json\/wp\/v2\/media?parent=6516"}],"wp:term":[{"taxonomy":"product_brand","embeddable":true,"href":"https:\/\/happyinaknit.com\/en\/wp-json\/wp\/v2\/product_brand?post=6516"},{"taxonomy":"product_cat","embeddable":true,"href":"https:\/\/happyinaknit.com\/en\/wp-json\/wp\/v2\/product_cat?post=6516"},{"taxonomy":"product_tag","embeddable":true,"href":"https:\/\/happyinaknit.com\/en\/wp-json\/wp\/v2\/product_tag?post=6516"},{"taxonomy":"pro-kategorijos","embeddable":true,"href":"https:\/\/happyinaknit.com\/en\/wp-json\/wp\/v2\/pro-kategorijos?post=6516"}],"curies":[{"name":"wp","href":"https:\/\/api.w.org\/{rel}","templated":true}]}}