{"id":6509,"date":"2025-10-19T14:14:00","date_gmt":"2025-10-19T14:14:00","guid":{"rendered":"https:\/\/happyinaknit.com\/?post_type=product&#038;p=6509"},"modified":"2026-04-06T12:57:39","modified_gmt":"2026-04-06T12:57:39","slug":"addi-sockenwunder-virbalai-su-valu-25-cm","status":"publish","type":"product","link":"https:\/\/happyinaknit.com\/en\/product\/addi-sockenwunder-virbalai-su-valu-25-cm\/","title":{"rendered":"Addi Sockenwunder Circular Knitting Needles  25 cm"},"content":{"rendered":"<p>Innovative <b>Addi Sock Wonder<\/b> Needles with a cable - a real revolution in knitting socks, gloves or sleeves in the round! These needles are designed so that one pair of needles is <b>different lengths<\/b> \u2013 one shorter (4.5 cm), the other longer (7 cm). This combination provides greater comfort when knitting small volumes, as it allows you to hold the needles naturally and reduces tension in your hands.<\/p>\n<p>Like everyone else <b>Addi<\/b> products, these rods are characterized by <b>especially on a smooth surface<\/b>, <b>ideal transition<\/b> from the rod to the line and <b>with a strong, flexible line<\/b>, which does not twist or stretch the knit.<\/p>\n<p>Made in Germany.<\/p>\n<p><b>Material:<\/b> brass, nickel-plated<\/p>\n<p><b>Color:<\/b> silver metallic<\/p>\n<p><b>Total length:<\/b> 25 cm<\/p>\n<p><b>Needle length:<\/b> 4.5 cm (shorter) and 7 cm (longer)<\/p>\n<p><b>Line:<\/b> flexible plastic line<\/p>\n<p><b>Features:<\/b> extremely smooth glide, ergonomic hold, suitable for small volumes - socks, gloves, sleeves<\/p>\n<p><b>Note:<\/b> Color shades may vary slightly depending on your device&#039;s screen.<\/p>","protected":false},"excerpt":{"rendered":"<p>Inovatyv\u016bs Addi Sockenwunder virbalai su valu \u2013 tikra revoliucija mezgant kojines, pir\u0161tines ar rankoves ratu! \u0160ie virbalai sukurti taip, kad viena spygli\u0173 pora b\u016bt\u0173 skirtingo ilgio \u2013 viena trumpesn\u0117 (4,5 cm), kita ilgesn\u0117 (7 cm). Toks derinys suteikia didesn\u012f patogum\u0105 mezgant ma\u017eas apimtis, nes leid\u017eia nat\u016braliai laikyti virbalus ir suma\u017eina \u012ftamp\u0105 rankose. Kaip ir visi [&hellip;]<\/p>\n","protected":false},"featured_media":6512,"comment_status":"open","ping_status":"closed","template":"","meta":{"_acf_changed":false},"product_brand":[786],"product_cat":[15,19,865,862],"product_tag":[],"pro-kategorijos":[],"class_list":{"0":"post-6509","1":"product","2":"type-product","3":"status-publish","4":"has-post-thumbnail","6":"product_brand-addi","7":"product_cat-visi-produktai","8":"product_cat-mezgimo-priemones","9":"product_cat-virbalai-kojinems","10":"product_cat-virbalai-su-valu","12":"first","13":"instock","14":"shipping-taxable","15":"purchasable","16":"product-type-variable"},"acf":[],"yoast_head":"<!-- This site is optimized with the Yoast SEO plugin v26.8 - https:\/\/yoast.com\/product\/yoast-seo-wordpress\/ -->\n<title>Addi Sockenwunder virbalai su valu 25 cm - Happyinaknit.com<\/title>\n<meta name=\"robots\" content=\"index, follow, max-snippet:-1, max-image-preview:large, max-video-preview:-1\" \/>\n<link rel=\"canonical\" href=\"https:\/\/happyinaknit.com\/en\/product\/addi-sockenwunder-virbalai-su-valu-25-cm\/\" \/>\n<meta property=\"og:locale\" content=\"en_US\" \/>\n<meta property=\"og:type\" content=\"article\" \/>\n<meta property=\"og:title\" content=\"Addi Sockenwunder virbalai su valu 25 cm - Happyinaknit.com\" \/>\n<meta property=\"og:description\" content=\"Inovatyv\u016bs Addi Sockenwunder virbalai su valu \u2013 tikra revoliucija mezgant kojines, pir\u0161tines ar rankoves ratu! \u0160ie virbalai sukurti taip, kad viena spygli\u0173 pora b\u016bt\u0173 skirtingo ilgio \u2013 viena trumpesn\u0117 (4,5 cm), kita ilgesn\u0117 (7 cm). Toks derinys suteikia didesn\u012f patogum\u0105 mezgant ma\u017eas apimtis, nes leid\u017eia nat\u016braliai laikyti virbalus ir suma\u017eina \u012ftamp\u0105 rankose. Kaip ir visi [&hellip;]\" \/>\n<meta property=\"og:url\" content=\"https:\/\/happyinaknit.com\/en\/product\/addi-sockenwunder-virbalai-su-valu-25-cm\/\" \/>\n<meta property=\"og:site_name\" content=\"Happyinaknit.com\" \/>\n<meta property=\"article:modified_time\" content=\"2026-04-06T12:57:39+00:00\" \/>\n<meta property=\"og:image\" content=\"https:\/\/happyinaknit.com\/wp-content\/uploads\/2025\/10\/addi-sockwonder-2_1.jpg.webp\" \/>\n\t<meta property=\"og:image:width\" content=\"900\" \/>\n\t<meta property=\"og:image:height\" content=\"900\" \/>\n\t<meta property=\"og:image:type\" content=\"image\/webp\" \/>\n<meta name=\"twitter:card\" content=\"summary_large_image\" \/>\n<meta name=\"twitter:label1\" content=\"Est. reading time\" \/>\n\t<meta name=\"twitter:data1\" content=\"1 minute\" \/>\n<script type=\"application\/ld+json\" class=\"yoast-schema-graph\">{\"@context\":\"https:\/\/schema.org\",\"@graph\":[{\"@type\":\"WebPage\",\"@id\":\"https:\/\/happyinaknit.com\/produktas\/addi-sockenwunder-virbalai-su-valu-25-cm\/\",\"url\":\"https:\/\/happyinaknit.com\/produktas\/addi-sockenwunder-virbalai-su-valu-25-cm\/\",\"name\":\"Addi Sockenwunder virbalai su valu 25 cm - Happyinaknit.com\",\"isPartOf\":{\"@id\":\"https:\/\/happyinaknit.com\/lt\/#website\"},\"primaryImageOfPage\":{\"@id\":\"https:\/\/happyinaknit.com\/produktas\/addi-sockenwunder-virbalai-su-valu-25-cm\/#primaryimage\"},\"image\":{\"@id\":\"https:\/\/happyinaknit.com\/produktas\/addi-sockenwunder-virbalai-su-valu-25-cm\/#primaryimage\"},\"thumbnailUrl\":\"https:\/\/happyinaknit.com\/wp-content\/uploads\/2025\/10\/addi-sockwonder-2_1.jpg.webp\",\"datePublished\":\"2025-10-19T14:14:00+00:00\",\"dateModified\":\"2026-04-06T12:57:39+00:00\",\"breadcrumb\":{\"@id\":\"https:\/\/happyinaknit.com\/produktas\/addi-sockenwunder-virbalai-su-valu-25-cm\/#breadcrumb\"},\"inLanguage\":\"en-US\",\"potentialAction\":[{\"@type\":\"ReadAction\",\"target\":[\"https:\/\/happyinaknit.com\/produktas\/addi-sockenwunder-virbalai-su-valu-25-cm\/\"]}]},{\"@type\":\"ImageObject\",\"inLanguage\":\"en-US\",\"@id\":\"https:\/\/happyinaknit.com\/produktas\/addi-sockenwunder-virbalai-su-valu-25-cm\/#primaryimage\",\"url\":\"https:\/\/happyinaknit.com\/wp-content\/uploads\/2025\/10\/addi-sockwonder-2_1.jpg.webp\",\"contentUrl\":\"https:\/\/happyinaknit.com\/wp-content\/uploads\/2025\/10\/addi-sockwonder-2_1.jpg.webp\",\"width\":900,\"height\":900},{\"@type\":\"BreadcrumbList\",\"@id\":\"https:\/\/happyinaknit.com\/produktas\/addi-sockenwunder-virbalai-su-valu-25-cm\/#breadcrumb\",\"itemListElement\":[{\"@type\":\"ListItem\",\"position\":1,\"name\":\"Home\",\"item\":\"https:\/\/happyinaknit.com\/lt\/\"},{\"@type\":\"ListItem\",\"position\":2,\"name\":\"Parduotuv\u0117\",\"item\":\"https:\/\/happyinaknit.com\/lt\/parduotuve\/\"},{\"@type\":\"ListItem\",\"position\":3,\"name\":\"Addi Sockenwunder virbalai su valu 25 cm\"}]},{\"@type\":\"WebSite\",\"@id\":\"https:\/\/happyinaknit.com\/lt\/#website\",\"url\":\"https:\/\/happyinaknit.com\/lt\/\",\"name\":\"Happyinaknit.com\",\"description\":\"\",\"potentialAction\":[{\"@type\":\"SearchAction\",\"target\":{\"@type\":\"EntryPoint\",\"urlTemplate\":\"https:\/\/happyinaknit.com\/lt\/?s={search_term_string}\"},\"query-input\":{\"@type\":\"PropertyValueSpecification\",\"valueRequired\":true,\"valueName\":\"search_term_string\"}}],\"inLanguage\":\"en-US\"}]}<\/script>\n<!-- \/ Yoast SEO plugin. -->","yoast_head_json":{"title":"Addi Sockenwunder virbalai su valu 25 cm - Happyinaknit.com","robots":{"index":"index","follow":"follow","max-snippet":"max-snippet:-1","max-image-preview":"max-image-preview:large","max-video-preview":"max-video-preview:-1"},"canonical":"https:\/\/happyinaknit.com\/en\/product\/addi-sockenwunder-virbalai-su-valu-25-cm\/","og_locale":"en_US","og_type":"article","og_title":"Addi Sockenwunder virbalai su valu 25 cm - Happyinaknit.com","og_description":"Inovatyv\u016bs Addi Sockenwunder virbalai su valu \u2013 tikra revoliucija mezgant kojines, pir\u0161tines ar rankoves ratu! \u0160ie virbalai sukurti taip, kad viena spygli\u0173 pora b\u016bt\u0173 skirtingo ilgio \u2013 viena trumpesn\u0117 (4,5 cm), kita ilgesn\u0117 (7 cm). Toks derinys suteikia didesn\u012f patogum\u0105 mezgant ma\u017eas apimtis, nes leid\u017eia nat\u016braliai laikyti virbalus ir suma\u017eina \u012ftamp\u0105 rankose. Kaip ir visi [&hellip;]","og_url":"https:\/\/happyinaknit.com\/en\/product\/addi-sockenwunder-virbalai-su-valu-25-cm\/","og_site_name":"Happyinaknit.com","article_modified_time":"2026-04-06T12:57:39+00:00","og_image":[{"width":900,"height":900,"url":"https:\/\/happyinaknit.com\/wp-content\/uploads\/2025\/10\/addi-sockwonder-2_1.jpg.webp","type":"image\/webp"}],"twitter_card":"summary_large_image","twitter_misc":{"Est. reading time":"1 minute"},"schema":{"@context":"https:\/\/schema.org","@graph":[{"@type":"WebPage","@id":"https:\/\/happyinaknit.com\/produktas\/addi-sockenwunder-virbalai-su-valu-25-cm\/","url":"https:\/\/happyinaknit.com\/produktas\/addi-sockenwunder-virbalai-su-valu-25-cm\/","name":"Addi Sockenwunder virbalai su valu 25 cm - Happyinaknit.com","isPartOf":{"@id":"https:\/\/happyinaknit.com\/lt\/#website"},"primaryImageOfPage":{"@id":"https:\/\/happyinaknit.com\/produktas\/addi-sockenwunder-virbalai-su-valu-25-cm\/#primaryimage"},"image":{"@id":"https:\/\/happyinaknit.com\/produktas\/addi-sockenwunder-virbalai-su-valu-25-cm\/#primaryimage"},"thumbnailUrl":"https:\/\/happyinaknit.com\/wp-content\/uploads\/2025\/10\/addi-sockwonder-2_1.jpg.webp","datePublished":"2025-10-19T14:14:00+00:00","dateModified":"2026-04-06T12:57:39+00:00","breadcrumb":{"@id":"https:\/\/happyinaknit.com\/produktas\/addi-sockenwunder-virbalai-su-valu-25-cm\/#breadcrumb"},"inLanguage":"en-US","potentialAction":[{"@type":"ReadAction","target":["https:\/\/happyinaknit.com\/produktas\/addi-sockenwunder-virbalai-su-valu-25-cm\/"]}]},{"@type":"ImageObject","inLanguage":"en-US","@id":"https:\/\/happyinaknit.com\/produktas\/addi-sockenwunder-virbalai-su-valu-25-cm\/#primaryimage","url":"https:\/\/happyinaknit.com\/wp-content\/uploads\/2025\/10\/addi-sockwonder-2_1.jpg.webp","contentUrl":"https:\/\/happyinaknit.com\/wp-content\/uploads\/2025\/10\/addi-sockwonder-2_1.jpg.webp","width":900,"height":900},{"@type":"BreadcrumbList","@id":"https:\/\/happyinaknit.com\/produktas\/addi-sockenwunder-virbalai-su-valu-25-cm\/#breadcrumb","itemListElement":[{"@type":"ListItem","position":1,"name":"Home","item":"https:\/\/happyinaknit.com\/lt\/"},{"@type":"ListItem","position":2,"name":"Parduotuv\u0117","item":"https:\/\/happyinaknit.com\/lt\/parduotuve\/"},{"@type":"ListItem","position":3,"name":"Addi Sockenwunder virbalai su valu 25 cm"}]},{"@type":"WebSite","@id":"https:\/\/happyinaknit.com\/lt\/#website","url":"https:\/\/happyinaknit.com\/lt\/","name":"Happyinaknit.com","description":"","potentialAction":[{"@type":"SearchAction","target":{"@type":"EntryPoint","urlTemplate":"https:\/\/happyinaknit.com\/lt\/?s={search_term_string}"},"query-input":{"@type":"PropertyValueSpecification","valueRequired":true,"valueName":"search_term_string"}}],"inLanguage":"en-US"}]}},"_links":{"self":[{"href":"https:\/\/happyinaknit.com\/en\/wp-json\/wp\/v2\/product\/6509","targetHints":{"allow":["GET"]}}],"collection":[{"href":"https:\/\/happyinaknit.com\/en\/wp-json\/wp\/v2\/product"}],"about":[{"href":"https:\/\/happyinaknit.com\/en\/wp-json\/wp\/v2\/types\/product"}],"replies":[{"embeddable":true,"href":"https:\/\/happyinaknit.com\/en\/wp-json\/wp\/v2\/comments?post=6509"}],"wp:featuredmedia":[{"embeddable":true,"href":"https:\/\/happyinaknit.com\/en\/wp-json\/wp\/v2\/media\/6512"}],"wp:attachment":[{"href":"https:\/\/happyinaknit.com\/en\/wp-json\/wp\/v2\/media?parent=6509"}],"wp:term":[{"taxonomy":"product_brand","embeddable":true,"href":"https:\/\/happyinaknit.com\/en\/wp-json\/wp\/v2\/product_brand?post=6509"},{"taxonomy":"product_cat","embeddable":true,"href":"https:\/\/happyinaknit.com\/en\/wp-json\/wp\/v2\/product_cat?post=6509"},{"taxonomy":"product_tag","embeddable":true,"href":"https:\/\/happyinaknit.com\/en\/wp-json\/wp\/v2\/product_tag?post=6509"},{"taxonomy":"pro-kategorijos","embeddable":true,"href":"https:\/\/happyinaknit.com\/en\/wp-json\/wp\/v2\/pro-kategorijos?post=6509"}],"curies":[{"name":"wp","href":"https:\/\/api.w.org\/{rel}","templated":true}]}}