{"id":6504,"date":"2025-10-19T14:04:10","date_gmt":"2025-10-19T14:04:10","guid":{"rendered":"https:\/\/happyinaknit.com\/?post_type=product&#038;p=6504"},"modified":"2025-10-28T13:48:38","modified_gmt":"2025-10-28T13:48:38","slug":"addi-virbalai-su-valu-40-80-cm","status":"publish","type":"product","link":"https:\/\/happyinaknit.com\/en\/product\/addi-virbalai-su-valu-40-80-cm\/","title":{"rendered":"Addi Classic Lace Circular Knitting Needles 40\/80 cm"},"content":{"rendered":"<p>High quality <b>Addi rods with line<\/b> and <b>with elongated tips<\/b> \u2013 an excellent choice for knitting with thin yarns, where special precision and easy thread glide are required. These needles are characterized by <b>ideal transition<\/b> from the needle to the line, making knitting extremely smooth.<\/p>\n<p>The hollow construction allows the needles to warm up quickly from your hands, and the ultra-smooth surface finish provides maximum comfort. In addition, Addi needles are connected <b>without glue<\/b>, and each of them passes even <b>25 stages of production and quality control<\/b> \u2013 this is a guarantee of German quality.<\/p>\n<p>Made in Germany.<\/p>\n<p><b>Material:<\/b> metal (hollow)<\/p>\n<p><b>Tips:<\/b> elongated, pointed<\/p>\n<p><b>Line:<\/b> flexible plastic line, firmly connected without glue<\/p>\n<p><b>Features:<\/b> extremely smooth surface, perfect transition, fast-heating needles<\/p>\n<p><b>Note:<\/b> Color shades may vary slightly depending on your device&#039;s screen.<\/p>","protected":false},"excerpt":{"rendered":"<p>Auk\u0161tos kokyb\u0117s Addi virbalai su valu ir pailgais antgaliais \u2013 puikus pasirinkimas mezgant i\u0161 plon\u0173 si\u016bl\u0173, kur reikalingas ypatingas tikslumas ir lengvas si\u016bl\u0173 slydimas. \u0160ie virbalai pasi\u017eymi idealiu per\u0117jimu nuo virbalo prie valo, tod\u0117l mezgimas tampa itin sklandus. Tu\u0161\u010diavidur\u0117 konstrukcija leid\u017eia virbalams greitai \u012f\u0161ilti nuo rank\u0173, o ypa\u010d lygi pavir\u0161iaus apdaila suteikia maksimal\u0173 komfort\u0105. Be [&hellip;]<\/p>\n","protected":false},"featured_media":6507,"comment_status":"open","ping_status":"closed","template":"","meta":{"_acf_changed":false},"product_brand":[786],"product_cat":[15,19,862],"product_tag":[],"pro-kategorijos":[],"class_list":{"0":"post-6504","1":"product","2":"type-product","3":"status-publish","4":"has-post-thumbnail","6":"product_brand-addi","7":"product_cat-visi-produktai","8":"product_cat-mezgimo-priemones","9":"product_cat-virbalai-su-valu","11":"first","12":"instock","13":"shipping-taxable","14":"purchasable","15":"product-type-variable"},"acf":[],"yoast_head":"<!-- This site is optimized with the Yoast SEO plugin v26.8 - https:\/\/yoast.com\/product\/yoast-seo-wordpress\/ -->\n<title>Addi Virbalai Su Valu 40\/80 cm - Happyinaknit.com<\/title>\n<meta name=\"robots\" content=\"index, follow, max-snippet:-1, max-image-preview:large, max-video-preview:-1\" \/>\n<link rel=\"canonical\" href=\"https:\/\/happyinaknit.com\/en\/product\/addi-virbalai-su-valu-40-80-cm\/\" \/>\n<meta property=\"og:locale\" content=\"en_US\" \/>\n<meta property=\"og:type\" content=\"article\" \/>\n<meta property=\"og:title\" content=\"Addi Virbalai Su Valu 40\/80 cm - Happyinaknit.com\" \/>\n<meta property=\"og:description\" content=\"Auk\u0161tos kokyb\u0117s Addi virbalai su valu ir pailgais antgaliais \u2013 puikus pasirinkimas mezgant i\u0161 plon\u0173 si\u016bl\u0173, kur reikalingas ypatingas tikslumas ir lengvas si\u016bl\u0173 slydimas. \u0160ie virbalai pasi\u017eymi idealiu per\u0117jimu nuo virbalo prie valo, tod\u0117l mezgimas tampa itin sklandus. Tu\u0161\u010diavidur\u0117 konstrukcija leid\u017eia virbalams greitai \u012f\u0161ilti nuo rank\u0173, o ypa\u010d lygi pavir\u0161iaus apdaila suteikia maksimal\u0173 komfort\u0105. Be [&hellip;]\" \/>\n<meta property=\"og:url\" content=\"https:\/\/happyinaknit.com\/en\/product\/addi-virbalai-su-valu-40-80-cm\/\" \/>\n<meta property=\"og:site_name\" content=\"Happyinaknit.com\" \/>\n<meta property=\"article:modified_time\" content=\"2025-10-28T13:48:38+00:00\" \/>\n<meta property=\"og:image\" content=\"https:\/\/happyinaknit.com\/wp-content\/uploads\/2025\/10\/41QdqHSrDtL._UF10001000_QL80_.jpg\" \/>\n\t<meta property=\"og:image:width\" content=\"1000\" \/>\n\t<meta property=\"og:image:height\" content=\"1000\" \/>\n\t<meta property=\"og:image:type\" content=\"image\/jpeg\" \/>\n<meta name=\"twitter:card\" content=\"summary_large_image\" \/>\n<meta name=\"twitter:label1\" content=\"Est. reading time\" \/>\n\t<meta name=\"twitter:data1\" content=\"1 minute\" \/>\n<script type=\"application\/ld+json\" class=\"yoast-schema-graph\">{\"@context\":\"https:\/\/schema.org\",\"@graph\":[{\"@type\":\"WebPage\",\"@id\":\"https:\/\/happyinaknit.com\/produktas\/addi-virbalai-su-valu-40-80-cm\/\",\"url\":\"https:\/\/happyinaknit.com\/produktas\/addi-virbalai-su-valu-40-80-cm\/\",\"name\":\"Addi Virbalai Su Valu 40\/80 cm - Happyinaknit.com\",\"isPartOf\":{\"@id\":\"https:\/\/happyinaknit.com\/lt\/#website\"},\"primaryImageOfPage\":{\"@id\":\"https:\/\/happyinaknit.com\/produktas\/addi-virbalai-su-valu-40-80-cm\/#primaryimage\"},\"image\":{\"@id\":\"https:\/\/happyinaknit.com\/produktas\/addi-virbalai-su-valu-40-80-cm\/#primaryimage\"},\"thumbnailUrl\":\"https:\/\/happyinaknit.com\/wp-content\/uploads\/2025\/10\/41QdqHSrDtL._UF10001000_QL80_.jpg\",\"datePublished\":\"2025-10-19T14:04:10+00:00\",\"dateModified\":\"2025-10-28T13:48:38+00:00\",\"breadcrumb\":{\"@id\":\"https:\/\/happyinaknit.com\/produktas\/addi-virbalai-su-valu-40-80-cm\/#breadcrumb\"},\"inLanguage\":\"en-US\",\"potentialAction\":[{\"@type\":\"ReadAction\",\"target\":[\"https:\/\/happyinaknit.com\/produktas\/addi-virbalai-su-valu-40-80-cm\/\"]}]},{\"@type\":\"ImageObject\",\"inLanguage\":\"en-US\",\"@id\":\"https:\/\/happyinaknit.com\/produktas\/addi-virbalai-su-valu-40-80-cm\/#primaryimage\",\"url\":\"https:\/\/happyinaknit.com\/wp-content\/uploads\/2025\/10\/41QdqHSrDtL._UF10001000_QL80_.jpg\",\"contentUrl\":\"https:\/\/happyinaknit.com\/wp-content\/uploads\/2025\/10\/41QdqHSrDtL._UF10001000_QL80_.jpg\",\"width\":1000,\"height\":1000},{\"@type\":\"BreadcrumbList\",\"@id\":\"https:\/\/happyinaknit.com\/produktas\/addi-virbalai-su-valu-40-80-cm\/#breadcrumb\",\"itemListElement\":[{\"@type\":\"ListItem\",\"position\":1,\"name\":\"Home\",\"item\":\"https:\/\/happyinaknit.com\/lt\/\"},{\"@type\":\"ListItem\",\"position\":2,\"name\":\"Parduotuv\u0117\",\"item\":\"https:\/\/happyinaknit.com\/lt\/parduotuve\/\"},{\"@type\":\"ListItem\",\"position\":3,\"name\":\"Addi Virbalai Su Valu 40\/80 cm\"}]},{\"@type\":\"WebSite\",\"@id\":\"https:\/\/happyinaknit.com\/lt\/#website\",\"url\":\"https:\/\/happyinaknit.com\/lt\/\",\"name\":\"Happyinaknit.com\",\"description\":\"\",\"potentialAction\":[{\"@type\":\"SearchAction\",\"target\":{\"@type\":\"EntryPoint\",\"urlTemplate\":\"https:\/\/happyinaknit.com\/lt\/?s={search_term_string}\"},\"query-input\":{\"@type\":\"PropertyValueSpecification\",\"valueRequired\":true,\"valueName\":\"search_term_string\"}}],\"inLanguage\":\"en-US\"}]}<\/script>\n<!-- \/ Yoast SEO plugin. -->","yoast_head_json":{"title":"Addi Virbalai Su Valu 40\/80 cm - Happyinaknit.com","robots":{"index":"index","follow":"follow","max-snippet":"max-snippet:-1","max-image-preview":"max-image-preview:large","max-video-preview":"max-video-preview:-1"},"canonical":"https:\/\/happyinaknit.com\/en\/product\/addi-virbalai-su-valu-40-80-cm\/","og_locale":"en_US","og_type":"article","og_title":"Addi Virbalai Su Valu 40\/80 cm - Happyinaknit.com","og_description":"Auk\u0161tos kokyb\u0117s Addi virbalai su valu ir pailgais antgaliais \u2013 puikus pasirinkimas mezgant i\u0161 plon\u0173 si\u016bl\u0173, kur reikalingas ypatingas tikslumas ir lengvas si\u016bl\u0173 slydimas. \u0160ie virbalai pasi\u017eymi idealiu per\u0117jimu nuo virbalo prie valo, tod\u0117l mezgimas tampa itin sklandus. Tu\u0161\u010diavidur\u0117 konstrukcija leid\u017eia virbalams greitai \u012f\u0161ilti nuo rank\u0173, o ypa\u010d lygi pavir\u0161iaus apdaila suteikia maksimal\u0173 komfort\u0105. Be [&hellip;]","og_url":"https:\/\/happyinaknit.com\/en\/product\/addi-virbalai-su-valu-40-80-cm\/","og_site_name":"Happyinaknit.com","article_modified_time":"2025-10-28T13:48:38+00:00","og_image":[{"width":1000,"height":1000,"url":"https:\/\/happyinaknit.com\/wp-content\/uploads\/2025\/10\/41QdqHSrDtL._UF10001000_QL80_.jpg","type":"image\/jpeg"}],"twitter_card":"summary_large_image","twitter_misc":{"Est. reading time":"1 minute"},"schema":{"@context":"https:\/\/schema.org","@graph":[{"@type":"WebPage","@id":"https:\/\/happyinaknit.com\/produktas\/addi-virbalai-su-valu-40-80-cm\/","url":"https:\/\/happyinaknit.com\/produktas\/addi-virbalai-su-valu-40-80-cm\/","name":"Addi Virbalai Su Valu 40\/80 cm - Happyinaknit.com","isPartOf":{"@id":"https:\/\/happyinaknit.com\/lt\/#website"},"primaryImageOfPage":{"@id":"https:\/\/happyinaknit.com\/produktas\/addi-virbalai-su-valu-40-80-cm\/#primaryimage"},"image":{"@id":"https:\/\/happyinaknit.com\/produktas\/addi-virbalai-su-valu-40-80-cm\/#primaryimage"},"thumbnailUrl":"https:\/\/happyinaknit.com\/wp-content\/uploads\/2025\/10\/41QdqHSrDtL._UF10001000_QL80_.jpg","datePublished":"2025-10-19T14:04:10+00:00","dateModified":"2025-10-28T13:48:38+00:00","breadcrumb":{"@id":"https:\/\/happyinaknit.com\/produktas\/addi-virbalai-su-valu-40-80-cm\/#breadcrumb"},"inLanguage":"en-US","potentialAction":[{"@type":"ReadAction","target":["https:\/\/happyinaknit.com\/produktas\/addi-virbalai-su-valu-40-80-cm\/"]}]},{"@type":"ImageObject","inLanguage":"en-US","@id":"https:\/\/happyinaknit.com\/produktas\/addi-virbalai-su-valu-40-80-cm\/#primaryimage","url":"https:\/\/happyinaknit.com\/wp-content\/uploads\/2025\/10\/41QdqHSrDtL._UF10001000_QL80_.jpg","contentUrl":"https:\/\/happyinaknit.com\/wp-content\/uploads\/2025\/10\/41QdqHSrDtL._UF10001000_QL80_.jpg","width":1000,"height":1000},{"@type":"BreadcrumbList","@id":"https:\/\/happyinaknit.com\/produktas\/addi-virbalai-su-valu-40-80-cm\/#breadcrumb","itemListElement":[{"@type":"ListItem","position":1,"name":"Home","item":"https:\/\/happyinaknit.com\/lt\/"},{"@type":"ListItem","position":2,"name":"Parduotuv\u0117","item":"https:\/\/happyinaknit.com\/lt\/parduotuve\/"},{"@type":"ListItem","position":3,"name":"Addi Virbalai Su Valu 40\/80 cm"}]},{"@type":"WebSite","@id":"https:\/\/happyinaknit.com\/lt\/#website","url":"https:\/\/happyinaknit.com\/lt\/","name":"Happyinaknit.com","description":"","potentialAction":[{"@type":"SearchAction","target":{"@type":"EntryPoint","urlTemplate":"https:\/\/happyinaknit.com\/lt\/?s={search_term_string}"},"query-input":{"@type":"PropertyValueSpecification","valueRequired":true,"valueName":"search_term_string"}}],"inLanguage":"en-US"}]}},"_links":{"self":[{"href":"https:\/\/happyinaknit.com\/en\/wp-json\/wp\/v2\/product\/6504","targetHints":{"allow":["GET"]}}],"collection":[{"href":"https:\/\/happyinaknit.com\/en\/wp-json\/wp\/v2\/product"}],"about":[{"href":"https:\/\/happyinaknit.com\/en\/wp-json\/wp\/v2\/types\/product"}],"replies":[{"embeddable":true,"href":"https:\/\/happyinaknit.com\/en\/wp-json\/wp\/v2\/comments?post=6504"}],"wp:featuredmedia":[{"embeddable":true,"href":"https:\/\/happyinaknit.com\/en\/wp-json\/wp\/v2\/media\/6507"}],"wp:attachment":[{"href":"https:\/\/happyinaknit.com\/en\/wp-json\/wp\/v2\/media?parent=6504"}],"wp:term":[{"taxonomy":"product_brand","embeddable":true,"href":"https:\/\/happyinaknit.com\/en\/wp-json\/wp\/v2\/product_brand?post=6504"},{"taxonomy":"product_cat","embeddable":true,"href":"https:\/\/happyinaknit.com\/en\/wp-json\/wp\/v2\/product_cat?post=6504"},{"taxonomy":"product_tag","embeddable":true,"href":"https:\/\/happyinaknit.com\/en\/wp-json\/wp\/v2\/product_tag?post=6504"},{"taxonomy":"pro-kategorijos","embeddable":true,"href":"https:\/\/happyinaknit.com\/en\/wp-json\/wp\/v2\/pro-kategorijos?post=6504"}],"curies":[{"name":"wp","href":"https:\/\/api.w.org\/{rel}","templated":true}]}}